{"id":13261,"date":"2025-04-23T09:22:01","date_gmt":"2025-04-23T09:22:01","guid":{"rendered":"https:\/\/kurita-eu-gudza2cjbzfhcwbx.francecentral-01.azurewebsites.net\/?page_id=13261"},"modified":"2025-09-25T10:18:32","modified_gmt":"2025-09-25T10:18:32","slug":"kontaktujte-nas","status":"publish","type":"page","link":"https:\/\/www.kurita.eu\/cs\/contact-us\/","title":{"rendered":"Kontaktujte n\u00e1s"},"content":{"rendered":"<div data-elementor-type=\"wp-page\" data-elementor-id=\"13261\" class=\"elementor elementor-13261\" data-elementor-post-type=\"page\">\n\t\t\t\t\t\t<section class=\"elementor-section elementor-top-section elementor-element elementor-element-7de4b6d3 elementor-section-boxed elementor-section-height-default elementor-section-height-default\" data-id=\"7de4b6d3\" data-element_type=\"section\" data-e-type=\"section\">\n\t\t\t\t\t\t<div class=\"elementor-container elementor-column-gap-default\">\n\t\t\t\t\t<div class=\"elementor-column elementor-col-50 elementor-top-column elementor-element elementor-element-35cae3d8\" data-id=\"35cae3d8\" data-element_type=\"column\" data-e-type=\"column\">\n\t\t\t<div class=\"elementor-widget-wrap elementor-element-populated\">\n\t\t\t\t\t\t<div class=\"elementor-element elementor-element-73a656ab elementor-widget elementor-widget-heading\" data-id=\"73a656ab\" data-element_type=\"widget\" data-e-type=\"widget\" data-widget_type=\"heading.default\">\n\t\t\t\t<div class=\"elementor-widget-container\">\n\t\t\t\t\t<h1 class=\"elementor-heading-title elementor-size-default\">Jak v\u00e1m m\u016f\u017eeme pomoci?<\/h1>\t\t\t\t<\/div>\n\t\t\t\t<\/div>\n\t\t\t\t<div class=\"elementor-element elementor-element-5bbfcb0b elementor-widget elementor-widget-text-editor\" data-id=\"5bbfcb0b\" data-element_type=\"widget\" data-e-type=\"widget\" data-widget_type=\"text-editor.default\">\n\t\t\t\t<div class=\"elementor-widget-container\">\n\t\t\t\t\t\t\t\t\t<p>Jsme tu, abychom v\u00e1m pomohli! Pokud m\u00e1te jak\u00e9koli dotazy nebo obavy, nev\u00e1hejte se na n\u00e1s obr\u00e1tit.<\/p><p>Abyste m\u011bli jistotu, \u017ee se v\u00e1\u0161 dotaz dostane ke spr\u00e1vn\u00e9 osob\u011b ve spole\u010dnosti Kurita Europe, vypl\u0148te laskav\u011b n\u00ed\u017ee uveden\u00fd formul\u00e1\u0159.\u00a0<\/p>\t\t\t\t\t\t\t\t<\/div>\n\t\t\t\t<\/div>\n\t\t\t\t<div class=\"elementor-element elementor-element-55c6c6cd elementor-widget__width-initial elementor-widget elementor-widget-html\" data-id=\"55c6c6cd\" data-element_type=\"widget\" data-e-type=\"widget\" data-widget_type=\"html.default\">\n\t\t\t\t<div class=\"elementor-widget-container\">\n\t\t\t\t\t<div\r\n        data-form-id='f4d0a8e4-73ce-ef11-b8e8-000d3ab41b62'\r\n        data-form-api-url='https:\/\/public-eur.mkt.dynamics.com\/api\/v1.0\/orgs\/30cac5a2-33f9-ed11-a66d-000d3a64d748\/landingpageforms'\r\n        data-cached-form-url='https:\/\/assets-eur.mkt.dynamics.com\/30cac5a2-33f9-ed11-a66d-000d3a64d748\/digitalassets\/forms\/f4d0a8e4-73ce-ef11-b8e8-000d3ab41b62' ><\/div>\r\n        <script src = 'https:\/\/cxppusa1formui01cdnsa01-endpoint.azureedge.net\/eur\/FormLoader\/FormLoader.bundle.js' ><\/script>\r\n        <script>document.documentElement.lang = navigator.language;<\/script>\t\t\t\t<\/div>\n\t\t\t\t<\/div>\n\t\t\t\t<div class=\"elementor-element elementor-element-15bf30c8 elementor-widget__width-initial elementor-widget elementor-widget-text-editor\" data-id=\"15bf30c8\" data-element_type=\"widget\" data-e-type=\"widget\" data-widget_type=\"text-editor.default\">\n\t\t\t\t<div class=\"elementor-widget-container\">\n\t\t\t\t\t\t\t\t\t<p>Va\u0161e osobn\u00ed \u00fadaje z\u016fstanou d\u016fv\u011brn\u00e9 a nebudou poskytnuty \u017e\u00e1dn\u00e9 t\u0159et\u00ed stran\u011b. P\u0159e\u010dt\u011bte si pros\u00edm na\u0161e\u00a0<a href=\"https:\/\/www.kurita.eu\/cs\/zasady-ochrany-osobnich-udaju\/\" target=\"_blank\" rel=\"noopener\">Z\u00e1sady ochrany osobn\u00edch \u00fadaj\u016f<\/a>\u00a0informace o tom, jak nakl\u00e1d\u00e1me s va\u0161imi \u00fadaji a jak\u00e1 jsou va\u0161e pr\u00e1va.<\/p>\t\t\t\t\t\t\t\t<\/div>\n\t\t\t\t<\/div>\n\t\t\t\t\t<\/div>\n\t\t<\/div>\n\t\t\t\t<div class=\"elementor-column elementor-col-50 elementor-top-column elementor-element elementor-element-7d3d6eb4\" data-id=\"7d3d6eb4\" data-element_type=\"column\" data-e-type=\"column\">\n\t\t\t<div class=\"elementor-widget-wrap elementor-element-populated\">\n\t\t\t\t\t\t<div class=\"elementor-element elementor-element-43b96066 elementor-widget elementor-widget-text-editor\" data-id=\"43b96066\" data-element_type=\"widget\" data-e-type=\"widget\" data-widget_type=\"text-editor.default\">\n\t\t\t\t<div class=\"elementor-widget-container\">\n\t\t\t\t\t\t\t\t\t<h4>S\u00eddlo <br \/>Kurita Europe GmbH<\/h4><div class=\"elementor-flip-box__layer__description\"><p>Theodor-Heuss-Anlage 2<br \/>68165 Mannheim<br \/>N\u011bmecko<\/p><p>Telefon: +49 621 1218 3000<br \/>Fax: +49 621 1218 3600<br \/>E-mail: <a href=\"mailto:kuritaeurope@kurita-water.com\" target=\"_blank\" rel=\"noopener\"><strong>kuritaeurope@kurita-water.com<\/strong><\/a><\/p><\/div>\t\t\t\t\t\t\t\t<\/div>\n\t\t\t\t<\/div>\n\t\t\t\t\t<\/div>\n\t\t<\/div>\n\t\t\t\t\t<\/div>\n\t\t<\/section>\n\t\t\t\t<\/div>","protected":false},"excerpt":{"rendered":"<p>Logo Kurita<\/p>","protected":false},"author":2,"featured_media":16472,"parent":0,"menu_order":0,"comment_status":"closed","ping_status":"closed","template":"","meta":{"footnotes":""},"class_list":["post-13261","page","type-page","status-publish","has-post-thumbnail","hentry"],"yoast_head":"<!-- This site is optimized with the Yoast SEO plugin v27.3 - https:\/\/yoast.com\/product\/yoast-seo-wordpress\/ -->\n<title>Contact us - Kurita Europe<\/title>\n<meta name=\"description\" content=\"Kurita Europe contact information. Find contact details, office locations, and support for water treatment solutions and services.\" \/>\n<meta name=\"robots\" content=\"index, follow, max-snippet:-1, max-image-preview:large, max-video-preview:-1\" \/>\n<link rel=\"canonical\" href=\"https:\/\/www.kurita.eu\/cs\/kontaktujte-nas\/\" \/>\n<meta property=\"og:locale\" content=\"cs_CZ\" \/>\n<meta property=\"og:type\" content=\"article\" \/>\n<meta property=\"og:title\" content=\"Contact us - Kurita Europe\" \/>\n<meta property=\"og:description\" content=\"Kurita Europe contact information. Find contact details, office locations, and support for water treatment solutions and services.\" \/>\n<meta property=\"og:url\" content=\"https:\/\/www.kurita.eu\/cs\/kontaktujte-nas\/\" \/>\n<meta property=\"og:site_name\" content=\"Kurita Europe\" \/>\n<meta property=\"article:modified_time\" content=\"2025-09-25T10:18:32+00:00\" \/>\n<meta property=\"og:image\" content=\"https:\/\/www.kurita.eu\/wp-content\/uploads\/2025\/07\/kurita-favicon-512x512-1.png\" \/>\n\t<meta property=\"og:image:width\" content=\"512\" \/>\n\t<meta property=\"og:image:height\" content=\"512\" \/>\n\t<meta property=\"og:image:type\" content=\"image\/png\" \/>\n<meta name=\"twitter:card\" content=\"summary_large_image\" \/>\n<meta name=\"twitter:site\" content=\"@KuritaGlobal\" \/>\n<meta name=\"twitter:label1\" content=\"Odhadovan\u00e1 doba \u010dten\u00ed\" \/>\n\t<meta name=\"twitter:data1\" content=\"1 minuta\" \/>\n<script type=\"application\/ld+json\" class=\"yoast-schema-graph\">{\"@context\":\"https:\\\/\\\/schema.org\",\"@graph\":[{\"@type\":\"WebPage\",\"@id\":\"https:\\\/\\\/www.kurita.eu\\\/de\\\/kontaktieren-sie-uns\\\/\",\"url\":\"https:\\\/\\\/www.kurita.eu\\\/de\\\/kontaktieren-sie-uns\\\/\",\"name\":\"Contact us - Kurita Europe\",\"isPartOf\":{\"@id\":\"https:\\\/\\\/www.kurita.eu\\\/se\\\/#website\"},\"primaryImageOfPage\":{\"@id\":\"https:\\\/\\\/www.kurita.eu\\\/de\\\/kontaktieren-sie-uns\\\/#primaryimage\"},\"image\":{\"@id\":\"https:\\\/\\\/www.kurita.eu\\\/de\\\/kontaktieren-sie-uns\\\/#primaryimage\"},\"thumbnailUrl\":\"\\\/wp-content\\\/uploads\\\/2025\\\/07\\\/kurita-favicon-512x512-1.png\",\"datePublished\":\"2025-04-23T09:22:01+00:00\",\"dateModified\":\"2025-09-25T10:18:32+00:00\",\"description\":\"Kurita Europe contact information. Find contact details, office locations, and support for water treatment solutions and services.\",\"breadcrumb\":{\"@id\":\"https:\\\/\\\/www.kurita.eu\\\/de\\\/kontaktieren-sie-uns\\\/#breadcrumb\"},\"inLanguage\":\"cs\",\"potentialAction\":[{\"@type\":\"ReadAction\",\"target\":[\"https:\\\/\\\/www.kurita.eu\\\/de\\\/kontaktieren-sie-uns\\\/\"]}]},{\"@type\":\"ImageObject\",\"inLanguage\":\"cs\",\"@id\":\"https:\\\/\\\/www.kurita.eu\\\/de\\\/kontaktieren-sie-uns\\\/#primaryimage\",\"url\":\"\\\/wp-content\\\/uploads\\\/2025\\\/07\\\/kurita-favicon-512x512-1.png\",\"contentUrl\":\"\\\/wp-content\\\/uploads\\\/2025\\\/07\\\/kurita-favicon-512x512-1.png\",\"width\":512,\"height\":512},{\"@type\":\"BreadcrumbList\",\"@id\":\"https:\\\/\\\/www.kurita.eu\\\/de\\\/kontaktieren-sie-uns\\\/#breadcrumb\",\"itemListElement\":[{\"@type\":\"ListItem\",\"position\":1,\"name\":\"Home\",\"item\":\"https:\\\/\\\/www.kurita.eu\\\/de\\\/\"},{\"@type\":\"ListItem\",\"position\":2,\"name\":\"Contact us\"}]},{\"@type\":\"WebSite\",\"@id\":\"https:\\\/\\\/www.kurita.eu\\\/se\\\/#website\",\"url\":\"https:\\\/\\\/www.kurita.eu\\\/se\\\/\",\"name\":\"Kurita Europe\",\"description\":\"Water Treatment Solutions\",\"publisher\":{\"@id\":\"https:\\\/\\\/www.kurita.eu\\\/se\\\/#organization\"},\"potentialAction\":[{\"@type\":\"SearchAction\",\"target\":{\"@type\":\"EntryPoint\",\"urlTemplate\":\"https:\\\/\\\/www.kurita.eu\\\/se\\\/?s={search_term_string}\"},\"query-input\":{\"@type\":\"PropertyValueSpecification\",\"valueRequired\":true,\"valueName\":\"search_term_string\"}}],\"inLanguage\":\"cs\"},{\"@type\":\"Organization\",\"@id\":\"https:\\\/\\\/www.kurita.eu\\\/se\\\/#organization\",\"name\":\"Kurita Europe\",\"url\":\"https:\\\/\\\/www.kurita.eu\\\/se\\\/\",\"logo\":{\"@type\":\"ImageObject\",\"inLanguage\":\"cs\",\"@id\":\"https:\\\/\\\/www.kurita.eu\\\/se\\\/#\\\/schema\\\/logo\\\/image\\\/\",\"url\":\"\\\/wp-content\\\/uploads\\\/2025\\\/05\\\/cropped-brand_mark_horizon_blue.png\",\"contentUrl\":\"\\\/wp-content\\\/uploads\\\/2025\\\/05\\\/cropped-brand_mark_horizon_blue.png\",\"width\":712,\"height\":204,\"caption\":\"Kurita Europe\"},\"image\":{\"@id\":\"https:\\\/\\\/www.kurita.eu\\\/se\\\/#\\\/schema\\\/logo\\\/image\\\/\"},\"sameAs\":[\"https:\\\/\\\/x.com\\\/KuritaGlobal\",\"https:\\\/\\\/www.linkedin.com\\\/company\\\/kurita\\\/\"]}]}<\/script>\n<!-- \/ Yoast SEO plugin. -->","yoast_head_json":{"title":"Kontaktujte n\u00e1s - Kurita Europe","description":"Kontaktn\u00ed informace spole\u010dnosti Kurita Europe. Najd\u011bte kontaktn\u00ed \u00fadaje, um\u00edst\u011bn\u00ed kancel\u00e1\u0159\u00ed a podporu pro \u0159e\u0161en\u00ed a slu\u017eby v oblasti \u00fapravy vody.","robots":{"index":"index","follow":"follow","max-snippet":"max-snippet:-1","max-image-preview":"max-image-preview:large","max-video-preview":"max-video-preview:-1"},"canonical":"https:\/\/www.kurita.eu\/cs\/kontaktujte-nas\/","og_locale":"cs_CZ","og_type":"article","og_title":"Contact us - Kurita Europe","og_description":"Kurita Europe contact information. Find contact details, office locations, and support for water treatment solutions and services.","og_url":"https:\/\/www.kurita.eu\/cs\/kontaktujte-nas\/","og_site_name":"Kurita Europe","article_modified_time":"2025-09-25T10:18:32+00:00","og_image":[{"width":512,"height":512,"url":"https:\/\/www.kurita.eu\/wp-content\/uploads\/2025\/07\/kurita-favicon-512x512-1.png","type":"image\/png"}],"twitter_card":"summary_large_image","twitter_site":"@KuritaGlobal","twitter_misc":{"Odhadovan\u00e1 doba \u010dten\u00ed":"1 minuta"},"schema":{"@context":"https:\/\/schema.org","@graph":[{"@type":"WebPage","@id":"https:\/\/www.kurita.eu\/de\/kontaktieren-sie-uns\/","url":"https:\/\/www.kurita.eu\/de\/kontaktieren-sie-uns\/","name":"Kontaktujte n\u00e1s - Kurita Europe","isPartOf":{"@id":"https:\/\/www.kurita.eu\/se\/#website"},"primaryImageOfPage":{"@id":"https:\/\/www.kurita.eu\/de\/kontaktieren-sie-uns\/#primaryimage"},"image":{"@id":"https:\/\/www.kurita.eu\/de\/kontaktieren-sie-uns\/#primaryimage"},"thumbnailUrl":"\/wp-content\/uploads\/2025\/07\/kurita-favicon-512x512-1.png","datePublished":"2025-04-23T09:22:01+00:00","dateModified":"2025-09-25T10:18:32+00:00","description":"Kontaktn\u00ed informace spole\u010dnosti Kurita Europe. Najd\u011bte kontaktn\u00ed \u00fadaje, um\u00edst\u011bn\u00ed kancel\u00e1\u0159\u00ed a podporu pro \u0159e\u0161en\u00ed a slu\u017eby v oblasti \u00fapravy vody.","breadcrumb":{"@id":"https:\/\/www.kurita.eu\/de\/kontaktieren-sie-uns\/#breadcrumb"},"inLanguage":"cs","potentialAction":[{"@type":"ReadAction","target":["https:\/\/www.kurita.eu\/de\/kontaktieren-sie-uns\/"]}]},{"@type":"ImageObject","inLanguage":"cs","@id":"https:\/\/www.kurita.eu\/de\/kontaktieren-sie-uns\/#primaryimage","url":"\/wp-content\/uploads\/2025\/07\/kurita-favicon-512x512-1.png","contentUrl":"\/wp-content\/uploads\/2025\/07\/kurita-favicon-512x512-1.png","width":512,"height":512},{"@type":"BreadcrumbList","@id":"https:\/\/www.kurita.eu\/de\/kontaktieren-sie-uns\/#breadcrumb","itemListElement":[{"@type":"ListItem","position":1,"name":"Home","item":"https:\/\/www.kurita.eu\/de\/"},{"@type":"ListItem","position":2,"name":"Contact us"}]},{"@type":"WebSite","@id":"https:\/\/www.kurita.eu\/se\/#website","url":"https:\/\/www.kurita.eu\/se\/","name":"Kurita Europe","description":"\u0158e\u0161en\u00ed pro \u00fapravu vody","publisher":{"@id":"https:\/\/www.kurita.eu\/se\/#organization"},"potentialAction":[{"@type":"SearchAction","target":{"@type":"EntryPoint","urlTemplate":"https:\/\/www.kurita.eu\/se\/?s={search_term_string}"},"query-input":{"@type":"PropertyValueSpecification","valueRequired":true,"valueName":"search_term_string"}}],"inLanguage":"cs"},{"@type":"Organization","@id":"https:\/\/www.kurita.eu\/se\/#organization","name":"Kurita Europe","url":"https:\/\/www.kurita.eu\/se\/","logo":{"@type":"ImageObject","inLanguage":"cs","@id":"https:\/\/www.kurita.eu\/se\/#\/schema\/logo\/image\/","url":"\/wp-content\/uploads\/2025\/05\/cropped-brand_mark_horizon_blue.png","contentUrl":"\/wp-content\/uploads\/2025\/05\/cropped-brand_mark_horizon_blue.png","width":712,"height":204,"caption":"Kurita Europe"},"image":{"@id":"https:\/\/www.kurita.eu\/se\/#\/schema\/logo\/image\/"},"sameAs":["https:\/\/x.com\/KuritaGlobal","https:\/\/www.linkedin.com\/company\/kurita\/"]}]}},"_links":{"self":[{"href":"https:\/\/www.kurita.eu\/cs\/wp-json\/wp\/v2\/pages\/13261","targetHints":{"allow":["GET"]}}],"collection":[{"href":"https:\/\/www.kurita.eu\/cs\/wp-json\/wp\/v2\/pages"}],"about":[{"href":"https:\/\/www.kurita.eu\/cs\/wp-json\/wp\/v2\/types\/page"}],"author":[{"embeddable":true,"href":"https:\/\/www.kurita.eu\/cs\/wp-json\/wp\/v2\/users\/2"}],"replies":[{"embeddable":true,"href":"https:\/\/www.kurita.eu\/cs\/wp-json\/wp\/v2\/comments?post=13261"}],"version-history":[{"count":6,"href":"https:\/\/www.kurita.eu\/cs\/wp-json\/wp\/v2\/pages\/13261\/revisions"}],"predecessor-version":[{"id":18846,"href":"https:\/\/www.kurita.eu\/cs\/wp-json\/wp\/v2\/pages\/13261\/revisions\/18846"}],"wp:featuredmedia":[{"embeddable":true,"href":"https:\/\/www.kurita.eu\/cs\/wp-json\/wp\/v2\/media\/16472"}],"wp:attachment":[{"href":"https:\/\/www.kurita.eu\/cs\/wp-json\/wp\/v2\/media?parent=13261"}],"curies":[{"name":"wp","href":"https:\/\/api.w.org\/{rel}","templated":true}]}}