{"id":13385,"date":"2025-04-23T10:38:42","date_gmt":"2025-04-23T10:38:42","guid":{"rendered":"https:\/\/kurita-eu-gudza2cjbzfhcwbx.francecentral-01.azurewebsites.net\/?page_id=13385"},"modified":"2026-01-28T12:58:32","modified_gmt":"2026-01-28T12:58:32","slug":"otisk","status":"publish","type":"page","link":"https:\/\/www.kurita.eu\/cs\/imprint\/","title":{"rendered":"Otisk"},"content":{"rendered":"<div data-elementor-type=\"wp-page\" data-elementor-id=\"13385\" class=\"elementor elementor-13385\" data-elementor-post-type=\"page\">\n\t\t\t\t\t\t<section class=\"elementor-section elementor-top-section elementor-element elementor-element-104172e2 elementor-section-full_width elementor-section-height-default elementor-section-height-default\" data-id=\"104172e2\" data-element_type=\"section\" data-e-type=\"section\">\n\t\t\t\t\t\t<div class=\"elementor-container elementor-column-gap-default\">\n\t\t\t\t\t<div class=\"elementor-column elementor-col-100 elementor-top-column elementor-element elementor-element-35adc239\" data-id=\"35adc239\" data-element_type=\"column\" data-e-type=\"column\">\n\t\t\t<div class=\"elementor-widget-wrap elementor-element-populated\">\n\t\t\t\t\t\t<div class=\"elementor-element elementor-element-fbff11d elementor--h-position-center elementor--v-position-middle elementor-arrows-position-inside elementor-pagination-position-inside elementor-widget elementor-widget-slides\" data-id=\"fbff11d\" data-element_type=\"widget\" data-e-type=\"widget\" data-settings=\"{&quot;navigation&quot;:&quot;both&quot;,&quot;autoplay&quot;:&quot;yes&quot;,&quot;pause_on_hover&quot;:&quot;yes&quot;,&quot;pause_on_interaction&quot;:&quot;yes&quot;,&quot;autoplay_speed&quot;:5000,&quot;infinite&quot;:&quot;yes&quot;,&quot;transition&quot;:&quot;slide&quot;,&quot;transition_speed&quot;:500}\" data-widget_type=\"slides.default\">\n\t\t\t\t<div class=\"elementor-widget-container\">\n\t\t\t\t\t\t\t\t\t<div class=\"elementor-swiper\">\n\t\t\t\t\t<div class=\"elementor-slides-wrapper elementor-main-swiper swiper\" role=\"region\" aria-roledescription=\"carousel\" aria-label=\"Slides\" dir=\"ltr\" data-animation=\"fadeInUp\">\n\t\t\t\t<div class=\"swiper-wrapper elementor-slides\">\n\t\t\t\t\t\t\t\t\t\t<div class=\"elementor-repeater-item-4e0b9f7 swiper-slide\" role=\"group\" aria-roledescription=\"slide\"><div class=\"swiper-slide-bg elementor-ken-burns elementor-ken-burns--in\" role=\"img\" aria-label=\"New-KETC-1.jpg\"><\/div><div class=\"elementor-background-overlay\"><\/div><div class=\"swiper-slide-inner\" ><div class=\"swiper-slide-contents\"><h1 class=\"elementor-slide-heading\">Pr\u00e1vn\u00ed upozorn\u011bn\u00ed<\/h1><\/div><\/div><\/div>\t\t\t\t<\/div>\n\t\t\t\t\t\t\t<\/div>\n\t\t\t\t<\/div>\n\t\t\t\t\t\t\t\t<\/div>\n\t\t\t\t<\/div>\n\t\t\t\t\t<\/div>\n\t\t<\/div>\n\t\t\t\t\t<\/div>\n\t\t<\/section>\n\t\t\t\t<section class=\"elementor-section elementor-top-section elementor-element elementor-element-470af7ef elementor-section-boxed elementor-section-height-default elementor-section-height-default\" data-id=\"470af7ef\" data-element_type=\"section\" data-e-type=\"section\">\n\t\t\t\t\t\t<div class=\"elementor-container elementor-column-gap-default\">\n\t\t\t\t\t<div class=\"elementor-column elementor-col-100 elementor-top-column elementor-element elementor-element-79f466f4 margin-content\" data-id=\"79f466f4\" data-element_type=\"column\" data-e-type=\"column\">\n\t\t\t<div class=\"elementor-widget-wrap elementor-element-populated\">\n\t\t\t\t\t\t<div class=\"elementor-element elementor-element-c51ad65 elementor-widget elementor-widget-heading\" data-id=\"c51ad65\" data-element_type=\"widget\" data-e-type=\"widget\" data-widget_type=\"heading.default\">\n\t\t\t\t<div class=\"elementor-widget-container\">\n\t\t\t\t\t<h4 class=\"elementor-heading-title elementor-size-default\">Otisk<\/h4>\t\t\t\t<\/div>\n\t\t\t\t<\/div>\n\t\t\t\t<div class=\"elementor-element elementor-element-6cc7076a elementor-widget elementor-widget-text-editor\" data-id=\"6cc7076a\" data-element_type=\"widget\" data-e-type=\"widget\" data-widget_type=\"text-editor.default\">\n\t\t\t\t<div class=\"elementor-widget-container\">\n\t\t\t\t\t\t\t\t\t<p><strong>Kurita Europe GmbH<br \/><\/strong>Theodor-Heuss-Anlage 2<br \/>68165 Mannheim<br \/>N\u011bmecko<\/p><p>Telefon: +49 621 1218 3000<br \/>Fax: +49 621 1218 3458<br \/>E-mail: <a href=\"mailto:kuritaeurope@kurita-water.com\">kuritaeurope@kurita-water.com<\/a><\/p><p>V\u00fdkonn\u00ed \u0159editel\u00e9: Shuji Shirode | Jordi Verd\u00e9s Prieto<\/p><p>\u010c\u00edslo v obchodn\u00edm rejst\u0159\u00edku: Mannheim HRB 739244<\/p><p>DI\u010c: DE297214107<\/p><p><a href=\"https:\/\/www.kurita.eu\/cs\/zasady-ochrany-osobnich-udaju\/\">Z\u00e1sady ochrany osobn\u00edch \u00fadaj\u016f<\/a><\/p>\t\t\t\t\t\t\t\t<\/div>\n\t\t\t\t<\/div>\n\t\t\t\t\t<\/div>\n\t\t<\/div>\n\t\t\t\t\t<\/div>\n\t\t<\/section>\n\t\t\t\t<section class=\"elementor-section elementor-top-section elementor-element elementor-element-3dcf0ddb elementor-section-boxed elementor-section-height-default elementor-section-height-default\" data-id=\"3dcf0ddb\" data-element_type=\"section\" data-e-type=\"section\" data-settings=\"{&quot;background_background&quot;:&quot;classic&quot;}\">\n\t\t\t\t\t\t<div class=\"elementor-container elementor-column-gap-default\">\n\t\t\t\t\t<div class=\"elementor-column elementor-col-100 elementor-top-column elementor-element elementor-element-b5b4a5d margin-content\" data-id=\"b5b4a5d\" data-element_type=\"column\" data-e-type=\"column\">\n\t\t\t<div class=\"elementor-widget-wrap elementor-element-populated\">\n\t\t\t\t\t\t<div class=\"elementor-element elementor-element-4d822723 elementor-widget elementor-widget-heading\" data-id=\"4d822723\" data-element_type=\"widget\" data-e-type=\"widget\" data-widget_type=\"heading.default\">\n\t\t\t\t<div class=\"elementor-widget-container\">\n\t\t\t\t\t<h4 class=\"elementor-heading-title elementor-size-default\">Autorsk\u00e1 pr\u00e1va<\/h4>\t\t\t\t<\/div>\n\t\t\t\t<\/div>\n\t\t\t\t<div class=\"elementor-element elementor-element-6ea8a6fe elementor-widget elementor-widget-text-editor\" data-id=\"6ea8a6fe\" data-element_type=\"widget\" data-e-type=\"widget\" data-widget_type=\"text-editor.default\">\n\t\t\t\t<div class=\"elementor-widget-container\">\n\t\t\t\t\t\t\t\t\t<p>Publikace na t\u00e9to str\u00e1nce podl\u00e9haj\u00ed n\u011bmeck\u00fdm z\u00e1kon\u016fm o autorsk\u00fdch pr\u00e1vech. Duplikace, \u00fapravy a ve\u0161ker\u00e9 vyu\u017eit\u00ed poru\u0161uj\u00edc\u00ed autorsk\u00e1 pr\u00e1va mus\u00ed b\u00fdt p\u00edsemn\u011b schv\u00e1leny spole\u010dnost\u00ed Kurita Europe GmbH. Stahov\u00e1n\u00ed a kop\u00edrov\u00e1n\u00ed t\u00e9to str\u00e1nky nebo jej\u00edch \u010d\u00e1st\u00ed je povoleno pouze pro soukrom\u00e9, nekomer\u010dn\u00ed pou\u017eit\u00ed.<\/p>\t\t\t\t\t\t\t\t<\/div>\n\t\t\t\t<\/div>\n\t\t\t\t\t<\/div>\n\t\t<\/div>\n\t\t\t\t\t<\/div>\n\t\t<\/section>\n\t\t\t\t<section class=\"elementor-section elementor-top-section elementor-element elementor-element-6f3ad3a3 elementor-section-boxed elementor-section-height-default elementor-section-height-default\" data-id=\"6f3ad3a3\" data-element_type=\"section\" data-e-type=\"section\" data-settings=\"{&quot;background_background&quot;:&quot;classic&quot;}\">\n\t\t\t\t\t\t<div class=\"elementor-container elementor-column-gap-default\">\n\t\t\t\t\t<div class=\"elementor-column elementor-col-100 elementor-top-column elementor-element elementor-element-749869ae margin-content\" data-id=\"749869ae\" data-element_type=\"column\" data-e-type=\"column\">\n\t\t\t<div class=\"elementor-widget-wrap elementor-element-populated\">\n\t\t\t\t\t\t<div class=\"elementor-element elementor-element-75bbfc8a elementor-widget elementor-widget-heading\" data-id=\"75bbfc8a\" data-element_type=\"widget\" data-e-type=\"widget\" data-widget_type=\"heading.default\">\n\t\t\t\t<div class=\"elementor-widget-container\">\n\t\t\t\t\t<h4 class=\"elementor-heading-title elementor-size-default\">Odpov\u011bdnost za obsah<\/h4>\t\t\t\t<\/div>\n\t\t\t\t<\/div>\n\t\t\t\t<div class=\"elementor-element elementor-element-1b911312 elementor-widget elementor-widget-text-editor\" data-id=\"1b911312\" data-element_type=\"widget\" data-e-type=\"widget\" data-widget_type=\"text-editor.default\">\n\t\t\t\t<div class=\"elementor-widget-container\">\n\t\t\t\t\t\t\t\t\t<p>Spole\u010dnost Kurita nem\u016f\u017ee p\u0159evz\u00edt odpov\u011bdnost za spr\u00e1vnost obsahu a netvrd\u00ed, \u017ee je vy\u010derp\u00e1vaj\u00edc\u00ed.<\/p>\t\t\t\t\t\t\t\t<\/div>\n\t\t\t\t<\/div>\n\t\t\t\t\t<\/div>\n\t\t<\/div>\n\t\t\t\t\t<\/div>\n\t\t<\/section>\n\t\t\t\t<section class=\"elementor-section elementor-top-section elementor-element elementor-element-2bbbd547 elementor-section-boxed elementor-section-height-default elementor-section-height-default\" data-id=\"2bbbd547\" data-element_type=\"section\" data-e-type=\"section\">\n\t\t\t\t\t\t<div class=\"elementor-container elementor-column-gap-default\">\n\t\t\t\t\t<div class=\"elementor-column elementor-col-100 elementor-top-column elementor-element elementor-element-28a59b2b margin-content\" data-id=\"28a59b2b\" data-element_type=\"column\" data-e-type=\"column\">\n\t\t\t<div class=\"elementor-widget-wrap elementor-element-populated\">\n\t\t\t\t\t\t<div class=\"elementor-element elementor-element-6471192e elementor-widget elementor-widget-heading\" data-id=\"6471192e\" data-element_type=\"widget\" data-e-type=\"widget\" data-widget_type=\"heading.default\">\n\t\t\t\t<div class=\"elementor-widget-container\">\n\t\t\t\t\t<h4 class=\"elementor-heading-title elementor-size-default\">Odpov\u011bdnost za odkazy<\/h4>\t\t\t\t<\/div>\n\t\t\t\t<\/div>\n\t\t\t\t<div class=\"elementor-element elementor-element-5369aefb elementor-widget elementor-widget-text-editor\" data-id=\"5369aefb\" data-element_type=\"widget\" data-e-type=\"widget\" data-widget_type=\"text-editor.default\">\n\t\t\t\t<div class=\"elementor-widget-container\">\n\t\t\t\t\t\t\t\t\t<p>Webov\u00e9 str\u00e1nky spole\u010dnosti Kurita obsahuj\u00ed odkazy na webov\u00e9 str\u00e1nky t\u0159et\u00edch stran. Odkazy t\u0159et\u00edch stran jsou takto ozna\u010deny. Spole\u010dnost Kurita nem\u016f\u017ee n\u00e9st odpov\u011bdnost za obsah t\u011bchto str\u00e1nek, proto\u017ee nem\u00e1me kontrolu nad informacemi na nich uveden\u00fdmi. Upozor\u0148ujeme, \u017ee nemus\u00edme souhlasit s obsahem webov\u00fdch str\u00e1nek, na kter\u00e9 se dostanete prost\u0159ednictv\u00edm n\u00e1mi uveden\u00fdch odkaz\u016f. Str\u00e1nky t\u0159et\u00edch stran byly - na z\u00e1klad\u011b p\u0159im\u011b\u0159en\u00e9ho posouzen\u00ed - prov\u011b\u0159eny pouze z hlediska trestn\u011bpr\u00e1vn\u00edho obsahu nebo poru\u0161en\u00ed pr\u00e1vn\u00edch p\u0159edpis\u016f. P\u0159edpokl\u00e1dan\u00e9 zji\u0161t\u011bn\u00ed takov\u00e9ho poru\u0161en\u00ed pr\u00e1vn\u00edch p\u0159edpis\u016f povede k okam\u017eit\u00e9mu odstran\u011bn\u00ed t\u011bchto odkaz\u016f.<\/p>\t\t\t\t\t\t\t\t<\/div>\n\t\t\t\t<\/div>\n\t\t\t\t\t<\/div>\n\t\t<\/div>\n\t\t\t\t\t<\/div>\n\t\t<\/section>\n\t\t\t\t<\/div>","protected":false},"excerpt":{"rendered":"<p>Legal Notice Imprint Kurita Europe GmbHTheodor-Heuss-Anlage 268165 MannheimGermany Phone: +49 621\u00a01218 3000Fax: +49 621 1218 3458E-Mail: kuritaeurope@kurita-water.com Managing Directors: Shuji Shirode | Jordi Verd\u00e9s Prieto Commercial Register No.: Mannheim HRB 739244 VAT ID No.: DE297214107 Privacy Policy Copyright The publications on this page are subject to German copyright laws. Duplication, adaptation and all utilization infringing [&hellip;]<\/p>\n","protected":false},"author":2,"featured_media":15425,"parent":0,"menu_order":0,"comment_status":"closed","ping_status":"closed","template":"","meta":{"footnotes":""},"class_list":["post-13385","page","type-page","status-publish","has-post-thumbnail","hentry"],"_links":{"self":[{"href":"https:\/\/www.kurita.eu\/cs\/wp-json\/wp\/v2\/pages\/13385","targetHints":{"allow":["GET"]}}],"collection":[{"href":"https:\/\/www.kurita.eu\/cs\/wp-json\/wp\/v2\/pages"}],"about":[{"href":"https:\/\/www.kurita.eu\/cs\/wp-json\/wp\/v2\/types\/page"}],"author":[{"embeddable":true,"href":"https:\/\/www.kurita.eu\/cs\/wp-json\/wp\/v2\/users\/2"}],"replies":[{"embeddable":true,"href":"https:\/\/www.kurita.eu\/cs\/wp-json\/wp\/v2\/comments?post=13385"}],"version-history":[{"count":13,"href":"https:\/\/www.kurita.eu\/cs\/wp-json\/wp\/v2\/pages\/13385\/revisions"}],"predecessor-version":[{"id":19189,"href":"https:\/\/www.kurita.eu\/cs\/wp-json\/wp\/v2\/pages\/13385\/revisions\/19189"}],"wp:featuredmedia":[{"embeddable":true,"href":"https:\/\/www.kurita.eu\/cs\/wp-json\/wp\/v2\/media\/15425"}],"wp:attachment":[{"href":"https:\/\/www.kurita.eu\/cs\/wp-json\/wp\/v2\/media?parent=13385"}],"curies":[{"name":"wp","href":"https:\/\/api.w.org\/{rel}","templated":true}]}}