{"id":13448,"date":"2025-04-23T11:25:47","date_gmt":"2025-04-23T11:25:47","guid":{"rendered":"https:\/\/kurita-eu-gudza2cjbzfhcwbx.francecentral-01.azurewebsites.net\/?page_id=13448"},"modified":"2026-02-16T15:11:42","modified_gmt":"2026-02-16T15:11:42","slug":"distributori","status":"publish","type":"page","link":"https:\/\/www.kurita.eu\/cs\/distributors\/","title":{"rendered":"Distributo\u0159i"},"content":{"rendered":"<div data-elementor-type=\"wp-page\" data-elementor-id=\"13448\" class=\"elementor elementor-13448\" data-elementor-post-type=\"page\">\n\t\t\t\t\t\t<section class=\"elementor-section elementor-top-section elementor-element elementor-element-3a391d9e elementor-section-full_width elementor-section-height-default elementor-section-height-default\" data-id=\"3a391d9e\" data-element_type=\"section\" data-e-type=\"section\">\n\t\t\t\t\t\t<div class=\"elementor-container elementor-column-gap-no\">\n\t\t\t\t\t<div class=\"elementor-column elementor-col-100 elementor-top-column elementor-element elementor-element-51f500d4\" data-id=\"51f500d4\" data-element_type=\"column\" data-e-type=\"column\">\n\t\t\t<div class=\"elementor-widget-wrap elementor-element-populated\">\n\t\t\t\t\t\t<div class=\"elementor-element elementor-element-106ba29 elementor--h-position-center elementor--v-position-middle elementor-arrows-position-inside elementor-pagination-position-inside elementor-widget elementor-widget-slides\" data-id=\"106ba29\" data-element_type=\"widget\" data-e-type=\"widget\" data-settings=\"{&quot;navigation&quot;:&quot;both&quot;,&quot;autoplay&quot;:&quot;yes&quot;,&quot;pause_on_hover&quot;:&quot;yes&quot;,&quot;pause_on_interaction&quot;:&quot;yes&quot;,&quot;autoplay_speed&quot;:5000,&quot;infinite&quot;:&quot;yes&quot;,&quot;transition&quot;:&quot;slide&quot;,&quot;transition_speed&quot;:500}\" data-widget_type=\"slides.default\">\n\t\t\t\t<div class=\"elementor-widget-container\">\n\t\t\t\t\t\t\t\t\t<div class=\"elementor-swiper\">\n\t\t\t\t\t<div class=\"elementor-slides-wrapper elementor-main-swiper swiper\" role=\"region\" aria-roledescription=\"carousel\" aria-label=\"Slides\" dir=\"ltr\" data-animation=\"fadeInUp\">\n\t\t\t\t<div class=\"swiper-wrapper elementor-slides\">\n\t\t\t\t\t\t\t\t\t\t<div class=\"elementor-repeater-item-4e0b9f7 swiper-slide\" role=\"group\" aria-roledescription=\"slide\"><div class=\"swiper-slide-bg elementor-ken-burns elementor-ken-burns--in\" role=\"img\" aria-label=\"iStock_000077125839_IndustriesServed_Distributors-5a125e05.jpg\"><\/div><div class=\"elementor-background-overlay\"><\/div><div class=\"swiper-slide-inner\" ><div class=\"swiper-slide-contents\"><h1 class=\"elementor-slide-heading\">Distributo\u0159i<\/h1><\/div><\/div><\/div>\t\t\t\t<\/div>\n\t\t\t\t\t\t\t<\/div>\n\t\t\t\t<\/div>\n\t\t\t\t\t\t\t\t<\/div>\n\t\t\t\t<\/div>\n\t\t\t\t\t<\/div>\n\t\t<\/div>\n\t\t\t\t\t<\/div>\n\t\t<\/section>\n\t\t\t\t<section class=\"elementor-section elementor-top-section elementor-element elementor-element-2640498 margin-content elementor-section-boxed elementor-section-height-default elementor-section-height-default\" data-id=\"2640498\" data-element_type=\"section\" data-e-type=\"section\">\n\t\t\t\t\t\t<div class=\"elementor-container elementor-column-gap-default\">\n\t\t\t\t\t<div class=\"elementor-column elementor-col-100 elementor-top-column elementor-element elementor-element-4e22f3d2 margin-content\" data-id=\"4e22f3d2\" data-element_type=\"column\" data-e-type=\"column\">\n\t\t\t<div class=\"elementor-widget-wrap elementor-element-populated\">\n\t\t\t\t\t\t<div class=\"elementor-element elementor-element-64aed439 elementor-widget elementor-widget-text-editor\" data-id=\"64aed439\" data-element_type=\"widget\" data-e-type=\"widget\" data-widget_type=\"text-editor.default\">\n\t\t\t\t<div class=\"elementor-widget-container\">\n\t\t\t\t\t\t\t\t\t<p>Na vyhrazen\u00fdch trz\u00edch nebo v regionech spole\u010dnost Kurita \u00fazce spolupracuje s maloobchodn\u00edmi spole\u010dnostmi v souladu s jasn\u011b definovanou distribu\u010dn\u00ed politikou. S t\u011bmito spole\u010dnostmi jsme nav\u00e1zali siln\u00e1 partnerstv\u00ed, kter\u00e1 se uk\u00e1zala jako seri\u00f3zn\u00ed a kompetentn\u00ed. D\u016fv\u011b\u0159ujeme jim stejn\u011b pln\u011b jako na\u0161im vlastn\u00edm zam\u011bstnanc\u016fm.<\/p>\t\t\t\t\t\t\t\t<\/div>\n\t\t\t\t<\/div>\n\t\t\t\t<div class=\"elementor-element elementor-element-b4b67e6 elementor-widget elementor-widget-heading\" data-id=\"b4b67e6\" data-element_type=\"widget\" data-e-type=\"widget\" data-widget_type=\"heading.default\">\n\t\t\t\t<div class=\"elementor-widget-container\">\n\t\t\t\t\t<h5 class=\"elementor-heading-title elementor-size-default\">Co nab\u00edz\u00ed spole\u010dnost Kurita sv\u00fdm distributor\u016fm?<\/h5>\t\t\t\t<\/div>\n\t\t\t\t<\/div>\n\t\t\t\t<div class=\"elementor-element elementor-element-4c7007d8 elementor-widget elementor-widget-text-editor\" data-id=\"4c7007d8\" data-element_type=\"widget\" data-e-type=\"widget\" data-widget_type=\"text-editor.default\">\n\t\t\t\t<div class=\"elementor-widget-container\">\n\t\t\t\t\t\t\t\t\t<ul><li><a href=\"https:\/\/www.kurita.eu\/cs\/reseni\/\">Technologie<\/a>\u00a0pro celou oblast \u00fapravy vody<\/li><li>Seznamy mezin\u00e1rodn\u00edch nebo n\u00e1rodn\u00edch z\u00e1kaznick\u00fdch spole\u010dnost\u00ed<\/li><li>Bezpe\u010dn\u00e9 v\u00fdrobky a procesy<\/li><li>L\u00e9\u010debn\u00e9 programy speci\u00e1ln\u011b navr\u017een\u00e9 pro pot\u0159eby distribuce<\/li><li>Aplika\u010dn\u00ed a v\u00fdzkumn\u00e9 a v\u00fdvojov\u00e9 laborato\u0159e<\/li><li>Pravideln\u00e1 \u0161kolen\u00ed<\/li><li>Pr\u016fb\u011b\u017en\u00e9 informace o technologi\u00edch, v\u00fdvoji, trhu a legislativ\u011b.<\/li><li>Marketingov\u00e1 podpora<\/li><li>Mo\u017enost st\u00e1t se distributorem na\u0161ich technologi\u00ed v ur\u010dit\u00e9m regionu nebo oboru.<\/li><\/ul>\t\t\t\t\t\t\t\t<\/div>\n\t\t\t\t<\/div>\n\t\t\t\t<div class=\"elementor-element elementor-element-7de49f1 elementor-widget elementor-widget-heading\" data-id=\"7de49f1\" data-element_type=\"widget\" data-e-type=\"widget\" data-widget_type=\"heading.default\">\n\t\t\t\t<div class=\"elementor-widget-container\">\n\t\t\t\t\t<h5 class=\"elementor-heading-title elementor-size-default\">Co nab\u00edz\u00ed t\u00fdm distributora Kurita?\n<\/h5>\t\t\t\t<\/div>\n\t\t\t\t<\/div>\n\t\t\t\t<div class=\"elementor-element elementor-element-3bb0c0eb elementor-widget elementor-widget-text-editor\" data-id=\"3bb0c0eb\" data-element_type=\"widget\" data-e-type=\"widget\" data-widget_type=\"text-editor.default\">\n\t\t\t\t<div class=\"elementor-widget-container\">\n\t\t\t\t\t\t\t\t\t<ul><li>V\u0161echny na\u0161e znalosti a zku\u0161enosti jsou dopln\u011bny siln\u00fdm m\u00edstn\u00edm servisem.<\/li><\/ul>\t\t\t\t\t\t\t\t<\/div>\n\t\t\t\t<\/div>\n\t\t\t\t<div class=\"elementor-element elementor-element-e24021c elementor-widget elementor-widget-heading\" data-id=\"e24021c\" data-element_type=\"widget\" data-e-type=\"widget\" data-widget_type=\"heading.default\">\n\t\t\t\t<div class=\"elementor-widget-container\">\n\t\t\t\t\t<h5 class=\"elementor-heading-title elementor-size-default\">Pro\u010d se st\u00e1t distributorem spole\u010dnosti Kurita?<\/h5>\t\t\t\t<\/div>\n\t\t\t\t<\/div>\n\t\t\t\t<div class=\"elementor-element elementor-element-c995414 elementor-widget elementor-widget-text-editor\" data-id=\"c995414\" data-element_type=\"widget\" data-e-type=\"widget\" data-widget_type=\"text-editor.default\">\n\t\t\t\t<div class=\"elementor-widget-container\">\n\t\t\t\t\t\t\t\t\t<ul><li>Celosv\u011btov\u00e1 s\u00ed\u0165 distributor\u016f a mezin\u00e1rodn\u00ed semin\u00e1\u0159e pro v\u00fdm\u011bnu zku\u0161enost\u00ed a objevov\u00e1n\u00ed nov\u00fdch trh\u016f.<\/li><li>Dlouhodob\u00e9 partnerstv\u00ed s p\u0159edn\u00ed mezin\u00e1rodn\u00ed spole\u010dnost\u00ed<\/li><\/ul>\t\t\t\t\t\t\t\t<\/div>\n\t\t\t\t<\/div>\n\t\t\t\t<div class=\"elementor-element elementor-element-48075a5 elementor-widget elementor-widget-heading\" data-id=\"48075a5\" data-element_type=\"widget\" data-e-type=\"widget\" data-widget_type=\"heading.default\">\n\t\t\t\t<div class=\"elementor-widget-container\">\n\t\t\t\t\t<h5 class=\"elementor-heading-title elementor-size-default\">Pro\u010d si vybrat distributora Kurita jako dodavatele \u00fapravny vody?<\/h5>\t\t\t\t<\/div>\n\t\t\t\t<\/div>\n\t\t\t\t<div class=\"elementor-element elementor-element-2fb3eea4 elementor-widget elementor-widget-text-editor\" data-id=\"2fb3eea4\" data-element_type=\"widget\" data-e-type=\"widget\" data-widget_type=\"text-editor.default\">\n\t\t\t\t<div class=\"elementor-widget-container\">\n\t\t\t\t\t\t\t\t\t<p>Z\u00e1kazn\u00edk m\u00e1 prosp\u011bch jak z know-how a technologi\u00ed mezin\u00e1rodn\u00ed skupiny, tak z p\u0159izp\u016fsobivosti m\u00edstn\u00edho poskytovatele slu\u017eeb. Nev\u00e1hejte se obr\u00e1tit na na\u0161e kancel\u00e1\u0159e a vyhledat na\u0161i s\u00ed\u0165 distributor\u016f ve va\u0161\u00ed zemi nebo regionu nebo\u00a0<a title=\"Kontakt\" href=\"https:\/\/www.kurita.eu\/cs\/kontaktujte-nas\/\">kontaktujte n\u00e1s<\/a>.<\/p>\t\t\t\t\t\t\t\t<\/div>\n\t\t\t\t<\/div>\n\t\t\t\t\t<\/div>\n\t\t<\/div>\n\t\t\t\t\t<\/div>\n\t\t<\/section>\n\t\t\t\t<section class=\"elementor-section elementor-top-section elementor-element elementor-element-1132e4cb margin-content elementor-section-boxed elementor-section-height-default elementor-section-height-default\" data-id=\"1132e4cb\" data-element_type=\"section\" data-e-type=\"section\">\n\t\t\t\t\t\t<div class=\"elementor-container elementor-column-gap-default\">\n\t\t\t\t\t<div class=\"elementor-column elementor-col-100 elementor-top-column elementor-element elementor-element-57b9669\" data-id=\"57b9669\" data-element_type=\"column\" data-e-type=\"column\">\n\t\t\t<div class=\"elementor-widget-wrap elementor-element-populated\">\n\t\t\t\t\t\t<div class=\"elementor-element elementor-element-2dd99ee9 elementor-posts--thumbnail-none elementor-grid-3 elementor-grid-tablet-2 elementor-grid-mobile-1 elementor-card-shadow-yes elementor-posts__hover-gradient elementor-widget elementor-widget-posts\" data-id=\"2dd99ee9\" data-element_type=\"widget\" data-e-type=\"widget\" data-settings=\"{&quot;cards_columns&quot;:&quot;3&quot;,&quot;cards_columns_tablet&quot;:&quot;2&quot;,&quot;cards_columns_mobile&quot;:&quot;1&quot;,&quot;cards_row_gap&quot;:{&quot;unit&quot;:&quot;px&quot;,&quot;size&quot;:35,&quot;sizes&quot;:[]},&quot;cards_row_gap_widescreen&quot;:{&quot;unit&quot;:&quot;px&quot;,&quot;size&quot;:&quot;&quot;,&quot;sizes&quot;:[]},&quot;cards_row_gap_laptop&quot;:{&quot;unit&quot;:&quot;px&quot;,&quot;size&quot;:&quot;&quot;,&quot;sizes&quot;:[]},&quot;cards_row_gap_tablet&quot;:{&quot;unit&quot;:&quot;px&quot;,&quot;size&quot;:&quot;&quot;,&quot;sizes&quot;:[]},&quot;cards_row_gap_mobile&quot;:{&quot;unit&quot;:&quot;px&quot;,&quot;size&quot;:&quot;&quot;,&quot;sizes&quot;:[]}}\" data-widget_type=\"posts.cards\">\n\t\t\t\t<div class=\"elementor-widget-container\">\n\t\t\t\t\t\t\t<div class=\"elementor-posts-container elementor-posts elementor-posts--skin-cards elementor-grid\" role=\"list\">\n\t\t\t\t<article class=\"elementor-post elementor-grid-item post-13779 page type-page status-publish has-post-thumbnail hentry\" role=\"listitem\">\n\t\t\t<div class=\"elementor-post__card\">\n\t\t\t\t<div class=\"elementor-post__text\">\n\t\t\t\t<h4 class=\"elementor-post__title\">\n\t\t\t<a href=\"https:\/\/www.kurita.eu\/cs\/process-treatment\/\" target=\"&quot;_blank&quot;\">\n\t\t\t\tProcesn\u00ed o\u0161et\u0159en\u00ed\t\t\t<\/a>\n\t\t<\/h4>\n\t\t\t\t<div class=\"elementor-post__excerpt\">\n\t\t\t<p>Procesn\u00ed technologie Individu\u00e1ln\u00ed koncepce \u00fapravy a chemick\u00e9 programy pro r\u016fzn\u00e9 procesy Bez vyu\u017eit\u00ed ropn\u00fdch rafin\u00e9ri\u00ed a petrochemick\u00fdch z\u00e1vod\u016f si dnes lze jen t\u011b\u017eko p\u0159edstavit modern\u00ed \u017eivot. Benz\u00edn, nafta, leteck\u00e1 paliva nebo suroviny, jako je etylen, styren nebo butadien.<\/p>\n\t\t<\/div>\n\t\t\t\t<\/div>\n\t\t\t\t\t<\/div>\n\t\t<\/article>\n\t\t\t\t<article class=\"elementor-post elementor-grid-item post-14484 page type-page status-publish hentry\" role=\"listitem\">\n\t\t\t<div class=\"elementor-post__card\">\n\t\t\t\t<div class=\"elementor-post__text\">\n\t\t\t\t<h4 class=\"elementor-post__title\">\n\t\t\t<a href=\"https:\/\/www.kurita.eu\/cs\/water-treatment\/\" target=\"&quot;_blank&quot;\">\n\t\t\t\t\u00daprava vody\t\t\t<\/a>\n\t\t<\/h4>\n\t\t\t\t<div class=\"elementor-post__excerpt\">\n\t\t\t<p>\u00daprava vody Individu\u00e1ln\u00ed \u0159e\u0161en\u00ed pro v\u0161echny druhy vodn\u00edch syst\u00e9m\u016f. A\u0165 u\u017e hled\u00e1te \u0159e\u0161en\u00ed st\u00e1vaj\u00edc\u00edho probl\u00e9mu ve va\u0161\u00ed \u00fapravn\u011b vody, nebo m\u00e1te z\u00e1jem dozv\u011bd\u011bt se o r\u016fzn\u00fdch zp\u016fsobech, jak zlep\u0161it ziskovost<\/p>\n\t\t<\/div>\n\t\t\t\t<\/div>\n\t\t\t\t\t<\/div>\n\t\t<\/article>\n\t\t\t\t<\/div>\n\t\t\n\t\t\t\t\t\t<\/div>\n\t\t\t\t<\/div>\n\t\t\t\t\t<\/div>\n\t\t<\/div>\n\t\t\t\t\t<\/div>\n\t\t<\/section>\n\t\t\t\t<\/div>","protected":false},"excerpt":{"rendered":"<p>Spole\u010dnost Kurita \u00fazce spolupracuje s maloobchodn\u00edmi spole\u010dnostmi v souladu s jasn\u011b definovanou distribu\u010dn\u00ed politikou. S t\u011bmito spole\u010dnostmi jsme nav\u00e1zali siln\u00e1 partnerstv\u00ed, kter\u00e1 se uk\u00e1zala jako seri\u00f3zn\u00ed a kompetentn\u00ed. <\/p>","protected":false},"author":2,"featured_media":13450,"parent":0,"menu_order":0,"comment_status":"closed","ping_status":"closed","template":"","meta":{"footnotes":""},"class_list":["post-13448","page","type-page","status-publish","has-post-thumbnail","hentry"],"_links":{"self":[{"href":"https:\/\/www.kurita.eu\/cs\/wp-json\/wp\/v2\/pages\/13448","targetHints":{"allow":["GET"]}}],"collection":[{"href":"https:\/\/www.kurita.eu\/cs\/wp-json\/wp\/v2\/pages"}],"about":[{"href":"https:\/\/www.kurita.eu\/cs\/wp-json\/wp\/v2\/types\/page"}],"author":[{"embeddable":true,"href":"https:\/\/www.kurita.eu\/cs\/wp-json\/wp\/v2\/users\/2"}],"replies":[{"embeddable":true,"href":"https:\/\/www.kurita.eu\/cs\/wp-json\/wp\/v2\/comments?post=13448"}],"version-history":[{"count":20,"href":"https:\/\/www.kurita.eu\/cs\/wp-json\/wp\/v2\/pages\/13448\/revisions"}],"predecessor-version":[{"id":20267,"href":"https:\/\/www.kurita.eu\/cs\/wp-json\/wp\/v2\/pages\/13448\/revisions\/20267"}],"wp:featuredmedia":[{"embeddable":true,"href":"https:\/\/www.kurita.eu\/cs\/wp-json\/wp\/v2\/media\/13450"}],"wp:attachment":[{"href":"https:\/\/www.kurita.eu\/cs\/wp-json\/wp\/v2\/media?parent=13448"}],"curies":[{"name":"wp","href":"https:\/\/api.w.org\/{rel}","templated":true}]}}