{"id":13519,"date":"2025-04-24T09:26:02","date_gmt":"2025-04-24T09:26:02","guid":{"rendered":"https:\/\/kurita-eu-gudza2cjbzfhcwbx.francecentral-01.azurewebsites.net\/?page_id=13519"},"modified":"2026-02-16T15:16:08","modified_gmt":"2026-02-16T15:16:08","slug":"vyroba-energie","status":"publish","type":"page","link":"https:\/\/www.kurita.eu\/cs\/prumyslova-odvetvi\/vyroba-energie\/","title":{"rendered":"V\u00fdroba energie"},"content":{"rendered":"<div data-elementor-type=\"wp-page\" data-elementor-id=\"13519\" class=\"elementor elementor-13519\" data-elementor-post-type=\"page\">\n\t\t\t\t\t\t<section class=\"elementor-section elementor-top-section elementor-element elementor-element-5b094549 elementor-section-full_width elementor-section-height-default elementor-section-height-default\" data-id=\"5b094549\" data-element_type=\"section\" data-e-type=\"section\">\n\t\t\t\t\t\t<div class=\"elementor-container elementor-column-gap-default\">\n\t\t\t\t\t<div class=\"elementor-column elementor-col-100 elementor-top-column elementor-element elementor-element-166b778e\" data-id=\"166b778e\" data-element_type=\"column\" data-e-type=\"column\">\n\t\t\t<div class=\"elementor-widget-wrap elementor-element-populated\">\n\t\t\t\t\t\t<div class=\"elementor-element elementor-element-174cb865 elementor--h-position-center elementor--v-position-middle elementor-arrows-position-inside elementor-pagination-position-inside elementor-widget elementor-widget-slides\" data-id=\"174cb865\" data-element_type=\"widget\" data-e-type=\"widget\" data-settings=\"{&quot;navigation&quot;:&quot;both&quot;,&quot;autoplay&quot;:&quot;yes&quot;,&quot;pause_on_hover&quot;:&quot;yes&quot;,&quot;pause_on_interaction&quot;:&quot;yes&quot;,&quot;autoplay_speed&quot;:5000,&quot;infinite&quot;:&quot;yes&quot;,&quot;transition&quot;:&quot;slide&quot;,&quot;transition_speed&quot;:500}\" data-widget_type=\"slides.default\">\n\t\t\t\t<div class=\"elementor-widget-container\">\n\t\t\t\t\t\t\t\t\t<div class=\"elementor-swiper\">\n\t\t\t\t\t<div class=\"elementor-slides-wrapper elementor-main-swiper swiper\" role=\"region\" aria-roledescription=\"carousel\" aria-label=\"Slides\" dir=\"ltr\" data-animation=\"fadeInUp\">\n\t\t\t\t<div class=\"swiper-wrapper elementor-slides\">\n\t\t\t\t\t\t\t\t\t\t<div class=\"elementor-repeater-item-4e0b9f7 swiper-slide\" role=\"group\" aria-roledescription=\"slide\"><div class=\"swiper-slide-bg elementor-ken-burns elementor-ken-burns--in\" role=\"img\" aria-label=\"Industries_PowerGeneration-6692aeef-1.jpg\"><\/div><div class=\"elementor-background-overlay\"><\/div><div class=\"swiper-slide-inner\" ><div class=\"swiper-slide-contents\"><h1 class=\"elementor-slide-heading\">Pr\u016fmysl v\u00fdroby energie<\/h1><\/div><\/div><\/div>\t\t\t\t<\/div>\n\t\t\t\t\t\t\t<\/div>\n\t\t\t\t<\/div>\n\t\t\t\t\t\t\t\t<\/div>\n\t\t\t\t<\/div>\n\t\t\t\t\t<\/div>\n\t\t<\/div>\n\t\t\t\t\t<\/div>\n\t\t<\/section>\n\t\t\t\t<section class=\"elementor-section elementor-top-section elementor-element elementor-element-1d5ec893 elementor-section-boxed elementor-section-height-default elementor-section-height-default\" data-id=\"1d5ec893\" data-element_type=\"section\" data-e-type=\"section\">\n\t\t\t\t\t\t<div class=\"elementor-container elementor-column-gap-default\">\n\t\t\t\t\t<div class=\"elementor-column elementor-col-100 elementor-top-column elementor-element elementor-element-359f8241 margin-content\" data-id=\"359f8241\" data-element_type=\"column\" data-e-type=\"column\">\n\t\t\t<div class=\"elementor-widget-wrap elementor-element-populated\">\n\t\t\t\t\t\t<div class=\"elementor-element elementor-element-99253b6 elementor-widget elementor-widget-text-editor\" data-id=\"99253b6\" data-element_type=\"widget\" data-e-type=\"widget\" data-widget_type=\"text-editor.default\">\n\t\t\t\t<div class=\"elementor-widget-container\">\n\t\t\t\t\t\t\t\t\t<p>Dne\u0161n\u00ed energetika ji\u017e podl\u00e9h\u00e1 p\u0159\u00edsn\u00fdm \u00fa\u0159edn\u00edm p\u0159edpis\u016fm. V budoucnu se budou tato pravidla jen zp\u0159\u00eds\u0148ovat. V d\u016fsledku toho je vysok\u00e1 popt\u00e1vka po ekologick\u00fdch a n\u00e1kladov\u011b efektivn\u00edch \u0159e\u0161en\u00edch, kter\u00e1 zaji\u0161\u0165uj\u00ed bezpe\u010dnost za\u0159\u00edzen\u00ed a provozu.<\/p><p>P\u0159esn\u011b to Kurita nab\u00edz\u00ed:<br \/>Na\u0161e patentovan\u00e9 technologie zaji\u0161\u0165uj\u00ed provoz chladic\u00edch syst\u00e9m\u016f bez vodn\u00edho kamene, zabra\u0148uj\u00ed r\u016fstu bakterie Legionella, \u00fa\u010dinn\u011b upravuj\u00ed vodu v kotl\u00edch bez pou\u017eit\u00ed zdrav\u00ed ohro\u017euj\u00edc\u00edch l\u00e1tek, zlep\u0161uj\u00ed v\u00fdkonnost \u010dist\u00edren odpadn\u00edch vod a v\u00fdrazn\u011b zvy\u0161uj\u00ed \u00fa\u010dinnost syst\u00e9m\u016f reverzn\u00ed osm\u00f3zy.<\/p><p>Stru\u010dn\u011b \u0159e\u010deno:<br \/><strong>\u00daprava va\u0161\u00ed vody je na\u0161\u00ed specialitou.<\/strong><\/p>\t\t\t\t\t\t\t\t<\/div>\n\t\t\t\t<\/div>\n\t\t\t\t\t<\/div>\n\t\t<\/div>\n\t\t\t\t\t<\/div>\n\t\t<\/section>\n\t\t\t\t<section class=\"elementor-section elementor-top-section elementor-element elementor-element-42fd3dd margin-content elementor-section-boxed elementor-section-height-default elementor-section-height-default\" data-id=\"42fd3dd\" data-element_type=\"section\" data-e-type=\"section\">\n\t\t\t\t\t\t<div class=\"elementor-container elementor-column-gap-default\">\n\t\t\t\t\t<div class=\"elementor-column elementor-col-100 elementor-top-column elementor-element elementor-element-654b44c0\" data-id=\"654b44c0\" data-element_type=\"column\" data-e-type=\"column\">\n\t\t\t<div class=\"elementor-widget-wrap elementor-element-populated\">\n\t\t\t\t\t\t<div class=\"elementor-element elementor-element-1abd2a2 elementor-widget-widescreen__width-initial elementor-widget-tablet__width-initial elementor-widget elementor-widget-heading\" data-id=\"1abd2a2\" data-element_type=\"widget\" data-e-type=\"widget\" data-widget_type=\"heading.default\">\n\t\t\t\t<div class=\"elementor-widget-container\">\n\t\t\t\t\t<h4 class=\"elementor-heading-title elementor-size-default\">Kl\u00ed\u010dov\u00e1 souvisej\u00edc\u00ed \u0159e\u0161en\u00ed<\/h4>\t\t\t\t<\/div>\n\t\t\t\t<\/div>\n\t\t\t\t<div class=\"elementor-element elementor-element-1d313bc5 elementor-grid-4 elementor-posts--thumbnail-none elementor-grid-tablet-2 elementor-grid-mobile-1 elementor-card-shadow-yes elementor-posts__hover-gradient elementor-widget elementor-widget-posts\" data-id=\"1d313bc5\" data-element_type=\"widget\" data-e-type=\"widget\" data-settings=\"{&quot;cards_columns&quot;:&quot;4&quot;,&quot;pagination_type&quot;:&quot;load_more_infinite_scroll&quot;,&quot;cards_columns_tablet&quot;:&quot;2&quot;,&quot;cards_columns_mobile&quot;:&quot;1&quot;,&quot;cards_row_gap&quot;:{&quot;unit&quot;:&quot;px&quot;,&quot;size&quot;:35,&quot;sizes&quot;:[]},&quot;cards_row_gap_widescreen&quot;:{&quot;unit&quot;:&quot;px&quot;,&quot;size&quot;:&quot;&quot;,&quot;sizes&quot;:[]},&quot;cards_row_gap_laptop&quot;:{&quot;unit&quot;:&quot;px&quot;,&quot;size&quot;:&quot;&quot;,&quot;sizes&quot;:[]},&quot;cards_row_gap_tablet&quot;:{&quot;unit&quot;:&quot;px&quot;,&quot;size&quot;:&quot;&quot;,&quot;sizes&quot;:[]},&quot;cards_row_gap_mobile&quot;:{&quot;unit&quot;:&quot;px&quot;,&quot;size&quot;:&quot;&quot;,&quot;sizes&quot;:[]},&quot;load_more_spinner&quot;:{&quot;value&quot;:&quot;fas fa-spinner&quot;,&quot;library&quot;:&quot;fa-solid&quot;}}\" data-widget_type=\"posts.cards\">\n\t\t\t\t<div class=\"elementor-widget-container\">\n\t\t\t\t\t\t\t<div class=\"elementor-posts-container elementor-posts elementor-posts--skin-cards elementor-grid\" role=\"list\">\n\t\t\t\t<article class=\"elementor-post elementor-grid-item post-16043 page type-page status-publish has-post-thumbnail hentry\" role=\"listitem\">\n\t\t\t<div class=\"elementor-post__card\">\n\t\t\t\t<div class=\"elementor-post__text\">\n\t\t\t\t<h4 class=\"elementor-post__title\">\n\t\t\t<a href=\"https:\/\/www.kurita.eu\/cs\/reseni\/cetaminove-elektrarny\/\" target=\"&quot;_blank&quot;\">\n\t\t\t\tTechnologie Kurita Cetamine - Elektr\u00e1rny\t\t\t<\/a>\n\t\t<\/h4>\n\t\t\t\t<div class=\"elementor-post__excerpt\">\n\t\t\t<p>Objevte \u0159e\u0161en\u00ed Cetamine\u00ae spole\u010dnosti Kurita pro elektr\u00e1rny. Inovativn\u00ed technologie \u00fapravy vody ur\u010den\u00e1 k ochran\u011b kotl\u016f, optimalizaci \u00fa\u010dinnosti a sn\u00ed\u017een\u00ed provozn\u00edch n\u00e1klad\u016f.<\/p>\n\t\t<\/div>\n\t\t\t\t<\/div>\n\t\t\t\t\t<\/div>\n\t\t<\/article>\n\t\t\t\t<article class=\"elementor-post elementor-grid-item post-14251 page type-page status-publish hentry\" role=\"listitem\">\n\t\t\t<div class=\"elementor-post__card\">\n\t\t\t\t<div class=\"elementor-post__text\">\n\t\t\t\t<h4 class=\"elementor-post__title\">\n\t\t\t<a href=\"https:\/\/www.kurita.eu\/cs\/reseni\/kuriverter-ik\/\" target=\"&quot;_blank&quot;\">\n\t\t\t\tKuriverter\u00ae IK\t\t\t<\/a>\n\t\t<\/h4>\n\t\t\t\t<div class=\"elementor-post__excerpt\">\n\t\t\t<p>Speci\u00e1ln\u011b navr\u017een\u00fd prost\u0159edek pro kontrolu biofilmu p\u0159i o\u0161et\u0159en\u00ed membr\u00e1n Kurita s jedine\u010dnou schopnost\u00ed hluboce proniknout do povrchu a odstranit z n\u011bj ne\u010distoty a z\u00e1rove\u0148 zabr\u00e1nit jejich budouc\u00edmu r\u016fstu. <\/p>\n\t\t<\/div>\n\t\t\t\t<\/div>\n\t\t\t\t\t<\/div>\n\t\t<\/article>\n\t\t\t\t<article class=\"elementor-post elementor-grid-item post-14206 page type-page status-publish has-post-thumbnail hentry\" role=\"listitem\">\n\t\t\t<div class=\"elementor-post__card\">\n\t\t\t\t<div class=\"elementor-post__text\">\n\t\t\t\t<h4 class=\"elementor-post__title\">\n\t\t\t<a href=\"https:\/\/www.kurita.eu\/cs\/reseni\/technologie-kurita-dropwise\/\" target=\"&quot;_blank&quot;\">\n\t\t\t\tTechnologie Kurita Dropwise\t\t\t<\/a>\n\t\t<\/h4>\n\t\t\t\t<div class=\"elementor-post__excerpt\">\n\t\t\t<p>Technologie Kurita Dropwise p\u0159in\u00e1\u0161\u00ed revoluci v \u00fa\u010dinnosti p\u0159enosu tepla d\u00edky jedine\u010dn\u00e9 povrchov\u00e9 \u00faprav\u011b, kter\u00e1 umo\u017e\u0148uje kapkovou kondenzaci. Tento inovativn\u00ed p\u0159\u00edstup sni\u017euje spot\u0159ebu energie, zvy\u0161uje provozn\u00ed spolehlivost a podporuje udr\u017eiteln\u00fd v\u00fdkon v pr\u016fmyslov\u00fdch procesech.<\/p>\n\t\t<\/div>\n\t\t\t\t<\/div>\n\t\t\t\t\t<\/div>\n\t\t<\/article>\n\t\t\t\t<article class=\"elementor-post elementor-grid-item post-14195 page type-page status-publish hentry\" role=\"listitem\">\n\t\t\t<div class=\"elementor-post__card\">\n\t\t\t\t<div class=\"elementor-post__text\">\n\t\t\t\t<h4 class=\"elementor-post__title\">\n\t\t\t<a href=\"https:\/\/www.kurita.eu\/cs\/reseni\/kurita-connect-360\/\" target=\"&quot;_blank&quot;\">\n\t\t\t\tKurita Connect 360\t\t\t<\/a>\n\t\t<\/h4>\n\t\t\t\t<div class=\"elementor-post__excerpt\">\n\t\t\t<p>Digit\u00e1ln\u00ed z\u00e1kaznick\u00e1 platforma spole\u010dnosti Kurita pro glob\u00e1ln\u00ed spr\u00e1vu vody zvy\u0161uje v\u00fdkonnost va\u0161eho syst\u00e9mu t\u00edm, \u017ee poskytuje nep\u0159etr\u017eit\u00e1 inteligentn\u00ed doporu\u010den\u00ed a monitorov\u00e1n\u00ed va\u0161ich aplikac\u00ed \u00fapravy vody.<\/p>\n\t\t<\/div>\n\t\t\t\t<\/div>\n\t\t\t\t\t<\/div>\n\t\t<\/article>\n\t\t\t\t<\/div>\n\t\t\t\t\t<span class=\"e-load-more-spinner\">\n\t\t\t\t<svg aria-hidden=\"true\" class=\"e-font-icon-svg e-fas-spinner\" viewbox=\"0 0 512 512\" xmlns=\"http:\/\/www.w3.org\/2000\/svg\"><path d=\"M304 48c0 26.51-21.49 48-48 48s-48-21.49-48-48 21.49-48 48-48 48 21.49 48 48zm-48 368c-26.51 0-48 21.49-48 48s21.49 48 48 48 48-21.49 48-48-21.49-48-48-48zm208-208c-26.51 0-48 21.49-48 48s21.49 48 48 48 48-21.49 48-48-21.49-48-48-48zM96 256c0-26.51-21.49-48-48-48S0 229.49 0 256s21.49 48 48 48 48-21.49 48-48zm12.922 99.078c-26.51 0-48 21.49-48 48s21.49 48 48 48 48-21.49 48-48c0-26.509-21.491-48-48-48zm294.156 0c-26.51 0-48 21.49-48 48s21.49 48 48 48 48-21.49 48-48c0-26.509-21.49-48-48-48zM108.922 60.922c-26.51 0-48 21.49-48 48s21.49 48 48 48 48-21.49 48-48-21.491-48-48-48z\"><\/path><\/svg>\t\t\t<\/span>\n\t\t\n\t\t\t\t<div class=\"e-load-more-anchor\" data-page=\"1\" data-max-page=\"3\" data-next-page=\"https:\/\/www.kurita.eu\/wp-json\/wp\/v2\/pages\/13519\/page\/2\/\"><\/div>\n\t\t\t\t<div class=\"e-load-more-message\"><\/div>\n\t\t\t\t\t\t<\/div>\n\t\t\t\t<\/div>\n\t\t\t\t\t<\/div>\n\t\t<\/div>\n\t\t\t\t\t<\/div>\n\t\t<\/section>\n\t\t\t\t<section class=\"elementor-section elementor-top-section elementor-element elementor-element-1c458c3 elementor-section-boxed elementor-section-height-default elementor-section-height-default\" data-id=\"1c458c3\" data-element_type=\"section\" data-e-type=\"section\" data-settings=\"{&quot;background_background&quot;:&quot;classic&quot;}\">\n\t\t\t\t\t\t<div class=\"elementor-container elementor-column-gap-default\">\n\t\t\t\t\t<div class=\"elementor-column elementor-col-100 elementor-top-column elementor-element elementor-element-5599297 margin-content\" data-id=\"5599297\" data-element_type=\"column\" data-e-type=\"column\">\n\t\t\t<div class=\"elementor-widget-wrap elementor-element-populated\">\n\t\t\t\t\t\t<div class=\"elementor-element elementor-element-2fc1dec elementor-widget elementor-widget-heading\" data-id=\"2fc1dec\" data-element_type=\"widget\" data-e-type=\"widget\" data-widget_type=\"heading.default\">\n\t\t\t\t<div class=\"elementor-widget-container\">\n\t\t\t\t\t<h2 class=\"elementor-heading-title elementor-size-default\">Jsme v\u00e1m k dispozici<\/h2>\t\t\t\t<\/div>\n\t\t\t\t<\/div>\n\t\t\t\t<div class=\"elementor-element elementor-element-8129fff elementor-widget elementor-widget-html\" data-id=\"8129fff\" data-element_type=\"widget\" data-e-type=\"widget\" data-widget_type=\"html.default\">\n\t\t\t\t<div class=\"elementor-widget-container\">\n\t\t\t\t\t<div\r\n        data-form-id='f4d0a8e4-73ce-ef11-b8e8-000d3ab41b62'\r\n        data-form-api-url='https:\/\/public-eur.mkt.dynamics.com\/api\/v1.0\/orgs\/30cac5a2-33f9-ed11-a66d-000d3a64d748\/landingpageforms'\r\n        data-cached-form-url='https:\/\/assets-eur.mkt.dynamics.com\/30cac5a2-33f9-ed11-a66d-000d3a64d748\/digitalassets\/forms\/f4d0a8e4-73ce-ef11-b8e8-000d3ab41b62' ><\/div>\r\n        <script src = 'https:\/\/cxppusa1formui01cdnsa01-endpoint.azureedge.net\/eur\/FormLoader\/FormLoader.bundle.js' ><\/script>\r\n        <script>document.documentElement.lang = navigator.language;<\/script>\t\t\t\t<\/div>\n\t\t\t\t<\/div>\n\t\t\t\t\t<\/div>\n\t\t<\/div>\n\t\t\t\t\t<\/div>\n\t\t<\/section>\n\t\t\t\t<\/div>","protected":false},"excerpt":{"rendered":"<p>Ve spole\u010dnosti Kurita se specializujeme na technologie, kter\u00e9 zvy\u0161uj\u00ed \u00fa\u010dinnost chladic\u00edch syst\u00e9m\u016f, zabra\u0148uj\u00ed r\u016fstu bakterie Legionella a bezpe\u010dn\u011b upravuj\u00ed vodu v kotl\u00edch. Zjist\u011bte, jak na\u0161e odborn\u00e9 znalosti v oblasti \u00fapravy vody mohou zm\u011bnit v\u00e1\u0161 provoz.<\/p>","protected":false},"author":2,"featured_media":14084,"parent":17058,"menu_order":0,"comment_status":"closed","ping_status":"closed","template":"","meta":{"footnotes":""},"class_list":["post-13519","page","type-page","status-publish","has-post-thumbnail","hentry"],"yoast_head":"<!-- This site is optimized with the Yoast SEO plugin v25.5 - https:\/\/yoast.com\/wordpress\/plugins\/seo\/ -->\n<title>Power Generation - Kurita Europe<\/title>\n<meta name=\"description\" content=\"Kurita delivers water treatment solutions for power plants to improve efficiency, reduce downtime, and meet environmental standards.\" \/>\n<meta name=\"robots\" content=\"index, follow, max-snippet:-1, max-image-preview:large, max-video-preview:-1\" \/>\n<link rel=\"canonical\" href=\"https:\/\/www.kurita.eu\/cs\/prumyslova-odvetvi\/vyroba-energie\/\" \/>\n<meta property=\"og:locale\" content=\"cs_CZ\" \/>\n<meta property=\"og:type\" content=\"article\" \/>\n<meta property=\"og:title\" content=\"Power Generation - Kurita Europe\" \/>\n<meta property=\"og:description\" content=\"Kurita delivers water treatment solutions for power plants to improve efficiency, reduce downtime, and meet environmental standards.\" \/>\n<meta property=\"og:url\" content=\"https:\/\/www.kurita.eu\/cs\/prumyslova-odvetvi\/vyroba-energie\/\" \/>\n<meta property=\"og:site_name\" content=\"Kurita Europe\" \/>\n<meta property=\"article:modified_time\" content=\"2026-02-16T15:16:08+00:00\" \/>\n<meta property=\"og:image\" content=\"https:\/\/www.kurita.eu\/wp-content\/uploads\/2025\/04\/aerial-view-of-modern-power-plant-industrial-landscape-scaled-1.jpg\" \/>\n\t<meta property=\"og:image:width\" content=\"2560\" \/>\n\t<meta property=\"og:image:height\" content=\"1705\" \/>\n\t<meta property=\"og:image:type\" content=\"image\/jpeg\" \/>\n<meta name=\"twitter:card\" content=\"summary_large_image\" \/>\n<meta name=\"twitter:label1\" content=\"Odhadovan\u00e1 doba \u010dten\u00ed\" \/>\n\t<meta name=\"twitter:data1\" content=\"3 minuty\" \/>\n<script type=\"application\/ld+json\" class=\"yoast-schema-graph\">{\"@context\":\"https:\/\/schema.org\",\"@graph\":[{\"@type\":\"WebPage\",\"@id\":\"https:\/\/www.kurita.eu\/se\/industrier\/kraftproduktion\/\",\"url\":\"https:\/\/www.kurita.eu\/se\/industrier\/kraftproduktion\/\",\"name\":\"Power Generation - Kurita Europe\",\"isPartOf\":{\"@id\":\"https:\/\/kurita.eu\/en\/#website\"},\"primaryImageOfPage\":{\"@id\":\"https:\/\/www.kurita.eu\/se\/industrier\/kraftproduktion\/#primaryimage\"},\"image\":{\"@id\":\"https:\/\/www.kurita.eu\/se\/industrier\/kraftproduktion\/#primaryimage\"},\"thumbnailUrl\":\"\/wp-content\/uploads\/2025\/04\/aerial-view-of-modern-power-plant-industrial-landscape-scaled-1.jpg\",\"datePublished\":\"2025-04-24T09:26:02+00:00\",\"dateModified\":\"2026-02-16T15:16:08+00:00\",\"description\":\"Kurita delivers water treatment solutions for power plants to improve efficiency, reduce downtime, and meet environmental standards.\",\"breadcrumb\":{\"@id\":\"https:\/\/www.kurita.eu\/se\/industrier\/kraftproduktion\/#breadcrumb\"},\"inLanguage\":\"cs\",\"potentialAction\":[{\"@type\":\"ReadAction\",\"target\":[\"https:\/\/www.kurita.eu\/se\/industrier\/kraftproduktion\/\"]}]},{\"@type\":\"ImageObject\",\"inLanguage\":\"cs\",\"@id\":\"https:\/\/www.kurita.eu\/se\/industrier\/kraftproduktion\/#primaryimage\",\"url\":\"\/wp-content\/uploads\/2025\/04\/aerial-view-of-modern-power-plant-industrial-landscape-scaled-1.jpg\",\"contentUrl\":\"\/wp-content\/uploads\/2025\/04\/aerial-view-of-modern-power-plant-industrial-landscape-scaled-1.jpg\",\"width\":2560,\"height\":1705},{\"@type\":\"BreadcrumbList\",\"@id\":\"https:\/\/www.kurita.eu\/se\/industrier\/kraftproduktion\/#breadcrumb\",\"itemListElement\":[{\"@type\":\"ListItem\",\"position\":1,\"name\":\"Home\",\"item\":\"https:\/\/www.kurita.eu\/en\/\"},{\"@type\":\"ListItem\",\"position\":2,\"name\":\"Industries\",\"item\":\"https:\/\/www.kurita.eu\/tr\/endustriler\/\"},{\"@type\":\"ListItem\",\"position\":3,\"name\":\"Power Generation\"}]},{\"@type\":\"WebSite\",\"@id\":\"https:\/\/kurita.eu\/en\/#website\",\"url\":\"https:\/\/kurita.eu\/en\/\",\"name\":\"Kurita Europe\",\"description\":\"Water Treatment Solutions\",\"publisher\":{\"@id\":\"https:\/\/kurita.eu\/en\/#organization\"},\"potentialAction\":[{\"@type\":\"SearchAction\",\"target\":{\"@type\":\"EntryPoint\",\"urlTemplate\":\"https:\/\/kurita.eu\/en\/?s={search_term_string}\"},\"query-input\":{\"@type\":\"PropertyValueSpecification\",\"valueRequired\":true,\"valueName\":\"search_term_string\"}}],\"inLanguage\":\"cs\"},{\"@type\":\"Organization\",\"@id\":\"https:\/\/kurita.eu\/en\/#organization\",\"name\":\"Kurita Europe\",\"url\":\"https:\/\/kurita.eu\/en\/\",\"logo\":{\"@type\":\"ImageObject\",\"inLanguage\":\"cs\",\"@id\":\"https:\/\/kurita.eu\/en\/#\/schema\/logo\/image\/\",\"url\":\"\/wp-content\/uploads\/2025\/05\/cropped-brand_mark_horizon_blue.png\",\"contentUrl\":\"\/wp-content\/uploads\/2025\/05\/cropped-brand_mark_horizon_blue.png\",\"width\":712,\"height\":204,\"caption\":\"Kurita Europe\"},\"image\":{\"@id\":\"https:\/\/kurita.eu\/en\/#\/schema\/logo\/image\/\"}}]}<\/script>\n<!-- \/ Yoast SEO plugin. -->","yoast_head_json":{"title":"V\u00fdroba energie - Kurita Europe","description":"Spole\u010dnost Kurita dod\u00e1v\u00e1 \u0159e\u0161en\u00ed pro \u00fapravu vody v elektr\u00e1rn\u00e1ch, kter\u00e1 zlep\u0161uj\u00ed \u00fa\u010dinnost, zkracuj\u00ed prostoje a spl\u0148uj\u00ed ekologick\u00e9 normy.","robots":{"index":"index","follow":"follow","max-snippet":"max-snippet:-1","max-image-preview":"max-image-preview:large","max-video-preview":"max-video-preview:-1"},"canonical":"https:\/\/www.kurita.eu\/cs\/prumyslova-odvetvi\/vyroba-energie\/","og_locale":"cs_CZ","og_type":"article","og_title":"Power Generation - Kurita Europe","og_description":"Kurita delivers water treatment solutions for power plants to improve efficiency, reduce downtime, and meet environmental standards.","og_url":"https:\/\/www.kurita.eu\/cs\/prumyslova-odvetvi\/vyroba-energie\/","og_site_name":"Kurita Europe","article_modified_time":"2026-02-16T15:16:08+00:00","og_image":[{"width":2560,"height":1705,"url":"https:\/\/www.kurita.eu\/wp-content\/uploads\/2025\/04\/aerial-view-of-modern-power-plant-industrial-landscape-scaled-1.jpg","type":"image\/jpeg"}],"twitter_card":"summary_large_image","twitter_misc":{"Odhadovan\u00e1 doba \u010dten\u00ed":"3 minuty"},"schema":{"@context":"https:\/\/schema.org","@graph":[{"@type":"WebPage","@id":"https:\/\/www.kurita.eu\/se\/industrier\/kraftproduktion\/","url":"https:\/\/www.kurita.eu\/se\/industrier\/kraftproduktion\/","name":"V\u00fdroba energie - Kurita Europe","isPartOf":{"@id":"https:\/\/kurita.eu\/en\/#website"},"primaryImageOfPage":{"@id":"https:\/\/www.kurita.eu\/se\/industrier\/kraftproduktion\/#primaryimage"},"image":{"@id":"https:\/\/www.kurita.eu\/se\/industrier\/kraftproduktion\/#primaryimage"},"thumbnailUrl":"\/wp-content\/uploads\/2025\/04\/aerial-view-of-modern-power-plant-industrial-landscape-scaled-1.jpg","datePublished":"2025-04-24T09:26:02+00:00","dateModified":"2026-02-16T15:16:08+00:00","description":"Spole\u010dnost Kurita dod\u00e1v\u00e1 \u0159e\u0161en\u00ed pro \u00fapravu vody v elektr\u00e1rn\u00e1ch, kter\u00e1 zlep\u0161uj\u00ed \u00fa\u010dinnost, zkracuj\u00ed prostoje a spl\u0148uj\u00ed ekologick\u00e9 normy.","breadcrumb":{"@id":"https:\/\/www.kurita.eu\/se\/industrier\/kraftproduktion\/#breadcrumb"},"inLanguage":"cs","potentialAction":[{"@type":"ReadAction","target":["https:\/\/www.kurita.eu\/se\/industrier\/kraftproduktion\/"]}]},{"@type":"ImageObject","inLanguage":"cs","@id":"https:\/\/www.kurita.eu\/se\/industrier\/kraftproduktion\/#primaryimage","url":"\/wp-content\/uploads\/2025\/04\/aerial-view-of-modern-power-plant-industrial-landscape-scaled-1.jpg","contentUrl":"\/wp-content\/uploads\/2025\/04\/aerial-view-of-modern-power-plant-industrial-landscape-scaled-1.jpg","width":2560,"height":1705},{"@type":"BreadcrumbList","@id":"https:\/\/www.kurita.eu\/se\/industrier\/kraftproduktion\/#breadcrumb","itemListElement":[{"@type":"ListItem","position":1,"name":"Home","item":"https:\/\/www.kurita.eu\/en\/"},{"@type":"ListItem","position":2,"name":"Industries","item":"https:\/\/www.kurita.eu\/tr\/endustriler\/"},{"@type":"ListItem","position":3,"name":"Power Generation"}]},{"@type":"WebSite","@id":"https:\/\/kurita.eu\/en\/#website","url":"https:\/\/kurita.eu\/en\/","name":"Kurita Europe","description":"\u0158e\u0161en\u00ed pro \u00fapravu vody","publisher":{"@id":"https:\/\/kurita.eu\/en\/#organization"},"potentialAction":[{"@type":"SearchAction","target":{"@type":"EntryPoint","urlTemplate":"https:\/\/kurita.eu\/en\/?s={search_term_string}"},"query-input":{"@type":"PropertyValueSpecification","valueRequired":true,"valueName":"search_term_string"}}],"inLanguage":"cs"},{"@type":"Organization","@id":"https:\/\/kurita.eu\/en\/#organization","name":"Kurita Europe","url":"https:\/\/kurita.eu\/en\/","logo":{"@type":"ImageObject","inLanguage":"cs","@id":"https:\/\/kurita.eu\/en\/#\/schema\/logo\/image\/","url":"\/wp-content\/uploads\/2025\/05\/cropped-brand_mark_horizon_blue.png","contentUrl":"\/wp-content\/uploads\/2025\/05\/cropped-brand_mark_horizon_blue.png","width":712,"height":204,"caption":"Kurita Europe"},"image":{"@id":"https:\/\/kurita.eu\/en\/#\/schema\/logo\/image\/"}}]}},"_links":{"self":[{"href":"https:\/\/www.kurita.eu\/cs\/wp-json\/wp\/v2\/pages\/13519","targetHints":{"allow":["GET"]}}],"collection":[{"href":"https:\/\/www.kurita.eu\/cs\/wp-json\/wp\/v2\/pages"}],"about":[{"href":"https:\/\/www.kurita.eu\/cs\/wp-json\/wp\/v2\/types\/page"}],"author":[{"embeddable":true,"href":"https:\/\/www.kurita.eu\/cs\/wp-json\/wp\/v2\/users\/2"}],"replies":[{"embeddable":true,"href":"https:\/\/www.kurita.eu\/cs\/wp-json\/wp\/v2\/comments?post=13519"}],"version-history":[{"count":30,"href":"https:\/\/www.kurita.eu\/cs\/wp-json\/wp\/v2\/pages\/13519\/revisions"}],"predecessor-version":[{"id":20285,"href":"https:\/\/www.kurita.eu\/cs\/wp-json\/wp\/v2\/pages\/13519\/revisions\/20285"}],"up":[{"embeddable":true,"href":"https:\/\/www.kurita.eu\/cs\/wp-json\/wp\/v2\/pages\/17058"}],"wp:featuredmedia":[{"embeddable":true,"href":"https:\/\/www.kurita.eu\/cs\/wp-json\/wp\/v2\/media\/14084"}],"wp:attachment":[{"href":"https:\/\/www.kurita.eu\/cs\/wp-json\/wp\/v2\/media?parent=13519"}],"curies":[{"name":"wp","href":"https:\/\/api.w.org\/{rel}","templated":true}]}}