{"id":14143,"date":"2025-04-25T07:15:29","date_gmt":"2025-04-25T07:15:29","guid":{"rendered":"https:\/\/kurita-eu-gudza2cjbzfhcwbx.francecentral-01.azurewebsites.net\/?page_id=14143"},"modified":"2026-03-10T14:17:47","modified_gmt":"2026-03-10T14:17:47","slug":"kuriauto","status":"publish","type":"page","link":"https:\/\/www.kurita.eu\/cs\/solutions\/kuriauto\/","title":{"rendered":"Kuriauto\u00ae"},"content":{"rendered":"<div data-elementor-type=\"wp-page\" data-elementor-id=\"14143\" class=\"elementor elementor-14143\" data-elementor-post-type=\"page\">\n\t\t\t\t\t\t<section class=\"elementor-section elementor-top-section elementor-element elementor-element-40ec5212 elementor-section-full_width elementor-section-height-default elementor-section-height-default\" data-id=\"40ec5212\" data-element_type=\"section\" data-e-type=\"section\">\n\t\t\t\t\t\t<div class=\"elementor-container elementor-column-gap-default\">\n\t\t\t\t\t<div class=\"elementor-column elementor-col-100 elementor-top-column elementor-element elementor-element-3dc4a8a0\" data-id=\"3dc4a8a0\" data-element_type=\"column\" data-e-type=\"column\">\n\t\t\t<div class=\"elementor-widget-wrap elementor-element-populated\">\n\t\t\t\t\t\t<div class=\"elementor-element elementor-element-82f2869 elementor--h-position-center elementor--v-position-middle elementor-arrows-position-inside elementor-pagination-position-inside elementor-widget elementor-widget-slides\" data-id=\"82f2869\" data-element_type=\"widget\" data-e-type=\"widget\" data-settings=\"{&quot;navigation&quot;:&quot;both&quot;,&quot;autoplay&quot;:&quot;yes&quot;,&quot;pause_on_hover&quot;:&quot;yes&quot;,&quot;pause_on_interaction&quot;:&quot;yes&quot;,&quot;autoplay_speed&quot;:5000,&quot;infinite&quot;:&quot;yes&quot;,&quot;transition&quot;:&quot;slide&quot;,&quot;transition_speed&quot;:500}\" data-widget_type=\"slides.default\">\n\t\t\t\t<div class=\"elementor-widget-container\">\n\t\t\t\t\t\t\t\t\t<div class=\"elementor-swiper\">\n\t\t\t\t\t<div class=\"elementor-slides-wrapper elementor-main-swiper swiper\" role=\"region\" aria-roledescription=\"carousel\" aria-label=\"Slides\" dir=\"ltr\" data-animation=\"fadeInUp\">\n\t\t\t\t<div class=\"swiper-wrapper elementor-slides\">\n\t\t\t\t\t\t\t\t\t\t<div class=\"elementor-repeater-item-4e0b9f7 swiper-slide\" role=\"group\" aria-roledescription=\"slide\"><div class=\"swiper-slide-bg elementor-ken-burns elementor-ken-burns--in\" role=\"img\" aria-label=\"Applications_WaterTreatment-401e7d4b-1.jpg\"><\/div><div class=\"elementor-background-overlay\"><\/div><div class=\"swiper-slide-inner\" ><div class=\"swiper-slide-contents\"><h1 class=\"elementor-slide-heading\">Kuriauto\u00ae<\/h1><\/div><\/div><\/div>\t\t\t\t<\/div>\n\t\t\t\t\t\t\t<\/div>\n\t\t\t\t<\/div>\n\t\t\t\t\t\t\t\t<\/div>\n\t\t\t\t<\/div>\n\t\t\t\t\t<\/div>\n\t\t<\/div>\n\t\t\t\t\t<\/div>\n\t\t<\/section>\n\t\t\t\t<section class=\"elementor-section elementor-top-section elementor-element elementor-element-5db5a5bb elementor-section-boxed elementor-section-height-default elementor-section-height-default\" data-id=\"5db5a5bb\" data-element_type=\"section\" data-e-type=\"section\">\n\t\t\t\t\t\t<div class=\"elementor-container elementor-column-gap-default\">\n\t\t\t\t\t<div class=\"elementor-column elementor-col-66 elementor-top-column elementor-element elementor-element-3ba311d5 margin-content\" data-id=\"3ba311d5\" data-element_type=\"column\" data-e-type=\"column\">\n\t\t\t<div class=\"elementor-widget-wrap elementor-element-populated\">\n\t\t\t\t\t\t<div class=\"elementor-element elementor-element-62887b83 elementor-widget elementor-widget-heading\" data-id=\"62887b83\" data-element_type=\"widget\" data-e-type=\"widget\" data-widget_type=\"heading.default\">\n\t\t\t\t<div class=\"elementor-widget-container\">\n\t\t\t\t\t<h2 class=\"elementor-heading-title elementor-size-default\">Pokro\u010dil\u00e9 l\u00e9\u010debn\u00e9 programy s online monitorov\u00e1n\u00edm Kuriauto\u00ae.<\/h2>\t\t\t\t<\/div>\n\t\t\t\t<\/div>\n\t\t\t\t<div class=\"elementor-element elementor-element-47cc06e3 elementor-invisible elementor-widget elementor-widget-text-editor\" data-id=\"47cc06e3\" data-element_type=\"widget\" data-e-type=\"widget\" data-settings=\"{&quot;_animation&quot;:&quot;fadeInUp&quot;}\" data-widget_type=\"text-editor.default\">\n\t\t\t\t<div class=\"elementor-widget-container\">\n\t\t\t\t\t\t\t\t\t<p>Spr\u00e1vn\u00e1 monitorovac\u00ed \u0159e\u0161en\u00ed pro spr\u00e1vnou l\u00e9\u010dbu:<\/p><ul><li>Anal\u00fdza \u00fa\u010dinn\u00fdch l\u00e1tek zajist\u00ed, \u017ee v\u017edy odm\u011b\u0159\u00edte \u00fa\u010dinn\u00fd produkt.<\/li><li>Fotometrick\u00e1 m\u011b\u0159en\u00ed, nap\u0159.\u00a0<a href=\"https:\/\/www.kurita.eu\/cs\/reseni\/turbodispin-basidin\/\">Turbodispin<sup>\u00ae<\/sup><\/a>, m\u011b\u0159en\u00ed na b\u00e1zi polymer\u016f, ale tak\u00e9 pro\u00a0<a href=\"https:\/\/www.kurita.eu\/cs\/reseni\/cetamin\/\">Cetamine<sup>\u00ae<\/sup><\/a>\u00a0obsah.<\/li><li>Snadno nastaviteln\u00e9 intervaly anal\u00fdzy pro optim\u00e1ln\u00ed frekvenci anal\u00fdzy a spot\u0159ebu \u010dinidla podle indexu doby udr\u017eov\u00e1n\u00ed.<\/li><li>Automatizace odp\u011b\u0148ova\u010d\u016f pro optim\u00e1ln\u00ed provoz za\u0159\u00edzen\u00ed pomoc\u00ed \u0159\u00edzen\u00ed p\u011bny.<\/li><li>R\u016fzn\u00e9 dostupn\u00e9 rozsahy umo\u017e\u0148uj\u00ed zvolit spr\u00e1vnou jednotku pro danou aplikaci (nap\u0159. pro kontrolu vodn\u00edho kamene a biofilmu v\u00a0<a href=\"https:\/\/www.kurita.eu\/cs\/applications\/uprava-vody\/chladici-procesni-voda\/\">Chladic\u00ed voda<\/a>,\u00a0<a href=\"https:\/\/www.kurita.eu\/cs\/applications\/uprava-vody\/osetreni-membranou\/\">Reverzn\u00ed osm\u00f3za\u00a0<\/a>nebo\u00a0<a href=\"https:\/\/www.kurita.eu\/cs\/applications\/uprava-vody\/uprava-kotlove-vody\/\">Voda v kotli<\/a>)<\/li><\/ul><p>Krom\u011b toho jsou k dispozici dal\u0161\u00ed m\u011b\u0159ic\u00ed p\u0159\u00edstroje pro kl\u00ed\u010dov\u00e9 parametry vody, jako je alkalita nebo tvrdost.<\/p><p>Dal\u0161\u00ed informace o na\u0161ich \u0159e\u0161en\u00edch vybaven\u00ed:<\/p><ul><li><a href=\"https:\/\/www.kurita.eu\/cs\/applications\/vybaveni-a-technika\/\">Za\u0159\u00edzen\u00ed a technika<\/a><\/li><li><a href=\"https:\/\/www.kurita.eu\/cs\/reseni\/hydrobio-advance\/\">HydroBio<sup>\u00ae<\/sup>:\u00a0<\/a>Efektivn\u00ed a optimalizovan\u00e9 programy o\u0161et\u0159en\u00ed pomoc\u00ed online stanoven\u00ed biofilmu a usazenin vodn\u00edho kamene s HydroBio<sup>\u00ae<\/sup>\u00a0technologie.<\/li><li><a href=\"https:\/\/www.kurita.eu\/cs\/reseni\/hydrobio-advance\/\">HydroBio<sup>\u00ae<\/sup>\u00a0Z\u00e1loha:<\/a>\u00a0Online metoda pro stanoven\u00ed a monitorov\u00e1n\u00ed biofilmu ve v\u0161ech vodovodn\u00edch syst\u00e9mech.<\/li><li><a href=\"https:\/\/www.kurita.eu\/cs\/reseni\/sensing-mx\/\">S.sensing<sup>TM<\/sup> Maticov\u00fd syst\u00e9m:<\/a>\u00a0Zjist\u011bte, jak \u00fasp\u011b\u0161n\u011b \u0159\u00eddit d\u00e1vkov\u00e1n\u00ed produktu a sledovat kl\u00ed\u010dov\u00e9 ukazatele v\u00fdkonu v aplikac\u00edch chladic\u00ed vody.<\/li><li><a href=\"https:\/\/www.kurita.eu\/cs\/reseni\/sensing\/\">S.sensing<sup>TM<\/sup> CS <\/a>: Monitorov\u00e1n\u00ed odpadn\u00edch vod v re\u00e1ln\u00e9m \u010dase a \u0159\u00edzen\u00ed d\u00e1vkov\u00e1n\u00ed.<\/li><\/ul>\t\t\t\t\t\t\t\t<\/div>\n\t\t\t\t<\/div>\n\t\t\t\t\t<\/div>\n\t\t<\/div>\n\t\t\t\t<div class=\"elementor-column elementor-col-33 elementor-top-column elementor-element elementor-element-6b189ff5 margin-content\" data-id=\"6b189ff5\" data-element_type=\"column\" data-e-type=\"column\">\n\t\t\t<div class=\"elementor-widget-wrap elementor-element-populated\">\n\t\t\t\t\t\t<div class=\"elementor-element elementor-element-49449901 elementor-invisible elementor-widget elementor-widget-image\" data-id=\"49449901\" data-element_type=\"widget\" data-e-type=\"widget\" data-settings=\"{&quot;_animation&quot;:&quot;fadeIn&quot;}\" data-widget_type=\"image.default\">\n\t\t\t\t<div class=\"elementor-widget-container\">\n\t\t\t\t\t\t\t\t\t\t\t\t\t\t\t<img fetchpriority=\"high\" decoding=\"async\" width=\"768\" height=\"1153\" src=\"\/wp-content\/uploads\/2025\/04\/KuriAuto_without-nipple_closed5-Large-768x1153.jpg\" class=\"attachment-medium_large size-medium_large wp-image-14145\" alt=\"\" srcset=\"\/wp-content\/uploads\/2025\/04\/KuriAuto_without-nipple_closed5-Large-768x1153.jpg 768w, \/wp-content\/uploads\/2025\/04\/KuriAuto_without-nipple_closed5-Large-200x300.jpg 200w, \/wp-content\/uploads\/2025\/04\/KuriAuto_without-nipple_closed5-Large-682x1024.jpg 682w, \/wp-content\/uploads\/2025\/04\/KuriAuto_without-nipple_closed5-Large.jpg 799w\" sizes=\"(max-width: 768px) 100vw, 768px\" data-no-translation=\"\" \/>\t\t\t\t\t\t\t\t\t\t\t\t\t\t\t<\/div>\n\t\t\t\t<\/div>\n\t\t\t\t\t<\/div>\n\t\t<\/div>\n\t\t\t\t\t<\/div>\n\t\t<\/section>\n\t\t\t\t<section class=\"elementor-section elementor-top-section elementor-element elementor-element-15aff78b elementor-section-boxed elementor-section-height-default elementor-section-height-default\" data-id=\"15aff78b\" data-element_type=\"section\" data-e-type=\"section\" data-settings=\"{&quot;background_background&quot;:&quot;classic&quot;}\">\n\t\t\t\t\t\t<div class=\"elementor-container elementor-column-gap-default\">\n\t\t\t\t\t<div class=\"elementor-column elementor-col-100 elementor-top-column elementor-element elementor-element-42d866b2 margin-content\" data-id=\"42d866b2\" data-element_type=\"column\" data-e-type=\"column\">\n\t\t\t<div class=\"elementor-widget-wrap elementor-element-populated\">\n\t\t\t\t\t\t<div class=\"elementor-element elementor-element-4199b0fa elementor-widget elementor-widget-heading\" data-id=\"4199b0fa\" data-element_type=\"widget\" data-e-type=\"widget\" data-widget_type=\"heading.default\">\n\t\t\t\t<div class=\"elementor-widget-container\">\n\t\t\t\t\t<h2 class=\"elementor-heading-title elementor-size-default\">Jsme v\u00e1m k dispozici<\/h2>\t\t\t\t<\/div>\n\t\t\t\t<\/div>\n\t\t\t\t<div class=\"elementor-element elementor-element-50898590 elementor-widget elementor-widget-html\" data-id=\"50898590\" data-element_type=\"widget\" data-e-type=\"widget\" data-widget_type=\"html.default\">\n\t\t\t\t<div class=\"elementor-widget-container\">\n\t\t\t\t\t<div\r\n        data-form-id='f4d0a8e4-73ce-ef11-b8e8-000d3ab41b62'\r\n        data-form-api-url='https:\/\/public-eur.mkt.dynamics.com\/api\/v1.0\/orgs\/30cac5a2-33f9-ed11-a66d-000d3a64d748\/landingpageforms'\r\n        data-cached-form-url='https:\/\/assets-eur.mkt.dynamics.com\/30cac5a2-33f9-ed11-a66d-000d3a64d748\/digitalassets\/forms\/f4d0a8e4-73ce-ef11-b8e8-000d3ab41b62' ><\/div>\r\n        <script src = 'https:\/\/cxppusa1formui01cdnsa01-endpoint.azureedge.net\/eur\/FormLoader\/FormLoader.bundle.js' ><\/script>\r\n        <script>document.documentElement.lang = navigator.language;<\/script>\t\t\t\t<\/div>\n\t\t\t\t<\/div>\n\t\t\t\t\t<\/div>\n\t\t<\/div>\n\t\t\t\t\t<\/div>\n\t\t<\/section>\n\t\t\t\t<\/div>","protected":false},"excerpt":{"rendered":"<p>Automatizovan\u00fd syst\u00e9m \u0159\u00edzen\u00ed \u00fapravy vody pro p\u0159esn\u00e9 d\u00e1vkov\u00e1n\u00ed, monitorov\u00e1n\u00ed a zlep\u0161en\u00ed \u00fa\u010dinnosti za\u0159\u00edzen\u00ed.<\/p>","protected":false},"author":2,"featured_media":0,"parent":13875,"menu_order":0,"comment_status":"closed","ping_status":"closed","template":"","meta":{"footnotes":""},"class_list":["post-14143","page","type-page","status-publish","hentry"],"_links":{"self":[{"href":"https:\/\/www.kurita.eu\/cs\/wp-json\/wp\/v2\/pages\/14143","targetHints":{"allow":["GET"]}}],"collection":[{"href":"https:\/\/www.kurita.eu\/cs\/wp-json\/wp\/v2\/pages"}],"about":[{"href":"https:\/\/www.kurita.eu\/cs\/wp-json\/wp\/v2\/types\/page"}],"author":[{"embeddable":true,"href":"https:\/\/www.kurita.eu\/cs\/wp-json\/wp\/v2\/users\/2"}],"replies":[{"embeddable":true,"href":"https:\/\/www.kurita.eu\/cs\/wp-json\/wp\/v2\/comments?post=14143"}],"version-history":[{"count":17,"href":"https:\/\/www.kurita.eu\/cs\/wp-json\/wp\/v2\/pages\/14143\/revisions"}],"predecessor-version":[{"id":21136,"href":"https:\/\/www.kurita.eu\/cs\/wp-json\/wp\/v2\/pages\/14143\/revisions\/21136"}],"up":[{"embeddable":true,"href":"https:\/\/www.kurita.eu\/cs\/wp-json\/wp\/v2\/pages\/13875"}],"wp:attachment":[{"href":"https:\/\/www.kurita.eu\/cs\/wp-json\/wp\/v2\/media?parent=14143"}],"curies":[{"name":"wp","href":"https:\/\/api.w.org\/{rel}","templated":true}]}}