{"id":14186,"date":"2025-04-25T07:32:59","date_gmt":"2025-04-25T07:32:59","guid":{"rendered":"https:\/\/kurita-eu-gudza2cjbzfhcwbx.francecentral-01.azurewebsites.net\/?page_id=14186"},"modified":"2025-05-15T08:49:19","modified_gmt":"2025-05-15T08:49:19","slug":"kuristuck","status":"publish","type":"page","link":"https:\/\/www.kurita.eu\/cs\/reseni\/kuristuck\/","title":{"rendered":"Kuristuck"},"content":{"rendered":"<div data-elementor-type=\"wp-page\" data-elementor-id=\"14186\" class=\"elementor elementor-14186\" data-elementor-post-type=\"page\">\n\t\t\t\t\t\t<section class=\"elementor-section elementor-top-section elementor-element elementor-element-4d092c5 elementor-section-full_width elementor-section-height-default elementor-section-height-default\" data-id=\"4d092c5\" data-element_type=\"section\" data-e-type=\"section\">\n\t\t\t\t\t\t<div class=\"elementor-container elementor-column-gap-default\">\n\t\t\t\t\t<div class=\"elementor-column elementor-col-100 elementor-top-column elementor-element elementor-element-2051af20\" data-id=\"2051af20\" data-element_type=\"column\" data-e-type=\"column\">\n\t\t\t<div class=\"elementor-widget-wrap elementor-element-populated\">\n\t\t\t\t\t\t<div class=\"elementor-element elementor-element-5c4e54c6 elementor--h-position-center elementor--v-position-middle elementor-arrows-position-inside elementor-pagination-position-inside elementor-widget elementor-widget-slides\" data-id=\"5c4e54c6\" data-element_type=\"widget\" data-e-type=\"widget\" data-settings=\"{&quot;navigation&quot;:&quot;both&quot;,&quot;autoplay&quot;:&quot;yes&quot;,&quot;pause_on_hover&quot;:&quot;yes&quot;,&quot;pause_on_interaction&quot;:&quot;yes&quot;,&quot;autoplay_speed&quot;:5000,&quot;infinite&quot;:&quot;yes&quot;,&quot;transition&quot;:&quot;slide&quot;,&quot;transition_speed&quot;:500}\" data-widget_type=\"slides.default\">\n\t\t\t\t<div class=\"elementor-widget-container\">\n\t\t\t\t\t\t\t\t\t<div class=\"elementor-swiper\">\n\t\t\t\t\t<div class=\"elementor-slides-wrapper elementor-main-swiper swiper\" role=\"region\" aria-roledescription=\"carousel\" aria-label=\"Slides\" dir=\"ltr\" data-animation=\"fadeInUp\">\n\t\t\t\t<div class=\"swiper-wrapper elementor-slides\">\n\t\t\t\t\t\t\t\t\t\t<div class=\"elementor-repeater-item-4e0b9f7 swiper-slide\" role=\"group\" aria-roledescription=\"slide\"><div class=\"swiper-slide-bg elementor-ken-burns elementor-ken-burns--in\" role=\"img\" aria-label=\"Splash-690a7c09.png\"><\/div><div class=\"elementor-background-overlay\"><\/div><div class=\"swiper-slide-inner\" ><div class=\"swiper-slide-contents\"><div class=\"elementor-slide-heading\">Kuristuck<\/div><\/div><\/div><\/div>\t\t\t\t<\/div>\n\t\t\t\t\t\t\t<\/div>\n\t\t\t\t<\/div>\n\t\t\t\t\t\t\t\t<\/div>\n\t\t\t\t<\/div>\n\t\t\t\t\t<\/div>\n\t\t<\/div>\n\t\t\t\t\t<\/div>\n\t\t<\/section>\n\t\t\t\t<section class=\"elementor-section elementor-top-section elementor-element elementor-element-74dff37 elementor-section-boxed elementor-section-height-default elementor-section-height-default\" data-id=\"74dff37\" data-element_type=\"section\" data-e-type=\"section\">\n\t\t\t\t\t\t<div class=\"elementor-container elementor-column-gap-default\">\n\t\t\t\t\t<div class=\"elementor-column elementor-col-66 elementor-top-column elementor-element elementor-element-2711732d margin-content\" data-id=\"2711732d\" data-element_type=\"column\" data-e-type=\"column\">\n\t\t\t<div class=\"elementor-widget-wrap elementor-element-populated\">\n\t\t\t\t\t\t<div class=\"elementor-element elementor-element-3b9efde1 elementor-widget elementor-widget-heading\" data-id=\"3b9efde1\" data-element_type=\"widget\" data-e-type=\"widget\" data-widget_type=\"heading.default\">\n\t\t\t\t<div class=\"elementor-widget-container\">\n\t\t\t\t\t<h4 class=\"elementor-heading-title elementor-size-default\">Origin\u00e1ln\u00ed a kompetentn\u00ed technologie Kuristuck podporuj\u00edc\u00ed udr\u017eitelnost p\u0159i o\u0161et\u0159ov\u00e1n\u00ed lakovac\u00edch box\u016f.\n<\/h4>\t\t\t\t<\/div>\n\t\t\t\t<\/div>\n\t\t\t\t<div class=\"elementor-element elementor-element-647d45bf elementor-invisible elementor-widget elementor-widget-text-editor\" data-id=\"647d45bf\" data-element_type=\"widget\" data-e-type=\"widget\" data-settings=\"{&quot;_animation&quot;:&quot;fadeInUp&quot;}\" data-widget_type=\"text-editor.default\">\n\t\t\t\t<div class=\"elementor-widget-container\">\n\t\t\t\t\t\t\t\t\t<p>V lakovac\u00edch boxech se pomoc\u00ed jedn\u00e9 nebo v\u00edce vrstev laku nat\u00edraj\u00ed r\u016fzn\u00e9 karoserie a n\u00e1hradn\u00ed d\u00edly z automobilov\u00e9ho pr\u016fmyslu, v\u00fdroby spot\u0159ebi\u010d\u016f, elektroniky, plast\u016f a dal\u0161\u00edch odv\u011btv\u00ed. Hlavn\u00edm c\u00edlem o\u0161et\u0159en\u00ed lakovac\u00ed kabiny je odstranit co nejv\u00edce p\u0159est\u0159\u00edkan\u00e9 barvy pro \u00fasp\u011b\u0161n\u00fd provoz. Na\u0161e technologie Kuristuck tento po\u017eadavek spl\u0148uje t\u00edm, \u017ee odstra\u0148uje p\u0159est\u0159ik ve form\u011b such\u00e9ho kalu a jde je\u0161t\u011b o krok d\u00e1l oproti klasick\u00e9mu v\u00fdkonu o\u0161et\u0159en\u00ed t\u00edm, \u017ee zvy\u0161uje celkovou \u00fa\u010dinnost syst\u00e9mu. Hlavn\u00edmi funkcemi o\u0161et\u0159ovac\u00edch produkt\u016f jsou sn\u00ed\u017een\u00ed lepivosti p\u0159est\u0159\u00edkan\u00e9 barvy a zlep\u0161en\u00ed separace barvy od vody. V\u00fdsledkem je krom\u011b men\u0161\u00ed tvorby a snadn\u00e9ho zpracov\u00e1n\u00ed kalu tak\u00e9 zv\u00fd\u0161en\u00ed m\u00edry recyklace vody.<\/p>\t\t\t\t\t\t\t\t<\/div>\n\t\t\t\t<\/div>\n\t\t\t\t\t<\/div>\n\t\t<\/div>\n\t\t\t\t<div class=\"elementor-column elementor-col-33 elementor-top-column elementor-element elementor-element-30a91d1 margin-content\" data-id=\"30a91d1\" data-element_type=\"column\" data-e-type=\"column\">\n\t\t\t<div class=\"elementor-widget-wrap elementor-element-populated\">\n\t\t\t\t\t\t\t<\/div>\n\t\t<\/div>\n\t\t\t\t\t<\/div>\n\t\t<\/section>\n\t\t\t\t<section class=\"elementor-section elementor-top-section elementor-element elementor-element-27488785 elementor-section-boxed elementor-section-height-default elementor-section-height-default\" data-id=\"27488785\" data-element_type=\"section\" data-e-type=\"section\" data-settings=\"{&quot;background_background&quot;:&quot;classic&quot;}\">\n\t\t\t\t\t\t<div class=\"elementor-container elementor-column-gap-default\">\n\t\t\t\t\t<div class=\"elementor-column elementor-col-100 elementor-top-column elementor-element elementor-element-7db7d77a margin-content\" data-id=\"7db7d77a\" data-element_type=\"column\" data-e-type=\"column\">\n\t\t\t<div class=\"elementor-widget-wrap elementor-element-populated\">\n\t\t\t\t\t\t<div class=\"elementor-element elementor-element-2305afdc elementor-widget elementor-widget-heading\" data-id=\"2305afdc\" data-element_type=\"widget\" data-e-type=\"widget\" data-widget_type=\"heading.default\">\n\t\t\t\t<div class=\"elementor-widget-container\">\n\t\t\t\t\t<h4 class=\"elementor-heading-title elementor-size-default\">Technologie Kuristuck optimalizuje provoz lakovac\u00ed kabiny t\u00edm, \u017ee:\n<\/h4>\t\t\t\t<\/div>\n\t\t\t\t<\/div>\n\t\t\t\t<div class=\"elementor-element elementor-element-7c5d7989 elementor-invisible elementor-widget elementor-widget-text-editor\" data-id=\"7c5d7989\" data-element_type=\"widget\" data-e-type=\"widget\" data-settings=\"{&quot;_animation&quot;:&quot;fadeIn&quot;}\" data-widget_type=\"text-editor.default\">\n\t\t\t\t<div class=\"elementor-widget-container\">\n\t\t\t\t\t\t\t\t\t<ul><li>Kompletn\u00ed detailizace n\u00e1t\u011br\u016f: lep\u0161\u00ed celkov\u00e1 \u00fa\u010dinnost syst\u00e9mu<\/li><li>Sn\u00ed\u017een\u00ed mno\u017estv\u00ed odv\u00e1d\u011bn\u00e9 vody: \u00faspora vody, odvodn\u011bn\u00ed a emis\u00ed CO<sub>2<\/sub>\u00a0sn\u00ed\u017een\u00ed<\/li><li>N\u00e1kladov\u011b efektivn\u00ed likvidace such\u00e9ho kalu, kter\u00e1 vede ke vzniku odpadu a emis\u00ed CO<sub>2<\/sub>\u00a0sn\u00ed\u017een\u00ed<\/li><li>Prevence p\u011bn\u011bn\u00ed, z\u00e1pachu a koroze<\/li><li>P\u0159\u00ednosy pro \u017eivotn\u00ed prost\u0159ed\u00ed d\u00edky sn\u00ed\u017een\u00ed dopadu na \u017eivotn\u00ed prost\u0159ed\u00ed<\/li><\/ul>\t\t\t\t\t\t\t\t<\/div>\n\t\t\t\t<\/div>\n\t\t\t\t\t<\/div>\n\t\t<\/div>\n\t\t\t\t\t<\/div>\n\t\t<\/section>\n\t\t\t\t<section class=\"elementor-section elementor-top-section elementor-element elementor-element-17162d38 elementor-section-boxed elementor-section-height-default elementor-section-height-default\" data-id=\"17162d38\" data-element_type=\"section\" data-e-type=\"section\" data-settings=\"{&quot;background_background&quot;:&quot;classic&quot;}\">\n\t\t\t\t\t\t<div class=\"elementor-container elementor-column-gap-default\">\n\t\t\t\t\t<div class=\"elementor-column elementor-col-100 elementor-top-column elementor-element elementor-element-7fedd60a margin-content\" data-id=\"7fedd60a\" data-element_type=\"column\" data-e-type=\"column\">\n\t\t\t<div class=\"elementor-widget-wrap elementor-element-populated\">\n\t\t\t\t\t\t<div class=\"elementor-element elementor-element-6b3d9fde elementor-widget elementor-widget-heading\" data-id=\"6b3d9fde\" data-element_type=\"widget\" data-e-type=\"widget\" data-widget_type=\"heading.default\">\n\t\t\t\t<div class=\"elementor-widget-container\">\n\t\t\t\t\t<h4 class=\"elementor-heading-title elementor-size-default\">Inovativn\u00ed technologie detrakce a koagulace pro rozpou\u0161t\u011bdlov\u00e9 a vodou \u0159editeln\u00e9 barvy:<\/h4>\t\t\t\t<\/div>\n\t\t\t\t<\/div>\n\t\t\t\t<div class=\"elementor-element elementor-element-382d0d2a elementor-invisible elementor-widget elementor-widget-text-editor\" data-id=\"382d0d2a\" data-element_type=\"widget\" data-e-type=\"widget\" data-settings=\"{&quot;_animation&quot;:&quot;fadeIn&quot;}\" data-widget_type=\"text-editor.default\">\n\t\t\t\t<div class=\"elementor-widget-container\">\n\t\t\t\t\t\t\t\t\t<ul><li>Rozpou\u0161t\u011bdlov\u00e9 barvy lze o\u0161et\u0159it p\u0159\u00edpravkem Kuristuck B-200 a \u00fapravou pH nebo kombinac\u00ed p\u0159\u00edpravk\u016f Kuristuck B-800 a Kuristuck B-450.<\/li><li>Vodou \u0159editeln\u00e9 barvy lze o\u0161et\u0159it p\u0159\u00edpravkem Kuristuck B-210 a \u00fapravou pH nebo kombinac\u00ed p\u0159\u00edpravk\u016f Kuristuck B-800 a Kuristuck B-450\/B-456.<\/li><li>Kuristuck B-800 je patentovan\u00e1 technologie. Zachov\u00e1v\u00e1 trvanlivost prevence tvorby p\u011bny bez \u00fapravy pH a zaji\u0161\u0165uje nelepiv\u00fd kal, kter\u00fd se nelep\u00ed na syst\u00e9m.<\/li><li>Bezolejov\u00e9 flokula\u010dn\u00ed polymery Kuriflock umo\u017e\u0148uj\u00ed zlep\u0161it proces flokulace a spr\u00e1vn\u00fd p\u0159enos kalu do syst\u00e9mu pro regeneraci kalu z lakovac\u00ed kabiny.<\/li><li>P\u0159\u00edslu\u0161n\u00fd sortiment odp\u011b\u0148ova\u010d\u016f podporuje o\u0161et\u0159ovac\u00ed produkty pro bezprobl\u00e9mov\u00fd provoz lakovac\u00edch kabin.<\/li><\/ul>\t\t\t\t\t\t\t\t<\/div>\n\t\t\t\t<\/div>\n\t\t\t\t\t<\/div>\n\t\t<\/div>\n\t\t\t\t\t<\/div>\n\t\t<\/section>\n\t\t\t\t<section class=\"elementor-section elementor-top-section elementor-element elementor-element-5acd5eed elementor-section-boxed elementor-section-height-default elementor-section-height-default\" data-id=\"5acd5eed\" data-element_type=\"section\" data-e-type=\"section\" data-settings=\"{&quot;background_background&quot;:&quot;classic&quot;}\">\n\t\t\t\t\t\t<div class=\"elementor-container elementor-column-gap-default\">\n\t\t\t\t\t<div class=\"elementor-column elementor-col-100 elementor-top-column elementor-element elementor-element-2a6bef74 margin-content\" data-id=\"2a6bef74\" data-element_type=\"column\" data-e-type=\"column\">\n\t\t\t<div class=\"elementor-widget-wrap elementor-element-populated\">\n\t\t\t\t\t\t<div class=\"elementor-element elementor-element-7320323f elementor-widget elementor-widget-heading\" data-id=\"7320323f\" data-element_type=\"widget\" data-e-type=\"widget\" data-widget_type=\"heading.default\">\n\t\t\t\t<div class=\"elementor-widget-container\">\n\t\t\t\t\t<h4 class=\"elementor-heading-title elementor-size-default\">Komplexn\u00ed sortiment v\u00fdrobk\u016f a na m\u00edru \u0161it\u00e9 programy o\u0161et\u0159en\u00ed barev pro \u00fa\u010dely:<\/h4>\t\t\t\t<\/div>\n\t\t\t\t<\/div>\n\t\t\t\t<div class=\"elementor-element elementor-element-12dfa850 elementor-invisible elementor-widget elementor-widget-text-editor\" data-id=\"12dfa850\" data-element_type=\"widget\" data-e-type=\"widget\" data-settings=\"{&quot;_animation&quot;:&quot;fadeIn&quot;}\" data-widget_type=\"text-editor.default\">\n\t\t\t\t<div class=\"elementor-widget-container\">\n\t\t\t\t\t\t\t\t\t<ul><li>Vylep\u0161en\u00e1 detai\ufb01kace\u00a0<\/li><li>Zv\u00fd\u0161en\u00e1 m\u00edra vyu\u017eit\u00ed kalu<\/li><li>Sn\u00ed\u017een\u00e1 frekvence \u010di\u0161t\u011bn\u00ed<\/li><li>Sn\u00ed\u017een\u00ed vypou\u0161t\u011bn\u00ed vody<\/li><li>Plynul\u00fd a bezpe\u010dn\u00fd provoz za\u0159\u00edzen\u00ed<\/li><li>Sn\u00ed\u017een\u00ed celkov\u00fdch n\u00e1klad\u016f na vlastnictv\u00ed<\/li><\/ul><p>\u00a0<\/p>\t\t\t\t\t\t\t\t<\/div>\n\t\t\t\t<\/div>\n\t\t\t\t<div class=\"elementor-element elementor-element-3bbc00c9 elementor-widget elementor-widget-text-editor\" data-id=\"3bbc00c9\" data-element_type=\"widget\" data-e-type=\"widget\" data-widget_type=\"text-editor.default\">\n\t\t\t\t<div class=\"elementor-widget-container\">\n\t\t\t\t\t\t\t\t\t<p>Ka\u017ed\u00e1 lakovac\u00ed kabina je jedine\u010dn\u00e1 vzhledem k mno\u017estv\u00ed ovliv\u0148uj\u00edc\u00edch faktor\u016f a je t\u0159eba zajistit specifick\u00e9 \u0159e\u0161en\u00ed chemick\u00e9ho o\u0161et\u0159en\u00ed a monitorov\u00e1n\u00ed p\u0159izp\u016fsoben\u00e9 va\u0161im zvl\u00e1\u0161tn\u00edm pot\u0159eb\u00e1m. Va\u0161e syst\u00e9my v\u017edy celkov\u011b prozkoum\u00e1me s p\u0159ihl\u00e9dnut\u00edm ke v\u0161em faktor\u016fm a nab\u00eddneme nejvhodn\u011bj\u0161\u00ed \u0159e\u0161en\u00ed o\u0161et\u0159en\u00ed.<\/p>\t\t\t\t\t\t\t\t<\/div>\n\t\t\t\t<\/div>\n\t\t\t\t\t<\/div>\n\t\t<\/div>\n\t\t\t\t\t<\/div>\n\t\t<\/section>\n\t\t\t\t<section class=\"elementor-section elementor-top-section elementor-element elementor-element-6db15d1c elementor-section-boxed elementor-section-height-default elementor-section-height-default\" data-id=\"6db15d1c\" data-element_type=\"section\" data-e-type=\"section\" data-settings=\"{&quot;background_background&quot;:&quot;classic&quot;}\">\n\t\t\t\t\t\t<div class=\"elementor-container elementor-column-gap-default\">\n\t\t\t\t\t<div class=\"elementor-column elementor-col-100 elementor-top-column elementor-element elementor-element-4cbcb685 margin-content\" data-id=\"4cbcb685\" data-element_type=\"column\" data-e-type=\"column\">\n\t\t\t<div class=\"elementor-widget-wrap elementor-element-populated\">\n\t\t\t\t\t\t<div class=\"elementor-element elementor-element-749341fb elementor-widget elementor-widget-heading\" data-id=\"749341fb\" data-element_type=\"widget\" data-e-type=\"widget\" data-widget_type=\"heading.default\">\n\t\t\t\t<div class=\"elementor-widget-container\">\n\t\t\t\t\t<h2 class=\"elementor-heading-title elementor-size-default\">Jsme v\u00e1m k dispozici<\/h2>\t\t\t\t<\/div>\n\t\t\t\t<\/div>\n\t\t\t\t<div class=\"elementor-element elementor-element-038e855 elementor-widget elementor-widget-global elementor-global-15703 elementor-widget-html\" data-id=\"038e855\" data-element_type=\"widget\" data-e-type=\"widget\" data-widget_type=\"html.default\">\n\t\t\t\t<div class=\"elementor-widget-container\">\n\t\t\t\t\t<div\r\n        data-form-id='f4d0a8e4-73ce-ef11-b8e8-000d3ab41b62'\r\n        data-form-api-url='https:\/\/public-eur.mkt.dynamics.com\/api\/v1.0\/orgs\/30cac5a2-33f9-ed11-a66d-000d3a64d748\/landingpageforms'\r\n        data-cached-form-url='https:\/\/assets-eur.mkt.dynamics.com\/30cac5a2-33f9-ed11-a66d-000d3a64d748\/digitalassets\/forms\/f4d0a8e4-73ce-ef11-b8e8-000d3ab41b62' ><\/div>\r\n        <script src = 'https:\/\/cxppusa1formui01cdnsa01-endpoint.azureedge.net\/eur\/FormLoader\/FormLoader.bundle.js' ><\/script>\r\n        <script>document.documentElement.lang = navigator.language;<\/script>\t\t\t\t<\/div>\n\t\t\t\t<\/div>\n\t\t\t\t\t<\/div>\n\t\t<\/div>\n\t\t\t\t\t<\/div>\n\t\t<\/section>\n\t\t\t\t<\/div>","protected":false},"excerpt":{"rendered":"<p>Kuristuck Original a kompetentn\u00ed technologie Kuristuck na podporu udr\u017eitelnosti p\u0159i o\u0161et\u0159ov\u00e1n\u00ed lakovac\u00edch kabin. V syst\u00e9mech lakovac\u00edch kabin se pomoc\u00ed jedn\u00e9 nebo v\u00edce vrstev n\u00e1t\u011brov\u00fdch hmot nat\u00edraj\u00ed r\u016fzn\u00e9 karoserie a n\u00e1hradn\u00ed d\u00edly z automobilov\u00e9ho pr\u016fmyslu, v\u00fdroby spot\u0159ebi\u010d\u016f, elektroniky, plast\u016f a dal\u0161\u00edch odv\u011btv\u00ed. Hlavn\u00edm c\u00edlem o\u0161et\u0159en\u00ed lakovac\u00ed kabiny je odstranit co nejv\u00edce p\u0159est\u0159\u00edkan\u00e9 barvy z lakovac\u00ed kabiny, a to [...]<\/p>","protected":false},"author":2,"featured_media":0,"parent":13875,"menu_order":0,"comment_status":"closed","ping_status":"closed","template":"","meta":{"footnotes":""},"class_list":["post-14186","page","type-page","status-publish","hentry"],"yoast_head":"<!-- This site is optimized with the Yoast SEO plugin v25.5 - https:\/\/yoast.com\/wordpress\/plugins\/seo\/ -->\n<title>Kuristuck - Kurita Europe<\/title>\n<meta name=\"robots\" content=\"index, follow, max-snippet:-1, max-image-preview:large, max-video-preview:-1\" \/>\n<link rel=\"canonical\" href=\"https:\/\/www.kurita.eu\/cs\/reseni\/kuristuck\/\" \/>\n<meta property=\"og:locale\" content=\"cs_CZ\" \/>\n<meta property=\"og:type\" content=\"article\" \/>\n<meta property=\"og:title\" content=\"Kuristuck - Kurita Europe\" \/>\n<meta property=\"og:description\" content=\"Kuristuck Original and competent Kuristuck Technology to support sustainability at paint booth treatment. In paint booth systems, different body and spare parts from automotive, appliance, electronics, plastics and other industries are coated by using one or multiple layers of paints. The main goal of the paint booth treatment is to remove as much overspray paint [&hellip;]\" \/>\n<meta property=\"og:url\" content=\"https:\/\/www.kurita.eu\/cs\/reseni\/kuristuck\/\" \/>\n<meta property=\"og:site_name\" content=\"Kurita Europe\" \/>\n<meta property=\"article:modified_time\" content=\"2025-05-15T08:49:19+00:00\" \/>\n<meta property=\"og:image\" content=\"https:\/\/www.kurita.eu\/wp-content\/uploads\/2025\/07\/kurita-favicon-512x512-1.png\" \/>\n\t<meta property=\"og:image:width\" content=\"512\" \/>\n\t<meta property=\"og:image:height\" content=\"512\" \/>\n\t<meta property=\"og:image:type\" content=\"image\/png\" \/>\n<meta name=\"twitter:card\" content=\"summary_large_image\" \/>\n<meta name=\"twitter:label1\" content=\"Odhadovan\u00e1 doba \u010dten\u00ed\" \/>\n\t<meta name=\"twitter:data1\" content=\"2 minuty\" \/>\n<script type=\"application\/ld+json\" class=\"yoast-schema-graph\">{\"@context\":\"https:\/\/schema.org\",\"@graph\":[{\"@type\":\"WebPage\",\"@id\":\"https:\/\/www.kurita.eu\/en\/solutions\/kuristuck\/\",\"url\":\"https:\/\/www.kurita.eu\/en\/solutions\/kuristuck\/\",\"name\":\"Kuristuck - Kurita Europe\",\"isPartOf\":{\"@id\":\"https:\/\/kurita.eu\/en\/#website\"},\"datePublished\":\"2025-04-25T07:32:59+00:00\",\"dateModified\":\"2025-05-15T08:49:19+00:00\",\"breadcrumb\":{\"@id\":\"https:\/\/www.kurita.eu\/en\/solutions\/kuristuck\/#breadcrumb\"},\"inLanguage\":\"cs\",\"potentialAction\":[{\"@type\":\"ReadAction\",\"target\":[\"https:\/\/www.kurita.eu\/en\/solutions\/kuristuck\/\"]}]},{\"@type\":\"BreadcrumbList\",\"@id\":\"https:\/\/www.kurita.eu\/en\/solutions\/kuristuck\/#breadcrumb\",\"itemListElement\":[{\"@type\":\"ListItem\",\"position\":1,\"name\":\"Home\",\"item\":\"https:\/\/www.kurita.eu\/en\/\"},{\"@type\":\"ListItem\",\"position\":2,\"name\":\"Solutions\",\"item\":\"https:\/\/www.kurita.eu\/en\/solutions\/\"},{\"@type\":\"ListItem\",\"position\":3,\"name\":\"Kuristuck\"}]},{\"@type\":\"WebSite\",\"@id\":\"https:\/\/kurita.eu\/en\/#website\",\"url\":\"https:\/\/kurita.eu\/en\/\",\"name\":\"Kurita Europe\",\"description\":\"Water Treatment Solutions\",\"publisher\":{\"@id\":\"https:\/\/kurita.eu\/en\/#organization\"},\"potentialAction\":[{\"@type\":\"SearchAction\",\"target\":{\"@type\":\"EntryPoint\",\"urlTemplate\":\"https:\/\/kurita.eu\/en\/?s={search_term_string}\"},\"query-input\":{\"@type\":\"PropertyValueSpecification\",\"valueRequired\":true,\"valueName\":\"search_term_string\"}}],\"inLanguage\":\"cs\"},{\"@type\":\"Organization\",\"@id\":\"https:\/\/kurita.eu\/en\/#organization\",\"name\":\"Kurita Europe\",\"url\":\"https:\/\/kurita.eu\/en\/\",\"logo\":{\"@type\":\"ImageObject\",\"inLanguage\":\"cs\",\"@id\":\"https:\/\/kurita.eu\/en\/#\/schema\/logo\/image\/\",\"url\":\"\/wp-content\/uploads\/2025\/05\/cropped-brand_mark_horizon_blue.png\",\"contentUrl\":\"\/wp-content\/uploads\/2025\/05\/cropped-brand_mark_horizon_blue.png\",\"width\":712,\"height\":204,\"caption\":\"Kurita Europe\"},\"image\":{\"@id\":\"https:\/\/kurita.eu\/en\/#\/schema\/logo\/image\/\"}}]}<\/script>\n<!-- \/ Yoast SEO plugin. -->","yoast_head_json":{"title":"Kuristuck - Kurita Europe","robots":{"index":"index","follow":"follow","max-snippet":"max-snippet:-1","max-image-preview":"max-image-preview:large","max-video-preview":"max-video-preview:-1"},"canonical":"https:\/\/www.kurita.eu\/cs\/reseni\/kuristuck\/","og_locale":"cs_CZ","og_type":"article","og_title":"Kuristuck - Kurita Europe","og_description":"Kuristuck Original and competent Kuristuck Technology to support sustainability at paint booth treatment. In paint booth systems, different body and spare parts from automotive, appliance, electronics, plastics and other industries are coated by using one or multiple layers of paints. The main goal of the paint booth treatment is to remove as much overspray paint [&hellip;]","og_url":"https:\/\/www.kurita.eu\/cs\/reseni\/kuristuck\/","og_site_name":"Kurita Europe","article_modified_time":"2025-05-15T08:49:19+00:00","og_image":[{"width":512,"height":512,"url":"https:\/\/www.kurita.eu\/wp-content\/uploads\/2025\/07\/kurita-favicon-512x512-1.png","type":"image\/png"}],"twitter_card":"summary_large_image","twitter_misc":{"Odhadovan\u00e1 doba \u010dten\u00ed":"2 minuty"},"schema":{"@context":"https:\/\/schema.org","@graph":[{"@type":"WebPage","@id":"https:\/\/www.kurita.eu\/en\/solutions\/kuristuck\/","url":"https:\/\/www.kurita.eu\/en\/solutions\/kuristuck\/","name":"Kuristuck - Kurita Europe","isPartOf":{"@id":"https:\/\/kurita.eu\/en\/#website"},"datePublished":"2025-04-25T07:32:59+00:00","dateModified":"2025-05-15T08:49:19+00:00","breadcrumb":{"@id":"https:\/\/www.kurita.eu\/en\/solutions\/kuristuck\/#breadcrumb"},"inLanguage":"cs","potentialAction":[{"@type":"ReadAction","target":["https:\/\/www.kurita.eu\/en\/solutions\/kuristuck\/"]}]},{"@type":"BreadcrumbList","@id":"https:\/\/www.kurita.eu\/en\/solutions\/kuristuck\/#breadcrumb","itemListElement":[{"@type":"ListItem","position":1,"name":"Home","item":"https:\/\/www.kurita.eu\/en\/"},{"@type":"ListItem","position":2,"name":"Solutions","item":"https:\/\/www.kurita.eu\/en\/solutions\/"},{"@type":"ListItem","position":3,"name":"Kuristuck"}]},{"@type":"WebSite","@id":"https:\/\/kurita.eu\/en\/#website","url":"https:\/\/kurita.eu\/en\/","name":"Kurita Europe","description":"\u0158e\u0161en\u00ed pro \u00fapravu vody","publisher":{"@id":"https:\/\/kurita.eu\/en\/#organization"},"potentialAction":[{"@type":"SearchAction","target":{"@type":"EntryPoint","urlTemplate":"https:\/\/kurita.eu\/en\/?s={search_term_string}"},"query-input":{"@type":"PropertyValueSpecification","valueRequired":true,"valueName":"search_term_string"}}],"inLanguage":"cs"},{"@type":"Organization","@id":"https:\/\/kurita.eu\/en\/#organization","name":"Kurita Europe","url":"https:\/\/kurita.eu\/en\/","logo":{"@type":"ImageObject","inLanguage":"cs","@id":"https:\/\/kurita.eu\/en\/#\/schema\/logo\/image\/","url":"\/wp-content\/uploads\/2025\/05\/cropped-brand_mark_horizon_blue.png","contentUrl":"\/wp-content\/uploads\/2025\/05\/cropped-brand_mark_horizon_blue.png","width":712,"height":204,"caption":"Kurita Europe"},"image":{"@id":"https:\/\/kurita.eu\/en\/#\/schema\/logo\/image\/"}}]}},"_links":{"self":[{"href":"https:\/\/www.kurita.eu\/cs\/wp-json\/wp\/v2\/pages\/14186","targetHints":{"allow":["GET"]}}],"collection":[{"href":"https:\/\/www.kurita.eu\/cs\/wp-json\/wp\/v2\/pages"}],"about":[{"href":"https:\/\/www.kurita.eu\/cs\/wp-json\/wp\/v2\/types\/page"}],"author":[{"embeddable":true,"href":"https:\/\/www.kurita.eu\/cs\/wp-json\/wp\/v2\/users\/2"}],"replies":[{"embeddable":true,"href":"https:\/\/www.kurita.eu\/cs\/wp-json\/wp\/v2\/comments?post=14186"}],"version-history":[{"count":7,"href":"https:\/\/www.kurita.eu\/cs\/wp-json\/wp\/v2\/pages\/14186\/revisions"}],"predecessor-version":[{"id":15749,"href":"https:\/\/www.kurita.eu\/cs\/wp-json\/wp\/v2\/pages\/14186\/revisions\/15749"}],"up":[{"embeddable":true,"href":"https:\/\/www.kurita.eu\/cs\/wp-json\/wp\/v2\/pages\/13875"}],"wp:attachment":[{"href":"https:\/\/www.kurita.eu\/cs\/wp-json\/wp\/v2\/media?parent=14186"}],"curies":[{"name":"wp","href":"https:\/\/api.w.org\/{rel}","templated":true}]}}