{"id":14466,"date":"2025-04-25T09:31:56","date_gmt":"2025-04-25T09:31:56","guid":{"rendered":"https:\/\/kurita-eu-gudza2cjbzfhcwbx.francecentral-01.azurewebsites.net\/?page_id=14466"},"modified":"2026-03-19T16:00:48","modified_gmt":"2026-03-19T16:00:48","slug":"danova-strategie-spojeneho-kralovstvi","status":"publish","type":"page","link":"https:\/\/www.kurita.eu\/cs\/uk-tax-strategy\/","title":{"rendered":"Da\u0148ov\u00e1 strategie Spojen\u00e9ho kr\u00e1lovstv\u00ed"},"content":{"rendered":"<div data-elementor-type=\"wp-page\" data-elementor-id=\"14466\" class=\"elementor elementor-14466\" data-elementor-post-type=\"page\">\n\t\t\t\t\t\t<section class=\"elementor-section elementor-top-section elementor-element elementor-element-2e91289c elementor-section-full_width elementor-section-height-default elementor-section-height-default\" data-id=\"2e91289c\" data-element_type=\"section\" data-e-type=\"section\">\n\t\t\t\t\t\t<div class=\"elementor-container elementor-column-gap-default\">\n\t\t\t\t\t<div class=\"elementor-column elementor-col-100 elementor-top-column elementor-element elementor-element-56565524\" data-id=\"56565524\" data-element_type=\"column\" data-e-type=\"column\">\n\t\t\t<div class=\"elementor-widget-wrap elementor-element-populated\">\n\t\t\t\t\t\t<div class=\"elementor-element elementor-element-74de58a0 elementor--h-position-center elementor--v-position-middle elementor-arrows-position-inside elementor-pagination-position-inside elementor-widget elementor-widget-slides\" data-id=\"74de58a0\" data-element_type=\"widget\" data-e-type=\"widget\" data-settings=\"{&quot;navigation&quot;:&quot;both&quot;,&quot;autoplay&quot;:&quot;yes&quot;,&quot;pause_on_hover&quot;:&quot;yes&quot;,&quot;pause_on_interaction&quot;:&quot;yes&quot;,&quot;autoplay_speed&quot;:5000,&quot;infinite&quot;:&quot;yes&quot;,&quot;transition&quot;:&quot;slide&quot;,&quot;transition_speed&quot;:500}\" data-widget_type=\"slides.default\">\n\t\t\t\t<div class=\"elementor-widget-container\">\n\t\t\t\t\t\t\t\t\t<div class=\"elementor-swiper\">\n\t\t\t\t\t<div class=\"elementor-slides-wrapper elementor-main-swiper swiper\" role=\"region\" aria-roledescription=\"carousel\" aria-label=\"Slides\" dir=\"ltr\" data-animation=\"fadeInUp\">\n\t\t\t\t<div class=\"swiper-wrapper elementor-slides\">\n\t\t\t\t\t\t\t\t\t\t<div class=\"elementor-repeater-item-4e0b9f7 swiper-slide\" role=\"group\" aria-roledescription=\"slide\"><div class=\"swiper-slide-bg elementor-ken-burns elementor-ken-burns--in\" role=\"img\" aria-label=\"New-KETC-1.jpg\"><\/div><div class=\"elementor-background-overlay\"><\/div><div class=\"swiper-slide-inner\" ><div class=\"swiper-slide-contents\"><h1 class=\"elementor-slide-heading\">Da\u0148ov\u00e1 strategie Spojen\u00e9ho kr\u00e1lovstv\u00ed<\/h1><\/div><\/div><\/div>\t\t\t\t<\/div>\n\t\t\t\t\t\t\t<\/div>\n\t\t\t\t<\/div>\n\t\t\t\t\t\t\t\t<\/div>\n\t\t\t\t<\/div>\n\t\t\t\t\t<\/div>\n\t\t<\/div>\n\t\t\t\t\t<\/div>\n\t\t<\/section>\n\t\t\t\t<section class=\"elementor-section elementor-top-section elementor-element elementor-element-7e2175cc elementor-section-boxed elementor-section-height-default elementor-section-height-default\" data-id=\"7e2175cc\" data-element_type=\"section\" data-e-type=\"section\">\n\t\t\t\t\t\t<div class=\"elementor-container elementor-column-gap-default\">\n\t\t\t\t\t<div class=\"elementor-column elementor-col-100 elementor-top-column elementor-element elementor-element-354d5da9 margin-content\" data-id=\"354d5da9\" data-element_type=\"column\" data-e-type=\"column\">\n\t\t\t<div class=\"elementor-widget-wrap elementor-element-populated\">\n\t\t\t\t\t\t<div class=\"elementor-element elementor-element-faa1540 elementor-widget elementor-widget-heading\" data-id=\"faa1540\" data-element_type=\"widget\" data-e-type=\"widget\" data-widget_type=\"heading.default\">\n\t\t\t\t<div class=\"elementor-widget-container\">\n\t\t\t\t\t<h4 class=\"elementor-heading-title elementor-size-default\">Da\u0148ov\u00e1 strategie Spojen\u00e9ho kr\u00e1lovstv\u00ed<\/h4>\t\t\t\t<\/div>\n\t\t\t\t<\/div>\n\t\t\t\t<div class=\"elementor-element elementor-element-518ce0e5 elementor-widget elementor-widget-text-editor\" data-id=\"518ce0e5\" data-element_type=\"widget\" data-e-type=\"widget\" data-widget_type=\"text-editor.default\">\n\t\t\t\t<div class=\"elementor-widget-container\">\n\t\t\t\t\t\t\t\t\t<p>Zat\u00edmco na\u0161ich 5 z\u00e1kladn\u00edch hodnot (f\u00e9rovost, transparentnost, integrita, bezpe\u010dnost a kompatibilita) tvo\u0159\u00ed z\u00e1klad na\u0161ich \u00fasudk\u016f a jedn\u00e1n\u00ed, Kodex chov\u00e1n\u00ed skupiny Kurita ukazuje, co mus\u00edme dodr\u017eovat v souladu se z\u00e1kony a p\u0159edpisy a p\u0159ij\u00edmat konkr\u00e9tn\u00ed spr\u00e1vn\u00e1 opat\u0159en\u00ed, kter\u00e1 jsou zalo\u017eena na soci\u00e1ln\u00ed etice. T\u00edmto zaji\u0161\u0165ujeme na\u0161i da\u0148ovou transparentnost.<\/p><p>V n\u00e1sleduj\u00edc\u00edm dokumentu je uvedena strategie a p\u0159\u00edstup spole\u010dnosti ve Spojen\u00e9m kr\u00e1lovstv\u00ed od data zve\u0159ejn\u011bn\u00ed do pozastaven\u00ed. My, spole\u010dnost Kurita UK Ltd., zve\u0159ej\u0148ujeme toto prohl\u00e1\u0161en\u00ed, abychom splnili svou povinnost podle \u00a7 16 odst. 2 p\u0159\u00edlohy 19 z\u00e1kona FA2016 za rok kon\u010d\u00edc\u00ed 31. b\u0159ezna 2026 a budeme jej p\u0159ezkoum\u00e1vat z hlediska nezbytn\u00fdch a v\u010dasn\u00fdch \u00faprav.<\/p><p><br \/>Datum zve\u0159ejn\u011bn\u00ed: 25. b\u0159ezna 2026<\/p>\t\t\t\t\t\t\t\t<\/div>\n\t\t\t\t<\/div>\n\t\t\t\t\t<\/div>\n\t\t<\/div>\n\t\t\t\t\t<\/div>\n\t\t<\/section>\n\t\t\t\t<section class=\"elementor-section elementor-top-section elementor-element elementor-element-3759a500 elementor-section-boxed elementor-section-height-default elementor-section-height-default\" data-id=\"3759a500\" data-element_type=\"section\" data-e-type=\"section\" data-settings=\"{&quot;background_background&quot;:&quot;classic&quot;}\">\n\t\t\t\t\t\t<div class=\"elementor-container elementor-column-gap-default\">\n\t\t\t\t\t<div class=\"elementor-column elementor-col-100 elementor-top-column elementor-element elementor-element-63957fb7 margin-content\" data-id=\"63957fb7\" data-element_type=\"column\" data-e-type=\"column\">\n\t\t\t<div class=\"elementor-widget-wrap elementor-element-populated\">\n\t\t\t\t\t\t<div class=\"elementor-element elementor-element-756d8c94 elementor-widget elementor-widget-heading\" data-id=\"756d8c94\" data-element_type=\"widget\" data-e-type=\"widget\" data-widget_type=\"heading.default\">\n\t\t\t\t<div class=\"elementor-widget-container\">\n\t\t\t\t\t<h4 class=\"elementor-heading-title elementor-size-default\">\u0158\u00edzen\u00ed rizik<\/h4>\t\t\t\t<\/div>\n\t\t\t\t<\/div>\n\t\t\t\t<div class=\"elementor-element elementor-element-41afb11 elementor-widget elementor-widget-text-editor\" data-id=\"41afb11\" data-element_type=\"widget\" data-e-type=\"widget\" data-widget_type=\"text-editor.default\">\n\t\t\t\t<div class=\"elementor-widget-container\">\n\t\t\t\t\t\t\t\t\t<p>Z\u00e1sadou skupiny Kurita Group v souvislosti s jej\u00edmi aktivitami ve Spojen\u00e9m kr\u00e1lovstv\u00ed je dodr\u017eovat v\u0161echny p\u0159\u00edslu\u0161n\u00e9 z\u00e1kony, pravidla, p\u0159edpisy, po\u017eadavky na pod\u00e1v\u00e1n\u00ed zpr\u00e1v a zve\u0159ej\u0148ov\u00e1n\u00ed informac\u00ed a v\u010das odv\u00e1d\u011bt spr\u00e1vnou v\u00fd\u0161i dan\u00ed v\u0161em da\u0148ov\u00fdm \u00fa\u0159ad\u016fm, u kter\u00fdch m\u00e1 skupina da\u0148ovou povinnost.<\/p><p><br \/>V p\u0159\u00edpad\u011b nejistoty ohledn\u011b uplat\u0148ov\u00e1n\u00ed nebo v\u00fdkladu da\u0148ov\u00fdch z\u00e1kon\u016f je mo\u017en\u00e9 z\u00edskat od poradc\u016f t\u0159et\u00edch stran vhodn\u00e9 p\u00edsemn\u00e9 poradenstv\u00ed dokl\u00e1daj\u00edc\u00ed skute\u010dnosti, rizika a z\u00e1v\u011bry, kter\u00e9 podpo\u0159\u00ed rozhodovac\u00ed proces.<\/p>\t\t\t\t\t\t\t\t<\/div>\n\t\t\t\t<\/div>\n\t\t\t\t\t<\/div>\n\t\t<\/div>\n\t\t\t\t\t<\/div>\n\t\t<\/section>\n\t\t\t\t<section class=\"elementor-section elementor-top-section elementor-element elementor-element-7481dbc2 elementor-section-boxed elementor-section-height-default elementor-section-height-default\" data-id=\"7481dbc2\" data-element_type=\"section\" data-e-type=\"section\" data-settings=\"{&quot;background_background&quot;:&quot;classic&quot;}\">\n\t\t\t\t\t\t<div class=\"elementor-container elementor-column-gap-default\">\n\t\t\t\t\t<div class=\"elementor-column elementor-col-100 elementor-top-column elementor-element elementor-element-10e33a4d margin-content\" data-id=\"10e33a4d\" data-element_type=\"column\" data-e-type=\"column\">\n\t\t\t<div class=\"elementor-widget-wrap elementor-element-populated\">\n\t\t\t\t\t\t<div class=\"elementor-element elementor-element-798e60eb elementor-widget elementor-widget-heading\" data-id=\"798e60eb\" data-element_type=\"widget\" data-e-type=\"widget\" data-widget_type=\"heading.default\">\n\t\t\t\t<div class=\"elementor-widget-container\">\n\t\t\t\t\t<h4 class=\"elementor-heading-title elementor-size-default\">M\u00edra rizika, kterou jste ochotni akceptovat<\/h4>\t\t\t\t<\/div>\n\t\t\t\t<\/div>\n\t\t\t\t<div class=\"elementor-element elementor-element-280c6b69 elementor-widget elementor-widget-text-editor\" data-id=\"280c6b69\" data-element_type=\"widget\" data-e-type=\"widget\" data-widget_type=\"text-editor.default\">\n\t\t\t\t<div class=\"elementor-widget-container\">\n\t\t\t\t\t\t\t\t\t<p>Skupina Kurita uplat\u0148uje da\u0148ovou strategii s n\u00edzk\u00fdm rizikem a pe\u010dliv\u011b zva\u017euje da\u0148ov\u00e9 dopady v\u0161ech v\u00fdznamn\u00fdch transakc\u00ed, aby zajistila, \u017ee spl\u0148uje literu i ducha da\u0148ov\u00fdch z\u00e1kon\u016f Spojen\u00e9ho kr\u00e1lovstv\u00ed.<\/p>\t\t\t\t\t\t\t\t<\/div>\n\t\t\t\t<\/div>\n\t\t\t\t\t<\/div>\n\t\t<\/div>\n\t\t\t\t\t<\/div>\n\t\t<\/section>\n\t\t\t\t<section class=\"elementor-section elementor-top-section elementor-element elementor-element-355e63d6 elementor-section-boxed elementor-section-height-default elementor-section-height-default\" data-id=\"355e63d6\" data-element_type=\"section\" data-e-type=\"section\">\n\t\t\t\t\t\t<div class=\"elementor-container elementor-column-gap-default\">\n\t\t\t\t\t<div class=\"elementor-column elementor-col-100 elementor-top-column elementor-element elementor-element-b699fc7 margin-content\" data-id=\"b699fc7\" data-element_type=\"column\" data-e-type=\"column\">\n\t\t\t<div class=\"elementor-widget-wrap elementor-element-populated\">\n\t\t\t\t\t\t<div class=\"elementor-element elementor-element-3a0c5ca3 elementor-widget elementor-widget-heading\" data-id=\"3a0c5ca3\" data-element_type=\"widget\" data-e-type=\"widget\" data-widget_type=\"heading.default\">\n\t\t\t\t<div class=\"elementor-widget-container\">\n\t\t\t\t\t<h4 class=\"elementor-heading-title elementor-size-default\">P\u0159\u00edstup k da\u0148ov\u00e9mu pl\u00e1nov\u00e1n\u00ed<\/h4>\t\t\t\t<\/div>\n\t\t\t\t<\/div>\n\t\t\t\t<div class=\"elementor-element elementor-element-6ce013f6 elementor-widget elementor-widget-text-editor\" data-id=\"6ce013f6\" data-element_type=\"widget\" data-e-type=\"widget\" data-widget_type=\"text-editor.default\">\n\t\t\t\t<div class=\"elementor-widget-container\">\n\t\t\t\t\t\t\t\t\t<p>Da\u0148ov\u00e1 opat\u0159en\u00ed skupiny Kurita vych\u00e1zej\u00ed z jej\u00edho obchodn\u00edho podnik\u00e1n\u00ed a ekonomick\u00fdch aktivit. Skupina Kurita sleduje a p\u0159ezkoum\u00e1v\u00e1 sv\u00e9 operace ve Spojen\u00e9m kr\u00e1lovstv\u00ed i jinde, aby v p\u0159\u00edpad\u011b pot\u0159eby upravila sv\u00e1 da\u0148ov\u00e1 opat\u0159en\u00ed tak, aby byla v souladu s da\u0148ov\u00fdmi pravidly a p\u0159edpisy.<\/p>\t\t\t\t\t\t\t\t<\/div>\n\t\t\t\t<\/div>\n\t\t\t\t\t<\/div>\n\t\t<\/div>\n\t\t\t\t\t<\/div>\n\t\t<\/section>\n\t\t\t\t<section class=\"elementor-section elementor-top-section elementor-element elementor-element-1c08147f elementor-section-boxed elementor-section-height-default elementor-section-height-default\" data-id=\"1c08147f\" data-element_type=\"section\" data-e-type=\"section\" data-settings=\"{&quot;background_background&quot;:&quot;classic&quot;}\">\n\t\t\t\t\t\t<div class=\"elementor-container elementor-column-gap-default\">\n\t\t\t\t\t<div class=\"elementor-column elementor-col-100 elementor-top-column elementor-element elementor-element-4833ba7b margin-content\" data-id=\"4833ba7b\" data-element_type=\"column\" data-e-type=\"column\">\n\t\t\t<div class=\"elementor-widget-wrap elementor-element-populated\">\n\t\t\t\t\t\t<div class=\"elementor-element elementor-element-26d43ddd elementor-widget elementor-widget-heading\" data-id=\"26d43ddd\" data-element_type=\"widget\" data-e-type=\"widget\" data-widget_type=\"heading.default\">\n\t\t\t\t<div class=\"elementor-widget-container\">\n\t\t\t\t\t<h4 class=\"elementor-heading-title elementor-size-default\">P\u0159\u00edstup k HMRC<\/h4>\t\t\t\t<\/div>\n\t\t\t\t<\/div>\n\t\t\t\t<div class=\"elementor-element elementor-element-290705c4 elementor-widget elementor-widget-text-editor\" data-id=\"290705c4\" data-element_type=\"widget\" data-e-type=\"widget\" data-widget_type=\"text-editor.default\">\n\t\t\t\t<div class=\"elementor-widget-container\">\n\t\t\t\t\t\t\t\t\t<p>Sna\u017e\u00edme se budovat a udr\u017eovat konstruktivn\u00ed vztahy s vl\u00e1dou a HMRC, kter\u00e9 jsou zalo\u017eeny na vz\u00e1jemn\u00e9m respektu. V\u0161ude, kde je to mo\u017en\u00e9, spolupracujeme na \u0159e\u0161en\u00ed spor\u016f a dosahujeme v\u010dasn\u00e9 dohody a jistoty.<\/p>\t\t\t\t\t\t\t\t<\/div>\n\t\t\t\t<\/div>\n\t\t\t\t\t<\/div>\n\t\t<\/div>\n\t\t\t\t\t<\/div>\n\t\t<\/section>\n\t\t\t\t<\/div>","protected":false},"excerpt":{"rendered":"<p>UK Tax Strategy UK Tax Strategy While our 5 Core Values (Fairness, Transparency, Integrity, Safety and Compatibility) form the basis of our judgments and actions, the Kurita Group Code of Conduct shows what we must follow in compliance with laws and regulations and to take the specific correct actions that are based on social ethics. [&hellip;]<\/p>\n","protected":false},"author":2,"featured_media":0,"parent":0,"menu_order":0,"comment_status":"closed","ping_status":"closed","template":"","meta":{"footnotes":""},"class_list":["post-14466","page","type-page","status-publish","hentry"],"yoast_head":"<!-- This site is optimized with the Yoast SEO plugin v27.3 - https:\/\/yoast.com\/product\/yoast-seo-wordpress\/ -->\n<title>UK Tax Strategy - Kurita Europe<\/title>\n<meta name=\"description\" content=\"Kurita Europe UK Tax Strategy: transparent governance, responsible compliance and risk management aligned with sustainability principles.\" \/>\n<meta name=\"robots\" content=\"index, follow, max-snippet:-1, max-image-preview:large, max-video-preview:-1\" \/>\n<link rel=\"canonical\" href=\"https:\/\/www.kurita.eu\/cs\/danova-strategie-spojeneho-kralovstvi\/\" \/>\n<meta property=\"og:locale\" content=\"cs_CZ\" \/>\n<meta property=\"og:type\" content=\"article\" \/>\n<meta property=\"og:title\" content=\"UK Tax Strategy - Kurita Europe\" \/>\n<meta property=\"og:description\" content=\"Kurita Europe UK Tax Strategy: transparent governance, responsible compliance and risk management aligned with sustainability principles.\" \/>\n<meta property=\"og:url\" content=\"https:\/\/www.kurita.eu\/cs\/danova-strategie-spojeneho-kralovstvi\/\" \/>\n<meta property=\"og:site_name\" content=\"Kurita Europe\" \/>\n<meta property=\"article:modified_time\" content=\"2026-03-19T16:00:48+00:00\" \/>\n<meta property=\"og:image\" content=\"https:\/\/www.kurita.eu\/wp-content\/uploads\/2025\/07\/kurita-favicon-512x512-1.png\" \/>\n\t<meta property=\"og:image:width\" content=\"512\" \/>\n\t<meta property=\"og:image:height\" content=\"512\" \/>\n\t<meta property=\"og:image:type\" content=\"image\/png\" \/>\n<meta name=\"twitter:card\" content=\"summary_large_image\" \/>\n<meta name=\"twitter:site\" content=\"@KuritaGlobal\" \/>\n<meta name=\"twitter:label1\" content=\"Odhadovan\u00e1 doba \u010dten\u00ed\" \/>\n\t<meta name=\"twitter:data1\" content=\"2 minuty\" \/>\n<script type=\"application\/ld+json\" class=\"yoast-schema-graph\">{\"@context\":\"https:\\\/\\\/schema.org\",\"@graph\":[{\"@type\":\"WebPage\",\"@id\":\"https:\\\/\\\/www.kurita.eu\\\/se\\\/brittisk-skattestrategi\\\/\",\"url\":\"https:\\\/\\\/www.kurita.eu\\\/se\\\/brittisk-skattestrategi\\\/\",\"name\":\"UK Tax Strategy - Kurita Europe\",\"isPartOf\":{\"@id\":\"https:\\\/\\\/www.kurita.eu\\\/se\\\/#website\"},\"datePublished\":\"2025-04-25T09:31:56+00:00\",\"dateModified\":\"2026-03-19T16:00:48+00:00\",\"description\":\"Kurita Europe UK Tax Strategy: transparent governance, responsible compliance and risk management aligned with sustainability principles.\",\"breadcrumb\":{\"@id\":\"https:\\\/\\\/www.kurita.eu\\\/se\\\/brittisk-skattestrategi\\\/#breadcrumb\"},\"inLanguage\":\"cs\",\"potentialAction\":[{\"@type\":\"ReadAction\",\"target\":[\"https:\\\/\\\/www.kurita.eu\\\/se\\\/brittisk-skattestrategi\\\/\"]}]},{\"@type\":\"BreadcrumbList\",\"@id\":\"https:\\\/\\\/www.kurita.eu\\\/se\\\/brittisk-skattestrategi\\\/#breadcrumb\",\"itemListElement\":[{\"@type\":\"ListItem\",\"position\":1,\"name\":\"Home\",\"item\":\"https:\\\/\\\/www.kurita.eu\\\/de\\\/\"},{\"@type\":\"ListItem\",\"position\":2,\"name\":\"UK Tax Strategy\"}]},{\"@type\":\"WebSite\",\"@id\":\"https:\\\/\\\/www.kurita.eu\\\/se\\\/#website\",\"url\":\"https:\\\/\\\/www.kurita.eu\\\/se\\\/\",\"name\":\"Kurita Europe\",\"description\":\"Water Treatment Solutions\",\"publisher\":{\"@id\":\"https:\\\/\\\/www.kurita.eu\\\/se\\\/#organization\"},\"potentialAction\":[{\"@type\":\"SearchAction\",\"target\":{\"@type\":\"EntryPoint\",\"urlTemplate\":\"https:\\\/\\\/www.kurita.eu\\\/se\\\/?s={search_term_string}\"},\"query-input\":{\"@type\":\"PropertyValueSpecification\",\"valueRequired\":true,\"valueName\":\"search_term_string\"}}],\"inLanguage\":\"cs\"},{\"@type\":\"Organization\",\"@id\":\"https:\\\/\\\/www.kurita.eu\\\/se\\\/#organization\",\"name\":\"Kurita Europe\",\"url\":\"https:\\\/\\\/www.kurita.eu\\\/se\\\/\",\"logo\":{\"@type\":\"ImageObject\",\"inLanguage\":\"cs\",\"@id\":\"https:\\\/\\\/www.kurita.eu\\\/se\\\/#\\\/schema\\\/logo\\\/image\\\/\",\"url\":\"\\\/wp-content\\\/uploads\\\/2025\\\/05\\\/cropped-brand_mark_horizon_blue.png\",\"contentUrl\":\"\\\/wp-content\\\/uploads\\\/2025\\\/05\\\/cropped-brand_mark_horizon_blue.png\",\"width\":712,\"height\":204,\"caption\":\"Kurita Europe\"},\"image\":{\"@id\":\"https:\\\/\\\/www.kurita.eu\\\/se\\\/#\\\/schema\\\/logo\\\/image\\\/\"},\"sameAs\":[\"https:\\\/\\\/x.com\\\/KuritaGlobal\",\"https:\\\/\\\/www.linkedin.com\\\/company\\\/kurita\\\/\"]}]}<\/script>\n<!-- \/ Yoast SEO plugin. -->","yoast_head_json":{"title":"Da\u0148ov\u00e1 strategie ve Velk\u00e9 Brit\u00e1nii - Kurita Europe","description":"Da\u0148ov\u00e1 strategie spole\u010dnosti Kurita Europe UK: transparentn\u00ed \u0159\u00edzen\u00ed, odpov\u011bdn\u00e9 dodr\u017eov\u00e1n\u00ed p\u0159edpis\u016f a \u0159\u00edzen\u00ed rizik v souladu se z\u00e1sadami udr\u017eitelnosti.","robots":{"index":"index","follow":"follow","max-snippet":"max-snippet:-1","max-image-preview":"max-image-preview:large","max-video-preview":"max-video-preview:-1"},"canonical":"https:\/\/www.kurita.eu\/cs\/danova-strategie-spojeneho-kralovstvi\/","og_locale":"cs_CZ","og_type":"article","og_title":"UK Tax Strategy - Kurita Europe","og_description":"Kurita Europe UK Tax Strategy: transparent governance, responsible compliance and risk management aligned with sustainability principles.","og_url":"https:\/\/www.kurita.eu\/cs\/danova-strategie-spojeneho-kralovstvi\/","og_site_name":"Kurita Europe","article_modified_time":"2026-03-19T16:00:48+00:00","og_image":[{"width":512,"height":512,"url":"https:\/\/www.kurita.eu\/wp-content\/uploads\/2025\/07\/kurita-favicon-512x512-1.png","type":"image\/png"}],"twitter_card":"summary_large_image","twitter_site":"@KuritaGlobal","twitter_misc":{"Odhadovan\u00e1 doba \u010dten\u00ed":"2 minuty"},"schema":{"@context":"https:\/\/schema.org","@graph":[{"@type":"WebPage","@id":"https:\/\/www.kurita.eu\/se\/brittisk-skattestrategi\/","url":"https:\/\/www.kurita.eu\/se\/brittisk-skattestrategi\/","name":"Da\u0148ov\u00e1 strategie ve Velk\u00e9 Brit\u00e1nii - Kurita Europe","isPartOf":{"@id":"https:\/\/www.kurita.eu\/se\/#website"},"datePublished":"2025-04-25T09:31:56+00:00","dateModified":"2026-03-19T16:00:48+00:00","description":"Da\u0148ov\u00e1 strategie spole\u010dnosti Kurita Europe UK: transparentn\u00ed \u0159\u00edzen\u00ed, odpov\u011bdn\u00e9 dodr\u017eov\u00e1n\u00ed p\u0159edpis\u016f a \u0159\u00edzen\u00ed rizik v souladu se z\u00e1sadami udr\u017eitelnosti.","breadcrumb":{"@id":"https:\/\/www.kurita.eu\/se\/brittisk-skattestrategi\/#breadcrumb"},"inLanguage":"cs","potentialAction":[{"@type":"ReadAction","target":["https:\/\/www.kurita.eu\/se\/brittisk-skattestrategi\/"]}]},{"@type":"BreadcrumbList","@id":"https:\/\/www.kurita.eu\/se\/brittisk-skattestrategi\/#breadcrumb","itemListElement":[{"@type":"ListItem","position":1,"name":"Home","item":"https:\/\/www.kurita.eu\/de\/"},{"@type":"ListItem","position":2,"name":"UK Tax Strategy"}]},{"@type":"WebSite","@id":"https:\/\/www.kurita.eu\/se\/#website","url":"https:\/\/www.kurita.eu\/se\/","name":"Kurita Europe","description":"\u0158e\u0161en\u00ed pro \u00fapravu vody","publisher":{"@id":"https:\/\/www.kurita.eu\/se\/#organization"},"potentialAction":[{"@type":"SearchAction","target":{"@type":"EntryPoint","urlTemplate":"https:\/\/www.kurita.eu\/se\/?s={search_term_string}"},"query-input":{"@type":"PropertyValueSpecification","valueRequired":true,"valueName":"search_term_string"}}],"inLanguage":"cs"},{"@type":"Organization","@id":"https:\/\/www.kurita.eu\/se\/#organization","name":"Kurita Europe","url":"https:\/\/www.kurita.eu\/se\/","logo":{"@type":"ImageObject","inLanguage":"cs","@id":"https:\/\/www.kurita.eu\/se\/#\/schema\/logo\/image\/","url":"\/wp-content\/uploads\/2025\/05\/cropped-brand_mark_horizon_blue.png","contentUrl":"\/wp-content\/uploads\/2025\/05\/cropped-brand_mark_horizon_blue.png","width":712,"height":204,"caption":"Kurita Europe"},"image":{"@id":"https:\/\/www.kurita.eu\/se\/#\/schema\/logo\/image\/"},"sameAs":["https:\/\/x.com\/KuritaGlobal","https:\/\/www.linkedin.com\/company\/kurita\/"]}]}},"_links":{"self":[{"href":"https:\/\/www.kurita.eu\/cs\/wp-json\/wp\/v2\/pages\/14466","targetHints":{"allow":["GET"]}}],"collection":[{"href":"https:\/\/www.kurita.eu\/cs\/wp-json\/wp\/v2\/pages"}],"about":[{"href":"https:\/\/www.kurita.eu\/cs\/wp-json\/wp\/v2\/types\/page"}],"author":[{"embeddable":true,"href":"https:\/\/www.kurita.eu\/cs\/wp-json\/wp\/v2\/users\/2"}],"replies":[{"embeddable":true,"href":"https:\/\/www.kurita.eu\/cs\/wp-json\/wp\/v2\/comments?post=14466"}],"version-history":[{"count":10,"href":"https:\/\/www.kurita.eu\/cs\/wp-json\/wp\/v2\/pages\/14466\/revisions"}],"predecessor-version":[{"id":21508,"href":"https:\/\/www.kurita.eu\/cs\/wp-json\/wp\/v2\/pages\/14466\/revisions\/21508"}],"wp:attachment":[{"href":"https:\/\/www.kurita.eu\/cs\/wp-json\/wp\/v2\/media?parent=14466"}],"curies":[{"name":"wp","href":"https:\/\/api.w.org\/{rel}","templated":true}]}}