{"id":14533,"date":"2025-04-25T10:07:50","date_gmt":"2025-04-25T10:07:50","guid":{"rendered":"https:\/\/kurita-eu-gudza2cjbzfhcwbx.francecentral-01.azurewebsites.net\/?page_id=14533"},"modified":"2026-03-12T14:57:38","modified_gmt":"2026-03-12T14:57:38","slug":"bazen","status":"publish","type":"page","link":"https:\/\/www.kurita.eu\/cs\/water-treatment\/swimming-pool\/","title":{"rendered":"Plaveck\u00fd baz\u00e9n"},"content":{"rendered":"<div data-elementor-type=\"wp-page\" data-elementor-id=\"14533\" class=\"elementor elementor-14533\" data-elementor-post-type=\"page\">\n\t\t\t\t\t\t<section class=\"elementor-section elementor-top-section elementor-element elementor-element-73bee311 elementor-section-full_width elementor-section-height-default elementor-section-height-default\" data-id=\"73bee311\" data-element_type=\"section\" data-e-type=\"section\">\n\t\t\t\t\t\t<div class=\"elementor-container elementor-column-gap-default\">\n\t\t\t\t\t<div class=\"elementor-column elementor-col-100 elementor-top-column elementor-element elementor-element-51892ad9\" data-id=\"51892ad9\" data-element_type=\"column\" data-e-type=\"column\">\n\t\t\t<div class=\"elementor-widget-wrap elementor-element-populated\">\n\t\t\t\t\t\t<div class=\"elementor-element elementor-element-292e10a0 elementor--h-position-center elementor--v-position-middle elementor-arrows-position-inside elementor-pagination-position-inside elementor-widget elementor-widget-slides\" data-id=\"292e10a0\" data-element_type=\"widget\" data-e-type=\"widget\" data-settings=\"{&quot;navigation&quot;:&quot;both&quot;,&quot;autoplay&quot;:&quot;yes&quot;,&quot;pause_on_hover&quot;:&quot;yes&quot;,&quot;pause_on_interaction&quot;:&quot;yes&quot;,&quot;autoplay_speed&quot;:5000,&quot;infinite&quot;:&quot;yes&quot;,&quot;transition&quot;:&quot;slide&quot;,&quot;transition_speed&quot;:500}\" data-widget_type=\"slides.default\">\n\t\t\t\t<div class=\"elementor-widget-container\">\n\t\t\t\t\t\t\t\t\t<div class=\"elementor-swiper\">\n\t\t\t\t\t<div class=\"elementor-slides-wrapper elementor-main-swiper swiper\" role=\"region\" aria-roledescription=\"carousel\" aria-label=\"Slides\" dir=\"ltr\" data-animation=\"fadeInUp\">\n\t\t\t\t<div class=\"swiper-wrapper elementor-slides\">\n\t\t\t\t\t\t\t\t\t\t<div class=\"elementor-repeater-item-4e0b9f7 swiper-slide\" role=\"group\" aria-roledescription=\"slide\"><div class=\"swiper-slide-bg elementor-ken-burns elementor-ken-burns--in\" role=\"img\" aria-label=\"Plaveck\u00fd baz\u00e9n\"><\/div><div class=\"elementor-background-overlay\"><\/div><div class=\"swiper-slide-inner\" ><div class=\"swiper-slide-contents\"><h1 class=\"elementor-slide-heading\">\u00daprava vody v baz\u00e9nu<\/h1><\/div><\/div><\/div>\t\t\t\t<\/div>\n\t\t\t\t\t\t\t<\/div>\n\t\t\t\t<\/div>\n\t\t\t\t\t\t\t\t<\/div>\n\t\t\t\t<\/div>\n\t\t\t\t\t<\/div>\n\t\t<\/div>\n\t\t\t\t\t<\/div>\n\t\t<\/section>\n\t\t\t\t<section class=\"elementor-section elementor-top-section elementor-element elementor-element-1ce0dc77 elementor-section-boxed elementor-section-height-default elementor-section-height-default\" data-id=\"1ce0dc77\" data-element_type=\"section\" data-e-type=\"section\">\n\t\t\t\t\t\t<div class=\"elementor-container elementor-column-gap-default\">\n\t\t\t\t\t<div class=\"elementor-column elementor-col-100 elementor-top-column elementor-element elementor-element-14909af8 margin-content\" data-id=\"14909af8\" data-element_type=\"column\" data-e-type=\"column\">\n\t\t\t<div class=\"elementor-widget-wrap elementor-element-populated\">\n\t\t\t\t\t\t<div class=\"elementor-element elementor-element-265b3272 elementor-widget elementor-widget-heading\" data-id=\"265b3272\" data-element_type=\"widget\" data-e-type=\"widget\" data-widget_type=\"heading.default\">\n\t\t\t\t<div class=\"elementor-widget-container\">\n\t\t\t\t\t<h4 class=\"elementor-heading-title elementor-size-default\">Komplexn\u00ed a inovativn\u00ed technologie pro o\u0161et\u0159ov\u00e1n\u00ed baz\u00e9n\u016f<\/h4>\t\t\t\t<\/div>\n\t\t\t\t<\/div>\n\t\t\t\t<div class=\"elementor-element elementor-element-29f25b09 elementor-widget elementor-widget-text-editor\" data-id=\"29f25b09\" data-element_type=\"widget\" data-e-type=\"widget\" data-widget_type=\"text-editor.default\">\n\t\t\t\t<div class=\"elementor-widget-container\">\n\t\t\t\t\t\t\t\t\t<p>Spole\u010dnost Kurita nab\u00edz\u00ed \u0161irok\u00fd sortiment chemick\u00fdch p\u0159\u00edpravk\u016f na \u00fapravu vody v baz\u00e9nech. Tyto v\u00fdrobky prok\u00e1zaly svou \u00fa\u010dinnost ji\u017e p\u0159ed mnoha lety.<\/p><p>Existuj\u00ed r\u016fzn\u00e9 typy baz\u00e9n\u016f. Baz\u00e9ny se li\u0161\u00ed funkc\u00ed (tropick\u00fd baz\u00e9n, sauna), velikost\u00ed a podm\u00ednkami, jako je teplota vody, syst\u00e9m \u010di\u0161t\u011bn\u00ed a mechanismus dezinfekce vody. Rozd\u011blit je lze na vnit\u0159n\u00ed a venkovn\u00ed baz\u00e9ny. Je rozd\u00edl mezi baz\u00e9ny s recirkula\u010dn\u00edm syst\u00e9mem vody a baz\u00e9ny, kter\u00e9 proch\u00e1zej\u00ed neust\u00e1l\u00fdm osv\u011b\u017eov\u00e1n\u00edm vody. V baz\u00e9nech s cirkulac\u00ed se voda recykluje ze syst\u00e9mu \u010di\u0161t\u011bn\u00ed vody. \u010c\u00e1st vody je po \u00faprav\u011b odd\u011blena a odvedena pry\u010d. Do baz\u00e9nu se dopln\u00ed \u010derstv\u00e1 voda.<br \/>Pokud je v baz\u00e9nu nep\u0159etr\u017eit\u00fd pr\u016ftok, voda se neust\u00e1le osv\u011b\u017euje. Voda, kter\u00e1 se z baz\u00e9nu st\u00e1hne, se vypou\u0161t\u00ed do kanalizace nebo se odv\u00e1d\u00ed do \u010dist\u00edrny odpadn\u00edch vod. V\u011bt\u0161ina ve\u0159ejn\u00fdch baz\u00e9n\u016f uplat\u0148uje recirkulaci vody.<\/p>\t\t\t\t\t\t\t\t<\/div>\n\t\t\t\t<\/div>\n\t\t\t\t\t<\/div>\n\t\t<\/div>\n\t\t\t\t\t<\/div>\n\t\t<\/section>\n\t\t\t\t<section class=\"elementor-section elementor-top-section elementor-element elementor-element-33f73fc1 elementor-section-boxed elementor-section-height-default elementor-section-height-default\" data-id=\"33f73fc1\" data-element_type=\"section\" data-e-type=\"section\" data-settings=\"{&quot;background_background&quot;:&quot;classic&quot;}\">\n\t\t\t\t\t\t<div class=\"elementor-container elementor-column-gap-default\">\n\t\t\t\t\t<div class=\"elementor-column elementor-col-100 elementor-top-column elementor-element elementor-element-4136be55 margin-content\" data-id=\"4136be55\" data-element_type=\"column\" data-e-type=\"column\">\n\t\t\t<div class=\"elementor-widget-wrap elementor-element-populated\">\n\t\t\t\t\t\t<div class=\"elementor-element elementor-element-31c69935 elementor-widget elementor-widget-heading\" data-id=\"31c69935\" data-element_type=\"widget\" data-e-type=\"widget\" data-widget_type=\"heading.default\">\n\t\t\t\t<div class=\"elementor-widget-container\">\n\t\t\t\t\t<h4 class=\"elementor-heading-title elementor-size-default\">Jak\u00e9 v\u00fdrobky pro o\u0161et\u0159en\u00ed baz\u00e9n\u016f nab\u00edz\u00ed spole\u010dnost Kurita?\n<\/h4>\t\t\t\t<\/div>\n\t\t\t\t<\/div>\n\t\t\t\t<div class=\"elementor-element elementor-element-7a47e923 elementor-widget elementor-widget-text-editor\" data-id=\"7a47e923\" data-element_type=\"widget\" data-e-type=\"widget\" data-widget_type=\"text-editor.default\">\n\t\t\t\t<div class=\"elementor-widget-container\">\n\t\t\t\t\t\t\t\t\t<p>Aby voda v baz\u00e9nu z\u016fstala pr\u016fzra\u010dn\u00e1 a \u010dist\u00e1, bez \u0161kodliv\u00fdch l\u00e1tek, bakteri\u00ed, vir\u016f, \u0159as a dal\u0161\u00edch patogen\u016f a byla vhodn\u00e1 pro pou\u017eit\u00ed plavci, mus\u00ed se upravovat. \u00daprava baz\u00e9nov\u00e9 vody podl\u00e9h\u00e1 norm\u00e1m a m\u00edstn\u00edm p\u0159edpis\u016fm. N\u00e1\u0161 sortiment v\u00fdrobk\u016f d\u00e1v\u00e1 mo\u017enost zvolit si spr\u00e1vn\u00fd program \u00fapravy pro hygienick\u00fd provoz va\u0161eho baz\u00e9nu. Na\u0161i vysoce kvalifikovan\u00ed z\u00e1stupci spole\u010dnosti Kurita v\u00e1m poskytnou odpov\u00eddaj\u00edc\u00ed podporu.<\/p><p><a href=\"https:\/\/www.kurita.eu\/cs\/reseni\/ferrodor\/\">Ferrodor<sup>\u00ae<\/sup><\/a>\u00a0se skl\u00e1d\u00e1 z filtra\u010dn\u00edch a povrchov\u00fdch kondicion\u00e9r\u016f, flota\u010dn\u00edch \u010dinidel, regul\u00e1tor\u016f pH, dezinfek\u010dn\u00edch prost\u0159edk\u016f a dopl\u0148kov\u00fdch produkt\u016f. D\u00edky tomuto sortimentu v\u00fdrobk\u016f nab\u00edz\u00ed spole\u010dnost Kurita rychl\u00e9 \u0159e\u0161en\u00ed probl\u00e9m\u016f a \u0159e\u0161en\u00ed na m\u00edru v p\u0159\u00edpad\u011b r\u016fzn\u00fdch probl\u00e9m\u016f, jako jsou nap\u0159.:<\/p><ul><li style=\"list-style-type: none;\"><ul><li>Zakalen\u00e1, nejasn\u00e1, zbarven\u00e1 voda<\/li><li>Tvorba vodn\u00edho kamene na povrchu baz\u00e9nu<\/li><li>Kluzk\u00e9 povrchy a zelen\u00e1 kaln\u00e1 voda<\/li><li>Podr\u00e1\u017ed\u011bn\u00ed o\u010d\u00ed a k\u016f\u017ee<\/li><\/ul><\/li><\/ul>\t\t\t\t\t\t\t\t<\/div>\n\t\t\t\t<\/div>\n\t\t\t\t\t<\/div>\n\t\t<\/div>\n\t\t\t\t\t<\/div>\n\t\t<\/section>\n\t\t\t\t<section class=\"elementor-section elementor-top-section elementor-element elementor-element-1918270c elementor-section-boxed elementor-section-height-default elementor-section-height-default\" data-id=\"1918270c\" data-element_type=\"section\" data-e-type=\"section\" data-settings=\"{&quot;background_background&quot;:&quot;classic&quot;}\">\n\t\t\t\t\t\t<div class=\"elementor-container elementor-column-gap-default\">\n\t\t\t\t\t<div class=\"elementor-column elementor-col-100 elementor-top-column elementor-element elementor-element-695b59d2 margin-content\" data-id=\"695b59d2\" data-element_type=\"column\" data-e-type=\"column\">\n\t\t\t<div class=\"elementor-widget-wrap elementor-element-populated\">\n\t\t\t\t\t\t<div class=\"elementor-element elementor-element-1f9a2f59 elementor-widget elementor-widget-heading\" data-id=\"1f9a2f59\" data-element_type=\"widget\" data-e-type=\"widget\" data-widget_type=\"heading.default\">\n\t\t\t\t<div class=\"elementor-widget-container\">\n\t\t\t\t\t<h4 class=\"elementor-heading-title elementor-size-default\">Pro\u010d si vybrat spole\u010dnost Kurita?<\/h4>\t\t\t\t<\/div>\n\t\t\t\t<\/div>\n\t\t\t\t<div class=\"elementor-element elementor-element-264b28f elementor-widget elementor-widget-text-editor\" data-id=\"264b28f\" data-element_type=\"widget\" data-e-type=\"widget\" data-widget_type=\"text-editor.default\">\n\t\t\t\t<div class=\"elementor-widget-container\">\n\t\t\t\t\t\t\t\t\t<p>Zku\u0161enosti s o\u0161et\u0159ov\u00e1n\u00edm baz\u00e9n\u016f jsme z\u00edskali za n\u011bkolik desetilet\u00ed. Na\u0161e \u0159e\u0161en\u00ed v\u00e1m umo\u017en\u00ed respektovat legislativu a \u017eivotn\u00ed prost\u0159ed\u00ed. Na\u0161\u00edm c\u00edlem je poskytovat \u0159e\u0161en\u00ed \u00fapravy pro bezprobl\u00e9mov\u00fd provoz syst\u00e9mu.<\/p><ul><li>Zachov\u00e1n\u00ed nebo dokonce zlep\u0161en\u00ed kvality vody<\/li><li>Sn\u00ed\u017een\u00ed provozn\u00edch n\u00e1klad\u016f<\/li><li>Zaji\u0161t\u011bn\u00ed bezprobl\u00e9mov\u00e9ho provozu baz\u00e9nu<\/li><li>Spln\u011bn\u00ed p\u0159\u00edsn\u00fdch p\u0159edpis\u016f<\/li><\/ul>\t\t\t\t\t\t\t\t<\/div>\n\t\t\t\t<\/div>\n\t\t\t\t\t<\/div>\n\t\t<\/div>\n\t\t\t\t\t<\/div>\n\t\t<\/section>\n\t\t\t\t<section class=\"elementor-section elementor-top-section elementor-element elementor-element-eba2529 elementor-section-boxed elementor-section-height-default elementor-section-height-default\" data-id=\"eba2529\" data-element_type=\"section\" data-e-type=\"section\" data-settings=\"{&quot;background_background&quot;:&quot;classic&quot;}\">\n\t\t\t\t\t\t<div class=\"elementor-container elementor-column-gap-default\">\n\t\t\t\t\t<div class=\"elementor-column elementor-col-100 elementor-top-column elementor-element elementor-element-cda31be margin-content\" data-id=\"cda31be\" data-element_type=\"column\" data-e-type=\"column\">\n\t\t\t<div class=\"elementor-widget-wrap elementor-element-populated\">\n\t\t\t\t\t\t<div class=\"elementor-element elementor-element-a5b355a elementor-widget elementor-widget-heading\" data-id=\"a5b355a\" data-element_type=\"widget\" data-e-type=\"widget\" data-widget_type=\"heading.default\">\n\t\t\t\t<div class=\"elementor-widget-container\">\n\t\t\t\t\t<h2 class=\"elementor-heading-title elementor-size-default\">Kl\u00ed\u010dov\u00e1 \u0159e\u0161en\u00ed<\/h2>\t\t\t\t<\/div>\n\t\t\t\t<\/div>\n\t\t\t\t<div class=\"elementor-element elementor-element-f678afc elementor-posts--thumbnail-none elementor-grid-2 elementor-grid-tablet-2 elementor-grid-mobile-1 elementor-card-shadow-yes elementor-posts__hover-gradient elementor-widget elementor-widget-posts\" data-id=\"f678afc\" data-element_type=\"widget\" data-e-type=\"widget\" data-settings=\"{&quot;cards_columns&quot;:&quot;2&quot;,&quot;cards_columns_tablet&quot;:&quot;2&quot;,&quot;cards_columns_mobile&quot;:&quot;1&quot;,&quot;cards_row_gap&quot;:{&quot;unit&quot;:&quot;px&quot;,&quot;size&quot;:35,&quot;sizes&quot;:[]},&quot;cards_row_gap_widescreen&quot;:{&quot;unit&quot;:&quot;px&quot;,&quot;size&quot;:&quot;&quot;,&quot;sizes&quot;:[]},&quot;cards_row_gap_laptop&quot;:{&quot;unit&quot;:&quot;px&quot;,&quot;size&quot;:&quot;&quot;,&quot;sizes&quot;:[]},&quot;cards_row_gap_tablet&quot;:{&quot;unit&quot;:&quot;px&quot;,&quot;size&quot;:&quot;&quot;,&quot;sizes&quot;:[]},&quot;cards_row_gap_mobile&quot;:{&quot;unit&quot;:&quot;px&quot;,&quot;size&quot;:&quot;&quot;,&quot;sizes&quot;:[]}}\" data-widget_type=\"posts.cards\">\n\t\t\t\t<div class=\"elementor-widget-container\">\n\t\t\t\t\t\t\t<div class=\"elementor-posts-container elementor-posts elementor-posts--skin-cards elementor-grid\" role=\"list\">\n\t\t\t\t<article class=\"elementor-post elementor-grid-item post-14051 page type-page status-publish hentry\" role=\"listitem\">\n\t\t\t<div class=\"elementor-post__card\">\n\t\t\t\t<div class=\"elementor-post__text\">\n\t\t\t\t<h4 class=\"elementor-post__title\">\n\t\t\t<a href=\"https:\/\/www.kurita.eu\/cs\/solutions\/ferrodor\/\" target=\"&quot;_blank&quot;\">\n\t\t\t\tFerrodor\u00ae\t\t\t<\/a>\n\t\t<\/h4>\n\t\t\t\t<div class=\"elementor-post__excerpt\">\n\t\t\t<p>Ferrodor\u00ae Ferrodor\u00ae - Pro zaji\u0161t\u011bn\u00ed bezprobl\u00e9mov\u00e9ho provozu baz\u00e9nu nab\u00edz\u00ed komplexn\u00ed a inovativn\u00ed technologie spole\u010dnosti Kurita pro o\u0161et\u0159ov\u00e1n\u00ed baz\u00e9n\u016f \u0161irokou \u0161k\u00e1lu v\u00fdrobk\u016f. \u00daprava vody v baz\u00e9nech m\u00e1 dva \u00fakoly: Hygiena pro plavce \u010cistota vody<\/p>\n\t\t<\/div>\n\t\t\t\t<\/div>\n\t\t\t\t\t<\/div>\n\t\t<\/article>\n\t\t\t\t<\/div>\n\t\t\n\t\t\t\t\t\t<\/div>\n\t\t\t\t<\/div>\n\t\t\t\t\t<\/div>\n\t\t<\/div>\n\t\t\t\t\t<\/div>\n\t\t<\/section>\n\t\t\t\t<\/div>","protected":false},"excerpt":{"rendered":"<p>Spole\u010dnost Kurita nab\u00edz\u00ed \u0161irok\u00fd sortiment chemick\u00fdch p\u0159\u00edpravk\u016f na \u00fapravu vody v baz\u00e9nech. <\/p>","protected":false},"author":2,"featured_media":14538,"parent":14484,"menu_order":0,"comment_status":"closed","ping_status":"closed","template":"","meta":{"footnotes":""},"class_list":["post-14533","page","type-page","status-publish","has-post-thumbnail","hentry"],"yoast_head":"<!-- This site is optimized with the Yoast SEO plugin v27.3 - https:\/\/yoast.com\/product\/yoast-seo-wordpress\/ -->\n<title>Swimming Pool - Kurita Europe<\/title>\n<meta name=\"robots\" content=\"index, follow, max-snippet:-1, max-image-preview:large, max-video-preview:-1\" \/>\n<link rel=\"canonical\" href=\"https:\/\/www.kurita.eu\/cs\/uprava-vody\/bazen\/\" \/>\n<meta property=\"og:locale\" content=\"cs_CZ\" \/>\n<meta property=\"og:type\" content=\"article\" \/>\n<meta property=\"og:title\" content=\"Swimming Pool - Kurita Europe\" \/>\n<meta property=\"og:description\" content=\"Kurita offers a wide product range of swimming pool water treatment chemicals.\" \/>\n<meta property=\"og:url\" content=\"https:\/\/www.kurita.eu\/cs\/uprava-vody\/bazen\/\" \/>\n<meta property=\"og:site_name\" content=\"Kurita Europe\" \/>\n<meta property=\"article:modified_time\" content=\"2026-03-12T14:57:38+00:00\" \/>\n<meta property=\"og:image\" content=\"https:\/\/www.kurita.eu\/wp-content\/uploads\/2025\/04\/Applications_WaterTreatment_DrinkingWater-56a111e3.jpg\" \/>\n\t<meta property=\"og:image:width\" content=\"870\" \/>\n\t<meta property=\"og:image:height\" content=\"350\" \/>\n\t<meta property=\"og:image:type\" content=\"image\/jpeg\" \/>\n<meta name=\"twitter:card\" content=\"summary_large_image\" \/>\n<meta name=\"twitter:site\" content=\"@KuritaGlobal\" \/>\n<meta name=\"twitter:label1\" content=\"Odhadovan\u00e1 doba \u010dten\u00ed\" \/>\n\t<meta name=\"twitter:data1\" content=\"3 minuty\" \/>\n<script type=\"application\/ld+json\" class=\"yoast-schema-graph\">{\"@context\":\"https:\\\/\\\/schema.org\",\"@graph\":[{\"@type\":\"WebPage\",\"@id\":\"https:\\\/\\\/www.kurita.eu\\\/pl\\\/uzdatnianie-wody\\\/basen\\\/\",\"url\":\"https:\\\/\\\/www.kurita.eu\\\/pl\\\/uzdatnianie-wody\\\/basen\\\/\",\"name\":\"Swimming Pool - Kurita Europe\",\"isPartOf\":{\"@id\":\"https:\\\/\\\/www.kurita.eu\\\/se\\\/#website\"},\"primaryImageOfPage\":{\"@id\":\"https:\\\/\\\/www.kurita.eu\\\/pl\\\/uzdatnianie-wody\\\/basen\\\/#primaryimage\"},\"image\":{\"@id\":\"https:\\\/\\\/www.kurita.eu\\\/pl\\\/uzdatnianie-wody\\\/basen\\\/#primaryimage\"},\"thumbnailUrl\":\"\\\/wp-content\\\/uploads\\\/2025\\\/04\\\/Applications_WaterTreatment_DrinkingWater-56a111e3.jpg\",\"datePublished\":\"2025-04-25T10:07:50+00:00\",\"dateModified\":\"2026-03-12T14:57:38+00:00\",\"breadcrumb\":{\"@id\":\"https:\\\/\\\/www.kurita.eu\\\/pl\\\/uzdatnianie-wody\\\/basen\\\/#breadcrumb\"},\"inLanguage\":\"cs\",\"potentialAction\":[{\"@type\":\"ReadAction\",\"target\":[\"https:\\\/\\\/www.kurita.eu\\\/pl\\\/uzdatnianie-wody\\\/basen\\\/\"]}]},{\"@type\":\"ImageObject\",\"inLanguage\":\"cs\",\"@id\":\"https:\\\/\\\/www.kurita.eu\\\/pl\\\/uzdatnianie-wody\\\/basen\\\/#primaryimage\",\"url\":\"\\\/wp-content\\\/uploads\\\/2025\\\/04\\\/Applications_WaterTreatment_DrinkingWater-56a111e3.jpg\",\"contentUrl\":\"\\\/wp-content\\\/uploads\\\/2025\\\/04\\\/Applications_WaterTreatment_DrinkingWater-56a111e3.jpg\",\"width\":870,\"height\":350,\"caption\":\"Swimming Pool\"},{\"@type\":\"BreadcrumbList\",\"@id\":\"https:\\\/\\\/www.kurita.eu\\\/pl\\\/uzdatnianie-wody\\\/basen\\\/#breadcrumb\",\"itemListElement\":[{\"@type\":\"ListItem\",\"position\":1,\"name\":\"Home\",\"item\":\"https:\\\/\\\/www.kurita.eu\\\/de\\\/\"},{\"@type\":\"ListItem\",\"position\":2,\"name\":\"Water Treatment\",\"item\":\"https:\\\/\\\/www.kurita.eu\\\/fr\\\/traitement-de-leau\\\/\"},{\"@type\":\"ListItem\",\"position\":3,\"name\":\"Swimming Pool\"}]},{\"@type\":\"WebSite\",\"@id\":\"https:\\\/\\\/www.kurita.eu\\\/se\\\/#website\",\"url\":\"https:\\\/\\\/www.kurita.eu\\\/se\\\/\",\"name\":\"Kurita Europe\",\"description\":\"Water Treatment Solutions\",\"publisher\":{\"@id\":\"https:\\\/\\\/www.kurita.eu\\\/se\\\/#organization\"},\"potentialAction\":[{\"@type\":\"SearchAction\",\"target\":{\"@type\":\"EntryPoint\",\"urlTemplate\":\"https:\\\/\\\/www.kurita.eu\\\/se\\\/?s={search_term_string}\"},\"query-input\":{\"@type\":\"PropertyValueSpecification\",\"valueRequired\":true,\"valueName\":\"search_term_string\"}}],\"inLanguage\":\"cs\"},{\"@type\":\"Organization\",\"@id\":\"https:\\\/\\\/www.kurita.eu\\\/se\\\/#organization\",\"name\":\"Kurita Europe\",\"url\":\"https:\\\/\\\/www.kurita.eu\\\/se\\\/\",\"logo\":{\"@type\":\"ImageObject\",\"inLanguage\":\"cs\",\"@id\":\"https:\\\/\\\/www.kurita.eu\\\/se\\\/#\\\/schema\\\/logo\\\/image\\\/\",\"url\":\"\\\/wp-content\\\/uploads\\\/2025\\\/05\\\/cropped-brand_mark_horizon_blue.png\",\"contentUrl\":\"\\\/wp-content\\\/uploads\\\/2025\\\/05\\\/cropped-brand_mark_horizon_blue.png\",\"width\":712,\"height\":204,\"caption\":\"Kurita Europe\"},\"image\":{\"@id\":\"https:\\\/\\\/www.kurita.eu\\\/se\\\/#\\\/schema\\\/logo\\\/image\\\/\"},\"sameAs\":[\"https:\\\/\\\/x.com\\\/KuritaGlobal\",\"https:\\\/\\\/www.linkedin.com\\\/company\\\/kurita\\\/\"]}]}<\/script>\n<!-- \/ Yoast SEO plugin. -->","yoast_head_json":{"title":"Baz\u00e9n - Kurita Europe","robots":{"index":"index","follow":"follow","max-snippet":"max-snippet:-1","max-image-preview":"max-image-preview:large","max-video-preview":"max-video-preview:-1"},"canonical":"https:\/\/www.kurita.eu\/cs\/uprava-vody\/bazen\/","og_locale":"cs_CZ","og_type":"article","og_title":"Swimming Pool - Kurita Europe","og_description":"Kurita offers a wide product range of swimming pool water treatment chemicals.","og_url":"https:\/\/www.kurita.eu\/cs\/uprava-vody\/bazen\/","og_site_name":"Kurita Europe","article_modified_time":"2026-03-12T14:57:38+00:00","og_image":[{"width":870,"height":350,"url":"https:\/\/www.kurita.eu\/wp-content\/uploads\/2025\/04\/Applications_WaterTreatment_DrinkingWater-56a111e3.jpg","type":"image\/jpeg"}],"twitter_card":"summary_large_image","twitter_site":"@KuritaGlobal","twitter_misc":{"Odhadovan\u00e1 doba \u010dten\u00ed":"3 minuty"},"schema":{"@context":"https:\/\/schema.org","@graph":[{"@type":"WebPage","@id":"https:\/\/www.kurita.eu\/pl\/uzdatnianie-wody\/basen\/","url":"https:\/\/www.kurita.eu\/pl\/uzdatnianie-wody\/basen\/","name":"Baz\u00e9n - Kurita Europe","isPartOf":{"@id":"https:\/\/www.kurita.eu\/se\/#website"},"primaryImageOfPage":{"@id":"https:\/\/www.kurita.eu\/pl\/uzdatnianie-wody\/basen\/#primaryimage"},"image":{"@id":"https:\/\/www.kurita.eu\/pl\/uzdatnianie-wody\/basen\/#primaryimage"},"thumbnailUrl":"\/wp-content\/uploads\/2025\/04\/Applications_WaterTreatment_DrinkingWater-56a111e3.jpg","datePublished":"2025-04-25T10:07:50+00:00","dateModified":"2026-03-12T14:57:38+00:00","breadcrumb":{"@id":"https:\/\/www.kurita.eu\/pl\/uzdatnianie-wody\/basen\/#breadcrumb"},"inLanguage":"cs","potentialAction":[{"@type":"ReadAction","target":["https:\/\/www.kurita.eu\/pl\/uzdatnianie-wody\/basen\/"]}]},{"@type":"ImageObject","inLanguage":"cs","@id":"https:\/\/www.kurita.eu\/pl\/uzdatnianie-wody\/basen\/#primaryimage","url":"\/wp-content\/uploads\/2025\/04\/Applications_WaterTreatment_DrinkingWater-56a111e3.jpg","contentUrl":"\/wp-content\/uploads\/2025\/04\/Applications_WaterTreatment_DrinkingWater-56a111e3.jpg","width":870,"height":350,"caption":"Swimming Pool"},{"@type":"BreadcrumbList","@id":"https:\/\/www.kurita.eu\/pl\/uzdatnianie-wody\/basen\/#breadcrumb","itemListElement":[{"@type":"ListItem","position":1,"name":"Home","item":"https:\/\/www.kurita.eu\/de\/"},{"@type":"ListItem","position":2,"name":"Water Treatment","item":"https:\/\/www.kurita.eu\/fr\/traitement-de-leau\/"},{"@type":"ListItem","position":3,"name":"Swimming Pool"}]},{"@type":"WebSite","@id":"https:\/\/www.kurita.eu\/se\/#website","url":"https:\/\/www.kurita.eu\/se\/","name":"Kurita Europe","description":"\u0158e\u0161en\u00ed pro \u00fapravu vody","publisher":{"@id":"https:\/\/www.kurita.eu\/se\/#organization"},"potentialAction":[{"@type":"SearchAction","target":{"@type":"EntryPoint","urlTemplate":"https:\/\/www.kurita.eu\/se\/?s={search_term_string}"},"query-input":{"@type":"PropertyValueSpecification","valueRequired":true,"valueName":"search_term_string"}}],"inLanguage":"cs"},{"@type":"Organization","@id":"https:\/\/www.kurita.eu\/se\/#organization","name":"Kurita Europe","url":"https:\/\/www.kurita.eu\/se\/","logo":{"@type":"ImageObject","inLanguage":"cs","@id":"https:\/\/www.kurita.eu\/se\/#\/schema\/logo\/image\/","url":"\/wp-content\/uploads\/2025\/05\/cropped-brand_mark_horizon_blue.png","contentUrl":"\/wp-content\/uploads\/2025\/05\/cropped-brand_mark_horizon_blue.png","width":712,"height":204,"caption":"Kurita Europe"},"image":{"@id":"https:\/\/www.kurita.eu\/se\/#\/schema\/logo\/image\/"},"sameAs":["https:\/\/x.com\/KuritaGlobal","https:\/\/www.linkedin.com\/company\/kurita\/"]}]}},"_links":{"self":[{"href":"https:\/\/www.kurita.eu\/cs\/wp-json\/wp\/v2\/pages\/14533","targetHints":{"allow":["GET"]}}],"collection":[{"href":"https:\/\/www.kurita.eu\/cs\/wp-json\/wp\/v2\/pages"}],"about":[{"href":"https:\/\/www.kurita.eu\/cs\/wp-json\/wp\/v2\/types\/page"}],"author":[{"embeddable":true,"href":"https:\/\/www.kurita.eu\/cs\/wp-json\/wp\/v2\/users\/2"}],"replies":[{"embeddable":true,"href":"https:\/\/www.kurita.eu\/cs\/wp-json\/wp\/v2\/comments?post=14533"}],"version-history":[{"count":14,"href":"https:\/\/www.kurita.eu\/cs\/wp-json\/wp\/v2\/pages\/14533\/revisions"}],"predecessor-version":[{"id":21314,"href":"https:\/\/www.kurita.eu\/cs\/wp-json\/wp\/v2\/pages\/14533\/revisions\/21314"}],"up":[{"embeddable":true,"href":"https:\/\/www.kurita.eu\/cs\/wp-json\/wp\/v2\/pages\/14484"}],"wp:featuredmedia":[{"embeddable":true,"href":"https:\/\/www.kurita.eu\/cs\/wp-json\/wp\/v2\/media\/14538"}],"wp:attachment":[{"href":"https:\/\/www.kurita.eu\/cs\/wp-json\/wp\/v2\/media?parent=14533"}],"curies":[{"name":"wp","href":"https:\/\/api.w.org\/{rel}","templated":true}]}}