{"id":18457,"date":"2025-12-12T08:59:54","date_gmt":"2025-12-12T08:59:54","guid":{"rendered":"https:\/\/www.kurita.eu\/?page_id=18457"},"modified":"2026-02-05T14:46:30","modified_gmt":"2026-02-05T14:46:30","slug":"webinar-o-chemicke-optimalizaci-ucinnosti-reverzni-osmozy","status":"publish","type":"page","link":"https:\/\/www.kurita.eu\/cs\/solutions\/reverse-osmosis-water-efficiency-chemical-optimization-webinar\/","title":{"rendered":"Webin\u00e1\u0159 | Reverzn\u00ed osm\u00f3za: Maximalizace \u00fa\u010dinnosti vody, sn\u00ed\u017een\u00ed odpadu a minimalizace spot\u0159eby energie"},"content":{"rendered":"<div data-elementor-type=\"wp-page\" data-elementor-id=\"18457\" class=\"elementor elementor-18457\" data-elementor-post-type=\"page\">\n\t\t\t\t\t\t<section class=\"elementor-section elementor-top-section elementor-element elementor-element-677aa1c6 elementor-section-height-min-height elementor-section-boxed elementor-section-height-default elementor-section-items-middle\" data-id=\"677aa1c6\" data-element_type=\"section\" data-e-type=\"section\" data-settings=\"{&quot;background_background&quot;:&quot;classic&quot;}\">\n\t\t\t\t\t\t\t<div class=\"elementor-background-overlay\"><\/div>\n\t\t\t\t\t\t\t<div class=\"elementor-container elementor-column-gap-default\">\n\t\t\t\t\t<div class=\"elementor-column elementor-col-100 elementor-top-column elementor-element elementor-element-342aee0a\" data-id=\"342aee0a\" data-element_type=\"column\" data-e-type=\"column\">\n\t\t\t<div class=\"elementor-widget-wrap elementor-element-populated\">\n\t\t\t\t\t\t<div class=\"elementor-element elementor-element-b4ecd69 elementor-align-center elementor-widget elementor-widget-button\" data-id=\"b4ecd69\" data-element_type=\"widget\" data-e-type=\"widget\" data-widget_type=\"button.default\">\n\t\t\t\t<div class=\"elementor-widget-container\">\n\t\t\t\t\t\t\t\t\t<div class=\"elementor-button-wrapper\">\n\t\t\t\t\t<a class=\"elementor-button elementor-button-link elementor-size-sm\" href=\"#register\">\n\t\t\t\t\t\t<span class=\"elementor-button-content-wrapper\">\n\t\t\t\t\t\t<span class=\"elementor-button-icon\">\n\t\t\t\t<svg aria-hidden=\"true\" class=\"e-font-icon-svg e-fas-microphone-alt\" viewbox=\"0 0 352 512\" xmlns=\"http:\/\/www.w3.org\/2000\/svg\"><path d=\"M336 192h-16c-8.84 0-16 7.16-16 16v48c0 74.8-64.49 134.82-140.79 127.38C96.71 376.89 48 317.11 48 250.3V208c0-8.84-7.16-16-16-16H16c-8.84 0-16 7.16-16 16v40.16c0 89.64 63.97 169.55 152 181.69V464H96c-8.84 0-16 7.16-16 16v16c0 8.84 7.16 16 16 16h160c8.84 0 16-7.16 16-16v-16c0-8.84-7.16-16-16-16h-56v-33.77C285.71 418.47 352 344.9 352 256v-48c0-8.84-7.16-16-16-16zM176 352c53.02 0 96-42.98 96-96h-85.33c-5.89 0-10.67-3.58-10.67-8v-16c0-4.42 4.78-8 10.67-8H272v-32h-85.33c-5.89 0-10.67-3.58-10.67-8v-16c0-4.42 4.78-8 10.67-8H272v-32h-85.33c-5.89 0-10.67-3.58-10.67-8v-16c0-4.42 4.78-8 10.67-8H272c0-53.02-42.98-96-96-96S80 42.98 80 96v160c0 53.02 42.98 96 96 96z\"><\/path><\/svg>\t\t\t<\/span>\n\t\t\t\t\t\t\t\t\t<span class=\"elementor-button-text\">WEBIN\u00c1\u0158 NA PO\u017d\u00c1D\u00c1N\u00cd<\/span>\n\t\t\t\t\t<\/span>\n\t\t\t\t\t<\/a>\n\t\t\t\t<\/div>\n\t\t\t\t\t\t\t\t<\/div>\n\t\t\t\t<\/div>\n\t\t\t\t<div class=\"elementor-element elementor-element-07ff627 elementor-widget elementor-widget-text-editor\" data-id=\"07ff627\" data-element_type=\"widget\" data-e-type=\"widget\" data-widget_type=\"text-editor.default\">\n\t\t\t\t<div class=\"elementor-widget-container\">\n\t\t\t\t\t\t\t\t\t<p>Reverzn\u00ed osm\u00f3za:<\/p><p>Maximalizovat \u00fa\u010dinnost vyu\u017eit\u00ed vody, sni\u017eovat mno\u017estv\u00ed odpadu a minimalizovat spot\u0159ebu energie. Pohled dodavatele chemik\u00e1li\u00ed.<\/p>\t\t\t\t\t\t\t\t<\/div>\n\t\t\t\t<\/div>\n\t\t\t\t\t<\/div>\n\t\t<\/div>\n\t\t\t\t\t<\/div>\n\t\t<\/section>\n\t\t\t\t<section class=\"elementor-section elementor-top-section elementor-element elementor-element-cd07e73 margin-content elementor-section-boxed elementor-section-height-default elementor-section-height-default\" data-id=\"cd07e73\" data-element_type=\"section\" data-e-type=\"section\">\n\t\t\t\t\t\t<div class=\"elementor-container elementor-column-gap-default\">\n\t\t\t\t\t<div class=\"elementor-column elementor-col-50 elementor-top-column elementor-element elementor-element-95c7156\" data-id=\"95c7156\" data-element_type=\"column\" data-e-type=\"column\">\n\t\t\t<div class=\"elementor-widget-wrap elementor-element-populated\">\n\t\t\t\t\t\t<div class=\"elementor-element elementor-element-597c98e elementor-widget-widescreen__width-initial elementor-widget-tablet__width-initial elementor-widget elementor-widget-heading\" data-id=\"597c98e\" data-element_type=\"widget\" data-e-type=\"widget\" data-widget_type=\"heading.default\">\n\t\t\t\t<div class=\"elementor-widget-container\">\n\t\t\t\t\t<h2 class=\"elementor-heading-title elementor-size-default\">Zaregistrujte se na n\u00e1\u0161 webin\u00e1\u0159 o \u00fa\u010dinnosti reverzn\u00ed osm\u00f3zy vody<\/h2>\t\t\t\t<\/div>\n\t\t\t\t<\/div>\n\t\t\t\t<div class=\"elementor-element elementor-element-290075b elementor-widget elementor-widget-text-editor\" data-id=\"290075b\" data-element_type=\"widget\" data-e-type=\"widget\" data-widget_type=\"text-editor.default\">\n\t\t\t\t<div class=\"elementor-widget-container\">\n\t\t\t\t\t\t\t\t\t<p>Z\u00fa\u010dastn\u011bte se podrobn\u00e9ho webin\u00e1\u0159e, na kter\u00e9m se odborn\u00edci z oboru pod\u011bl\u00ed o praktick\u00e9 strategie pro zv\u00fd\u0161en\u00ed v\u00fdkonu syst\u00e9mu reverzn\u00ed osm\u00f3zy (RO). A\u0165 u\u017e provozujete nebo spravujete syst\u00e9my \u00fapravy vody, toto zased\u00e1n\u00ed je navr\u017eeno tak, aby v\u00e1m pomohlo dos\u00e1hnout m\u011b\u0159iteln\u00fdch zlep\u0161en\u00ed a \u00faspor n\u00e1klad\u016f.<\/p><h5>Co se dozv\u00edte:<\/h5><ul><li>Jak mohou jednoduch\u00e9 provozn\u00ed zm\u011bny v\u00e9st k v\u00fdznamn\u00fdm \u00faspor\u00e1m<\/li><li>Zp\u016fsoby optimalizace chemick\u00e9ho o\u0161et\u0159en\u00ed a minimalizace dopadu syst\u00e9mu RO na \u017eivotn\u00ed prost\u0159ed\u00ed<\/li><li>Kl\u00ed\u010dov\u00e9 aspekty pro zv\u00fd\u0161en\u00ed m\u00edry vyu\u017eit\u00ed syst\u00e9mu<\/li><li>P\u0159\u00edpadov\u00e1 studie z re\u00e1ln\u00e9ho sv\u011bta: Jak jeden provozovatel u\u0161et\u0159il v\u00edce ne\u017e $450 000 ro\u010dn\u011b<\/li><li>Pro\u010d m\u016f\u017ee b\u00fdt nadm\u011brn\u00e9 d\u00e1vkov\u00e1n\u00ed chemik\u00e1li\u00ed \u0161kodliv\u00e9 pro provoz syst\u00e9mu?<\/li><li>D\u016fle\u017eitost komplexn\u00edho pohledu na syst\u00e9m<\/li><\/ul>\t\t\t\t\t\t\t\t<\/div>\n\t\t\t\t<\/div>\n\t\t\t\t<div class=\"elementor-element elementor-element-1fd533b1 elementor-widget__width-initial elementor-widget elementor-widget-text-editor\" data-id=\"1fd533b1\" data-element_type=\"widget\" data-e-type=\"widget\" data-widget_type=\"text-editor.default\">\n\t\t\t\t<div class=\"elementor-widget-container\">\n\t\t\t\t\t\t\t\t\t<h5>Podrobnosti o zased\u00e1n\u00ed:<\/h5><ul><li><strong>\u010cas: <\/strong>60 minut sezen\u00ed<\/li><li><strong>T\u00e9ma:<\/strong> Reverzn\u00ed osm\u00f3za: Pohled dodavatele chemik\u00e1li\u00ed: maximalizace \u00fa\u010dinnosti vody, sn\u00ed\u017een\u00ed odpadu a minimalizace spot\u0159eby energie<\/li><\/ul>\t\t\t\t\t\t\t\t<\/div>\n\t\t\t\t<\/div>\n\t\t\t\t<div class=\"elementor-element elementor-element-968fe14 elementor-widget elementor-widget-text-editor\" data-id=\"968fe14\" data-element_type=\"widget\" data-e-type=\"widget\" data-widget_type=\"text-editor.default\">\n\t\t\t\t<div class=\"elementor-widget-container\">\n\t\t\t\t\t\t\t\t\t<h5><span lang=\"EN-GB\">Vybran\u00ed \u0159e\u010dn\u00edci:<\/span><\/h5>\t\t\t\t\t\t\t\t<\/div>\n\t\t\t\t<\/div>\n\t\t\t\t<section class=\"elementor-section elementor-inner-section elementor-element elementor-element-8d9e991 elementor-section-boxed elementor-section-height-default elementor-section-height-default\" data-id=\"8d9e991\" data-element_type=\"section\" data-e-type=\"section\">\n\t\t\t\t\t\t<div class=\"elementor-container elementor-column-gap-default\">\n\t\t\t\t\t<div class=\"elementor-column elementor-col-33 elementor-inner-column elementor-element elementor-element-e8c52be\" data-id=\"e8c52be\" data-element_type=\"column\" data-e-type=\"column\">\n\t\t\t<div class=\"elementor-widget-wrap elementor-element-populated\">\n\t\t\t\t\t\t<div class=\"elementor-element elementor-element-d743ddb elementor-author-box--layout-image-above elementor-author-box--align-center elementor-widget elementor-widget-author-box\" data-id=\"d743ddb\" data-element_type=\"widget\" data-e-type=\"widget\" data-widget_type=\"author-box.default\">\n\t\t\t\t<div class=\"elementor-widget-container\">\n\t\t\t\t\t\t\t<div class=\"elementor-author-box\">\n\t\t\t\t\t\t\t<div  class=\"elementor-author-box__avatar\">\n\t\t\t\t\t<img decoding=\"async\" src=\"\/wp-content\/uploads\/2025\/04\/Dan-jpg.webp\" alt=\"Picture of Dan Freeman\" loading=\"lazy\" data-no-translation=\"\">\n\t\t\t\t<\/div>\n\t\t\t\n\t\t\t<div class=\"elementor-author-box__text\">\n\t\t\t\t\t\t\t\t\t<div >\n\t\t\t\t\t\t<span class=\"elementor-author-box__name\">\n\t\t\t\t\t\t\tDan Freeman\t\t\t\t\t\t<\/span>\n\t\t\t\t\t<\/div>\n\t\t\t\t\n\t\t\t\t\t\t\t\t\t<div class=\"elementor-author-box__bio\">\n\t\t\t\t\t\t<p>Senior produktov\u00fd mana\u017eer<\/p>\n\t\t\t\t\t<\/div>\n\t\t\t\t\n\t\t\t\t\t\t\t<\/div>\n\t\t<\/div>\n\t\t\t\t\t\t<\/div>\n\t\t\t\t<\/div>\n\t\t\t\t\t<\/div>\n\t\t<\/div>\n\t\t\t\t<div class=\"elementor-column elementor-col-33 elementor-inner-column elementor-element elementor-element-24d9e4a\" data-id=\"24d9e4a\" data-element_type=\"column\" data-e-type=\"column\">\n\t\t\t<div class=\"elementor-widget-wrap elementor-element-populated\">\n\t\t\t\t\t\t<div class=\"elementor-element elementor-element-4b450c6 elementor-author-box--layout-image-above elementor-author-box--align-center elementor-widget elementor-widget-author-box\" data-id=\"4b450c6\" data-element_type=\"widget\" data-e-type=\"widget\" data-widget_type=\"author-box.default\">\n\t\t\t\t<div class=\"elementor-widget-container\">\n\t\t\t\t\t\t\t<div class=\"elementor-author-box\">\n\t\t\t\t\t\t\t<div  class=\"elementor-author-box__avatar\">\n\t\t\t\t\t<img decoding=\"async\" src=\"\/wp-content\/uploads\/2025\/12\/Georgia-Skordalou.jpg\" alt=\"Picture of Georgia Skordalou\" loading=\"lazy\" data-no-translation=\"\">\n\t\t\t\t<\/div>\n\t\t\t\n\t\t\t<div class=\"elementor-author-box__text\">\n\t\t\t\t\t\t\t\t\t<div >\n\t\t\t\t\t\t<span class=\"elementor-author-box__name\">\n\t\t\t\t\t\t\tGeorgia Skordalou\t\t\t\t\t\t<\/span>\n\t\t\t\t\t<\/div>\n\t\t\t\t\n\t\t\t\t\t\t\t\t\t<div class=\"elementor-author-box__bio\">\n\t\t\t\t\t\t<p>Produktov\u00fd specialista<\/p>\n\t\t\t\t\t<\/div>\n\t\t\t\t\n\t\t\t\t\t\t\t<\/div>\n\t\t<\/div>\n\t\t\t\t\t\t<\/div>\n\t\t\t\t<\/div>\n\t\t\t\t\t<\/div>\n\t\t<\/div>\n\t\t\t\t<div class=\"elementor-column elementor-col-33 elementor-inner-column elementor-element elementor-element-6d827f6\" data-id=\"6d827f6\" data-element_type=\"column\" data-e-type=\"column\">\n\t\t\t<div class=\"elementor-widget-wrap elementor-element-populated\">\n\t\t\t\t\t\t<div class=\"elementor-element elementor-element-a7a0e56 elementor-author-box--layout-image-above elementor-author-box--align-center elementor-widget elementor-widget-author-box\" data-id=\"a7a0e56\" data-element_type=\"widget\" data-e-type=\"widget\" data-widget_type=\"author-box.default\">\n\t\t\t\t<div class=\"elementor-widget-container\">\n\t\t\t\t\t\t\t<div class=\"elementor-author-box\">\n\t\t\t\t\t\t\t<div  class=\"elementor-author-box__avatar\">\n\t\t\t\t\t<img decoding=\"async\" src=\"\/wp-content\/uploads\/2025\/12\/Javier-Martinez-1-e1765799230419-300x300.jpg\" alt=\"Picture of Javier Martinez\" loading=\"lazy\" data-no-translation=\"\">\n\t\t\t\t<\/div>\n\t\t\t\n\t\t\t<div class=\"elementor-author-box__text\">\n\t\t\t\t\t\t\t\t\t<div >\n\t\t\t\t\t\t<span class=\"elementor-author-box__name\">\n\t\t\t\t\t\t\tJavier Martinez\t\t\t\t\t\t<\/span>\n\t\t\t\t\t<\/div>\n\t\t\t\t\n\t\t\t\t\t\t\t\t\t<div class=\"elementor-author-box__bio\">\n\t\t\t\t\t\t<p>Produktov\u00fd mana\u017eer<\/p>\n\t\t\t\t\t<\/div>\n\t\t\t\t\n\t\t\t\t\t\t\t<\/div>\n\t\t<\/div>\n\t\t\t\t\t\t<\/div>\n\t\t\t\t<\/div>\n\t\t\t\t\t<\/div>\n\t\t<\/div>\n\t\t\t\t\t<\/div>\n\t\t<\/section>\n\t\t\t\t<div class=\"elementor-element elementor-element-d1552ea elementor-widget__width-initial elementor-widget elementor-widget-text-editor\" data-id=\"d1552ea\" data-element_type=\"widget\" data-e-type=\"widget\" data-widget_type=\"text-editor.default\">\n\t\t\t\t<div class=\"elementor-widget-container\">\n\t\t\t\t\t\t\t\t\t<p>Tento webin\u00e1\u0159 nab\u00edz\u00ed praktick\u00e9 strategie a \u017eivou uk\u00e1zku, kter\u00e9 v\u00e1m pomohou dos\u00e1hnout va\u0161ich c\u00edl\u016f v oblasti udr\u017eitelnosti a efektivity. <strong>Zaregistrujte se a z\u00edskejte p\u0159\u00edstup k na\u0161emu webin\u00e1\u0159i na vy\u017e\u00e1d\u00e1n\u00ed.<\/strong><\/p>\t\t\t\t\t\t\t\t<\/div>\n\t\t\t\t<\/div>\n\t\t\t\t\t<\/div>\n\t\t<\/div>\n\t\t\t\t<div class=\"elementor-column elementor-col-50 elementor-top-column elementor-element elementor-element-f59f490\" data-id=\"f59f490\" data-element_type=\"column\" data-e-type=\"column\" data-settings=\"{&quot;background_background&quot;:&quot;classic&quot;}\">\n\t\t\t<div class=\"elementor-widget-wrap elementor-element-populated\">\n\t\t\t\t\t\t<div class=\"elementor-element elementor-element-fd068ea elementor-widget elementor-widget-menu-anchor\" data-id=\"fd068ea\" data-element_type=\"widget\" data-e-type=\"widget\" data-widget_type=\"menu-anchor.default\">\n\t\t\t\t<div class=\"elementor-widget-container\">\n\t\t\t\t\t\t\t<div class=\"elementor-menu-anchor\" id=\"register\"><\/div>\n\t\t\t\t\t\t<\/div>\n\t\t\t\t<\/div>\n\t\t\t\t<div class=\"elementor-element elementor-element-989db90 elementor-widget elementor-widget-text-editor\" data-id=\"989db90\" data-element_type=\"widget\" data-e-type=\"widget\" data-widget_type=\"text-editor.default\">\n\t\t\t\t<div class=\"elementor-widget-container\">\n\t\t\t\t\t\t\t\t\t<h5>Zaregistrujte se zde<\/h5>\t\t\t\t\t\t\t\t<\/div>\n\t\t\t\t<\/div>\n\t\t\t\t<div class=\"elementor-element elementor-element-25c132e elementor-widget elementor-widget-text-editor\" data-id=\"25c132e\" data-element_type=\"widget\" data-e-type=\"widget\" data-widget_type=\"text-editor.default\">\n\t\t\t\t<div class=\"elementor-widget-container\">\n\t\t\t\t\t\t\t\t\t<p>Vypl\u0148te pros\u00edm n\u00ed\u017ee uveden\u00fd formul\u00e1\u0159 a rezervujte si m\u00edsto:<\/p>\t\t\t\t\t\t\t\t<\/div>\n\t\t\t\t<\/div>\n\t\t\t\t<div class=\"elementor-element elementor-element-9201c9f elementor-widget elementor-widget-html\" data-id=\"9201c9f\" data-element_type=\"widget\" data-e-type=\"widget\" data-widget_type=\"html.default\">\n\t\t\t\t<div class=\"elementor-widget-container\">\n\t\t\t\t\t<div\r\n        data-form-id='0a58e561-3fd7-f011-8543-000d3ab991e5'\r\n        data-form-api-url='https:\/\/public-eur.mkt.dynamics.com\/api\/v1.0\/orgs\/30cac5a2-33f9-ed11-a66d-000d3a64d748\/landingpageforms'\r\n        data-cached-form-url='https:\/\/assets-eur.mkt.dynamics.com\/30cac5a2-33f9-ed11-a66d-000d3a64d748\/digitalassets\/forms\/0a58e561-3fd7-f011-8543-000d3ab991e5' ><\/div>\r\n        <script src = 'https:\/\/cxppusa1formui01cdnsa01-endpoint.azureedge.net\/eur\/FormLoader\/FormLoader.bundle.js' ><\/script>\t\t\t\t<\/div>\n\t\t\t\t<\/div>\n\t\t\t\t\t<\/div>\n\t\t<\/div>\n\t\t\t\t\t<\/div>\n\t\t<\/section>\n\t\t\t\t<\/div>","protected":false},"excerpt":{"rendered":"<p>Kurita Connect 360 je digit\u00e1ln\u00ed z\u00e1kaznick\u00e1 platforma vyu\u017e\u00edvaj\u00edc\u00ed modern\u00ed technologick\u00e9 bal\u00ed\u010dky vyvinut\u00e9 pro spr\u00e1vu vod\u00e1rensk\u00fdch syst\u00e9m\u016f na glob\u00e1ln\u00ed \u00farovni.<\/p>","protected":false},"author":5,"featured_media":0,"parent":13875,"menu_order":0,"comment_status":"closed","ping_status":"closed","template":"","meta":{"footnotes":""},"class_list":["post-18457","page","type-page","status-publish","hentry"],"yoast_head":"<!-- This site is optimized with the Yoast SEO plugin v27.3 - https:\/\/yoast.com\/product\/yoast-seo-wordpress\/ -->\n<title>Webinar: Reverse Osmosis Water Efficiency and Chemical Optimization<\/title>\n<meta name=\"description\" content=\"Explore how Kurita&#039;s RO offering can help you to maximize water efficiency in our Reverse Osmosis Webinar in a 60 minutes session.\" \/>\n<meta name=\"robots\" content=\"index, follow, max-snippet:-1, max-image-preview:large, max-video-preview:-1\" \/>\n<link rel=\"canonical\" href=\"https:\/\/www.kurita.eu\/cs\/reseni\/webinar-o-chemicke-optimalizaci-ucinnosti-reverzni-osmozy\/\" \/>\n<meta property=\"og:locale\" content=\"cs_CZ\" \/>\n<meta property=\"og:type\" content=\"article\" \/>\n<meta property=\"og:title\" content=\"Webinar: Reverse Osmosis Water Efficiency and Chemical Optimization\" \/>\n<meta property=\"og:description\" content=\"Explore how Kurita&#039;s RO offering can help you to maximize water efficiency in our Reverse Osmosis Webinar in a 60 minutes session.\" \/>\n<meta property=\"og:url\" content=\"https:\/\/www.kurita.eu\/cs\/reseni\/webinar-o-chemicke-optimalizaci-ucinnosti-reverzni-osmozy\/\" \/>\n<meta property=\"og:site_name\" content=\"Kurita Europe\" \/>\n<meta property=\"article:modified_time\" content=\"2026-02-05T14:46:30+00:00\" \/>\n<meta property=\"og:image\" content=\"https:\/\/www.kurita.eu\/wp-content\/uploads\/2025\/07\/kurita-favicon-512x512-1.png\" \/>\n\t<meta property=\"og:image:width\" content=\"512\" \/>\n\t<meta property=\"og:image:height\" content=\"512\" \/>\n\t<meta property=\"og:image:type\" content=\"image\/png\" \/>\n<meta name=\"twitter:card\" content=\"summary_large_image\" \/>\n<meta name=\"twitter:label1\" content=\"Odhadovan\u00e1 doba \u010dten\u00ed\" \/>\n\t<meta name=\"twitter:data1\" content=\"1 minuta\" \/>\n<script type=\"application\/ld+json\" class=\"yoast-schema-graph\">{\"@context\":\"https:\\\/\\\/schema.org\",\"@graph\":[{\"@type\":\"WebPage\",\"@id\":\"https:\\\/\\\/www.kurita.eu\\\/se\\\/solutions\\\/reverse-osmosis-water-efficiency-chemical-optimization-webinar\\\/\",\"url\":\"https:\\\/\\\/www.kurita.eu\\\/se\\\/solutions\\\/reverse-osmosis-water-efficiency-chemical-optimization-webinar\\\/\",\"name\":\"Webinar: Reverse Osmosis Water Efficiency and Chemical Optimization\",\"isPartOf\":{\"@id\":\"https:\\\/\\\/www.kurita.eu\\\/fr\\\/#website\"},\"datePublished\":\"2025-12-12T08:59:54+00:00\",\"dateModified\":\"2026-02-05T14:46:30+00:00\",\"description\":\"Explore how Kurita's RO offering can help you to maximize water efficiency in our Reverse Osmosis Webinar in a 60 minutes session.\",\"breadcrumb\":{\"@id\":\"https:\\\/\\\/www.kurita.eu\\\/se\\\/solutions\\\/reverse-osmosis-water-efficiency-chemical-optimization-webinar\\\/#breadcrumb\"},\"inLanguage\":\"cs\",\"potentialAction\":[{\"@type\":\"ReadAction\",\"target\":[\"https:\\\/\\\/www.kurita.eu\\\/se\\\/solutions\\\/reverse-osmosis-water-efficiency-chemical-optimization-webinar\\\/\"]}]},{\"@type\":\"BreadcrumbList\",\"@id\":\"https:\\\/\\\/www.kurita.eu\\\/se\\\/solutions\\\/reverse-osmosis-water-efficiency-chemical-optimization-webinar\\\/#breadcrumb\",\"itemListElement\":[{\"@type\":\"ListItem\",\"position\":1,\"name\":\"Home\",\"item\":\"https:\\\/\\\/www.kurita.eu\\\/se\\\/\"},{\"@type\":\"ListItem\",\"position\":2,\"name\":\"Solutions\",\"item\":\"https:\\\/\\\/www.kurita.eu\\\/se\\\/losningar\\\/\"},{\"@type\":\"ListItem\",\"position\":3,\"name\":\"Webinar | Reverse Osmosis: Maximising water efficiency, reducing waste and minimizing energy consumption\"}]},{\"@type\":\"WebSite\",\"@id\":\"https:\\\/\\\/www.kurita.eu\\\/fr\\\/#website\",\"url\":\"https:\\\/\\\/www.kurita.eu\\\/fr\\\/\",\"name\":\"Kurita Europe\",\"description\":\"Water Treatment Solutions\",\"publisher\":{\"@id\":\"https:\\\/\\\/www.kurita.eu\\\/fr\\\/#organization\"},\"potentialAction\":[{\"@type\":\"SearchAction\",\"target\":{\"@type\":\"EntryPoint\",\"urlTemplate\":\"https:\\\/\\\/www.kurita.eu\\\/fr\\\/?s={search_term_string}\"},\"query-input\":{\"@type\":\"PropertyValueSpecification\",\"valueRequired\":true,\"valueName\":\"search_term_string\"}}],\"inLanguage\":\"cs\"},{\"@type\":\"Organization\",\"@id\":\"https:\\\/\\\/www.kurita.eu\\\/fr\\\/#organization\",\"name\":\"Kurita Europe\",\"url\":\"https:\\\/\\\/www.kurita.eu\\\/fr\\\/\",\"logo\":{\"@type\":\"ImageObject\",\"inLanguage\":\"cs\",\"@id\":\"https:\\\/\\\/www.kurita.eu\\\/fr\\\/#\\\/schema\\\/logo\\\/image\\\/\",\"url\":\"\\\/wp-content\\\/uploads\\\/2025\\\/05\\\/cropped-brand_mark_horizon_blue.png\",\"contentUrl\":\"\\\/wp-content\\\/uploads\\\/2025\\\/05\\\/cropped-brand_mark_horizon_blue.png\",\"width\":712,\"height\":204,\"caption\":\"Kurita Europe\"},\"image\":{\"@id\":\"https:\\\/\\\/www.kurita.eu\\\/fr\\\/#\\\/schema\\\/logo\\\/image\\\/\"}}]}<\/script>\n<!-- \/ Yoast SEO plugin. -->","yoast_head_json":{"title":"Webov\u00fd semin\u00e1\u0159: \u00da\u010dinnost reverzn\u00ed osm\u00f3zy a chemick\u00e1 optimalizace vody","description":"Prozkoumejte, jak v\u00e1m m\u016f\u017ee nab\u00eddka RO spole\u010dnosti Kurita pomoci maximalizovat \u00fa\u010dinnost vody v na\u0161em 60minutov\u00e9m webin\u00e1\u0159i o reverzn\u00ed osm\u00f3ze.","robots":{"index":"index","follow":"follow","max-snippet":"max-snippet:-1","max-image-preview":"max-image-preview:large","max-video-preview":"max-video-preview:-1"},"canonical":"https:\/\/www.kurita.eu\/cs\/reseni\/webinar-o-chemicke-optimalizaci-ucinnosti-reverzni-osmozy\/","og_locale":"cs_CZ","og_type":"article","og_title":"Webinar: Reverse Osmosis Water Efficiency and Chemical Optimization","og_description":"Explore how Kurita's RO offering can help you to maximize water efficiency in our Reverse Osmosis Webinar in a 60 minutes session.","og_url":"https:\/\/www.kurita.eu\/cs\/reseni\/webinar-o-chemicke-optimalizaci-ucinnosti-reverzni-osmozy\/","og_site_name":"Kurita Europe","article_modified_time":"2026-02-05T14:46:30+00:00","og_image":[{"width":512,"height":512,"url":"https:\/\/www.kurita.eu\/wp-content\/uploads\/2025\/07\/kurita-favicon-512x512-1.png","type":"image\/png"}],"twitter_card":"summary_large_image","twitter_misc":{"Odhadovan\u00e1 doba \u010dten\u00ed":"1 minuta"},"schema":{"@context":"https:\/\/schema.org","@graph":[{"@type":"WebPage","@id":"https:\/\/www.kurita.eu\/se\/solutions\/reverse-osmosis-water-efficiency-chemical-optimization-webinar\/","url":"https:\/\/www.kurita.eu\/se\/solutions\/reverse-osmosis-water-efficiency-chemical-optimization-webinar\/","name":"Webov\u00fd semin\u00e1\u0159: \u00da\u010dinnost reverzn\u00ed osm\u00f3zy a chemick\u00e1 optimalizace vody","isPartOf":{"@id":"https:\/\/www.kurita.eu\/fr\/#website"},"datePublished":"2025-12-12T08:59:54+00:00","dateModified":"2026-02-05T14:46:30+00:00","description":"Prozkoumejte, jak v\u00e1m m\u016f\u017ee nab\u00eddka RO spole\u010dnosti Kurita pomoci maximalizovat \u00fa\u010dinnost vody v na\u0161em 60minutov\u00e9m webin\u00e1\u0159i o reverzn\u00ed osm\u00f3ze.","breadcrumb":{"@id":"https:\/\/www.kurita.eu\/se\/solutions\/reverse-osmosis-water-efficiency-chemical-optimization-webinar\/#breadcrumb"},"inLanguage":"cs","potentialAction":[{"@type":"ReadAction","target":["https:\/\/www.kurita.eu\/se\/solutions\/reverse-osmosis-water-efficiency-chemical-optimization-webinar\/"]}]},{"@type":"BreadcrumbList","@id":"https:\/\/www.kurita.eu\/se\/solutions\/reverse-osmosis-water-efficiency-chemical-optimization-webinar\/#breadcrumb","itemListElement":[{"@type":"ListItem","position":1,"name":"Home","item":"https:\/\/www.kurita.eu\/se\/"},{"@type":"ListItem","position":2,"name":"Solutions","item":"https:\/\/www.kurita.eu\/se\/losningar\/"},{"@type":"ListItem","position":3,"name":"Webinar | Reverse Osmosis: Maximising water efficiency, reducing waste and minimizing energy consumption"}]},{"@type":"WebSite","@id":"https:\/\/www.kurita.eu\/fr\/#website","url":"https:\/\/www.kurita.eu\/fr\/","name":"Kurita Europe","description":"\u0158e\u0161en\u00ed pro \u00fapravu vody","publisher":{"@id":"https:\/\/www.kurita.eu\/fr\/#organization"},"potentialAction":[{"@type":"SearchAction","target":{"@type":"EntryPoint","urlTemplate":"https:\/\/www.kurita.eu\/fr\/?s={search_term_string}"},"query-input":{"@type":"PropertyValueSpecification","valueRequired":true,"valueName":"search_term_string"}}],"inLanguage":"cs"},{"@type":"Organization","@id":"https:\/\/www.kurita.eu\/fr\/#organization","name":"Kurita Europe","url":"https:\/\/www.kurita.eu\/fr\/","logo":{"@type":"ImageObject","inLanguage":"cs","@id":"https:\/\/www.kurita.eu\/fr\/#\/schema\/logo\/image\/","url":"\/wp-content\/uploads\/2025\/05\/cropped-brand_mark_horizon_blue.png","contentUrl":"\/wp-content\/uploads\/2025\/05\/cropped-brand_mark_horizon_blue.png","width":712,"height":204,"caption":"Kurita Europe"},"image":{"@id":"https:\/\/www.kurita.eu\/fr\/#\/schema\/logo\/image\/"}}]}},"_links":{"self":[{"href":"https:\/\/www.kurita.eu\/cs\/wp-json\/wp\/v2\/pages\/18457","targetHints":{"allow":["GET"]}}],"collection":[{"href":"https:\/\/www.kurita.eu\/cs\/wp-json\/wp\/v2\/pages"}],"about":[{"href":"https:\/\/www.kurita.eu\/cs\/wp-json\/wp\/v2\/types\/page"}],"author":[{"embeddable":true,"href":"https:\/\/www.kurita.eu\/cs\/wp-json\/wp\/v2\/users\/5"}],"replies":[{"embeddable":true,"href":"https:\/\/www.kurita.eu\/cs\/wp-json\/wp\/v2\/comments?post=18457"}],"version-history":[{"count":49,"href":"https:\/\/www.kurita.eu\/cs\/wp-json\/wp\/v2\/pages\/18457\/revisions"}],"predecessor-version":[{"id":19876,"href":"https:\/\/www.kurita.eu\/cs\/wp-json\/wp\/v2\/pages\/18457\/revisions\/19876"}],"up":[{"embeddable":true,"href":"https:\/\/www.kurita.eu\/cs\/wp-json\/wp\/v2\/pages\/13875"}],"wp:attachment":[{"href":"https:\/\/www.kurita.eu\/cs\/wp-json\/wp\/v2\/media?parent=18457"}],"curies":[{"name":"wp","href":"https:\/\/api.w.org\/{rel}","templated":true}]}}