{"id":20129,"date":"2026-02-12T09:40:17","date_gmt":"2026-02-12T09:40:17","guid":{"rendered":"https:\/\/www.kurita.eu\/?page_id=20129"},"modified":"2026-02-26T14:30:12","modified_gmt":"2026-02-26T14:30:12","slug":"vdi-2047-schulung","status":"publish","type":"page","link":"https:\/\/www.kurita.eu\/cs\/vdi-2047-schulung\/","title":{"rendered":"VDI 2047-Schulung"},"content":{"rendered":"<div data-elementor-type=\"wp-page\" data-elementor-id=\"20129\" class=\"elementor elementor-20129\" data-elementor-post-type=\"page\">\n\t\t\t\t\t\t<section class=\"elementor-section elementor-top-section elementor-element elementor-element-582e0d6 elementor-section-full_width elementor-section-height-default elementor-section-height-default\" data-id=\"582e0d6\" data-element_type=\"section\" data-e-type=\"section\">\n\t\t\t\t\t\t<div class=\"elementor-container elementor-column-gap-default\">\n\t\t\t\t\t<div class=\"elementor-column elementor-col-100 elementor-top-column elementor-element elementor-element-3ccaaac\" data-id=\"3ccaaac\" data-element_type=\"column\" data-e-type=\"column\">\n\t\t\t<div class=\"elementor-widget-wrap elementor-element-populated\">\n\t\t\t\t\t\t<div class=\"elementor-element elementor-element-07f8688 elementor--h-position-center elementor--v-position-middle elementor-arrows-position-inside elementor-pagination-position-inside elementor-widget elementor-widget-slides\" data-id=\"07f8688\" data-element_type=\"widget\" data-e-type=\"widget\" data-settings=\"{&quot;navigation&quot;:&quot;both&quot;,&quot;autoplay&quot;:&quot;yes&quot;,&quot;pause_on_hover&quot;:&quot;yes&quot;,&quot;pause_on_interaction&quot;:&quot;yes&quot;,&quot;autoplay_speed&quot;:5000,&quot;infinite&quot;:&quot;yes&quot;,&quot;transition&quot;:&quot;slide&quot;,&quot;transition_speed&quot;:500}\" data-widget_type=\"slides.default\">\n\t\t\t\t<div class=\"elementor-widget-container\">\n\t\t\t\t\t\t\t\t\t<div class=\"elementor-swiper\">\n\t\t\t\t\t<div class=\"elementor-slides-wrapper elementor-main-swiper swiper\" role=\"region\" aria-roledescription=\"carousel\" aria-label=\"Slides\" dir=\"ltr\" data-animation=\"fadeInUp\">\n\t\t\t\t<div class=\"swiper-wrapper elementor-slides\">\n\t\t\t\t\t\t\t\t\t\t<div class=\"elementor-repeater-item-4e0b9f7 swiper-slide\" role=\"group\" aria-roledescription=\"slide\"><div class=\"swiper-slide-bg elementor-ken-burns elementor-ken-burns--in\" role=\"img\" aria-label=\"KDBL_cooling-tower3_jpg.png\"><\/div><div class=\"elementor-background-overlay\"><\/div><div class=\"swiper-slide-inner\" ><div class=\"swiper-slide-contents\"><h1 class=\"elementor-slide-heading\">VDI 2047-Schulung<\/h1><\/div><\/div><\/div>\t\t\t\t<\/div>\n\t\t\t\t\t\t\t<\/div>\n\t\t\t\t<\/div>\n\t\t\t\t\t\t\t\t<\/div>\n\t\t\t\t<\/div>\n\t\t\t\t\t<\/div>\n\t\t<\/div>\n\t\t\t\t\t<\/div>\n\t\t<\/section>\n\t\t\t\t<section class=\"elementor-section elementor-top-section elementor-element elementor-element-59da67e elementor-section-boxed elementor-section-height-default elementor-section-height-default\" data-id=\"59da67e\" data-element_type=\"section\" data-e-type=\"section\">\n\t\t\t\t\t\t<div class=\"elementor-container elementor-column-gap-default\">\n\t\t\t\t\t<div class=\"elementor-column elementor-col-100 elementor-top-column elementor-element elementor-element-049cd02 margin-content\" data-id=\"049cd02\" data-element_type=\"column\" data-e-type=\"column\">\n\t\t\t<div class=\"elementor-widget-wrap elementor-element-populated\">\n\t\t\t\t\t\t<div class=\"elementor-element elementor-element-3a39ee9 elementor-widget elementor-widget-heading\" data-id=\"3a39ee9\" data-element_type=\"widget\" data-e-type=\"widget\" data-widget_type=\"heading.default\">\n\t\t\t\t<div class=\"elementor-widget-container\">\n\t\t\t\t\t<h4 class=\"elementor-heading-title elementor-size-default\">\u0160kolen\u00ed VDI 2047<\/h4>\t\t\t\t<\/div>\n\t\t\t\t<\/div>\n\t\t\t\t<section class=\"elementor-section elementor-inner-section elementor-element elementor-element-71733ac elementor-section-boxed elementor-section-height-default elementor-section-height-default\" data-id=\"71733ac\" data-element_type=\"section\" data-e-type=\"section\">\n\t\t\t\t\t\t<div class=\"elementor-container elementor-column-gap-default\">\n\t\t\t\t\t<div class=\"elementor-column elementor-col-50 elementor-inner-column elementor-element elementor-element-f62f55e\" data-id=\"f62f55e\" data-element_type=\"column\" data-e-type=\"column\">\n\t\t\t<div class=\"elementor-widget-wrap elementor-element-populated\">\n\t\t\t\t\t\t<div class=\"elementor-element elementor-element-52676bb elementor-widget elementor-widget-text-editor\" data-id=\"52676bb\" data-element_type=\"widget\" data-e-type=\"widget\" data-widget_type=\"text-editor.default\">\n\t\t\t\t<div class=\"elementor-widget-container\">\n\t\t\t\t\t\t\t\t\t<p class=\"translation-block\">Jako ofici\u00e1ln\u00ed <strong><a href=\"https:\/\/www.vdi.de\/\" target=\"_blank\" rel=\"noopener\">\u0160kol\u00edc\u00ed partner VDI<\/a><\/strong> nab\u00edz\u00ed spole\u010dnost Kurita pravideln\u00e1 \u0161kolen\u00ed v souladu s po\u017eadavky sm\u011brnice VDI-MT 2047, \u010d\u00e1st 4. Akce se zpravidla konaj\u00ed jako jednodenn\u00ed osobn\u00ed \u0161kolen\u00ed (od 8:30 do 17:00 hodin) v technologick\u00e9m centru Kurita Europe v n\u011bmeck\u00e9m Viersenu D-41751. Po dohod\u011b r\u00e1di poskytneme i \u0161kolen\u00ed p\u0159\u00edmo u v\u00e1s.<\/p>\t\t\t\t\t\t\t\t<\/div>\n\t\t\t\t<\/div>\n\t\t\t\t<div class=\"elementor-element elementor-element-8f302b7 elementor-widget elementor-widget-button\" data-id=\"8f302b7\" data-element_type=\"widget\" data-e-type=\"widget\" data-widget_type=\"button.default\">\n\t\t\t\t<div class=\"elementor-widget-container\">\n\t\t\t\t\t\t\t\t\t<div class=\"elementor-button-wrapper\">\n\t\t\t\t\t<a class=\"elementor-button elementor-button-link elementor-size-sm\" href=\"#form\">\n\t\t\t\t\t\t<span class=\"elementor-button-content-wrapper\">\n\t\t\t\t\t\t\t\t\t<span class=\"elementor-button-text\">&gt; Registrace a dotazy<\/span>\n\t\t\t\t\t<\/span>\n\t\t\t\t\t<\/a>\n\t\t\t\t<\/div>\n\t\t\t\t\t\t\t\t<\/div>\n\t\t\t\t<\/div>\n\t\t\t\t<div class=\"elementor-element elementor-element-99175d4 elementor-widget elementor-widget-text-editor\" data-id=\"99175d4\" data-element_type=\"widget\" data-e-type=\"widget\" data-widget_type=\"text-editor.default\">\n\t\t\t\t<div class=\"elementor-widget-container\">\n\t\t\t\t\t\t\t\t\t<p class=\"translation-block\">V tomto \u0161kolen\u00ed <strong>\u201cZaji\u0161t\u011bn\u00ed hygienicky vyhovuj\u00edc\u00edho provozu odpa\u0159ovac\u00edch chladic\u00edch syst\u00e9m\u016f\u201d<\/strong> se vyu\u010duje obsah sm\u011brnice VDI 2047 \u010d\u00e1st 2 v souladu se 42. spolkovou vyhl\u00e1\u0161kou o kontrole imis\u00ed (42. BImSchV). Po \u00fasp\u011b\u0161n\u00e9m slo\u017een\u00ed z\u00e1v\u011bre\u010dn\u00e9 zkou\u0161ky obdr\u017e\u00ed \u00fa\u010dastn\u00edci osv\u011bd\u010den\u00ed o absolvov\u00e1n\u00ed kurzu jako hygienicky vy\u0161kolen\u00e1 osoba. \u00da\u010dastn\u00edci, kte\u0159\u00ed \u0161kolen\u00ed opakuj\u00ed, obdr\u017e\u00ed na osv\u011bd\u010den\u00ed potvrzen\u00ed o absolvov\u00e1n\u00ed \u0161kolen\u00ed. V cen\u011b jsou zahrnuty komplexn\u00ed \u0161kolic\u00ed materi\u00e1ly i stravov\u00e1n\u00ed.<\/p><p>\u0160kolen\u00ed je ur\u010deno odpov\u011bdn\u00fdm pracovn\u00edk\u016fm z oblasti \u0159\u00edzen\u00ed provozu, v\u00fdroby, \u00fadr\u017eby a laborato\u0159\u00ed, u\u010d\u0148\u016fm, student\u016fm a v\u0161em z\u00e1jemc\u016fm.<\/p>\t\t\t\t\t\t\t\t<\/div>\n\t\t\t\t<\/div>\n\t\t\t\t\t<\/div>\n\t\t<\/div>\n\t\t\t\t<div class=\"elementor-column elementor-col-50 elementor-inner-column elementor-element elementor-element-af50335\" data-id=\"af50335\" data-element_type=\"column\" data-e-type=\"column\" data-settings=\"{&quot;background_background&quot;:&quot;classic&quot;}\">\n\t\t\t<div class=\"elementor-widget-wrap elementor-element-populated\">\n\t\t\t\t\t\t<div class=\"elementor-element elementor-element-6f0c456 elementor-widget elementor-widget-text-editor\" data-id=\"6f0c456\" data-element_type=\"widget\" data-e-type=\"widget\" data-widget_type=\"text-editor.default\">\n\t\t\t\t<div class=\"elementor-widget-container\">\n\t\t\t\t\t\t\t\t\t<p>Term\u00edny \u0161kolen\u00ed<\/p>\t\t\t\t\t\t\t\t<\/div>\n\t\t\t\t<\/div>\n\t\t\t\t<div class=\"elementor-element elementor-element-698ff93 elementor-icon-list--layout-traditional elementor-list-item-link-full_width elementor-widget elementor-widget-icon-list\" data-id=\"698ff93\" data-element_type=\"widget\" data-e-type=\"widget\" data-widget_type=\"icon-list.default\">\n\t\t\t\t<div class=\"elementor-widget-container\">\n\t\t\t\t\t\t\t<ul class=\"elementor-icon-list-items\">\n\t\t\t\t\t\t\t<li class=\"elementor-icon-list-item\">\n\t\t\t\t\t\t\t\t\t\t\t<span class=\"elementor-icon-list-icon\">\n\t\t\t\t\t\t\t<svg aria-hidden=\"true\" class=\"e-font-icon-svg e-far-calendar-check\" viewbox=\"0 0 448 512\" xmlns=\"http:\/\/www.w3.org\/2000\/svg\"><path d=\"M400 64h-48V12c0-6.627-5.373-12-12-12h-40c-6.627 0-12 5.373-12 12v52H160V12c0-6.627-5.373-12-12-12h-40c-6.627 0-12 5.373-12 12v52H48C21.49 64 0 85.49 0 112v352c0 26.51 21.49 48 48 48h352c26.51 0 48-21.49 48-48V112c0-26.51-21.49-48-48-48zm-6 400H54a6 6 0 0 1-6-6V160h352v298a6 6 0 0 1-6 6zm-52.849-200.65L198.842 404.519c-4.705 4.667-12.303 4.637-16.971-.068l-75.091-75.699c-4.667-4.705-4.637-12.303.068-16.971l22.719-22.536c4.705-4.667 12.303-4.637 16.97.069l44.104 44.461 111.072-110.181c4.705-4.667 12.303-4.637 16.971.068l22.536 22.718c4.667 4.705 4.636 12.303-.069 16.97z\"><\/path><\/svg>\t\t\t\t\t\t<\/span>\n\t\t\t\t\t\t\t\t\t\t<span class=\"elementor-icon-list-text\">25. b\u0159ezna 2026<\/span>\n\t\t\t\t\t\t\t\t\t<\/li>\n\t\t\t\t\t\t\t\t<li class=\"elementor-icon-list-item\">\n\t\t\t\t\t\t\t\t\t\t\t<span class=\"elementor-icon-list-icon\">\n\t\t\t\t\t\t\t<svg aria-hidden=\"true\" class=\"e-font-icon-svg e-far-calendar-check\" viewbox=\"0 0 448 512\" xmlns=\"http:\/\/www.w3.org\/2000\/svg\"><path d=\"M400 64h-48V12c0-6.627-5.373-12-12-12h-40c-6.627 0-12 5.373-12 12v52H160V12c0-6.627-5.373-12-12-12h-40c-6.627 0-12 5.373-12 12v52H48C21.49 64 0 85.49 0 112v352c0 26.51 21.49 48 48 48h352c26.51 0 48-21.49 48-48V112c0-26.51-21.49-48-48-48zm-6 400H54a6 6 0 0 1-6-6V160h352v298a6 6 0 0 1-6 6zm-52.849-200.65L198.842 404.519c-4.705 4.667-12.303 4.637-16.971-.068l-75.091-75.699c-4.667-4.705-4.637-12.303.068-16.971l22.719-22.536c4.705-4.667 12.303-4.637 16.97.069l44.104 44.461 111.072-110.181c4.705-4.667 12.303-4.637 16.971.068l22.536 22.718c4.667 4.705 4.636 12.303-.069 16.97z\"><\/path><\/svg>\t\t\t\t\t\t<\/span>\n\t\t\t\t\t\t\t\t\t\t<span class=\"elementor-icon-list-text\">13. kv\u011btna 2026<\/span>\n\t\t\t\t\t\t\t\t\t<\/li>\n\t\t\t\t\t\t\t\t<li class=\"elementor-icon-list-item\">\n\t\t\t\t\t\t\t\t\t\t\t<span class=\"elementor-icon-list-icon\">\n\t\t\t\t\t\t\t<svg aria-hidden=\"true\" class=\"e-font-icon-svg e-far-calendar-check\" viewbox=\"0 0 448 512\" xmlns=\"http:\/\/www.w3.org\/2000\/svg\"><path d=\"M400 64h-48V12c0-6.627-5.373-12-12-12h-40c-6.627 0-12 5.373-12 12v52H160V12c0-6.627-5.373-12-12-12h-40c-6.627 0-12 5.373-12 12v52H48C21.49 64 0 85.49 0 112v352c0 26.51 21.49 48 48 48h352c26.51 0 48-21.49 48-48V112c0-26.51-21.49-48-48-48zm-6 400H54a6 6 0 0 1-6-6V160h352v298a6 6 0 0 1-6 6zm-52.849-200.65L198.842 404.519c-4.705 4.667-12.303 4.637-16.971-.068l-75.091-75.699c-4.667-4.705-4.637-12.303.068-16.971l22.719-22.536c4.705-4.667 12.303-4.637 16.97.069l44.104 44.461 111.072-110.181c4.705-4.667 12.303-4.637 16.971.068l22.536 22.718c4.667 4.705 4.636 12.303-.069 16.97z\"><\/path><\/svg>\t\t\t\t\t\t<\/span>\n\t\t\t\t\t\t\t\t\t\t<span class=\"elementor-icon-list-text\">30. z\u00e1\u0159\u00ed 2026<\/span>\n\t\t\t\t\t\t\t\t\t<\/li>\n\t\t\t\t\t\t<\/ul>\n\t\t\t\t\t\t<\/div>\n\t\t\t\t<\/div>\n\t\t\t\t<div class=\"elementor-element elementor-element-5a13cae elementor-widget elementor-widget-text-editor\" data-id=\"5a13cae\" data-element_type=\"widget\" data-e-type=\"widget\" data-widget_type=\"text-editor.default\">\n\t\t\t\t<div class=\"elementor-widget-container\">\n\t\t\t\t\t\t\t\t\t<p><em>*\u0160kolen\u00ed se uskute\u010dn\u00ed, pokud bude p\u0159\u00edtomno alespo\u0148 5 \u00fa\u010dastn\u00edk\u016f. V p\u0159\u00edpad\u011b n\u00edzk\u00e9 popt\u00e1vky si po\u0159adatel vyhrazuje pr\u00e1vo pl\u00e1novan\u00fd term\u00edn \u0161kolen\u00ed po dohod\u011b posunout.<\/em><\/p>\t\t\t\t\t\t\t\t<\/div>\n\t\t\t\t<\/div>\n\t\t\t\t\t<\/div>\n\t\t<\/div>\n\t\t\t\t\t<\/div>\n\t\t<\/section>\n\t\t\t\t\t<\/div>\n\t\t<\/div>\n\t\t\t\t\t<\/div>\n\t\t<\/section>\n\t\t\t\t<section class=\"elementor-section elementor-top-section elementor-element elementor-element-eb9c9ab elementor-section-boxed elementor-section-height-default elementor-section-height-default\" data-id=\"eb9c9ab\" data-element_type=\"section\" data-e-type=\"section\" data-settings=\"{&quot;background_background&quot;:&quot;classic&quot;}\">\n\t\t\t\t\t\t<div class=\"elementor-container elementor-column-gap-default\">\n\t\t\t\t\t<div class=\"elementor-column elementor-col-100 elementor-top-column elementor-element elementor-element-e3b4250 margin-content\" data-id=\"e3b4250\" data-element_type=\"column\" data-e-type=\"column\">\n\t\t\t<div class=\"elementor-widget-wrap elementor-element-populated\">\n\t\t\t\t\t\t<div class=\"elementor-element elementor-element-22cd353 elementor-widget elementor-widget-heading\" data-id=\"22cd353\" data-element_type=\"widget\" data-e-type=\"widget\" data-widget_type=\"heading.default\">\n\t\t\t\t<div class=\"elementor-widget-container\">\n\t\t\t\t\t<h4 class=\"elementor-heading-title elementor-size-default\">Obsah<\/h4>\t\t\t\t<\/div>\n\t\t\t\t<\/div>\n\t\t\t\t<section class=\"elementor-section elementor-inner-section elementor-element elementor-element-4834d83 elementor-section-boxed elementor-section-height-default elementor-section-height-default\" data-id=\"4834d83\" data-element_type=\"section\" data-e-type=\"section\">\n\t\t\t\t\t\t<div class=\"elementor-container elementor-column-gap-default\">\n\t\t\t\t\t<div class=\"elementor-column elementor-col-50 elementor-inner-column elementor-element elementor-element-a1fe91f\" data-id=\"a1fe91f\" data-element_type=\"column\" data-e-type=\"column\">\n\t\t\t<div class=\"elementor-widget-wrap elementor-element-populated\">\n\t\t\t\t\t\t<div class=\"elementor-element elementor-element-52c1da6 elementor-widget elementor-widget-text-editor\" data-id=\"52c1da6\" data-element_type=\"widget\" data-e-type=\"widget\" data-widget_type=\"text-editor.default\">\n\t\t\t\t<div class=\"elementor-widget-container\">\n\t\t\t\t\t\t\t\t\t<ul><li>\u00davod do VDI 2047, \u010d\u00e1st 2<\/li><li>Konstrukce a provozn\u00ed principy odpa\u0159ovac\u00edch chladic\u00edch syst\u00e9m\u016f<\/li><li>P\u0159\u00edslu\u0161n\u00e9 hygienick\u00e9 z\u00e1sady t\u00fdkaj\u00edc\u00ed se provozu odpa\u0159ovac\u00edch chladic\u00edch syst\u00e9m\u016f<\/li><li>P\u0159\u00edslu\u0161n\u00e9 z\u00e1klady mikrobiologie, zejm\u00e9na v\u00fdskyt a rizika legionel, l\u00e9ka\u0159sk\u00e9 aspekty, v\u010detn\u011b VDI 4250 \u010d\u00e1st 2.<\/li><li>P\u0159\u00edslu\u0161n\u00e9 z\u00e1klady chemie vody a korozn\u00edch proces\u016f<\/li><li>Monitorov\u00e1n\u00ed syst\u00e9m\u016f<\/li><li>Kontrola chemick\u00fdch a fyzik\u00e1ln\u00edch parametr\u016f<\/li><li>Mikrobiologick\u00e9 anal\u00fdzy a odb\u011br vzork\u016f<\/li><li>Monitorov\u00e1n\u00ed pou\u017e\u00edv\u00e1n\u00ed biocid\u016f<\/li><li>\u00dadr\u017eba syst\u00e9m\u016f v\u010detn\u011b \u010di\u0161t\u011bn\u00ed a dezinfekce<\/li><li>P\u0159\u00edslu\u0161n\u00e9 z\u00e1kony, p\u0159edpisy a dal\u0161\u00ed technick\u00e1 pravidla:<ul><li>42. BImSchV<\/li><li>Povinnost db\u00e1t na bezpe\u010dnost provozu<\/li><li>Z\u00e1kon o bezpe\u010dnosti a ochran\u011b zdrav\u00ed p\u0159i pr\u00e1ci<\/li><li>Na\u0159\u00edzen\u00ed o biologick\u00fdch \u010dinitel\u00edch<\/li><li>Na\u0159\u00edzen\u00ed o nebezpe\u010dn\u00fdch l\u00e1tk\u00e1ch<\/li><\/ul><\/li><li>V\u00fdm\u011bna zku\u0161enost\u00ed, diskuse, p\u00edsemn\u00e1 z\u00e1v\u011bre\u010dn\u00e1 zkou\u0161ka<\/li><\/ul><p>\u00a0<\/p><p><strong>Cena: 635 eur na osobu plus platn\u00e1 z\u00e1konn\u00e1 DPH<\/strong><\/p>\t\t\t\t\t\t\t\t<\/div>\n\t\t\t\t<\/div>\n\t\t\t\t\t<\/div>\n\t\t<\/div>\n\t\t\t\t<div class=\"elementor-column elementor-col-50 elementor-inner-column elementor-element elementor-element-6b8d63c\" data-id=\"6b8d63c\" data-element_type=\"column\" data-e-type=\"column\">\n\t\t\t<div class=\"elementor-widget-wrap elementor-element-populated\">\n\t\t\t\t\t\t<div class=\"elementor-element elementor-element-b4f77e1 elementor-widget elementor-widget-image\" data-id=\"b4f77e1\" data-element_type=\"widget\" data-e-type=\"widget\" data-widget_type=\"image.default\">\n\t\t\t\t<div class=\"elementor-widget-container\">\n\t\t\t\t\t\t\t\t\t\t\t\t\t\t\t\t<a href=\"https:\/\/www.vdi.de\/mitgliedschaft\/vdi-richtlinien\/unsere-richtlinien-highlights\/vdi-2047\">\n\t\t\t\t\t\t\t<img fetchpriority=\"high\" decoding=\"async\" width=\"650\" height=\"597\" src=\"\/wp-content\/uploads\/2026\/02\/VDI-Schulungspartnersiegel-2047-invers.jpg\" class=\"attachment-large size-large wp-image-20131\" alt=\"\" srcset=\"\/wp-content\/uploads\/2026\/02\/VDI-Schulungspartnersiegel-2047-invers.jpg 650w, \/wp-content\/uploads\/2026\/02\/VDI-Schulungspartnersiegel-2047-invers-300x276.jpg 300w, \/wp-content\/uploads\/2026\/02\/VDI-Schulungspartnersiegel-2047-invers-13x12.jpg 13w\" sizes=\"(max-width: 650px) 100vw, 650px\" data-no-translation=\"\" \/>\t\t\t\t\t\t\t\t<\/a>\n\t\t\t\t\t\t\t\t\t\t\t\t\t\t\t<\/div>\n\t\t\t\t<\/div>\n\t\t\t\t\t<\/div>\n\t\t<\/div>\n\t\t\t\t\t<\/div>\n\t\t<\/section>\n\t\t\t\t\t<\/div>\n\t\t<\/div>\n\t\t\t\t\t<\/div>\n\t\t<\/section>\n\t\t\t\t<section class=\"elementor-section elementor-top-section elementor-element elementor-element-6d38bfd elementor-section-full_width elementor-section-height-default elementor-section-height-default\" data-id=\"6d38bfd\" data-element_type=\"section\" data-e-type=\"section\" data-settings=\"{&quot;background_background&quot;:&quot;classic&quot;}\">\n\t\t\t\t\t\t<div class=\"elementor-container elementor-column-gap-no\">\n\t\t\t\t\t<div class=\"elementor-column elementor-col-100 elementor-top-column elementor-element elementor-element-38b3b12 margin-content\" data-id=\"38b3b12\" data-element_type=\"column\" data-e-type=\"column\">\n\t\t\t<div class=\"elementor-widget-wrap elementor-element-populated\">\n\t\t\t\t\t\t<div class=\"elementor-element elementor-element-a8a4a5c elementor-widget elementor-widget-menu-anchor\" data-id=\"a8a4a5c\" data-element_type=\"widget\" data-e-type=\"widget\" data-widget_type=\"menu-anchor.default\">\n\t\t\t\t<div class=\"elementor-widget-container\">\n\t\t\t\t\t\t\t<div class=\"elementor-menu-anchor\" id=\"form\"><\/div>\n\t\t\t\t\t\t<\/div>\n\t\t\t\t<\/div>\n\t\t\t\t<div class=\"elementor-element elementor-element-abc8663 elementor-widget elementor-widget-heading\" data-id=\"abc8663\" data-element_type=\"widget\" data-e-type=\"widget\" data-widget_type=\"heading.default\">\n\t\t\t\t<div class=\"elementor-widget-container\">\n\t\t\t\t\t<h2 class=\"elementor-heading-title elementor-size-default\">Registrace na \u0161kolen\u00ed zde:<\/h2>\t\t\t\t<\/div>\n\t\t\t\t<\/div>\n\t\t\t\t<div class=\"elementor-element elementor-element-9fb1469 elementor-widget elementor-widget-html\" data-id=\"9fb1469\" data-element_type=\"widget\" data-e-type=\"widget\" data-widget_type=\"html.default\">\n\t\t\t\t<div class=\"elementor-widget-container\">\n\t\t\t\t\t<div\r\n        data-form-id='1bafc376-0608-f111-8406-7ced8d784796'\r\n        data-form-api-url='https:\/\/public-eur.mkt.dynamics.com\/api\/v1.0\/orgs\/30cac5a2-33f9-ed11-a66d-000d3a64d748\/landingpageforms'\r\n        data-cached-form-url='https:\/\/assets-eur.mkt.dynamics.com\/30cac5a2-33f9-ed11-a66d-000d3a64d748\/digitalassets\/forms\/1bafc376-0608-f111-8406-7ced8d784796' ><\/div>\r\n        <script src = 'https:\/\/cxppusa1formui01cdnsa01-endpoint.azureedge.net\/eur\/FormLoader\/FormLoader.bundle.js' ><\/script>\t\t\t\t<\/div>\n\t\t\t\t<\/div>\n\t\t\t\t\t<\/div>\n\t\t<\/div>\n\t\t\t\t\t<\/div>\n\t\t<\/section>\n\t\t\t\t<\/div>","protected":false},"excerpt":{"rendered":"<p>VDI 2047-Schulung VDI 2047 Training As an official VDI training partner, Kurita offers regular training sessions in accordance with the requirements of guideline VDI-MT 2047 Part 4. The events are generally held as one-day, in-person training sessions (from 8:30 a.m. to 5:00 p.m.) at the Kurita Europe Technology Center in D-41751 Viersen, Germany. By arrangement, [&hellip;]<\/p>\n","protected":false},"author":5,"featured_media":20131,"parent":0,"menu_order":0,"comment_status":"closed","ping_status":"closed","template":"","meta":{"footnotes":""},"class_list":["post-20129","page","type-page","status-publish","has-post-thumbnail","hentry"],"_links":{"self":[{"href":"https:\/\/www.kurita.eu\/cs\/wp-json\/wp\/v2\/pages\/20129","targetHints":{"allow":["GET"]}}],"collection":[{"href":"https:\/\/www.kurita.eu\/cs\/wp-json\/wp\/v2\/pages"}],"about":[{"href":"https:\/\/www.kurita.eu\/cs\/wp-json\/wp\/v2\/types\/page"}],"author":[{"embeddable":true,"href":"https:\/\/www.kurita.eu\/cs\/wp-json\/wp\/v2\/users\/5"}],"replies":[{"embeddable":true,"href":"https:\/\/www.kurita.eu\/cs\/wp-json\/wp\/v2\/comments?post=20129"}],"version-history":[{"count":37,"href":"https:\/\/www.kurita.eu\/cs\/wp-json\/wp\/v2\/pages\/20129\/revisions"}],"predecessor-version":[{"id":20841,"href":"https:\/\/www.kurita.eu\/cs\/wp-json\/wp\/v2\/pages\/20129\/revisions\/20841"}],"wp:featuredmedia":[{"embeddable":true,"href":"https:\/\/www.kurita.eu\/cs\/wp-json\/wp\/v2\/media\/20131"}],"wp:attachment":[{"href":"https:\/\/www.kurita.eu\/cs\/wp-json\/wp\/v2\/media?parent=20129"}],"curies":[{"name":"wp","href":"https:\/\/api.w.org\/{rel}","templated":true}]}}