{"id":13428,"date":"2025-04-23T11:15:43","date_gmt":"2025-04-23T11:15:43","guid":{"rendered":"https:\/\/kurita-eu-gudza2cjbzfhcwbx.francecentral-01.azurewebsites.net\/?page_id=13428"},"modified":"2026-02-16T14:52:35","modified_gmt":"2026-02-16T14:52:35","slug":"chemische-industrie","status":"publish","type":"page","link":"https:\/\/www.kurita.eu\/de\/chemical-industry\/","title":{"rendered":"Chemische Industrie"},"content":{"rendered":"<div data-elementor-type=\"wp-page\" data-elementor-id=\"13428\" class=\"elementor elementor-13428\" data-elementor-post-type=\"page\">\n\t\t\t\t\t\t<section class=\"elementor-section elementor-top-section elementor-element elementor-element-10df01d6 elementor-section-full_width elementor-section-height-default elementor-section-height-default\" data-id=\"10df01d6\" data-element_type=\"section\" data-e-type=\"section\">\n\t\t\t\t\t\t<div class=\"elementor-container elementor-column-gap-default\">\n\t\t\t\t\t<div class=\"elementor-column elementor-col-100 elementor-top-column elementor-element elementor-element-31cfc3ca\" data-id=\"31cfc3ca\" data-element_type=\"column\" data-e-type=\"column\">\n\t\t\t<div class=\"elementor-widget-wrap elementor-element-populated\">\n\t\t\t\t\t\t<div class=\"elementor-element elementor-element-1d28713 elementor--h-position-center elementor--v-position-middle elementor-arrows-position-inside elementor-pagination-position-inside elementor-widget elementor-widget-slides\" data-id=\"1d28713\" data-element_type=\"widget\" data-e-type=\"widget\" data-settings=\"{&quot;navigation&quot;:&quot;both&quot;,&quot;autoplay&quot;:&quot;yes&quot;,&quot;pause_on_hover&quot;:&quot;yes&quot;,&quot;pause_on_interaction&quot;:&quot;yes&quot;,&quot;autoplay_speed&quot;:5000,&quot;infinite&quot;:&quot;yes&quot;,&quot;transition&quot;:&quot;slide&quot;,&quot;transition_speed&quot;:500}\" data-widget_type=\"slides.default\">\n\t\t\t\t<div class=\"elementor-widget-container\">\n\t\t\t\t\t\t\t\t\t<div class=\"elementor-swiper\">\n\t\t\t\t\t<div class=\"elementor-slides-wrapper elementor-main-swiper swiper\" role=\"region\" aria-roledescription=\"carousel\" aria-label=\"Folien\" dir=\"ltr\" data-animation=\"fadeInUp\">\n\t\t\t\t<div class=\"swiper-wrapper elementor-slides\">\n\t\t\t\t\t\t\t\t\t\t<div class=\"elementor-repeater-item-4e0b9f7 swiper-slide\" role=\"group\" aria-roledescription=\"slide\"><div class=\"swiper-slide-bg elementor-ken-burns elementor-ken-burns--in\" role=\"img\" aria-label=\"Industrien_Chemisch_Pharmazeutisch-fc018a7c-1.jpg\"><\/div><div class=\"elementor-background-overlay\"><\/div><div class=\"swiper-slide-inner\" ><div class=\"swiper-slide-contents\"><h1 class=\"elementor-slide-heading\">Chemische Industrie<\/h1><\/div><\/div><\/div>\t\t\t\t<\/div>\n\t\t\t\t\t\t\t<\/div>\n\t\t\t\t<\/div>\n\t\t\t\t\t\t\t\t<\/div>\n\t\t\t\t<\/div>\n\t\t\t\t\t<\/div>\n\t\t<\/div>\n\t\t\t\t\t<\/div>\n\t\t<\/section>\n\t\t\t\t<section class=\"elementor-section elementor-top-section elementor-element elementor-element-16203c1c elementor-section-boxed elementor-section-height-default elementor-section-height-default\" data-id=\"16203c1c\" data-element_type=\"section\" data-e-type=\"section\">\n\t\t\t\t\t\t<div class=\"elementor-container elementor-column-gap-default\">\n\t\t\t\t\t<div class=\"elementor-column elementor-col-100 elementor-top-column elementor-element elementor-element-5bf60af9 margin-content\" data-id=\"5bf60af9\" data-element_type=\"column\" data-e-type=\"column\">\n\t\t\t<div class=\"elementor-widget-wrap elementor-element-populated\">\n\t\t\t\t\t\t<div class=\"elementor-element elementor-element-375448ec elementor-widget elementor-widget-text-editor\" data-id=\"375448ec\" data-element_type=\"widget\" data-e-type=\"widget\" data-widget_type=\"text-editor.default\">\n\t\t\t\t<div class=\"elementor-widget-container\">\n\t\t\t\t\t\t\t\t\tRessourcenverbrauch in der<strong>\u00a0chemische Industrie<\/strong>\u00a0ist enorm. Obwohl es der Industrie bereits gelungen ist, ihren Energiebedarf erheblich zu senken, steht sie weiterhin vor der Herausforderung hoher Energiekosten, eines hohen Wasserverbrauchs und immer strengerer Vorschriften. Energieeffizienz, Produktionssteigerung und Anlagenverf\u00fcgbarkeit sind daher wichtige Faktoren, die zu einem Wettbewerbsvorteil beitragen.\n\nWir unterst\u00fctzen Sie gerne dabei. Kurita bietet ein breites Spektrum an ressourcenschonenden L\u00f6sungen sowie L\u00f6sungen zur Verbesserung der Produktions- und Anlagensicherheit.<\/p>\n<p>Kurita ist mit dem gesamten Stahlproduktionsprozess vom Roheisen bis zum fertigen Produkt vertraut. Mit Behandlungskonzepten, die speziell f\u00fcr die Anforderungen der Stahl- und Metallindustrie entwickelt wurden, k\u00f6nnen wir die typischen Probleme der Branche wie Korrosion, Biofouling, Verzunderung und Verstopfung von Spr\u00fchd\u00fcsen wirksam bek\u00e4mpfen.<\/p>\t\t\t\t\t\t\t\t<\/div>\n\t\t\t\t<\/div>\n\t\t\t\t\t<\/div>\n\t\t<\/div>\n\t\t\t\t\t<\/div>\n\t\t<\/section>\n\t\t\t\t<section class=\"elementor-section elementor-top-section elementor-element elementor-element-2805dfc0 elementor-section-boxed elementor-section-height-default elementor-section-height-default\" data-id=\"2805dfc0\" data-element_type=\"section\" data-e-type=\"section\">\n\t\t\t\t\t\t<div class=\"elementor-container elementor-column-gap-default\">\n\t\t\t\t\t<div class=\"elementor-column elementor-col-100 elementor-top-column elementor-element elementor-element-24f1ffea\" data-id=\"24f1ffea\" data-element_type=\"column\" data-e-type=\"column\">\n\t\t\t<div class=\"elementor-widget-wrap elementor-element-populated\">\n\t\t\t\t\t\t<div class=\"elementor-element elementor-element-71a975e4 elementor-grid-5 elementor-grid-tablet-2 elementor-grid-mobile-1 elementor-posts--thumbnail-top elementor-posts--show-avatar elementor-card-shadow-yes elementor-posts__hover-gradient elementor-widget elementor-widget-posts\" data-id=\"71a975e4\" data-element_type=\"widget\" data-e-type=\"widget\" data-settings=\"{&quot;cards_columns&quot;:&quot;5&quot;,&quot;cards_columns_tablet&quot;:&quot;2&quot;,&quot;cards_columns_mobile&quot;:&quot;1&quot;,&quot;cards_row_gap&quot;:{&quot;unit&quot;:&quot;px&quot;,&quot;size&quot;:35,&quot;sizes&quot;:[]},&quot;cards_row_gap_widescreen&quot;:{&quot;unit&quot;:&quot;px&quot;,&quot;size&quot;:&quot;&quot;,&quot;sizes&quot;:[]},&quot;cards_row_gap_laptop&quot;:{&quot;unit&quot;:&quot;px&quot;,&quot;size&quot;:&quot;&quot;,&quot;sizes&quot;:[]},&quot;cards_row_gap_tablet&quot;:{&quot;unit&quot;:&quot;px&quot;,&quot;size&quot;:&quot;&quot;,&quot;sizes&quot;:[]},&quot;cards_row_gap_mobile&quot;:{&quot;unit&quot;:&quot;px&quot;,&quot;size&quot;:&quot;&quot;,&quot;sizes&quot;:[]}}\" data-widget_type=\"posts.cards\">\n\t\t\t\t<div class=\"elementor-widget-container\">\n\t\t\t\t\t\t\t<div class=\"elementor-posts-container elementor-posts elementor-posts--skin-cards elementor-grid\" role=\"list\">\n\t\t\t\t<article class=\"elementor-post elementor-grid-item post-13982 page type-page status-publish hentry\" role=\"listitem\">\n\t\t\t<div class=\"elementor-post__card\">\n\t\t\t\t<div class=\"elementor-post__text\">\n\t\t\t\t<h4 class=\"elementor-post__title\">\n\t\t\t<a href=\"https:\/\/www.kurita.eu\/de\/solutions\/corrsave\/\" target=\"&quot;_blank&quot;\">\n\t\t\t\tCorrsave\u00ae.\t\t\t<\/a>\n\t\t<\/h4>\n\t\t\t\t<div class=\"elementor-post__excerpt\">\n\t\t\t<p>Die patentierte Korrosionsschutz- und H\u00e4rtestabilisierungstechnologie von Kurita f\u00fcr Wassersysteme, die eine hohe Leistung bei niedrigem Phosphatgehalt bietet.<\/p>\n\t\t<\/div>\n\t\t\t\t<\/div>\n\t\t\t\t\t<\/div>\n\t\t<\/article>\n\t\t\t\t<article class=\"elementor-post elementor-grid-item post-14012 page type-page status-publish has-post-thumbnail hentry\" role=\"listitem\">\n\t\t\t<div class=\"elementor-post__card\">\n\t\t\t\t<a class=\"elementor-post__thumbnail__link\" href=\"https:\/\/www.kurita.eu\/de\/solutions\/dilurit-bcs\/\" tabindex=\"-1\" target=\"_blank\"><div class=\"elementor-post__thumbnail\"><img fetchpriority=\"high\" decoding=\"async\" width=\"300\" height=\"200\" src=\"\/wp-content\/uploads\/2025\/04\/IMG_1528-scaled-1-300x200.webp\" class=\"attachment-medium size-medium wp-image-14003\" alt=\"\" srcset=\"\/wp-content\/uploads\/2025\/04\/IMG_1528-scaled-1-300x200.webp 300w, \/wp-content\/uploads\/2025\/04\/IMG_1528-scaled-1-1024x682.webp 1024w, \/wp-content\/uploads\/2025\/04\/IMG_1528-scaled-1-768x512.webp 768w, \/wp-content\/uploads\/2025\/04\/IMG_1528-scaled-1-1536x1024.webp 1536w, \/wp-content\/uploads\/2025\/04\/IMG_1528-scaled-1-2048x1365.webp 2048w\" sizes=\"(max-width: 300px) 100vw, 300px\" data-no-translation=\"\" \/><\/div><\/a>\n\t\t\t\t<div class=\"elementor-post__avatar\">\n\t\t\t<img alt='leandro.miro@kurita-water.com' src='https:\/\/secure.gravatar.com\/avatar\/bc066715c20616f43cd8b8e202d87d6d4165490b54e381d88e1e688a6b27db62?s=128&#038;d=mm&#038;r=g' srcset='https:\/\/secure.gravatar.com\/avatar\/bc066715c20616f43cd8b8e202d87d6d4165490b54e381d88e1e688a6b27db62?s=256&#038;d=mm&#038;r=g 2x' class='avatar avatar-128 photo' height='128' width='128' data-no-translation=\"\" \/>\t\t<\/div>\n\t\t\t\t<div class=\"elementor-post__text\">\n\t\t\t\t<h4 class=\"elementor-post__title\">\n\t\t\t<a href=\"https:\/\/www.kurita.eu\/de\/solutions\/dilurit-bcs\/\" target=\"&quot;_blank&quot;\">\n\t\t\t\tDilurit\u00ae BC S-System\t\t\t<\/a>\n\t\t<\/h4>\n\t\t\t\t<div class=\"elementor-post__excerpt\">\n\t\t\t<p>Das Dilurit\u00ae BCS-System von Kurita bietet eine wirksame mikrobielle Kontrolle in Wassersystemen und gew\u00e4hrleistet Hygiene, Sicherheit und Betriebssicherheit.<\/p>\n\t\t<\/div>\n\t\t\t\t<\/div>\n\t\t\t\t\t<\/div>\n\t\t<\/article>\n\t\t\t\t<article class=\"elementor-post elementor-grid-item post-14152 page type-page status-publish hentry\" role=\"listitem\">\n\t\t\t<div class=\"elementor-post__card\">\n\t\t\t\t<div class=\"elementor-post__text\">\n\t\t\t\t<h4 class=\"elementor-post__title\">\n\t\t\t<a href=\"https:\/\/www.kurita.eu\/de\/solutions\/kurifast\/\" target=\"&quot;_blank&quot;\">\n\t\t\t\tKurifast\t\t\t<\/a>\n\t\t<\/h4>\n\t\t\t\t<div class=\"elementor-post__excerpt\">\n\t\t\t<p>KuriFast Hochpr\u00e4ziser Legionellen-Schnelltest Ein hochmoderner Ansatz f\u00fcr Legionellen-Tests Die Legion\u00e4rskrankheit wird \u00fcberwiegend durch Legionella pneumophila verursacht und ist f\u00fcr etwa 97% der gemeldeten<\/p>\n\t\t<\/div>\n\t\t\t\t<\/div>\n\t\t\t\t\t<\/div>\n\t\t<\/article>\n\t\t\t\t<article class=\"elementor-post elementor-grid-item post-14160 page type-page status-publish hentry\" role=\"listitem\">\n\t\t\t<div class=\"elementor-post__card\">\n\t\t\t\t<div class=\"elementor-post__text\">\n\t\t\t\t<h4 class=\"elementor-post__title\">\n\t\t\t<a href=\"https:\/\/www.kurita.eu\/de\/solutions\/kuriflock\/\" target=\"&quot;_blank&quot;\">\n\t\t\t\tKuriflock\t\t\t<\/a>\n\t\t<\/h4>\n\t\t\t\t<div class=\"elementor-post__excerpt\">\n\t\t\t<p>Kuritas breite Palette an Koagulations- und Flockungsprodukten f\u00fcr Abwasserbehandlungsprozesse.<\/p>\n\t\t<\/div>\n\t\t\t\t<\/div>\n\t\t\t\t\t<\/div>\n\t\t<\/article>\n\t\t\t\t<article class=\"elementor-post elementor-grid-item post-14075 page type-page status-publish has-post-thumbnail hentry\" role=\"listitem\">\n\t\t\t<div class=\"elementor-post__card\">\n\t\t\t\t<a class=\"elementor-post__thumbnail__link\" href=\"https:\/\/www.kurita.eu\/de\/solutions\/free-technology\/\" tabindex=\"-1\" target=\"_blank\"><div class=\"elementor-post__thumbnail\"><img decoding=\"async\" width=\"300\" height=\"121\" src=\"\/wp-content\/uploads\/2025\/04\/Applications_WaterTreatment_CoolingWater-71ad4c47-1-300x121.jpg\" class=\"attachment-medium size-medium wp-image-15519\" alt=\"Water and Energy savings in Cooling Systems \u2013 FReE Technology\" srcset=\"\/wp-content\/uploads\/2025\/04\/Applications_WaterTreatment_CoolingWater-71ad4c47-1-300x121.jpg 300w, \/wp-content\/uploads\/2025\/04\/Applications_WaterTreatment_CoolingWater-71ad4c47-1-768x309.jpg 768w, \/wp-content\/uploads\/2025\/04\/Applications_WaterTreatment_CoolingWater-71ad4c47-1-18x7.jpg 18w, \/wp-content\/uploads\/2025\/04\/Applications_WaterTreatment_CoolingWater-71ad4c47-1.jpg 870w\" sizes=\"(max-width: 300px) 100vw, 300px\" data-no-translation=\"\" \/><\/div><\/a>\n\t\t\t\t<div class=\"elementor-post__avatar\">\n\t\t\t<img alt='leandro.miro@kurita-water.com' src='https:\/\/secure.gravatar.com\/avatar\/bc066715c20616f43cd8b8e202d87d6d4165490b54e381d88e1e688a6b27db62?s=128&#038;d=mm&#038;r=g' srcset='https:\/\/secure.gravatar.com\/avatar\/bc066715c20616f43cd8b8e202d87d6d4165490b54e381d88e1e688a6b27db62?s=256&#038;d=mm&#038;r=g 2x' class='avatar avatar-128 photo' height='128' width='128' data-no-translation=\"\" \/>\t\t<\/div>\n\t\t\t\t<div class=\"elementor-post__text\">\n\t\t\t\t<h4 class=\"elementor-post__title\">\n\t\t\t<a href=\"https:\/\/www.kurita.eu\/de\/solutions\/free-technology\/\" target=\"&quot;_blank&quot;\">\n\t\t\t\tKurita FReE - Kuritas Programm zur effizienten Beseitigung von Verschmutzungen\t\t\t<\/a>\n\t\t<\/h4>\n\t\t\t\t<div class=\"elementor-post__excerpt\">\n\t\t\t<p>Kuritas Online-Reinigungstechnologie f\u00fcr K\u00fchlsysteme, die Verschmutzungen w\u00e4hrend des Betriebs entfernt - ohne Abschaltung, Korrosion oder Abfallerzeugung.<\/p>\n\t\t<\/div>\n\t\t\t\t<\/div>\n\t\t\t\t\t<\/div>\n\t\t<\/article>\n\t\t\t\t<\/div>\n\t\t\n\t\t\t\t\t\t<\/div>\n\t\t\t\t<\/div>\n\t\t\t\t\t<\/div>\n\t\t<\/div>\n\t\t\t\t\t<\/div>\n\t\t<\/section>\n\t\t\t\t<\/div>","protected":false},"excerpt":{"rendered":"<p>Entdecken Sie die L\u00f6sungen von Kurita Chemical Industry Solutions f\u00fcr fortschrittliche Wasseraufbereitung, Effizienz und Nachhaltigkeit in der chemischen Produktion.<\/p>","protected":false},"author":2,"featured_media":13430,"parent":0,"menu_order":0,"comment_status":"closed","ping_status":"closed","template":"","meta":{"footnotes":""},"class_list":["post-13428","page","type-page","status-publish","has-post-thumbnail","hentry"],"_links":{"self":[{"href":"https:\/\/www.kurita.eu\/de\/wp-json\/wp\/v2\/pages\/13428","targetHints":{"allow":["GET"]}}],"collection":[{"href":"https:\/\/www.kurita.eu\/de\/wp-json\/wp\/v2\/pages"}],"about":[{"href":"https:\/\/www.kurita.eu\/de\/wp-json\/wp\/v2\/types\/page"}],"author":[{"embeddable":true,"href":"https:\/\/www.kurita.eu\/de\/wp-json\/wp\/v2\/users\/2"}],"replies":[{"embeddable":true,"href":"https:\/\/www.kurita.eu\/de\/wp-json\/wp\/v2\/comments?post=13428"}],"version-history":[{"count":17,"href":"https:\/\/www.kurita.eu\/de\/wp-json\/wp\/v2\/pages\/13428\/revisions"}],"predecessor-version":[{"id":20260,"href":"https:\/\/www.kurita.eu\/de\/wp-json\/wp\/v2\/pages\/13428\/revisions\/20260"}],"wp:featuredmedia":[{"embeddable":true,"href":"https:\/\/www.kurita.eu\/de\/wp-json\/wp\/v2\/media\/13430"}],"wp:attachment":[{"href":"https:\/\/www.kurita.eu\/de\/wp-json\/wp\/v2\/media?parent=13428"}],"curies":[{"name":"wp","href":"https:\/\/api.w.org\/{rel}","templated":true}]}}