{"id":14143,"date":"2025-04-25T07:15:29","date_gmt":"2025-04-25T07:15:29","guid":{"rendered":"https:\/\/kurita-eu-gudza2cjbzfhcwbx.francecentral-01.azurewebsites.net\/?page_id=14143"},"modified":"2026-03-10T14:17:47","modified_gmt":"2026-03-10T14:17:47","slug":"kuriauto","status":"publish","type":"page","link":"https:\/\/www.kurita.eu\/de\/solutions\/kuriauto\/","title":{"rendered":"Kuriauto\u00ae."},"content":{"rendered":"<div data-elementor-type=\"wp-page\" data-elementor-id=\"14143\" class=\"elementor elementor-14143\" data-elementor-post-type=\"page\">\n\t\t\t\t\t\t<section class=\"elementor-section elementor-top-section elementor-element elementor-element-40ec5212 elementor-section-full_width elementor-section-height-default elementor-section-height-default\" data-id=\"40ec5212\" data-element_type=\"section\" data-e-type=\"section\">\n\t\t\t\t\t\t<div class=\"elementor-container elementor-column-gap-default\">\n\t\t\t\t\t<div class=\"elementor-column elementor-col-100 elementor-top-column elementor-element elementor-element-3dc4a8a0\" data-id=\"3dc4a8a0\" data-element_type=\"column\" data-e-type=\"column\">\n\t\t\t<div class=\"elementor-widget-wrap elementor-element-populated\">\n\t\t\t\t\t\t<div class=\"elementor-element elementor-element-82f2869 elementor--h-position-center elementor--v-position-middle elementor-arrows-position-inside elementor-pagination-position-inside elementor-widget elementor-widget-slides\" data-id=\"82f2869\" data-element_type=\"widget\" data-e-type=\"widget\" data-settings=\"{&quot;navigation&quot;:&quot;both&quot;,&quot;autoplay&quot;:&quot;yes&quot;,&quot;pause_on_hover&quot;:&quot;yes&quot;,&quot;pause_on_interaction&quot;:&quot;yes&quot;,&quot;autoplay_speed&quot;:5000,&quot;infinite&quot;:&quot;yes&quot;,&quot;transition&quot;:&quot;slide&quot;,&quot;transition_speed&quot;:500}\" data-widget_type=\"slides.default\">\n\t\t\t\t<div class=\"elementor-widget-container\">\n\t\t\t\t\t\t\t\t\t<div class=\"elementor-swiper\">\n\t\t\t\t\t<div class=\"elementor-slides-wrapper elementor-main-swiper swiper\" role=\"region\" aria-roledescription=\"carousel\" aria-label=\"Folien\" dir=\"ltr\" data-animation=\"fadeInUp\">\n\t\t\t\t<div class=\"swiper-wrapper elementor-slides\">\n\t\t\t\t\t\t\t\t\t\t<div class=\"elementor-repeater-item-4e0b9f7 swiper-slide\" role=\"group\" aria-roledescription=\"slide\"><div class=\"swiper-slide-bg elementor-ken-burns elementor-ken-burns--in\" role=\"img\" aria-label=\"Anwendungen_Wasseraufbereitung-401e7d4b-1.jpg\"><\/div><div class=\"elementor-background-overlay\"><\/div><div class=\"swiper-slide-inner\" ><div class=\"swiper-slide-contents\"><h1 class=\"elementor-slide-heading\">Kuriauto\u00ae.<\/h1><\/div><\/div><\/div>\t\t\t\t<\/div>\n\t\t\t\t\t\t\t<\/div>\n\t\t\t\t<\/div>\n\t\t\t\t\t\t\t\t<\/div>\n\t\t\t\t<\/div>\n\t\t\t\t\t<\/div>\n\t\t<\/div>\n\t\t\t\t\t<\/div>\n\t\t<\/section>\n\t\t\t\t<section class=\"elementor-section elementor-top-section elementor-element elementor-element-5db5a5bb elementor-section-boxed elementor-section-height-default elementor-section-height-default\" data-id=\"5db5a5bb\" data-element_type=\"section\" data-e-type=\"section\">\n\t\t\t\t\t\t<div class=\"elementor-container elementor-column-gap-default\">\n\t\t\t\t\t<div class=\"elementor-column elementor-col-66 elementor-top-column elementor-element elementor-element-3ba311d5 margin-content\" data-id=\"3ba311d5\" data-element_type=\"column\" data-e-type=\"column\">\n\t\t\t<div class=\"elementor-widget-wrap elementor-element-populated\">\n\t\t\t\t\t\t<div class=\"elementor-element elementor-element-62887b83 elementor-widget elementor-widget-heading\" data-id=\"62887b83\" data-element_type=\"widget\" data-e-type=\"widget\" data-widget_type=\"heading.default\">\n\t\t\t\t<div class=\"elementor-widget-container\">\n\t\t\t\t\t<h2 class=\"elementor-heading-title elementor-size-default\">Erweiterte Behandlungsprogramme mit Kuriauto\u00ae Online Monitoring.<\/h2>\t\t\t\t<\/div>\n\t\t\t\t<\/div>\n\t\t\t\t<div class=\"elementor-element elementor-element-47cc06e3 elementor-invisible elementor-widget elementor-widget-text-editor\" data-id=\"47cc06e3\" data-element_type=\"widget\" data-e-type=\"widget\" data-settings=\"{&quot;_animation&quot;:&quot;fadeInUp&quot;}\" data-widget_type=\"text-editor.default\">\n\t\t\t\t<div class=\"elementor-widget-container\">\n\t\t\t\t\t\t\t\t\t<p>Die richtigen \u00dcberwachungsl\u00f6sungen f\u00fcr die richtige Behandlung:<\/p><ul><li>Die Analyse der Wirkstoffe gew\u00e4hrleistet, dass Sie immer das aktive Produkt messen.<\/li><li>Photometrische Messungen, z.B.\u00a0<a href=\"https:\/\/www.kurita.eu\/de\/losungen\/turbodispin-basidin\/\">Turbodispin<sup>\u00ae<\/sup><\/a>Polymerbasierte Messungen, aber auch f\u00fcr\u00a0<a href=\"https:\/\/www.kurita.eu\/de\/losungen\/cetamin\/\">Cetamin<sup>\u00ae<\/sup><\/a>\u00a0Inhalt.<\/li><li>Einfach zu bedienende, einstellbare Analyseintervalle f\u00fcr optimale Analysenh\u00e4ufigkeit und Reagenzienverbrauch entsprechend dem Haltezeitindex.<\/li><li>Automatisierung von Entsch\u00e4umern f\u00fcr einen optimalen Anlagenbetrieb durch Schaumkontrolle.<\/li><li>Verschiedene Baureihen erm\u00f6glichen es Ihnen, das richtige Ger\u00e4t f\u00fcr Ihre Anwendung zu w\u00e4hlen (z. B. f\u00fcr die Kontrolle von Kalk und Biofilm in\u00a0<a href=\"https:\/\/www.kurita.eu\/de\/anwendungen\/wasseraufbereitung\/kuhlprozesswasser\/\">K\u00fchlung Wasser<\/a>,\u00a0<a href=\"https:\/\/www.kurita.eu\/de\/anwendungen\/wasseraufbereitung\/membranbehandlung\/\">Umkehrosmose\u00a0<\/a>oder\u00a0<a href=\"https:\/\/www.kurita.eu\/de\/anwendungen\/wasseraufbereitung\/kesselwasseraufbereitung\/\">Kesselwasser<\/a>)<\/li><\/ul><p>Dar\u00fcber hinaus gibt es weitere Messger\u00e4te f\u00fcr wichtige Wasserparameter wie Alkalinit\u00e4t oder H\u00e4rte.<\/p><p>Weitere Informationen \u00fcber unsere Ausr\u00fcstungsl\u00f6sungen:<\/p><ul><li><a href=\"https:\/\/www.kurita.eu\/de\/anwendungen\/ausrustung-und-technik\/\">Ausr\u00fcstung und Technik<\/a><\/li><li><a href=\"https:\/\/www.kurita.eu\/de\/losungen\/hydrobio-advance\/\">HydroBio<sup>\u00ae<\/sup>:\u00a0<\/a>Effektive und optimierte Behandlungsprogramme durch Online-Bestimmung von Biofilm und Kalkablagerungen mit HydroBio<sup>\u00ae<\/sup>\u00a0Technologie.<\/li><li><a href=\"https:\/\/www.kurita.eu\/de\/losungen\/hydrobio-advance\/\">HydroBio<sup>\u00ae<\/sup>\u00a0Vorschuss:<\/a>\u00a0Online-Methode zur Bestimmung und \u00dcberwachung des Biofilms in allen Wassersystemen.<\/li><li><a href=\"https:\/\/www.kurita.eu\/de\/losungen\/sensing-mx\/\">S.sensing<sup>TM<\/sup> Matrix-System:<\/a>\u00a0Erfahren Sie, wie Sie die Produktdosierung steuern und wichtige Leistungsindikatoren in K\u00fchlwasseranwendungen erfolgreich \u00fcberwachen k\u00f6nnen.<\/li><li><a href=\"https:\/\/www.kurita.eu\/de\/losungen\/ssensing\/\">S.sensing<sup>TM<\/sup> CS <\/a>: Echtzeit-\u00dcberwachung und Dosierungskontrolle von Abwasser.<\/li><\/ul>\t\t\t\t\t\t\t\t<\/div>\n\t\t\t\t<\/div>\n\t\t\t\t\t<\/div>\n\t\t<\/div>\n\t\t\t\t<div class=\"elementor-column elementor-col-33 elementor-top-column elementor-element elementor-element-6b189ff5 margin-content\" data-id=\"6b189ff5\" data-element_type=\"column\" data-e-type=\"column\">\n\t\t\t<div class=\"elementor-widget-wrap elementor-element-populated\">\n\t\t\t\t\t\t<div class=\"elementor-element elementor-element-49449901 elementor-invisible elementor-widget elementor-widget-image\" data-id=\"49449901\" data-element_type=\"widget\" data-e-type=\"widget\" data-settings=\"{&quot;_animation&quot;:&quot;fadeIn&quot;}\" data-widget_type=\"image.default\">\n\t\t\t\t<div class=\"elementor-widget-container\">\n\t\t\t\t\t\t\t\t\t\t\t\t\t\t\t<img fetchpriority=\"high\" decoding=\"async\" width=\"768\" height=\"1153\" src=\"\/wp-content\/uploads\/2025\/04\/KuriAuto_without-nipple_closed5-Large-768x1153.jpg\" class=\"attachment-medium_large size-medium_large wp-image-14145\" alt=\"\" srcset=\"\/wp-content\/uploads\/2025\/04\/KuriAuto_without-nipple_closed5-Large-768x1153.jpg 768w, \/wp-content\/uploads\/2025\/04\/KuriAuto_without-nipple_closed5-Large-200x300.jpg 200w, \/wp-content\/uploads\/2025\/04\/KuriAuto_without-nipple_closed5-Large-682x1024.jpg 682w, \/wp-content\/uploads\/2025\/04\/KuriAuto_without-nipple_closed5-Large.jpg 799w\" sizes=\"(max-width: 768px) 100vw, 768px\" data-no-translation=\"\" \/>\t\t\t\t\t\t\t\t\t\t\t\t\t\t\t<\/div>\n\t\t\t\t<\/div>\n\t\t\t\t\t<\/div>\n\t\t<\/div>\n\t\t\t\t\t<\/div>\n\t\t<\/section>\n\t\t\t\t<section class=\"elementor-section elementor-top-section elementor-element elementor-element-15aff78b elementor-section-boxed elementor-section-height-default elementor-section-height-default\" data-id=\"15aff78b\" data-element_type=\"section\" data-e-type=\"section\" data-settings=\"{&quot;background_background&quot;:&quot;classic&quot;}\">\n\t\t\t\t\t\t<div class=\"elementor-container elementor-column-gap-default\">\n\t\t\t\t\t<div class=\"elementor-column elementor-col-100 elementor-top-column elementor-element elementor-element-42d866b2 margin-content\" data-id=\"42d866b2\" data-element_type=\"column\" data-e-type=\"column\">\n\t\t\t<div class=\"elementor-widget-wrap elementor-element-populated\">\n\t\t\t\t\t\t<div class=\"elementor-element elementor-element-4199b0fa elementor-widget elementor-widget-heading\" data-id=\"4199b0fa\" data-element_type=\"widget\" data-e-type=\"widget\" data-widget_type=\"heading.default\">\n\t\t\t\t<div class=\"elementor-widget-container\">\n\t\t\t\t\t<h2 class=\"elementor-heading-title elementor-size-default\">Wir sind f\u00fcr Sie da<\/h2>\t\t\t\t<\/div>\n\t\t\t\t<\/div>\n\t\t\t\t<div class=\"elementor-element elementor-element-50898590 elementor-widget elementor-widget-html\" data-id=\"50898590\" data-element_type=\"widget\" data-e-type=\"widget\" data-widget_type=\"html.default\">\n\t\t\t\t<div class=\"elementor-widget-container\">\n\t\t\t\t\t<div\r\n        data-form-id='f4d0a8e4-73ce-ef11-b8e8-000d3ab41b62'\r\n        data-form-api-url='https:\/\/public-eur.mkt.dynamics.com\/api\/v1.0\/orgs\/30cac5a2-33f9-ed11-a66d-000d3a64d748\/landingpageforms'\r\n        data-cached-form-url='https:\/\/assets-eur.mkt.dynamics.com\/30cac5a2-33f9-ed11-a66d-000d3a64d748\/digitalassets\/forms\/f4d0a8e4-73ce-ef11-b8e8-000d3ab41b62' ><\/div>\r\n        <script src = 'https:\/\/cxppusa1formui01cdnsa01-endpoint.azureedge.net\/eur\/FormLoader\/FormLoader.bundle.js' ><\/script>\r\n        <script>document.documentElement.lang = navigator.language;<\/script>\t\t\t\t<\/div>\n\t\t\t\t<\/div>\n\t\t\t\t\t<\/div>\n\t\t<\/div>\n\t\t\t\t\t<\/div>\n\t\t<\/section>\n\t\t\t\t<\/div>","protected":false},"excerpt":{"rendered":"<p>Automatisiertes Wasseraufbereitungs-Steuerungssystem f\u00fcr pr\u00e4zise Dosierung, \u00dcberwachung und verbesserte Anlageneffizienz.<\/p>","protected":false},"author":2,"featured_media":0,"parent":13875,"menu_order":0,"comment_status":"closed","ping_status":"closed","template":"","meta":{"footnotes":""},"class_list":["post-14143","page","type-page","status-publish","hentry"],"_links":{"self":[{"href":"https:\/\/www.kurita.eu\/de\/wp-json\/wp\/v2\/pages\/14143","targetHints":{"allow":["GET"]}}],"collection":[{"href":"https:\/\/www.kurita.eu\/de\/wp-json\/wp\/v2\/pages"}],"about":[{"href":"https:\/\/www.kurita.eu\/de\/wp-json\/wp\/v2\/types\/page"}],"author":[{"embeddable":true,"href":"https:\/\/www.kurita.eu\/de\/wp-json\/wp\/v2\/users\/2"}],"replies":[{"embeddable":true,"href":"https:\/\/www.kurita.eu\/de\/wp-json\/wp\/v2\/comments?post=14143"}],"version-history":[{"count":17,"href":"https:\/\/www.kurita.eu\/de\/wp-json\/wp\/v2\/pages\/14143\/revisions"}],"predecessor-version":[{"id":21136,"href":"https:\/\/www.kurita.eu\/de\/wp-json\/wp\/v2\/pages\/14143\/revisions\/21136"}],"up":[{"embeddable":true,"href":"https:\/\/www.kurita.eu\/de\/wp-json\/wp\/v2\/pages\/13875"}],"wp:attachment":[{"href":"https:\/\/www.kurita.eu\/de\/wp-json\/wp\/v2\/media?parent=14143"}],"curies":[{"name":"wp","href":"https:\/\/api.w.org\/{rel}","templated":true}]}}