{"id":14533,"date":"2025-04-25T10:07:50","date_gmt":"2025-04-25T10:07:50","guid":{"rendered":"https:\/\/kurita-eu-gudza2cjbzfhcwbx.francecentral-01.azurewebsites.net\/?page_id=14533"},"modified":"2026-03-12T14:57:38","modified_gmt":"2026-03-12T14:57:38","slug":"schwimmbad","status":"publish","type":"page","link":"https:\/\/www.kurita.eu\/de\/water-treatment\/swimming-pool\/","title":{"rendered":"Schwimmbad"},"content":{"rendered":"<div data-elementor-type=\"wp-page\" data-elementor-id=\"14533\" class=\"elementor elementor-14533\" data-elementor-post-type=\"page\">\n\t\t\t\t\t\t<section class=\"elementor-section elementor-top-section elementor-element elementor-element-73bee311 elementor-section-full_width elementor-section-height-default elementor-section-height-default\" data-id=\"73bee311\" data-element_type=\"section\" data-e-type=\"section\">\n\t\t\t\t\t\t<div class=\"elementor-container elementor-column-gap-default\">\n\t\t\t\t\t<div class=\"elementor-column elementor-col-100 elementor-top-column elementor-element elementor-element-51892ad9\" data-id=\"51892ad9\" data-element_type=\"column\" data-e-type=\"column\">\n\t\t\t<div class=\"elementor-widget-wrap elementor-element-populated\">\n\t\t\t\t\t\t<div class=\"elementor-element elementor-element-292e10a0 elementor--h-position-center elementor--v-position-middle elementor-arrows-position-inside elementor-pagination-position-inside elementor-widget elementor-widget-slides\" data-id=\"292e10a0\" data-element_type=\"widget\" data-e-type=\"widget\" data-settings=\"{&quot;navigation&quot;:&quot;both&quot;,&quot;autoplay&quot;:&quot;yes&quot;,&quot;pause_on_hover&quot;:&quot;yes&quot;,&quot;pause_on_interaction&quot;:&quot;yes&quot;,&quot;autoplay_speed&quot;:5000,&quot;infinite&quot;:&quot;yes&quot;,&quot;transition&quot;:&quot;slide&quot;,&quot;transition_speed&quot;:500}\" data-widget_type=\"slides.default\">\n\t\t\t\t<div class=\"elementor-widget-container\">\n\t\t\t\t\t\t\t\t\t<div class=\"elementor-swiper\">\n\t\t\t\t\t<div class=\"elementor-slides-wrapper elementor-main-swiper swiper\" role=\"region\" aria-roledescription=\"carousel\" aria-label=\"Folien\" dir=\"ltr\" data-animation=\"fadeInUp\">\n\t\t\t\t<div class=\"swiper-wrapper elementor-slides\">\n\t\t\t\t\t\t\t\t\t\t<div class=\"elementor-repeater-item-4e0b9f7 swiper-slide\" role=\"group\" aria-roledescription=\"slide\"><div class=\"swiper-slide-bg elementor-ken-burns elementor-ken-burns--in\" role=\"img\" aria-label=\"Schwimmbad\"><\/div><div class=\"elementor-background-overlay\"><\/div><div class=\"swiper-slide-inner\" ><div class=\"swiper-slide-contents\"><h1 class=\"elementor-slide-heading\">Schwimmbadwasseraufbereitung<\/h1><\/div><\/div><\/div>\t\t\t\t<\/div>\n\t\t\t\t\t\t\t<\/div>\n\t\t\t\t<\/div>\n\t\t\t\t\t\t\t\t<\/div>\n\t\t\t\t<\/div>\n\t\t\t\t\t<\/div>\n\t\t<\/div>\n\t\t\t\t\t<\/div>\n\t\t<\/section>\n\t\t\t\t<section class=\"elementor-section elementor-top-section elementor-element elementor-element-1ce0dc77 elementor-section-boxed elementor-section-height-default elementor-section-height-default\" data-id=\"1ce0dc77\" data-element_type=\"section\" data-e-type=\"section\">\n\t\t\t\t\t\t<div class=\"elementor-container elementor-column-gap-default\">\n\t\t\t\t\t<div class=\"elementor-column elementor-col-100 elementor-top-column elementor-element elementor-element-14909af8 margin-content\" data-id=\"14909af8\" data-element_type=\"column\" data-e-type=\"column\">\n\t\t\t<div class=\"elementor-widget-wrap elementor-element-populated\">\n\t\t\t\t\t\t<div class=\"elementor-element elementor-element-265b3272 elementor-widget elementor-widget-heading\" data-id=\"265b3272\" data-element_type=\"widget\" data-e-type=\"widget\" data-widget_type=\"heading.default\">\n\t\t\t\t<div class=\"elementor-widget-container\">\n\t\t\t\t\t<h4 class=\"elementor-heading-title elementor-size-default\">Umfassende und innovative Technologie f\u00fcr die Schwimmbadbehandlung<\/h4>\t\t\t\t<\/div>\n\t\t\t\t<\/div>\n\t\t\t\t<div class=\"elementor-element elementor-element-29f25b09 elementor-widget elementor-widget-text-editor\" data-id=\"29f25b09\" data-element_type=\"widget\" data-e-type=\"widget\" data-widget_type=\"text-editor.default\">\n\t\t\t\t<div class=\"elementor-widget-container\">\n\t\t\t\t\t\t\t\t\t<p>Kurita bietet eine breite Produktpalette von Chemikalien f\u00fcr die Wasseraufbereitung in Schwimmb\u00e4dern an. Diese Produkte haben ihre Effizienz \u00fcber viele Jahre hinweg bewiesen.<\/p><p>Es gibt verschiedene Arten von Schwimmbecken. Schwimmb\u00e4der unterscheiden sich in ihrer Funktion (tropisches Schwimmbad, Sauna), ihrer Gr\u00f6\u00dfe und ihren Bedingungen wie Wassertemperatur, Reinigungssystem und Wasserdesinfektionsmechanismus. Es kann zwischen Hallen- und Freib\u00e4dern unterschieden werden. Es gibt einen Unterschied zwischen Schwimmb\u00e4dern mit einem Wasserumlaufsystem und Schwimmb\u00e4dern, die eine st\u00e4ndige Wasserauffrischung erfahren. In Umlaufbecken wird das Wasser aus einer Wasseraufbereitungsanlage recycelt. Ein Teil des Wassers wird nach der Aufbereitung abgetrennt und abtransportiert. Das Becken wird mit frischem Wasser aufgef\u00fcllt.<br \/>Wenn ein Schwimmbad einen kontinuierlichen Durchfluss hat, wird das Wasser st\u00e4ndig aufgefrischt. Das aus dem Becken zur\u00fcckgewonnene Wasser wird in die Kanalisation abgeleitet oder zu einer Wasseraufbereitungsanlage transportiert. In den meisten \u00f6ffentlichen Schwimmb\u00e4dern wird das Wasser im Kreislauf gef\u00fchrt.<\/p>\t\t\t\t\t\t\t\t<\/div>\n\t\t\t\t<\/div>\n\t\t\t\t\t<\/div>\n\t\t<\/div>\n\t\t\t\t\t<\/div>\n\t\t<\/section>\n\t\t\t\t<section class=\"elementor-section elementor-top-section elementor-element elementor-element-33f73fc1 elementor-section-boxed elementor-section-height-default elementor-section-height-default\" data-id=\"33f73fc1\" data-element_type=\"section\" data-e-type=\"section\" data-settings=\"{&quot;background_background&quot;:&quot;classic&quot;}\">\n\t\t\t\t\t\t<div class=\"elementor-container elementor-column-gap-default\">\n\t\t\t\t\t<div class=\"elementor-column elementor-col-100 elementor-top-column elementor-element elementor-element-4136be55 margin-content\" data-id=\"4136be55\" data-element_type=\"column\" data-e-type=\"column\">\n\t\t\t<div class=\"elementor-widget-wrap elementor-element-populated\">\n\t\t\t\t\t\t<div class=\"elementor-element elementor-element-31c69935 elementor-widget elementor-widget-heading\" data-id=\"31c69935\" data-element_type=\"widget\" data-e-type=\"widget\" data-widget_type=\"heading.default\">\n\t\t\t\t<div class=\"elementor-widget-container\">\n\t\t\t\t\t<h4 class=\"elementor-heading-title elementor-size-default\">Welche Art von Produkten zur Schwimmbadbehandlung bietet Kurita an?\n<\/h4>\t\t\t\t<\/div>\n\t\t\t\t<\/div>\n\t\t\t\t<div class=\"elementor-element elementor-element-7a47e923 elementor-widget elementor-widget-text-editor\" data-id=\"7a47e923\" data-element_type=\"widget\" data-e-type=\"widget\" data-widget_type=\"text-editor.default\">\n\t\t\t\t<div class=\"elementor-widget-container\">\n\t\t\t\t\t\t\t\t\t<p>Schwimmbadwasser muss aufbereitet werden, damit es klar und sauber, frei von Schadstoffen, Bakterien, Viren, Algen und anderen Krankheitserregern und f\u00fcr die Nutzung durch Schwimmer geeignet bleibt. Die Aufbereitung von Schwimmbadwasser unterliegt Normen und \u00f6rtlichen Vorschriften. Unsere Produktpalette bietet Ihnen die M\u00f6glichkeit, das richtige Behandlungsprogramm f\u00fcr den hygienischen Betrieb Ihres Schwimmbades zu w\u00e4hlen. Unsere hochqualifizierten Kurita-Vertreter k\u00f6nnen Sie entsprechend unterst\u00fctzen.<\/p><p><a href=\"https:\/\/www.kurita.eu\/de\/losungen\/ferrodor\/\">Ferrodor<sup>\u00ae<\/sup><\/a>\u00a0besteht aus Filter- und Oberfl\u00e4chenkonditionierern, Flotationsmitteln, pH-Regulatoren, Desinfektionsmitteln und erg\u00e4nzenden Produkten. Mit dieser Produktpalette bietet Kurita eine schnelle Fehlerbehebung und ma\u00dfgeschneiderte L\u00f6sungen f\u00fcr verschiedene Probleme, wie z. B.:<\/p><ul><li style=\"list-style-type: none;\"><ul><li>Tr\u00fcbes, unklares, gef\u00e4rbtes Wasser<\/li><li>Kesselsteinbildung auf Pooloberfl\u00e4chen<\/li><li>Glitschige Oberfl\u00e4chen und gr\u00fcnes, tr\u00fcbes Wasser<\/li><li>Augen- und Hautreizungen<\/li><\/ul><\/li><\/ul>\t\t\t\t\t\t\t\t<\/div>\n\t\t\t\t<\/div>\n\t\t\t\t\t<\/div>\n\t\t<\/div>\n\t\t\t\t\t<\/div>\n\t\t<\/section>\n\t\t\t\t<section class=\"elementor-section elementor-top-section elementor-element elementor-element-1918270c elementor-section-boxed elementor-section-height-default elementor-section-height-default\" data-id=\"1918270c\" data-element_type=\"section\" data-e-type=\"section\" data-settings=\"{&quot;background_background&quot;:&quot;classic&quot;}\">\n\t\t\t\t\t\t<div class=\"elementor-container elementor-column-gap-default\">\n\t\t\t\t\t<div class=\"elementor-column elementor-col-100 elementor-top-column elementor-element elementor-element-695b59d2 margin-content\" data-id=\"695b59d2\" data-element_type=\"column\" data-e-type=\"column\">\n\t\t\t<div class=\"elementor-widget-wrap elementor-element-populated\">\n\t\t\t\t\t\t<div class=\"elementor-element elementor-element-1f9a2f59 elementor-widget elementor-widget-heading\" data-id=\"1f9a2f59\" data-element_type=\"widget\" data-e-type=\"widget\" data-widget_type=\"heading.default\">\n\t\t\t\t<div class=\"elementor-widget-container\">\n\t\t\t\t\t<h4 class=\"elementor-heading-title elementor-size-default\">Warum Kurita w\u00e4hlen?<\/h4>\t\t\t\t<\/div>\n\t\t\t\t<\/div>\n\t\t\t\t<div class=\"elementor-element elementor-element-264b28f elementor-widget elementor-widget-text-editor\" data-id=\"264b28f\" data-element_type=\"widget\" data-e-type=\"widget\" data-widget_type=\"text-editor.default\">\n\t\t\t\t<div class=\"elementor-widget-container\">\n\t\t\t\t\t\t\t\t\t<p>Wir haben \u00fcber mehrere Jahrzehnte Erfahrung in der Behandlung von Schwimmb\u00e4dern gesammelt. Unsere L\u00f6sungen erm\u00f6glichen es Ihnen, die Gesetzgebung und die Umwelt zu respektieren. Unser Ziel ist es, Behandlungsl\u00f6sungen f\u00fcr einen reibungslosen Betrieb der Anlage anzubieten.<\/p><ul><li>Beibehaltung oder sogar Verbesserung der Wasserqualit\u00e4t<\/li><li>Betriebskosten senken<\/li><li>F\u00fcr einen reibungslosen Schwimmbadbetrieb<\/li><li>Zur Erf\u00fcllung strenger Vorschriften<\/li><\/ul>\t\t\t\t\t\t\t\t<\/div>\n\t\t\t\t<\/div>\n\t\t\t\t\t<\/div>\n\t\t<\/div>\n\t\t\t\t\t<\/div>\n\t\t<\/section>\n\t\t\t\t<section class=\"elementor-section elementor-top-section elementor-element elementor-element-eba2529 elementor-section-boxed elementor-section-height-default elementor-section-height-default\" data-id=\"eba2529\" data-element_type=\"section\" data-e-type=\"section\" data-settings=\"{&quot;background_background&quot;:&quot;classic&quot;}\">\n\t\t\t\t\t\t<div class=\"elementor-container elementor-column-gap-default\">\n\t\t\t\t\t<div class=\"elementor-column elementor-col-100 elementor-top-column elementor-element elementor-element-cda31be margin-content\" data-id=\"cda31be\" data-element_type=\"column\" data-e-type=\"column\">\n\t\t\t<div class=\"elementor-widget-wrap elementor-element-populated\">\n\t\t\t\t\t\t<div class=\"elementor-element elementor-element-a5b355a elementor-widget elementor-widget-heading\" data-id=\"a5b355a\" data-element_type=\"widget\" data-e-type=\"widget\" data-widget_type=\"heading.default\">\n\t\t\t\t<div class=\"elementor-widget-container\">\n\t\t\t\t\t<h2 class=\"elementor-heading-title elementor-size-default\">Wichtige L\u00f6sungen<\/h2>\t\t\t\t<\/div>\n\t\t\t\t<\/div>\n\t\t\t\t<div class=\"elementor-element elementor-element-f678afc elementor-posts--thumbnail-none elementor-grid-2 elementor-grid-tablet-2 elementor-grid-mobile-1 elementor-card-shadow-yes elementor-posts__hover-gradient elementor-widget elementor-widget-posts\" data-id=\"f678afc\" data-element_type=\"widget\" data-e-type=\"widget\" data-settings=\"{&quot;cards_columns&quot;:&quot;2&quot;,&quot;cards_columns_tablet&quot;:&quot;2&quot;,&quot;cards_columns_mobile&quot;:&quot;1&quot;,&quot;cards_row_gap&quot;:{&quot;unit&quot;:&quot;px&quot;,&quot;size&quot;:35,&quot;sizes&quot;:[]},&quot;cards_row_gap_widescreen&quot;:{&quot;unit&quot;:&quot;px&quot;,&quot;size&quot;:&quot;&quot;,&quot;sizes&quot;:[]},&quot;cards_row_gap_laptop&quot;:{&quot;unit&quot;:&quot;px&quot;,&quot;size&quot;:&quot;&quot;,&quot;sizes&quot;:[]},&quot;cards_row_gap_tablet&quot;:{&quot;unit&quot;:&quot;px&quot;,&quot;size&quot;:&quot;&quot;,&quot;sizes&quot;:[]},&quot;cards_row_gap_mobile&quot;:{&quot;unit&quot;:&quot;px&quot;,&quot;size&quot;:&quot;&quot;,&quot;sizes&quot;:[]}}\" data-widget_type=\"posts.cards\">\n\t\t\t\t<div class=\"elementor-widget-container\">\n\t\t\t\t\t\t\t<div class=\"elementor-posts-container elementor-posts elementor-posts--skin-cards elementor-grid\" role=\"list\">\n\t\t\t\t<article class=\"elementor-post elementor-grid-item post-14051 page type-page status-publish hentry\" role=\"listitem\">\n\t\t\t<div class=\"elementor-post__card\">\n\t\t\t\t<div class=\"elementor-post__text\">\n\t\t\t\t<h4 class=\"elementor-post__title\">\n\t\t\t<a href=\"https:\/\/www.kurita.eu\/de\/solutions\/ferrodor\/\" target=\"&quot;_blank&quot;\">\n\t\t\t\tFerrodor\u00ae.\t\t\t<\/a>\n\t\t<\/h4>\n\t\t\t\t<div class=\"elementor-post__excerpt\">\n\t\t\t<p>Ferrodor\u00ae Ferrodor\u00ae - Um einen reibungslosen Schwimmbadbetrieb zu gew\u00e4hrleisten, bietet Kurita mit seiner umfassenden und innovativen Technologie zur Schwimmbadaufbereitung eine breite Produktpalette an. Die Wasseraufbereitung f\u00fcr Schwimmb\u00e4der hat zwei Herausforderungen: Hygiene f\u00fcr Schwimmer Klarheit des Wassers<\/p>\n\t\t<\/div>\n\t\t\t\t<\/div>\n\t\t\t\t\t<\/div>\n\t\t<\/article>\n\t\t\t\t<\/div>\n\t\t\n\t\t\t\t\t\t<\/div>\n\t\t\t\t<\/div>\n\t\t\t\t\t<\/div>\n\t\t<\/div>\n\t\t\t\t\t<\/div>\n\t\t<\/section>\n\t\t\t\t<\/div>","protected":false},"excerpt":{"rendered":"<p>Kurita bietet eine breite Produktpalette von Chemikalien f\u00fcr die Wasseraufbereitung in Schwimmb\u00e4dern an. <\/p>","protected":false},"author":2,"featured_media":14538,"parent":14484,"menu_order":0,"comment_status":"closed","ping_status":"closed","template":"","meta":{"footnotes":""},"class_list":["post-14533","page","type-page","status-publish","has-post-thumbnail","hentry"],"yoast_head":"<!-- This site is optimized with the Yoast SEO plugin v27.3 - https:\/\/yoast.com\/product\/yoast-seo-wordpress\/ -->\n<title>Swimming Pool - Kurita Europe<\/title>\n<meta name=\"robots\" content=\"index, follow, max-snippet:-1, max-image-preview:large, max-video-preview:-1\" \/>\n<link rel=\"canonical\" href=\"https:\/\/www.kurita.eu\/de\/wasseraufbereitung\/schwimmbad\/\" \/>\n<meta property=\"og:locale\" content=\"de_DE\" \/>\n<meta property=\"og:type\" content=\"article\" \/>\n<meta property=\"og:title\" content=\"Swimming Pool - Kurita Europe\" \/>\n<meta property=\"og:description\" content=\"Kurita offers a wide product range of swimming pool water treatment chemicals.\" \/>\n<meta property=\"og:url\" content=\"https:\/\/www.kurita.eu\/de\/wasseraufbereitung\/schwimmbad\/\" \/>\n<meta property=\"og:site_name\" content=\"Kurita Europe\" \/>\n<meta property=\"article:modified_time\" content=\"2026-03-12T14:57:38+00:00\" \/>\n<meta property=\"og:image\" content=\"https:\/\/www.kurita.eu\/wp-content\/uploads\/2025\/04\/Applications_WaterTreatment_DrinkingWater-56a111e3.jpg\" \/>\n\t<meta property=\"og:image:width\" content=\"870\" \/>\n\t<meta property=\"og:image:height\" content=\"350\" \/>\n\t<meta property=\"og:image:type\" content=\"image\/jpeg\" \/>\n<meta name=\"twitter:card\" content=\"summary_large_image\" \/>\n<meta name=\"twitter:site\" content=\"@KuritaGlobal\" \/>\n<meta name=\"twitter:label1\" content=\"Gesch\u00e4tzte Lesezeit\" \/>\n\t<meta name=\"twitter:data1\" content=\"3\u00a0Minuten\" \/>\n<script type=\"application\/ld+json\" class=\"yoast-schema-graph\">{\"@context\":\"https:\\\/\\\/schema.org\",\"@graph\":[{\"@type\":\"WebPage\",\"@id\":\"https:\\\/\\\/www.kurita.eu\\\/pl\\\/uzdatnianie-wody\\\/basen\\\/\",\"url\":\"https:\\\/\\\/www.kurita.eu\\\/pl\\\/uzdatnianie-wody\\\/basen\\\/\",\"name\":\"Swimming Pool - Kurita Europe\",\"isPartOf\":{\"@id\":\"https:\\\/\\\/www.kurita.eu\\\/se\\\/#website\"},\"primaryImageOfPage\":{\"@id\":\"https:\\\/\\\/www.kurita.eu\\\/pl\\\/uzdatnianie-wody\\\/basen\\\/#primaryimage\"},\"image\":{\"@id\":\"https:\\\/\\\/www.kurita.eu\\\/pl\\\/uzdatnianie-wody\\\/basen\\\/#primaryimage\"},\"thumbnailUrl\":\"\\\/wp-content\\\/uploads\\\/2025\\\/04\\\/Applications_WaterTreatment_DrinkingWater-56a111e3.jpg\",\"datePublished\":\"2025-04-25T10:07:50+00:00\",\"dateModified\":\"2026-03-12T14:57:38+00:00\",\"breadcrumb\":{\"@id\":\"https:\\\/\\\/www.kurita.eu\\\/pl\\\/uzdatnianie-wody\\\/basen\\\/#breadcrumb\"},\"inLanguage\":\"de\",\"potentialAction\":[{\"@type\":\"ReadAction\",\"target\":[\"https:\\\/\\\/www.kurita.eu\\\/pl\\\/uzdatnianie-wody\\\/basen\\\/\"]}]},{\"@type\":\"ImageObject\",\"inLanguage\":\"de\",\"@id\":\"https:\\\/\\\/www.kurita.eu\\\/pl\\\/uzdatnianie-wody\\\/basen\\\/#primaryimage\",\"url\":\"\\\/wp-content\\\/uploads\\\/2025\\\/04\\\/Applications_WaterTreatment_DrinkingWater-56a111e3.jpg\",\"contentUrl\":\"\\\/wp-content\\\/uploads\\\/2025\\\/04\\\/Applications_WaterTreatment_DrinkingWater-56a111e3.jpg\",\"width\":870,\"height\":350,\"caption\":\"Swimming Pool\"},{\"@type\":\"BreadcrumbList\",\"@id\":\"https:\\\/\\\/www.kurita.eu\\\/pl\\\/uzdatnianie-wody\\\/basen\\\/#breadcrumb\",\"itemListElement\":[{\"@type\":\"ListItem\",\"position\":1,\"name\":\"Home\",\"item\":\"https:\\\/\\\/www.kurita.eu\\\/de\\\/\"},{\"@type\":\"ListItem\",\"position\":2,\"name\":\"Water Treatment\",\"item\":\"https:\\\/\\\/www.kurita.eu\\\/fr\\\/traitement-de-leau\\\/\"},{\"@type\":\"ListItem\",\"position\":3,\"name\":\"Swimming Pool\"}]},{\"@type\":\"WebSite\",\"@id\":\"https:\\\/\\\/www.kurita.eu\\\/se\\\/#website\",\"url\":\"https:\\\/\\\/www.kurita.eu\\\/se\\\/\",\"name\":\"Kurita Europe\",\"description\":\"Water Treatment Solutions\",\"publisher\":{\"@id\":\"https:\\\/\\\/www.kurita.eu\\\/se\\\/#organization\"},\"potentialAction\":[{\"@type\":\"SearchAction\",\"target\":{\"@type\":\"EntryPoint\",\"urlTemplate\":\"https:\\\/\\\/www.kurita.eu\\\/se\\\/?s={search_term_string}\"},\"query-input\":{\"@type\":\"PropertyValueSpecification\",\"valueRequired\":true,\"valueName\":\"search_term_string\"}}],\"inLanguage\":\"de\"},{\"@type\":\"Organization\",\"@id\":\"https:\\\/\\\/www.kurita.eu\\\/se\\\/#organization\",\"name\":\"Kurita Europe\",\"url\":\"https:\\\/\\\/www.kurita.eu\\\/se\\\/\",\"logo\":{\"@type\":\"ImageObject\",\"inLanguage\":\"de\",\"@id\":\"https:\\\/\\\/www.kurita.eu\\\/se\\\/#\\\/schema\\\/logo\\\/image\\\/\",\"url\":\"\\\/wp-content\\\/uploads\\\/2025\\\/05\\\/cropped-brand_mark_horizon_blue.png\",\"contentUrl\":\"\\\/wp-content\\\/uploads\\\/2025\\\/05\\\/cropped-brand_mark_horizon_blue.png\",\"width\":712,\"height\":204,\"caption\":\"Kurita Europe\"},\"image\":{\"@id\":\"https:\\\/\\\/www.kurita.eu\\\/se\\\/#\\\/schema\\\/logo\\\/image\\\/\"},\"sameAs\":[\"https:\\\/\\\/x.com\\\/KuritaGlobal\",\"https:\\\/\\\/www.linkedin.com\\\/company\\\/kurita\\\/\"]}]}<\/script>\n<!-- \/ Yoast SEO plugin. -->","yoast_head_json":{"title":"Schwimmbad - Kurita Europe","robots":{"index":"index","follow":"follow","max-snippet":"max-snippet:-1","max-image-preview":"max-image-preview:large","max-video-preview":"max-video-preview:-1"},"canonical":"https:\/\/www.kurita.eu\/de\/wasseraufbereitung\/schwimmbad\/","og_locale":"de_DE","og_type":"article","og_title":"Swimming Pool - Kurita Europe","og_description":"Kurita offers a wide product range of swimming pool water treatment chemicals.","og_url":"https:\/\/www.kurita.eu\/de\/wasseraufbereitung\/schwimmbad\/","og_site_name":"Kurita Europe","article_modified_time":"2026-03-12T14:57:38+00:00","og_image":[{"width":870,"height":350,"url":"https:\/\/www.kurita.eu\/wp-content\/uploads\/2025\/04\/Applications_WaterTreatment_DrinkingWater-56a111e3.jpg","type":"image\/jpeg"}],"twitter_card":"summary_large_image","twitter_site":"@KuritaGlobal","twitter_misc":{"Gesch\u00e4tzte Lesezeit":"3\u00a0Minuten"},"schema":{"@context":"https:\/\/schema.org","@graph":[{"@type":"WebPage","@id":"https:\/\/www.kurita.eu\/pl\/uzdatnianie-wody\/basen\/","url":"https:\/\/www.kurita.eu\/pl\/uzdatnianie-wody\/basen\/","name":"Schwimmbad - Kurita Europe","isPartOf":{"@id":"https:\/\/www.kurita.eu\/se\/#website"},"primaryImageOfPage":{"@id":"https:\/\/www.kurita.eu\/pl\/uzdatnianie-wody\/basen\/#primaryimage"},"image":{"@id":"https:\/\/www.kurita.eu\/pl\/uzdatnianie-wody\/basen\/#primaryimage"},"thumbnailUrl":"\/wp-content\/uploads\/2025\/04\/Applications_WaterTreatment_DrinkingWater-56a111e3.jpg","datePublished":"2025-04-25T10:07:50+00:00","dateModified":"2026-03-12T14:57:38+00:00","breadcrumb":{"@id":"https:\/\/www.kurita.eu\/pl\/uzdatnianie-wody\/basen\/#breadcrumb"},"inLanguage":"de","potentialAction":[{"@type":"ReadAction","target":["https:\/\/www.kurita.eu\/pl\/uzdatnianie-wody\/basen\/"]}]},{"@type":"ImageObject","inLanguage":"de","@id":"https:\/\/www.kurita.eu\/pl\/uzdatnianie-wody\/basen\/#primaryimage","url":"\/wp-content\/uploads\/2025\/04\/Applications_WaterTreatment_DrinkingWater-56a111e3.jpg","contentUrl":"\/wp-content\/uploads\/2025\/04\/Applications_WaterTreatment_DrinkingWater-56a111e3.jpg","width":870,"height":350,"caption":"Swimming Pool"},{"@type":"BreadcrumbList","@id":"https:\/\/www.kurita.eu\/pl\/uzdatnianie-wody\/basen\/#breadcrumb","itemListElement":[{"@type":"ListItem","position":1,"name":"Home","item":"https:\/\/www.kurita.eu\/de\/"},{"@type":"ListItem","position":2,"name":"Water Treatment","item":"https:\/\/www.kurita.eu\/fr\/traitement-de-leau\/"},{"@type":"ListItem","position":3,"name":"Swimming Pool"}]},{"@type":"WebSite","@id":"https:\/\/www.kurita.eu\/se\/#website","url":"https:\/\/www.kurita.eu\/se\/","name":"Kurita Europa","description":"L\u00f6sungen f\u00fcr die Wasseraufbereitung","publisher":{"@id":"https:\/\/www.kurita.eu\/se\/#organization"},"potentialAction":[{"@type":"SearchAction","target":{"@type":"EntryPoint","urlTemplate":"https:\/\/www.kurita.eu\/se\/?s={search_term_string}"},"query-input":{"@type":"PropertyValueSpecification","valueRequired":true,"valueName":"search_term_string"}}],"inLanguage":"de"},{"@type":"Organization","@id":"https:\/\/www.kurita.eu\/se\/#organization","name":"Kurita Europa","url":"https:\/\/www.kurita.eu\/se\/","logo":{"@type":"ImageObject","inLanguage":"de","@id":"https:\/\/www.kurita.eu\/se\/#\/schema\/logo\/image\/","url":"\/wp-content\/uploads\/2025\/05\/cropped-brand_mark_horizon_blue.png","contentUrl":"\/wp-content\/uploads\/2025\/05\/cropped-brand_mark_horizon_blue.png","width":712,"height":204,"caption":"Kurita Europe"},"image":{"@id":"https:\/\/www.kurita.eu\/se\/#\/schema\/logo\/image\/"},"sameAs":["https:\/\/x.com\/KuritaGlobal","https:\/\/www.linkedin.com\/company\/kurita\/"]}]}},"_links":{"self":[{"href":"https:\/\/www.kurita.eu\/de\/wp-json\/wp\/v2\/pages\/14533","targetHints":{"allow":["GET"]}}],"collection":[{"href":"https:\/\/www.kurita.eu\/de\/wp-json\/wp\/v2\/pages"}],"about":[{"href":"https:\/\/www.kurita.eu\/de\/wp-json\/wp\/v2\/types\/page"}],"author":[{"embeddable":true,"href":"https:\/\/www.kurita.eu\/de\/wp-json\/wp\/v2\/users\/2"}],"replies":[{"embeddable":true,"href":"https:\/\/www.kurita.eu\/de\/wp-json\/wp\/v2\/comments?post=14533"}],"version-history":[{"count":14,"href":"https:\/\/www.kurita.eu\/de\/wp-json\/wp\/v2\/pages\/14533\/revisions"}],"predecessor-version":[{"id":21314,"href":"https:\/\/www.kurita.eu\/de\/wp-json\/wp\/v2\/pages\/14533\/revisions\/21314"}],"up":[{"embeddable":true,"href":"https:\/\/www.kurita.eu\/de\/wp-json\/wp\/v2\/pages\/14484"}],"wp:featuredmedia":[{"embeddable":true,"href":"https:\/\/www.kurita.eu\/de\/wp-json\/wp\/v2\/media\/14538"}],"wp:attachment":[{"href":"https:\/\/www.kurita.eu\/de\/wp-json\/wp\/v2\/media?parent=14533"}],"curies":[{"name":"wp","href":"https:\/\/api.w.org\/{rel}","templated":true}]}}