{"id":17290,"date":"2025-09-30T09:48:22","date_gmt":"2025-09-30T09:48:22","guid":{"rendered":"https:\/\/www.kurita.eu\/?page_id=17290"},"modified":"2026-02-05T08:14:35","modified_gmt":"2026-02-05T08:14:35","slug":"webinar-registro-kurita-dilurit-bcs-es","status":"publish","type":"page","link":"https:\/\/www.kurita.eu\/de\/losungen\/webinar-registro-kurita-dilurit-bcs-es\/","title":{"rendered":"Webinar-Registrierung: Kurita Dilurit BCS (ES)"},"content":{"rendered":"<div data-elementor-type=\"wp-page\" data-elementor-id=\"17290\" class=\"elementor elementor-17290\" data-elementor-post-type=\"page\">\n\t\t\t\t\t\t<section class=\"elementor-section elementor-top-section elementor-element elementor-element-677aa1c6 elementor-section-height-min-height elementor-section-boxed elementor-section-height-default elementor-section-items-middle\" data-id=\"677aa1c6\" data-element_type=\"section\" data-e-type=\"section\" data-settings=\"{&quot;background_background&quot;:&quot;classic&quot;}\">\n\t\t\t\t\t\t\t<div class=\"elementor-background-overlay\"><\/div>\n\t\t\t\t\t\t\t<div class=\"elementor-container elementor-column-gap-default\">\n\t\t\t\t\t<div class=\"elementor-column elementor-col-100 elementor-top-column elementor-element elementor-element-342aee0a\" data-id=\"342aee0a\" data-element_type=\"column\" data-e-type=\"column\">\n\t\t\t<div class=\"elementor-widget-wrap elementor-element-populated\">\n\t\t\t\t\t\t<div class=\"elementor-element elementor-element-e3baf4d elementor-align-center elementor-widget elementor-widget-button\" data-id=\"e3baf4d\" data-element_type=\"widget\" data-e-type=\"widget\" data-widget_type=\"button.default\">\n\t\t\t\t<div class=\"elementor-widget-container\">\n\t\t\t\t\t\t\t\t\t<div class=\"elementor-button-wrapper\">\n\t\t\t\t\t<a class=\"elementor-button elementor-button-link elementor-size-sm\" href=\"#register\">\n\t\t\t\t\t\t<span class=\"elementor-button-content-wrapper\">\n\t\t\t\t\t\t<span class=\"elementor-button-icon\">\n\t\t\t\t<svg aria-hidden=\"true\" class=\"e-font-icon-svg e-fas-desktop\" viewbox=\"0 0 576 512\" xmlns=\"http:\/\/www.w3.org\/2000\/svg\"><path d=\"M528 0H48C21.5 0 0 21.5 0 48v320c0 26.5 21.5 48 48 48h192l-16 48h-72c-13.3 0-24 10.7-24 24s10.7 24 24 24h272c13.3 0 24-10.7 24-24s-10.7-24-24-24h-72l-16-48h192c26.5 0 48-21.5 48-48V48c0-26.5-21.5-48-48-48zm-16 352H64V64h448v288z\"><\/path><\/svg>\t\t\t<\/span>\n\t\t\t\t\t\t\t\t\t<span class=\"elementor-button-text\">WEBINAR AUF ANFRAGE<\/span>\n\t\t\t\t\t<\/span>\n\t\t\t\t\t<\/a>\n\t\t\t\t<\/div>\n\t\t\t\t\t\t\t\t<\/div>\n\t\t\t\t<\/div>\n\t\t\t\t<div class=\"elementor-element elementor-element-07ff627 elementor-widget elementor-widget-text-editor\" data-id=\"07ff627\" data-element_type=\"widget\" data-e-type=\"widget\" data-widget_type=\"text-editor.default\">\n\t\t\t\t<div class=\"elementor-widget-container\">\n\t\t\t\t\t\t\t\t\t<p><span data-olk-copy-source=\"MessageBody\">La Gu\u00eda Esencial de las Monocloraminas para Circuitos de Refrigeraci\u00f3n - Dilurit<\/span>\u00ae BC S-System<\/p>\t\t\t\t\t\t\t\t<\/div>\n\t\t\t\t<\/div>\n\t\t\t\t\t<\/div>\n\t\t<\/div>\n\t\t\t\t\t<\/div>\n\t\t<\/section>\n\t\t\t\t<section class=\"elementor-section elementor-top-section elementor-element elementor-element-d18fac margin-content elementor-section-boxed elementor-section-height-default elementor-section-height-default\" data-id=\"d18fac\" data-element_type=\"section\" data-e-type=\"section\">\n\t\t\t\t\t\t<div class=\"elementor-container elementor-column-gap-default\">\n\t\t\t\t\t<div class=\"elementor-column elementor-col-100 elementor-top-column elementor-element elementor-element-10deb769\" data-id=\"10deb769\" data-element_type=\"column\" data-e-type=\"column\">\n\t\t\t<div class=\"elementor-widget-wrap elementor-element-populated\">\n\t\t\t\t\t\t<section class=\"elementor-section elementor-inner-section elementor-element elementor-element-7b191636 elementor-section-boxed elementor-section-height-default elementor-section-height-default\" data-id=\"7b191636\" data-element_type=\"section\" data-e-type=\"section\">\n\t\t\t\t\t\t<div class=\"elementor-container elementor-column-gap-default\">\n\t\t\t\t\t<div class=\"elementor-column elementor-col-50 elementor-inner-column elementor-element elementor-element-48485d08\" data-id=\"48485d08\" data-element_type=\"column\" data-e-type=\"column\">\n\t\t\t<div class=\"elementor-widget-wrap elementor-element-populated\">\n\t\t\t\t\t\t<div class=\"elementor-element elementor-element-597c98e elementor-widget-widescreen__width-initial elementor-widget-tablet__width-initial elementor-widget elementor-widget-heading\" data-id=\"597c98e\" data-element_type=\"widget\" data-e-type=\"widget\" data-widget_type=\"heading.default\">\n\t\t\t\t<div class=\"elementor-widget-container\">\n\t\t\t\t\t<h2 class=\"elementor-heading-title elementor-size-default\">\u00danete a nuestro seminario web<\/h2>\t\t\t\t<\/div>\n\t\t\t\t<\/div>\n\t\t\t\t<div class=\"elementor-element elementor-element-1fd533b1 elementor-widget__width-initial elementor-widget elementor-widget-text-editor\" data-id=\"1fd533b1\" data-element_type=\"widget\" data-e-type=\"widget\" data-widget_type=\"text-editor.default\">\n\t\t\t\t<div class=\"elementor-widget-container\">\n\t\t\t\t\t\t\t\t\t<p>In dieser Sitzung werden die Vorteile von\u00a0<strong>Dilurit\u00ae BC S-System<\/strong>, eine zukunftsweisende Technologie auf der Basis von Monocloraminen.<\/p><p>Ap\u00fantate a nuestro seminario web exclusivo, <strong>\"<span data-olk-copy-source=\"MessageBody\">La gu\u00eda esencial de las monocloraminas para circuitos de refrigeraci\u00f3n - Dilurit<\/span>\u00ae BC S-System\"<\/strong>und erfahren Sie, wie Sie Legionellen bek\u00e4mpfen, die Korrosion verringern, den Betrieb verbessern und au\u00dferdem Wasser sparen k\u00f6nnen.<\/p><p>\u00a0<\/p>\t\t\t\t\t\t\t\t<\/div>\n\t\t\t\t<\/div>\n\t\t\t\t<div class=\"elementor-element elementor-element-47f0c04 elementor-author-box--layout-image-left elementor-widget__width-initial elementor-author-box--align-left elementor-widget-laptop__width-initial elementor-widget elementor-widget-author-box\" data-id=\"47f0c04\" data-element_type=\"widget\" data-e-type=\"widget\" data-widget_type=\"author-box.default\">\n\t\t\t\t<div class=\"elementor-widget-container\">\n\t\t\t\t\t\t\t<div class=\"elementor-author-box\">\n\t\t\t\t\t\t\t<div  class=\"elementor-author-box__avatar\">\n\t\t\t\t\t<img decoding=\"async\" src=\"\/wp-content\/uploads\/2025\/04\/Montse-pallares.png\" alt=\"Bild von Montse Pallar\u00e9s\" loading=\"lazy\" data-no-translation=\"\">\n\t\t\t\t<\/div>\n\t\t\t\n\t\t\t<div class=\"elementor-author-box__text\">\n\t\t\t\t\t\t\t\t\t<div >\n\t\t\t\t\t\t<span class=\"elementor-author-box__name\">\n\t\t\t\t\t\t\tMontse Pallar\u00e9s\t\t\t\t\t\t<\/span>\n\t\t\t\t\t<\/div>\n\t\t\t\t\n\t\t\t\t\t\t\t\t\t<div class=\"elementor-author-box__bio\">\n\t\t\t\t\t\t<p>Direktor CSV-Markt<\/p>\n\t\t\t\t\t<\/div>\n\t\t\t\t\n\t\t\t\t\t\t\t<\/div>\n\t\t<\/div>\n\t\t\t\t\t\t<\/div>\n\t\t\t\t<\/div>\n\t\t\t\t<div class=\"elementor-element elementor-element-4b450c6 elementor-author-box--layout-image-left elementor-widget__width-initial elementor-author-box--align-left elementor-widget-laptop__width-initial elementor-widget elementor-widget-author-box\" data-id=\"4b450c6\" data-element_type=\"widget\" data-e-type=\"widget\" data-widget_type=\"author-box.default\">\n\t\t\t\t<div class=\"elementor-widget-container\">\n\t\t\t\t\t\t\t<div class=\"elementor-author-box\">\n\t\t\t\t\t\t\t<div  class=\"elementor-author-box__avatar\">\n\t\t\t\t\t<img decoding=\"async\" src=\"\/wp-content\/uploads\/2025\/09\/PHOTO-Laura-e1759242788941-284x300.jpg\" alt=\"Bild von Laura Zuazu\" loading=\"lazy\" data-no-translation=\"\">\n\t\t\t\t<\/div>\n\t\t\t\n\t\t\t<div class=\"elementor-author-box__text\">\n\t\t\t\t\t\t\t\t\t<div >\n\t\t\t\t\t\t<span class=\"elementor-author-box__name\">\n\t\t\t\t\t\t\tLaura Zuazu\t\t\t\t\t\t<\/span>\n\t\t\t\t\t<\/div>\n\t\t\t\t\n\t\t\t\t\t\t\t\t\t<div class=\"elementor-author-box__bio\">\n\t\t\t\t\t\t<p>Lokaler Manager f\u00fcr technisches Marketing<\/p>\n\t\t\t\t\t<\/div>\n\t\t\t\t\n\t\t\t\t\t\t\t<\/div>\n\t\t<\/div>\n\t\t\t\t\t\t<\/div>\n\t\t\t\t<\/div>\n\t\t\t\t<div class=\"elementor-element elementor-element-d1552ea elementor-widget__width-initial elementor-widget elementor-widget-text-editor\" data-id=\"d1552ea\" data-element_type=\"widget\" data-e-type=\"widget\" data-widget_type=\"text-editor.default\">\n\t\t\t\t<div class=\"elementor-widget-container\">\n\t\t\t\t\t\t\t\t\t<h6>\u00bfQue aprender\u00e1s?<\/h6><ul><li><strong>Betriebliche Merkmale und Vorteile<\/strong>: Comprende el funcionamiento y las ventajas del Dilurit\u00ae BC S-System.<\/li><li><strong>Rendimiento en refrigeraci\u00f3n: <\/strong>Lernen Sie wirksame Methoden zur Kontrolle von Mikroorganismen und Biopflanzen kennen.<\/li><li><strong>Comparativa con otros precursores:<\/strong> Descubre las diferencias, incluyendo la reducci\u00f3n de la necesidad de transporte de agua y una menor huella de carbono.<\/li><li><strong>Auswirkungen auf die Umwelt:<\/strong> Erforscht die Effizienz des Produkts und seine Zerlegung in organische Verbindungen.<\/li><li><strong>Praktische F\u00e4lle:<\/strong> \u00dcberpr\u00fcfung von realen Anwendungen in Wasseraufbereitungssystemen in verschiedenen Industriezweigen.<\/li><\/ul>\t\t\t\t\t\t\t\t<\/div>\n\t\t\t\t<\/div>\n\t\t\t\t\t<\/div>\n\t\t<\/div>\n\t\t\t\t<div class=\"elementor-column elementor-col-50 elementor-inner-column elementor-element elementor-element-42e918e\" data-id=\"42e918e\" data-element_type=\"column\" data-e-type=\"column\" data-settings=\"{&quot;background_background&quot;:&quot;classic&quot;}\">\n\t\t\t<div class=\"elementor-widget-wrap elementor-element-populated\">\n\t\t\t\t\t\t<div class=\"elementor-element elementor-element-abb50b3 elementor-widget elementor-widget-menu-anchor\" data-id=\"abb50b3\" data-element_type=\"widget\" data-e-type=\"widget\" data-widget_type=\"menu-anchor.default\">\n\t\t\t\t<div class=\"elementor-widget-container\">\n\t\t\t\t\t\t\t<div class=\"elementor-menu-anchor\" id=\"register\"><\/div>\n\t\t\t\t\t\t<\/div>\n\t\t\t\t<\/div>\n\t\t\t\t<div class=\"elementor-element elementor-element-989db90 elementor-widget elementor-widget-text-editor\" data-id=\"989db90\" data-element_type=\"widget\" data-e-type=\"widget\" data-widget_type=\"text-editor.default\">\n\t\t\t\t<div class=\"elementor-widget-container\">\n\t\t\t\t\t\t\t\t\t<h5>Hier anmelden<\/h5>\t\t\t\t\t\t\t\t<\/div>\n\t\t\t\t<\/div>\n\t\t\t\t<div class=\"elementor-element elementor-element-6754439e elementor-widget elementor-widget-html\" data-id=\"6754439e\" data-element_type=\"widget\" data-e-type=\"widget\" data-widget_type=\"html.default\">\n\t\t\t\t<div class=\"elementor-widget-container\">\n\t\t\t\t\t<div\r\n        data-form-id='650b49ee-e19d-f011-b41b-7ced8d40657e'\r\n        data-form-api-url='https:\/\/public-eur.mkt.dynamics.com\/api\/v1.0\/orgs\/30cac5a2-33f9-ed11-a66d-000d3a64d748\/landingpageforms'\r\n        data-cached-form-url='https:\/\/assets-eur.mkt.dynamics.com\/30cac5a2-33f9-ed11-a66d-000d3a64d748\/digitalassets\/forms\/650b49ee-e19d-f011-b41b-7ced8d40657e' ><\/div>\r\n        <script src = 'https:\/\/cxppusa1formui01cdnsa01-endpoint.azureedge.net\/eur\/FormLoader\/FormLoader.bundle.js' ><\/script>\t\t\t\t<\/div>\n\t\t\t\t<\/div>\n\t\t\t\t\t<\/div>\n\t\t<\/div>\n\t\t\t\t\t<\/div>\n\t\t<\/section>\n\t\t\t\t\t<\/div>\n\t\t<\/div>\n\t\t\t\t\t<\/div>\n\t\t<\/section>\n\t\t\t\t<\/div>","protected":false},"excerpt":{"rendered":"<p>Kurita Connect 360 ist eine digitale Kundenplattform, die moderne Technologien nutzt, die f\u00fcr das Management von Wassersystemen auf globaler Ebene entwickelt wurden.<\/p>","protected":false},"author":5,"featured_media":0,"parent":13875,"menu_order":0,"comment_status":"closed","ping_status":"closed","template":"","meta":{"footnotes":""},"class_list":["post-17290","page","type-page","status-publish","hentry"],"yoast_head":"<!-- This site is optimized with the Yoast SEO plugin v25.5 - https:\/\/yoast.com\/wordpress\/plugins\/seo\/ -->\n<title>Webinar Registro: Kurita Dilurit BCS (ES) - Kurita Europe<\/title>\n<meta name=\"robots\" content=\"index, follow, max-snippet:-1, max-image-preview:large, max-video-preview:-1\" \/>\n<link rel=\"canonical\" href=\"https:\/\/www.kurita.eu\/de\/losungen\/webinar-registro-kurita-dilurit-bcs-es\/\" \/>\n<meta property=\"og:locale\" content=\"de_DE\" \/>\n<meta property=\"og:type\" content=\"article\" \/>\n<meta property=\"og:title\" content=\"Webinar Registro: Kurita Dilurit BCS (ES) - Kurita Europe\" \/>\n<meta property=\"og:description\" content=\"Kurita Connect 360 is a digital customer platform, using modern technology stacks developed for management of Water Systems on global level.\" \/>\n<meta property=\"og:url\" content=\"https:\/\/www.kurita.eu\/de\/losungen\/webinar-registro-kurita-dilurit-bcs-es\/\" \/>\n<meta property=\"og:site_name\" content=\"Kurita Europe\" \/>\n<meta property=\"article:modified_time\" content=\"2026-02-05T08:14:35+00:00\" \/>\n<meta property=\"og:image\" content=\"https:\/\/www.kurita.eu\/wp-content\/uploads\/2025\/07\/kurita-favicon-512x512-1.png\" \/>\n\t<meta property=\"og:image:width\" content=\"512\" \/>\n\t<meta property=\"og:image:height\" content=\"512\" \/>\n\t<meta property=\"og:image:type\" content=\"image\/png\" \/>\n<meta name=\"twitter:card\" content=\"summary_large_image\" \/>\n<meta name=\"twitter:label1\" content=\"Gesch\u00e4tzte Lesezeit\" \/>\n\t<meta name=\"twitter:data1\" content=\"2\u00a0Minuten\" \/>\n<script type=\"application\/ld+json\" class=\"yoast-schema-graph\">{\"@context\":\"https:\/\/schema.org\",\"@graph\":[{\"@type\":\"WebPage\",\"@id\":\"https:\/\/www.kurita.eu\/en\/solutions\/webinar-registro-kurita-dilurit-bcs-es\/\",\"url\":\"https:\/\/www.kurita.eu\/en\/solutions\/webinar-registro-kurita-dilurit-bcs-es\/\",\"name\":\"Webinar Registro: Kurita Dilurit BCS (ES) - Kurita Europe\",\"isPartOf\":{\"@id\":\"https:\/\/kurita.eu\/en\/#website\"},\"datePublished\":\"2025-09-30T09:48:22+00:00\",\"dateModified\":\"2026-02-05T08:14:35+00:00\",\"breadcrumb\":{\"@id\":\"https:\/\/www.kurita.eu\/en\/solutions\/webinar-registro-kurita-dilurit-bcs-es\/#breadcrumb\"},\"inLanguage\":\"de\",\"potentialAction\":[{\"@type\":\"ReadAction\",\"target\":[\"https:\/\/www.kurita.eu\/en\/solutions\/webinar-registro-kurita-dilurit-bcs-es\/\"]}]},{\"@type\":\"BreadcrumbList\",\"@id\":\"https:\/\/www.kurita.eu\/en\/solutions\/webinar-registro-kurita-dilurit-bcs-es\/#breadcrumb\",\"itemListElement\":[{\"@type\":\"ListItem\",\"position\":1,\"name\":\"Home\",\"item\":\"https:\/\/www.kurita.eu\/en\/\"},{\"@type\":\"ListItem\",\"position\":2,\"name\":\"Solutions\",\"item\":\"https:\/\/www.kurita.eu\/en\/solutions\/\"},{\"@type\":\"ListItem\",\"position\":3,\"name\":\"Webinar Registro: Kurita Dilurit BCS (ES)\"}]},{\"@type\":\"WebSite\",\"@id\":\"https:\/\/kurita.eu\/en\/#website\",\"url\":\"https:\/\/kurita.eu\/en\/\",\"name\":\"Kurita Europe\",\"description\":\"Water Treatment Solutions\",\"publisher\":{\"@id\":\"https:\/\/kurita.eu\/en\/#organization\"},\"potentialAction\":[{\"@type\":\"SearchAction\",\"target\":{\"@type\":\"EntryPoint\",\"urlTemplate\":\"https:\/\/kurita.eu\/en\/?s={search_term_string}\"},\"query-input\":{\"@type\":\"PropertyValueSpecification\",\"valueRequired\":true,\"valueName\":\"search_term_string\"}}],\"inLanguage\":\"de\"},{\"@type\":\"Organization\",\"@id\":\"https:\/\/kurita.eu\/en\/#organization\",\"name\":\"Kurita Europe\",\"url\":\"https:\/\/kurita.eu\/en\/\",\"logo\":{\"@type\":\"ImageObject\",\"inLanguage\":\"de\",\"@id\":\"https:\/\/kurita.eu\/en\/#\/schema\/logo\/image\/\",\"url\":\"\/wp-content\/uploads\/2025\/05\/cropped-brand_mark_horizon_blue.png\",\"contentUrl\":\"\/wp-content\/uploads\/2025\/05\/cropped-brand_mark_horizon_blue.png\",\"width\":712,\"height\":204,\"caption\":\"Kurita Europe\"},\"image\":{\"@id\":\"https:\/\/kurita.eu\/en\/#\/schema\/logo\/image\/\"}}]}<\/script>\n<!-- \/ Yoast SEO plugin. -->","yoast_head_json":{"title":"Webinar-Registrierung: Kurita Dilurit BCS (ES) - Kurita Europa","robots":{"index":"index","follow":"follow","max-snippet":"max-snippet:-1","max-image-preview":"max-image-preview:large","max-video-preview":"max-video-preview:-1"},"canonical":"https:\/\/www.kurita.eu\/de\/losungen\/webinar-registro-kurita-dilurit-bcs-es\/","og_locale":"de_DE","og_type":"article","og_title":"Webinar Registro: Kurita Dilurit BCS (ES) - Kurita Europe","og_description":"Kurita Connect 360 is a digital customer platform, using modern technology stacks developed for management of Water Systems on global level.","og_url":"https:\/\/www.kurita.eu\/de\/losungen\/webinar-registro-kurita-dilurit-bcs-es\/","og_site_name":"Kurita Europe","article_modified_time":"2026-02-05T08:14:35+00:00","og_image":[{"width":512,"height":512,"url":"https:\/\/www.kurita.eu\/wp-content\/uploads\/2025\/07\/kurita-favicon-512x512-1.png","type":"image\/png"}],"twitter_card":"summary_large_image","twitter_misc":{"Gesch\u00e4tzte Lesezeit":"2\u00a0Minuten"},"schema":{"@context":"https:\/\/schema.org","@graph":[{"@type":"WebPage","@id":"https:\/\/www.kurita.eu\/en\/solutions\/webinar-registro-kurita-dilurit-bcs-es\/","url":"https:\/\/www.kurita.eu\/en\/solutions\/webinar-registro-kurita-dilurit-bcs-es\/","name":"Webinar-Registrierung: Kurita Dilurit BCS (ES) - Kurita Europa","isPartOf":{"@id":"https:\/\/kurita.eu\/en\/#website"},"datePublished":"2025-09-30T09:48:22+00:00","dateModified":"2026-02-05T08:14:35+00:00","breadcrumb":{"@id":"https:\/\/www.kurita.eu\/en\/solutions\/webinar-registro-kurita-dilurit-bcs-es\/#breadcrumb"},"inLanguage":"de","potentialAction":[{"@type":"ReadAction","target":["https:\/\/www.kurita.eu\/en\/solutions\/webinar-registro-kurita-dilurit-bcs-es\/"]}]},{"@type":"BreadcrumbList","@id":"https:\/\/www.kurita.eu\/en\/solutions\/webinar-registro-kurita-dilurit-bcs-es\/#breadcrumb","itemListElement":[{"@type":"ListItem","position":1,"name":"Home","item":"https:\/\/www.kurita.eu\/en\/"},{"@type":"ListItem","position":2,"name":"Solutions","item":"https:\/\/www.kurita.eu\/en\/solutions\/"},{"@type":"ListItem","position":3,"name":"Webinar Registro: Kurita Dilurit BCS (ES)"}]},{"@type":"WebSite","@id":"https:\/\/kurita.eu\/en\/#website","url":"https:\/\/kurita.eu\/en\/","name":"Kurita Europa","description":"L\u00f6sungen f\u00fcr die Wasseraufbereitung","publisher":{"@id":"https:\/\/kurita.eu\/en\/#organization"},"potentialAction":[{"@type":"SearchAction","target":{"@type":"EntryPoint","urlTemplate":"https:\/\/kurita.eu\/en\/?s={search_term_string}"},"query-input":{"@type":"PropertyValueSpecification","valueRequired":true,"valueName":"search_term_string"}}],"inLanguage":"de"},{"@type":"Organization","@id":"https:\/\/kurita.eu\/en\/#organization","name":"Kurita Europa","url":"https:\/\/kurita.eu\/en\/","logo":{"@type":"ImageObject","inLanguage":"de","@id":"https:\/\/kurita.eu\/en\/#\/schema\/logo\/image\/","url":"\/wp-content\/uploads\/2025\/05\/cropped-brand_mark_horizon_blue.png","contentUrl":"\/wp-content\/uploads\/2025\/05\/cropped-brand_mark_horizon_blue.png","width":712,"height":204,"caption":"Kurita Europe"},"image":{"@id":"https:\/\/kurita.eu\/en\/#\/schema\/logo\/image\/"}}]}},"_links":{"self":[{"href":"https:\/\/www.kurita.eu\/de\/wp-json\/wp\/v2\/pages\/17290","targetHints":{"allow":["GET"]}}],"collection":[{"href":"https:\/\/www.kurita.eu\/de\/wp-json\/wp\/v2\/pages"}],"about":[{"href":"https:\/\/www.kurita.eu\/de\/wp-json\/wp\/v2\/types\/page"}],"author":[{"embeddable":true,"href":"https:\/\/www.kurita.eu\/de\/wp-json\/wp\/v2\/users\/5"}],"replies":[{"embeddable":true,"href":"https:\/\/www.kurita.eu\/de\/wp-json\/wp\/v2\/comments?post=17290"}],"version-history":[{"count":53,"href":"https:\/\/www.kurita.eu\/de\/wp-json\/wp\/v2\/pages\/17290\/revisions"}],"predecessor-version":[{"id":19959,"href":"https:\/\/www.kurita.eu\/de\/wp-json\/wp\/v2\/pages\/17290\/revisions\/19959"}],"up":[{"embeddable":true,"href":"https:\/\/www.kurita.eu\/de\/wp-json\/wp\/v2\/pages\/13875"}],"wp:attachment":[{"href":"https:\/\/www.kurita.eu\/de\/wp-json\/wp\/v2\/media?parent=17290"}],"curies":[{"name":"wp","href":"https:\/\/api.w.org\/{rel}","templated":true}]}}