{"id":18457,"date":"2025-12-12T08:59:54","date_gmt":"2025-12-12T08:59:54","guid":{"rendered":"https:\/\/www.kurita.eu\/?page_id=18457"},"modified":"2026-02-05T14:46:30","modified_gmt":"2026-02-05T14:46:30","slug":"webinar-zur-chemischen-optimierung-der-umkehrosmose-wassereffizienz","status":"publish","type":"page","link":"https:\/\/www.kurita.eu\/de\/solutions\/reverse-osmosis-water-efficiency-chemical-optimization-webinar\/","title":{"rendered":"Webinar | Umkehrosmose: Maximierung der Wassereffizienz, Verringerung des Abfalls und Minimierung des Energieverbrauchs"},"content":{"rendered":"<div data-elementor-type=\"wp-page\" data-elementor-id=\"18457\" class=\"elementor elementor-18457\" data-elementor-post-type=\"page\">\n\t\t\t\t\t\t<section class=\"elementor-section elementor-top-section elementor-element elementor-element-677aa1c6 elementor-section-height-min-height elementor-section-boxed elementor-section-height-default elementor-section-items-middle\" data-id=\"677aa1c6\" data-element_type=\"section\" data-e-type=\"section\" data-settings=\"{&quot;background_background&quot;:&quot;classic&quot;}\">\n\t\t\t\t\t\t\t<div class=\"elementor-background-overlay\"><\/div>\n\t\t\t\t\t\t\t<div class=\"elementor-container elementor-column-gap-default\">\n\t\t\t\t\t<div class=\"elementor-column elementor-col-100 elementor-top-column elementor-element elementor-element-342aee0a\" data-id=\"342aee0a\" data-element_type=\"column\" data-e-type=\"column\">\n\t\t\t<div class=\"elementor-widget-wrap elementor-element-populated\">\n\t\t\t\t\t\t<div class=\"elementor-element elementor-element-b4ecd69 elementor-align-center elementor-widget elementor-widget-button\" data-id=\"b4ecd69\" data-element_type=\"widget\" data-e-type=\"widget\" data-widget_type=\"button.default\">\n\t\t\t\t<div class=\"elementor-widget-container\">\n\t\t\t\t\t\t\t\t\t<div class=\"elementor-button-wrapper\">\n\t\t\t\t\t<a class=\"elementor-button elementor-button-link elementor-size-sm\" href=\"#register\">\n\t\t\t\t\t\t<span class=\"elementor-button-content-wrapper\">\n\t\t\t\t\t\t<span class=\"elementor-button-icon\">\n\t\t\t\t<svg aria-hidden=\"true\" class=\"e-font-icon-svg e-fas-microphone-alt\" viewbox=\"0 0 352 512\" xmlns=\"http:\/\/www.w3.org\/2000\/svg\"><path d=\"M336 192h-16c-8.84 0-16 7.16-16 16v48c0 74.8-64.49 134.82-140.79 127.38C96.71 376.89 48 317.11 48 250.3V208c0-8.84-7.16-16-16-16H16c-8.84 0-16 7.16-16 16v40.16c0 89.64 63.97 169.55 152 181.69V464H96c-8.84 0-16 7.16-16 16v16c0 8.84 7.16 16 16 16h160c8.84 0 16-7.16 16-16v-16c0-8.84-7.16-16-16-16h-56v-33.77C285.71 418.47 352 344.9 352 256v-48c0-8.84-7.16-16-16-16zM176 352c53.02 0 96-42.98 96-96h-85.33c-5.89 0-10.67-3.58-10.67-8v-16c0-4.42 4.78-8 10.67-8H272v-32h-85.33c-5.89 0-10.67-3.58-10.67-8v-16c0-4.42 4.78-8 10.67-8H272v-32h-85.33c-5.89 0-10.67-3.58-10.67-8v-16c0-4.42 4.78-8 10.67-8H272c0-53.02-42.98-96-96-96S80 42.98 80 96v160c0 53.02 42.98 96 96 96z\"><\/path><\/svg>\t\t\t<\/span>\n\t\t\t\t\t\t\t\t\t<span class=\"elementor-button-text\">WEBINAR AUF ANFRAGE<\/span>\n\t\t\t\t\t<\/span>\n\t\t\t\t\t<\/a>\n\t\t\t\t<\/div>\n\t\t\t\t\t\t\t\t<\/div>\n\t\t\t\t<\/div>\n\t\t\t\t<div class=\"elementor-element elementor-element-07ff627 elementor-widget elementor-widget-text-editor\" data-id=\"07ff627\" data-element_type=\"widget\" data-e-type=\"widget\" data-widget_type=\"text-editor.default\">\n\t\t\t\t<div class=\"elementor-widget-container\">\n\t\t\t\t\t\t\t\t\t<p>Umkehrosmose:<\/p><p>Maximierung der Wassereffizienz, Reduzierung von Abf\u00e4llen und Minimierung des Energieverbrauchs. Die Perspektive des Chemielieferanten.<\/p>\t\t\t\t\t\t\t\t<\/div>\n\t\t\t\t<\/div>\n\t\t\t\t\t<\/div>\n\t\t<\/div>\n\t\t\t\t\t<\/div>\n\t\t<\/section>\n\t\t\t\t<section class=\"elementor-section elementor-top-section elementor-element elementor-element-cd07e73 margin-content elementor-section-boxed elementor-section-height-default elementor-section-height-default\" data-id=\"cd07e73\" data-element_type=\"section\" data-e-type=\"section\">\n\t\t\t\t\t\t<div class=\"elementor-container elementor-column-gap-default\">\n\t\t\t\t\t<div class=\"elementor-column elementor-col-50 elementor-top-column elementor-element elementor-element-95c7156\" data-id=\"95c7156\" data-element_type=\"column\" data-e-type=\"column\">\n\t\t\t<div class=\"elementor-widget-wrap elementor-element-populated\">\n\t\t\t\t\t\t<div class=\"elementor-element elementor-element-597c98e elementor-widget-widescreen__width-initial elementor-widget-tablet__width-initial elementor-widget elementor-widget-heading\" data-id=\"597c98e\" data-element_type=\"widget\" data-e-type=\"widget\" data-widget_type=\"heading.default\">\n\t\t\t\t<div class=\"elementor-widget-container\">\n\t\t\t\t\t<h2 class=\"elementor-heading-title elementor-size-default\">Registrieren Sie sich f\u00fcr unser Webinar zur Wassereffizienz durch Umkehrosmose<\/h2>\t\t\t\t<\/div>\n\t\t\t\t<\/div>\n\t\t\t\t<div class=\"elementor-element elementor-element-290075b elementor-widget elementor-widget-text-editor\" data-id=\"290075b\" data-element_type=\"widget\" data-e-type=\"widget\" data-widget_type=\"text-editor.default\">\n\t\t\t\t<div class=\"elementor-widget-container\">\n\t\t\t\t\t\t\t\t\t<p>Nehmen Sie an einem ausf\u00fchrlichen Webinar teil, in dem Branchenexperten praktische Strategien zur Steigerung der Leistung von Umkehrosmoseanlagen (RO) vorstellen. Unabh\u00e4ngig davon, ob Sie Wasseraufbereitungssysteme betreiben oder verwalten, soll diese Sitzung Ihnen helfen, messbare Verbesserungen und Kosteneinsparungen zu erzielen.<\/p><h5>Was Sie lernen werden:<\/h5><ul><li>Wie einfache betriebliche Ver\u00e4nderungen zu erheblichen Einsparungen f\u00fchren k\u00f6nnen<\/li><li>M\u00f6glichkeiten zur Optimierung der chemischen Behandlung und zur Minimierung des \u00f6kologischen Fu\u00dfabdrucks Ihres RO-Systems<\/li><li>Wichtige \u00dcberlegungen zur Erh\u00f6hung der Verwertungsquoten des Systems<\/li><li>Eine Fallstudie aus der Praxis: Wie ein Betreiber j\u00e4hrlich \u00fcber $450.000 einspart<\/li><li>Warum eine \u00dcberdosierung von Chemikalien den Betrieb des Systems beeintr\u00e4chtigen kann<\/li><li>Die Bedeutung einer ganzheitlichen Betrachtung Ihres Systems<\/li><\/ul>\t\t\t\t\t\t\t\t<\/div>\n\t\t\t\t<\/div>\n\t\t\t\t<div class=\"elementor-element elementor-element-1fd533b1 elementor-widget__width-initial elementor-widget elementor-widget-text-editor\" data-id=\"1fd533b1\" data-element_type=\"widget\" data-e-type=\"widget\" data-widget_type=\"text-editor.default\">\n\t\t\t\t<div class=\"elementor-widget-container\">\n\t\t\t\t\t\t\t\t\t<h5>Einzelheiten der Sitzung:<\/h5><ul><li><strong>Zeit: <\/strong>60 Minuten Sitzung<\/li><li><strong>Thema:<\/strong> Umkehrosmose: Maximierung der Wassereffizienz, Verringerung des Abfalls und Minimierung des Energieverbrauchs - die Sichtweise eines Chemielieferanten<\/li><\/ul>\t\t\t\t\t\t\t\t<\/div>\n\t\t\t\t<\/div>\n\t\t\t\t<div class=\"elementor-element elementor-element-968fe14 elementor-widget elementor-widget-text-editor\" data-id=\"968fe14\" data-element_type=\"widget\" data-e-type=\"widget\" data-widget_type=\"text-editor.default\">\n\t\t\t\t<div class=\"elementor-widget-container\">\n\t\t\t\t\t\t\t\t\t<h5><span lang=\"EN-GB\">Ausgew\u00e4hlte Redner:<\/span><\/h5>\t\t\t\t\t\t\t\t<\/div>\n\t\t\t\t<\/div>\n\t\t\t\t<section class=\"elementor-section elementor-inner-section elementor-element elementor-element-8d9e991 elementor-section-boxed elementor-section-height-default elementor-section-height-default\" data-id=\"8d9e991\" data-element_type=\"section\" data-e-type=\"section\">\n\t\t\t\t\t\t<div class=\"elementor-container elementor-column-gap-default\">\n\t\t\t\t\t<div class=\"elementor-column elementor-col-33 elementor-inner-column elementor-element elementor-element-e8c52be\" data-id=\"e8c52be\" data-element_type=\"column\" data-e-type=\"column\">\n\t\t\t<div class=\"elementor-widget-wrap elementor-element-populated\">\n\t\t\t\t\t\t<div class=\"elementor-element elementor-element-d743ddb elementor-author-box--layout-image-above elementor-author-box--align-center elementor-widget elementor-widget-author-box\" data-id=\"d743ddb\" data-element_type=\"widget\" data-e-type=\"widget\" data-widget_type=\"author-box.default\">\n\t\t\t\t<div class=\"elementor-widget-container\">\n\t\t\t\t\t\t\t<div class=\"elementor-author-box\">\n\t\t\t\t\t\t\t<div  class=\"elementor-author-box__avatar\">\n\t\t\t\t\t<img decoding=\"async\" src=\"\/wp-content\/uploads\/2025\/04\/Dan-jpg.webp\" alt=\"Bild von Dan Freeman\" loading=\"lazy\" data-no-translation=\"\">\n\t\t\t\t<\/div>\n\t\t\t\n\t\t\t<div class=\"elementor-author-box__text\">\n\t\t\t\t\t\t\t\t\t<div >\n\t\t\t\t\t\t<span class=\"elementor-author-box__name\">\n\t\t\t\t\t\t\tDan Freeman\t\t\t\t\t\t<\/span>\n\t\t\t\t\t<\/div>\n\t\t\t\t\n\t\t\t\t\t\t\t\t\t<div class=\"elementor-author-box__bio\">\n\t\t\t\t\t\t<p>Senior Produktmanager<\/p>\n\t\t\t\t\t<\/div>\n\t\t\t\t\n\t\t\t\t\t\t\t<\/div>\n\t\t<\/div>\n\t\t\t\t\t\t<\/div>\n\t\t\t\t<\/div>\n\t\t\t\t\t<\/div>\n\t\t<\/div>\n\t\t\t\t<div class=\"elementor-column elementor-col-33 elementor-inner-column elementor-element elementor-element-24d9e4a\" data-id=\"24d9e4a\" data-element_type=\"column\" data-e-type=\"column\">\n\t\t\t<div class=\"elementor-widget-wrap elementor-element-populated\">\n\t\t\t\t\t\t<div class=\"elementor-element elementor-element-4b450c6 elementor-author-box--layout-image-above elementor-author-box--align-center elementor-widget elementor-widget-author-box\" data-id=\"4b450c6\" data-element_type=\"widget\" data-e-type=\"widget\" data-widget_type=\"author-box.default\">\n\t\t\t\t<div class=\"elementor-widget-container\">\n\t\t\t\t\t\t\t<div class=\"elementor-author-box\">\n\t\t\t\t\t\t\t<div  class=\"elementor-author-box__avatar\">\n\t\t\t\t\t<img decoding=\"async\" src=\"\/wp-content\/uploads\/2025\/12\/Georgia-Skordalou.jpg\" alt=\"Bild von Georgia Skordalou\" loading=\"lazy\" data-no-translation=\"\">\n\t\t\t\t<\/div>\n\t\t\t\n\t\t\t<div class=\"elementor-author-box__text\">\n\t\t\t\t\t\t\t\t\t<div >\n\t\t\t\t\t\t<span class=\"elementor-author-box__name\">\n\t\t\t\t\t\t\tGeorgia Skordalou\t\t\t\t\t\t<\/span>\n\t\t\t\t\t<\/div>\n\t\t\t\t\n\t\t\t\t\t\t\t\t\t<div class=\"elementor-author-box__bio\">\n\t\t\t\t\t\t<p>Produktspezialist<\/p>\n\t\t\t\t\t<\/div>\n\t\t\t\t\n\t\t\t\t\t\t\t<\/div>\n\t\t<\/div>\n\t\t\t\t\t\t<\/div>\n\t\t\t\t<\/div>\n\t\t\t\t\t<\/div>\n\t\t<\/div>\n\t\t\t\t<div class=\"elementor-column elementor-col-33 elementor-inner-column elementor-element elementor-element-6d827f6\" data-id=\"6d827f6\" data-element_type=\"column\" data-e-type=\"column\">\n\t\t\t<div class=\"elementor-widget-wrap elementor-element-populated\">\n\t\t\t\t\t\t<div class=\"elementor-element elementor-element-a7a0e56 elementor-author-box--layout-image-above elementor-author-box--align-center elementor-widget elementor-widget-author-box\" data-id=\"a7a0e56\" data-element_type=\"widget\" data-e-type=\"widget\" data-widget_type=\"author-box.default\">\n\t\t\t\t<div class=\"elementor-widget-container\">\n\t\t\t\t\t\t\t<div class=\"elementor-author-box\">\n\t\t\t\t\t\t\t<div  class=\"elementor-author-box__avatar\">\n\t\t\t\t\t<img decoding=\"async\" src=\"\/wp-content\/uploads\/2025\/12\/Javier-Martinez-1-e1765799230419-300x300.jpg\" alt=\"Bild von Javier Martinez\" loading=\"lazy\" data-no-translation=\"\">\n\t\t\t\t<\/div>\n\t\t\t\n\t\t\t<div class=\"elementor-author-box__text\">\n\t\t\t\t\t\t\t\t\t<div >\n\t\t\t\t\t\t<span class=\"elementor-author-box__name\">\n\t\t\t\t\t\t\tJavier Martinez\t\t\t\t\t\t<\/span>\n\t\t\t\t\t<\/div>\n\t\t\t\t\n\t\t\t\t\t\t\t\t\t<div class=\"elementor-author-box__bio\">\n\t\t\t\t\t\t<p>Produktmanager<\/p>\n\t\t\t\t\t<\/div>\n\t\t\t\t\n\t\t\t\t\t\t\t<\/div>\n\t\t<\/div>\n\t\t\t\t\t\t<\/div>\n\t\t\t\t<\/div>\n\t\t\t\t\t<\/div>\n\t\t<\/div>\n\t\t\t\t\t<\/div>\n\t\t<\/section>\n\t\t\t\t<div class=\"elementor-element elementor-element-d1552ea elementor-widget__width-initial elementor-widget elementor-widget-text-editor\" data-id=\"d1552ea\" data-element_type=\"widget\" data-e-type=\"widget\" data-widget_type=\"text-editor.default\">\n\t\t\t\t<div class=\"elementor-widget-container\">\n\t\t\t\t\t\t\t\t\t<p>Dieses Webinar bietet praktische Strategien und eine Live-Demonstration, die Ihnen helfen, Ihre Nachhaltigkeits- und Effizienzziele zu erreichen. <strong>Registrieren Sie sich und greifen Sie auf unser Webinar on-demand zu.<\/strong><\/p>\t\t\t\t\t\t\t\t<\/div>\n\t\t\t\t<\/div>\n\t\t\t\t\t<\/div>\n\t\t<\/div>\n\t\t\t\t<div class=\"elementor-column elementor-col-50 elementor-top-column elementor-element elementor-element-f59f490\" data-id=\"f59f490\" data-element_type=\"column\" data-e-type=\"column\" data-settings=\"{&quot;background_background&quot;:&quot;classic&quot;}\">\n\t\t\t<div class=\"elementor-widget-wrap elementor-element-populated\">\n\t\t\t\t\t\t<div class=\"elementor-element elementor-element-fd068ea elementor-widget elementor-widget-menu-anchor\" data-id=\"fd068ea\" data-element_type=\"widget\" data-e-type=\"widget\" data-widget_type=\"menu-anchor.default\">\n\t\t\t\t<div class=\"elementor-widget-container\">\n\t\t\t\t\t\t\t<div class=\"elementor-menu-anchor\" id=\"register\"><\/div>\n\t\t\t\t\t\t<\/div>\n\t\t\t\t<\/div>\n\t\t\t\t<div class=\"elementor-element elementor-element-989db90 elementor-widget elementor-widget-text-editor\" data-id=\"989db90\" data-element_type=\"widget\" data-e-type=\"widget\" data-widget_type=\"text-editor.default\">\n\t\t\t\t<div class=\"elementor-widget-container\">\n\t\t\t\t\t\t\t\t\t<h5>Hier anmelden<\/h5>\t\t\t\t\t\t\t\t<\/div>\n\t\t\t\t<\/div>\n\t\t\t\t<div class=\"elementor-element elementor-element-25c132e elementor-widget elementor-widget-text-editor\" data-id=\"25c132e\" data-element_type=\"widget\" data-e-type=\"widget\" data-widget_type=\"text-editor.default\">\n\t\t\t\t<div class=\"elementor-widget-container\">\n\t\t\t\t\t\t\t\t\t<p>Bitte f\u00fcllen Sie das nachstehende Formular aus, um Ihren Platz zu reservieren:<\/p>\t\t\t\t\t\t\t\t<\/div>\n\t\t\t\t<\/div>\n\t\t\t\t<div class=\"elementor-element elementor-element-9201c9f elementor-widget elementor-widget-html\" data-id=\"9201c9f\" data-element_type=\"widget\" data-e-type=\"widget\" data-widget_type=\"html.default\">\n\t\t\t\t<div class=\"elementor-widget-container\">\n\t\t\t\t\t<div\r\n        data-form-id='0a58e561-3fd7-f011-8543-000d3ab991e5'\r\n        data-form-api-url='https:\/\/public-eur.mkt.dynamics.com\/api\/v1.0\/orgs\/30cac5a2-33f9-ed11-a66d-000d3a64d748\/landingpageforms'\r\n        data-cached-form-url='https:\/\/assets-eur.mkt.dynamics.com\/30cac5a2-33f9-ed11-a66d-000d3a64d748\/digitalassets\/forms\/0a58e561-3fd7-f011-8543-000d3ab991e5' ><\/div>\r\n        <script src = 'https:\/\/cxppusa1formui01cdnsa01-endpoint.azureedge.net\/eur\/FormLoader\/FormLoader.bundle.js' ><\/script>\t\t\t\t<\/div>\n\t\t\t\t<\/div>\n\t\t\t\t\t<\/div>\n\t\t<\/div>\n\t\t\t\t\t<\/div>\n\t\t<\/section>\n\t\t\t\t<\/div>","protected":false},"excerpt":{"rendered":"<p>Kurita Connect 360 ist eine digitale Kundenplattform, die moderne Technologien nutzt, die f\u00fcr das Management von Wassersystemen auf globaler Ebene entwickelt wurden.<\/p>","protected":false},"author":5,"featured_media":0,"parent":13875,"menu_order":0,"comment_status":"closed","ping_status":"closed","template":"","meta":{"footnotes":""},"class_list":["post-18457","page","type-page","status-publish","hentry"],"yoast_head":"<!-- This site is optimized with the Yoast SEO plugin v27.3 - https:\/\/yoast.com\/product\/yoast-seo-wordpress\/ -->\n<title>Webinar: Reverse Osmosis Water Efficiency and Chemical Optimization<\/title>\n<meta name=\"description\" content=\"Explore how Kurita&#039;s RO offering can help you to maximize water efficiency in our Reverse Osmosis Webinar in a 60 minutes session.\" \/>\n<meta name=\"robots\" content=\"index, follow, max-snippet:-1, max-image-preview:large, max-video-preview:-1\" \/>\n<link rel=\"canonical\" href=\"https:\/\/www.kurita.eu\/de\/losungen\/webinar-zur-chemischen-optimierung-der-umkehrosmose-wassereffizienz\/\" \/>\n<meta property=\"og:locale\" content=\"de_DE\" \/>\n<meta property=\"og:type\" content=\"article\" \/>\n<meta property=\"og:title\" content=\"Webinar: Reverse Osmosis Water Efficiency and Chemical Optimization\" \/>\n<meta property=\"og:description\" content=\"Explore how Kurita&#039;s RO offering can help you to maximize water efficiency in our Reverse Osmosis Webinar in a 60 minutes session.\" \/>\n<meta property=\"og:url\" content=\"https:\/\/www.kurita.eu\/de\/losungen\/webinar-zur-chemischen-optimierung-der-umkehrosmose-wassereffizienz\/\" \/>\n<meta property=\"og:site_name\" content=\"Kurita Europe\" \/>\n<meta property=\"article:modified_time\" content=\"2026-02-05T14:46:30+00:00\" \/>\n<meta property=\"og:image\" content=\"https:\/\/www.kurita.eu\/wp-content\/uploads\/2025\/07\/kurita-favicon-512x512-1.png\" \/>\n\t<meta property=\"og:image:width\" content=\"512\" \/>\n\t<meta property=\"og:image:height\" content=\"512\" \/>\n\t<meta property=\"og:image:type\" content=\"image\/png\" \/>\n<meta name=\"twitter:card\" content=\"summary_large_image\" \/>\n<meta name=\"twitter:label1\" content=\"Gesch\u00e4tzte Lesezeit\" \/>\n\t<meta name=\"twitter:data1\" content=\"1\u00a0Minute\" \/>\n<script type=\"application\/ld+json\" class=\"yoast-schema-graph\">{\"@context\":\"https:\\\/\\\/schema.org\",\"@graph\":[{\"@type\":\"WebPage\",\"@id\":\"https:\\\/\\\/www.kurita.eu\\\/se\\\/solutions\\\/reverse-osmosis-water-efficiency-chemical-optimization-webinar\\\/\",\"url\":\"https:\\\/\\\/www.kurita.eu\\\/se\\\/solutions\\\/reverse-osmosis-water-efficiency-chemical-optimization-webinar\\\/\",\"name\":\"Webinar: Reverse Osmosis Water Efficiency and Chemical Optimization\",\"isPartOf\":{\"@id\":\"https:\\\/\\\/www.kurita.eu\\\/fr\\\/#website\"},\"datePublished\":\"2025-12-12T08:59:54+00:00\",\"dateModified\":\"2026-02-05T14:46:30+00:00\",\"description\":\"Explore how Kurita's RO offering can help you to maximize water efficiency in our Reverse Osmosis Webinar in a 60 minutes session.\",\"breadcrumb\":{\"@id\":\"https:\\\/\\\/www.kurita.eu\\\/se\\\/solutions\\\/reverse-osmosis-water-efficiency-chemical-optimization-webinar\\\/#breadcrumb\"},\"inLanguage\":\"de\",\"potentialAction\":[{\"@type\":\"ReadAction\",\"target\":[\"https:\\\/\\\/www.kurita.eu\\\/se\\\/solutions\\\/reverse-osmosis-water-efficiency-chemical-optimization-webinar\\\/\"]}]},{\"@type\":\"BreadcrumbList\",\"@id\":\"https:\\\/\\\/www.kurita.eu\\\/se\\\/solutions\\\/reverse-osmosis-water-efficiency-chemical-optimization-webinar\\\/#breadcrumb\",\"itemListElement\":[{\"@type\":\"ListItem\",\"position\":1,\"name\":\"Home\",\"item\":\"https:\\\/\\\/www.kurita.eu\\\/se\\\/\"},{\"@type\":\"ListItem\",\"position\":2,\"name\":\"Solutions\",\"item\":\"https:\\\/\\\/www.kurita.eu\\\/se\\\/losningar\\\/\"},{\"@type\":\"ListItem\",\"position\":3,\"name\":\"Webinar | Reverse Osmosis: Maximising water efficiency, reducing waste and minimizing energy consumption\"}]},{\"@type\":\"WebSite\",\"@id\":\"https:\\\/\\\/www.kurita.eu\\\/fr\\\/#website\",\"url\":\"https:\\\/\\\/www.kurita.eu\\\/fr\\\/\",\"name\":\"Kurita Europe\",\"description\":\"Water Treatment Solutions\",\"publisher\":{\"@id\":\"https:\\\/\\\/www.kurita.eu\\\/fr\\\/#organization\"},\"potentialAction\":[{\"@type\":\"SearchAction\",\"target\":{\"@type\":\"EntryPoint\",\"urlTemplate\":\"https:\\\/\\\/www.kurita.eu\\\/fr\\\/?s={search_term_string}\"},\"query-input\":{\"@type\":\"PropertyValueSpecification\",\"valueRequired\":true,\"valueName\":\"search_term_string\"}}],\"inLanguage\":\"de\"},{\"@type\":\"Organization\",\"@id\":\"https:\\\/\\\/www.kurita.eu\\\/fr\\\/#organization\",\"name\":\"Kurita Europe\",\"url\":\"https:\\\/\\\/www.kurita.eu\\\/fr\\\/\",\"logo\":{\"@type\":\"ImageObject\",\"inLanguage\":\"de\",\"@id\":\"https:\\\/\\\/www.kurita.eu\\\/fr\\\/#\\\/schema\\\/logo\\\/image\\\/\",\"url\":\"\\\/wp-content\\\/uploads\\\/2025\\\/05\\\/cropped-brand_mark_horizon_blue.png\",\"contentUrl\":\"\\\/wp-content\\\/uploads\\\/2025\\\/05\\\/cropped-brand_mark_horizon_blue.png\",\"width\":712,\"height\":204,\"caption\":\"Kurita Europe\"},\"image\":{\"@id\":\"https:\\\/\\\/www.kurita.eu\\\/fr\\\/#\\\/schema\\\/logo\\\/image\\\/\"}}]}<\/script>\n<!-- \/ Yoast SEO plugin. -->","yoast_head_json":{"title":"Webinar: Umkehrosmose-Wassereffizienz und Optimierung von Chemikalien","description":"Erfahren Sie in unserem 60-min\u00fctigen Umkehrosmose-Webinar, wie Kuritas Umkehrosmose-Angebot Ihnen helfen kann, die Wassereffizienz zu maximieren.","robots":{"index":"index","follow":"follow","max-snippet":"max-snippet:-1","max-image-preview":"max-image-preview:large","max-video-preview":"max-video-preview:-1"},"canonical":"https:\/\/www.kurita.eu\/de\/losungen\/webinar-zur-chemischen-optimierung-der-umkehrosmose-wassereffizienz\/","og_locale":"de_DE","og_type":"article","og_title":"Webinar: Reverse Osmosis Water Efficiency and Chemical Optimization","og_description":"Explore how Kurita's RO offering can help you to maximize water efficiency in our Reverse Osmosis Webinar in a 60 minutes session.","og_url":"https:\/\/www.kurita.eu\/de\/losungen\/webinar-zur-chemischen-optimierung-der-umkehrosmose-wassereffizienz\/","og_site_name":"Kurita Europe","article_modified_time":"2026-02-05T14:46:30+00:00","og_image":[{"width":512,"height":512,"url":"https:\/\/www.kurita.eu\/wp-content\/uploads\/2025\/07\/kurita-favicon-512x512-1.png","type":"image\/png"}],"twitter_card":"summary_large_image","twitter_misc":{"Gesch\u00e4tzte Lesezeit":"1\u00a0Minute"},"schema":{"@context":"https:\/\/schema.org","@graph":[{"@type":"WebPage","@id":"https:\/\/www.kurita.eu\/se\/solutions\/reverse-osmosis-water-efficiency-chemical-optimization-webinar\/","url":"https:\/\/www.kurita.eu\/se\/solutions\/reverse-osmosis-water-efficiency-chemical-optimization-webinar\/","name":"Webinar: Umkehrosmose-Wassereffizienz und Optimierung von Chemikalien","isPartOf":{"@id":"https:\/\/www.kurita.eu\/fr\/#website"},"datePublished":"2025-12-12T08:59:54+00:00","dateModified":"2026-02-05T14:46:30+00:00","description":"Erfahren Sie in unserem 60-min\u00fctigen Umkehrosmose-Webinar, wie Kuritas Umkehrosmose-Angebot Ihnen helfen kann, die Wassereffizienz zu maximieren.","breadcrumb":{"@id":"https:\/\/www.kurita.eu\/se\/solutions\/reverse-osmosis-water-efficiency-chemical-optimization-webinar\/#breadcrumb"},"inLanguage":"de","potentialAction":[{"@type":"ReadAction","target":["https:\/\/www.kurita.eu\/se\/solutions\/reverse-osmosis-water-efficiency-chemical-optimization-webinar\/"]}]},{"@type":"BreadcrumbList","@id":"https:\/\/www.kurita.eu\/se\/solutions\/reverse-osmosis-water-efficiency-chemical-optimization-webinar\/#breadcrumb","itemListElement":[{"@type":"ListItem","position":1,"name":"Home","item":"https:\/\/www.kurita.eu\/se\/"},{"@type":"ListItem","position":2,"name":"Solutions","item":"https:\/\/www.kurita.eu\/se\/losningar\/"},{"@type":"ListItem","position":3,"name":"Webinar | Reverse Osmosis: Maximising water efficiency, reducing waste and minimizing energy consumption"}]},{"@type":"WebSite","@id":"https:\/\/www.kurita.eu\/fr\/#website","url":"https:\/\/www.kurita.eu\/fr\/","name":"Kurita Europa","description":"L\u00f6sungen f\u00fcr die Wasseraufbereitung","publisher":{"@id":"https:\/\/www.kurita.eu\/fr\/#organization"},"potentialAction":[{"@type":"SearchAction","target":{"@type":"EntryPoint","urlTemplate":"https:\/\/www.kurita.eu\/fr\/?s={search_term_string}"},"query-input":{"@type":"PropertyValueSpecification","valueRequired":true,"valueName":"search_term_string"}}],"inLanguage":"de"},{"@type":"Organization","@id":"https:\/\/www.kurita.eu\/fr\/#organization","name":"Kurita Europa","url":"https:\/\/www.kurita.eu\/fr\/","logo":{"@type":"ImageObject","inLanguage":"de","@id":"https:\/\/www.kurita.eu\/fr\/#\/schema\/logo\/image\/","url":"\/wp-content\/uploads\/2025\/05\/cropped-brand_mark_horizon_blue.png","contentUrl":"\/wp-content\/uploads\/2025\/05\/cropped-brand_mark_horizon_blue.png","width":712,"height":204,"caption":"Kurita Europe"},"image":{"@id":"https:\/\/www.kurita.eu\/fr\/#\/schema\/logo\/image\/"}}]}},"_links":{"self":[{"href":"https:\/\/www.kurita.eu\/de\/wp-json\/wp\/v2\/pages\/18457","targetHints":{"allow":["GET"]}}],"collection":[{"href":"https:\/\/www.kurita.eu\/de\/wp-json\/wp\/v2\/pages"}],"about":[{"href":"https:\/\/www.kurita.eu\/de\/wp-json\/wp\/v2\/types\/page"}],"author":[{"embeddable":true,"href":"https:\/\/www.kurita.eu\/de\/wp-json\/wp\/v2\/users\/5"}],"replies":[{"embeddable":true,"href":"https:\/\/www.kurita.eu\/de\/wp-json\/wp\/v2\/comments?post=18457"}],"version-history":[{"count":49,"href":"https:\/\/www.kurita.eu\/de\/wp-json\/wp\/v2\/pages\/18457\/revisions"}],"predecessor-version":[{"id":19876,"href":"https:\/\/www.kurita.eu\/de\/wp-json\/wp\/v2\/pages\/18457\/revisions\/19876"}],"up":[{"embeddable":true,"href":"https:\/\/www.kurita.eu\/de\/wp-json\/wp\/v2\/pages\/13875"}],"wp:attachment":[{"href":"https:\/\/www.kurita.eu\/de\/wp-json\/wp\/v2\/media?parent=18457"}],"curies":[{"name":"wp","href":"https:\/\/api.w.org\/{rel}","templated":true}]}}