{"id":13240,"date":"2025-04-23T09:12:17","date_gmt":"2025-04-23T09:12:17","guid":{"rendered":"https:\/\/kurita-eu-gudza2cjbzfhcwbx.francecentral-01.azurewebsites.net\/?page_id=13240"},"modified":"2026-02-10T14:52:27","modified_gmt":"2026-02-10T14:52:27","slug":"tecnologia-cetamine","status":"publish","type":"page","link":"https:\/\/www.kurita.eu\/es\/solutions\/cetamine-technology\/","title":{"rendered":"Cetamine\u00ae Webinar Inscripci\u00f3n"},"content":{"rendered":"<div data-elementor-type=\"wp-page\" data-elementor-id=\"13240\" class=\"elementor elementor-13240\" data-elementor-post-type=\"page\">\n\t\t\t\t\t\t<section class=\"elementor-section elementor-top-section elementor-element elementor-element-4372ade7 elementor-section-full_width elementor-section-height-default elementor-section-height-default\" data-id=\"4372ade7\" data-element_type=\"section\" data-e-type=\"section\">\n\t\t\t\t\t\t<div class=\"elementor-container elementor-column-gap-default\">\n\t\t\t\t\t<div class=\"elementor-column elementor-col-100 elementor-top-column elementor-element elementor-element-84382e8\" data-id=\"84382e8\" data-element_type=\"column\" data-e-type=\"column\">\n\t\t\t<div class=\"elementor-widget-wrap elementor-element-populated\">\n\t\t\t\t\t\t<div class=\"elementor-element elementor-element-2856d788 elementor--h-position-center elementor--v-position-middle elementor-arrows-position-inside elementor-pagination-position-inside elementor-widget elementor-widget-slides\" data-id=\"2856d788\" data-element_type=\"widget\" data-e-type=\"widget\" data-settings=\"{&quot;transition_speed&quot;:2000,&quot;navigation&quot;:&quot;both&quot;,&quot;autoplay&quot;:&quot;yes&quot;,&quot;pause_on_hover&quot;:&quot;yes&quot;,&quot;pause_on_interaction&quot;:&quot;yes&quot;,&quot;autoplay_speed&quot;:5000,&quot;infinite&quot;:&quot;yes&quot;,&quot;transition&quot;:&quot;slide&quot;}\" data-widget_type=\"slides.default\">\n\t\t\t\t<div class=\"elementor-widget-container\">\n\t\t\t\t\t\t\t\t\t<div class=\"elementor-swiper\">\n\t\t\t\t\t<div class=\"elementor-slides-wrapper elementor-main-swiper swiper\" role=\"region\" aria-roledescription=\"carousel\" aria-label=\"Diapositivas\" dir=\"ltr\" data-animation=\"fadeInUp\">\n\t\t\t\t<div class=\"swiper-wrapper elementor-slides\">\n\t\t\t\t\t\t\t\t\t\t<div class=\"elementor-repeater-item-4e0b9f7 swiper-slide\" role=\"group\" aria-roledescription=\"slide\"><div class=\"swiper-slide-bg elementor-ken-burns elementor-ken-burns--in\" role=\"img\" aria-label=\"caldera_agua_industria.webp\"><\/div><div class=\"elementor-background-overlay\"><\/div><a class=\"swiper-slide-inner\" href=\"#form\"><div class=\"swiper-slide-contents\"><div class=\"elementor-slide-heading translation-block\">Tecnolog\u00eda Cetamine<sup><span>\u00ae<\/span><\/sup><\/div><div class=\"elementor-slide-description\">\u00bfQuiere aumentar la eficiencia de su caldera y reducir su consumo de energ\u00eda y sus emisiones de CO<sub>2<\/sub> \u00bf?\n<\/div><div  class=\"elementor-button elementor-slide-button elementor-size-sm\">Ver seminario web a la carta<\/div><\/div><\/a><\/div>\t\t\t\t<\/div>\n\t\t\t\t\t\t\t<\/div>\n\t\t\t\t<\/div>\n\t\t\t\t\t\t\t\t<\/div>\n\t\t\t\t<\/div>\n\t\t\t\t\t<\/div>\n\t\t<\/div>\n\t\t\t\t\t<\/div>\n\t\t<\/section>\n\t\t\t\t<section class=\"elementor-section elementor-top-section elementor-element elementor-element-37b4eb5e margin-content elementor-section-boxed elementor-section-height-default elementor-section-height-default\" data-id=\"37b4eb5e\" data-element_type=\"section\" data-e-type=\"section\">\n\t\t\t\t\t\t<div class=\"elementor-container elementor-column-gap-default\">\n\t\t\t\t\t<div class=\"elementor-column elementor-col-50 elementor-top-column elementor-element elementor-element-6c99a34e\" data-id=\"6c99a34e\" data-element_type=\"column\" data-e-type=\"column\">\n\t\t\t<div class=\"elementor-widget-wrap elementor-element-populated\">\n\t\t\t\t\t\t<div class=\"elementor-element elementor-element-3bfd46d8 elementor-widget-widescreen__width-initial elementor-widget-tablet__width-initial elementor-widget elementor-widget-heading\" data-id=\"3bfd46d8\" data-element_type=\"widget\" data-e-type=\"widget\" data-widget_type=\"heading.default\">\n\t\t\t\t<div class=\"elementor-widget-container\">\n\t\t\t\t\t<h4 class=\"elementor-heading-title elementor-size-default\">Maximice la protecci\u00f3n y el ahorro de costes de su sistema de calderas<\/h4>\t\t\t\t<\/div>\n\t\t\t\t<\/div>\n\t\t\t\t<div class=\"elementor-element elementor-element-2278379 elementor-widget__width-initial elementor-widget elementor-widget-text-editor\" data-id=\"2278379\" data-element_type=\"widget\" data-e-type=\"widget\" data-widget_type=\"text-editor.default\">\n\t\t\t\t<div class=\"elementor-widget-container\">\n\t\t\t\t\t\t\t\t\t<p>Cetamina integral de Kurita<sup>\u00ae<\/sup>\u00a0Esta tecnolog\u00eda proporciona una excelente protecci\u00f3n contra la corrosi\u00f3n en los sistemas de calderas. Compuesta por sustancias film\u00f3genas, la Cetamina crea una pel\u00edcula protectora hidr\u00f3foba que act\u00faa como barrera entre el agua y el metal, inhibiendo eficazmente la corrosi\u00f3n y la formaci\u00f3n de incrustaciones.<\/p><p>Como programa de tratamiento totalmente org\u00e1nico, Cetamine<sup>\u00ae<\/sup>\u00a0permite optimizar las tasas de purga con ciclos de concentraci\u00f3n m\u00e1s elevados, lo que se traduce en una reducci\u00f3n significativa del consumo de agua fresca de reposici\u00f3n, un ahorro de energ\u00eda y una reducci\u00f3n de las emisiones de CO<sub>2<\/sub> emisi\u00f3n.<\/p>\t\t\t\t\t\t\t\t<\/div>\n\t\t\t\t<\/div>\n\t\t\t\t\t<\/div>\n\t\t<\/div>\n\t\t\t\t<div class=\"elementor-column elementor-col-50 elementor-top-column elementor-element elementor-element-72f76158 elementor-invisible\" data-id=\"72f76158\" data-element_type=\"column\" data-e-type=\"column\" data-settings=\"{&quot;background_background&quot;:&quot;classic&quot;,&quot;animation&quot;:&quot;fadeInUp&quot;}\">\n\t\t\t<div class=\"elementor-widget-wrap elementor-element-populated\">\n\t\t\t\t\t\t<div class=\"elementor-element elementor-element-4d2f6405 elementor-widget elementor-widget-text-editor\" data-id=\"4d2f6405\" data-element_type=\"widget\" data-e-type=\"widget\" data-widget_type=\"text-editor.default\">\n\t\t\t\t<div class=\"elementor-widget-container\">\n\t\t\t\t\t\t\t\t\t<h5>Vea nuestro seminario web a la carta<\/h5><p>Aprenda a aumentar la eficiencia de las calderas reduciendo el consumo de energ\u00eda y las emisiones de CO2.<\/p>\t\t\t\t\t\t\t\t<\/div>\n\t\t\t\t<\/div>\n\t\t\t\t<div class=\"elementor-element elementor-element-17e601c7 elementor-widget elementor-widget-button\" data-id=\"17e601c7\" data-element_type=\"widget\" data-e-type=\"widget\" data-widget_type=\"button.default\">\n\t\t\t\t<div class=\"elementor-widget-container\">\n\t\t\t\t\t\t\t\t\t<div class=\"elementor-button-wrapper\">\n\t\t\t\t\t<a class=\"elementor-button elementor-button-link elementor-size-sm\" href=\"#form\">\n\t\t\t\t\t\t<span class=\"elementor-button-content-wrapper\">\n\t\t\t\t\t\t\t\t\t<span class=\"elementor-button-text\">Ver el seminario web<\/span>\n\t\t\t\t\t<\/span>\n\t\t\t\t\t<\/a>\n\t\t\t\t<\/div>\n\t\t\t\t\t\t\t\t<\/div>\n\t\t\t\t<\/div>\n\t\t\t\t\t<\/div>\n\t\t<\/div>\n\t\t\t\t\t<\/div>\n\t\t<\/section>\n\t\t\t\t<section class=\"elementor-section elementor-top-section elementor-element elementor-element-561def17 elementor-section-boxed elementor-section-height-default elementor-section-height-default\" data-id=\"561def17\" data-element_type=\"section\" data-e-type=\"section\" data-settings=\"{&quot;background_background&quot;:&quot;classic&quot;}\">\n\t\t\t\t\t\t<div class=\"elementor-container elementor-column-gap-default\">\n\t\t\t\t\t<div class=\"elementor-column elementor-col-50 elementor-top-column elementor-element elementor-element-34e69a26 margin-content\" data-id=\"34e69a26\" data-element_type=\"column\" data-e-type=\"column\">\n\t\t\t<div class=\"elementor-widget-wrap elementor-element-populated\">\n\t\t\t\t\t\t<div class=\"elementor-element elementor-element-15b73bc2 elementor-widget elementor-widget-heading\" data-id=\"15b73bc2\" data-element_type=\"widget\" data-e-type=\"widget\" data-widget_type=\"heading.default\">\n\t\t\t\t<div class=\"elementor-widget-container\">\n\t\t\t\t\t<h4 class=\"elementor-heading-title elementor-size-default\">Seminario web: Tecnolog\u00eda Cetamine <\/h4>\t\t\t\t<\/div>\n\t\t\t\t<\/div>\n\t\t\t\t<section class=\"elementor-section elementor-inner-section elementor-element elementor-element-1698a738 elementor-section-boxed elementor-section-height-default elementor-section-height-default\" data-id=\"1698a738\" data-element_type=\"section\" data-e-type=\"section\">\n\t\t\t\t\t\t<div class=\"elementor-container elementor-column-gap-default\">\n\t\t\t\t\t<div class=\"elementor-column elementor-col-100 elementor-inner-column elementor-element elementor-element-4c607ace\" data-id=\"4c607ace\" data-element_type=\"column\" data-e-type=\"column\">\n\t\t\t<div class=\"elementor-widget-wrap elementor-element-populated\">\n\t\t\t\t\t\t<div class=\"elementor-element elementor-element-623acee8 elementor-widget elementor-widget-text-editor\" data-id=\"623acee8\" data-element_type=\"widget\" data-e-type=\"widget\" data-widget_type=\"text-editor.default\">\n\t\t\t\t<div class=\"elementor-widget-container\">\n\t\t\t\t\t\t\t\t\t<h5>En este seminario web mostraremos un caso pr\u00e1ctico con resultados impresionantes:<\/h5><ul><li>Ahorro de agua: +16.000m3<\/li><li>Ahorro de energ\u00eda: 2,547277KWh<\/li><li>Reducci\u00f3n de CO2: 750t<\/li><li>Ahorro total anual: 280.000<\/li><\/ul><p>\u00a0<\/p><p>Acceda ahora al seminario web gratuito y aprenda a aumentar la eficacia de su sistema.<\/p>\t\t\t\t\t\t\t\t<\/div>\n\t\t\t\t<\/div>\n\t\t\t\t\t<\/div>\n\t\t<\/div>\n\t\t\t\t\t<\/div>\n\t\t<\/section>\n\t\t\t\t\t<\/div>\n\t\t<\/div>\n\t\t\t\t<div class=\"elementor-column elementor-col-50 elementor-top-column elementor-element elementor-element-78070273\" data-id=\"78070273\" data-element_type=\"column\" data-e-type=\"column\" data-settings=\"{&quot;background_background&quot;:&quot;classic&quot;}\">\n\t\t\t<div class=\"elementor-widget-wrap elementor-element-populated\">\n\t\t\t\t\t\t<div class=\"elementor-element elementor-element-2ee569e7 elementor-widget elementor-widget-menu-anchor\" data-id=\"2ee569e7\" data-element_type=\"widget\" data-e-type=\"widget\" data-widget_type=\"menu-anchor.default\">\n\t\t\t\t<div class=\"elementor-widget-container\">\n\t\t\t\t\t\t\t<div class=\"elementor-menu-anchor\" id=\"form\"><\/div>\n\t\t\t\t\t\t<\/div>\n\t\t\t\t<\/div>\n\t\t\t\t<div class=\"elementor-element elementor-element-62eea9f6 elementor-widget elementor-widget-text-editor\" data-id=\"62eea9f6\" data-element_type=\"widget\" data-e-type=\"widget\" data-widget_type=\"text-editor.default\">\n\t\t\t\t<div class=\"elementor-widget-container\">\n\t\t\t\t\t\t\t\t\t<h6 style=\"text-align: center;\">Rellene el formulario para acceder al seminario web:<\/h6>\t\t\t\t\t\t\t\t<\/div>\n\t\t\t\t<\/div>\n\t\t\t\t<div class=\"elementor-element elementor-element-5547754b elementor-widget elementor-widget-html\" data-id=\"5547754b\" data-element_type=\"widget\" data-e-type=\"widget\" data-widget_type=\"html.default\">\n\t\t\t\t<div class=\"elementor-widget-container\">\n\t\t\t\t\t<div\r\n        data-form-id='9fb6a56e-8f06-f111-8407-000d3ab125b5'\r\n        data-form-api-url='https:\/\/public-eur.mkt.dynamics.com\/api\/v1.0\/orgs\/30cac5a2-33f9-ed11-a66d-000d3a64d748\/landingpageforms'\r\n        data-cached-form-url='https:\/\/assets-eur.mkt.dynamics.com\/30cac5a2-33f9-ed11-a66d-000d3a64d748\/digitalassets\/forms\/9fb6a56e-8f06-f111-8407-000d3ab125b5' ><\/div>\r\n        <script src = 'https:\/\/cxppusa1formui01cdnsa01-endpoint.azureedge.net\/eur\/FormLoader\/FormLoader.bundle.js' ><\/script>\t\t\t\t<\/div>\n\t\t\t\t<\/div>\n\t\t\t\t\t<\/div>\n\t\t<\/div>\n\t\t\t\t\t<\/div>\n\t\t<\/section>\n\t\t\t\t<\/div>","protected":false},"excerpt":{"rendered":"<p>Cetamine\u00ae TechnologyDo you want to increase your boiler efficiency and lower your boiler energy consumption and CO2 emissions? Watch Webinar On Demand Maximize Protection and Cost Savings for Your Boiler System Kurita\u2019s\u00a0comprehensive Cetamine\u00ae\u00a0Technology provides excellent protection against corrosion in boiler systems.\u00a0Composed of film-forming substances, Cetamine creates a hydrophobic protective film acting as a barrier between [&hellip;]<\/p>\n","protected":false},"author":2,"featured_media":14943,"parent":13875,"menu_order":0,"comment_status":"closed","ping_status":"closed","template":"","meta":{"footnotes":""},"class_list":["post-13240","page","type-page","status-publish","has-post-thumbnail","hentry"],"yoast_head":"<!-- This site is optimized with the Yoast SEO plugin v27.3 - https:\/\/yoast.com\/product\/yoast-seo-wordpress\/ -->\n<title>Cetamine\u00ae Webinar Registration - Kurita Europe<\/title>\n<meta name=\"description\" content=\"Kurita\u2019s Cetamine\u00ae technology uses film-forming amines to protect boilers, reduce corrosion, and boost system efficiency.\" \/>\n<meta name=\"robots\" content=\"index, follow, max-snippet:-1, max-image-preview:large, max-video-preview:-1\" \/>\n<link rel=\"canonical\" href=\"https:\/\/www.kurita.eu\/es\/soluciones\/tecnologia-cetamine\/\" \/>\n<meta property=\"og:locale\" content=\"es_ES\" \/>\n<meta property=\"og:type\" content=\"article\" \/>\n<meta property=\"og:title\" content=\"Cetamine\u00ae Webinar Registration - Kurita Europe\" \/>\n<meta property=\"og:description\" content=\"Kurita\u2019s Cetamine\u00ae technology uses film-forming amines to protect boilers, reduce corrosion, and boost system efficiency.\" \/>\n<meta property=\"og:url\" content=\"https:\/\/www.kurita.eu\/es\/soluciones\/tecnologia-cetamine\/\" \/>\n<meta property=\"og:site_name\" content=\"Kurita Europe\" \/>\n<meta property=\"article:modified_time\" content=\"2026-02-10T14:52:27+00:00\" \/>\n<meta property=\"og:image\" content=\"https:\/\/www.kurita.eu\/wp-content\/uploads\/2025\/04\/CetamineFB-01-min.png\" \/>\n\t<meta property=\"og:image:width\" content=\"1200\" \/>\n\t<meta property=\"og:image:height\" content=\"628\" \/>\n\t<meta property=\"og:image:type\" content=\"image\/png\" \/>\n<meta name=\"twitter:card\" content=\"summary_large_image\" \/>\n<meta name=\"twitter:site\" content=\"@KuritaGlobal\" \/>\n<meta name=\"twitter:label1\" content=\"Tiempo de lectura\" \/>\n\t<meta name=\"twitter:data1\" content=\"1 minuto\" \/>\n<script type=\"application\/ld+json\" class=\"yoast-schema-graph\">{\"@context\":\"https:\\\/\\\/schema.org\",\"@graph\":[{\"@type\":\"WebPage\",\"@id\":\"https:\\\/\\\/www.kurita.eu\\\/pl\\\/rozwiazania\\\/technologia-cetaminy\\\/\",\"url\":\"https:\\\/\\\/www.kurita.eu\\\/pl\\\/rozwiazania\\\/technologia-cetaminy\\\/\",\"name\":\"Cetamine\u00ae Webinar Registration - Kurita Europe\",\"isPartOf\":{\"@id\":\"https:\\\/\\\/www.kurita.eu\\\/se\\\/#website\"},\"primaryImageOfPage\":{\"@id\":\"https:\\\/\\\/www.kurita.eu\\\/pl\\\/rozwiazania\\\/technologia-cetaminy\\\/#primaryimage\"},\"image\":{\"@id\":\"https:\\\/\\\/www.kurita.eu\\\/pl\\\/rozwiazania\\\/technologia-cetaminy\\\/#primaryimage\"},\"thumbnailUrl\":\"\\\/wp-content\\\/uploads\\\/2025\\\/04\\\/CetamineFB-01-min.png\",\"datePublished\":\"2025-04-23T09:12:17+00:00\",\"dateModified\":\"2026-02-10T14:52:27+00:00\",\"description\":\"Kurita\u2019s Cetamine\u00ae technology uses film-forming amines to protect boilers, reduce corrosion, and boost system efficiency.\",\"breadcrumb\":{\"@id\":\"https:\\\/\\\/www.kurita.eu\\\/pl\\\/rozwiazania\\\/technologia-cetaminy\\\/#breadcrumb\"},\"inLanguage\":\"es\",\"potentialAction\":[{\"@type\":\"ReadAction\",\"target\":[\"https:\\\/\\\/www.kurita.eu\\\/pl\\\/rozwiazania\\\/technologia-cetaminy\\\/\"]}]},{\"@type\":\"ImageObject\",\"inLanguage\":\"es\",\"@id\":\"https:\\\/\\\/www.kurita.eu\\\/pl\\\/rozwiazania\\\/technologia-cetaminy\\\/#primaryimage\",\"url\":\"\\\/wp-content\\\/uploads\\\/2025\\\/04\\\/CetamineFB-01-min.png\",\"contentUrl\":\"\\\/wp-content\\\/uploads\\\/2025\\\/04\\\/CetamineFB-01-min.png\",\"width\":1200,\"height\":628},{\"@type\":\"BreadcrumbList\",\"@id\":\"https:\\\/\\\/www.kurita.eu\\\/pl\\\/rozwiazania\\\/technologia-cetaminy\\\/#breadcrumb\",\"itemListElement\":[{\"@type\":\"ListItem\",\"position\":1,\"name\":\"Home\",\"item\":\"https:\\\/\\\/www.kurita.eu\\\/de\\\/\"},{\"@type\":\"ListItem\",\"position\":2,\"name\":\"Solutions\",\"item\":\"https:\\\/\\\/www.kurita.eu\\\/se\\\/losningar\\\/\"},{\"@type\":\"ListItem\",\"position\":3,\"name\":\"Cetamine\u00ae Webinar Registration\"}]},{\"@type\":\"WebSite\",\"@id\":\"https:\\\/\\\/www.kurita.eu\\\/se\\\/#website\",\"url\":\"https:\\\/\\\/www.kurita.eu\\\/se\\\/\",\"name\":\"Kurita Europe\",\"description\":\"Water Treatment Solutions\",\"publisher\":{\"@id\":\"https:\\\/\\\/www.kurita.eu\\\/se\\\/#organization\"},\"potentialAction\":[{\"@type\":\"SearchAction\",\"target\":{\"@type\":\"EntryPoint\",\"urlTemplate\":\"https:\\\/\\\/www.kurita.eu\\\/se\\\/?s={search_term_string}\"},\"query-input\":{\"@type\":\"PropertyValueSpecification\",\"valueRequired\":true,\"valueName\":\"search_term_string\"}}],\"inLanguage\":\"es\"},{\"@type\":\"Organization\",\"@id\":\"https:\\\/\\\/www.kurita.eu\\\/se\\\/#organization\",\"name\":\"Kurita Europe\",\"url\":\"https:\\\/\\\/www.kurita.eu\\\/se\\\/\",\"logo\":{\"@type\":\"ImageObject\",\"inLanguage\":\"es\",\"@id\":\"https:\\\/\\\/www.kurita.eu\\\/se\\\/#\\\/schema\\\/logo\\\/image\\\/\",\"url\":\"\\\/wp-content\\\/uploads\\\/2025\\\/05\\\/cropped-brand_mark_horizon_blue.png\",\"contentUrl\":\"\\\/wp-content\\\/uploads\\\/2025\\\/05\\\/cropped-brand_mark_horizon_blue.png\",\"width\":712,\"height\":204,\"caption\":\"Kurita Europe\"},\"image\":{\"@id\":\"https:\\\/\\\/www.kurita.eu\\\/se\\\/#\\\/schema\\\/logo\\\/image\\\/\"},\"sameAs\":[\"https:\\\/\\\/x.com\\\/KuritaGlobal\",\"https:\\\/\\\/www.linkedin.com\\\/company\\\/kurita\\\/\"]}]}<\/script>\n<!-- \/ Yoast SEO plugin. -->","yoast_head_json":{"title":"Inscripci\u00f3n al seminario web de Cetamine\u00ae - Kurita Europe","description":"La tecnolog\u00eda Cetamine\u00ae de Kurita utiliza aminas film\u00f3genas para proteger las calderas, reducir la corrosi\u00f3n y aumentar la eficiencia del sistema.","robots":{"index":"index","follow":"follow","max-snippet":"max-snippet:-1","max-image-preview":"max-image-preview:large","max-video-preview":"max-video-preview:-1"},"canonical":"https:\/\/www.kurita.eu\/es\/soluciones\/tecnologia-cetamine\/","og_locale":"es_ES","og_type":"article","og_title":"Cetamine\u00ae Webinar Registration - Kurita Europe","og_description":"Kurita\u2019s Cetamine\u00ae technology uses film-forming amines to protect boilers, reduce corrosion, and boost system efficiency.","og_url":"https:\/\/www.kurita.eu\/es\/soluciones\/tecnologia-cetamine\/","og_site_name":"Kurita Europe","article_modified_time":"2026-02-10T14:52:27+00:00","og_image":[{"width":1200,"height":628,"url":"https:\/\/www.kurita.eu\/wp-content\/uploads\/2025\/04\/CetamineFB-01-min.png","type":"image\/png"}],"twitter_card":"summary_large_image","twitter_site":"@KuritaGlobal","twitter_misc":{"Tiempo de lectura":"1 minuto"},"schema":{"@context":"https:\/\/schema.org","@graph":[{"@type":"WebPage","@id":"https:\/\/www.kurita.eu\/pl\/rozwiazania\/technologia-cetaminy\/","url":"https:\/\/www.kurita.eu\/pl\/rozwiazania\/technologia-cetaminy\/","name":"Inscripci\u00f3n al seminario web de Cetamine\u00ae - Kurita Europe","isPartOf":{"@id":"https:\/\/www.kurita.eu\/se\/#website"},"primaryImageOfPage":{"@id":"https:\/\/www.kurita.eu\/pl\/rozwiazania\/technologia-cetaminy\/#primaryimage"},"image":{"@id":"https:\/\/www.kurita.eu\/pl\/rozwiazania\/technologia-cetaminy\/#primaryimage"},"thumbnailUrl":"\/wp-content\/uploads\/2025\/04\/CetamineFB-01-min.png","datePublished":"2025-04-23T09:12:17+00:00","dateModified":"2026-02-10T14:52:27+00:00","description":"La tecnolog\u00eda Cetamine\u00ae de Kurita utiliza aminas film\u00f3genas para proteger las calderas, reducir la corrosi\u00f3n y aumentar la eficiencia del sistema.","breadcrumb":{"@id":"https:\/\/www.kurita.eu\/pl\/rozwiazania\/technologia-cetaminy\/#breadcrumb"},"inLanguage":"es","potentialAction":[{"@type":"ReadAction","target":["https:\/\/www.kurita.eu\/pl\/rozwiazania\/technologia-cetaminy\/"]}]},{"@type":"ImageObject","inLanguage":"es","@id":"https:\/\/www.kurita.eu\/pl\/rozwiazania\/technologia-cetaminy\/#primaryimage","url":"\/wp-content\/uploads\/2025\/04\/CetamineFB-01-min.png","contentUrl":"\/wp-content\/uploads\/2025\/04\/CetamineFB-01-min.png","width":1200,"height":628},{"@type":"BreadcrumbList","@id":"https:\/\/www.kurita.eu\/pl\/rozwiazania\/technologia-cetaminy\/#breadcrumb","itemListElement":[{"@type":"ListItem","position":1,"name":"Home","item":"https:\/\/www.kurita.eu\/de\/"},{"@type":"ListItem","position":2,"name":"Solutions","item":"https:\/\/www.kurita.eu\/se\/losningar\/"},{"@type":"ListItem","position":3,"name":"Cetamine\u00ae Webinar Registration"}]},{"@type":"WebSite","@id":"https:\/\/www.kurita.eu\/se\/#website","url":"https:\/\/www.kurita.eu\/se\/","name":"Kurita Europa","description":"Soluciones para el tratamiento del agua","publisher":{"@id":"https:\/\/www.kurita.eu\/se\/#organization"},"potentialAction":[{"@type":"SearchAction","target":{"@type":"EntryPoint","urlTemplate":"https:\/\/www.kurita.eu\/se\/?s={search_term_string}"},"query-input":{"@type":"PropertyValueSpecification","valueRequired":true,"valueName":"search_term_string"}}],"inLanguage":"es"},{"@type":"Organization","@id":"https:\/\/www.kurita.eu\/se\/#organization","name":"Kurita Europa","url":"https:\/\/www.kurita.eu\/se\/","logo":{"@type":"ImageObject","inLanguage":"es","@id":"https:\/\/www.kurita.eu\/se\/#\/schema\/logo\/image\/","url":"\/wp-content\/uploads\/2025\/05\/cropped-brand_mark_horizon_blue.png","contentUrl":"\/wp-content\/uploads\/2025\/05\/cropped-brand_mark_horizon_blue.png","width":712,"height":204,"caption":"Kurita Europe"},"image":{"@id":"https:\/\/www.kurita.eu\/se\/#\/schema\/logo\/image\/"},"sameAs":["https:\/\/x.com\/KuritaGlobal","https:\/\/www.linkedin.com\/company\/kurita\/"]}]}},"_links":{"self":[{"href":"https:\/\/www.kurita.eu\/es\/wp-json\/wp\/v2\/pages\/13240","targetHints":{"allow":["GET"]}}],"collection":[{"href":"https:\/\/www.kurita.eu\/es\/wp-json\/wp\/v2\/pages"}],"about":[{"href":"https:\/\/www.kurita.eu\/es\/wp-json\/wp\/v2\/types\/page"}],"author":[{"embeddable":true,"href":"https:\/\/www.kurita.eu\/es\/wp-json\/wp\/v2\/users\/2"}],"replies":[{"embeddable":true,"href":"https:\/\/www.kurita.eu\/es\/wp-json\/wp\/v2\/comments?post=13240"}],"version-history":[{"count":13,"href":"https:\/\/www.kurita.eu\/es\/wp-json\/wp\/v2\/pages\/13240\/revisions"}],"predecessor-version":[{"id":20066,"href":"https:\/\/www.kurita.eu\/es\/wp-json\/wp\/v2\/pages\/13240\/revisions\/20066"}],"up":[{"embeddable":true,"href":"https:\/\/www.kurita.eu\/es\/wp-json\/wp\/v2\/pages\/13875"}],"wp:featuredmedia":[{"embeddable":true,"href":"https:\/\/www.kurita.eu\/es\/wp-json\/wp\/v2\/media\/14943"}],"wp:attachment":[{"href":"https:\/\/www.kurita.eu\/es\/wp-json\/wp\/v2\/media?parent=13240"}],"curies":[{"name":"wp","href":"https:\/\/api.w.org\/{rel}","templated":true}]}}