{"id":13385,"date":"2025-04-23T10:38:42","date_gmt":"2025-04-23T10:38:42","guid":{"rendered":"https:\/\/kurita-eu-gudza2cjbzfhcwbx.francecentral-01.azurewebsites.net\/?page_id=13385"},"modified":"2026-01-28T12:58:32","modified_gmt":"2026-01-28T12:58:32","slug":"imprimir","status":"publish","type":"page","link":"https:\/\/www.kurita.eu\/es\/imprint\/","title":{"rendered":"Pie de imprenta"},"content":{"rendered":"<div data-elementor-type=\"wp-page\" data-elementor-id=\"13385\" class=\"elementor elementor-13385\" data-elementor-post-type=\"page\">\n\t\t\t\t\t\t<section class=\"elementor-section elementor-top-section elementor-element elementor-element-104172e2 elementor-section-full_width elementor-section-height-default elementor-section-height-default\" data-id=\"104172e2\" data-element_type=\"section\" data-e-type=\"section\">\n\t\t\t\t\t\t<div class=\"elementor-container elementor-column-gap-default\">\n\t\t\t\t\t<div class=\"elementor-column elementor-col-100 elementor-top-column elementor-element elementor-element-35adc239\" data-id=\"35adc239\" data-element_type=\"column\" data-e-type=\"column\">\n\t\t\t<div class=\"elementor-widget-wrap elementor-element-populated\">\n\t\t\t\t\t\t<div class=\"elementor-element elementor-element-fbff11d elementor--h-position-center elementor--v-position-middle elementor-arrows-position-inside elementor-pagination-position-inside elementor-widget elementor-widget-slides\" data-id=\"fbff11d\" data-element_type=\"widget\" data-e-type=\"widget\" data-settings=\"{&quot;navigation&quot;:&quot;both&quot;,&quot;autoplay&quot;:&quot;yes&quot;,&quot;pause_on_hover&quot;:&quot;yes&quot;,&quot;pause_on_interaction&quot;:&quot;yes&quot;,&quot;autoplay_speed&quot;:5000,&quot;infinite&quot;:&quot;yes&quot;,&quot;transition&quot;:&quot;slide&quot;,&quot;transition_speed&quot;:500}\" data-widget_type=\"slides.default\">\n\t\t\t\t<div class=\"elementor-widget-container\">\n\t\t\t\t\t\t\t\t\t<div class=\"elementor-swiper\">\n\t\t\t\t\t<div class=\"elementor-slides-wrapper elementor-main-swiper swiper\" role=\"region\" aria-roledescription=\"carousel\" aria-label=\"Diapositivas\" dir=\"ltr\" data-animation=\"fadeInUp\">\n\t\t\t\t<div class=\"swiper-wrapper elementor-slides\">\n\t\t\t\t\t\t\t\t\t\t<div class=\"elementor-repeater-item-4e0b9f7 swiper-slide\" role=\"group\" aria-roledescription=\"slide\"><div class=\"swiper-slide-bg elementor-ken-burns elementor-ken-burns--in\" role=\"img\" aria-label=\"Nuevo-KETC-1.jpg\"><\/div><div class=\"elementor-background-overlay\"><\/div><div class=\"swiper-slide-inner\" ><div class=\"swiper-slide-contents\"><h1 class=\"elementor-slide-heading\">Aviso legal<\/h1><\/div><\/div><\/div>\t\t\t\t<\/div>\n\t\t\t\t\t\t\t<\/div>\n\t\t\t\t<\/div>\n\t\t\t\t\t\t\t\t<\/div>\n\t\t\t\t<\/div>\n\t\t\t\t\t<\/div>\n\t\t<\/div>\n\t\t\t\t\t<\/div>\n\t\t<\/section>\n\t\t\t\t<section class=\"elementor-section elementor-top-section elementor-element elementor-element-470af7ef elementor-section-boxed elementor-section-height-default elementor-section-height-default\" data-id=\"470af7ef\" data-element_type=\"section\" data-e-type=\"section\">\n\t\t\t\t\t\t<div class=\"elementor-container elementor-column-gap-default\">\n\t\t\t\t\t<div class=\"elementor-column elementor-col-100 elementor-top-column elementor-element elementor-element-79f466f4 margin-content\" data-id=\"79f466f4\" data-element_type=\"column\" data-e-type=\"column\">\n\t\t\t<div class=\"elementor-widget-wrap elementor-element-populated\">\n\t\t\t\t\t\t<div class=\"elementor-element elementor-element-c51ad65 elementor-widget elementor-widget-heading\" data-id=\"c51ad65\" data-element_type=\"widget\" data-e-type=\"widget\" data-widget_type=\"heading.default\">\n\t\t\t\t<div class=\"elementor-widget-container\">\n\t\t\t\t\t<h4 class=\"elementor-heading-title elementor-size-default\">Pie de imprenta<\/h4>\t\t\t\t<\/div>\n\t\t\t\t<\/div>\n\t\t\t\t<div class=\"elementor-element elementor-element-6cc7076a elementor-widget elementor-widget-text-editor\" data-id=\"6cc7076a\" data-element_type=\"widget\" data-e-type=\"widget\" data-widget_type=\"text-editor.default\">\n\t\t\t\t<div class=\"elementor-widget-container\">\n\t\t\t\t\t\t\t\t\t<p><strong>Kurita Europa GmbH<br \/><\/strong>Theodor-Heuss-Anlage 2<br \/>68165 Mannheim<br \/>Alemania<\/p><p>Tel: +49 621 1218 3000<br \/>Fax: +49 621 1218 3458<br \/>E-Mail: <a href=\"mailto:kuritaeurope@kurita-water.com\">kuritaeurope@kurita-water.com<\/a><\/p><p>Directores Generales: Shuji Shirode | Jordi Verd\u00e9s Prieto<\/p><p>N\u00famero de registro mercantil: Mannheim HRB 739244<\/p><p>CIF: DE297214107<\/p><p><a href=\"https:\/\/www.kurita.eu\/es\/politica-de-privacidad\/\">Pol\u00edtica de privacidad<\/a><\/p>\t\t\t\t\t\t\t\t<\/div>\n\t\t\t\t<\/div>\n\t\t\t\t\t<\/div>\n\t\t<\/div>\n\t\t\t\t\t<\/div>\n\t\t<\/section>\n\t\t\t\t<section class=\"elementor-section elementor-top-section elementor-element elementor-element-3dcf0ddb elementor-section-boxed elementor-section-height-default elementor-section-height-default\" data-id=\"3dcf0ddb\" data-element_type=\"section\" data-e-type=\"section\" data-settings=\"{&quot;background_background&quot;:&quot;classic&quot;}\">\n\t\t\t\t\t\t<div class=\"elementor-container elementor-column-gap-default\">\n\t\t\t\t\t<div class=\"elementor-column elementor-col-100 elementor-top-column elementor-element elementor-element-b5b4a5d margin-content\" data-id=\"b5b4a5d\" data-element_type=\"column\" data-e-type=\"column\">\n\t\t\t<div class=\"elementor-widget-wrap elementor-element-populated\">\n\t\t\t\t\t\t<div class=\"elementor-element elementor-element-4d822723 elementor-widget elementor-widget-heading\" data-id=\"4d822723\" data-element_type=\"widget\" data-e-type=\"widget\" data-widget_type=\"heading.default\">\n\t\t\t\t<div class=\"elementor-widget-container\">\n\t\t\t\t\t<h4 class=\"elementor-heading-title elementor-size-default\">Copyright<\/h4>\t\t\t\t<\/div>\n\t\t\t\t<\/div>\n\t\t\t\t<div class=\"elementor-element elementor-element-6ea8a6fe elementor-widget elementor-widget-text-editor\" data-id=\"6ea8a6fe\" data-element_type=\"widget\" data-e-type=\"widget\" data-widget_type=\"text-editor.default\">\n\t\t\t\t<div class=\"elementor-widget-container\">\n\t\t\t\t\t\t\t\t\t<p>Las publicaciones de esta p\u00e1gina est\u00e1n sujetas a las leyes alemanas de derechos de autor. La duplicaci\u00f3n, adaptaci\u00f3n y cualquier utilizaci\u00f3n que infrinja las leyes de derechos de autor deben ser autorizadas por escrito por Kurita Europe GmbH. Las descargas y copias de esta p\u00e1gina o de partes de la misma s\u00f3lo est\u00e1n permitidas para uso privado y no comercial.<\/p>\t\t\t\t\t\t\t\t<\/div>\n\t\t\t\t<\/div>\n\t\t\t\t\t<\/div>\n\t\t<\/div>\n\t\t\t\t\t<\/div>\n\t\t<\/section>\n\t\t\t\t<section class=\"elementor-section elementor-top-section elementor-element elementor-element-6f3ad3a3 elementor-section-boxed elementor-section-height-default elementor-section-height-default\" data-id=\"6f3ad3a3\" data-element_type=\"section\" data-e-type=\"section\" data-settings=\"{&quot;background_background&quot;:&quot;classic&quot;}\">\n\t\t\t\t\t\t<div class=\"elementor-container elementor-column-gap-default\">\n\t\t\t\t\t<div class=\"elementor-column elementor-col-100 elementor-top-column elementor-element elementor-element-749869ae margin-content\" data-id=\"749869ae\" data-element_type=\"column\" data-e-type=\"column\">\n\t\t\t<div class=\"elementor-widget-wrap elementor-element-populated\">\n\t\t\t\t\t\t<div class=\"elementor-element elementor-element-75bbfc8a elementor-widget elementor-widget-heading\" data-id=\"75bbfc8a\" data-element_type=\"widget\" data-e-type=\"widget\" data-widget_type=\"heading.default\">\n\t\t\t\t<div class=\"elementor-widget-container\">\n\t\t\t\t\t<h4 class=\"elementor-heading-title elementor-size-default\">Responsabilidad por los contenidos<\/h4>\t\t\t\t<\/div>\n\t\t\t\t<\/div>\n\t\t\t\t<div class=\"elementor-element elementor-element-1b911312 elementor-widget elementor-widget-text-editor\" data-id=\"1b911312\" data-element_type=\"widget\" data-e-type=\"widget\" data-widget_type=\"text-editor.default\">\n\t\t\t\t<div class=\"elementor-widget-container\">\n\t\t\t\t\t\t\t\t\t<p>Kurita no se hace responsable de la exactitud del contenido y no pretende ser exhaustiva.<\/p>\t\t\t\t\t\t\t\t<\/div>\n\t\t\t\t<\/div>\n\t\t\t\t\t<\/div>\n\t\t<\/div>\n\t\t\t\t\t<\/div>\n\t\t<\/section>\n\t\t\t\t<section class=\"elementor-section elementor-top-section elementor-element elementor-element-2bbbd547 elementor-section-boxed elementor-section-height-default elementor-section-height-default\" data-id=\"2bbbd547\" data-element_type=\"section\" data-e-type=\"section\">\n\t\t\t\t\t\t<div class=\"elementor-container elementor-column-gap-default\">\n\t\t\t\t\t<div class=\"elementor-column elementor-col-100 elementor-top-column elementor-element elementor-element-28a59b2b margin-content\" data-id=\"28a59b2b\" data-element_type=\"column\" data-e-type=\"column\">\n\t\t\t<div class=\"elementor-widget-wrap elementor-element-populated\">\n\t\t\t\t\t\t<div class=\"elementor-element elementor-element-6471192e elementor-widget elementor-widget-heading\" data-id=\"6471192e\" data-element_type=\"widget\" data-e-type=\"widget\" data-widget_type=\"heading.default\">\n\t\t\t\t<div class=\"elementor-widget-container\">\n\t\t\t\t\t<h4 class=\"elementor-heading-title elementor-size-default\">Responsabilidad de los enlaces<\/h4>\t\t\t\t<\/div>\n\t\t\t\t<\/div>\n\t\t\t\t<div class=\"elementor-element elementor-element-5369aefb elementor-widget elementor-widget-text-editor\" data-id=\"5369aefb\" data-element_type=\"widget\" data-e-type=\"widget\" data-widget_type=\"text-editor.default\">\n\t\t\t\t<div class=\"elementor-widget-container\">\n\t\t\t\t\t\t\t\t\t<p>El sitio web de Kurita contiene enlaces a p\u00e1ginas web de terceros. Los enlaces de terceros est\u00e1n marcados como tales. Kurita no se hace responsable del contenido de estas p\u00e1ginas, ya que no controla la informaci\u00f3n que contienen. Tenga en cuenta que no estamos necesariamente de acuerdo con el contenido de los sitios web a los que se accede a trav\u00e9s de enlaces proporcionados por nosotros. Los sitios de terceros -sobre la base de una evaluaci\u00f3n razonable- s\u00f3lo han sido revisados en cuanto a contenido delictivo o infracci\u00f3n legal. El supuesto conocimiento de una infracci\u00f3n legal de este tipo conllevar\u00e1 la eliminaci\u00f3n inmediata de estos enlaces.<\/p>\t\t\t\t\t\t\t\t<\/div>\n\t\t\t\t<\/div>\n\t\t\t\t\t<\/div>\n\t\t<\/div>\n\t\t\t\t\t<\/div>\n\t\t<\/section>\n\t\t\t\t<\/div>","protected":false},"excerpt":{"rendered":"<p>Legal Notice Imprint Kurita Europe GmbHTheodor-Heuss-Anlage 268165 MannheimGermany Phone: +49 621\u00a01218 3000Fax: +49 621 1218 3458E-Mail: kuritaeurope@kurita-water.com Managing Directors: Shuji Shirode | Jordi Verd\u00e9s Prieto Commercial Register No.: Mannheim HRB 739244 VAT ID No.: DE297214107 Privacy Policy Copyright The publications on this page are subject to German copyright laws. Duplication, adaptation and all utilization infringing [&hellip;]<\/p>\n","protected":false},"author":2,"featured_media":15425,"parent":0,"menu_order":0,"comment_status":"closed","ping_status":"closed","template":"","meta":{"footnotes":""},"class_list":["post-13385","page","type-page","status-publish","has-post-thumbnail","hentry"],"yoast_head":"<!-- This site is optimized with the Yoast SEO plugin v27.3 - https:\/\/yoast.com\/product\/yoast-seo-wordpress\/ -->\n<title>Imprint - Kurita Europe<\/title>\n<meta name=\"description\" content=\"Kurita Europe&#039;s legal imprint provides company details, registration info, and responsible contacts under EU transparency regulations.\" \/>\n<meta name=\"robots\" content=\"noindex, nofollow\" \/>\n<meta property=\"og:locale\" content=\"es_ES\" \/>\n<meta property=\"og:type\" content=\"article\" \/>\n<meta property=\"og:title\" content=\"Imprint - Kurita Europe\" \/>\n<meta property=\"og:description\" content=\"Kurita Europe&#039;s legal imprint provides company details, registration info, and responsible contacts under EU transparency regulations.\" \/>\n<meta property=\"og:url\" content=\"https:\/\/www.kurita.eu\/es\/imprimir\/\" \/>\n<meta property=\"og:site_name\" content=\"Kurita Europe\" \/>\n<meta property=\"article:modified_time\" content=\"2026-01-28T12:58:32+00:00\" \/>\n<meta property=\"og:image\" content=\"https:\/\/www.kurita.eu\/wp-content\/uploads\/2025\/05\/1989-KEG.png\" \/>\n\t<meta property=\"og:image:width\" content=\"1183\" \/>\n\t<meta property=\"og:image:height\" content=\"665\" \/>\n\t<meta property=\"og:image:type\" content=\"image\/png\" \/>\n<meta name=\"twitter:card\" content=\"summary_large_image\" \/>\n<meta name=\"twitter:site\" content=\"@KuritaGlobal\" \/>\n<meta name=\"twitter:label1\" content=\"Tiempo de lectura\" \/>\n\t<meta name=\"twitter:data1\" content=\"2 minutos\" \/>\n<script type=\"application\/ld+json\" class=\"yoast-schema-graph\">{\"@context\":\"https:\\\/\\\/schema.org\",\"@graph\":[{\"@type\":\"WebPage\",\"@id\":\"https:\\\/\\\/www.kurita.eu\\\/es\\\/imprimir\\\/\",\"url\":\"https:\\\/\\\/www.kurita.eu\\\/es\\\/imprimir\\\/\",\"name\":\"Imprint - Kurita Europe\",\"isPartOf\":{\"@id\":\"https:\\\/\\\/www.kurita.eu\\\/se\\\/#website\"},\"primaryImageOfPage\":{\"@id\":\"https:\\\/\\\/www.kurita.eu\\\/es\\\/imprimir\\\/#primaryimage\"},\"image\":{\"@id\":\"https:\\\/\\\/www.kurita.eu\\\/es\\\/imprimir\\\/#primaryimage\"},\"thumbnailUrl\":\"\\\/wp-content\\\/uploads\\\/2025\\\/05\\\/1989-KEG.png\",\"datePublished\":\"2025-04-23T10:38:42+00:00\",\"dateModified\":\"2026-01-28T12:58:32+00:00\",\"description\":\"Kurita Europe's legal imprint provides company details, registration info, and responsible contacts under EU transparency regulations.\",\"breadcrumb\":{\"@id\":\"https:\\\/\\\/www.kurita.eu\\\/es\\\/imprimir\\\/#breadcrumb\"},\"inLanguage\":\"es\",\"potentialAction\":[{\"@type\":\"ReadAction\",\"target\":[\"https:\\\/\\\/www.kurita.eu\\\/es\\\/imprimir\\\/\"]}]},{\"@type\":\"ImageObject\",\"inLanguage\":\"es\",\"@id\":\"https:\\\/\\\/www.kurita.eu\\\/es\\\/imprimir\\\/#primaryimage\",\"url\":\"\\\/wp-content\\\/uploads\\\/2025\\\/05\\\/1989-KEG.png\",\"contentUrl\":\"\\\/wp-content\\\/uploads\\\/2025\\\/05\\\/1989-KEG.png\",\"width\":1183,\"height\":665},{\"@type\":\"BreadcrumbList\",\"@id\":\"https:\\\/\\\/www.kurita.eu\\\/es\\\/imprimir\\\/#breadcrumb\",\"itemListElement\":[{\"@type\":\"ListItem\",\"position\":1,\"name\":\"Home\",\"item\":\"https:\\\/\\\/www.kurita.eu\\\/de\\\/\"},{\"@type\":\"ListItem\",\"position\":2,\"name\":\"Imprint\"}]},{\"@type\":\"WebSite\",\"@id\":\"https:\\\/\\\/www.kurita.eu\\\/se\\\/#website\",\"url\":\"https:\\\/\\\/www.kurita.eu\\\/se\\\/\",\"name\":\"Kurita Europe\",\"description\":\"Water Treatment Solutions\",\"publisher\":{\"@id\":\"https:\\\/\\\/www.kurita.eu\\\/se\\\/#organization\"},\"potentialAction\":[{\"@type\":\"SearchAction\",\"target\":{\"@type\":\"EntryPoint\",\"urlTemplate\":\"https:\\\/\\\/www.kurita.eu\\\/se\\\/?s={search_term_string}\"},\"query-input\":{\"@type\":\"PropertyValueSpecification\",\"valueRequired\":true,\"valueName\":\"search_term_string\"}}],\"inLanguage\":\"es\"},{\"@type\":\"Organization\",\"@id\":\"https:\\\/\\\/www.kurita.eu\\\/se\\\/#organization\",\"name\":\"Kurita Europe\",\"url\":\"https:\\\/\\\/www.kurita.eu\\\/se\\\/\",\"logo\":{\"@type\":\"ImageObject\",\"inLanguage\":\"es\",\"@id\":\"https:\\\/\\\/www.kurita.eu\\\/se\\\/#\\\/schema\\\/logo\\\/image\\\/\",\"url\":\"\\\/wp-content\\\/uploads\\\/2025\\\/05\\\/cropped-brand_mark_horizon_blue.png\",\"contentUrl\":\"\\\/wp-content\\\/uploads\\\/2025\\\/05\\\/cropped-brand_mark_horizon_blue.png\",\"width\":712,\"height\":204,\"caption\":\"Kurita Europe\"},\"image\":{\"@id\":\"https:\\\/\\\/www.kurita.eu\\\/se\\\/#\\\/schema\\\/logo\\\/image\\\/\"},\"sameAs\":[\"https:\\\/\\\/x.com\\\/KuritaGlobal\",\"https:\\\/\\\/www.linkedin.com\\\/company\\\/kurita\\\/\"]}]}<\/script>\n<!-- \/ Yoast SEO plugin. -->","yoast_head_json":{"title":"Pie de imprenta - Kurita Europe","description":"El sello legal de Kurita Europe proporciona datos de la empresa, informaci\u00f3n de registro y contactos responsables conforme a la normativa de transparencia de la UE.","robots":{"index":"noindex","follow":"nofollow"},"og_locale":"es_ES","og_type":"article","og_title":"Imprint - Kurita Europe","og_description":"Kurita Europe's legal imprint provides company details, registration info, and responsible contacts under EU transparency regulations.","og_url":"https:\/\/www.kurita.eu\/es\/imprimir\/","og_site_name":"Kurita Europe","article_modified_time":"2026-01-28T12:58:32+00:00","og_image":[{"width":1183,"height":665,"url":"https:\/\/www.kurita.eu\/wp-content\/uploads\/2025\/05\/1989-KEG.png","type":"image\/png"}],"twitter_card":"summary_large_image","twitter_site":"@KuritaGlobal","twitter_misc":{"Tiempo de lectura":"2 minutos"},"schema":{"@context":"https:\/\/schema.org","@graph":[{"@type":"WebPage","@id":"https:\/\/www.kurita.eu\/es\/imprimir\/","url":"https:\/\/www.kurita.eu\/es\/imprimir\/","name":"Pie de imprenta - Kurita Europe","isPartOf":{"@id":"https:\/\/www.kurita.eu\/se\/#website"},"primaryImageOfPage":{"@id":"https:\/\/www.kurita.eu\/es\/imprimir\/#primaryimage"},"image":{"@id":"https:\/\/www.kurita.eu\/es\/imprimir\/#primaryimage"},"thumbnailUrl":"\/wp-content\/uploads\/2025\/05\/1989-KEG.png","datePublished":"2025-04-23T10:38:42+00:00","dateModified":"2026-01-28T12:58:32+00:00","description":"El sello legal de Kurita Europe proporciona datos de la empresa, informaci\u00f3n de registro y contactos responsables conforme a la normativa de transparencia de la UE.","breadcrumb":{"@id":"https:\/\/www.kurita.eu\/es\/imprimir\/#breadcrumb"},"inLanguage":"es","potentialAction":[{"@type":"ReadAction","target":["https:\/\/www.kurita.eu\/es\/imprimir\/"]}]},{"@type":"ImageObject","inLanguage":"es","@id":"https:\/\/www.kurita.eu\/es\/imprimir\/#primaryimage","url":"\/wp-content\/uploads\/2025\/05\/1989-KEG.png","contentUrl":"\/wp-content\/uploads\/2025\/05\/1989-KEG.png","width":1183,"height":665},{"@type":"BreadcrumbList","@id":"https:\/\/www.kurita.eu\/es\/imprimir\/#breadcrumb","itemListElement":[{"@type":"ListItem","position":1,"name":"Home","item":"https:\/\/www.kurita.eu\/de\/"},{"@type":"ListItem","position":2,"name":"Imprint"}]},{"@type":"WebSite","@id":"https:\/\/www.kurita.eu\/se\/#website","url":"https:\/\/www.kurita.eu\/se\/","name":"Kurita Europa","description":"Soluciones para el tratamiento del agua","publisher":{"@id":"https:\/\/www.kurita.eu\/se\/#organization"},"potentialAction":[{"@type":"SearchAction","target":{"@type":"EntryPoint","urlTemplate":"https:\/\/www.kurita.eu\/se\/?s={search_term_string}"},"query-input":{"@type":"PropertyValueSpecification","valueRequired":true,"valueName":"search_term_string"}}],"inLanguage":"es"},{"@type":"Organization","@id":"https:\/\/www.kurita.eu\/se\/#organization","name":"Kurita Europa","url":"https:\/\/www.kurita.eu\/se\/","logo":{"@type":"ImageObject","inLanguage":"es","@id":"https:\/\/www.kurita.eu\/se\/#\/schema\/logo\/image\/","url":"\/wp-content\/uploads\/2025\/05\/cropped-brand_mark_horizon_blue.png","contentUrl":"\/wp-content\/uploads\/2025\/05\/cropped-brand_mark_horizon_blue.png","width":712,"height":204,"caption":"Kurita Europe"},"image":{"@id":"https:\/\/www.kurita.eu\/se\/#\/schema\/logo\/image\/"},"sameAs":["https:\/\/x.com\/KuritaGlobal","https:\/\/www.linkedin.com\/company\/kurita\/"]}]}},"_links":{"self":[{"href":"https:\/\/www.kurita.eu\/es\/wp-json\/wp\/v2\/pages\/13385","targetHints":{"allow":["GET"]}}],"collection":[{"href":"https:\/\/www.kurita.eu\/es\/wp-json\/wp\/v2\/pages"}],"about":[{"href":"https:\/\/www.kurita.eu\/es\/wp-json\/wp\/v2\/types\/page"}],"author":[{"embeddable":true,"href":"https:\/\/www.kurita.eu\/es\/wp-json\/wp\/v2\/users\/2"}],"replies":[{"embeddable":true,"href":"https:\/\/www.kurita.eu\/es\/wp-json\/wp\/v2\/comments?post=13385"}],"version-history":[{"count":13,"href":"https:\/\/www.kurita.eu\/es\/wp-json\/wp\/v2\/pages\/13385\/revisions"}],"predecessor-version":[{"id":19189,"href":"https:\/\/www.kurita.eu\/es\/wp-json\/wp\/v2\/pages\/13385\/revisions\/19189"}],"wp:featuredmedia":[{"embeddable":true,"href":"https:\/\/www.kurita.eu\/es\/wp-json\/wp\/v2\/media\/15425"}],"wp:attachment":[{"href":"https:\/\/www.kurita.eu\/es\/wp-json\/wp\/v2\/media?parent=13385"}],"curies":[{"name":"wp","href":"https:\/\/api.w.org\/{rel}","templated":true}]}}