{"id":13428,"date":"2025-04-23T11:15:43","date_gmt":"2025-04-23T11:15:43","guid":{"rendered":"https:\/\/kurita-eu-gudza2cjbzfhcwbx.francecentral-01.azurewebsites.net\/?page_id=13428"},"modified":"2026-02-16T14:52:35","modified_gmt":"2026-02-16T14:52:35","slug":"industria-quimica","status":"publish","type":"page","link":"https:\/\/www.kurita.eu\/es\/chemical-industry\/","title":{"rendered":"Industria qu\u00edmica"},"content":{"rendered":"<div data-elementor-type=\"wp-page\" data-elementor-id=\"13428\" class=\"elementor elementor-13428\" data-elementor-post-type=\"page\">\n\t\t\t\t\t\t<section class=\"elementor-section elementor-top-section elementor-element elementor-element-10df01d6 elementor-section-full_width elementor-section-height-default elementor-section-height-default\" data-id=\"10df01d6\" data-element_type=\"section\" data-e-type=\"section\">\n\t\t\t\t\t\t<div class=\"elementor-container elementor-column-gap-default\">\n\t\t\t\t\t<div class=\"elementor-column elementor-col-100 elementor-top-column elementor-element elementor-element-31cfc3ca\" data-id=\"31cfc3ca\" data-element_type=\"column\" data-e-type=\"column\">\n\t\t\t<div class=\"elementor-widget-wrap elementor-element-populated\">\n\t\t\t\t\t\t<div class=\"elementor-element elementor-element-1d28713 elementor--h-position-center elementor--v-position-middle elementor-arrows-position-inside elementor-pagination-position-inside elementor-widget elementor-widget-slides\" data-id=\"1d28713\" data-element_type=\"widget\" data-e-type=\"widget\" data-settings=\"{&quot;navigation&quot;:&quot;both&quot;,&quot;autoplay&quot;:&quot;yes&quot;,&quot;pause_on_hover&quot;:&quot;yes&quot;,&quot;pause_on_interaction&quot;:&quot;yes&quot;,&quot;autoplay_speed&quot;:5000,&quot;infinite&quot;:&quot;yes&quot;,&quot;transition&quot;:&quot;slide&quot;,&quot;transition_speed&quot;:500}\" data-widget_type=\"slides.default\">\n\t\t\t\t<div class=\"elementor-widget-container\">\n\t\t\t\t\t\t\t\t\t<div class=\"elementor-swiper\">\n\t\t\t\t\t<div class=\"elementor-slides-wrapper elementor-main-swiper swiper\" role=\"region\" aria-roledescription=\"carousel\" aria-label=\"Diapositivas\" dir=\"ltr\" data-animation=\"fadeInUp\">\n\t\t\t\t<div class=\"swiper-wrapper elementor-slides\">\n\t\t\t\t\t\t\t\t\t\t<div class=\"elementor-repeater-item-4e0b9f7 swiper-slide\" role=\"group\" aria-roledescription=\"slide\"><div class=\"swiper-slide-bg elementor-ken-burns elementor-ken-burns--in\" role=\"img\" aria-label=\"Industrias_Qu\u00edmica_Farmac\u00e9utica-fc018a7c-1.jpg\"><\/div><div class=\"elementor-background-overlay\"><\/div><div class=\"swiper-slide-inner\" ><div class=\"swiper-slide-contents\"><h1 class=\"elementor-slide-heading\">Industria qu\u00edmica<\/h1><\/div><\/div><\/div>\t\t\t\t<\/div>\n\t\t\t\t\t\t\t<\/div>\n\t\t\t\t<\/div>\n\t\t\t\t\t\t\t\t<\/div>\n\t\t\t\t<\/div>\n\t\t\t\t\t<\/div>\n\t\t<\/div>\n\t\t\t\t\t<\/div>\n\t\t<\/section>\n\t\t\t\t<section class=\"elementor-section elementor-top-section elementor-element elementor-element-16203c1c elementor-section-boxed elementor-section-height-default elementor-section-height-default\" data-id=\"16203c1c\" data-element_type=\"section\" data-e-type=\"section\">\n\t\t\t\t\t\t<div class=\"elementor-container elementor-column-gap-default\">\n\t\t\t\t\t<div class=\"elementor-column elementor-col-100 elementor-top-column elementor-element elementor-element-5bf60af9 margin-content\" data-id=\"5bf60af9\" data-element_type=\"column\" data-e-type=\"column\">\n\t\t\t<div class=\"elementor-widget-wrap elementor-element-populated\">\n\t\t\t\t\t\t<div class=\"elementor-element elementor-element-375448ec elementor-widget elementor-widget-text-editor\" data-id=\"375448ec\" data-element_type=\"widget\" data-e-type=\"widget\" data-widget_type=\"text-editor.default\">\n\t\t\t\t<div class=\"elementor-widget-container\">\n\t\t\t\t\t\t\t\t\tConsumo de recursos en el<strong>\u00a0industria qu\u00edmica<\/strong>\u00a0es enorme. Aunque la industria ya ha conseguido reducir considerablemente su demanda energ\u00e9tica, sigue enfrent\u00e1ndose al reto de los altos costes de la energ\u00eda, el elevado consumo de agua y unas normativas cada vez m\u00e1s estrictas. La eficiencia energ\u00e9tica, el aumento de la producci\u00f3n y la disponibilidad de las instalaciones son, por tanto, factores importantes que contribuyen a lograr una ventaja competitiva.\n\nEstaremos encantados de ayudarle. Kurita ofrece una amplia gama de soluciones de ahorro de recursos, as\u00ed como soluciones para mejorar la producci\u00f3n y la seguridad de la planta.<\/p>\n<p>Kurita conoce todo el proceso de producci\u00f3n del acero, desde el arrabio hasta el producto acabado. Gracias a los conceptos de tratamiento desarrollados espec\u00edficamente para satisfacer los requisitos de la industria del acero y el metal, podemos hacer frente con eficacia a los problemas t\u00edpicos del sector, como la corrosi\u00f3n, la bioincrustaci\u00f3n, las incrustaciones y la obstrucci\u00f3n de las boquillas de pulverizaci\u00f3n.<\/p>\t\t\t\t\t\t\t\t<\/div>\n\t\t\t\t<\/div>\n\t\t\t\t\t<\/div>\n\t\t<\/div>\n\t\t\t\t\t<\/div>\n\t\t<\/section>\n\t\t\t\t<section class=\"elementor-section elementor-top-section elementor-element elementor-element-2805dfc0 elementor-section-boxed elementor-section-height-default elementor-section-height-default\" data-id=\"2805dfc0\" data-element_type=\"section\" data-e-type=\"section\">\n\t\t\t\t\t\t<div class=\"elementor-container elementor-column-gap-default\">\n\t\t\t\t\t<div class=\"elementor-column elementor-col-100 elementor-top-column elementor-element elementor-element-24f1ffea\" data-id=\"24f1ffea\" data-element_type=\"column\" data-e-type=\"column\">\n\t\t\t<div class=\"elementor-widget-wrap elementor-element-populated\">\n\t\t\t\t\t\t<div class=\"elementor-element elementor-element-71a975e4 elementor-grid-5 elementor-grid-tablet-2 elementor-grid-mobile-1 elementor-posts--thumbnail-top elementor-posts--show-avatar elementor-card-shadow-yes elementor-posts__hover-gradient elementor-widget elementor-widget-posts\" data-id=\"71a975e4\" data-element_type=\"widget\" data-e-type=\"widget\" data-settings=\"{&quot;cards_columns&quot;:&quot;5&quot;,&quot;cards_columns_tablet&quot;:&quot;2&quot;,&quot;cards_columns_mobile&quot;:&quot;1&quot;,&quot;cards_row_gap&quot;:{&quot;unit&quot;:&quot;px&quot;,&quot;size&quot;:35,&quot;sizes&quot;:[]},&quot;cards_row_gap_widescreen&quot;:{&quot;unit&quot;:&quot;px&quot;,&quot;size&quot;:&quot;&quot;,&quot;sizes&quot;:[]},&quot;cards_row_gap_laptop&quot;:{&quot;unit&quot;:&quot;px&quot;,&quot;size&quot;:&quot;&quot;,&quot;sizes&quot;:[]},&quot;cards_row_gap_tablet&quot;:{&quot;unit&quot;:&quot;px&quot;,&quot;size&quot;:&quot;&quot;,&quot;sizes&quot;:[]},&quot;cards_row_gap_mobile&quot;:{&quot;unit&quot;:&quot;px&quot;,&quot;size&quot;:&quot;&quot;,&quot;sizes&quot;:[]}}\" data-widget_type=\"posts.cards\">\n\t\t\t\t<div class=\"elementor-widget-container\">\n\t\t\t\t\t\t\t<div class=\"elementor-posts-container elementor-posts elementor-posts--skin-cards elementor-grid\" role=\"list\">\n\t\t\t\t<article class=\"elementor-post elementor-grid-item post-13982 page type-page status-publish hentry\" role=\"listitem\">\n\t\t\t<div class=\"elementor-post__card\">\n\t\t\t\t<div class=\"elementor-post__text\">\n\t\t\t\t<h4 class=\"elementor-post__title\">\n\t\t\t<a href=\"https:\/\/www.kurita.eu\/es\/solutions\/corrsave\/\" target=\"&quot;_blank&quot;\">\n\t\t\t\tCorrsave\t\t\t<\/a>\n\t\t<\/h4>\n\t\t\t\t<div class=\"elementor-post__excerpt\">\n\t\t\t<p>Tecnolog\u00eda patentada por Kurita de inhibici\u00f3n de la corrosi\u00f3n y estabilizaci\u00f3n de la dureza para sistemas de agua, dise\u00f1ada para ofrecer un alto rendimiento con un bajo contenido en fosfatos.<\/p>\n\t\t<\/div>\n\t\t\t\t<\/div>\n\t\t\t\t\t<\/div>\n\t\t<\/article>\n\t\t\t\t<article class=\"elementor-post elementor-grid-item post-14012 page type-page status-publish has-post-thumbnail hentry\" role=\"listitem\">\n\t\t\t<div class=\"elementor-post__card\">\n\t\t\t\t<a class=\"elementor-post__thumbnail__link\" href=\"https:\/\/www.kurita.eu\/es\/solutions\/dilurit-bcs\/\" tabindex=\"-1\" target=\"_blank\"><div class=\"elementor-post__thumbnail\"><img fetchpriority=\"high\" decoding=\"async\" width=\"300\" height=\"200\" src=\"\/wp-content\/uploads\/2025\/04\/IMG_1528-scaled-1-300x200.webp\" class=\"attachment-medium size-medium wp-image-14003\" alt=\"\" srcset=\"\/wp-content\/uploads\/2025\/04\/IMG_1528-scaled-1-300x200.webp 300w, \/wp-content\/uploads\/2025\/04\/IMG_1528-scaled-1-1024x682.webp 1024w, \/wp-content\/uploads\/2025\/04\/IMG_1528-scaled-1-768x512.webp 768w, \/wp-content\/uploads\/2025\/04\/IMG_1528-scaled-1-1536x1024.webp 1536w, \/wp-content\/uploads\/2025\/04\/IMG_1528-scaled-1-2048x1365.webp 2048w\" sizes=\"(max-width: 300px) 100vw, 300px\" data-no-translation=\"\" \/><\/div><\/a>\n\t\t\t\t<div class=\"elementor-post__avatar\">\n\t\t\t<img alt='leandro.miro@kurita-water.com' src='https:\/\/secure.gravatar.com\/avatar\/bc066715c20616f43cd8b8e202d87d6d4165490b54e381d88e1e688a6b27db62?s=128&#038;d=mm&#038;r=g' srcset='https:\/\/secure.gravatar.com\/avatar\/bc066715c20616f43cd8b8e202d87d6d4165490b54e381d88e1e688a6b27db62?s=256&#038;d=mm&#038;r=g 2x' class='avatar avatar-128 photo' height='128' width='128' data-no-translation=\"\" \/>\t\t<\/div>\n\t\t\t\t<div class=\"elementor-post__text\">\n\t\t\t\t<h4 class=\"elementor-post__title\">\n\t\t\t<a href=\"https:\/\/www.kurita.eu\/es\/solutions\/dilurit-bcs\/\" target=\"&quot;_blank&quot;\">\n\t\t\t\tSistema Dilurit\u00ae BC S\t\t\t<\/a>\n\t\t<\/h4>\n\t\t\t\t<div class=\"elementor-post__excerpt\">\n\t\t\t<p>El sistema Dilurit\u00ae BCS de Kurita ofrece un control microbiano eficaz en los sistemas de agua, garantizando la higiene, la seguridad y la fiabilidad operativa.<\/p>\n\t\t<\/div>\n\t\t\t\t<\/div>\n\t\t\t\t\t<\/div>\n\t\t<\/article>\n\t\t\t\t<article class=\"elementor-post elementor-grid-item post-14152 page type-page status-publish hentry\" role=\"listitem\">\n\t\t\t<div class=\"elementor-post__card\">\n\t\t\t\t<div class=\"elementor-post__text\">\n\t\t\t\t<h4 class=\"elementor-post__title\">\n\t\t\t<a href=\"https:\/\/www.kurita.eu\/es\/solutions\/kurifast\/\" target=\"&quot;_blank&quot;\">\n\t\t\t\tKurifast\t\t\t<\/a>\n\t\t<\/h4>\n\t\t\t\t<div class=\"elementor-post__excerpt\">\n\t\t\t<p>KuriFast Test r\u00e1pido de Legionella de alta precisi\u00f3n Un enfoque de vanguardia para las pruebas de Legionella La legionelosis es causada predominantemente por Legionella pneumophila, responsable de aproximadamente 97% de los casos notificados.<\/p>\n\t\t<\/div>\n\t\t\t\t<\/div>\n\t\t\t\t\t<\/div>\n\t\t<\/article>\n\t\t\t\t<article class=\"elementor-post elementor-grid-item post-14160 page type-page status-publish hentry\" role=\"listitem\">\n\t\t\t<div class=\"elementor-post__card\">\n\t\t\t\t<div class=\"elementor-post__text\">\n\t\t\t\t<h4 class=\"elementor-post__title\">\n\t\t\t<a href=\"https:\/\/www.kurita.eu\/es\/solutions\/kuriflock\/\" target=\"&quot;_blank&quot;\">\n\t\t\t\tKuriflock\t\t\t<\/a>\n\t\t<\/h4>\n\t\t\t\t<div class=\"elementor-post__excerpt\">\n\t\t\t<p>Amplia gama de productos de coagulaci\u00f3n y floculaci\u00f3n de Kurita para procesos de tratamiento de aguas residuales.<\/p>\n\t\t<\/div>\n\t\t\t\t<\/div>\n\t\t\t\t\t<\/div>\n\t\t<\/article>\n\t\t\t\t<article class=\"elementor-post elementor-grid-item post-14075 page type-page status-publish has-post-thumbnail hentry\" role=\"listitem\">\n\t\t\t<div class=\"elementor-post__card\">\n\t\t\t\t<a class=\"elementor-post__thumbnail__link\" href=\"https:\/\/www.kurita.eu\/es\/solutions\/free-technology\/\" tabindex=\"-1\" target=\"_blank\"><div class=\"elementor-post__thumbnail\"><img decoding=\"async\" width=\"300\" height=\"121\" src=\"\/wp-content\/uploads\/2025\/04\/Applications_WaterTreatment_CoolingWater-71ad4c47-1-300x121.jpg\" class=\"attachment-medium size-medium wp-image-15519\" alt=\"Water and Energy savings in Cooling Systems \u2013 FReE Technology\" srcset=\"\/wp-content\/uploads\/2025\/04\/Applications_WaterTreatment_CoolingWater-71ad4c47-1-300x121.jpg 300w, \/wp-content\/uploads\/2025\/04\/Applications_WaterTreatment_CoolingWater-71ad4c47-1-768x309.jpg 768w, \/wp-content\/uploads\/2025\/04\/Applications_WaterTreatment_CoolingWater-71ad4c47-1-18x7.jpg 18w, \/wp-content\/uploads\/2025\/04\/Applications_WaterTreatment_CoolingWater-71ad4c47-1.jpg 870w\" sizes=\"(max-width: 300px) 100vw, 300px\" data-no-translation=\"\" \/><\/div><\/a>\n\t\t\t\t<div class=\"elementor-post__avatar\">\n\t\t\t<img alt='leandro.miro@kurita-water.com' src='https:\/\/secure.gravatar.com\/avatar\/bc066715c20616f43cd8b8e202d87d6d4165490b54e381d88e1e688a6b27db62?s=128&#038;d=mm&#038;r=g' srcset='https:\/\/secure.gravatar.com\/avatar\/bc066715c20616f43cd8b8e202d87d6d4165490b54e381d88e1e688a6b27db62?s=256&#038;d=mm&#038;r=g 2x' class='avatar avatar-128 photo' height='128' width='128' data-no-translation=\"\" \/>\t\t<\/div>\n\t\t\t\t<div class=\"elementor-post__text\">\n\t\t\t\t<h4 class=\"elementor-post__title\">\n\t\t\t<a href=\"https:\/\/www.kurita.eu\/es\/solutions\/free-technology\/\" target=\"&quot;_blank&quot;\">\n\t\t\t\tKurita FReE - Programa Kurita de eficiencia en la eliminaci\u00f3n de suciedad\t\t\t<\/a>\n\t\t<\/h4>\n\t\t\t\t<div class=\"elementor-post__excerpt\">\n\t\t\t<p>Tecnolog\u00eda Kurita de limpieza en l\u00ednea del sistema de refrigeraci\u00f3n que elimina las incrustaciones durante el funcionamiento, sin paradas, corrosi\u00f3n ni generaci\u00f3n de residuos.<\/p>\n\t\t<\/div>\n\t\t\t\t<\/div>\n\t\t\t\t\t<\/div>\n\t\t<\/article>\n\t\t\t\t<\/div>\n\t\t\n\t\t\t\t\t\t<\/div>\n\t\t\t\t<\/div>\n\t\t\t\t\t<\/div>\n\t\t<\/div>\n\t\t\t\t\t<\/div>\n\t\t<\/section>\n\t\t\t\t<\/div>","protected":false},"excerpt":{"rendered":"<p>Explore las soluciones de Kurita para la industria qu\u00edmica para el tratamiento avanzado del agua, la eficiencia y la sostenibilidad en la fabricaci\u00f3n de productos qu\u00edmicos.<\/p>","protected":false},"author":2,"featured_media":13430,"parent":0,"menu_order":0,"comment_status":"closed","ping_status":"closed","template":"","meta":{"footnotes":""},"class_list":["post-13428","page","type-page","status-publish","has-post-thumbnail","hentry"],"_links":{"self":[{"href":"https:\/\/www.kurita.eu\/es\/wp-json\/wp\/v2\/pages\/13428","targetHints":{"allow":["GET"]}}],"collection":[{"href":"https:\/\/www.kurita.eu\/es\/wp-json\/wp\/v2\/pages"}],"about":[{"href":"https:\/\/www.kurita.eu\/es\/wp-json\/wp\/v2\/types\/page"}],"author":[{"embeddable":true,"href":"https:\/\/www.kurita.eu\/es\/wp-json\/wp\/v2\/users\/2"}],"replies":[{"embeddable":true,"href":"https:\/\/www.kurita.eu\/es\/wp-json\/wp\/v2\/comments?post=13428"}],"version-history":[{"count":17,"href":"https:\/\/www.kurita.eu\/es\/wp-json\/wp\/v2\/pages\/13428\/revisions"}],"predecessor-version":[{"id":20260,"href":"https:\/\/www.kurita.eu\/es\/wp-json\/wp\/v2\/pages\/13428\/revisions\/20260"}],"wp:featuredmedia":[{"embeddable":true,"href":"https:\/\/www.kurita.eu\/es\/wp-json\/wp\/v2\/media\/13430"}],"wp:attachment":[{"href":"https:\/\/www.kurita.eu\/es\/wp-json\/wp\/v2\/media?parent=13428"}],"curies":[{"name":"wp","href":"https:\/\/api.w.org\/{rel}","templated":true}]}}