{"id":13634,"date":"2025-04-24T10:35:35","date_gmt":"2025-04-24T10:35:35","guid":{"rendered":"https:\/\/kurita-eu-gudza2cjbzfhcwbx.francecentral-01.azurewebsites.net\/?page_id=13634"},"modified":"2025-09-25T10:42:40","modified_gmt":"2025-09-25T10:42:40","slug":"calculadora-de-ahorro-kuriverter","status":"publish","type":"page","link":"https:\/\/www.kurita.eu\/es\/calculadora-de-ahorro-kuriverter\/","title":{"rendered":"Calculadora de ahorro Kuriverter"},"content":{"rendered":"<div data-elementor-type=\"wp-page\" data-elementor-id=\"13634\" class=\"elementor elementor-13634\" data-elementor-post-type=\"page\">\n\t\t\t\t\t\t<section class=\"elementor-section elementor-top-section elementor-element elementor-element-4a7635f7 margin-content elementor-section-boxed elementor-section-height-default elementor-section-height-default\" data-id=\"4a7635f7\" data-element_type=\"section\" data-e-type=\"section\">\n\t\t\t\t\t\t<div class=\"elementor-container elementor-column-gap-default\">\n\t\t\t\t\t<div class=\"elementor-column elementor-col-100 elementor-top-column elementor-element elementor-element-6e063d62\" data-id=\"6e063d62\" data-element_type=\"column\" data-e-type=\"column\">\n\t\t\t<div class=\"elementor-widget-wrap elementor-element-populated\">\n\t\t\t\t\t\t<div class=\"elementor-element elementor-element-d724bb7 elementor-widget elementor-widget-heading\" data-id=\"d724bb7\" data-element_type=\"widget\" data-e-type=\"widget\" data-widget_type=\"heading.default\">\n\t\t\t\t<div class=\"elementor-widget-container\">\n\t\t\t\t\t<h2 class=\"elementor-heading-title elementor-size-default\">Calculadora de ahorro de la serie Kuriverter\n<\/h2>\t\t\t\t<\/div>\n\t\t\t\t<\/div>\n\t\t\t\t<div class=\"elementor-element elementor-element-19f33d00 elementor-widget elementor-widget-text-editor\" data-id=\"19f33d00\" data-element_type=\"widget\" data-e-type=\"widget\" data-widget_type=\"text-editor.default\">\n\t\t\t\t<div class=\"elementor-widget-container\">\n\t\t\t\t\t\t\t\t\t<div class=\"div-block\"><p class=\"c\">Calcule f\u00e1cilmente el ahorro potencial que puede conseguir aplicando la tecnolog\u00eda Kuriverter a su sistema de \u00f3smosis inversa.<\/p><\/div><div class=\"calculator-block\" data-w-id=\"208cb1df-f28a-20fe-8e76-85de1260e55e\"><div class=\"calculator-fields\">\u00a0<\/div><\/div>\t\t\t\t\t\t\t\t<\/div>\n\t\t\t\t<\/div>\n\t\t\t\t<div class=\"elementor-element elementor-element-121c01fa elementor-widget elementor-widget-html\" data-id=\"121c01fa\" data-element_type=\"widget\" data-e-type=\"widget\" data-widget_type=\"html.default\">\n\t\t\t\t<div class=\"elementor-widget-container\">\n\t\t\t\t\t<iframe src=\"https:\/\/app.calconic.com\/api\/embed\/calculator\/63f389eae15e000029e87d8b\" sandbox=\"allow-same-origin allow-forms allow-scripts allow-top-navigation allow-popups-to-escape-sandbox allow-popups\" title=\"Calculadora Calconic\" name=\"Calconic_ Calculator\" height=\"1285.0001220703125px\" scrolling=\"no\" style=\"width: 100%; border: 0; outline: none;\"><\/iframe>\r\n<script>\r\n  (function() {\r\n    window.addEventListener(\"message\",function(t){\r\n      var e=\"https:\/\/www.paypalobjects.com\/api\/checkout.4.0.141.js\";\r\n      if(!document.querySelector('script[src=\"'+e+'\"]')&&t.data&&\"LOAD_PAYPAL\"===t.data.action){\r\n      var a=document.createElement(\"script\");a.src=e,a.async=!0,a.dataset={paypalCheckout:!0,noBridge:!0,state:\"ppxo_meta\",env:\"production\"},document.body.append(a)\r\n      }if(t.data&&\"CALCONIC_UPDATE_HEIGHT\"===t.data.action){\r\n      var s=document.querySelector('iframe[src=\"https:\/\/app.calconic.com\/api\/embed\/calculator\/'+t.data.payload.id+'\"]');\r\n      if(s){s.height=t.data.payload.height}}\r\n    });\r\n  })();\r\n<\/script>\t\t\t\t<\/div>\n\t\t\t\t<\/div>\n\t\t\t\t\t<\/div>\n\t\t<\/div>\n\t\t\t\t\t<\/div>\n\t\t<\/section>\n\t\t\t\t<\/div>","protected":false},"excerpt":{"rendered":"<p>Calculadora de ahorro de la serie Kuriverter Calcule f\u00e1cilmente el ahorro potencial que puede conseguir aplicando la tecnolog\u00eda Kuriverter en su sistema de \u00f3smosis inversa. \u00a0<\/p>","protected":false},"author":2,"featured_media":0,"parent":0,"menu_order":0,"comment_status":"closed","ping_status":"closed","template":"","meta":{"footnotes":""},"class_list":["post-13634","page","type-page","status-publish","hentry"],"yoast_head":"<!-- This site is optimized with the Yoast SEO plugin v25.5 - https:\/\/yoast.com\/wordpress\/plugins\/seo\/ -->\n<title>Kuriverter Savings Calculator - Kurita Europe<\/title>\n<meta name=\"robots\" content=\"index, follow, max-snippet:-1, max-image-preview:large, max-video-preview:-1\" \/>\n<link rel=\"canonical\" href=\"https:\/\/www.kurita.eu\/es\/calculadora-de-ahorro-kuriverter\/\" \/>\n<meta property=\"og:locale\" content=\"es_ES\" \/>\n<meta property=\"og:type\" content=\"article\" \/>\n<meta property=\"og:title\" content=\"Kuriverter Savings Calculator - Kurita Europe\" \/>\n<meta property=\"og:description\" content=\"Kuriverter Series Savings Calculator Easily calculate the potential savings you can achieve by applying Kuriverter technology into your RO system. \u00a0\" \/>\n<meta property=\"og:url\" content=\"https:\/\/www.kurita.eu\/es\/calculadora-de-ahorro-kuriverter\/\" \/>\n<meta property=\"og:site_name\" content=\"Kurita Europe\" \/>\n<meta property=\"article:modified_time\" content=\"2025-09-25T10:42:40+00:00\" \/>\n<meta property=\"og:image\" content=\"https:\/\/www.kurita.eu\/wp-content\/uploads\/2025\/07\/kurita-favicon-512x512-1.png\" \/>\n\t<meta property=\"og:image:width\" content=\"512\" \/>\n\t<meta property=\"og:image:height\" content=\"512\" \/>\n\t<meta property=\"og:image:type\" content=\"image\/png\" \/>\n<meta name=\"twitter:card\" content=\"summary_large_image\" \/>\n<meta name=\"twitter:label1\" content=\"Tiempo de lectura\" \/>\n\t<meta name=\"twitter:data1\" content=\"1 minuto\" \/>\n<script type=\"application\/ld+json\" class=\"yoast-schema-graph\">{\"@context\":\"https:\/\/schema.org\",\"@graph\":[{\"@type\":\"WebPage\",\"@id\":\"https:\/\/www.kurita.eu\/tr\/kuriverter-tasarruf-hesaplayici\/\",\"url\":\"https:\/\/www.kurita.eu\/tr\/kuriverter-tasarruf-hesaplayici\/\",\"name\":\"Kuriverter Savings Calculator - Kurita Europe\",\"isPartOf\":{\"@id\":\"https:\/\/kurita.eu\/en\/#website\"},\"datePublished\":\"2025-04-24T10:35:35+00:00\",\"dateModified\":\"2025-09-25T10:42:40+00:00\",\"breadcrumb\":{\"@id\":\"https:\/\/www.kurita.eu\/tr\/kuriverter-tasarruf-hesaplayici\/#breadcrumb\"},\"inLanguage\":\"es\",\"potentialAction\":[{\"@type\":\"ReadAction\",\"target\":[\"https:\/\/www.kurita.eu\/tr\/kuriverter-tasarruf-hesaplayici\/\"]}]},{\"@type\":\"BreadcrumbList\",\"@id\":\"https:\/\/www.kurita.eu\/tr\/kuriverter-tasarruf-hesaplayici\/#breadcrumb\",\"itemListElement\":[{\"@type\":\"ListItem\",\"position\":1,\"name\":\"Home\",\"item\":\"https:\/\/www.kurita.eu\/en\/\"},{\"@type\":\"ListItem\",\"position\":2,\"name\":\"Kuriverter Savings Calculator\"}]},{\"@type\":\"WebSite\",\"@id\":\"https:\/\/kurita.eu\/en\/#website\",\"url\":\"https:\/\/kurita.eu\/en\/\",\"name\":\"Kurita Europe\",\"description\":\"Water Treatment Solutions\",\"publisher\":{\"@id\":\"https:\/\/kurita.eu\/en\/#organization\"},\"potentialAction\":[{\"@type\":\"SearchAction\",\"target\":{\"@type\":\"EntryPoint\",\"urlTemplate\":\"https:\/\/kurita.eu\/en\/?s={search_term_string}\"},\"query-input\":{\"@type\":\"PropertyValueSpecification\",\"valueRequired\":true,\"valueName\":\"search_term_string\"}}],\"inLanguage\":\"es\"},{\"@type\":\"Organization\",\"@id\":\"https:\/\/kurita.eu\/en\/#organization\",\"name\":\"Kurita Europe\",\"url\":\"https:\/\/kurita.eu\/en\/\",\"logo\":{\"@type\":\"ImageObject\",\"inLanguage\":\"es\",\"@id\":\"https:\/\/kurita.eu\/en\/#\/schema\/logo\/image\/\",\"url\":\"\/wp-content\/uploads\/2025\/05\/cropped-brand_mark_horizon_blue.png\",\"contentUrl\":\"\/wp-content\/uploads\/2025\/05\/cropped-brand_mark_horizon_blue.png\",\"width\":712,\"height\":204,\"caption\":\"Kurita Europe\"},\"image\":{\"@id\":\"https:\/\/kurita.eu\/en\/#\/schema\/logo\/image\/\"}}]}<\/script>\n<!-- \/ Yoast SEO plugin. -->","yoast_head_json":{"title":"Calculadora de ahorro Kuriverter | Osmosis Inversa | Kurita Europe","robots":{"index":"index","follow":"follow","max-snippet":"max-snippet:-1","max-image-preview":"max-image-preview:large","max-video-preview":"max-video-preview:-1"},"canonical":"https:\/\/www.kurita.eu\/es\/calculadora-de-ahorro-kuriverter\/","og_locale":"es_ES","og_type":"article","og_title":"Kuriverter Savings Calculator - Kurita Europe","og_description":"Kuriverter Series Savings Calculator Easily calculate the potential savings you can achieve by applying Kuriverter technology into your RO system. \u00a0","og_url":"https:\/\/www.kurita.eu\/es\/calculadora-de-ahorro-kuriverter\/","og_site_name":"Kurita Europe","article_modified_time":"2025-09-25T10:42:40+00:00","og_image":[{"width":512,"height":512,"url":"https:\/\/www.kurita.eu\/wp-content\/uploads\/2025\/07\/kurita-favicon-512x512-1.png","type":"image\/png"}],"twitter_card":"summary_large_image","twitter_misc":{"Tiempo de lectura":"1 minuto"},"schema":{"@context":"https:\/\/schema.org","@graph":[{"@type":"WebPage","@id":"https:\/\/www.kurita.eu\/tr\/kuriverter-tasarruf-hesaplayici\/","url":"https:\/\/www.kurita.eu\/tr\/kuriverter-tasarruf-hesaplayici\/","name":"Calculadora de ahorro Kuriverter | Osmosis Inversa | Kurita Europe","isPartOf":{"@id":"https:\/\/kurita.eu\/en\/#website"},"datePublished":"2025-04-24T10:35:35+00:00","dateModified":"2025-09-25T10:42:40+00:00","breadcrumb":{"@id":"https:\/\/www.kurita.eu\/tr\/kuriverter-tasarruf-hesaplayici\/#breadcrumb"},"inLanguage":"es","potentialAction":[{"@type":"ReadAction","target":["https:\/\/www.kurita.eu\/tr\/kuriverter-tasarruf-hesaplayici\/"]}]},{"@type":"BreadcrumbList","@id":"https:\/\/www.kurita.eu\/tr\/kuriverter-tasarruf-hesaplayici\/#breadcrumb","itemListElement":[{"@type":"ListItem","position":1,"name":"Home","item":"https:\/\/www.kurita.eu\/en\/"},{"@type":"ListItem","position":2,"name":"Kuriverter Savings Calculator"}]},{"@type":"WebSite","@id":"https:\/\/kurita.eu\/en\/#website","url":"https:\/\/kurita.eu\/en\/","name":"Kurita Europa","description":"Soluciones para el tratamiento del agua","publisher":{"@id":"https:\/\/kurita.eu\/en\/#organization"},"potentialAction":[{"@type":"SearchAction","target":{"@type":"EntryPoint","urlTemplate":"https:\/\/kurita.eu\/en\/?s={search_term_string}"},"query-input":{"@type":"PropertyValueSpecification","valueRequired":true,"valueName":"search_term_string"}}],"inLanguage":"es"},{"@type":"Organization","@id":"https:\/\/kurita.eu\/en\/#organization","name":"Kurita Europa","url":"https:\/\/kurita.eu\/en\/","logo":{"@type":"ImageObject","inLanguage":"es","@id":"https:\/\/kurita.eu\/en\/#\/schema\/logo\/image\/","url":"\/wp-content\/uploads\/2025\/05\/cropped-brand_mark_horizon_blue.png","contentUrl":"\/wp-content\/uploads\/2025\/05\/cropped-brand_mark_horizon_blue.png","width":712,"height":204,"caption":"Kurita Europe"},"image":{"@id":"https:\/\/kurita.eu\/en\/#\/schema\/logo\/image\/"}}]}},"_links":{"self":[{"href":"https:\/\/www.kurita.eu\/es\/wp-json\/wp\/v2\/pages\/13634","targetHints":{"allow":["GET"]}}],"collection":[{"href":"https:\/\/www.kurita.eu\/es\/wp-json\/wp\/v2\/pages"}],"about":[{"href":"https:\/\/www.kurita.eu\/es\/wp-json\/wp\/v2\/types\/page"}],"author":[{"embeddable":true,"href":"https:\/\/www.kurita.eu\/es\/wp-json\/wp\/v2\/users\/2"}],"replies":[{"embeddable":true,"href":"https:\/\/www.kurita.eu\/es\/wp-json\/wp\/v2\/comments?post=13634"}],"version-history":[{"count":4,"href":"https:\/\/www.kurita.eu\/es\/wp-json\/wp\/v2\/pages\/13634\/revisions"}],"predecessor-version":[{"id":13641,"href":"https:\/\/www.kurita.eu\/es\/wp-json\/wp\/v2\/pages\/13634\/revisions\/13641"}],"wp:attachment":[{"href":"https:\/\/www.kurita.eu\/es\/wp-json\/wp\/v2\/media?parent=13634"}],"curies":[{"name":"wp","href":"https:\/\/api.w.org\/{rel}","templated":true}]}}