{"id":13908,"date":"2025-04-24T13:40:52","date_gmt":"2025-04-24T13:40:52","guid":{"rendered":"https:\/\/kurita-eu-gudza2cjbzfhcwbx.francecentral-01.azurewebsites.net\/?page_id=13908"},"modified":"2026-04-22T13:29:52","modified_gmt":"2026-04-22T13:29:52","slug":"albaphos","status":"publish","type":"page","link":"https:\/\/www.kurita.eu\/es\/solutions\/albaphos\/","title":{"rendered":"Albaphos"},"content":{"rendered":"<div data-elementor-type=\"wp-page\" data-elementor-id=\"13908\" class=\"elementor elementor-13908\" data-elementor-post-type=\"page\">\n\t\t\t\t\t\t<section class=\"elementor-section elementor-top-section elementor-element elementor-element-6f911088 elementor-section-full_width elementor-section-height-default elementor-section-height-default\" data-id=\"6f911088\" data-element_type=\"section\" data-e-type=\"section\">\n\t\t\t\t\t\t<div class=\"elementor-container elementor-column-gap-default\">\n\t\t\t\t\t<div class=\"elementor-column elementor-col-100 elementor-top-column elementor-element elementor-element-1d5a978\" data-id=\"1d5a978\" data-element_type=\"column\" data-e-type=\"column\">\n\t\t\t<div class=\"elementor-widget-wrap elementor-element-populated\">\n\t\t\t\t\t\t<div class=\"elementor-element elementor-element-11c8fd9a elementor--h-position-center elementor--v-position-middle elementor-arrows-position-inside elementor-pagination-position-inside elementor-widget elementor-widget-slides\" data-id=\"11c8fd9a\" data-element_type=\"widget\" data-e-type=\"widget\" data-settings=\"{&quot;navigation&quot;:&quot;both&quot;,&quot;autoplay&quot;:&quot;yes&quot;,&quot;pause_on_hover&quot;:&quot;yes&quot;,&quot;pause_on_interaction&quot;:&quot;yes&quot;,&quot;autoplay_speed&quot;:5000,&quot;infinite&quot;:&quot;yes&quot;,&quot;transition&quot;:&quot;slide&quot;,&quot;transition_speed&quot;:500}\" data-widget_type=\"slides.default\">\n\t\t\t\t<div class=\"elementor-widget-container\">\n\t\t\t\t\t\t\t\t\t<div class=\"elementor-swiper\">\n\t\t\t\t\t<div class=\"elementor-slides-wrapper elementor-main-swiper swiper\" role=\"region\" aria-roledescription=\"carousel\" aria-label=\"Diapositivas\" dir=\"ltr\" data-animation=\"fadeInUp\">\n\t\t\t\t<div class=\"swiper-wrapper elementor-slides\">\n\t\t\t\t\t\t\t\t\t\t<div class=\"elementor-repeater-item-4e0b9f7 swiper-slide\" role=\"group\" aria-roledescription=\"slide\"><div class=\"swiper-slide-bg elementor-ken-burns elementor-ken-burns--in\" role=\"img\" aria-label=\"Aplicaciones_Tratamiento_de_agua-401e7d4b-1.jpg\"><\/div><div class=\"elementor-background-overlay\"><\/div><div class=\"swiper-slide-inner\" ><div class=\"swiper-slide-contents\"><h1 class=\"elementor-slide-heading\">Albaphos\u00ae FB<\/h1><\/div><\/div><\/div>\t\t\t\t<\/div>\n\t\t\t\t\t\t\t<\/div>\n\t\t\t\t<\/div>\n\t\t\t\t\t\t\t\t<\/div>\n\t\t\t\t<\/div>\n\t\t\t\t\t<\/div>\n\t\t<\/div>\n\t\t\t\t\t<\/div>\n\t\t<\/section>\n\t\t\t\t<section class=\"elementor-section elementor-top-section elementor-element elementor-element-52d06eb3 elementor-section-boxed elementor-section-height-default elementor-section-height-default\" data-id=\"52d06eb3\" data-element_type=\"section\" data-e-type=\"section\">\n\t\t\t\t\t\t<div class=\"elementor-container elementor-column-gap-default\">\n\t\t\t\t\t<div class=\"elementor-column elementor-col-66 elementor-top-column elementor-element elementor-element-1c6b177c margin-content\" data-id=\"1c6b177c\" data-element_type=\"column\" data-e-type=\"column\">\n\t\t\t<div class=\"elementor-widget-wrap elementor-element-populated\">\n\t\t\t\t\t\t<div class=\"elementor-element elementor-element-e10ea24 elementor-widget elementor-widget-heading\" data-id=\"e10ea24\" data-element_type=\"widget\" data-e-type=\"widget\" data-widget_type=\"heading.default\">\n\t\t\t\t<div class=\"elementor-widget-container\">\n\t\t\t\t\t<h4 class=\"elementor-heading-title elementor-size-default\">Producto todo en uno: esterilizador y pasteurizador<\/h4>\t\t\t\t<\/div>\n\t\t\t\t<\/div>\n\t\t\t\t<div class=\"elementor-element elementor-element-2155bd84 elementor-invisible elementor-widget elementor-widget-text-editor\" data-id=\"2155bd84\" data-element_type=\"widget\" data-e-type=\"widget\" data-settings=\"{&quot;_animation&quot;:&quot;fadeInUp&quot;}\" data-widget_type=\"text-editor.default\">\n\t\t\t\t<div class=\"elementor-widget-container\">\n\t\t\t\t\t\t\t\t\t<p>Kurita ofrece Albaphos<sup>\u00ae<\/sup>\u00a0FB como una innovadora gama de productos para el tratamiento de\u00a0<strong>procesos de pasteurizaci\u00f3n y esterilizaci\u00f3n<\/strong>.<\/p><p>Las sustancias activas especiales optimizan el aspecto de los envases procesados. Los biocidas, inhibidores de corrosi\u00f3n e inhibidores de incrustaciones protegen el equipo de procesado, reducen las paradas de mantenimiento necesarias y aumentan la vida \u00fatil y la productividad de la planta.<\/p><p>Proporcionamos soluciones eficaces para la eliminaci\u00f3n de aceites y grasas, as\u00ed como para mejorar el brillo de los envases, lo que se traduce en bajos \u00edndices de rechazo de productos y en un funcionamiento m\u00e1s econ\u00f3mico de la planta.<\/p>\t\t\t\t\t\t\t\t<\/div>\n\t\t\t\t<\/div>\n\t\t\t\t\t<\/div>\n\t\t<\/div>\n\t\t\t\t<div class=\"elementor-column elementor-col-33 elementor-top-column elementor-element elementor-element-68602a5e margin-content\" data-id=\"68602a5e\" data-element_type=\"column\" data-e-type=\"column\">\n\t\t\t<div class=\"elementor-widget-wrap elementor-element-populated\">\n\t\t\t\t\t\t<div class=\"elementor-element elementor-element-4b0893e5 elementor-invisible elementor-widget elementor-widget-image\" data-id=\"4b0893e5\" data-element_type=\"widget\" data-e-type=\"widget\" data-settings=\"{&quot;_animation&quot;:&quot;fadeIn&quot;}\" data-widget_type=\"image.default\">\n\t\t\t\t<div class=\"elementor-widget-container\">\n\t\t\t\t\t\t\t\t\t\t\t\t\t\t\t<img fetchpriority=\"high\" decoding=\"async\" width=\"800\" height=\"450\" src=\"\/wp-content\/uploads\/2025\/04\/Horizontal-supporting-images-1-1024x576.jpg\" class=\"attachment-large size-large wp-image-13910\" alt=\"\" srcset=\"\/wp-content\/uploads\/2025\/04\/Horizontal-supporting-images-1-1024x576.jpg 1024w, \/wp-content\/uploads\/2025\/04\/Horizontal-supporting-images-1-300x169.jpg 300w, \/wp-content\/uploads\/2025\/04\/Horizontal-supporting-images-1-768x432.jpg 768w, \/wp-content\/uploads\/2025\/04\/Horizontal-supporting-images-1.jpg 1200w\" sizes=\"(max-width: 800px) 100vw, 800px\" data-no-translation=\"\" \/>\t\t\t\t\t\t\t\t\t\t\t\t\t\t\t<\/div>\n\t\t\t\t<\/div>\n\t\t\t\t\t<\/div>\n\t\t<\/div>\n\t\t\t\t\t<\/div>\n\t\t<\/section>\n\t\t\t\t<section class=\"elementor-section elementor-top-section elementor-element elementor-element-74d65304 elementor-section-boxed elementor-section-height-default elementor-section-height-default\" data-id=\"74d65304\" data-element_type=\"section\" data-e-type=\"section\" data-settings=\"{&quot;background_background&quot;:&quot;classic&quot;}\">\n\t\t\t\t\t\t<div class=\"elementor-container elementor-column-gap-default\">\n\t\t\t\t\t<div class=\"elementor-column elementor-col-100 elementor-top-column elementor-element elementor-element-3e327457 margin-content\" data-id=\"3e327457\" data-element_type=\"column\" data-e-type=\"column\">\n\t\t\t<div class=\"elementor-widget-wrap elementor-element-populated\">\n\t\t\t\t\t\t<div class=\"elementor-element elementor-element-5a0838f3 elementor-widget elementor-widget-heading\" data-id=\"5a0838f3\" data-element_type=\"widget\" data-e-type=\"widget\" data-widget_type=\"heading.default\">\n\t\t\t\t<div class=\"elementor-widget-container\">\n\t\t\t\t\t<h4 class=\"elementor-heading-title elementor-size-default\">Productos Albaphos\u00ae FB\n<\/h4>\t\t\t\t<\/div>\n\t\t\t\t<\/div>\n\t\t\t\t<section class=\"elementor-section elementor-inner-section elementor-element elementor-element-20489e93 elementor-section-boxed elementor-section-height-default elementor-section-height-default\" data-id=\"20489e93\" data-element_type=\"section\" data-e-type=\"section\">\n\t\t\t\t\t\t<div class=\"elementor-container elementor-column-gap-default\">\n\t\t\t\t\t<div class=\"elementor-column elementor-col-50 elementor-inner-column elementor-element elementor-element-77a95737\" data-id=\"77a95737\" data-element_type=\"column\" data-e-type=\"column\">\n\t\t\t<div class=\"elementor-widget-wrap elementor-element-populated\">\n\t\t\t\t\t\t<div class=\"elementor-element elementor-element-7d6ac169 elementor-widget elementor-widget-image\" data-id=\"7d6ac169\" data-element_type=\"widget\" data-e-type=\"widget\" data-widget_type=\"image.default\">\n\t\t\t\t<div class=\"elementor-widget-container\">\n\t\t\t\t\t\t\t\t\t\t\t\t\t\t\t<img decoding=\"async\" width=\"800\" height=\"544\" src=\"\/wp-content\/uploads\/2025\/04\/albaphos-FB-9100_2-1024x696.png\" class=\"attachment-large size-large wp-image-13911\" alt=\"\" srcset=\"\/wp-content\/uploads\/2025\/04\/albaphos-FB-9100_2-1024x696.png 1024w, \/wp-content\/uploads\/2025\/04\/albaphos-FB-9100_2-300x204.png 300w, \/wp-content\/uploads\/2025\/04\/albaphos-FB-9100_2-768x522.png 768w, \/wp-content\/uploads\/2025\/04\/albaphos-FB-9100_2.png 1200w\" sizes=\"(max-width: 800px) 100vw, 800px\" data-no-translation=\"\" \/>\t\t\t\t\t\t\t\t\t\t\t\t\t\t\t<\/div>\n\t\t\t\t<\/div>\n\t\t\t\t\t<\/div>\n\t\t<\/div>\n\t\t\t\t<div class=\"elementor-column elementor-col-50 elementor-inner-column elementor-element elementor-element-1aeffd0\" data-id=\"1aeffd0\" data-element_type=\"column\" data-e-type=\"column\">\n\t\t\t<div class=\"elementor-widget-wrap elementor-element-populated\">\n\t\t\t\t\t\t<div class=\"elementor-element elementor-element-15abe5d2 elementor-widget elementor-widget-image\" data-id=\"15abe5d2\" data-element_type=\"widget\" data-e-type=\"widget\" data-widget_type=\"image.default\">\n\t\t\t\t<div class=\"elementor-widget-container\">\n\t\t\t\t\t\t\t\t\t\t\t\t\t\t\t<img decoding=\"async\" width=\"800\" height=\"401\" src=\"\/wp-content\/uploads\/2025\/04\/albaphos-fb-9090-1024x513.png\" class=\"attachment-large size-large wp-image-13912\" alt=\"\" srcset=\"\/wp-content\/uploads\/2025\/04\/albaphos-fb-9090-1024x513.png 1024w, \/wp-content\/uploads\/2025\/04\/albaphos-fb-9090-300x150.png 300w, \/wp-content\/uploads\/2025\/04\/albaphos-fb-9090-768x385.png 768w, \/wp-content\/uploads\/2025\/04\/albaphos-fb-9090.png 1200w\" sizes=\"(max-width: 800px) 100vw, 800px\" data-no-translation=\"\" \/>\t\t\t\t\t\t\t\t\t\t\t\t\t\t\t<\/div>\n\t\t\t\t<\/div>\n\t\t\t\t\t<\/div>\n\t\t<\/div>\n\t\t\t\t\t<\/div>\n\t\t<\/section>\n\t\t\t\t\t<\/div>\n\t\t<\/div>\n\t\t\t\t\t<\/div>\n\t\t<\/section>\n\t\t\t\t<section class=\"elementor-section elementor-top-section elementor-element elementor-element-7e8030f elementor-section-boxed elementor-section-height-default elementor-section-height-default\" data-id=\"7e8030f\" data-element_type=\"section\" data-e-type=\"section\" data-settings=\"{&quot;background_background&quot;:&quot;classic&quot;}\">\n\t\t\t\t\t\t<div class=\"elementor-container elementor-column-gap-default\">\n\t\t\t\t\t<div class=\"elementor-column elementor-col-100 elementor-top-column elementor-element elementor-element-f9718d margin-content\" data-id=\"f9718d\" data-element_type=\"column\" data-e-type=\"column\">\n\t\t\t<div class=\"elementor-widget-wrap elementor-element-populated\">\n\t\t\t\t\t\t<div class=\"elementor-element elementor-element-1dc5b664 elementor-widget elementor-widget-heading\" data-id=\"1dc5b664\" data-element_type=\"widget\" data-e-type=\"widget\" data-widget_type=\"heading.default\">\n\t\t\t\t<div class=\"elementor-widget-container\">\n\t\t\t\t\t<h4 class=\"elementor-heading-title elementor-size-default\">Beneficios de Albaphos\u00ae FB\n<\/h4>\t\t\t\t<\/div>\n\t\t\t\t<\/div>\n\t\t\t\t<div class=\"elementor-element elementor-element-439f4ff6 elementor-invisible elementor-widget elementor-widget-text-editor\" data-id=\"439f4ff6\" data-element_type=\"widget\" data-e-type=\"widget\" data-settings=\"{&quot;_animation&quot;:&quot;fadeIn&quot;}\" data-widget_type=\"text-editor.default\">\n\t\t\t\t<div class=\"elementor-widget-container\">\n\t\t\t\t\t\t\t\t\t<ul><li>Protecci\u00f3n de todas las partes en contacto con el agua tratada,<\/li><li>Prevenir la corrosi\u00f3n y la formaci\u00f3n de incrustaciones,<\/li><li>Eliminaci\u00f3n de grasa y aceite,<\/li><li>Mejora del brillo de los agentes de enjuague de envases<\/li><li>Menores tasas de rechazo de productos<\/li><li>Mayor rentabilidad de la planta<\/li><\/ul>\t\t\t\t\t\t\t\t<\/div>\n\t\t\t\t<\/div>\n\t\t\t\t\t<\/div>\n\t\t<\/div>\n\t\t\t\t\t<\/div>\n\t\t<\/section>\n\t\t\t\t<section class=\"elementor-section elementor-top-section elementor-element elementor-element-e960302 elementor-section-boxed elementor-section-height-default elementor-section-height-default\" data-id=\"e960302\" data-element_type=\"section\" data-e-type=\"section\" data-settings=\"{&quot;background_background&quot;:&quot;classic&quot;}\">\n\t\t\t\t\t\t<div class=\"elementor-container elementor-column-gap-default\">\n\t\t\t\t\t<div class=\"elementor-column elementor-col-100 elementor-top-column elementor-element elementor-element-31888a04 margin-content\" data-id=\"31888a04\" data-element_type=\"column\" data-e-type=\"column\">\n\t\t\t<div class=\"elementor-widget-wrap elementor-element-populated\">\n\t\t\t\t\t\t<div class=\"elementor-element elementor-element-27e925b1 elementor-widget elementor-widget-heading\" data-id=\"27e925b1\" data-element_type=\"widget\" data-e-type=\"widget\" data-widget_type=\"heading.default\">\n\t\t\t\t<div class=\"elementor-widget-container\">\n\t\t\t\t\t<h2 class=\"elementor-heading-title elementor-size-default\">Estamos a su servicio<\/h2>\t\t\t\t<\/div>\n\t\t\t\t<\/div>\n\t\t\t\t<div class=\"elementor-element elementor-element-6c0eb20b elementor-widget elementor-widget-html\" data-id=\"6c0eb20b\" data-element_type=\"widget\" data-e-type=\"widget\" data-widget_type=\"html.default\">\n\t\t\t\t<div class=\"elementor-widget-container\">\n\t\t\t\t\t<div\r\n        data-form-id='f4d0a8e4-73ce-ef11-b8e8-000d3ab41b62'\r\n        data-form-api-url='https:\/\/public-eur.mkt.dynamics.com\/api\/v1.0\/orgs\/30cac5a2-33f9-ed11-a66d-000d3a64d748\/landingpageforms'\r\n        data-cached-form-url='https:\/\/assets-eur.mkt.dynamics.com\/30cac5a2-33f9-ed11-a66d-000d3a64d748\/digitalassets\/forms\/f4d0a8e4-73ce-ef11-b8e8-000d3ab41b62' ><\/div>\r\n        <script src = 'https:\/\/cxppusa1formui01cdnsa01-endpoint.azureedge.net\/eur\/FormLoader\/FormLoader.bundle.js' ><\/script>\r\n        <script>document.documentElement.lang = navigator.language;<\/script>\t\t\t\t<\/div>\n\t\t\t\t<\/div>\n\t\t\t\t\t<\/div>\n\t\t<\/div>\n\t\t\t\t\t<\/div>\n\t\t<\/section>\n\t\t\t\t<\/div>","protected":false},"excerpt":{"rendered":"<p>Albaphos\u00ae FB All-in-one product &#8211; Sterilizer and Pasteurizer Kurita offers Albaphos\u00ae\u00a0FB as an innovative product range for the treatment of\u00a0pasteurization and sterilization processes. Special active substances optimize the appearance of the processed packaging. Biocides, corrosion, and scale inhibitors protect the processing equipment, reduce necessary maintenance shutdowns and increase the plant lifetime and productivity. We provide [&hellip;]<\/p>\n","protected":false},"author":2,"featured_media":0,"parent":13875,"menu_order":0,"comment_status":"closed","ping_status":"closed","template":"","meta":{"footnotes":""},"class_list":["post-13908","page","type-page","status-publish","hentry"],"yoast_head":"<!-- This site is optimized with the Yoast SEO plugin v27.3 - https:\/\/yoast.com\/product\/yoast-seo-wordpress\/ -->\n<title>Albaphos - Kurita Europe<\/title>\n<meta name=\"description\" content=\"Kurita\u2019s Albaphos\u00ae solution prevents scaling and corrosion in water systems, ensuring long-term efficiency and asset protection.\" \/>\n<meta name=\"robots\" content=\"index, follow, max-snippet:-1, max-image-preview:large, max-video-preview:-1\" \/>\n<link rel=\"canonical\" href=\"https:\/\/www.kurita.eu\/es\/soluciones\/albaphos\/\" \/>\n<meta property=\"og:locale\" content=\"es_ES\" \/>\n<meta property=\"og:type\" content=\"article\" \/>\n<meta property=\"og:title\" content=\"Albaphos - Kurita Europe\" \/>\n<meta property=\"og:description\" content=\"Kurita\u2019s Albaphos\u00ae solution prevents scaling and corrosion in water systems, ensuring long-term efficiency and asset protection.\" \/>\n<meta property=\"og:url\" content=\"https:\/\/www.kurita.eu\/es\/soluciones\/albaphos\/\" \/>\n<meta property=\"og:site_name\" content=\"Kurita Europe\" \/>\n<meta property=\"article:modified_time\" content=\"2026-04-22T13:29:52+00:00\" \/>\n<meta property=\"og:image\" content=\"https:\/\/www.kurita.eu\/wp-content\/uploads\/2025\/07\/kurita-favicon-512x512-1.png\" \/>\n\t<meta property=\"og:image:width\" content=\"512\" \/>\n\t<meta property=\"og:image:height\" content=\"512\" \/>\n\t<meta property=\"og:image:type\" content=\"image\/png\" \/>\n<meta name=\"twitter:card\" content=\"summary_large_image\" \/>\n<meta name=\"twitter:site\" content=\"@KuritaGlobal\" \/>\n<meta name=\"twitter:label1\" content=\"Tiempo de lectura\" \/>\n\t<meta name=\"twitter:data1\" content=\"4 minutos\" \/>\n<script type=\"application\/ld+json\" class=\"yoast-schema-graph\">{\"@context\":\"https:\\\/\\\/schema.org\",\"@graph\":[{\"@type\":\"WebPage\",\"@id\":\"https:\\\/\\\/www.kurita.eu\\\/en\\\/solutions\\\/albaphos\\\/\",\"url\":\"https:\\\/\\\/www.kurita.eu\\\/en\\\/solutions\\\/albaphos\\\/\",\"name\":\"Albaphos - Kurita Europe\",\"isPartOf\":{\"@id\":\"https:\\\/\\\/www.kurita.eu\\\/se\\\/#website\"},\"datePublished\":\"2025-04-24T13:40:52+00:00\",\"dateModified\":\"2026-04-22T13:29:52+00:00\",\"description\":\"Kurita\u2019s Albaphos\u00ae solution prevents scaling and corrosion in water systems, ensuring long-term efficiency and asset protection.\",\"breadcrumb\":{\"@id\":\"https:\\\/\\\/www.kurita.eu\\\/en\\\/solutions\\\/albaphos\\\/#breadcrumb\"},\"inLanguage\":\"es\",\"potentialAction\":[{\"@type\":\"ReadAction\",\"target\":[\"https:\\\/\\\/www.kurita.eu\\\/en\\\/solutions\\\/albaphos\\\/\"]}]},{\"@type\":\"BreadcrumbList\",\"@id\":\"https:\\\/\\\/www.kurita.eu\\\/en\\\/solutions\\\/albaphos\\\/#breadcrumb\",\"itemListElement\":[{\"@type\":\"ListItem\",\"position\":1,\"name\":\"Home\",\"item\":\"https:\\\/\\\/www.kurita.eu\\\/de\\\/\"},{\"@type\":\"ListItem\",\"position\":2,\"name\":\"Solutions\",\"item\":\"https:\\\/\\\/www.kurita.eu\\\/se\\\/losningar\\\/\"},{\"@type\":\"ListItem\",\"position\":3,\"name\":\"Albaphos\"}]},{\"@type\":\"WebSite\",\"@id\":\"https:\\\/\\\/www.kurita.eu\\\/se\\\/#website\",\"url\":\"https:\\\/\\\/www.kurita.eu\\\/se\\\/\",\"name\":\"Kurita Europe\",\"description\":\"Water Treatment Solutions\",\"publisher\":{\"@id\":\"https:\\\/\\\/www.kurita.eu\\\/se\\\/#organization\"},\"potentialAction\":[{\"@type\":\"SearchAction\",\"target\":{\"@type\":\"EntryPoint\",\"urlTemplate\":\"https:\\\/\\\/www.kurita.eu\\\/se\\\/?s={search_term_string}\"},\"query-input\":{\"@type\":\"PropertyValueSpecification\",\"valueRequired\":true,\"valueName\":\"search_term_string\"}}],\"inLanguage\":\"es\"},{\"@type\":\"Organization\",\"@id\":\"https:\\\/\\\/www.kurita.eu\\\/se\\\/#organization\",\"name\":\"Kurita Europe\",\"url\":\"https:\\\/\\\/www.kurita.eu\\\/se\\\/\",\"logo\":{\"@type\":\"ImageObject\",\"inLanguage\":\"es\",\"@id\":\"https:\\\/\\\/www.kurita.eu\\\/se\\\/#\\\/schema\\\/logo\\\/image\\\/\",\"url\":\"\\\/wp-content\\\/uploads\\\/2025\\\/05\\\/cropped-brand_mark_horizon_blue.png\",\"contentUrl\":\"\\\/wp-content\\\/uploads\\\/2025\\\/05\\\/cropped-brand_mark_horizon_blue.png\",\"width\":712,\"height\":204,\"caption\":\"Kurita Europe\"},\"image\":{\"@id\":\"https:\\\/\\\/www.kurita.eu\\\/se\\\/#\\\/schema\\\/logo\\\/image\\\/\"},\"sameAs\":[\"https:\\\/\\\/x.com\\\/KuritaGlobal\",\"https:\\\/\\\/www.linkedin.com\\\/company\\\/kurita\\\/\"]}]}<\/script>\n<!-- \/ Yoast SEO plugin. -->","yoast_head_json":{"title":"Incrustaciones y corrosi\u00f3n en pasteurizadores | Albaphos | Kurita Europe","description":"La soluci\u00f3n Albaphos\u00ae de Kurita previene la formaci\u00f3n de incrustaciones y la corrosi\u00f3n en los sistemas de agua, garantizando la eficiencia a largo plazo y la protecci\u00f3n de los activos.","robots":{"index":"index","follow":"follow","max-snippet":"max-snippet:-1","max-image-preview":"max-image-preview:large","max-video-preview":"max-video-preview:-1"},"canonical":"https:\/\/www.kurita.eu\/es\/soluciones\/albaphos\/","og_locale":"es_ES","og_type":"article","og_title":"Albaphos - Kurita Europe","og_description":"Kurita\u2019s Albaphos\u00ae solution prevents scaling and corrosion in water systems, ensuring long-term efficiency and asset protection.","og_url":"https:\/\/www.kurita.eu\/es\/soluciones\/albaphos\/","og_site_name":"Kurita Europe","article_modified_time":"2026-04-22T13:29:52+00:00","og_image":[{"width":512,"height":512,"url":"https:\/\/www.kurita.eu\/wp-content\/uploads\/2025\/07\/kurita-favicon-512x512-1.png","type":"image\/png"}],"twitter_card":"summary_large_image","twitter_site":"@KuritaGlobal","twitter_misc":{"Tiempo de lectura":"4 minutos"},"schema":{"@context":"https:\/\/schema.org","@graph":[{"@type":"WebPage","@id":"https:\/\/www.kurita.eu\/en\/solutions\/albaphos\/","url":"https:\/\/www.kurita.eu\/en\/solutions\/albaphos\/","name":"Incrustaciones y corrosi\u00f3n en pasteurizadores | Albaphos | Kurita Europe","isPartOf":{"@id":"https:\/\/www.kurita.eu\/se\/#website"},"datePublished":"2025-04-24T13:40:52+00:00","dateModified":"2026-04-22T13:29:52+00:00","description":"La soluci\u00f3n Albaphos\u00ae de Kurita previene la formaci\u00f3n de incrustaciones y la corrosi\u00f3n en los sistemas de agua, garantizando la eficiencia a largo plazo y la protecci\u00f3n de los activos.","breadcrumb":{"@id":"https:\/\/www.kurita.eu\/en\/solutions\/albaphos\/#breadcrumb"},"inLanguage":"es","potentialAction":[{"@type":"ReadAction","target":["https:\/\/www.kurita.eu\/en\/solutions\/albaphos\/"]}]},{"@type":"BreadcrumbList","@id":"https:\/\/www.kurita.eu\/en\/solutions\/albaphos\/#breadcrumb","itemListElement":[{"@type":"ListItem","position":1,"name":"Home","item":"https:\/\/www.kurita.eu\/de\/"},{"@type":"ListItem","position":2,"name":"Solutions","item":"https:\/\/www.kurita.eu\/se\/losningar\/"},{"@type":"ListItem","position":3,"name":"Albaphos"}]},{"@type":"WebSite","@id":"https:\/\/www.kurita.eu\/se\/#website","url":"https:\/\/www.kurita.eu\/se\/","name":"Kurita Europa","description":"Soluciones para el tratamiento del agua","publisher":{"@id":"https:\/\/www.kurita.eu\/se\/#organization"},"potentialAction":[{"@type":"SearchAction","target":{"@type":"EntryPoint","urlTemplate":"https:\/\/www.kurita.eu\/se\/?s={search_term_string}"},"query-input":{"@type":"PropertyValueSpecification","valueRequired":true,"valueName":"search_term_string"}}],"inLanguage":"es"},{"@type":"Organization","@id":"https:\/\/www.kurita.eu\/se\/#organization","name":"Kurita Europa","url":"https:\/\/www.kurita.eu\/se\/","logo":{"@type":"ImageObject","inLanguage":"es","@id":"https:\/\/www.kurita.eu\/se\/#\/schema\/logo\/image\/","url":"\/wp-content\/uploads\/2025\/05\/cropped-brand_mark_horizon_blue.png","contentUrl":"\/wp-content\/uploads\/2025\/05\/cropped-brand_mark_horizon_blue.png","width":712,"height":204,"caption":"Kurita Europe"},"image":{"@id":"https:\/\/www.kurita.eu\/se\/#\/schema\/logo\/image\/"},"sameAs":["https:\/\/x.com\/KuritaGlobal","https:\/\/www.linkedin.com\/company\/kurita\/"]}]}},"_links":{"self":[{"href":"https:\/\/www.kurita.eu\/es\/wp-json\/wp\/v2\/pages\/13908","targetHints":{"allow":["GET"]}}],"collection":[{"href":"https:\/\/www.kurita.eu\/es\/wp-json\/wp\/v2\/pages"}],"about":[{"href":"https:\/\/www.kurita.eu\/es\/wp-json\/wp\/v2\/types\/page"}],"author":[{"embeddable":true,"href":"https:\/\/www.kurita.eu\/es\/wp-json\/wp\/v2\/users\/2"}],"replies":[{"embeddable":true,"href":"https:\/\/www.kurita.eu\/es\/wp-json\/wp\/v2\/comments?post=13908"}],"version-history":[{"count":7,"href":"https:\/\/www.kurita.eu\/es\/wp-json\/wp\/v2\/pages\/13908\/revisions"}],"predecessor-version":[{"id":22219,"href":"https:\/\/www.kurita.eu\/es\/wp-json\/wp\/v2\/pages\/13908\/revisions\/22219"}],"up":[{"embeddable":true,"href":"https:\/\/www.kurita.eu\/es\/wp-json\/wp\/v2\/pages\/13875"}],"wp:attachment":[{"href":"https:\/\/www.kurita.eu\/es\/wp-json\/wp\/v2\/media?parent=13908"}],"curies":[{"name":"wp","href":"https:\/\/api.w.org\/{rel}","templated":true}]}}