{"id":14122,"date":"2025-04-25T07:05:30","date_gmt":"2025-04-25T07:05:30","guid":{"rendered":"https:\/\/kurita-eu-gudza2cjbzfhcwbx.francecentral-01.azurewebsites.net\/?page_id=14122"},"modified":"2026-01-20T14:30:33","modified_gmt":"2026-01-20T14:30:33","slug":"integration-method","status":"publish","type":"page","link":"https:\/\/www.kurita.eu\/es\/solutions\/integration-method\/","title":{"rendered":"M\u00e9todo de integraci\u00f3n"},"content":{"rendered":"<div data-elementor-type=\"wp-page\" data-elementor-id=\"14122\" class=\"elementor elementor-14122\" data-elementor-post-type=\"page\">\n\t\t\t\t\t\t<section class=\"elementor-section elementor-top-section elementor-element elementor-element-7de9a1ca elementor-section-full_width elementor-section-height-default elementor-section-height-default\" data-id=\"7de9a1ca\" data-element_type=\"section\" data-e-type=\"section\">\n\t\t\t\t\t\t<div class=\"elementor-container elementor-column-gap-default\">\n\t\t\t\t\t<div class=\"elementor-column elementor-col-100 elementor-top-column elementor-element elementor-element-116623e6\" data-id=\"116623e6\" data-element_type=\"column\" data-e-type=\"column\">\n\t\t\t<div class=\"elementor-widget-wrap elementor-element-populated\">\n\t\t\t\t\t\t<div class=\"elementor-element elementor-element-412c156f elementor--h-position-center elementor--v-position-middle elementor-arrows-position-inside elementor-pagination-position-inside elementor-widget elementor-widget-slides\" data-id=\"412c156f\" data-element_type=\"widget\" data-e-type=\"widget\" data-settings=\"{&quot;navigation&quot;:&quot;both&quot;,&quot;autoplay&quot;:&quot;yes&quot;,&quot;pause_on_hover&quot;:&quot;yes&quot;,&quot;pause_on_interaction&quot;:&quot;yes&quot;,&quot;autoplay_speed&quot;:5000,&quot;infinite&quot;:&quot;yes&quot;,&quot;transition&quot;:&quot;slide&quot;,&quot;transition_speed&quot;:500}\" data-widget_type=\"slides.default\">\n\t\t\t\t<div class=\"elementor-widget-container\">\n\t\t\t\t\t\t\t\t\t<div class=\"elementor-swiper\">\n\t\t\t\t\t<div class=\"elementor-slides-wrapper elementor-main-swiper swiper\" role=\"region\" aria-roledescription=\"carousel\" aria-label=\"Diapositivas\" dir=\"ltr\" data-animation=\"fadeInUp\">\n\t\t\t\t<div class=\"swiper-wrapper elementor-slides\">\n\t\t\t\t\t\t\t\t\t\t<div class=\"elementor-repeater-item-4e0b9f7 swiper-slide\" role=\"group\" aria-roledescription=\"slide\"><div class=\"swiper-slide-bg elementor-ken-burns elementor-ken-burns--in\" role=\"img\" aria-label=\"Aplicaciones_Tratamiento_de_agua-401e7d4b-1.jpg\"><\/div><div class=\"elementor-background-overlay\"><\/div><div class=\"swiper-slide-inner\" ><div class=\"swiper-slide-contents\"><h1 class=\"elementor-slide-heading\">M\u00e9todo de integraci\u00f3n<\/h1><\/div><\/div><\/div>\t\t\t\t<\/div>\n\t\t\t\t\t\t\t<\/div>\n\t\t\t\t<\/div>\n\t\t\t\t\t\t\t\t<\/div>\n\t\t\t\t<\/div>\n\t\t\t\t\t<\/div>\n\t\t<\/div>\n\t\t\t\t\t<\/div>\n\t\t<\/section>\n\t\t\t\t<section class=\"elementor-section elementor-top-section elementor-element elementor-element-7d0fcc80 elementor-section-boxed elementor-section-height-default elementor-section-height-default\" data-id=\"7d0fcc80\" data-element_type=\"section\" data-e-type=\"section\">\n\t\t\t\t\t\t<div class=\"elementor-container elementor-column-gap-default\">\n\t\t\t\t\t<div class=\"elementor-column elementor-col-66 elementor-top-column elementor-element elementor-element-28469bcf margin-content\" data-id=\"28469bcf\" data-element_type=\"column\" data-e-type=\"column\">\n\t\t\t<div class=\"elementor-widget-wrap elementor-element-populated\">\n\t\t\t\t\t\t<div class=\"elementor-element elementor-element-48d7e8b9 elementor-widget elementor-widget-heading\" data-id=\"48d7e8b9\" data-element_type=\"widget\" data-e-type=\"widget\" data-widget_type=\"heading.default\">\n\t\t\t\t<div class=\"elementor-widget-container\">\n\t\t\t\t\t<h2 class=\"elementor-heading-title elementor-size-default\">Tratamiento del agua para obras hidr\u00e1ulicas y plantas municipales<\/h2>\t\t\t\t<\/div>\n\t\t\t\t<\/div>\n\t\t\t\t<div class=\"elementor-element elementor-element-6c590e2b elementor-invisible elementor-widget elementor-widget-text-editor\" data-id=\"6c590e2b\" data-element_type=\"widget\" data-e-type=\"widget\" data-settings=\"{&quot;_animation&quot;:&quot;fadeInUp&quot;}\" data-widget_type=\"text-editor.default\">\n\t\t\t\t<div class=\"elementor-widget-container\">\n\t\t\t\t\t\t\t\t\t<p>M\u00e9todo patentado por Kurita para el tratamiento de los sistemas de agua potable de las centrales abastecedoras y las plantas municipales de producci\u00f3n de agua.<\/p><ul><li>Los componentes son soluciones de fosfato y silicato<\/li><li>se separan las soluciones de fosfato y silicato y se ajusta la mezcla necesaria a la calidad del agua<\/li><li>Se entregan por separado y se almacenan en la f\u00e1brica de agua.<\/li><li>Ambos componentes se a\u00f1aden por separado al agua<\/li><\/ul>\t\t\t\t\t\t\t\t<\/div>\n\t\t\t\t<\/div>\n\t\t\t\t\t<\/div>\n\t\t<\/div>\n\t\t\t\t<div class=\"elementor-column elementor-col-33 elementor-top-column elementor-element elementor-element-1b9596ea margin-content\" data-id=\"1b9596ea\" data-element_type=\"column\" data-e-type=\"column\">\n\t\t\t<div class=\"elementor-widget-wrap elementor-element-populated\">\n\t\t\t\t\t\t<div class=\"elementor-element elementor-element-69ef807a elementor-invisible elementor-widget elementor-widget-image\" data-id=\"69ef807a\" data-element_type=\"widget\" data-e-type=\"widget\" data-settings=\"{&quot;_animation&quot;:&quot;fadeIn&quot;}\" data-widget_type=\"image.default\">\n\t\t\t\t<div class=\"elementor-widget-container\">\n\t\t\t\t\t\t\t\t\t\t\t\t\t\t\t<img fetchpriority=\"high\" decoding=\"async\" width=\"350\" height=\"299\" src=\"\/wp-content\/uploads\/2025\/04\/Stamp-Kurita-PATENTED-SOLUTION-0e304df3.png\" class=\"attachment-large size-large wp-image-12806\" alt=\"\" srcset=\"\/wp-content\/uploads\/2025\/04\/Stamp-Kurita-PATENTED-SOLUTION-0e304df3.png 350w, \/wp-content\/uploads\/2025\/04\/Stamp-Kurita-PATENTED-SOLUTION-0e304df3-300x256.png 300w\" sizes=\"(max-width: 350px) 100vw, 350px\" data-no-translation=\"\" \/>\t\t\t\t\t\t\t\t\t\t\t\t\t\t\t<\/div>\n\t\t\t\t<\/div>\n\t\t\t\t\t<\/div>\n\t\t<\/div>\n\t\t\t\t\t<\/div>\n\t\t<\/section>\n\t\t\t\t<section class=\"elementor-section elementor-top-section elementor-element elementor-element-6b431b89 elementor-section-boxed elementor-section-height-default elementor-section-height-default\" data-id=\"6b431b89\" data-element_type=\"section\" data-e-type=\"section\" data-settings=\"{&quot;background_background&quot;:&quot;classic&quot;}\">\n\t\t\t\t\t\t<div class=\"elementor-container elementor-column-gap-default\">\n\t\t\t\t\t<div class=\"elementor-column elementor-col-66 elementor-top-column elementor-element elementor-element-63ebb97b margin-content\" data-id=\"63ebb97b\" data-element_type=\"column\" data-e-type=\"column\">\n\t\t\t<div class=\"elementor-widget-wrap elementor-element-populated\">\n\t\t\t\t\t\t<div class=\"elementor-element elementor-element-46f58f8 elementor-widget elementor-widget-heading\" data-id=\"46f58f8\" data-element_type=\"widget\" data-e-type=\"widget\" data-widget_type=\"heading.default\">\n\t\t\t\t<div class=\"elementor-widget-container\">\n\t\t\t\t\t<h4 class=\"elementor-heading-title elementor-size-default\">La tecnolog\u00eda de la planta<\/h4>\t\t\t\t<\/div>\n\t\t\t\t<\/div>\n\t\t\t\t<div class=\"elementor-element elementor-element-7c8710bc elementor-invisible elementor-widget elementor-widget-text-editor\" data-id=\"7c8710bc\" data-element_type=\"widget\" data-e-type=\"widget\" data-settings=\"{&quot;_animation&quot;:&quot;fadeInUp&quot;}\" data-widget_type=\"text-editor.default\">\n\t\t\t\t<div class=\"elementor-widget-container\">\n\t\t\t\t\t\t\t\t\t<p>Realizamos la ingenier\u00eda; personalizamos el tratamiento y construimos la tecnolog\u00eda de planta necesaria.<\/p><p>Los componentes principales son:<\/p><ul><li>Dep\u00f3sitos separados para fosfato y silicato<\/li><li>Sistemas de dosificaci\u00f3n separados para fosfato y silicato<\/li><li>Se\u00f1al proporcional de caudal com\u00fan para las bombas dosificadoras<\/li><li>Adici\u00f3n independiente a la l\u00ednea de suministro de agua<\/li><\/ul>\t\t\t\t\t\t\t\t<\/div>\n\t\t\t\t<\/div>\n\t\t\t\t\t<\/div>\n\t\t<\/div>\n\t\t\t\t<div class=\"elementor-column elementor-col-33 elementor-top-column elementor-element elementor-element-192ff242 margin-content\" data-id=\"192ff242\" data-element_type=\"column\" data-e-type=\"column\">\n\t\t\t<div class=\"elementor-widget-wrap elementor-element-populated\">\n\t\t\t\t\t\t\t<\/div>\n\t\t<\/div>\n\t\t\t\t\t<\/div>\n\t\t<\/section>\n\t\t\t\t<section class=\"elementor-section elementor-top-section elementor-element elementor-element-36adeea5 elementor-section-boxed elementor-section-height-default elementor-section-height-default\" data-id=\"36adeea5\" data-element_type=\"section\" data-e-type=\"section\" data-settings=\"{&quot;background_background&quot;:&quot;classic&quot;}\">\n\t\t\t\t\t\t<div class=\"elementor-container elementor-column-gap-default\">\n\t\t\t\t\t<div class=\"elementor-column elementor-col-100 elementor-top-column elementor-element elementor-element-32c8043f margin-content\" data-id=\"32c8043f\" data-element_type=\"column\" data-e-type=\"column\">\n\t\t\t<div class=\"elementor-widget-wrap elementor-element-populated\">\n\t\t\t\t\t\t<div class=\"elementor-element elementor-element-10c0cd0 elementor-widget elementor-widget-heading\" data-id=\"10c0cd0\" data-element_type=\"widget\" data-e-type=\"widget\" data-widget_type=\"heading.default\">\n\t\t\t\t<div class=\"elementor-widget-container\">\n\t\t\t\t\t<h4 class=\"elementor-heading-title elementor-size-default\">Ventajas del m\u00e9todo de integraci\u00f3n<\/h4>\t\t\t\t<\/div>\n\t\t\t\t<\/div>\n\t\t\t\t<div class=\"elementor-element elementor-element-2a950f23 elementor-invisible elementor-widget elementor-widget-text-editor\" data-id=\"2a950f23\" data-element_type=\"widget\" data-e-type=\"widget\" data-settings=\"{&quot;_animation&quot;:&quot;fadeIn&quot;}\" data-widget_type=\"text-editor.default\">\n\t\t\t\t<div class=\"elementor-widget-container\">\n\t\t\t\t\t\t\t\t\t<p>Ya no es necesario un paso de mezcla durante el proceso de producci\u00f3n:<\/p><ul><li>Alta concentraci\u00f3n de las soluciones<\/li><li>Menor cantidad de almacenamiento<\/li><li>Menor cantidad de carga<\/li><li>Combinaci\u00f3n no bloqueada de fosfato y silicato<\/li><li>Composici\u00f3n de fosfato y silicato ajustable individualmente<\/li><\/ul>\t\t\t\t\t\t\t\t<\/div>\n\t\t\t\t<\/div>\n\t\t\t\t\t<\/div>\n\t\t<\/div>\n\t\t\t\t\t<\/div>\n\t\t<\/section>\n\t\t\t\t<section class=\"elementor-section elementor-top-section elementor-element elementor-element-ca97b69 elementor-section-boxed elementor-section-height-default elementor-section-height-default\" data-id=\"ca97b69\" data-element_type=\"section\" data-e-type=\"section\" data-settings=\"{&quot;background_background&quot;:&quot;classic&quot;}\">\n\t\t\t\t\t\t<div class=\"elementor-container elementor-column-gap-default\">\n\t\t\t\t\t<div class=\"elementor-column elementor-col-100 elementor-top-column elementor-element elementor-element-77e6eb87 margin-content\" data-id=\"77e6eb87\" data-element_type=\"column\" data-e-type=\"column\">\n\t\t\t<div class=\"elementor-widget-wrap elementor-element-populated\">\n\t\t\t\t\t\t<div class=\"elementor-element elementor-element-6fe79ce elementor-widget elementor-widget-heading\" data-id=\"6fe79ce\" data-element_type=\"widget\" data-e-type=\"widget\" data-widget_type=\"heading.default\">\n\t\t\t\t<div class=\"elementor-widget-container\">\n\t\t\t\t\t<h2 class=\"elementor-heading-title elementor-size-default\">Estamos a su servicio<\/h2>\t\t\t\t<\/div>\n\t\t\t\t<\/div>\n\t\t\t\t<div class=\"elementor-element elementor-element-a48f737 elementor-widget elementor-widget-global elementor-global-15703 elementor-widget-html\" data-id=\"a48f737\" data-element_type=\"widget\" data-e-type=\"widget\" data-widget_type=\"html.default\">\n\t\t\t\t<div class=\"elementor-widget-container\">\n\t\t\t\t\t<div\r\n        data-form-id='f4d0a8e4-73ce-ef11-b8e8-000d3ab41b62'\r\n        data-form-api-url='https:\/\/public-eur.mkt.dynamics.com\/api\/v1.0\/orgs\/30cac5a2-33f9-ed11-a66d-000d3a64d748\/landingpageforms'\r\n        data-cached-form-url='https:\/\/assets-eur.mkt.dynamics.com\/30cac5a2-33f9-ed11-a66d-000d3a64d748\/digitalassets\/forms\/f4d0a8e4-73ce-ef11-b8e8-000d3ab41b62' ><\/div>\r\n        <script src = 'https:\/\/cxppusa1formui01cdnsa01-endpoint.azureedge.net\/eur\/FormLoader\/FormLoader.bundle.js' ><\/script>\r\n        <script>document.documentElement.lang = navigator.language;<\/script>\t\t\t\t<\/div>\n\t\t\t\t<\/div>\n\t\t\t\t\t<\/div>\n\t\t<\/div>\n\t\t\t\t\t<\/div>\n\t\t<\/section>\n\t\t\t\t<\/div>","protected":false},"excerpt":{"rendered":"<p>M\u00e9todo patentado por Kurita para el tratamiento de sistemas de agua potable en centrales de abastecimiento y plantas municipales de producci\u00f3n de agua.<\/p>","protected":false},"author":2,"featured_media":0,"parent":13875,"menu_order":0,"comment_status":"closed","ping_status":"closed","template":"","meta":{"footnotes":""},"class_list":["post-14122","page","type-page","status-publish","hentry"],"yoast_head":"<!-- This site is optimized with the Yoast SEO plugin v27.3 - https:\/\/yoast.com\/product\/yoast-seo-wordpress\/ -->\n<title>Integration Method - Kurita Europe<\/title>\n<meta name=\"description\" content=\"Kurita\u2019s Integration Method: phosphate-silicate water treatment for safe, efficient, and sustainable drinking water systems.\" \/>\n<meta name=\"robots\" content=\"index, follow, max-snippet:-1, max-image-preview:large, max-video-preview:-1\" \/>\n<link rel=\"canonical\" href=\"https:\/\/www.kurita.eu\/es\/soluciones\/integration-method\/\" \/>\n<meta property=\"og:locale\" content=\"es_ES\" \/>\n<meta property=\"og:type\" content=\"article\" \/>\n<meta property=\"og:title\" content=\"Integration Method - Kurita Europe\" \/>\n<meta property=\"og:description\" content=\"Kurita\u2019s Integration Method: phosphate-silicate water treatment for safe, efficient, and sustainable drinking water systems.\" \/>\n<meta property=\"og:url\" content=\"https:\/\/www.kurita.eu\/es\/soluciones\/integration-method\/\" \/>\n<meta property=\"og:site_name\" content=\"Kurita Europe\" \/>\n<meta property=\"article:modified_time\" content=\"2026-01-20T14:30:33+00:00\" \/>\n<meta property=\"og:image\" content=\"https:\/\/www.kurita.eu\/wp-content\/uploads\/2025\/07\/kurita-favicon-512x512-1.png\" \/>\n\t<meta property=\"og:image:width\" content=\"512\" \/>\n\t<meta property=\"og:image:height\" content=\"512\" \/>\n\t<meta property=\"og:image:type\" content=\"image\/png\" \/>\n<meta name=\"twitter:card\" content=\"summary_large_image\" \/>\n<meta name=\"twitter:site\" content=\"@KuritaGlobal\" \/>\n<meta name=\"twitter:label1\" content=\"Tiempo de lectura\" \/>\n\t<meta name=\"twitter:data1\" content=\"3 minutos\" \/>\n<script type=\"application\/ld+json\" class=\"yoast-schema-graph\">{\"@context\":\"https:\\\/\\\/schema.org\",\"@graph\":[{\"@type\":\"WebPage\",\"@id\":\"https:\\\/\\\/www.kurita.eu\\\/pt\\\/solucoes\\\/integration-method\\\/\",\"url\":\"https:\\\/\\\/www.kurita.eu\\\/pt\\\/solucoes\\\/integration-method\\\/\",\"name\":\"Integration Method - Kurita Europe\",\"isPartOf\":{\"@id\":\"https:\\\/\\\/www.kurita.eu\\\/se\\\/#website\"},\"datePublished\":\"2025-04-25T07:05:30+00:00\",\"dateModified\":\"2026-01-20T14:30:33+00:00\",\"description\":\"Kurita\u2019s Integration Method: phosphate-silicate water treatment for safe, efficient, and sustainable drinking water systems.\",\"breadcrumb\":{\"@id\":\"https:\\\/\\\/www.kurita.eu\\\/pt\\\/solucoes\\\/integration-method\\\/#breadcrumb\"},\"inLanguage\":\"es\",\"potentialAction\":[{\"@type\":\"ReadAction\",\"target\":[\"https:\\\/\\\/www.kurita.eu\\\/pt\\\/solucoes\\\/integration-method\\\/\"]}]},{\"@type\":\"BreadcrumbList\",\"@id\":\"https:\\\/\\\/www.kurita.eu\\\/pt\\\/solucoes\\\/integration-method\\\/#breadcrumb\",\"itemListElement\":[{\"@type\":\"ListItem\",\"position\":1,\"name\":\"Home\",\"item\":\"https:\\\/\\\/www.kurita.eu\\\/de\\\/\"},{\"@type\":\"ListItem\",\"position\":2,\"name\":\"Solutions\",\"item\":\"https:\\\/\\\/www.kurita.eu\\\/se\\\/losningar\\\/\"},{\"@type\":\"ListItem\",\"position\":3,\"name\":\"Integration Method\"}]},{\"@type\":\"WebSite\",\"@id\":\"https:\\\/\\\/www.kurita.eu\\\/se\\\/#website\",\"url\":\"https:\\\/\\\/www.kurita.eu\\\/se\\\/\",\"name\":\"Kurita Europe\",\"description\":\"Water Treatment Solutions\",\"publisher\":{\"@id\":\"https:\\\/\\\/www.kurita.eu\\\/se\\\/#organization\"},\"potentialAction\":[{\"@type\":\"SearchAction\",\"target\":{\"@type\":\"EntryPoint\",\"urlTemplate\":\"https:\\\/\\\/www.kurita.eu\\\/se\\\/?s={search_term_string}\"},\"query-input\":{\"@type\":\"PropertyValueSpecification\",\"valueRequired\":true,\"valueName\":\"search_term_string\"}}],\"inLanguage\":\"es\"},{\"@type\":\"Organization\",\"@id\":\"https:\\\/\\\/www.kurita.eu\\\/se\\\/#organization\",\"name\":\"Kurita Europe\",\"url\":\"https:\\\/\\\/www.kurita.eu\\\/se\\\/\",\"logo\":{\"@type\":\"ImageObject\",\"inLanguage\":\"es\",\"@id\":\"https:\\\/\\\/www.kurita.eu\\\/se\\\/#\\\/schema\\\/logo\\\/image\\\/\",\"url\":\"\\\/wp-content\\\/uploads\\\/2025\\\/05\\\/cropped-brand_mark_horizon_blue.png\",\"contentUrl\":\"\\\/wp-content\\\/uploads\\\/2025\\\/05\\\/cropped-brand_mark_horizon_blue.png\",\"width\":712,\"height\":204,\"caption\":\"Kurita Europe\"},\"image\":{\"@id\":\"https:\\\/\\\/www.kurita.eu\\\/se\\\/#\\\/schema\\\/logo\\\/image\\\/\"},\"sameAs\":[\"https:\\\/\\\/x.com\\\/KuritaGlobal\",\"https:\\\/\\\/www.linkedin.com\\\/company\\\/kurita\\\/\"]}]}<\/script>\n<!-- \/ Yoast SEO plugin. -->","yoast_head_json":{"title":"Soluci\u00f3n integral para los metales pesados en red de agua potable | Kurita Integration Method","description":"M\u00e9todo de integraci\u00f3n de Kurita: tratamiento del agua con fosfato-silicato para sistemas de agua potable seguros, eficientes y sostenibles.","robots":{"index":"index","follow":"follow","max-snippet":"max-snippet:-1","max-image-preview":"max-image-preview:large","max-video-preview":"max-video-preview:-1"},"canonical":"https:\/\/www.kurita.eu\/es\/soluciones\/integration-method\/","og_locale":"es_ES","og_type":"article","og_title":"Integration Method - Kurita Europe","og_description":"Kurita\u2019s Integration Method: phosphate-silicate water treatment for safe, efficient, and sustainable drinking water systems.","og_url":"https:\/\/www.kurita.eu\/es\/soluciones\/integration-method\/","og_site_name":"Kurita Europe","article_modified_time":"2026-01-20T14:30:33+00:00","og_image":[{"width":512,"height":512,"url":"https:\/\/www.kurita.eu\/wp-content\/uploads\/2025\/07\/kurita-favicon-512x512-1.png","type":"image\/png"}],"twitter_card":"summary_large_image","twitter_site":"@KuritaGlobal","twitter_misc":{"Tiempo de lectura":"3 minutos"},"schema":{"@context":"https:\/\/schema.org","@graph":[{"@type":"WebPage","@id":"https:\/\/www.kurita.eu\/pt\/solucoes\/integration-method\/","url":"https:\/\/www.kurita.eu\/pt\/solucoes\/integration-method\/","name":"Soluci\u00f3n integral para los metales pesados en red de agua potable | Kurita Integration Method","isPartOf":{"@id":"https:\/\/www.kurita.eu\/se\/#website"},"datePublished":"2025-04-25T07:05:30+00:00","dateModified":"2026-01-20T14:30:33+00:00","description":"M\u00e9todo de integraci\u00f3n de Kurita: tratamiento del agua con fosfato-silicato para sistemas de agua potable seguros, eficientes y sostenibles.","breadcrumb":{"@id":"https:\/\/www.kurita.eu\/pt\/solucoes\/integration-method\/#breadcrumb"},"inLanguage":"es","potentialAction":[{"@type":"ReadAction","target":["https:\/\/www.kurita.eu\/pt\/solucoes\/integration-method\/"]}]},{"@type":"BreadcrumbList","@id":"https:\/\/www.kurita.eu\/pt\/solucoes\/integration-method\/#breadcrumb","itemListElement":[{"@type":"ListItem","position":1,"name":"Home","item":"https:\/\/www.kurita.eu\/de\/"},{"@type":"ListItem","position":2,"name":"Solutions","item":"https:\/\/www.kurita.eu\/se\/losningar\/"},{"@type":"ListItem","position":3,"name":"Integration Method"}]},{"@type":"WebSite","@id":"https:\/\/www.kurita.eu\/se\/#website","url":"https:\/\/www.kurita.eu\/se\/","name":"Kurita Europa","description":"Soluciones para el tratamiento del agua","publisher":{"@id":"https:\/\/www.kurita.eu\/se\/#organization"},"potentialAction":[{"@type":"SearchAction","target":{"@type":"EntryPoint","urlTemplate":"https:\/\/www.kurita.eu\/se\/?s={search_term_string}"},"query-input":{"@type":"PropertyValueSpecification","valueRequired":true,"valueName":"search_term_string"}}],"inLanguage":"es"},{"@type":"Organization","@id":"https:\/\/www.kurita.eu\/se\/#organization","name":"Kurita Europa","url":"https:\/\/www.kurita.eu\/se\/","logo":{"@type":"ImageObject","inLanguage":"es","@id":"https:\/\/www.kurita.eu\/se\/#\/schema\/logo\/image\/","url":"\/wp-content\/uploads\/2025\/05\/cropped-brand_mark_horizon_blue.png","contentUrl":"\/wp-content\/uploads\/2025\/05\/cropped-brand_mark_horizon_blue.png","width":712,"height":204,"caption":"Kurita Europe"},"image":{"@id":"https:\/\/www.kurita.eu\/se\/#\/schema\/logo\/image\/"},"sameAs":["https:\/\/x.com\/KuritaGlobal","https:\/\/www.linkedin.com\/company\/kurita\/"]}]}},"_links":{"self":[{"href":"https:\/\/www.kurita.eu\/es\/wp-json\/wp\/v2\/pages\/14122","targetHints":{"allow":["GET"]}}],"collection":[{"href":"https:\/\/www.kurita.eu\/es\/wp-json\/wp\/v2\/pages"}],"about":[{"href":"https:\/\/www.kurita.eu\/es\/wp-json\/wp\/v2\/types\/page"}],"author":[{"embeddable":true,"href":"https:\/\/www.kurita.eu\/es\/wp-json\/wp\/v2\/users\/2"}],"replies":[{"embeddable":true,"href":"https:\/\/www.kurita.eu\/es\/wp-json\/wp\/v2\/comments?post=14122"}],"version-history":[{"count":11,"href":"https:\/\/www.kurita.eu\/es\/wp-json\/wp\/v2\/pages\/14122\/revisions"}],"predecessor-version":[{"id":19336,"href":"https:\/\/www.kurita.eu\/es\/wp-json\/wp\/v2\/pages\/14122\/revisions\/19336"}],"up":[{"embeddable":true,"href":"https:\/\/www.kurita.eu\/es\/wp-json\/wp\/v2\/pages\/13875"}],"wp:attachment":[{"href":"https:\/\/www.kurita.eu\/es\/wp-json\/wp\/v2\/media?parent=14122"}],"curies":[{"name":"wp","href":"https:\/\/api.w.org\/{rel}","templated":true}]}}