{"id":14186,"date":"2025-04-25T07:32:59","date_gmt":"2025-04-25T07:32:59","guid":{"rendered":"https:\/\/kurita-eu-gudza2cjbzfhcwbx.francecentral-01.azurewebsites.net\/?page_id=14186"},"modified":"2025-05-15T08:49:19","modified_gmt":"2025-05-15T08:49:19","slug":"kuristuck","status":"publish","type":"page","link":"https:\/\/www.kurita.eu\/es\/solutions\/kuristuck\/","title":{"rendered":"Kuristuck"},"content":{"rendered":"<div data-elementor-type=\"wp-page\" data-elementor-id=\"14186\" class=\"elementor elementor-14186\" data-elementor-post-type=\"page\">\n\t\t\t\t\t\t<section class=\"elementor-section elementor-top-section elementor-element elementor-element-4d092c5 elementor-section-full_width elementor-section-height-default elementor-section-height-default\" data-id=\"4d092c5\" data-element_type=\"section\" data-e-type=\"section\">\n\t\t\t\t\t\t<div class=\"elementor-container elementor-column-gap-default\">\n\t\t\t\t\t<div class=\"elementor-column elementor-col-100 elementor-top-column elementor-element elementor-element-2051af20\" data-id=\"2051af20\" data-element_type=\"column\" data-e-type=\"column\">\n\t\t\t<div class=\"elementor-widget-wrap elementor-element-populated\">\n\t\t\t\t\t\t<div class=\"elementor-element elementor-element-5c4e54c6 elementor--h-position-center elementor--v-position-middle elementor-arrows-position-inside elementor-pagination-position-inside elementor-widget elementor-widget-slides\" data-id=\"5c4e54c6\" data-element_type=\"widget\" data-e-type=\"widget\" data-settings=\"{&quot;navigation&quot;:&quot;both&quot;,&quot;autoplay&quot;:&quot;yes&quot;,&quot;pause_on_hover&quot;:&quot;yes&quot;,&quot;pause_on_interaction&quot;:&quot;yes&quot;,&quot;autoplay_speed&quot;:5000,&quot;infinite&quot;:&quot;yes&quot;,&quot;transition&quot;:&quot;slide&quot;,&quot;transition_speed&quot;:500}\" data-widget_type=\"slides.default\">\n\t\t\t\t<div class=\"elementor-widget-container\">\n\t\t\t\t\t\t\t\t\t<div class=\"elementor-swiper\">\n\t\t\t\t\t<div class=\"elementor-slides-wrapper elementor-main-swiper swiper\" role=\"region\" aria-roledescription=\"carousel\" aria-label=\"Diapositivas\" dir=\"ltr\" data-animation=\"fadeInUp\">\n\t\t\t\t<div class=\"swiper-wrapper elementor-slides\">\n\t\t\t\t\t\t\t\t\t\t<div class=\"elementor-repeater-item-4e0b9f7 swiper-slide\" role=\"group\" aria-roledescription=\"slide\"><div class=\"swiper-slide-bg elementor-ken-burns elementor-ken-burns--in\" role=\"img\" aria-label=\"Splash-690a7c09.png\"><\/div><div class=\"elementor-background-overlay\"><\/div><div class=\"swiper-slide-inner\" ><div class=\"swiper-slide-contents\"><div class=\"elementor-slide-heading\">Kuristuck<\/div><\/div><\/div><\/div>\t\t\t\t<\/div>\n\t\t\t\t\t\t\t<\/div>\n\t\t\t\t<\/div>\n\t\t\t\t\t\t\t\t<\/div>\n\t\t\t\t<\/div>\n\t\t\t\t\t<\/div>\n\t\t<\/div>\n\t\t\t\t\t<\/div>\n\t\t<\/section>\n\t\t\t\t<section class=\"elementor-section elementor-top-section elementor-element elementor-element-74dff37 elementor-section-boxed elementor-section-height-default elementor-section-height-default\" data-id=\"74dff37\" data-element_type=\"section\" data-e-type=\"section\">\n\t\t\t\t\t\t<div class=\"elementor-container elementor-column-gap-default\">\n\t\t\t\t\t<div class=\"elementor-column elementor-col-66 elementor-top-column elementor-element elementor-element-2711732d margin-content\" data-id=\"2711732d\" data-element_type=\"column\" data-e-type=\"column\">\n\t\t\t<div class=\"elementor-widget-wrap elementor-element-populated\">\n\t\t\t\t\t\t<div class=\"elementor-element elementor-element-3b9efde1 elementor-widget elementor-widget-heading\" data-id=\"3b9efde1\" data-element_type=\"widget\" data-e-type=\"widget\" data-widget_type=\"heading.default\">\n\t\t\t\t<div class=\"elementor-widget-container\">\n\t\t\t\t\t<h4 class=\"elementor-heading-title elementor-size-default\">Tecnolog\u00eda Kuristuck original y competente para apoyar la sostenibilidad en el tratamiento de cabinas de pintura.\n<\/h4>\t\t\t\t<\/div>\n\t\t\t\t<\/div>\n\t\t\t\t<div class=\"elementor-element elementor-element-647d45bf elementor-invisible elementor-widget elementor-widget-text-editor\" data-id=\"647d45bf\" data-element_type=\"widget\" data-e-type=\"widget\" data-settings=\"{&quot;_animation&quot;:&quot;fadeInUp&quot;}\" data-widget_type=\"text-editor.default\">\n\t\t\t\t<div class=\"elementor-widget-container\">\n\t\t\t\t\t\t\t\t\t<p>En los sistemas de cabinas de pintura se recubren diferentes piezas de carrocer\u00eda y repuestos de los sectores de automoci\u00f3n, electrodom\u00e9sticos, electr\u00f3nica, pl\u00e1sticos y otros utilizando una o varias capas de pintura. El objetivo principal del tratamiento de las cabinas de pintura es eliminar la mayor cantidad posible de pintura en exceso para que las operaciones se desarrollen con \u00e9xito. Nuestra tecnolog\u00eda Kuristuck cumple este requisito eliminando el exceso de pulverizaci\u00f3n como lodo seco y va un paso m\u00e1s all\u00e1 del rendimiento de los tratamientos cl\u00e1sicos al mejorar la eficiencia general del sistema. Las principales funciones de los productos de tratamiento son reducir la pegajosidad de la pintura de exceso de pulverizaci\u00f3n y mejorar la separaci\u00f3n de la pintura del agua. Como resultado, se consigue un aumento de la tasa de reciclaje del agua, adem\u00e1s de una menor generaci\u00f3n y un f\u00e1cil tratamiento de los lodos.<\/p>\t\t\t\t\t\t\t\t<\/div>\n\t\t\t\t<\/div>\n\t\t\t\t\t<\/div>\n\t\t<\/div>\n\t\t\t\t<div class=\"elementor-column elementor-col-33 elementor-top-column elementor-element elementor-element-30a91d1 margin-content\" data-id=\"30a91d1\" data-element_type=\"column\" data-e-type=\"column\">\n\t\t\t<div class=\"elementor-widget-wrap elementor-element-populated\">\n\t\t\t\t\t\t\t<\/div>\n\t\t<\/div>\n\t\t\t\t\t<\/div>\n\t\t<\/section>\n\t\t\t\t<section class=\"elementor-section elementor-top-section elementor-element elementor-element-27488785 elementor-section-boxed elementor-section-height-default elementor-section-height-default\" data-id=\"27488785\" data-element_type=\"section\" data-e-type=\"section\" data-settings=\"{&quot;background_background&quot;:&quot;classic&quot;}\">\n\t\t\t\t\t\t<div class=\"elementor-container elementor-column-gap-default\">\n\t\t\t\t\t<div class=\"elementor-column elementor-col-100 elementor-top-column elementor-element elementor-element-7db7d77a margin-content\" data-id=\"7db7d77a\" data-element_type=\"column\" data-e-type=\"column\">\n\t\t\t<div class=\"elementor-widget-wrap elementor-element-populated\">\n\t\t\t\t\t\t<div class=\"elementor-element elementor-element-2305afdc elementor-widget elementor-widget-heading\" data-id=\"2305afdc\" data-element_type=\"widget\" data-e-type=\"widget\" data-widget_type=\"heading.default\">\n\t\t\t\t<div class=\"elementor-widget-container\">\n\t\t\t\t\t<h4 class=\"elementor-heading-title elementor-size-default\">La tecnolog\u00eda Kuristuck optimiza el funcionamiento de su cabina de pintura:\n<\/h4>\t\t\t\t<\/div>\n\t\t\t\t<\/div>\n\t\t\t\t<div class=\"elementor-element elementor-element-7c5d7989 elementor-invisible elementor-widget elementor-widget-text-editor\" data-id=\"7c5d7989\" data-element_type=\"widget\" data-e-type=\"widget\" data-settings=\"{&quot;_animation&quot;:&quot;fadeIn&quot;}\" data-widget_type=\"text-editor.default\">\n\t\t\t\t<div class=\"elementor-widget-container\">\n\t\t\t\t\t\t\t\t\t<ul><li>Completa detacki\ufb01caci\u00f3n de la pintura: mejora de la eficiencia total del sistema.<\/li><li>Reducci\u00f3n del agua de purga: ahorro de agua, carga de drenaje y CO<sub>2<\/sub>\u00a0reducci\u00f3n<\/li><li>Eliminaci\u00f3n rentable de los lodos secos que generan residuos y emisiones de CO<sub>2<\/sub>\u00a0reducci\u00f3n<\/li><li>Prevenci\u00f3n de la formaci\u00f3n de espuma, los olores y la corrosi\u00f3n<\/li><li>Beneficios medioambientales gracias a la reducci\u00f3n del impacto ambiental<\/li><\/ul>\t\t\t\t\t\t\t\t<\/div>\n\t\t\t\t<\/div>\n\t\t\t\t\t<\/div>\n\t\t<\/div>\n\t\t\t\t\t<\/div>\n\t\t<\/section>\n\t\t\t\t<section class=\"elementor-section elementor-top-section elementor-element elementor-element-17162d38 elementor-section-boxed elementor-section-height-default elementor-section-height-default\" data-id=\"17162d38\" data-element_type=\"section\" data-e-type=\"section\" data-settings=\"{&quot;background_background&quot;:&quot;classic&quot;}\">\n\t\t\t\t\t\t<div class=\"elementor-container elementor-column-gap-default\">\n\t\t\t\t\t<div class=\"elementor-column elementor-col-100 elementor-top-column elementor-element elementor-element-7fedd60a margin-content\" data-id=\"7fedd60a\" data-element_type=\"column\" data-e-type=\"column\">\n\t\t\t<div class=\"elementor-widget-wrap elementor-element-populated\">\n\t\t\t\t\t\t<div class=\"elementor-element elementor-element-6b3d9fde elementor-widget elementor-widget-heading\" data-id=\"6b3d9fde\" data-element_type=\"widget\" data-e-type=\"widget\" data-widget_type=\"heading.default\">\n\t\t\t\t<div class=\"elementor-widget-container\">\n\t\t\t\t\t<h4 class=\"elementor-heading-title elementor-size-default\">Tecnolog\u00eda innovadora para la detacki\ufb01caci\u00f3n y coagulaci\u00f3n de pinturas al disolvente y al agua:<\/h4>\t\t\t\t<\/div>\n\t\t\t\t<\/div>\n\t\t\t\t<div class=\"elementor-element elementor-element-382d0d2a elementor-invisible elementor-widget elementor-widget-text-editor\" data-id=\"382d0d2a\" data-element_type=\"widget\" data-e-type=\"widget\" data-settings=\"{&quot;_animation&quot;:&quot;fadeIn&quot;}\" data-widget_type=\"text-editor.default\">\n\t\t\t\t<div class=\"elementor-widget-container\">\n\t\t\t\t\t\t\t\t\t<ul><li>Las pinturas al disolvente pueden tratarse con Kuristuck B-200 y ajuste del pH o una combinaci\u00f3n de Kuristuck B-800 y Kuristuck B-450.<\/li><li>Las pinturas al agua pueden tratarse con Kuristuck B-210 y ajuste del pH o una combinaci\u00f3n de Kuristuck B-800 y Kuristuck B-450\/B-456.<\/li><li>Kuristuck B-800 es una tecnolog\u00eda pendiente de patente. Mantiene la durabilidad de la prevenci\u00f3n de espuma sin ning\u00fan ajuste de pH y asegura lodos no pegajosos que no se adhieren al sistema.<\/li><li>Los pol\u00edmeros floculantes Kuriflock sin aceite permiten mejorar el proceso de floculaci\u00f3n y transferir correctamente los lodos al sistema de recuperaci\u00f3n de lodos de la cabina de pintura.<\/li><li>La competente gama de antiespumantes respalda los productos de tratamiento para un funcionamiento sin problemas de las cabinas de pintura.<\/li><\/ul>\t\t\t\t\t\t\t\t<\/div>\n\t\t\t\t<\/div>\n\t\t\t\t\t<\/div>\n\t\t<\/div>\n\t\t\t\t\t<\/div>\n\t\t<\/section>\n\t\t\t\t<section class=\"elementor-section elementor-top-section elementor-element elementor-element-5acd5eed elementor-section-boxed elementor-section-height-default elementor-section-height-default\" data-id=\"5acd5eed\" data-element_type=\"section\" data-e-type=\"section\" data-settings=\"{&quot;background_background&quot;:&quot;classic&quot;}\">\n\t\t\t\t\t\t<div class=\"elementor-container elementor-column-gap-default\">\n\t\t\t\t\t<div class=\"elementor-column elementor-col-100 elementor-top-column elementor-element elementor-element-2a6bef74 margin-content\" data-id=\"2a6bef74\" data-element_type=\"column\" data-e-type=\"column\">\n\t\t\t<div class=\"elementor-widget-wrap elementor-element-populated\">\n\t\t\t\t\t\t<div class=\"elementor-element elementor-element-7320323f elementor-widget elementor-widget-heading\" data-id=\"7320323f\" data-element_type=\"widget\" data-e-type=\"widget\" data-widget_type=\"heading.default\">\n\t\t\t\t<div class=\"elementor-widget-container\">\n\t\t\t\t\t<h4 class=\"elementor-heading-title elementor-size-default\">Amplia gama de productos y programas de tratamiento a medida para pinturas con el fin de:<\/h4>\t\t\t\t<\/div>\n\t\t\t\t<\/div>\n\t\t\t\t<div class=\"elementor-element elementor-element-12dfa850 elementor-invisible elementor-widget elementor-widget-text-editor\" data-id=\"12dfa850\" data-element_type=\"widget\" data-e-type=\"widget\" data-settings=\"{&quot;_animation&quot;:&quot;fadeIn&quot;}\" data-widget_type=\"text-editor.default\">\n\t\t\t\t<div class=\"elementor-widget-container\">\n\t\t\t\t\t\t\t\t\t<ul><li>Mejor detacki\ufb01caci\u00f3n\u00a0<\/li><li>Mayor tasa de recuperaci\u00f3n de lodos<\/li><li>Menor frecuencia de limpieza<\/li><li>Reducci\u00f3n del vertido de agua<\/li><li>Funcionamiento fluido y seguro de la planta<\/li><li>Reducci\u00f3n del coste total de propiedad<\/li><\/ul><p>\u00a0<\/p>\t\t\t\t\t\t\t\t<\/div>\n\t\t\t\t<\/div>\n\t\t\t\t<div class=\"elementor-element elementor-element-3bbc00c9 elementor-widget elementor-widget-text-editor\" data-id=\"3bbc00c9\" data-element_type=\"widget\" data-e-type=\"widget\" data-widget_type=\"text-editor.default\">\n\t\t\t\t<div class=\"elementor-widget-container\">\n\t\t\t\t\t\t\t\t\t<p>Cada cabina de pintura es \u00fanica debido al n\u00famero de factores que influyen, por lo que se deben proporcionar soluciones espec\u00edficas de tratamiento qu\u00edmico y supervisi\u00f3n adaptadas a sus necesidades especiales. Siempre investigamos el conjunto de sus sistemas teniendo en cuenta todos los factores y ofrecemos las soluciones de tratamiento m\u00e1s adecuadas.<\/p>\t\t\t\t\t\t\t\t<\/div>\n\t\t\t\t<\/div>\n\t\t\t\t\t<\/div>\n\t\t<\/div>\n\t\t\t\t\t<\/div>\n\t\t<\/section>\n\t\t\t\t<section class=\"elementor-section elementor-top-section elementor-element elementor-element-6db15d1c elementor-section-boxed elementor-section-height-default elementor-section-height-default\" data-id=\"6db15d1c\" data-element_type=\"section\" data-e-type=\"section\" data-settings=\"{&quot;background_background&quot;:&quot;classic&quot;}\">\n\t\t\t\t\t\t<div class=\"elementor-container elementor-column-gap-default\">\n\t\t\t\t\t<div class=\"elementor-column elementor-col-100 elementor-top-column elementor-element elementor-element-4cbcb685 margin-content\" data-id=\"4cbcb685\" data-element_type=\"column\" data-e-type=\"column\">\n\t\t\t<div class=\"elementor-widget-wrap elementor-element-populated\">\n\t\t\t\t\t\t<div class=\"elementor-element elementor-element-749341fb elementor-widget elementor-widget-heading\" data-id=\"749341fb\" data-element_type=\"widget\" data-e-type=\"widget\" data-widget_type=\"heading.default\">\n\t\t\t\t<div class=\"elementor-widget-container\">\n\t\t\t\t\t<h2 class=\"elementor-heading-title elementor-size-default\">Estamos a su servicio<\/h2>\t\t\t\t<\/div>\n\t\t\t\t<\/div>\n\t\t\t\t<div class=\"elementor-element elementor-element-038e855 elementor-widget elementor-widget-global elementor-global-15703 elementor-widget-html\" data-id=\"038e855\" data-element_type=\"widget\" data-e-type=\"widget\" data-widget_type=\"html.default\">\n\t\t\t\t<div class=\"elementor-widget-container\">\n\t\t\t\t\t<div\r\n        data-form-id='f4d0a8e4-73ce-ef11-b8e8-000d3ab41b62'\r\n        data-form-api-url='https:\/\/public-eur.mkt.dynamics.com\/api\/v1.0\/orgs\/30cac5a2-33f9-ed11-a66d-000d3a64d748\/landingpageforms'\r\n        data-cached-form-url='https:\/\/assets-eur.mkt.dynamics.com\/30cac5a2-33f9-ed11-a66d-000d3a64d748\/digitalassets\/forms\/f4d0a8e4-73ce-ef11-b8e8-000d3ab41b62' ><\/div>\r\n        <script src = 'https:\/\/cxppusa1formui01cdnsa01-endpoint.azureedge.net\/eur\/FormLoader\/FormLoader.bundle.js' ><\/script>\r\n        <script>document.documentElement.lang = navigator.language;<\/script>\t\t\t\t<\/div>\n\t\t\t\t<\/div>\n\t\t\t\t\t<\/div>\n\t\t<\/div>\n\t\t\t\t\t<\/div>\n\t\t<\/section>\n\t\t\t\t<\/div>","protected":false},"excerpt":{"rendered":"<p>Kuristuck Original and competent Kuristuck Technology to support sustainability at paint booth treatment. In paint booth systems, different body and spare parts from automotive, appliance, electronics, plastics and other industries are coated by using one or multiple layers of paints. The main goal of the paint booth treatment is to remove as much overspray paint [&hellip;]<\/p>\n","protected":false},"author":2,"featured_media":0,"parent":13875,"menu_order":0,"comment_status":"closed","ping_status":"closed","template":"","meta":{"footnotes":""},"class_list":["post-14186","page","type-page","status-publish","hentry"],"yoast_head":"<!-- This site is optimized with the Yoast SEO plugin v27.3 - https:\/\/yoast.com\/product\/yoast-seo-wordpress\/ -->\n<title>Kuristuck - Kurita Europe<\/title>\n<meta name=\"robots\" content=\"index, follow, max-snippet:-1, max-image-preview:large, max-video-preview:-1\" \/>\n<link rel=\"canonical\" href=\"https:\/\/www.kurita.eu\/es\/soluciones\/kuristuck\/\" \/>\n<meta property=\"og:locale\" content=\"es_ES\" \/>\n<meta property=\"og:type\" content=\"article\" \/>\n<meta property=\"og:title\" content=\"Kuristuck - Kurita Europe\" \/>\n<meta property=\"og:description\" content=\"Kuristuck Original and competent Kuristuck Technology to support sustainability at paint booth treatment. In paint booth systems, different body and spare parts from automotive, appliance, electronics, plastics and other industries are coated by using one or multiple layers of paints. The main goal of the paint booth treatment is to remove as much overspray paint [&hellip;]\" \/>\n<meta property=\"og:url\" content=\"https:\/\/www.kurita.eu\/es\/soluciones\/kuristuck\/\" \/>\n<meta property=\"og:site_name\" content=\"Kurita Europe\" \/>\n<meta property=\"article:modified_time\" content=\"2025-05-15T08:49:19+00:00\" \/>\n<meta property=\"og:image\" content=\"https:\/\/www.kurita.eu\/wp-content\/uploads\/2025\/07\/kurita-favicon-512x512-1.png\" \/>\n\t<meta property=\"og:image:width\" content=\"512\" \/>\n\t<meta property=\"og:image:height\" content=\"512\" \/>\n\t<meta property=\"og:image:type\" content=\"image\/png\" \/>\n<meta name=\"twitter:card\" content=\"summary_large_image\" \/>\n<meta name=\"twitter:site\" content=\"@KuritaGlobal\" \/>\n<meta name=\"twitter:label1\" content=\"Tiempo de lectura\" \/>\n\t<meta name=\"twitter:data1\" content=\"2 minutos\" \/>\n<script type=\"application\/ld+json\" class=\"yoast-schema-graph\">{\"@context\":\"https:\\\/\\\/schema.org\",\"@graph\":[{\"@type\":\"WebPage\",\"@id\":\"https:\\\/\\\/www.kurita.eu\\\/pl\\\/solutions\\\/kuristuck\\\/\",\"url\":\"https:\\\/\\\/www.kurita.eu\\\/pl\\\/solutions\\\/kuristuck\\\/\",\"name\":\"Kuristuck - Kurita Europe\",\"isPartOf\":{\"@id\":\"https:\\\/\\\/www.kurita.eu\\\/se\\\/#website\"},\"datePublished\":\"2025-04-25T07:32:59+00:00\",\"dateModified\":\"2025-05-15T08:49:19+00:00\",\"breadcrumb\":{\"@id\":\"https:\\\/\\\/www.kurita.eu\\\/pl\\\/solutions\\\/kuristuck\\\/#breadcrumb\"},\"inLanguage\":\"es\",\"potentialAction\":[{\"@type\":\"ReadAction\",\"target\":[\"https:\\\/\\\/www.kurita.eu\\\/pl\\\/solutions\\\/kuristuck\\\/\"]}]},{\"@type\":\"BreadcrumbList\",\"@id\":\"https:\\\/\\\/www.kurita.eu\\\/pl\\\/solutions\\\/kuristuck\\\/#breadcrumb\",\"itemListElement\":[{\"@type\":\"ListItem\",\"position\":1,\"name\":\"Home\",\"item\":\"https:\\\/\\\/www.kurita.eu\\\/de\\\/\"},{\"@type\":\"ListItem\",\"position\":2,\"name\":\"Solutions\",\"item\":\"https:\\\/\\\/www.kurita.eu\\\/se\\\/losningar\\\/\"},{\"@type\":\"ListItem\",\"position\":3,\"name\":\"Kuristuck\"}]},{\"@type\":\"WebSite\",\"@id\":\"https:\\\/\\\/www.kurita.eu\\\/se\\\/#website\",\"url\":\"https:\\\/\\\/www.kurita.eu\\\/se\\\/\",\"name\":\"Kurita Europe\",\"description\":\"Water Treatment Solutions\",\"publisher\":{\"@id\":\"https:\\\/\\\/www.kurita.eu\\\/se\\\/#organization\"},\"potentialAction\":[{\"@type\":\"SearchAction\",\"target\":{\"@type\":\"EntryPoint\",\"urlTemplate\":\"https:\\\/\\\/www.kurita.eu\\\/se\\\/?s={search_term_string}\"},\"query-input\":{\"@type\":\"PropertyValueSpecification\",\"valueRequired\":true,\"valueName\":\"search_term_string\"}}],\"inLanguage\":\"es\"},{\"@type\":\"Organization\",\"@id\":\"https:\\\/\\\/www.kurita.eu\\\/se\\\/#organization\",\"name\":\"Kurita Europe\",\"url\":\"https:\\\/\\\/www.kurita.eu\\\/se\\\/\",\"logo\":{\"@type\":\"ImageObject\",\"inLanguage\":\"es\",\"@id\":\"https:\\\/\\\/www.kurita.eu\\\/se\\\/#\\\/schema\\\/logo\\\/image\\\/\",\"url\":\"\\\/wp-content\\\/uploads\\\/2025\\\/05\\\/cropped-brand_mark_horizon_blue.png\",\"contentUrl\":\"\\\/wp-content\\\/uploads\\\/2025\\\/05\\\/cropped-brand_mark_horizon_blue.png\",\"width\":712,\"height\":204,\"caption\":\"Kurita Europe\"},\"image\":{\"@id\":\"https:\\\/\\\/www.kurita.eu\\\/se\\\/#\\\/schema\\\/logo\\\/image\\\/\"},\"sameAs\":[\"https:\\\/\\\/x.com\\\/KuritaGlobal\",\"https:\\\/\\\/www.linkedin.com\\\/company\\\/kurita\\\/\"]}]}<\/script>\n<!-- \/ Yoast SEO plugin. -->","yoast_head_json":{"title":"Overspray y pegajosidad en cabinas de pintura | Kuristuck | Kurita Europe","robots":{"index":"index","follow":"follow","max-snippet":"max-snippet:-1","max-image-preview":"max-image-preview:large","max-video-preview":"max-video-preview:-1"},"canonical":"https:\/\/www.kurita.eu\/es\/soluciones\/kuristuck\/","og_locale":"es_ES","og_type":"article","og_title":"Kuristuck - Kurita Europe","og_description":"Kuristuck Original and competent Kuristuck Technology to support sustainability at paint booth treatment. In paint booth systems, different body and spare parts from automotive, appliance, electronics, plastics and other industries are coated by using one or multiple layers of paints. The main goal of the paint booth treatment is to remove as much overspray paint [&hellip;]","og_url":"https:\/\/www.kurita.eu\/es\/soluciones\/kuristuck\/","og_site_name":"Kurita Europe","article_modified_time":"2025-05-15T08:49:19+00:00","og_image":[{"width":512,"height":512,"url":"https:\/\/www.kurita.eu\/wp-content\/uploads\/2025\/07\/kurita-favicon-512x512-1.png","type":"image\/png"}],"twitter_card":"summary_large_image","twitter_site":"@KuritaGlobal","twitter_misc":{"Tiempo de lectura":"2 minutos"},"schema":{"@context":"https:\/\/schema.org","@graph":[{"@type":"WebPage","@id":"https:\/\/www.kurita.eu\/pl\/solutions\/kuristuck\/","url":"https:\/\/www.kurita.eu\/pl\/solutions\/kuristuck\/","name":"Overspray y pegajosidad en cabinas de pintura | Kuristuck | Kurita Europe","isPartOf":{"@id":"https:\/\/www.kurita.eu\/se\/#website"},"datePublished":"2025-04-25T07:32:59+00:00","dateModified":"2025-05-15T08:49:19+00:00","breadcrumb":{"@id":"https:\/\/www.kurita.eu\/pl\/solutions\/kuristuck\/#breadcrumb"},"inLanguage":"es","potentialAction":[{"@type":"ReadAction","target":["https:\/\/www.kurita.eu\/pl\/solutions\/kuristuck\/"]}]},{"@type":"BreadcrumbList","@id":"https:\/\/www.kurita.eu\/pl\/solutions\/kuristuck\/#breadcrumb","itemListElement":[{"@type":"ListItem","position":1,"name":"Home","item":"https:\/\/www.kurita.eu\/de\/"},{"@type":"ListItem","position":2,"name":"Solutions","item":"https:\/\/www.kurita.eu\/se\/losningar\/"},{"@type":"ListItem","position":3,"name":"Kuristuck"}]},{"@type":"WebSite","@id":"https:\/\/www.kurita.eu\/se\/#website","url":"https:\/\/www.kurita.eu\/se\/","name":"Kurita Europa","description":"Soluciones para el tratamiento del agua","publisher":{"@id":"https:\/\/www.kurita.eu\/se\/#organization"},"potentialAction":[{"@type":"SearchAction","target":{"@type":"EntryPoint","urlTemplate":"https:\/\/www.kurita.eu\/se\/?s={search_term_string}"},"query-input":{"@type":"PropertyValueSpecification","valueRequired":true,"valueName":"search_term_string"}}],"inLanguage":"es"},{"@type":"Organization","@id":"https:\/\/www.kurita.eu\/se\/#organization","name":"Kurita Europa","url":"https:\/\/www.kurita.eu\/se\/","logo":{"@type":"ImageObject","inLanguage":"es","@id":"https:\/\/www.kurita.eu\/se\/#\/schema\/logo\/image\/","url":"\/wp-content\/uploads\/2025\/05\/cropped-brand_mark_horizon_blue.png","contentUrl":"\/wp-content\/uploads\/2025\/05\/cropped-brand_mark_horizon_blue.png","width":712,"height":204,"caption":"Kurita Europe"},"image":{"@id":"https:\/\/www.kurita.eu\/se\/#\/schema\/logo\/image\/"},"sameAs":["https:\/\/x.com\/KuritaGlobal","https:\/\/www.linkedin.com\/company\/kurita\/"]}]}},"_links":{"self":[{"href":"https:\/\/www.kurita.eu\/es\/wp-json\/wp\/v2\/pages\/14186","targetHints":{"allow":["GET"]}}],"collection":[{"href":"https:\/\/www.kurita.eu\/es\/wp-json\/wp\/v2\/pages"}],"about":[{"href":"https:\/\/www.kurita.eu\/es\/wp-json\/wp\/v2\/types\/page"}],"author":[{"embeddable":true,"href":"https:\/\/www.kurita.eu\/es\/wp-json\/wp\/v2\/users\/2"}],"replies":[{"embeddable":true,"href":"https:\/\/www.kurita.eu\/es\/wp-json\/wp\/v2\/comments?post=14186"}],"version-history":[{"count":7,"href":"https:\/\/www.kurita.eu\/es\/wp-json\/wp\/v2\/pages\/14186\/revisions"}],"predecessor-version":[{"id":15749,"href":"https:\/\/www.kurita.eu\/es\/wp-json\/wp\/v2\/pages\/14186\/revisions\/15749"}],"up":[{"embeddable":true,"href":"https:\/\/www.kurita.eu\/es\/wp-json\/wp\/v2\/pages\/13875"}],"wp:attachment":[{"href":"https:\/\/www.kurita.eu\/es\/wp-json\/wp\/v2\/media?parent=14186"}],"curies":[{"name":"wp","href":"https:\/\/api.w.org\/{rel}","templated":true}]}}