{"id":14533,"date":"2025-04-25T10:07:50","date_gmt":"2025-04-25T10:07:50","guid":{"rendered":"https:\/\/kurita-eu-gudza2cjbzfhcwbx.francecentral-01.azurewebsites.net\/?page_id=14533"},"modified":"2026-03-12T14:57:38","modified_gmt":"2026-03-12T14:57:38","slug":"piscina","status":"publish","type":"page","link":"https:\/\/www.kurita.eu\/es\/water-treatment\/swimming-pool\/","title":{"rendered":"Piscina"},"content":{"rendered":"<div data-elementor-type=\"wp-page\" data-elementor-id=\"14533\" class=\"elementor elementor-14533\" data-elementor-post-type=\"page\">\n\t\t\t\t\t\t<section class=\"elementor-section elementor-top-section elementor-element elementor-element-73bee311 elementor-section-full_width elementor-section-height-default elementor-section-height-default\" data-id=\"73bee311\" data-element_type=\"section\" data-e-type=\"section\">\n\t\t\t\t\t\t<div class=\"elementor-container elementor-column-gap-default\">\n\t\t\t\t\t<div class=\"elementor-column elementor-col-100 elementor-top-column elementor-element elementor-element-51892ad9\" data-id=\"51892ad9\" data-element_type=\"column\" data-e-type=\"column\">\n\t\t\t<div class=\"elementor-widget-wrap elementor-element-populated\">\n\t\t\t\t\t\t<div class=\"elementor-element elementor-element-292e10a0 elementor--h-position-center elementor--v-position-middle elementor-arrows-position-inside elementor-pagination-position-inside elementor-widget elementor-widget-slides\" data-id=\"292e10a0\" data-element_type=\"widget\" data-e-type=\"widget\" data-settings=\"{&quot;navigation&quot;:&quot;both&quot;,&quot;autoplay&quot;:&quot;yes&quot;,&quot;pause_on_hover&quot;:&quot;yes&quot;,&quot;pause_on_interaction&quot;:&quot;yes&quot;,&quot;autoplay_speed&quot;:5000,&quot;infinite&quot;:&quot;yes&quot;,&quot;transition&quot;:&quot;slide&quot;,&quot;transition_speed&quot;:500}\" data-widget_type=\"slides.default\">\n\t\t\t\t<div class=\"elementor-widget-container\">\n\t\t\t\t\t\t\t\t\t<div class=\"elementor-swiper\">\n\t\t\t\t\t<div class=\"elementor-slides-wrapper elementor-main-swiper swiper\" role=\"region\" aria-roledescription=\"carousel\" aria-label=\"Diapositivas\" dir=\"ltr\" data-animation=\"fadeInUp\">\n\t\t\t\t<div class=\"swiper-wrapper elementor-slides\">\n\t\t\t\t\t\t\t\t\t\t<div class=\"elementor-repeater-item-4e0b9f7 swiper-slide\" role=\"group\" aria-roledescription=\"slide\"><div class=\"swiper-slide-bg elementor-ken-burns elementor-ken-burns--in\" role=\"img\" aria-label=\"Piscina\"><\/div><div class=\"elementor-background-overlay\"><\/div><div class=\"swiper-slide-inner\" ><div class=\"swiper-slide-contents\"><h1 class=\"elementor-slide-heading\">Tratamiento del agua de las piscinas<\/h1><\/div><\/div><\/div>\t\t\t\t<\/div>\n\t\t\t\t\t\t\t<\/div>\n\t\t\t\t<\/div>\n\t\t\t\t\t\t\t\t<\/div>\n\t\t\t\t<\/div>\n\t\t\t\t\t<\/div>\n\t\t<\/div>\n\t\t\t\t\t<\/div>\n\t\t<\/section>\n\t\t\t\t<section class=\"elementor-section elementor-top-section elementor-element elementor-element-1ce0dc77 elementor-section-boxed elementor-section-height-default elementor-section-height-default\" data-id=\"1ce0dc77\" data-element_type=\"section\" data-e-type=\"section\">\n\t\t\t\t\t\t<div class=\"elementor-container elementor-column-gap-default\">\n\t\t\t\t\t<div class=\"elementor-column elementor-col-100 elementor-top-column elementor-element elementor-element-14909af8 margin-content\" data-id=\"14909af8\" data-element_type=\"column\" data-e-type=\"column\">\n\t\t\t<div class=\"elementor-widget-wrap elementor-element-populated\">\n\t\t\t\t\t\t<div class=\"elementor-element elementor-element-265b3272 elementor-widget elementor-widget-heading\" data-id=\"265b3272\" data-element_type=\"widget\" data-e-type=\"widget\" data-widget_type=\"heading.default\">\n\t\t\t\t<div class=\"elementor-widget-container\">\n\t\t\t\t\t<h4 class=\"elementor-heading-title elementor-size-default\">Tecnolog\u00eda completa e innovadora para el tratamiento de piscinas<\/h4>\t\t\t\t<\/div>\n\t\t\t\t<\/div>\n\t\t\t\t<div class=\"elementor-element elementor-element-29f25b09 elementor-widget elementor-widget-text-editor\" data-id=\"29f25b09\" data-element_type=\"widget\" data-e-type=\"widget\" data-widget_type=\"text-editor.default\">\n\t\t\t\t<div class=\"elementor-widget-container\">\n\t\t\t\t\t\t\t\t\t<p>Kurita ofrece una amplia gama de productos qu\u00edmicos para el tratamiento del agua de las piscinas. Estos productos han demostrado su eficacia durante muchos a\u00f1os.<\/p><p>Existen varios tipos de piscinas. Las piscinas difieren en funci\u00f3n (piscina tropical, sauna), tama\u00f1o y condiciones, como la temperatura del agua, el sistema de limpieza y el mecanismo de desinfecci\u00f3n del agua. Se puede hacer una divisi\u00f3n en piscinas cubiertas y al aire libre. Existe una diferencia entre las piscinas con un sistema de recirculaci\u00f3n del agua y las piscinas que se someten a un refresco constante del agua. En las piscinas de recirculaci\u00f3n, el agua se recicla a partir de un sistema de depuraci\u00f3n. Una parte del agua se separa y se lleva despu\u00e9s del tratamiento. La piscina se llena con agua dulce.<br \/>Cuando una piscina tiene un caudal continuo, el agua se refresca continuamente. El agua que se recircula de la piscina se vierte al alcantarillado o se transporta a una depuradora. La mayor\u00eda de las piscinas p\u00fablicas aplican la recirculaci\u00f3n del agua.<\/p>\t\t\t\t\t\t\t\t<\/div>\n\t\t\t\t<\/div>\n\t\t\t\t\t<\/div>\n\t\t<\/div>\n\t\t\t\t\t<\/div>\n\t\t<\/section>\n\t\t\t\t<section class=\"elementor-section elementor-top-section elementor-element elementor-element-33f73fc1 elementor-section-boxed elementor-section-height-default elementor-section-height-default\" data-id=\"33f73fc1\" data-element_type=\"section\" data-e-type=\"section\" data-settings=\"{&quot;background_background&quot;:&quot;classic&quot;}\">\n\t\t\t\t\t\t<div class=\"elementor-container elementor-column-gap-default\">\n\t\t\t\t\t<div class=\"elementor-column elementor-col-100 elementor-top-column elementor-element elementor-element-4136be55 margin-content\" data-id=\"4136be55\" data-element_type=\"column\" data-e-type=\"column\">\n\t\t\t<div class=\"elementor-widget-wrap elementor-element-populated\">\n\t\t\t\t\t\t<div class=\"elementor-element elementor-element-31c69935 elementor-widget elementor-widget-heading\" data-id=\"31c69935\" data-element_type=\"widget\" data-e-type=\"widget\" data-widget_type=\"heading.default\">\n\t\t\t\t<div class=\"elementor-widget-container\">\n\t\t\t\t\t<h4 class=\"elementor-heading-title elementor-size-default\">\u00bfQu\u00e9 tipo de productos de tratamiento de piscinas ofrece Kurita?\n<\/h4>\t\t\t\t<\/div>\n\t\t\t\t<\/div>\n\t\t\t\t<div class=\"elementor-element elementor-element-7a47e923 elementor-widget elementor-widget-text-editor\" data-id=\"7a47e923\" data-element_type=\"widget\" data-e-type=\"widget\" data-widget_type=\"text-editor.default\">\n\t\t\t\t<div class=\"elementor-widget-container\">\n\t\t\t\t\t\t\t\t\t<p>El agua de las piscinas debe someterse a un tratamiento para que se mantenga clara y limpia, libre de sustancias nocivas, bacterias, virus, algas y otros agentes pat\u00f3genos y apta para el uso de los ba\u00f1istas. El tratamiento del agua de las piscinas est\u00e1 sujeto a normas y reglamentos locales. Nuestra gama de productos le ofrece la oportunidad de elegir el programa de tratamiento adecuado para el funcionamiento higi\u00e9nico de su piscina. Nuestros representantes Kurita, altamente cualificados, pueden ayudarle en este sentido.<\/p><p><a href=\"https:\/\/www.kurita.eu\/es\/soluciones\/ferrodor\/\">Ferrodor<sup>\u00ae<\/sup><\/a>\u00a0se compone de acondicionadores de filtros y superficies, agentes de flotaci\u00f3n, reguladores del pH, desinfectantes y productos complementarios. Con esta gama de productos, Kurita ofrece una r\u00e1pida localizaci\u00f3n de aver\u00edas y soluciones a medida en caso de diversos problemas, como:<\/p><ul><li style=\"list-style-type: none;\"><ul><li>Agua turbia, poco clara, coloreada<\/li><li>Formaci\u00f3n de incrustaciones en las superficies de las piscinas<\/li><li>Superficies resbaladizas y aguas turbias verdes<\/li><li>Irritaci\u00f3n ocular y cut\u00e1nea<\/li><\/ul><\/li><\/ul>\t\t\t\t\t\t\t\t<\/div>\n\t\t\t\t<\/div>\n\t\t\t\t\t<\/div>\n\t\t<\/div>\n\t\t\t\t\t<\/div>\n\t\t<\/section>\n\t\t\t\t<section class=\"elementor-section elementor-top-section elementor-element elementor-element-1918270c elementor-section-boxed elementor-section-height-default elementor-section-height-default\" data-id=\"1918270c\" data-element_type=\"section\" data-e-type=\"section\" data-settings=\"{&quot;background_background&quot;:&quot;classic&quot;}\">\n\t\t\t\t\t\t<div class=\"elementor-container elementor-column-gap-default\">\n\t\t\t\t\t<div class=\"elementor-column elementor-col-100 elementor-top-column elementor-element elementor-element-695b59d2 margin-content\" data-id=\"695b59d2\" data-element_type=\"column\" data-e-type=\"column\">\n\t\t\t<div class=\"elementor-widget-wrap elementor-element-populated\">\n\t\t\t\t\t\t<div class=\"elementor-element elementor-element-1f9a2f59 elementor-widget elementor-widget-heading\" data-id=\"1f9a2f59\" data-element_type=\"widget\" data-e-type=\"widget\" data-widget_type=\"heading.default\">\n\t\t\t\t<div class=\"elementor-widget-container\">\n\t\t\t\t\t<h4 class=\"elementor-heading-title elementor-size-default\">\u00bfPor qu\u00e9 elegir Kurita?<\/h4>\t\t\t\t<\/div>\n\t\t\t\t<\/div>\n\t\t\t\t<div class=\"elementor-element elementor-element-264b28f elementor-widget elementor-widget-text-editor\" data-id=\"264b28f\" data-element_type=\"widget\" data-e-type=\"widget\" data-widget_type=\"text-editor.default\">\n\t\t\t\t<div class=\"elementor-widget-container\">\n\t\t\t\t\t\t\t\t\t<p>Hemos adquirido experiencia en el tratamiento de piscinas a lo largo de varias d\u00e9cadas. Nuestras soluciones le permiten respetar la legislaci\u00f3n y el medio ambiente. Nuestro objetivo es proporcionar soluciones de tratamiento para un buen funcionamiento del sistema.<\/p><ul><li>Mantener o incluso mejorar la calidad del agua<\/li><li>Reducir los costes de explotaci\u00f3n<\/li><li>Para garantizar el buen funcionamiento de la piscina<\/li><li>Para cumplir la estricta normativa<\/li><\/ul>\t\t\t\t\t\t\t\t<\/div>\n\t\t\t\t<\/div>\n\t\t\t\t\t<\/div>\n\t\t<\/div>\n\t\t\t\t\t<\/div>\n\t\t<\/section>\n\t\t\t\t<section class=\"elementor-section elementor-top-section elementor-element elementor-element-eba2529 elementor-section-boxed elementor-section-height-default elementor-section-height-default\" data-id=\"eba2529\" data-element_type=\"section\" data-e-type=\"section\" data-settings=\"{&quot;background_background&quot;:&quot;classic&quot;}\">\n\t\t\t\t\t\t<div class=\"elementor-container elementor-column-gap-default\">\n\t\t\t\t\t<div class=\"elementor-column elementor-col-100 elementor-top-column elementor-element elementor-element-cda31be margin-content\" data-id=\"cda31be\" data-element_type=\"column\" data-e-type=\"column\">\n\t\t\t<div class=\"elementor-widget-wrap elementor-element-populated\">\n\t\t\t\t\t\t<div class=\"elementor-element elementor-element-a5b355a elementor-widget elementor-widget-heading\" data-id=\"a5b355a\" data-element_type=\"widget\" data-e-type=\"widget\" data-widget_type=\"heading.default\">\n\t\t\t\t<div class=\"elementor-widget-container\">\n\t\t\t\t\t<h2 class=\"elementor-heading-title elementor-size-default\">Soluciones clave<\/h2>\t\t\t\t<\/div>\n\t\t\t\t<\/div>\n\t\t\t\t<div class=\"elementor-element elementor-element-f678afc elementor-posts--thumbnail-none elementor-grid-2 elementor-grid-tablet-2 elementor-grid-mobile-1 elementor-card-shadow-yes elementor-posts__hover-gradient elementor-widget elementor-widget-posts\" data-id=\"f678afc\" data-element_type=\"widget\" data-e-type=\"widget\" data-settings=\"{&quot;cards_columns&quot;:&quot;2&quot;,&quot;cards_columns_tablet&quot;:&quot;2&quot;,&quot;cards_columns_mobile&quot;:&quot;1&quot;,&quot;cards_row_gap&quot;:{&quot;unit&quot;:&quot;px&quot;,&quot;size&quot;:35,&quot;sizes&quot;:[]},&quot;cards_row_gap_widescreen&quot;:{&quot;unit&quot;:&quot;px&quot;,&quot;size&quot;:&quot;&quot;,&quot;sizes&quot;:[]},&quot;cards_row_gap_laptop&quot;:{&quot;unit&quot;:&quot;px&quot;,&quot;size&quot;:&quot;&quot;,&quot;sizes&quot;:[]},&quot;cards_row_gap_tablet&quot;:{&quot;unit&quot;:&quot;px&quot;,&quot;size&quot;:&quot;&quot;,&quot;sizes&quot;:[]},&quot;cards_row_gap_mobile&quot;:{&quot;unit&quot;:&quot;px&quot;,&quot;size&quot;:&quot;&quot;,&quot;sizes&quot;:[]}}\" data-widget_type=\"posts.cards\">\n\t\t\t\t<div class=\"elementor-widget-container\">\n\t\t\t\t\t\t\t<div class=\"elementor-posts-container elementor-posts elementor-posts--skin-cards elementor-grid\" role=\"list\">\n\t\t\t\t<article class=\"elementor-post elementor-grid-item post-14051 page type-page status-publish hentry\" role=\"listitem\">\n\t\t\t<div class=\"elementor-post__card\">\n\t\t\t\t<div class=\"elementor-post__text\">\n\t\t\t\t<h4 class=\"elementor-post__title\">\n\t\t\t<a href=\"https:\/\/www.kurita.eu\/es\/solutions\/ferrodor\/\" target=\"&quot;_blank&quot;\">\n\t\t\t\tFerrodor\t\t\t<\/a>\n\t\t<\/h4>\n\t\t\t\t<div class=\"elementor-post__excerpt\">\n\t\t\t<p>Ferrodor\u00ae Ferrodor\u00ae - Para garantizar el buen funcionamiento de la piscina La tecnolog\u00eda integral e innovadora de Kurita para el tratamiento de piscinas ofrece una amplia gama de productos. El tratamiento del agua de las piscinas plantea dos retos Higiene para los ba\u00f1istas Claridad del agua<\/p>\n\t\t<\/div>\n\t\t\t\t<\/div>\n\t\t\t\t\t<\/div>\n\t\t<\/article>\n\t\t\t\t<\/div>\n\t\t\n\t\t\t\t\t\t<\/div>\n\t\t\t\t<\/div>\n\t\t\t\t\t<\/div>\n\t\t<\/div>\n\t\t\t\t\t<\/div>\n\t\t<\/section>\n\t\t\t\t<\/div>","protected":false},"excerpt":{"rendered":"<p>Kurita ofrece una amplia gama de productos qu\u00edmicos para el tratamiento del agua de las piscinas. <\/p>","protected":false},"author":2,"featured_media":14538,"parent":14484,"menu_order":0,"comment_status":"closed","ping_status":"closed","template":"","meta":{"footnotes":""},"class_list":["post-14533","page","type-page","status-publish","has-post-thumbnail","hentry"],"yoast_head":"<!-- This site is optimized with the Yoast SEO plugin v27.3 - https:\/\/yoast.com\/product\/yoast-seo-wordpress\/ -->\n<title>Swimming Pool - Kurita Europe<\/title>\n<meta name=\"robots\" content=\"index, follow, max-snippet:-1, max-image-preview:large, max-video-preview:-1\" \/>\n<link rel=\"canonical\" href=\"https:\/\/www.kurita.eu\/es\/tratamiento-del-agua\/piscina\/\" \/>\n<meta property=\"og:locale\" content=\"es_ES\" \/>\n<meta property=\"og:type\" content=\"article\" \/>\n<meta property=\"og:title\" content=\"Swimming Pool - Kurita Europe\" \/>\n<meta property=\"og:description\" content=\"Kurita offers a wide product range of swimming pool water treatment chemicals.\" \/>\n<meta property=\"og:url\" content=\"https:\/\/www.kurita.eu\/es\/tratamiento-del-agua\/piscina\/\" \/>\n<meta property=\"og:site_name\" content=\"Kurita Europe\" \/>\n<meta property=\"article:modified_time\" content=\"2026-03-12T14:57:38+00:00\" \/>\n<meta property=\"og:image\" content=\"https:\/\/www.kurita.eu\/wp-content\/uploads\/2025\/04\/Applications_WaterTreatment_DrinkingWater-56a111e3.jpg\" \/>\n\t<meta property=\"og:image:width\" content=\"870\" \/>\n\t<meta property=\"og:image:height\" content=\"350\" \/>\n\t<meta property=\"og:image:type\" content=\"image\/jpeg\" \/>\n<meta name=\"twitter:card\" content=\"summary_large_image\" \/>\n<meta name=\"twitter:site\" content=\"@KuritaGlobal\" \/>\n<meta name=\"twitter:label1\" content=\"Tiempo de lectura\" \/>\n\t<meta name=\"twitter:data1\" content=\"3 minutos\" \/>\n<script type=\"application\/ld+json\" class=\"yoast-schema-graph\">{\"@context\":\"https:\\\/\\\/schema.org\",\"@graph\":[{\"@type\":\"WebPage\",\"@id\":\"https:\\\/\\\/www.kurita.eu\\\/pl\\\/uzdatnianie-wody\\\/basen\\\/\",\"url\":\"https:\\\/\\\/www.kurita.eu\\\/pl\\\/uzdatnianie-wody\\\/basen\\\/\",\"name\":\"Swimming Pool - Kurita Europe\",\"isPartOf\":{\"@id\":\"https:\\\/\\\/www.kurita.eu\\\/se\\\/#website\"},\"primaryImageOfPage\":{\"@id\":\"https:\\\/\\\/www.kurita.eu\\\/pl\\\/uzdatnianie-wody\\\/basen\\\/#primaryimage\"},\"image\":{\"@id\":\"https:\\\/\\\/www.kurita.eu\\\/pl\\\/uzdatnianie-wody\\\/basen\\\/#primaryimage\"},\"thumbnailUrl\":\"\\\/wp-content\\\/uploads\\\/2025\\\/04\\\/Applications_WaterTreatment_DrinkingWater-56a111e3.jpg\",\"datePublished\":\"2025-04-25T10:07:50+00:00\",\"dateModified\":\"2026-03-12T14:57:38+00:00\",\"breadcrumb\":{\"@id\":\"https:\\\/\\\/www.kurita.eu\\\/pl\\\/uzdatnianie-wody\\\/basen\\\/#breadcrumb\"},\"inLanguage\":\"es\",\"potentialAction\":[{\"@type\":\"ReadAction\",\"target\":[\"https:\\\/\\\/www.kurita.eu\\\/pl\\\/uzdatnianie-wody\\\/basen\\\/\"]}]},{\"@type\":\"ImageObject\",\"inLanguage\":\"es\",\"@id\":\"https:\\\/\\\/www.kurita.eu\\\/pl\\\/uzdatnianie-wody\\\/basen\\\/#primaryimage\",\"url\":\"\\\/wp-content\\\/uploads\\\/2025\\\/04\\\/Applications_WaterTreatment_DrinkingWater-56a111e3.jpg\",\"contentUrl\":\"\\\/wp-content\\\/uploads\\\/2025\\\/04\\\/Applications_WaterTreatment_DrinkingWater-56a111e3.jpg\",\"width\":870,\"height\":350,\"caption\":\"Swimming Pool\"},{\"@type\":\"BreadcrumbList\",\"@id\":\"https:\\\/\\\/www.kurita.eu\\\/pl\\\/uzdatnianie-wody\\\/basen\\\/#breadcrumb\",\"itemListElement\":[{\"@type\":\"ListItem\",\"position\":1,\"name\":\"Home\",\"item\":\"https:\\\/\\\/www.kurita.eu\\\/de\\\/\"},{\"@type\":\"ListItem\",\"position\":2,\"name\":\"Water Treatment\",\"item\":\"https:\\\/\\\/www.kurita.eu\\\/fr\\\/traitement-de-leau\\\/\"},{\"@type\":\"ListItem\",\"position\":3,\"name\":\"Swimming Pool\"}]},{\"@type\":\"WebSite\",\"@id\":\"https:\\\/\\\/www.kurita.eu\\\/se\\\/#website\",\"url\":\"https:\\\/\\\/www.kurita.eu\\\/se\\\/\",\"name\":\"Kurita Europe\",\"description\":\"Water Treatment Solutions\",\"publisher\":{\"@id\":\"https:\\\/\\\/www.kurita.eu\\\/se\\\/#organization\"},\"potentialAction\":[{\"@type\":\"SearchAction\",\"target\":{\"@type\":\"EntryPoint\",\"urlTemplate\":\"https:\\\/\\\/www.kurita.eu\\\/se\\\/?s={search_term_string}\"},\"query-input\":{\"@type\":\"PropertyValueSpecification\",\"valueRequired\":true,\"valueName\":\"search_term_string\"}}],\"inLanguage\":\"es\"},{\"@type\":\"Organization\",\"@id\":\"https:\\\/\\\/www.kurita.eu\\\/se\\\/#organization\",\"name\":\"Kurita Europe\",\"url\":\"https:\\\/\\\/www.kurita.eu\\\/se\\\/\",\"logo\":{\"@type\":\"ImageObject\",\"inLanguage\":\"es\",\"@id\":\"https:\\\/\\\/www.kurita.eu\\\/se\\\/#\\\/schema\\\/logo\\\/image\\\/\",\"url\":\"\\\/wp-content\\\/uploads\\\/2025\\\/05\\\/cropped-brand_mark_horizon_blue.png\",\"contentUrl\":\"\\\/wp-content\\\/uploads\\\/2025\\\/05\\\/cropped-brand_mark_horizon_blue.png\",\"width\":712,\"height\":204,\"caption\":\"Kurita Europe\"},\"image\":{\"@id\":\"https:\\\/\\\/www.kurita.eu\\\/se\\\/#\\\/schema\\\/logo\\\/image\\\/\"},\"sameAs\":[\"https:\\\/\\\/x.com\\\/KuritaGlobal\",\"https:\\\/\\\/www.linkedin.com\\\/company\\\/kurita\\\/\"]}]}<\/script>\n<!-- \/ Yoast SEO plugin. -->","yoast_head_json":{"title":"Piscina - Kurita Europe","robots":{"index":"index","follow":"follow","max-snippet":"max-snippet:-1","max-image-preview":"max-image-preview:large","max-video-preview":"max-video-preview:-1"},"canonical":"https:\/\/www.kurita.eu\/es\/tratamiento-del-agua\/piscina\/","og_locale":"es_ES","og_type":"article","og_title":"Swimming Pool - Kurita Europe","og_description":"Kurita offers a wide product range of swimming pool water treatment chemicals.","og_url":"https:\/\/www.kurita.eu\/es\/tratamiento-del-agua\/piscina\/","og_site_name":"Kurita Europe","article_modified_time":"2026-03-12T14:57:38+00:00","og_image":[{"width":870,"height":350,"url":"https:\/\/www.kurita.eu\/wp-content\/uploads\/2025\/04\/Applications_WaterTreatment_DrinkingWater-56a111e3.jpg","type":"image\/jpeg"}],"twitter_card":"summary_large_image","twitter_site":"@KuritaGlobal","twitter_misc":{"Tiempo de lectura":"3 minutos"},"schema":{"@context":"https:\/\/schema.org","@graph":[{"@type":"WebPage","@id":"https:\/\/www.kurita.eu\/pl\/uzdatnianie-wody\/basen\/","url":"https:\/\/www.kurita.eu\/pl\/uzdatnianie-wody\/basen\/","name":"Piscina - Kurita Europe","isPartOf":{"@id":"https:\/\/www.kurita.eu\/se\/#website"},"primaryImageOfPage":{"@id":"https:\/\/www.kurita.eu\/pl\/uzdatnianie-wody\/basen\/#primaryimage"},"image":{"@id":"https:\/\/www.kurita.eu\/pl\/uzdatnianie-wody\/basen\/#primaryimage"},"thumbnailUrl":"\/wp-content\/uploads\/2025\/04\/Applications_WaterTreatment_DrinkingWater-56a111e3.jpg","datePublished":"2025-04-25T10:07:50+00:00","dateModified":"2026-03-12T14:57:38+00:00","breadcrumb":{"@id":"https:\/\/www.kurita.eu\/pl\/uzdatnianie-wody\/basen\/#breadcrumb"},"inLanguage":"es","potentialAction":[{"@type":"ReadAction","target":["https:\/\/www.kurita.eu\/pl\/uzdatnianie-wody\/basen\/"]}]},{"@type":"ImageObject","inLanguage":"es","@id":"https:\/\/www.kurita.eu\/pl\/uzdatnianie-wody\/basen\/#primaryimage","url":"\/wp-content\/uploads\/2025\/04\/Applications_WaterTreatment_DrinkingWater-56a111e3.jpg","contentUrl":"\/wp-content\/uploads\/2025\/04\/Applications_WaterTreatment_DrinkingWater-56a111e3.jpg","width":870,"height":350,"caption":"Swimming Pool"},{"@type":"BreadcrumbList","@id":"https:\/\/www.kurita.eu\/pl\/uzdatnianie-wody\/basen\/#breadcrumb","itemListElement":[{"@type":"ListItem","position":1,"name":"Home","item":"https:\/\/www.kurita.eu\/de\/"},{"@type":"ListItem","position":2,"name":"Water Treatment","item":"https:\/\/www.kurita.eu\/fr\/traitement-de-leau\/"},{"@type":"ListItem","position":3,"name":"Swimming Pool"}]},{"@type":"WebSite","@id":"https:\/\/www.kurita.eu\/se\/#website","url":"https:\/\/www.kurita.eu\/se\/","name":"Kurita Europa","description":"Soluciones para el tratamiento del agua","publisher":{"@id":"https:\/\/www.kurita.eu\/se\/#organization"},"potentialAction":[{"@type":"SearchAction","target":{"@type":"EntryPoint","urlTemplate":"https:\/\/www.kurita.eu\/se\/?s={search_term_string}"},"query-input":{"@type":"PropertyValueSpecification","valueRequired":true,"valueName":"search_term_string"}}],"inLanguage":"es"},{"@type":"Organization","@id":"https:\/\/www.kurita.eu\/se\/#organization","name":"Kurita Europa","url":"https:\/\/www.kurita.eu\/se\/","logo":{"@type":"ImageObject","inLanguage":"es","@id":"https:\/\/www.kurita.eu\/se\/#\/schema\/logo\/image\/","url":"\/wp-content\/uploads\/2025\/05\/cropped-brand_mark_horizon_blue.png","contentUrl":"\/wp-content\/uploads\/2025\/05\/cropped-brand_mark_horizon_blue.png","width":712,"height":204,"caption":"Kurita Europe"},"image":{"@id":"https:\/\/www.kurita.eu\/se\/#\/schema\/logo\/image\/"},"sameAs":["https:\/\/x.com\/KuritaGlobal","https:\/\/www.linkedin.com\/company\/kurita\/"]}]}},"_links":{"self":[{"href":"https:\/\/www.kurita.eu\/es\/wp-json\/wp\/v2\/pages\/14533","targetHints":{"allow":["GET"]}}],"collection":[{"href":"https:\/\/www.kurita.eu\/es\/wp-json\/wp\/v2\/pages"}],"about":[{"href":"https:\/\/www.kurita.eu\/es\/wp-json\/wp\/v2\/types\/page"}],"author":[{"embeddable":true,"href":"https:\/\/www.kurita.eu\/es\/wp-json\/wp\/v2\/users\/2"}],"replies":[{"embeddable":true,"href":"https:\/\/www.kurita.eu\/es\/wp-json\/wp\/v2\/comments?post=14533"}],"version-history":[{"count":14,"href":"https:\/\/www.kurita.eu\/es\/wp-json\/wp\/v2\/pages\/14533\/revisions"}],"predecessor-version":[{"id":21314,"href":"https:\/\/www.kurita.eu\/es\/wp-json\/wp\/v2\/pages\/14533\/revisions\/21314"}],"up":[{"embeddable":true,"href":"https:\/\/www.kurita.eu\/es\/wp-json\/wp\/v2\/pages\/14484"}],"wp:featuredmedia":[{"embeddable":true,"href":"https:\/\/www.kurita.eu\/es\/wp-json\/wp\/v2\/media\/14538"}],"wp:attachment":[{"href":"https:\/\/www.kurita.eu\/es\/wp-json\/wp\/v2\/media?parent=14533"}],"curies":[{"name":"wp","href":"https:\/\/api.w.org\/{rel}","templated":true}]}}