{"id":20990,"date":"2026-03-06T10:32:08","date_gmt":"2026-03-06T10:32:08","guid":{"rendered":"https:\/\/www.kurita.eu\/?page_id=20990"},"modified":"2026-03-06T10:36:52","modified_gmt":"2026-03-06T10:36:52","slug":"inscripcion-al-seminario-web-dropwise","status":"publish","type":"page","link":"https:\/\/www.kurita.eu\/es\/dropwise-webinar-registration\/","title":{"rendered":"Inscripci\u00f3n al seminario web Dropwise"},"content":{"rendered":"<div data-elementor-type=\"wp-page\" data-elementor-id=\"20990\" class=\"elementor elementor-20990\" data-elementor-post-type=\"page\">\n\t\t\t\t\t\t<section class=\"elementor-section elementor-top-section elementor-element elementor-element-4372ade7 elementor-section-full_width elementor-section-height-default elementor-section-height-default\" data-id=\"4372ade7\" data-element_type=\"section\" data-e-type=\"section\">\n\t\t\t\t\t\t<div class=\"elementor-container elementor-column-gap-default\">\n\t\t\t\t\t<div class=\"elementor-column elementor-col-100 elementor-top-column elementor-element elementor-element-84382e8\" data-id=\"84382e8\" data-element_type=\"column\" data-e-type=\"column\">\n\t\t\t<div class=\"elementor-widget-wrap elementor-element-populated\">\n\t\t\t\t\t\t<div class=\"elementor-element elementor-element-2856d788 elementor--h-position-center elementor--v-position-middle elementor-arrows-position-inside elementor-pagination-position-inside elementor-widget elementor-widget-slides\" data-id=\"2856d788\" data-element_type=\"widget\" data-e-type=\"widget\" data-settings=\"{&quot;transition_speed&quot;:2000,&quot;navigation&quot;:&quot;both&quot;,&quot;autoplay&quot;:&quot;yes&quot;,&quot;pause_on_hover&quot;:&quot;yes&quot;,&quot;pause_on_interaction&quot;:&quot;yes&quot;,&quot;autoplay_speed&quot;:5000,&quot;infinite&quot;:&quot;yes&quot;,&quot;transition&quot;:&quot;slide&quot;}\" data-widget_type=\"slides.default\">\n\t\t\t\t<div class=\"elementor-widget-container\">\n\t\t\t\t\t\t\t\t\t<div class=\"elementor-swiper\">\n\t\t\t\t\t<div class=\"elementor-slides-wrapper elementor-main-swiper swiper\" role=\"region\" aria-roledescription=\"carousel\" aria-label=\"Diapositivas\" dir=\"ltr\" data-animation=\"fadeInUp\">\n\t\t\t\t<div class=\"swiper-wrapper elementor-slides\">\n\t\t\t\t\t\t\t\t\t\t<div class=\"elementor-repeater-item-4e0b9f7 swiper-slide\" role=\"group\" aria-roledescription=\"slide\"><div class=\"swiper-slide-bg elementor-ken-burns elementor-ken-burns--in\" role=\"img\" aria-label=\"F\u00e1brica de papel. La maquinaria en una planta de molino de papel.: papel, molino, f\u00e1brica, planta, pulpa, industria, industrial, maquinaria, m\u00e1quina, bobina --ar 3:2 Job ID: 39a17209-3fc7-4381-b6fb-27bbdab6ac01\"><\/div><div class=\"elementor-background-overlay\"><\/div><a class=\"swiper-slide-inner\" href=\"#form\"><div class=\"swiper-slide-contents\"><div class=\"elementor-slide-heading\">Seminario web sobre la tecnolog\u00eda de condensaci\u00f3n Dropwise<\/div><div class=\"elementor-slide-description\">Aumento de la eficiencia en la secci\u00f3n de secado de papel<\/div><\/div><\/a><\/div>\t\t\t\t<\/div>\n\t\t\t\t\t\t\t<\/div>\n\t\t\t\t<\/div>\n\t\t\t\t\t\t\t\t<\/div>\n\t\t\t\t<\/div>\n\t\t\t\t\t<\/div>\n\t\t<\/div>\n\t\t\t\t\t<\/div>\n\t\t<\/section>\n\t\t\t\t<section class=\"elementor-section elementor-top-section elementor-element elementor-element-561def17 elementor-section-boxed elementor-section-height-default elementor-section-height-default\" data-id=\"561def17\" data-element_type=\"section\" data-e-type=\"section\" data-settings=\"{&quot;background_background&quot;:&quot;classic&quot;}\">\n\t\t\t\t\t\t<div class=\"elementor-container elementor-column-gap-default\">\n\t\t\t\t\t<div class=\"elementor-column elementor-col-50 elementor-top-column elementor-element elementor-element-34e69a26 margin-content\" data-id=\"34e69a26\" data-element_type=\"column\" data-e-type=\"column\">\n\t\t\t<div class=\"elementor-widget-wrap elementor-element-populated\">\n\t\t\t\t\t\t<div class=\"elementor-element elementor-element-15b73bc2 elementor-widget elementor-widget-heading\" data-id=\"15b73bc2\" data-element_type=\"widget\" data-e-type=\"widget\" data-widget_type=\"heading.default\">\n\t\t\t\t<div class=\"elementor-widget-container\">\n\t\t\t\t\t<h4 class=\"elementor-heading-title elementor-size-default\">Seminario web: Tecnolog\u00eda de condensaci\u00f3n por goteo <\/h4>\t\t\t\t<\/div>\n\t\t\t\t<\/div>\n\t\t\t\t<section class=\"elementor-section elementor-inner-section elementor-element elementor-element-1698a738 elementor-section-boxed elementor-section-height-default elementor-section-height-default\" data-id=\"1698a738\" data-element_type=\"section\" data-e-type=\"section\">\n\t\t\t\t\t\t<div class=\"elementor-container elementor-column-gap-default\">\n\t\t\t\t\t<div class=\"elementor-column elementor-col-100 elementor-inner-column elementor-element elementor-element-4c607ace\" data-id=\"4c607ace\" data-element_type=\"column\" data-e-type=\"column\">\n\t\t\t<div class=\"elementor-widget-wrap elementor-element-populated\">\n\t\t\t\t\t\t<div class=\"elementor-element elementor-element-623acee8 elementor-widget elementor-widget-text-editor\" data-id=\"623acee8\" data-element_type=\"widget\" data-e-type=\"widget\" data-widget_type=\"text-editor.default\">\n\t\t\t\t<div class=\"elementor-widget-container\">\n\t\t\t\t\t\t\t\t\t<p>Descubra c\u00f3mo la tecnolog\u00eda de condensaci\u00f3n Dropwise de Kurita puede mejorar significativamente la transferencia de calor en su secci\u00f3n de secado mediante la creaci\u00f3n de una pel\u00edcula repelente al agua que impide que la condensaci\u00f3n forme una capa aislante. Esto conduce a <strong>mejor flujo de calor, menor consumo de vapor y mayor productividad<\/strong><strong>.<\/strong><\/p>\t\t\t\t\t\t\t\t<\/div>\n\t\t\t\t<\/div>\n\t\t\t\t\t<\/div>\n\t\t<\/div>\n\t\t\t\t\t<\/div>\n\t\t<\/section>\n\t\t\t\t<section class=\"elementor-section elementor-inner-section elementor-element elementor-element-1784fd4 elementor-section-boxed elementor-section-height-default elementor-section-height-default\" data-id=\"1784fd4\" data-element_type=\"section\" data-e-type=\"section\" data-settings=\"{&quot;background_background&quot;:&quot;classic&quot;}\">\n\t\t\t\t\t\t<div class=\"elementor-container elementor-column-gap-default\">\n\t\t\t\t\t<div class=\"elementor-column elementor-col-100 elementor-inner-column elementor-element elementor-element-a293b9e\" data-id=\"a293b9e\" data-element_type=\"column\" data-e-type=\"column\">\n\t\t\t<div class=\"elementor-widget-wrap elementor-element-populated\">\n\t\t\t\t\t\t<div class=\"elementor-element elementor-element-193fa66 elementor-widget elementor-widget-text-editor\" data-id=\"193fa66\" data-element_type=\"widget\" data-e-type=\"widget\" data-widget_type=\"text-editor.default\">\n\t\t\t\t<div class=\"elementor-widget-container\">\n\t\t\t\t\t\t\t\t\t<p><span style=\"text-decoration: underline;\"><strong>En este seminario web aprender\u00e1 a<\/strong><\/span><\/p><ul><li><strong>Aumentar la eficacia de la transferencia de calor<\/strong> eliminando la pel\u00edcula de condensado en el interior de los cilindros secadores.<\/li><li><strong>Reducir el consumo de vapor y energ\u00eda<\/strong>, reduciendo los costes de explotaci\u00f3n.<\/li><li><strong>Aumentar la productividad de la m\u00e1quina<\/strong> optimizando el rendimiento del proceso de secado.<\/li><\/ul>\t\t\t\t\t\t\t\t<\/div>\n\t\t\t\t<\/div>\n\t\t\t\t\t<\/div>\n\t\t<\/div>\n\t\t\t\t\t<\/div>\n\t\t<\/section>\n\t\t\t\t\t<\/div>\n\t\t<\/div>\n\t\t\t\t<div class=\"elementor-column elementor-col-50 elementor-top-column elementor-element elementor-element-78070273\" data-id=\"78070273\" data-element_type=\"column\" data-e-type=\"column\" data-settings=\"{&quot;background_background&quot;:&quot;classic&quot;}\">\n\t\t\t<div class=\"elementor-widget-wrap elementor-element-populated\">\n\t\t\t\t\t\t<div class=\"elementor-element elementor-element-2ee569e7 elementor-widget elementor-widget-menu-anchor\" data-id=\"2ee569e7\" data-element_type=\"widget\" data-e-type=\"widget\" data-widget_type=\"menu-anchor.default\">\n\t\t\t\t<div class=\"elementor-widget-container\">\n\t\t\t\t\t\t\t<div class=\"elementor-menu-anchor\" id=\"form\"><\/div>\n\t\t\t\t\t\t<\/div>\n\t\t\t\t<\/div>\n\t\t\t\t<div class=\"elementor-element elementor-element-62eea9f6 elementor-widget elementor-widget-text-editor\" data-id=\"62eea9f6\" data-element_type=\"widget\" data-e-type=\"widget\" data-widget_type=\"text-editor.default\">\n\t\t\t\t<div class=\"elementor-widget-container\">\n\t\t\t\t\t\t\t\t\t<h6 style=\"text-align: center;\">Rellene el formulario para acceder al seminario web:<\/h6>\t\t\t\t\t\t\t\t<\/div>\n\t\t\t\t<\/div>\n\t\t\t\t<div class=\"elementor-element elementor-element-5547754b elementor-widget elementor-widget-html\" data-id=\"5547754b\" data-element_type=\"widget\" data-e-type=\"widget\" data-widget_type=\"html.default\">\n\t\t\t\t<div class=\"elementor-widget-container\">\n\t\t\t\t\t<div\r\n        data-form-id='cd77fd2c-4519-f111-8342-000d3ab12a39'\r\n        data-form-api-url='https:\/\/public-eur.mkt.dynamics.com\/api\/v1.0\/orgs\/30cac5a2-33f9-ed11-a66d-000d3a64d748\/landingpageforms'\r\n        data-cached-form-url='https:\/\/assets-eur.mkt.dynamics.com\/30cac5a2-33f9-ed11-a66d-000d3a64d748\/digitalassets\/forms\/cd77fd2c-4519-f111-8342-000d3ab12a39' ><\/div>\r\n        <script src = 'https:\/\/cxppusa1formui01cdnsa01-endpoint.azureedge.net\/eur\/FormLoader\/FormLoader.bundle.js' ><\/script>\t\t\t\t<\/div>\n\t\t\t\t<\/div>\n\t\t\t\t\t<\/div>\n\t\t<\/div>\n\t\t\t\t\t<\/div>\n\t\t<\/section>\n\t\t\t\t<\/div>","protected":false},"excerpt":{"rendered":"<p>Mejore la eficacia del secado de la m\u00e1quina de papel con la tecnolog\u00eda de condensaci\u00f3n por gotas de Kurita, aumentando la transferencia de calor y reduciendo el uso de vapor.<\/p>","protected":false},"author":7,"featured_media":20988,"parent":0,"menu_order":0,"comment_status":"closed","ping_status":"closed","template":"","meta":{"footnotes":""},"class_list":["post-20990","page","type-page","status-publish","has-post-thumbnail","hentry"],"yoast_head":"<!-- This site is optimized with the Yoast SEO plugin v27.3 - https:\/\/yoast.com\/product\/yoast-seo-wordpress\/ -->\n<title>Dropwise Webinar Registration - Kurita Europe<\/title>\n<meta name=\"description\" content=\"Improve paper\u2011machine drying efficiency with Kurita\u2019s Dropwise Condensation Technology, boosting heat transfer and reducing steam use.\" \/>\n<meta name=\"robots\" content=\"index, follow, max-snippet:-1, max-image-preview:large, max-video-preview:-1\" \/>\n<link rel=\"canonical\" href=\"https:\/\/www.kurita.eu\/es\/inscripcion-al-seminario-web-dropwise\/\" \/>\n<meta property=\"og:locale\" content=\"es_ES\" \/>\n<meta property=\"og:type\" content=\"article\" \/>\n<meta property=\"og:title\" content=\"Dropwise Webinar Registration - Kurita Europe\" \/>\n<meta property=\"og:description\" content=\"Improve paper\u2011machine drying efficiency with Kurita\u2019s Dropwise Condensation Technology, boosting heat transfer and reducing steam use.\" \/>\n<meta property=\"og:url\" content=\"https:\/\/www.kurita.eu\/es\/inscripcion-al-seminario-web-dropwise\/\" \/>\n<meta property=\"og:site_name\" content=\"Kurita Europe\" \/>\n<meta property=\"article:modified_time\" content=\"2026-03-06T10:36:52+00:00\" \/>\n<meta property=\"og:image\" content=\"https:\/\/www.kurita.eu\/wp-content\/uploads\/2026\/03\/Screenshot-2026-03-06-110357.png\" \/>\n\t<meta property=\"og:image:width\" content=\"1473\" \/>\n\t<meta property=\"og:image:height\" content=\"721\" \/>\n\t<meta property=\"og:image:type\" content=\"image\/png\" \/>\n<meta name=\"twitter:card\" content=\"summary_large_image\" \/>\n<meta name=\"twitter:site\" content=\"@KuritaGlobal\" \/>\n<meta name=\"twitter:label1\" content=\"Tiempo de lectura\" \/>\n\t<meta name=\"twitter:data1\" content=\"2 minutos\" \/>\n<script type=\"application\/ld+json\" class=\"yoast-schema-graph\">{\"@context\":\"https:\\\/\\\/schema.org\",\"@graph\":[{\"@type\":\"WebPage\",\"@id\":\"https:\\\/\\\/www.kurita.eu\\\/fr\\\/dropwise-webinar-registration\\\/\",\"url\":\"https:\\\/\\\/www.kurita.eu\\\/fr\\\/dropwise-webinar-registration\\\/\",\"name\":\"Dropwise Webinar Registration - Kurita Europe\",\"isPartOf\":{\"@id\":\"https:\\\/\\\/www.kurita.eu\\\/se\\\/#website\"},\"primaryImageOfPage\":{\"@id\":\"https:\\\/\\\/www.kurita.eu\\\/fr\\\/dropwise-webinar-registration\\\/#primaryimage\"},\"image\":{\"@id\":\"https:\\\/\\\/www.kurita.eu\\\/fr\\\/dropwise-webinar-registration\\\/#primaryimage\"},\"thumbnailUrl\":\"\\\/wp-content\\\/uploads\\\/2026\\\/03\\\/Screenshot-2026-03-06-110357.png\",\"datePublished\":\"2026-03-06T10:32:08+00:00\",\"dateModified\":\"2026-03-06T10:36:52+00:00\",\"description\":\"Improve paper\u2011machine drying efficiency with Kurita\u2019s Dropwise Condensation Technology, boosting heat transfer and reducing steam use.\",\"breadcrumb\":{\"@id\":\"https:\\\/\\\/www.kurita.eu\\\/fr\\\/dropwise-webinar-registration\\\/#breadcrumb\"},\"inLanguage\":\"es\",\"potentialAction\":[{\"@type\":\"ReadAction\",\"target\":[\"https:\\\/\\\/www.kurita.eu\\\/fr\\\/dropwise-webinar-registration\\\/\"]}]},{\"@type\":\"ImageObject\",\"inLanguage\":\"es\",\"@id\":\"https:\\\/\\\/www.kurita.eu\\\/fr\\\/dropwise-webinar-registration\\\/#primaryimage\",\"url\":\"\\\/wp-content\\\/uploads\\\/2026\\\/03\\\/Screenshot-2026-03-06-110357.png\",\"contentUrl\":\"\\\/wp-content\\\/uploads\\\/2026\\\/03\\\/Screenshot-2026-03-06-110357.png\",\"width\":1473,\"height\":721},{\"@type\":\"BreadcrumbList\",\"@id\":\"https:\\\/\\\/www.kurita.eu\\\/fr\\\/dropwise-webinar-registration\\\/#breadcrumb\",\"itemListElement\":[{\"@type\":\"ListItem\",\"position\":1,\"name\":\"Home\",\"item\":\"https:\\\/\\\/www.kurita.eu\\\/de\\\/\"},{\"@type\":\"ListItem\",\"position\":2,\"name\":\"Dropwise Webinar Registration\"}]},{\"@type\":\"WebSite\",\"@id\":\"https:\\\/\\\/www.kurita.eu\\\/se\\\/#website\",\"url\":\"https:\\\/\\\/www.kurita.eu\\\/se\\\/\",\"name\":\"Kurita Europe\",\"description\":\"Water Treatment Solutions\",\"publisher\":{\"@id\":\"https:\\\/\\\/www.kurita.eu\\\/se\\\/#organization\"},\"potentialAction\":[{\"@type\":\"SearchAction\",\"target\":{\"@type\":\"EntryPoint\",\"urlTemplate\":\"https:\\\/\\\/www.kurita.eu\\\/se\\\/?s={search_term_string}\"},\"query-input\":{\"@type\":\"PropertyValueSpecification\",\"valueRequired\":true,\"valueName\":\"search_term_string\"}}],\"inLanguage\":\"es\"},{\"@type\":\"Organization\",\"@id\":\"https:\\\/\\\/www.kurita.eu\\\/se\\\/#organization\",\"name\":\"Kurita Europe\",\"url\":\"https:\\\/\\\/www.kurita.eu\\\/se\\\/\",\"logo\":{\"@type\":\"ImageObject\",\"inLanguage\":\"es\",\"@id\":\"https:\\\/\\\/www.kurita.eu\\\/se\\\/#\\\/schema\\\/logo\\\/image\\\/\",\"url\":\"\\\/wp-content\\\/uploads\\\/2025\\\/05\\\/cropped-brand_mark_horizon_blue.png\",\"contentUrl\":\"\\\/wp-content\\\/uploads\\\/2025\\\/05\\\/cropped-brand_mark_horizon_blue.png\",\"width\":712,\"height\":204,\"caption\":\"Kurita Europe\"},\"image\":{\"@id\":\"https:\\\/\\\/www.kurita.eu\\\/se\\\/#\\\/schema\\\/logo\\\/image\\\/\"},\"sameAs\":[\"https:\\\/\\\/x.com\\\/KuritaGlobal\",\"https:\\\/\\\/www.linkedin.com\\\/company\\\/kurita\\\/\"]}]}<\/script>\n<!-- \/ Yoast SEO plugin. -->","yoast_head_json":{"title":"Inscripci\u00f3n al seminario web Dropwise - Kurita Europe","description":"Mejore la eficacia del secado de la m\u00e1quina de papel con la tecnolog\u00eda de condensaci\u00f3n por gotas de Kurita, aumentando la transferencia de calor y reduciendo el uso de vapor.","robots":{"index":"index","follow":"follow","max-snippet":"max-snippet:-1","max-image-preview":"max-image-preview:large","max-video-preview":"max-video-preview:-1"},"canonical":"https:\/\/www.kurita.eu\/es\/inscripcion-al-seminario-web-dropwise\/","og_locale":"es_ES","og_type":"article","og_title":"Dropwise Webinar Registration - Kurita Europe","og_description":"Improve paper\u2011machine drying efficiency with Kurita\u2019s Dropwise Condensation Technology, boosting heat transfer and reducing steam use.","og_url":"https:\/\/www.kurita.eu\/es\/inscripcion-al-seminario-web-dropwise\/","og_site_name":"Kurita Europe","article_modified_time":"2026-03-06T10:36:52+00:00","og_image":[{"width":1473,"height":721,"url":"https:\/\/www.kurita.eu\/wp-content\/uploads\/2026\/03\/Screenshot-2026-03-06-110357.png","type":"image\/png"}],"twitter_card":"summary_large_image","twitter_site":"@KuritaGlobal","twitter_misc":{"Tiempo de lectura":"2 minutos"},"schema":{"@context":"https:\/\/schema.org","@graph":[{"@type":"WebPage","@id":"https:\/\/www.kurita.eu\/fr\/dropwise-webinar-registration\/","url":"https:\/\/www.kurita.eu\/fr\/dropwise-webinar-registration\/","name":"Inscripci\u00f3n al seminario web Dropwise - Kurita Europe","isPartOf":{"@id":"https:\/\/www.kurita.eu\/se\/#website"},"primaryImageOfPage":{"@id":"https:\/\/www.kurita.eu\/fr\/dropwise-webinar-registration\/#primaryimage"},"image":{"@id":"https:\/\/www.kurita.eu\/fr\/dropwise-webinar-registration\/#primaryimage"},"thumbnailUrl":"\/wp-content\/uploads\/2026\/03\/Screenshot-2026-03-06-110357.png","datePublished":"2026-03-06T10:32:08+00:00","dateModified":"2026-03-06T10:36:52+00:00","description":"Mejore la eficacia del secado de la m\u00e1quina de papel con la tecnolog\u00eda de condensaci\u00f3n por gotas de Kurita, aumentando la transferencia de calor y reduciendo el uso de vapor.","breadcrumb":{"@id":"https:\/\/www.kurita.eu\/fr\/dropwise-webinar-registration\/#breadcrumb"},"inLanguage":"es","potentialAction":[{"@type":"ReadAction","target":["https:\/\/www.kurita.eu\/fr\/dropwise-webinar-registration\/"]}]},{"@type":"ImageObject","inLanguage":"es","@id":"https:\/\/www.kurita.eu\/fr\/dropwise-webinar-registration\/#primaryimage","url":"\/wp-content\/uploads\/2026\/03\/Screenshot-2026-03-06-110357.png","contentUrl":"\/wp-content\/uploads\/2026\/03\/Screenshot-2026-03-06-110357.png","width":1473,"height":721},{"@type":"BreadcrumbList","@id":"https:\/\/www.kurita.eu\/fr\/dropwise-webinar-registration\/#breadcrumb","itemListElement":[{"@type":"ListItem","position":1,"name":"Home","item":"https:\/\/www.kurita.eu\/de\/"},{"@type":"ListItem","position":2,"name":"Dropwise Webinar Registration"}]},{"@type":"WebSite","@id":"https:\/\/www.kurita.eu\/se\/#website","url":"https:\/\/www.kurita.eu\/se\/","name":"Kurita Europa","description":"Soluciones para el tratamiento del agua","publisher":{"@id":"https:\/\/www.kurita.eu\/se\/#organization"},"potentialAction":[{"@type":"SearchAction","target":{"@type":"EntryPoint","urlTemplate":"https:\/\/www.kurita.eu\/se\/?s={search_term_string}"},"query-input":{"@type":"PropertyValueSpecification","valueRequired":true,"valueName":"search_term_string"}}],"inLanguage":"es"},{"@type":"Organization","@id":"https:\/\/www.kurita.eu\/se\/#organization","name":"Kurita Europa","url":"https:\/\/www.kurita.eu\/se\/","logo":{"@type":"ImageObject","inLanguage":"es","@id":"https:\/\/www.kurita.eu\/se\/#\/schema\/logo\/image\/","url":"\/wp-content\/uploads\/2025\/05\/cropped-brand_mark_horizon_blue.png","contentUrl":"\/wp-content\/uploads\/2025\/05\/cropped-brand_mark_horizon_blue.png","width":712,"height":204,"caption":"Kurita Europe"},"image":{"@id":"https:\/\/www.kurita.eu\/se\/#\/schema\/logo\/image\/"},"sameAs":["https:\/\/x.com\/KuritaGlobal","https:\/\/www.linkedin.com\/company\/kurita\/"]}]}},"_links":{"self":[{"href":"https:\/\/www.kurita.eu\/es\/wp-json\/wp\/v2\/pages\/20990","targetHints":{"allow":["GET"]}}],"collection":[{"href":"https:\/\/www.kurita.eu\/es\/wp-json\/wp\/v2\/pages"}],"about":[{"href":"https:\/\/www.kurita.eu\/es\/wp-json\/wp\/v2\/types\/page"}],"author":[{"embeddable":true,"href":"https:\/\/www.kurita.eu\/es\/wp-json\/wp\/v2\/users\/7"}],"replies":[{"embeddable":true,"href":"https:\/\/www.kurita.eu\/es\/wp-json\/wp\/v2\/comments?post=20990"}],"version-history":[{"count":11,"href":"https:\/\/www.kurita.eu\/es\/wp-json\/wp\/v2\/pages\/20990\/revisions"}],"predecessor-version":[{"id":21002,"href":"https:\/\/www.kurita.eu\/es\/wp-json\/wp\/v2\/pages\/20990\/revisions\/21002"}],"wp:featuredmedia":[{"embeddable":true,"href":"https:\/\/www.kurita.eu\/es\/wp-json\/wp\/v2\/media\/20988"}],"wp:attachment":[{"href":"https:\/\/www.kurita.eu\/es\/wp-json\/wp\/v2\/media?parent=20990"}],"curies":[{"name":"wp","href":"https:\/\/api.w.org\/{rel}","templated":true}]}}