{"id":13232,"date":"2025-04-23T09:02:03","date_gmt":"2025-04-23T09:02:03","guid":{"rendered":"https:\/\/kurita-eu-gudza2cjbzfhcwbx.francecentral-01.azurewebsites.net\/?page_id=13232"},"modified":"2026-01-20T11:27:42","modified_gmt":"2026-01-20T11:27:42","slug":"certifications","status":"publish","type":"page","link":"https:\/\/www.kurita.eu\/fr\/certifications\/","title":{"rendered":"Certifications"},"content":{"rendered":"<div data-elementor-type=\"wp-page\" data-elementor-id=\"13232\" class=\"elementor elementor-13232\" data-elementor-post-type=\"page\">\n\t\t\t\t\t\t<section class=\"elementor-section elementor-top-section elementor-element elementor-element-724c8690 elementor-section-full_width elementor-section-height-default elementor-section-height-default\" data-id=\"724c8690\" data-element_type=\"section\" data-e-type=\"section\" data-settings=\"{&quot;background_background&quot;:&quot;classic&quot;}\">\n\t\t\t\t\t\t<div class=\"elementor-container elementor-column-gap-default\">\n\t\t\t\t\t<div class=\"elementor-column elementor-col-100 elementor-top-column elementor-element elementor-element-6da72b1d\" data-id=\"6da72b1d\" data-element_type=\"column\" data-e-type=\"column\">\n\t\t\t<div class=\"elementor-widget-wrap elementor-element-populated\">\n\t\t\t\t\t\t<div class=\"elementor-element elementor-element-49ac26e elementor-widget elementor-widget-heading\" data-id=\"49ac26e\" data-element_type=\"widget\" data-e-type=\"widget\" data-widget_type=\"heading.default\">\n\t\t\t\t<div class=\"elementor-widget-container\">\n\t\t\t\t\t<h1 class=\"elementor-heading-title elementor-size-default\">Certificats<\/h1>\t\t\t\t<\/div>\n\t\t\t\t<\/div>\n\t\t\t\t\t<\/div>\n\t\t<\/div>\n\t\t\t\t\t<\/div>\n\t\t<\/section>\n\t\t\t\t<section class=\"elementor-section elementor-top-section elementor-element elementor-element-5579f83f elementor-section-boxed elementor-section-height-default elementor-section-height-default\" data-id=\"5579f83f\" data-element_type=\"section\" data-e-type=\"section\">\n\t\t\t\t\t\t<div class=\"elementor-container elementor-column-gap-default\">\n\t\t\t\t\t<div class=\"elementor-column elementor-col-100 elementor-top-column elementor-element elementor-element-1fbc870a margin-content\" data-id=\"1fbc870a\" data-element_type=\"column\" data-e-type=\"column\">\n\t\t\t<div class=\"elementor-widget-wrap elementor-element-populated\">\n\t\t\t\t\t\t<div class=\"elementor-element elementor-element-4d0a24f5 elementor-widget elementor-widget-html\" data-id=\"4d0a24f5\" data-element_type=\"widget\" data-e-type=\"widget\" data-widget_type=\"html.default\">\n\t\t\t\t<div class=\"elementor-widget-container\">\n\t\t\t\t\t<iframe style=\"border: 0px #ffffff none;\" src=\"https:\/\/www.kurita.eu\/publisher_sharepoint.php?category=3\" name=\"myiFrame\" width=\"400px\" height=\"600px\" frameborder=\"1\" marginwidth=\"0px\" marginheight=\"0px\" scrolling=\"yes\" allowfullscreen=\"allowfullscreen\"><span data-mce-type=\"bookmark\" style=\"display: inline-block; width: 0px; overflow: hidden; line-height: 0;\" class=\"mce_SELRES_start\"><\/span><\/iframe>\t\t\t\t<\/div>\n\t\t\t\t<\/div>\n\t\t\t\t\t<\/div>\n\t\t<\/div>\n\t\t\t\t\t<\/div>\n\t\t<\/section>\n\t\t\t\t<\/div>","protected":false},"excerpt":{"rendered":"<p>Les certifications de Kurita Europe soulignent notre engagement en faveur de la qualit\u00e9, de la durabilit\u00e9 et de la conformit\u00e9 aux normes mondiales en mati\u00e8re de traitement de l'eau.<\/p>","protected":false},"author":2,"featured_media":14842,"parent":0,"menu_order":0,"comment_status":"closed","ping_status":"closed","template":"","meta":{"footnotes":""},"class_list":["post-13232","page","type-page","status-publish","has-post-thumbnail","hentry"],"yoast_head":"<!-- This site is optimized with the Yoast SEO plugin v25.5 - https:\/\/yoast.com\/wordpress\/plugins\/seo\/ -->\n<title>Certifications - Kurita Europe<\/title>\n<meta name=\"description\" content=\"Explore the certifications of Kurita Europe that ensure quality, safety, and sustainability in industrial water treatment solutions.\" \/>\n<meta name=\"robots\" content=\"index, follow, max-snippet:-1, max-image-preview:large, max-video-preview:-1\" \/>\n<link rel=\"canonical\" href=\"https:\/\/www.kurita.eu\/fr\/certifications\/\" \/>\n<meta property=\"og:locale\" content=\"fr_FR\" \/>\n<meta property=\"og:type\" content=\"article\" \/>\n<meta property=\"og:title\" content=\"Certifications - Kurita Europe\" \/>\n<meta property=\"og:description\" content=\"Explore the certifications of Kurita Europe that ensure quality, safety, and sustainability in industrial water treatment solutions.\" \/>\n<meta property=\"og:url\" content=\"https:\/\/www.kurita.eu\/fr\/certifications\/\" \/>\n<meta property=\"og:site_name\" content=\"Kurita Europe\" \/>\n<meta property=\"article:modified_time\" content=\"2026-01-20T11:27:42+00:00\" \/>\n<meta property=\"og:image\" content=\"https:\/\/www.kurita.eu\/wp-content\/uploads\/2025\/04\/industry-carbon-footprint.png\" \/>\n\t<meta property=\"og:image:width\" content=\"1364\" \/>\n\t<meta property=\"og:image:height\" content=\"960\" \/>\n\t<meta property=\"og:image:type\" content=\"image\/png\" \/>\n<meta name=\"twitter:card\" content=\"summary_large_image\" \/>\n<meta name=\"twitter:label1\" content=\"Dur\u00e9e de lecture estim\u00e9e\" \/>\n\t<meta name=\"twitter:data1\" content=\"1 minute\" \/>\n<script type=\"application\/ld+json\" class=\"yoast-schema-graph\">{\"@context\":\"https:\/\/schema.org\",\"@graph\":[{\"@type\":\"WebPage\",\"@id\":\"https:\/\/www.kurita.eu\/it\/certificazioni\/\",\"url\":\"https:\/\/www.kurita.eu\/it\/certificazioni\/\",\"name\":\"Certifications - Kurita Europe\",\"isPartOf\":{\"@id\":\"https:\/\/kurita.eu\/en\/#website\"},\"primaryImageOfPage\":{\"@id\":\"https:\/\/www.kurita.eu\/it\/certificazioni\/#primaryimage\"},\"image\":{\"@id\":\"https:\/\/www.kurita.eu\/it\/certificazioni\/#primaryimage\"},\"thumbnailUrl\":\"\/wp-content\/uploads\/2025\/04\/industry-carbon-footprint.png\",\"datePublished\":\"2025-04-23T09:02:03+00:00\",\"dateModified\":\"2026-01-20T11:27:42+00:00\",\"description\":\"Explore the certifications of Kurita Europe that ensure quality, safety, and sustainability in industrial water treatment solutions.\",\"breadcrumb\":{\"@id\":\"https:\/\/www.kurita.eu\/it\/certificazioni\/#breadcrumb\"},\"inLanguage\":\"fr-FR\",\"potentialAction\":[{\"@type\":\"ReadAction\",\"target\":[\"https:\/\/www.kurita.eu\/it\/certificazioni\/\"]}]},{\"@type\":\"ImageObject\",\"inLanguage\":\"fr-FR\",\"@id\":\"https:\/\/www.kurita.eu\/it\/certificazioni\/#primaryimage\",\"url\":\"\/wp-content\/uploads\/2025\/04\/industry-carbon-footprint.png\",\"contentUrl\":\"\/wp-content\/uploads\/2025\/04\/industry-carbon-footprint.png\",\"width\":1364,\"height\":960},{\"@type\":\"BreadcrumbList\",\"@id\":\"https:\/\/www.kurita.eu\/it\/certificazioni\/#breadcrumb\",\"itemListElement\":[{\"@type\":\"ListItem\",\"position\":1,\"name\":\"Home\",\"item\":\"https:\/\/www.kurita.eu\/en\/\"},{\"@type\":\"ListItem\",\"position\":2,\"name\":\"Certifications\"}]},{\"@type\":\"WebSite\",\"@id\":\"https:\/\/kurita.eu\/en\/#website\",\"url\":\"https:\/\/kurita.eu\/en\/\",\"name\":\"Kurita Europe\",\"description\":\"Water Treatment Solutions\",\"publisher\":{\"@id\":\"https:\/\/kurita.eu\/en\/#organization\"},\"potentialAction\":[{\"@type\":\"SearchAction\",\"target\":{\"@type\":\"EntryPoint\",\"urlTemplate\":\"https:\/\/kurita.eu\/en\/?s={search_term_string}\"},\"query-input\":{\"@type\":\"PropertyValueSpecification\",\"valueRequired\":true,\"valueName\":\"search_term_string\"}}],\"inLanguage\":\"fr-FR\"},{\"@type\":\"Organization\",\"@id\":\"https:\/\/kurita.eu\/en\/#organization\",\"name\":\"Kurita Europe\",\"url\":\"https:\/\/kurita.eu\/en\/\",\"logo\":{\"@type\":\"ImageObject\",\"inLanguage\":\"fr-FR\",\"@id\":\"https:\/\/kurita.eu\/en\/#\/schema\/logo\/image\/\",\"url\":\"\/wp-content\/uploads\/2025\/05\/cropped-brand_mark_horizon_blue.png\",\"contentUrl\":\"\/wp-content\/uploads\/2025\/05\/cropped-brand_mark_horizon_blue.png\",\"width\":712,\"height\":204,\"caption\":\"Kurita Europe\"},\"image\":{\"@id\":\"https:\/\/kurita.eu\/en\/#\/schema\/logo\/image\/\"}}]}<\/script>\n<!-- \/ Yoast SEO plugin. -->","yoast_head_json":{"title":"Certifications - Kurita Europe","description":"D\u00e9couvrez les certifications de Kurita Europe qui garantissent la qualit\u00e9, la s\u00e9curit\u00e9 et la durabilit\u00e9 des solutions de traitement des eaux industrielles.","robots":{"index":"index","follow":"follow","max-snippet":"max-snippet:-1","max-image-preview":"max-image-preview:large","max-video-preview":"max-video-preview:-1"},"canonical":"https:\/\/www.kurita.eu\/fr\/certifications\/","og_locale":"fr_FR","og_type":"article","og_title":"Certifications - Kurita Europe","og_description":"Explore the certifications of Kurita Europe that ensure quality, safety, and sustainability in industrial water treatment solutions.","og_url":"https:\/\/www.kurita.eu\/fr\/certifications\/","og_site_name":"Kurita Europe","article_modified_time":"2026-01-20T11:27:42+00:00","og_image":[{"width":1364,"height":960,"url":"https:\/\/www.kurita.eu\/wp-content\/uploads\/2025\/04\/industry-carbon-footprint.png","type":"image\/png"}],"twitter_card":"summary_large_image","twitter_misc":{"Dur\u00e9e de lecture estim\u00e9e":"1 minute"},"schema":{"@context":"https:\/\/schema.org","@graph":[{"@type":"WebPage","@id":"https:\/\/www.kurita.eu\/it\/certificazioni\/","url":"https:\/\/www.kurita.eu\/it\/certificazioni\/","name":"Certifications - Kurita Europe","isPartOf":{"@id":"https:\/\/kurita.eu\/en\/#website"},"primaryImageOfPage":{"@id":"https:\/\/www.kurita.eu\/it\/certificazioni\/#primaryimage"},"image":{"@id":"https:\/\/www.kurita.eu\/it\/certificazioni\/#primaryimage"},"thumbnailUrl":"\/wp-content\/uploads\/2025\/04\/industry-carbon-footprint.png","datePublished":"2025-04-23T09:02:03+00:00","dateModified":"2026-01-20T11:27:42+00:00","description":"D\u00e9couvrez les certifications de Kurita Europe qui garantissent la qualit\u00e9, la s\u00e9curit\u00e9 et la durabilit\u00e9 des solutions de traitement des eaux industrielles.","breadcrumb":{"@id":"https:\/\/www.kurita.eu\/it\/certificazioni\/#breadcrumb"},"inLanguage":"fr-FR","potentialAction":[{"@type":"ReadAction","target":["https:\/\/www.kurita.eu\/it\/certificazioni\/"]}]},{"@type":"ImageObject","inLanguage":"fr-FR","@id":"https:\/\/www.kurita.eu\/it\/certificazioni\/#primaryimage","url":"\/wp-content\/uploads\/2025\/04\/industry-carbon-footprint.png","contentUrl":"\/wp-content\/uploads\/2025\/04\/industry-carbon-footprint.png","width":1364,"height":960},{"@type":"BreadcrumbList","@id":"https:\/\/www.kurita.eu\/it\/certificazioni\/#breadcrumb","itemListElement":[{"@type":"ListItem","position":1,"name":"Home","item":"https:\/\/www.kurita.eu\/en\/"},{"@type":"ListItem","position":2,"name":"Certifications"}]},{"@type":"WebSite","@id":"https:\/\/kurita.eu\/en\/#website","url":"https:\/\/kurita.eu\/en\/","name":"Kurita Europe","description":"Solutions de traitement de l'eau","publisher":{"@id":"https:\/\/kurita.eu\/en\/#organization"},"potentialAction":[{"@type":"SearchAction","target":{"@type":"EntryPoint","urlTemplate":"https:\/\/kurita.eu\/en\/?s={search_term_string}"},"query-input":{"@type":"PropertyValueSpecification","valueRequired":true,"valueName":"search_term_string"}}],"inLanguage":"fr-FR"},{"@type":"Organization","@id":"https:\/\/kurita.eu\/en\/#organization","name":"Kurita Europe","url":"https:\/\/kurita.eu\/en\/","logo":{"@type":"ImageObject","inLanguage":"fr-FR","@id":"https:\/\/kurita.eu\/en\/#\/schema\/logo\/image\/","url":"\/wp-content\/uploads\/2025\/05\/cropped-brand_mark_horizon_blue.png","contentUrl":"\/wp-content\/uploads\/2025\/05\/cropped-brand_mark_horizon_blue.png","width":712,"height":204,"caption":"Kurita Europe"},"image":{"@id":"https:\/\/kurita.eu\/en\/#\/schema\/logo\/image\/"}}]}},"_links":{"self":[{"href":"https:\/\/www.kurita.eu\/fr\/wp-json\/wp\/v2\/pages\/13232","targetHints":{"allow":["GET"]}}],"collection":[{"href":"https:\/\/www.kurita.eu\/fr\/wp-json\/wp\/v2\/pages"}],"about":[{"href":"https:\/\/www.kurita.eu\/fr\/wp-json\/wp\/v2\/types\/page"}],"author":[{"embeddable":true,"href":"https:\/\/www.kurita.eu\/fr\/wp-json\/wp\/v2\/users\/2"}],"replies":[{"embeddable":true,"href":"https:\/\/www.kurita.eu\/fr\/wp-json\/wp\/v2\/comments?post=13232"}],"version-history":[{"count":8,"href":"https:\/\/www.kurita.eu\/fr\/wp-json\/wp\/v2\/pages\/13232\/revisions"}],"predecessor-version":[{"id":19138,"href":"https:\/\/www.kurita.eu\/fr\/wp-json\/wp\/v2\/pages\/13232\/revisions\/19138"}],"wp:featuredmedia":[{"embeddable":true,"href":"https:\/\/www.kurita.eu\/fr\/wp-json\/wp\/v2\/media\/14842"}],"wp:attachment":[{"href":"https:\/\/www.kurita.eu\/fr\/wp-json\/wp\/v2\/media?parent=13232"}],"curies":[{"name":"wp","href":"https:\/\/api.w.org\/{rel}","templated":true}]}}