{"id":13385,"date":"2025-04-23T10:38:42","date_gmt":"2025-04-23T10:38:42","guid":{"rendered":"https:\/\/kurita-eu-gudza2cjbzfhcwbx.francecentral-01.azurewebsites.net\/?page_id=13385"},"modified":"2026-01-28T12:58:32","modified_gmt":"2026-01-28T12:58:32","slug":"impression","status":"publish","type":"page","link":"https:\/\/www.kurita.eu\/fr\/imprint\/","title":{"rendered":"Impression"},"content":{"rendered":"<div data-elementor-type=\"wp-page\" data-elementor-id=\"13385\" class=\"elementor elementor-13385\" data-elementor-post-type=\"page\">\n\t\t\t\t\t\t<section class=\"elementor-section elementor-top-section elementor-element elementor-element-104172e2 elementor-section-full_width elementor-section-height-default elementor-section-height-default\" data-id=\"104172e2\" data-element_type=\"section\" data-e-type=\"section\">\n\t\t\t\t\t\t<div class=\"elementor-container elementor-column-gap-default\">\n\t\t\t\t\t<div class=\"elementor-column elementor-col-100 elementor-top-column elementor-element elementor-element-35adc239\" data-id=\"35adc239\" data-element_type=\"column\" data-e-type=\"column\">\n\t\t\t<div class=\"elementor-widget-wrap elementor-element-populated\">\n\t\t\t\t\t\t<div class=\"elementor-element elementor-element-fbff11d elementor--h-position-center elementor--v-position-middle elementor-arrows-position-inside elementor-pagination-position-inside elementor-widget elementor-widget-slides\" data-id=\"fbff11d\" data-element_type=\"widget\" data-e-type=\"widget\" data-settings=\"{&quot;navigation&quot;:&quot;both&quot;,&quot;autoplay&quot;:&quot;yes&quot;,&quot;pause_on_hover&quot;:&quot;yes&quot;,&quot;pause_on_interaction&quot;:&quot;yes&quot;,&quot;autoplay_speed&quot;:5000,&quot;infinite&quot;:&quot;yes&quot;,&quot;transition&quot;:&quot;slide&quot;,&quot;transition_speed&quot;:500}\" data-widget_type=\"slides.default\">\n\t\t\t\t<div class=\"elementor-widget-container\">\n\t\t\t\t\t\t\t\t\t<div class=\"elementor-swiper\">\n\t\t\t\t\t<div class=\"elementor-slides-wrapper elementor-main-swiper swiper\" role=\"region\" aria-roledescription=\"carousel\" aria-label=\"Diapositives\" dir=\"ltr\" data-animation=\"fadeInUp\">\n\t\t\t\t<div class=\"swiper-wrapper elementor-slides\">\n\t\t\t\t\t\t\t\t\t\t<div class=\"elementor-repeater-item-4e0b9f7 swiper-slide\" role=\"group\" aria-roledescription=\"slide\"><div class=\"swiper-slide-bg elementor-ken-burns elementor-ken-burns--in\" role=\"img\" aria-label=\"Nouveau-KETC-1.jpg\"><\/div><div class=\"elementor-background-overlay\"><\/div><div class=\"swiper-slide-inner\" ><div class=\"swiper-slide-contents\"><h1 class=\"elementor-slide-heading\">Avis juridique<\/h1><\/div><\/div><\/div>\t\t\t\t<\/div>\n\t\t\t\t\t\t\t<\/div>\n\t\t\t\t<\/div>\n\t\t\t\t\t\t\t\t<\/div>\n\t\t\t\t<\/div>\n\t\t\t\t\t<\/div>\n\t\t<\/div>\n\t\t\t\t\t<\/div>\n\t\t<\/section>\n\t\t\t\t<section class=\"elementor-section elementor-top-section elementor-element elementor-element-470af7ef elementor-section-boxed elementor-section-height-default elementor-section-height-default\" data-id=\"470af7ef\" data-element_type=\"section\" data-e-type=\"section\">\n\t\t\t\t\t\t<div class=\"elementor-container elementor-column-gap-default\">\n\t\t\t\t\t<div class=\"elementor-column elementor-col-100 elementor-top-column elementor-element elementor-element-79f466f4 margin-content\" data-id=\"79f466f4\" data-element_type=\"column\" data-e-type=\"column\">\n\t\t\t<div class=\"elementor-widget-wrap elementor-element-populated\">\n\t\t\t\t\t\t<div class=\"elementor-element elementor-element-c51ad65 elementor-widget elementor-widget-heading\" data-id=\"c51ad65\" data-element_type=\"widget\" data-e-type=\"widget\" data-widget_type=\"heading.default\">\n\t\t\t\t<div class=\"elementor-widget-container\">\n\t\t\t\t\t<h4 class=\"elementor-heading-title elementor-size-default\">Impression<\/h4>\t\t\t\t<\/div>\n\t\t\t\t<\/div>\n\t\t\t\t<div class=\"elementor-element elementor-element-6cc7076a elementor-widget elementor-widget-text-editor\" data-id=\"6cc7076a\" data-element_type=\"widget\" data-e-type=\"widget\" data-widget_type=\"text-editor.default\">\n\t\t\t\t<div class=\"elementor-widget-container\">\n\t\t\t\t\t\t\t\t\t<p><strong>Kurita Europe GmbH<br \/><\/strong>Theodor-Heuss-Anlage 2<br \/>68165 Mannheim<br \/>Allemagne<\/p><p>T\u00e9l\u00e9phone : +49 621 1218 3000 +49 621 1218 3000<br \/>Fax : +49 621 1218 3458<br \/>E-Mail : <a href=\"mailto:kuritaeurope@kurita-water.com\">kuritaeurope@kurita-water.com<\/a><\/p><p>Directeurs g\u00e9n\u00e9raux : Shuji Shirode | Jordi Verd\u00e9s Prieto<\/p><p>Num\u00e9ro du registre du commerce : Mannheim HRB 739244<\/p><p>Num\u00e9ro d'identification TVA : DE297214107<\/p><p><a href=\"https:\/\/www.kurita.eu\/fr\/politique-de-confidentialite\/\">Politique de confidentialit\u00e9<\/a><\/p>\t\t\t\t\t\t\t\t<\/div>\n\t\t\t\t<\/div>\n\t\t\t\t\t<\/div>\n\t\t<\/div>\n\t\t\t\t\t<\/div>\n\t\t<\/section>\n\t\t\t\t<section class=\"elementor-section elementor-top-section elementor-element elementor-element-3dcf0ddb elementor-section-boxed elementor-section-height-default elementor-section-height-default\" data-id=\"3dcf0ddb\" data-element_type=\"section\" data-e-type=\"section\" data-settings=\"{&quot;background_background&quot;:&quot;classic&quot;}\">\n\t\t\t\t\t\t<div class=\"elementor-container elementor-column-gap-default\">\n\t\t\t\t\t<div class=\"elementor-column elementor-col-100 elementor-top-column elementor-element elementor-element-b5b4a5d margin-content\" data-id=\"b5b4a5d\" data-element_type=\"column\" data-e-type=\"column\">\n\t\t\t<div class=\"elementor-widget-wrap elementor-element-populated\">\n\t\t\t\t\t\t<div class=\"elementor-element elementor-element-4d822723 elementor-widget elementor-widget-heading\" data-id=\"4d822723\" data-element_type=\"widget\" data-e-type=\"widget\" data-widget_type=\"heading.default\">\n\t\t\t\t<div class=\"elementor-widget-container\">\n\t\t\t\t\t<h4 class=\"elementor-heading-title elementor-size-default\">Droit d'auteur<\/h4>\t\t\t\t<\/div>\n\t\t\t\t<\/div>\n\t\t\t\t<div class=\"elementor-element elementor-element-6ea8a6fe elementor-widget elementor-widget-text-editor\" data-id=\"6ea8a6fe\" data-element_type=\"widget\" data-e-type=\"widget\" data-widget_type=\"text-editor.default\">\n\t\t\t\t<div class=\"elementor-widget-container\">\n\t\t\t\t\t\t\t\t\t<p>Les publications sur cette page sont soumises aux lois allemandes sur les droits d'auteur. La reproduction, l'adaptation et toute utilisation contraire aux lois sur les droits d'auteur doivent faire l'objet d'une autorisation \u00e9crite de la part de Kurita Europe GmbH. Les t\u00e9l\u00e9chargements et les copies de cette page ou de parties de celle-ci ne sont autoris\u00e9s que pour un usage priv\u00e9 et non commercial.<\/p>\t\t\t\t\t\t\t\t<\/div>\n\t\t\t\t<\/div>\n\t\t\t\t\t<\/div>\n\t\t<\/div>\n\t\t\t\t\t<\/div>\n\t\t<\/section>\n\t\t\t\t<section class=\"elementor-section elementor-top-section elementor-element elementor-element-6f3ad3a3 elementor-section-boxed elementor-section-height-default elementor-section-height-default\" data-id=\"6f3ad3a3\" data-element_type=\"section\" data-e-type=\"section\" data-settings=\"{&quot;background_background&quot;:&quot;classic&quot;}\">\n\t\t\t\t\t\t<div class=\"elementor-container elementor-column-gap-default\">\n\t\t\t\t\t<div class=\"elementor-column elementor-col-100 elementor-top-column elementor-element elementor-element-749869ae margin-content\" data-id=\"749869ae\" data-element_type=\"column\" data-e-type=\"column\">\n\t\t\t<div class=\"elementor-widget-wrap elementor-element-populated\">\n\t\t\t\t\t\t<div class=\"elementor-element elementor-element-75bbfc8a elementor-widget elementor-widget-heading\" data-id=\"75bbfc8a\" data-element_type=\"widget\" data-e-type=\"widget\" data-widget_type=\"heading.default\">\n\t\t\t\t<div class=\"elementor-widget-container\">\n\t\t\t\t\t<h4 class=\"elementor-heading-title elementor-size-default\">Responsabilit\u00e9 du contenu<\/h4>\t\t\t\t<\/div>\n\t\t\t\t<\/div>\n\t\t\t\t<div class=\"elementor-element elementor-element-1b911312 elementor-widget elementor-widget-text-editor\" data-id=\"1b911312\" data-element_type=\"widget\" data-e-type=\"widget\" data-widget_type=\"text-editor.default\">\n\t\t\t\t<div class=\"elementor-widget-container\">\n\t\t\t\t\t\t\t\t\t<p>Kurita n'est pas responsable de l'exactitude du contenu et ne pr\u00e9tend pas \u00e0 l'exhaustivit\u00e9.<\/p>\t\t\t\t\t\t\t\t<\/div>\n\t\t\t\t<\/div>\n\t\t\t\t\t<\/div>\n\t\t<\/div>\n\t\t\t\t\t<\/div>\n\t\t<\/section>\n\t\t\t\t<section class=\"elementor-section elementor-top-section elementor-element elementor-element-2bbbd547 elementor-section-boxed elementor-section-height-default elementor-section-height-default\" data-id=\"2bbbd547\" data-element_type=\"section\" data-e-type=\"section\">\n\t\t\t\t\t\t<div class=\"elementor-container elementor-column-gap-default\">\n\t\t\t\t\t<div class=\"elementor-column elementor-col-100 elementor-top-column elementor-element elementor-element-28a59b2b margin-content\" data-id=\"28a59b2b\" data-element_type=\"column\" data-e-type=\"column\">\n\t\t\t<div class=\"elementor-widget-wrap elementor-element-populated\">\n\t\t\t\t\t\t<div class=\"elementor-element elementor-element-6471192e elementor-widget elementor-widget-heading\" data-id=\"6471192e\" data-element_type=\"widget\" data-e-type=\"widget\" data-widget_type=\"heading.default\">\n\t\t\t\t<div class=\"elementor-widget-container\">\n\t\t\t\t\t<h4 class=\"elementor-heading-title elementor-size-default\">Responsabilit\u00e9 des liens<\/h4>\t\t\t\t<\/div>\n\t\t\t\t<\/div>\n\t\t\t\t<div class=\"elementor-element elementor-element-5369aefb elementor-widget elementor-widget-text-editor\" data-id=\"5369aefb\" data-element_type=\"widget\" data-e-type=\"widget\" data-widget_type=\"text-editor.default\">\n\t\t\t\t<div class=\"elementor-widget-container\">\n\t\t\t\t\t\t\t\t\t<p>Le site web de Kurita contient des liens vers les pages web de tiers. Les liens vers des tiers sont signal\u00e9s comme tels. Kurita ne peut \u00eatre tenu responsable du contenu de ces sites car nous ne contr\u00f4lons pas les informations qui y sont donn\u00e9es. Veuillez noter que nous ne sommes pas n\u00e9cessairement d'accord avec le contenu des sites web accessibles par des liens fournis par nous. Les sites de tiers ont \u00e9t\u00e9 contr\u00f4l\u00e9s - sur la base d'une \u00e9valuation raisonnable - uniquement en ce qui concerne le contenu criminel ou la violation de la loi. La connaissance pr\u00e9sum\u00e9e d'une telle infraction l\u00e9gale entra\u00eenera la suppression imm\u00e9diate de ces liens.<\/p>\t\t\t\t\t\t\t\t<\/div>\n\t\t\t\t<\/div>\n\t\t\t\t\t<\/div>\n\t\t<\/div>\n\t\t\t\t\t<\/div>\n\t\t<\/section>\n\t\t\t\t<\/div>","protected":false},"excerpt":{"rendered":"<p>Legal Notice Imprint Kurita Europe GmbHTheodor-Heuss-Anlage 268165 MannheimGermany Phone: +49 621\u00a01218 3000Fax: +49 621 1218 3458E-Mail: kuritaeurope@kurita-water.com Managing Directors: Shuji Shirode | Jordi Verd\u00e9s Prieto Commercial Register No.: Mannheim HRB 739244 VAT ID No.: DE297214107 Privacy Policy Copyright The publications on this page are subject to German copyright laws. Duplication, adaptation and all utilization infringing [&hellip;]<\/p>\n","protected":false},"author":2,"featured_media":15425,"parent":0,"menu_order":0,"comment_status":"closed","ping_status":"closed","template":"","meta":{"footnotes":""},"class_list":["post-13385","page","type-page","status-publish","has-post-thumbnail","hentry"],"_links":{"self":[{"href":"https:\/\/www.kurita.eu\/fr\/wp-json\/wp\/v2\/pages\/13385","targetHints":{"allow":["GET"]}}],"collection":[{"href":"https:\/\/www.kurita.eu\/fr\/wp-json\/wp\/v2\/pages"}],"about":[{"href":"https:\/\/www.kurita.eu\/fr\/wp-json\/wp\/v2\/types\/page"}],"author":[{"embeddable":true,"href":"https:\/\/www.kurita.eu\/fr\/wp-json\/wp\/v2\/users\/2"}],"replies":[{"embeddable":true,"href":"https:\/\/www.kurita.eu\/fr\/wp-json\/wp\/v2\/comments?post=13385"}],"version-history":[{"count":13,"href":"https:\/\/www.kurita.eu\/fr\/wp-json\/wp\/v2\/pages\/13385\/revisions"}],"predecessor-version":[{"id":19189,"href":"https:\/\/www.kurita.eu\/fr\/wp-json\/wp\/v2\/pages\/13385\/revisions\/19189"}],"wp:featuredmedia":[{"embeddable":true,"href":"https:\/\/www.kurita.eu\/fr\/wp-json\/wp\/v2\/media\/15425"}],"wp:attachment":[{"href":"https:\/\/www.kurita.eu\/fr\/wp-json\/wp\/v2\/media?parent=13385"}],"curies":[{"name":"wp","href":"https:\/\/api.w.org\/{rel}","templated":true}]}}