{"id":14259,"date":"2025-04-25T08:01:07","date_gmt":"2025-04-25T08:01:07","guid":{"rendered":"https:\/\/kurita-eu-gudza2cjbzfhcwbx.francecentral-01.azurewebsites.net\/?page_id=14259"},"modified":"2026-01-20T16:28:43","modified_gmt":"2026-01-20T16:28:43","slug":"kuriverter-rc","status":"publish","type":"page","link":"https:\/\/www.kurita.eu\/fr\/solutions\/kuriverter-rc\/","title":{"rendered":"Kuriverter\u00ae RC"},"content":{"rendered":"<div data-elementor-type=\"wp-page\" data-elementor-id=\"14259\" class=\"elementor elementor-14259\" data-elementor-post-type=\"page\">\n\t\t\t\t\t\t<section class=\"elementor-section elementor-top-section elementor-element elementor-element-4f2780b7 elementor-section-full_width elementor-section-height-default elementor-section-height-default\" data-id=\"4f2780b7\" data-element_type=\"section\" data-e-type=\"section\">\n\t\t\t\t\t\t<div class=\"elementor-container elementor-column-gap-default\">\n\t\t\t\t\t<div class=\"elementor-column elementor-col-100 elementor-top-column elementor-element elementor-element-7e809e46\" data-id=\"7e809e46\" data-element_type=\"column\" data-e-type=\"column\">\n\t\t\t<div class=\"elementor-widget-wrap elementor-element-populated\">\n\t\t\t\t\t\t<div class=\"elementor-element elementor-element-4a1bccb2 elementor--h-position-center elementor--v-position-middle elementor-arrows-position-inside elementor-pagination-position-inside elementor-widget elementor-widget-slides\" data-id=\"4a1bccb2\" data-element_type=\"widget\" data-e-type=\"widget\" data-settings=\"{&quot;navigation&quot;:&quot;both&quot;,&quot;autoplay&quot;:&quot;yes&quot;,&quot;pause_on_hover&quot;:&quot;yes&quot;,&quot;pause_on_interaction&quot;:&quot;yes&quot;,&quot;autoplay_speed&quot;:5000,&quot;infinite&quot;:&quot;yes&quot;,&quot;transition&quot;:&quot;slide&quot;,&quot;transition_speed&quot;:500}\" data-widget_type=\"slides.default\">\n\t\t\t\t<div class=\"elementor-widget-container\">\n\t\t\t\t\t\t\t\t\t<div class=\"elementor-swiper\">\n\t\t\t\t\t<div class=\"elementor-slides-wrapper elementor-main-swiper swiper\" role=\"region\" aria-roledescription=\"carousel\" aria-label=\"Diapositives\" dir=\"ltr\" data-animation=\"fadeInUp\">\n\t\t\t\t<div class=\"swiper-wrapper elementor-slides\">\n\t\t\t\t\t\t\t\t\t\t<div class=\"elementor-repeater-item-4e0b9f7 swiper-slide\" role=\"group\" aria-roledescription=\"slide\"><div class=\"swiper-slide-bg elementor-ken-burns elementor-ken-burns--in\" role=\"img\" aria-label=\"Kuriverter-14299ba0-1.png\"><\/div><div class=\"elementor-background-overlay\"><\/div><div class=\"swiper-slide-inner\" ><div class=\"swiper-slide-contents\"><h1 class=\"elementor-slide-heading\">Kuriverter\u00ae RC<\/h1><\/div><\/div><\/div>\t\t\t\t<\/div>\n\t\t\t\t\t\t\t<\/div>\n\t\t\t\t<\/div>\n\t\t\t\t\t\t\t\t<\/div>\n\t\t\t\t<\/div>\n\t\t\t\t\t<\/div>\n\t\t<\/div>\n\t\t\t\t\t<\/div>\n\t\t<\/section>\n\t\t\t\t<section class=\"elementor-section elementor-top-section elementor-element elementor-element-196327a4 elementor-section-boxed elementor-section-height-default elementor-section-height-default\" data-id=\"196327a4\" data-element_type=\"section\" data-e-type=\"section\">\n\t\t\t\t\t\t<div class=\"elementor-container elementor-column-gap-default\">\n\t\t\t\t\t<div class=\"elementor-column elementor-col-66 elementor-top-column elementor-element elementor-element-3fedc7e6 margin-content\" data-id=\"3fedc7e6\" data-element_type=\"column\" data-e-type=\"column\">\n\t\t\t<div class=\"elementor-widget-wrap elementor-element-populated\">\n\t\t\t\t\t\t<div class=\"elementor-element elementor-element-48e55468 elementor-widget elementor-widget-heading\" data-id=\"48e55468\" data-element_type=\"widget\" data-e-type=\"widget\" data-widget_type=\"heading.default\">\n\t\t\t\t<div class=\"elementor-widget-container\">\n\t\t\t\t\t<h2 class=\"elementor-heading-title elementor-size-default\">L'utilisation de Kuriverter\u00ae RC permet d'\u00e9viter le remplacement de la membrane RO.\n<\/h2>\t\t\t\t<\/div>\n\t\t\t\t<\/div>\n\t\t\t\t<div class=\"elementor-element elementor-element-179a455b elementor-invisible elementor-widget elementor-widget-text-editor\" data-id=\"179a455b\" data-element_type=\"widget\" data-e-type=\"widget\" data-settings=\"{&quot;_animation&quot;:&quot;fadeInUp&quot;}\" data-widget_type=\"text-editor.default\">\n\t\t\t\t<div class=\"elementor-widget-container\">\n\t\t\t\t\t\t\t\t\t<p>Les applications utilisant les technologies membranaires d'osmose inverse sont omnipr\u00e9sentes dans notre vie : des minuscules unit\u00e9s sous le comptoir qui polissent notre eau potable aux unit\u00e9s industrielles qui pr\u00e9parent l'eau pour les processus ou purifient les effluents pour les r\u00e9utiliser, en passant par les usines massives de dessalement de l'eau de mer qui produisent des milliers de m\u00b3 d'eau potable et d'eau d'irrigation chaque jour. L'osmose inverse utilis\u00e9e dans cette technologie est confront\u00e9e \u00e0 de nombreux probl\u00e8mes potentiels, \u00e0 savoir le tartre et les d\u00e9p\u00f4ts, l'encrassement biologique, les contraintes physiques et les dommages chimiques. Pour nombre de ces probl\u00e8mes, nous avons d\u00e9velopp\u00e9 des solutions pr\u00e9ventives sous forme de pr\u00e9traitement, d'antitartre, de dispersants, de biocides et de meilleures proc\u00e9dures d'exploitation.<\/p><p>La gamme de produits d'osmose inverse de Kurita et ses produits sont compatibles avec les membranes et accr\u00e9dit\u00e9s par des lettres de compatibilit\u00e9 des soci\u00e9t\u00e9s de fabrication de membranes les plus connues au monde.<\/p><p>Malgr\u00e9 l'utilisation de produits ad\u00e9quats, le travail quotidien n'est pas exempt d'incidents. Le surdosage de certains produits chimiques, l'interruption des agents neutralisants, les pompes cass\u00e9es, les erreurs de calcul de la main d'\u0153uvre, etc... peuvent amener les syst\u00e8mes d'osmose inverse \u00e0 souffrir de dommages chimiques ou d'oxydation, avec pour cons\u00e9quence une augmentation du passage du sel, une perte de performance et des probl\u00e8mes de production. La solution la plus rapide et la plus courante dans ces cas est le remplacement de la membrane pour \u00e9viter les pertes de production \u00e0 long terme, mais, bien s\u00fbr, cela signifie un co\u00fbt \u00e9conomique \u00e9lev\u00e9, en particulier dans les grandes installations d'osmose inverse.<\/p><p>Mais il existe d\u00e9sormais une alternative pour les clients de Kurita qui permet de conserver la membrane sans perdre en performance : La technologie Kuriverter\u00ae RC de Kurita. Cette technologie nous permet de rajeunir la membrane, de r\u00e9tablir le rejet des sels et de reporter le changement de membrane jusqu'\u00e0 ce qu'il soit budg\u00e9tis\u00e9 et pratique. Ceci pour une fraction du co\u00fbt de remplacement en utilisant un processus CIP facile \u00e0 appliquer.<\/p>\t\t\t\t\t\t\t\t<\/div>\n\t\t\t\t<\/div>\n\t\t\t\t\t<\/div>\n\t\t<\/div>\n\t\t\t\t<div class=\"elementor-column elementor-col-33 elementor-top-column elementor-element elementor-element-3431d06d margin-content\" data-id=\"3431d06d\" data-element_type=\"column\" data-e-type=\"column\">\n\t\t\t<div class=\"elementor-widget-wrap elementor-element-populated\">\n\t\t\t\t\t\t<div class=\"elementor-element elementor-element-3517d80f elementor-invisible elementor-widget elementor-widget-image\" data-id=\"3517d80f\" data-element_type=\"widget\" data-e-type=\"widget\" data-settings=\"{&quot;_animation&quot;:&quot;fadeIn&quot;}\" data-widget_type=\"image.default\">\n\t\t\t\t<div class=\"elementor-widget-container\">\n\t\t\t\t\t\t\t\t\t\t\t\t\t\t\t<img fetchpriority=\"high\" decoding=\"async\" width=\"350\" height=\"299\" src=\"\/wp-content\/uploads\/2025\/04\/Stamp-Kurita-PATENTED-SOLUTION-0e304df3.png\" class=\"attachment-large size-large wp-image-12806\" alt=\"\" srcset=\"\/wp-content\/uploads\/2025\/04\/Stamp-Kurita-PATENTED-SOLUTION-0e304df3.png 350w, \/wp-content\/uploads\/2025\/04\/Stamp-Kurita-PATENTED-SOLUTION-0e304df3-300x256.png 300w\" sizes=\"(max-width: 350px) 100vw, 350px\" data-no-translation=\"\" \/>\t\t\t\t\t\t\t\t\t\t\t\t\t\t\t<\/div>\n\t\t\t\t<\/div>\n\t\t\t\t\t<\/div>\n\t\t<\/div>\n\t\t\t\t\t<\/div>\n\t\t<\/section>\n\t\t\t\t<section class=\"elementor-section elementor-top-section elementor-element elementor-element-3e203dab elementor-section-boxed elementor-section-height-default elementor-section-height-default\" data-id=\"3e203dab\" data-element_type=\"section\" data-e-type=\"section\" data-settings=\"{&quot;background_background&quot;:&quot;classic&quot;}\">\n\t\t\t\t\t\t<div class=\"elementor-container elementor-column-gap-default\">\n\t\t\t\t\t<div class=\"elementor-column elementor-col-50 elementor-top-column elementor-element elementor-element-2f052e1a margin-content\" data-id=\"2f052e1a\" data-element_type=\"column\" data-e-type=\"column\">\n\t\t\t<div class=\"elementor-widget-wrap elementor-element-populated\">\n\t\t\t\t\t\t<div class=\"elementor-element elementor-element-4a1d8c3e elementor-widget elementor-widget-heading\" data-id=\"4a1d8c3e\" data-element_type=\"widget\" data-e-type=\"widget\" data-widget_type=\"heading.default\">\n\t\t\t\t<div class=\"elementor-widget-container\">\n\t\t\t\t\t<h4 class=\"elementor-heading-title elementor-size-default\">Les avantages comprennent\n<\/h4>\t\t\t\t<\/div>\n\t\t\t\t<\/div>\n\t\t\t\t<div class=\"elementor-element elementor-element-260bc15d elementor-invisible elementor-widget elementor-widget-text-editor\" data-id=\"260bc15d\" data-element_type=\"widget\" data-e-type=\"widget\" data-settings=\"{&quot;_animation&quot;:&quot;fadeIn&quot;}\" data-widget_type=\"text-editor.default\">\n\t\t\t\t<div class=\"elementor-widget-container\">\n\t\t\t\t\t\t\t\t\t<ul><li>S\u00e9curit\u00e9 de la FDA et\u00a0<a href=\"http:\/\/www.nsf.org\/\">NSF<\/a>\u00a0composants approuv\u00e9s<\/li><li>Application standard de la proc\u00e9dure CIP<\/li><li>La solution imm\u00e9diate pour restaurer la qualit\u00e9 du perm\u00e9at<\/li><li>Faible co\u00fbt par rapport au remplacement<\/li><li>Permet de planifier et de budg\u00e9tiser le remplacement \u00e9ventuel de la membrane<\/li><\/ul>\t\t\t\t\t\t\t\t<\/div>\n\t\t\t\t<\/div>\n\t\t\t\t<div class=\"elementor-element elementor-element-397b8f22 elementor-widget elementor-widget-text-editor\" data-id=\"397b8f22\" data-element_type=\"widget\" data-e-type=\"widget\" data-widget_type=\"text-editor.default\">\n\t\t\t\t<div class=\"elementor-widget-container\">\n\t\t\t\t\t\t\t\t\t<p>La technologie Kuriverter\u00ae RC fournit \u00e0 l'op\u00e9rateur de l'installation membranaire un outil suppl\u00e9mentaire pour r\u00e9duire les risques et am\u00e9liorer les performances de l'installation, en conservant le d\u00e9bit de perm\u00e9at et le rejet de sels d'origine.<\/p><p>L'exploitation d'une installation membranaire est un processus s\u00e9quentiel dont chaque \u00e9tape pr\u00e9sente des exigences sp\u00e9cifiques pour un fonctionnement efficace, et le manque de contr\u00f4le d'une \u00e9tape a un impact significatif sur l'\u00e9tape suivante. Avec plus de 60 ans d'exp\u00e9rience, Kurita propose des solutions pour chacune de ces \u00e9tapes du processus, ce qui permet de prolonger la dur\u00e9e de vie de l'installation et de r\u00e9duire le co\u00fbt total d'exploitation.<\/p><p>Les composants Kuriverter\u00ae RC sont tous enti\u00e8rement conformes aux produits chimiques de qualit\u00e9 alimentaire de la FDA pour la consommation humaine.<\/p><p>Kuriverter\u00ae RC est\u00a0<a href=\"http:\/\/www.nsf.org\/\">NSF<\/a>\u00a0\/ ANSI 60 certifi\u00e9 pour une utilisation dans les usines \u00e0 membrane produisant de l'eau potable.<\/p>\t\t\t\t\t\t\t\t<\/div>\n\t\t\t\t<\/div>\n\t\t\t\t\t<\/div>\n\t\t<\/div>\n\t\t\t\t<div class=\"elementor-column elementor-col-50 elementor-top-column elementor-element elementor-element-6be3b973\" data-id=\"6be3b973\" data-element_type=\"column\" data-e-type=\"column\">\n\t\t\t<div class=\"elementor-widget-wrap elementor-element-populated\">\n\t\t\t\t\t\t<div class=\"elementor-element elementor-element-38679733 margin-content elementor-widget elementor-widget-image\" data-id=\"38679733\" data-element_type=\"widget\" data-e-type=\"widget\" data-widget_type=\"image.default\">\n\t\t\t\t<div class=\"elementor-widget-container\">\n\t\t\t\t\t\t\t\t\t\t\t\t\t\t\t<img decoding=\"async\" width=\"350\" height=\"232\" src=\"\/wp-content\/uploads\/2025\/04\/Innovations_Kuriverter-RC-40843c14.jpg\" class=\"attachment-large size-large wp-image-14262\" alt=\"\" srcset=\"\/wp-content\/uploads\/2025\/04\/Innovations_Kuriverter-RC-40843c14.jpg 350w, \/wp-content\/uploads\/2025\/04\/Innovations_Kuriverter-RC-40843c14-300x199.jpg 300w\" sizes=\"(max-width: 350px) 100vw, 350px\" data-no-translation=\"\" \/>\t\t\t\t\t\t\t\t\t\t\t\t\t\t\t<\/div>\n\t\t\t\t<\/div>\n\t\t\t\t\t<\/div>\n\t\t<\/div>\n\t\t\t\t\t<\/div>\n\t\t<\/section>\n\t\t\t\t<section class=\"elementor-section elementor-top-section elementor-element elementor-element-373089d8 elementor-section-boxed elementor-section-height-default elementor-section-height-default\" data-id=\"373089d8\" data-element_type=\"section\" data-e-type=\"section\" data-settings=\"{&quot;background_background&quot;:&quot;classic&quot;}\">\n\t\t\t\t\t\t<div class=\"elementor-container elementor-column-gap-default\">\n\t\t\t\t\t<div class=\"elementor-column elementor-col-100 elementor-top-column elementor-element elementor-element-78a2b396 margin-content\" data-id=\"78a2b396\" data-element_type=\"column\" data-e-type=\"column\">\n\t\t\t<div class=\"elementor-widget-wrap elementor-element-populated\">\n\t\t\t\t\t\t<div class=\"elementor-element elementor-element-588dcf26 elementor-widget elementor-widget-heading\" data-id=\"588dcf26\" data-element_type=\"widget\" data-e-type=\"widget\" data-widget_type=\"heading.default\">\n\t\t\t\t<div class=\"elementor-widget-container\">\n\t\t\t\t\t<h4 class=\"elementor-heading-title elementor-size-default\">Test en laboratoire<\/h4>\t\t\t\t<\/div>\n\t\t\t\t<\/div>\n\t\t\t\t<div class=\"elementor-element elementor-element-3ed76b43 elementor-widget elementor-widget-video\" data-id=\"3ed76b43\" data-element_type=\"widget\" data-e-type=\"widget\" data-settings=\"{&quot;youtube_url&quot;:&quot;https:\\\/\\\/www.youtube.com\\\/watch?v=Vqjw4wDwi4Y&amp;t&quot;,&quot;video_type&quot;:&quot;youtube&quot;,&quot;controls&quot;:&quot;yes&quot;}\" data-widget_type=\"video.default\">\n\t\t\t\t<div class=\"elementor-widget-container\">\n\t\t\t\t\t\t\t<div class=\"elementor-wrapper elementor-open-inline\">\n\t\t\t<div class=\"elementor-video\"><\/div>\t\t<\/div>\n\t\t\t\t\t\t<\/div>\n\t\t\t\t<\/div>\n\t\t\t\t\t<\/div>\n\t\t<\/div>\n\t\t\t\t\t<\/div>\n\t\t<\/section>\n\t\t\t\t<section class=\"elementor-section elementor-top-section elementor-element elementor-element-3dd265ea elementor-section-boxed elementor-section-height-default elementor-section-height-default\" data-id=\"3dd265ea\" data-element_type=\"section\" data-e-type=\"section\" data-settings=\"{&quot;background_background&quot;:&quot;classic&quot;}\">\n\t\t\t\t\t\t<div class=\"elementor-container elementor-column-gap-default\">\n\t\t\t\t\t<div class=\"elementor-column elementor-col-100 elementor-top-column elementor-element elementor-element-57eaabdf margin-content\" data-id=\"57eaabdf\" data-element_type=\"column\" data-e-type=\"column\">\n\t\t\t<div class=\"elementor-widget-wrap elementor-element-populated\">\n\t\t\t\t\t\t<div class=\"elementor-element elementor-element-56d5b128 elementor-widget elementor-widget-heading\" data-id=\"56d5b128\" data-element_type=\"widget\" data-e-type=\"widget\" data-widget_type=\"heading.default\">\n\t\t\t\t<div class=\"elementor-widget-container\">\n\t\t\t\t\t<h2 class=\"elementor-heading-title elementor-size-default\">Nous sommes \u00e0 votre service<\/h2>\t\t\t\t<\/div>\n\t\t\t\t<\/div>\n\t\t\t\t<div class=\"elementor-element elementor-element-e76bb06 elementor-widget elementor-widget-html\" data-id=\"e76bb06\" data-element_type=\"widget\" data-e-type=\"widget\" data-widget_type=\"html.default\">\n\t\t\t\t<div class=\"elementor-widget-container\">\n\t\t\t\t\t<div\r\n        data-form-id='f4d0a8e4-73ce-ef11-b8e8-000d3ab41b62'\r\n        data-form-api-url='https:\/\/public-eur.mkt.dynamics.com\/api\/v1.0\/orgs\/30cac5a2-33f9-ed11-a66d-000d3a64d748\/landingpageforms'\r\n        data-cached-form-url='https:\/\/assets-eur.mkt.dynamics.com\/30cac5a2-33f9-ed11-a66d-000d3a64d748\/digitalassets\/forms\/f4d0a8e4-73ce-ef11-b8e8-000d3ab41b62' ><\/div>\r\n        <script src = 'https:\/\/cxppusa1formui01cdnsa01-endpoint.azureedge.net\/eur\/FormLoader\/FormLoader.bundle.js' ><\/script>\r\n        <script>document.documentElement.lang = navigator.language;<\/script>\t\t\t\t<\/div>\n\t\t\t\t<\/div>\n\t\t\t\t\t<\/div>\n\t\t<\/div>\n\t\t\t\t\t<\/div>\n\t\t<\/section>\n\t\t\t\t<\/div>","protected":false},"excerpt":{"rendered":"<p>Kuriverter\u00ae RC \u00c9vitez le remplacement de la membrane RO en utilisant Kuriverter\u00ae RC. Les applications utilisant les technologies membranaires d'osmose inverse sont omnipr\u00e9sentes dans nos vies : des petites unit\u00e9s sous le comptoir qui polissent notre eau potable aux unit\u00e9s industrielles qui pr\u00e9parent l'eau pour les processus ou purifient les effluents pour les r\u00e9utiliser, en passant par les usines massives de dessalement de l'eau de mer qui produisent des milliers de m\u00b3 d'eau potable et d'eau d'irrigation [...].<\/p>","protected":false},"author":2,"featured_media":0,"parent":13875,"menu_order":0,"comment_status":"closed","ping_status":"closed","template":"","meta":{"footnotes":""},"class_list":["post-14259","page","type-page","status-publish","hentry"],"yoast_head":"<!-- This site is optimized with the Yoast SEO plugin v25.5 - https:\/\/yoast.com\/wordpress\/plugins\/seo\/ -->\n<title>Kuriverter\u00ae RC - Kurita Europe<\/title>\n<meta name=\"description\" content=\"Kuriverter RC membrane rejuvenation: restore RO salt rejection via standard CIP, postpone replacements and cut OPEX using NSF\/FDA\u2011compliant chemistry.\" \/>\n<meta name=\"robots\" content=\"index, follow, max-snippet:-1, max-image-preview:large, max-video-preview:-1\" \/>\n<link rel=\"canonical\" href=\"https:\/\/www.kurita.eu\/fr\/solutions\/kuriverter-rc\/\" \/>\n<meta property=\"og:locale\" content=\"fr_FR\" \/>\n<meta property=\"og:type\" content=\"article\" \/>\n<meta property=\"og:title\" content=\"Kuriverter\u00ae RC - Kurita Europe\" \/>\n<meta property=\"og:description\" content=\"Kuriverter RC membrane rejuvenation: restore RO salt rejection via standard CIP, postpone replacements and cut OPEX using NSF\/FDA\u2011compliant chemistry.\" \/>\n<meta property=\"og:url\" content=\"https:\/\/www.kurita.eu\/fr\/solutions\/kuriverter-rc\/\" \/>\n<meta property=\"og:site_name\" content=\"Kurita Europe\" \/>\n<meta property=\"article:modified_time\" content=\"2026-01-20T16:28:43+00:00\" \/>\n<meta property=\"og:image\" content=\"https:\/\/www.kurita.eu\/wp-content\/uploads\/2025\/07\/kurita-favicon-512x512-1.png\" \/>\n\t<meta property=\"og:image:width\" content=\"512\" \/>\n\t<meta property=\"og:image:height\" content=\"512\" \/>\n\t<meta property=\"og:image:type\" content=\"image\/png\" \/>\n<meta name=\"twitter:card\" content=\"summary_large_image\" \/>\n<meta name=\"twitter:label1\" content=\"Dur\u00e9e de lecture estim\u00e9e\" \/>\n\t<meta name=\"twitter:data1\" content=\"3 minutes\" \/>\n<script type=\"application\/ld+json\" class=\"yoast-schema-graph\">{\"@context\":\"https:\/\/schema.org\",\"@graph\":[{\"@type\":\"WebPage\",\"@id\":\"https:\/\/www.kurita.eu\/en\/solutions\/kuriverter-rc\/\",\"url\":\"https:\/\/www.kurita.eu\/en\/solutions\/kuriverter-rc\/\",\"name\":\"Kuriverter\u00ae RC - Kurita Europe\",\"isPartOf\":{\"@id\":\"https:\/\/kurita.eu\/en\/#website\"},\"datePublished\":\"2025-04-25T08:01:07+00:00\",\"dateModified\":\"2026-01-20T16:28:43+00:00\",\"description\":\"Kuriverter RC membrane rejuvenation: restore RO salt rejection via standard CIP, postpone replacements and cut OPEX using NSF\/FDA\u2011compliant chemistry.\",\"breadcrumb\":{\"@id\":\"https:\/\/www.kurita.eu\/en\/solutions\/kuriverter-rc\/#breadcrumb\"},\"inLanguage\":\"fr-FR\",\"potentialAction\":[{\"@type\":\"ReadAction\",\"target\":[\"https:\/\/www.kurita.eu\/en\/solutions\/kuriverter-rc\/\"]}]},{\"@type\":\"BreadcrumbList\",\"@id\":\"https:\/\/www.kurita.eu\/en\/solutions\/kuriverter-rc\/#breadcrumb\",\"itemListElement\":[{\"@type\":\"ListItem\",\"position\":1,\"name\":\"Home\",\"item\":\"https:\/\/www.kurita.eu\/en\/\"},{\"@type\":\"ListItem\",\"position\":2,\"name\":\"Solutions\",\"item\":\"https:\/\/www.kurita.eu\/en\/solutions\/\"},{\"@type\":\"ListItem\",\"position\":3,\"name\":\"Kuriverter\u00ae RC\"}]},{\"@type\":\"WebSite\",\"@id\":\"https:\/\/kurita.eu\/en\/#website\",\"url\":\"https:\/\/kurita.eu\/en\/\",\"name\":\"Kurita Europe\",\"description\":\"Water Treatment Solutions\",\"publisher\":{\"@id\":\"https:\/\/kurita.eu\/en\/#organization\"},\"potentialAction\":[{\"@type\":\"SearchAction\",\"target\":{\"@type\":\"EntryPoint\",\"urlTemplate\":\"https:\/\/kurita.eu\/en\/?s={search_term_string}\"},\"query-input\":{\"@type\":\"PropertyValueSpecification\",\"valueRequired\":true,\"valueName\":\"search_term_string\"}}],\"inLanguage\":\"fr-FR\"},{\"@type\":\"Organization\",\"@id\":\"https:\/\/kurita.eu\/en\/#organization\",\"name\":\"Kurita Europe\",\"url\":\"https:\/\/kurita.eu\/en\/\",\"logo\":{\"@type\":\"ImageObject\",\"inLanguage\":\"fr-FR\",\"@id\":\"https:\/\/kurita.eu\/en\/#\/schema\/logo\/image\/\",\"url\":\"\/wp-content\/uploads\/2025\/05\/cropped-brand_mark_horizon_blue.png\",\"contentUrl\":\"\/wp-content\/uploads\/2025\/05\/cropped-brand_mark_horizon_blue.png\",\"width\":712,\"height\":204,\"caption\":\"Kurita Europe\"},\"image\":{\"@id\":\"https:\/\/kurita.eu\/en\/#\/schema\/logo\/image\/\"}}]}<\/script>\n<!-- \/ Yoast SEO plugin. -->","yoast_head_json":{"title":"Kuriverter\u00ae RC - Kurita Europe","description":"Rajeunissement de la membrane Kuriverter RC : r\u00e9tablir le rejet de sels par OI via un NEP standard, retarder les remplacements et r\u00e9duire les OPEX en utilisant une chimie conforme \u00e0 NSF\/FDA.","robots":{"index":"index","follow":"follow","max-snippet":"max-snippet:-1","max-image-preview":"max-image-preview:large","max-video-preview":"max-video-preview:-1"},"canonical":"https:\/\/www.kurita.eu\/fr\/solutions\/kuriverter-rc\/","og_locale":"fr_FR","og_type":"article","og_title":"Kuriverter\u00ae RC - Kurita Europe","og_description":"Kuriverter RC membrane rejuvenation: restore RO salt rejection via standard CIP, postpone replacements and cut OPEX using NSF\/FDA\u2011compliant chemistry.","og_url":"https:\/\/www.kurita.eu\/fr\/solutions\/kuriverter-rc\/","og_site_name":"Kurita Europe","article_modified_time":"2026-01-20T16:28:43+00:00","og_image":[{"width":512,"height":512,"url":"https:\/\/www.kurita.eu\/wp-content\/uploads\/2025\/07\/kurita-favicon-512x512-1.png","type":"image\/png"}],"twitter_card":"summary_large_image","twitter_misc":{"Dur\u00e9e de lecture estim\u00e9e":"3 minutes"},"schema":{"@context":"https:\/\/schema.org","@graph":[{"@type":"WebPage","@id":"https:\/\/www.kurita.eu\/en\/solutions\/kuriverter-rc\/","url":"https:\/\/www.kurita.eu\/en\/solutions\/kuriverter-rc\/","name":"Kuriverter\u00ae RC - Kurita Europe","isPartOf":{"@id":"https:\/\/kurita.eu\/en\/#website"},"datePublished":"2025-04-25T08:01:07+00:00","dateModified":"2026-01-20T16:28:43+00:00","description":"Rajeunissement de la membrane Kuriverter RC : r\u00e9tablir le rejet de sels par OI via un NEP standard, retarder les remplacements et r\u00e9duire les OPEX en utilisant une chimie conforme \u00e0 NSF\/FDA.","breadcrumb":{"@id":"https:\/\/www.kurita.eu\/en\/solutions\/kuriverter-rc\/#breadcrumb"},"inLanguage":"fr-FR","potentialAction":[{"@type":"ReadAction","target":["https:\/\/www.kurita.eu\/en\/solutions\/kuriverter-rc\/"]}]},{"@type":"BreadcrumbList","@id":"https:\/\/www.kurita.eu\/en\/solutions\/kuriverter-rc\/#breadcrumb","itemListElement":[{"@type":"ListItem","position":1,"name":"Home","item":"https:\/\/www.kurita.eu\/en\/"},{"@type":"ListItem","position":2,"name":"Solutions","item":"https:\/\/www.kurita.eu\/en\/solutions\/"},{"@type":"ListItem","position":3,"name":"Kuriverter\u00ae RC"}]},{"@type":"WebSite","@id":"https:\/\/kurita.eu\/en\/#website","url":"https:\/\/kurita.eu\/en\/","name":"Kurita Europe","description":"Solutions de traitement de l'eau","publisher":{"@id":"https:\/\/kurita.eu\/en\/#organization"},"potentialAction":[{"@type":"SearchAction","target":{"@type":"EntryPoint","urlTemplate":"https:\/\/kurita.eu\/en\/?s={search_term_string}"},"query-input":{"@type":"PropertyValueSpecification","valueRequired":true,"valueName":"search_term_string"}}],"inLanguage":"fr-FR"},{"@type":"Organization","@id":"https:\/\/kurita.eu\/en\/#organization","name":"Kurita Europe","url":"https:\/\/kurita.eu\/en\/","logo":{"@type":"ImageObject","inLanguage":"fr-FR","@id":"https:\/\/kurita.eu\/en\/#\/schema\/logo\/image\/","url":"\/wp-content\/uploads\/2025\/05\/cropped-brand_mark_horizon_blue.png","contentUrl":"\/wp-content\/uploads\/2025\/05\/cropped-brand_mark_horizon_blue.png","width":712,"height":204,"caption":"Kurita Europe"},"image":{"@id":"https:\/\/kurita.eu\/en\/#\/schema\/logo\/image\/"}}]}},"_links":{"self":[{"href":"https:\/\/www.kurita.eu\/fr\/wp-json\/wp\/v2\/pages\/14259","targetHints":{"allow":["GET"]}}],"collection":[{"href":"https:\/\/www.kurita.eu\/fr\/wp-json\/wp\/v2\/pages"}],"about":[{"href":"https:\/\/www.kurita.eu\/fr\/wp-json\/wp\/v2\/types\/page"}],"author":[{"embeddable":true,"href":"https:\/\/www.kurita.eu\/fr\/wp-json\/wp\/v2\/users\/2"}],"replies":[{"embeddable":true,"href":"https:\/\/www.kurita.eu\/fr\/wp-json\/wp\/v2\/comments?post=14259"}],"version-history":[{"count":7,"href":"https:\/\/www.kurita.eu\/fr\/wp-json\/wp\/v2\/pages\/14259\/revisions"}],"predecessor-version":[{"id":19330,"href":"https:\/\/www.kurita.eu\/fr\/wp-json\/wp\/v2\/pages\/14259\/revisions\/19330"}],"up":[{"embeddable":true,"href":"https:\/\/www.kurita.eu\/fr\/wp-json\/wp\/v2\/pages\/13875"}],"wp:attachment":[{"href":"https:\/\/www.kurita.eu\/fr\/wp-json\/wp\/v2\/media?parent=14259"}],"curies":[{"name":"wp","href":"https:\/\/api.w.org\/{rel}","templated":true}]}}