{"id":17156,"date":"2025-09-23T13:10:17","date_gmt":"2025-09-23T13:10:17","guid":{"rendered":"https:\/\/www.kurita.eu\/?page_id=17156"},"modified":"2026-02-05T08:13:27","modified_gmt":"2026-02-05T08:13:27","slug":"webinaire-kurita-connect-360","status":"publish","type":"page","link":"https:\/\/www.kurita.eu\/fr\/solutions\/webinar-kurita-connect-360\/","title":{"rendered":"Webinaire Kurita Connect 360"},"content":{"rendered":"<div data-elementor-type=\"wp-page\" data-elementor-id=\"17156\" class=\"elementor elementor-17156\" data-elementor-post-type=\"page\">\n\t\t\t\t\t\t<section class=\"elementor-section elementor-top-section elementor-element elementor-element-677aa1c6 elementor-section-height-min-height elementor-section-boxed elementor-section-height-default elementor-section-items-middle\" data-id=\"677aa1c6\" data-element_type=\"section\" data-e-type=\"section\" data-settings=\"{&quot;background_background&quot;:&quot;classic&quot;}\">\n\t\t\t\t\t\t\t<div class=\"elementor-background-overlay\"><\/div>\n\t\t\t\t\t\t\t<div class=\"elementor-container elementor-column-gap-default\">\n\t\t\t\t\t<div class=\"elementor-column elementor-col-100 elementor-top-column elementor-element elementor-element-342aee0a\" data-id=\"342aee0a\" data-element_type=\"column\" data-e-type=\"column\">\n\t\t\t<div class=\"elementor-widget-wrap elementor-element-populated\">\n\t\t\t\t\t\t<div class=\"elementor-element elementor-element-fd03523 elementor-align-center elementor-widget elementor-widget-button\" data-id=\"fd03523\" data-element_type=\"widget\" data-e-type=\"widget\" data-widget_type=\"button.default\">\n\t\t\t\t<div class=\"elementor-widget-container\">\n\t\t\t\t\t\t\t\t\t<div class=\"elementor-button-wrapper\">\n\t\t\t\t\t<a class=\"elementor-button elementor-button-link elementor-size-sm\" href=\"#register\">\n\t\t\t\t\t\t<span class=\"elementor-button-content-wrapper\">\n\t\t\t\t\t\t<span class=\"elementor-button-icon\">\n\t\t\t\t<svg aria-hidden=\"true\" class=\"e-font-icon-svg e-fas-desktop\" viewbox=\"0 0 576 512\" xmlns=\"http:\/\/www.w3.org\/2000\/svg\"><path d=\"M528 0H48C21.5 0 0 21.5 0 48v320c0 26.5 21.5 48 48 48h192l-16 48h-72c-13.3 0-24 10.7-24 24s10.7 24 24 24h272c13.3 0 24-10.7 24-24s-10.7-24-24-24h-72l-16-48h192c26.5 0 48-21.5 48-48V48c0-26.5-21.5-48-48-48zm-16 352H64V64h448v288z\"><\/path><\/svg>\t\t\t<\/span>\n\t\t\t\t\t\t\t\t\t<span class=\"elementor-button-text\">WEBINAR \u00e0 la demande<\/span>\n\t\t\t\t\t<\/span>\n\t\t\t\t\t<\/a>\n\t\t\t\t<\/div>\n\t\t\t\t\t\t\t\t<\/div>\n\t\t\t\t<\/div>\n\t\t\t\t<div class=\"elementor-element elementor-element-07ff627 elementor-widget elementor-widget-text-editor\" data-id=\"07ff627\" data-element_type=\"widget\" data-e-type=\"widget\" data-widget_type=\"text-editor.default\">\n\t\t\t\t<div class=\"elementor-widget-container\">\n\t\t\t\t\t\t\t\t\t<p style=\"text-align: center;\">La plateforme num\u00e9rique de Kurita pour la gestion globale de l'eau<\/p>\t\t\t\t\t\t\t\t<\/div>\n\t\t\t\t<\/div>\n\t\t\t\t<div class=\"elementor-element elementor-element-7878bb51 elementor-widget elementor-widget-image\" data-id=\"7878bb51\" data-element_type=\"widget\" data-e-type=\"widget\" data-widget_type=\"image.default\">\n\t\t\t\t<div class=\"elementor-widget-container\">\n\t\t\t\t\t\t\t\t\t\t\t\t\t\t\t<img fetchpriority=\"high\" decoding=\"async\" width=\"800\" height=\"187\" src=\"\/wp-content\/uploads\/2025\/04\/Kurita-Connect-360-Logo-02-White-01-1024x239.png\" class=\"attachment-large size-large wp-image-13040\" alt=\"\" srcset=\"\/wp-content\/uploads\/2025\/04\/Kurita-Connect-360-Logo-02-White-01-1024x239.png 1024w, \/wp-content\/uploads\/2025\/04\/Kurita-Connect-360-Logo-02-White-01-300x70.png 300w, \/wp-content\/uploads\/2025\/04\/Kurita-Connect-360-Logo-02-White-01-768x179.png 768w, \/wp-content\/uploads\/2025\/04\/Kurita-Connect-360-Logo-02-White-01-1536x359.png 1536w, \/wp-content\/uploads\/2025\/04\/Kurita-Connect-360-Logo-02-White-01-2048x478.png 2048w\" sizes=\"(max-width: 800px) 100vw, 800px\" data-no-translation=\"\" \/>\t\t\t\t\t\t\t\t\t\t\t\t\t\t\t<\/div>\n\t\t\t\t<\/div>\n\t\t\t\t\t<\/div>\n\t\t<\/div>\n\t\t\t\t\t<\/div>\n\t\t<\/section>\n\t\t\t\t<section class=\"elementor-section elementor-top-section elementor-element elementor-element-d18fac margin-content elementor-section-boxed elementor-section-height-default elementor-section-height-default\" data-id=\"d18fac\" data-element_type=\"section\" data-e-type=\"section\">\n\t\t\t\t\t\t<div class=\"elementor-container elementor-column-gap-default\">\n\t\t\t\t\t<div class=\"elementor-column elementor-col-100 elementor-top-column elementor-element elementor-element-10deb769\" data-id=\"10deb769\" data-element_type=\"column\" data-e-type=\"column\">\n\t\t\t<div class=\"elementor-widget-wrap elementor-element-populated\">\n\t\t\t\t\t\t<section class=\"elementor-section elementor-inner-section elementor-element elementor-element-7b191636 elementor-section-boxed elementor-section-height-default elementor-section-height-default\" data-id=\"7b191636\" data-element_type=\"section\" data-e-type=\"section\">\n\t\t\t\t\t\t<div class=\"elementor-container elementor-column-gap-default\">\n\t\t\t\t\t<div class=\"elementor-column elementor-col-50 elementor-inner-column elementor-element elementor-element-48485d08\" data-id=\"48485d08\" data-element_type=\"column\" data-e-type=\"column\">\n\t\t\t<div class=\"elementor-widget-wrap elementor-element-populated\">\n\t\t\t\t\t\t<div class=\"elementor-element elementor-element-597c98e elementor-widget-widescreen__width-initial elementor-widget-tablet__width-initial elementor-widget elementor-widget-heading\" data-id=\"597c98e\" data-element_type=\"widget\" data-e-type=\"widget\" data-widget_type=\"heading.default\">\n\t\t\t\t<div class=\"elementor-widget-container\">\n\t\t\t\t\t<h1 class=\"elementor-heading-title elementor-size-default\">Participez \u00e0 notre webinaire exclusif : D\u00e9couvrez Kurita Connect360 !<\/h1>\t\t\t\t<\/div>\n\t\t\t\t<\/div>\n\t\t\t\t<div class=\"elementor-element elementor-element-1fd533b1 elementor-widget__width-initial elementor-widget elementor-widget-text-editor\" data-id=\"1fd533b1\" data-element_type=\"widget\" data-e-type=\"widget\" data-widget_type=\"text-editor.default\">\n\t\t\t\t<div class=\"elementor-widget-container\">\n\t\t\t\t\t\t\t\t\t<p>Nous vous invitons \u00e0 un webinaire passionnant pour d\u00e9couvrir Kurita Connect<sup>360<\/sup>notre plateforme num\u00e9rique de pointe pour les clients, qui r\u00e9volutionne la gestion des r\u00e9seaux d'eau.<\/p><p>Au cours de cette session, vous apprendrez comment Kurita Connect360 utilise des technologies avanc\u00e9es pour fournir des informations en temps r\u00e9el, stimuler l'efficacit\u00e9 op\u00e9rationnelle et promouvoir la gestion durable de l'eau dans le monde entier.<\/p><p><u><strong>Pr\u00e9sentateurs :<\/strong><\/u><\/p>\t\t\t\t\t\t\t\t<\/div>\n\t\t\t\t<\/div>\n\t\t\t\t<div class=\"elementor-element elementor-element-d743ddb elementor-author-box--layout-image-left elementor-widget elementor-widget-author-box\" data-id=\"d743ddb\" data-element_type=\"widget\" data-e-type=\"widget\" data-widget_type=\"author-box.default\">\n\t\t\t\t<div class=\"elementor-widget-container\">\n\t\t\t\t\t\t\t<div class=\"elementor-author-box\">\n\t\t\t\t\t\t\t<div  class=\"elementor-author-box__avatar\">\n\t\t\t\t\t<img decoding=\"async\" src=\"\/wp-content\/uploads\/2025\/04\/Ipek-Ozturk-Ortalan.jpg\" alt=\"Image de Ipek Ozturk\" loading=\"lazy\" data-no-translation=\"\">\n\t\t\t\t<\/div>\n\t\t\t\n\t\t\t<div class=\"elementor-author-box__text\">\n\t\t\t\t\t\t\t\t\t<div >\n\t\t\t\t\t\t<span class=\"elementor-author-box__name\">\n\t\t\t\t\t\t\tIpek Ozturk\t\t\t\t\t\t<\/span>\n\t\t\t\t\t<\/div>\n\t\t\t\t\n\t\t\t\t\t\t\t\t\t<div class=\"elementor-author-box__bio\">\n\t\t\t\t\t\t<p>VP Global Digitalization Team<\/p>\n\t\t\t\t\t<\/div>\n\t\t\t\t\n\t\t\t\t\t\t\t<\/div>\n\t\t<\/div>\n\t\t\t\t\t\t<\/div>\n\t\t\t\t<\/div>\n\t\t\t\t<div class=\"elementor-element elementor-element-4b450c6 elementor-author-box--layout-image-left elementor-widget elementor-widget-author-box\" data-id=\"4b450c6\" data-element_type=\"widget\" data-e-type=\"widget\" data-widget_type=\"author-box.default\">\n\t\t\t\t<div class=\"elementor-widget-container\">\n\t\t\t\t\t\t\t<div class=\"elementor-author-box\">\n\t\t\t\t\t\t\t<div  class=\"elementor-author-box__avatar\">\n\t\t\t\t\t<img decoding=\"async\" src=\"\/wp-content\/uploads\/2025\/09\/Dylan.jpg\" alt=\"Image de Dylan Poulin\" loading=\"lazy\" data-no-translation=\"\">\n\t\t\t\t<\/div>\n\t\t\t\n\t\t\t<div class=\"elementor-author-box__text\">\n\t\t\t\t\t\t\t\t\t<div >\n\t\t\t\t\t\t<span class=\"elementor-author-box__name\">\n\t\t\t\t\t\t\tDylan Poulin\t\t\t\t\t\t<\/span>\n\t\t\t\t\t<\/div>\n\t\t\t\t\n\t\t\t\t\t\t\t\t\t<div class=\"elementor-author-box__bio\">\n\t\t\t\t\t\t<p>Responsable de la num\u00e9risation<\/p>\n\t\t\t\t\t<\/div>\n\t\t\t\t\n\t\t\t\t\t\t\t<\/div>\n\t\t<\/div>\n\t\t\t\t\t\t<\/div>\n\t\t\t\t<\/div>\n\t\t\t\t<div class=\"elementor-element elementor-element-a7a0e56 elementor-author-box--layout-image-left elementor-widget elementor-widget-author-box\" data-id=\"a7a0e56\" data-element_type=\"widget\" data-e-type=\"widget\" data-widget_type=\"author-box.default\">\n\t\t\t\t<div class=\"elementor-widget-container\">\n\t\t\t\t\t\t\t<div class=\"elementor-author-box\">\n\t\t\t\t\t\t\t<div  class=\"elementor-author-box__avatar\">\n\t\t\t\t\t<img decoding=\"async\" src=\"\/wp-content\/uploads\/2025\/09\/Batur.jpg\" alt=\"Image de Batur Usta \" loading=\"lazy\" data-no-translation=\"\">\n\t\t\t\t<\/div>\n\t\t\t\n\t\t\t<div class=\"elementor-author-box__text\">\n\t\t\t\t\t\t\t\t\t<div >\n\t\t\t\t\t\t<span class=\"elementor-author-box__name\">\n\t\t\t\t\t\t\tBatur Usta \t\t\t\t\t\t<\/span>\n\t\t\t\t\t<\/div>\n\t\t\t\t\n\t\t\t\t\t\t\t\t\t<div class=\"elementor-author-box__bio\">\n\t\t\t\t\t\t<p>Sp\u00e9cialiste des solutions IoT<\/p>\n\t\t\t\t\t<\/div>\n\t\t\t\t\n\t\t\t\t\t\t\t<\/div>\n\t\t<\/div>\n\t\t\t\t\t\t<\/div>\n\t\t\t\t<\/div>\n\t\t\t\t<div class=\"elementor-element elementor-element-d1552ea elementor-widget__width-initial elementor-widget elementor-widget-text-editor\" data-id=\"d1552ea\" data-element_type=\"widget\" data-e-type=\"widget\" data-widget_type=\"text-editor.default\">\n\t\t\t\t<div class=\"elementor-widget-container\">\n\t\t\t\t\t\t\t\t\t<p>Ce webinaire propose des strat\u00e9gies pratiques et une d\u00e9monstration en direct pour vous aider \u00e0 atteindre vos objectifs en mati\u00e8re de durabilit\u00e9 et d'efficacit\u00e9.<\/p>\t\t\t\t\t\t\t\t<\/div>\n\t\t\t\t<\/div>\n\t\t\t\t\t<\/div>\n\t\t<\/div>\n\t\t\t\t<div class=\"elementor-column elementor-col-50 elementor-inner-column elementor-element elementor-element-42e918e\" data-id=\"42e918e\" data-element_type=\"column\" data-e-type=\"column\" data-settings=\"{&quot;background_background&quot;:&quot;classic&quot;}\">\n\t\t\t<div class=\"elementor-widget-wrap elementor-element-populated\">\n\t\t\t\t\t\t<div class=\"elementor-element elementor-element-abb50b3 elementor-widget elementor-widget-menu-anchor\" data-id=\"abb50b3\" data-element_type=\"widget\" data-e-type=\"widget\" data-widget_type=\"menu-anchor.default\">\n\t\t\t\t<div class=\"elementor-widget-container\">\n\t\t\t\t\t\t\t<div class=\"elementor-menu-anchor\" id=\"register\"><\/div>\n\t\t\t\t\t\t<\/div>\n\t\t\t\t<\/div>\n\t\t\t\t<div class=\"elementor-element elementor-element-989db90 elementor-widget elementor-widget-text-editor\" data-id=\"989db90\" data-element_type=\"widget\" data-e-type=\"widget\" data-widget_type=\"text-editor.default\">\n\t\t\t\t<div class=\"elementor-widget-container\">\n\t\t\t\t\t\t\t\t\t<h5>S'inscrire ici<\/h5>\t\t\t\t\t\t\t\t<\/div>\n\t\t\t\t<\/div>\n\t\t\t\t<div class=\"elementor-element elementor-element-6754439e elementor-widget elementor-widget-html\" data-id=\"6754439e\" data-element_type=\"widget\" data-e-type=\"widget\" data-widget_type=\"html.default\">\n\t\t\t\t<div class=\"elementor-widget-container\">\n\t\t\t\t\t<div\r\n        data-form-id='2e4c92e4-7c98-f011-b4cc-6045bddf397a'\r\n        data-form-api-url='https:\/\/public-eur.mkt.dynamics.com\/api\/v1.0\/orgs\/30cac5a2-33f9-ed11-a66d-000d3a64d748\/landingpageforms'\r\n        data-cached-form-url='https:\/\/assets-eur.mkt.dynamics.com\/30cac5a2-33f9-ed11-a66d-000d3a64d748\/digitalassets\/forms\/2e4c92e4-7c98-f011-b4cc-6045bddf397a' ><\/div>\r\n        <script src = 'https:\/\/cxppusa1formui01cdnsa01-endpoint.azureedge.net\/eur\/FormLoader\/FormLoader.bundle.js' ><\/script>\t\t\t\t<\/div>\n\t\t\t\t<\/div>\n\t\t\t\t\t<\/div>\n\t\t<\/div>\n\t\t\t\t\t<\/div>\n\t\t<\/section>\n\t\t\t\t\t<\/div>\n\t\t<\/div>\n\t\t\t\t\t<\/div>\n\t\t<\/section>\n\t\t\t\t<\/div>","protected":false},"excerpt":{"rendered":"<p>Kurita Connect 360 est une plateforme num\u00e9rique pour les clients, utilisant des piles technologiques modernes d\u00e9velopp\u00e9es pour la gestion des syst\u00e8mes d'eau au niveau mondial.<\/p>","protected":false},"author":5,"featured_media":13042,"parent":13875,"menu_order":0,"comment_status":"closed","ping_status":"closed","template":"","meta":{"footnotes":""},"class_list":["post-17156","page","type-page","status-publish","has-post-thumbnail","hentry"],"_links":{"self":[{"href":"https:\/\/www.kurita.eu\/fr\/wp-json\/wp\/v2\/pages\/17156","targetHints":{"allow":["GET"]}}],"collection":[{"href":"https:\/\/www.kurita.eu\/fr\/wp-json\/wp\/v2\/pages"}],"about":[{"href":"https:\/\/www.kurita.eu\/fr\/wp-json\/wp\/v2\/types\/page"}],"author":[{"embeddable":true,"href":"https:\/\/www.kurita.eu\/fr\/wp-json\/wp\/v2\/users\/5"}],"replies":[{"embeddable":true,"href":"https:\/\/www.kurita.eu\/fr\/wp-json\/wp\/v2\/comments?post=17156"}],"version-history":[{"count":45,"href":"https:\/\/www.kurita.eu\/fr\/wp-json\/wp\/v2\/pages\/17156\/revisions"}],"predecessor-version":[{"id":19879,"href":"https:\/\/www.kurita.eu\/fr\/wp-json\/wp\/v2\/pages\/17156\/revisions\/19879"}],"up":[{"embeddable":true,"href":"https:\/\/www.kurita.eu\/fr\/wp-json\/wp\/v2\/pages\/13875"}],"wp:featuredmedia":[{"embeddable":true,"href":"https:\/\/www.kurita.eu\/fr\/wp-json\/wp\/v2\/media\/13042"}],"wp:attachment":[{"href":"https:\/\/www.kurita.eu\/fr\/wp-json\/wp\/v2\/media?parent=17156"}],"curies":[{"name":"wp","href":"https:\/\/api.w.org\/{rel}","templated":true}]}}