{"id":21666,"date":"2026-04-01T14:35:22","date_gmt":"2026-04-01T14:35:22","guid":{"rendered":"https:\/\/www.kurita.eu\/?page_id=21666"},"modified":"2026-04-21T15:12:30","modified_gmt":"2026-04-21T15:12:30","slug":"webinar-como-cumplir-con-la-nueva-legislacion-de-legionela","status":"publish","type":"page","link":"https:\/\/www.kurita.eu\/fr\/webinar-como-cumplir-con-la-nueva-legislacion-de-legionela\/","title":{"rendered":"Webinar : Comment se conformer \u00e0 la nouvelle l\u00e9gislation sur la l\u00e9gionellose ?"},"content":{"rendered":"<div data-elementor-type=\"wp-page\" data-elementor-id=\"21666\" class=\"elementor elementor-21666\" data-elementor-post-type=\"page\">\n\t\t\t\t\t\t<section class=\"elementor-section elementor-top-section elementor-element elementor-element-9e8e209 elementor-section-boxed elementor-section-height-default elementor-section-height-default\" data-id=\"9e8e209\" data-element_type=\"section\" data-e-type=\"section\">\n\t\t\t\t\t\t<div class=\"elementor-container elementor-column-gap-default\">\n\t\t\t\t\t<div class=\"elementor-column elementor-col-100 elementor-top-column elementor-element elementor-element-49e6cff\" data-id=\"49e6cff\" data-element_type=\"column\" data-e-type=\"column\">\n\t\t\t<div class=\"elementor-widget-wrap elementor-element-populated\">\n\t\t\t\t\t\t<div class=\"elementor-element elementor-element-c7cc043 elementor-widget elementor-widget-video\" data-id=\"c7cc043\" data-element_type=\"widget\" data-e-type=\"widget\" data-settings=\"{&quot;video_type&quot;:&quot;vimeo&quot;}\" data-widget_type=\"video.default\">\n\t\t\t\t<div class=\"elementor-widget-container\">\n\t\t\t\t\t\t\t<div class=\"elementor-wrapper elementor-open-inline\">\n\t\t\t<iframe class=\"elementor-video-iframe\" allowfullscreen allow=\"clipboard-write\" title=\"Lecteur vid\u00e9o vimeo\" src=\"https:\/\/player.vimeo.com\/video\/755138507?color&amp;autopause=0&amp;loop=0&amp;muted=0&amp;title=1&amp;portrait=1&amp;byline=1&amp;h=03fd80393a#t=\" data-no-translation-title=\"\"><\/iframe>\t\t<\/div>\n\t\t\t\t\t\t<\/div>\n\t\t\t\t<\/div>\n\t\t\t\t\t<\/div>\n\t\t<\/div>\n\t\t\t\t\t<\/div>\n\t\t<\/section>\n\t\t\t\t<\/div>","protected":false},"excerpt":{"rendered":"","protected":false},"author":7,"featured_media":0,"parent":0,"menu_order":0,"comment_status":"closed","ping_status":"closed","template":"","meta":{"footnotes":""},"class_list":["post-21666","page","type-page","status-publish","hentry"],"yoast_head":"<!-- This site is optimized with the Yoast SEO plugin v27.3 - https:\/\/yoast.com\/product\/yoast-seo-wordpress\/ -->\n<title>Webinar: \u00bfC\u00f3mo cumplir con la nueva Legislaci\u00f3n de Legionela? - Kurita Europe<\/title>\n<meta name=\"description\" content=\"Webinar on how to comply with the new legionella legislation, covering legal requirements, best practices and water treatment solutions.\" \/>\n<meta name=\"robots\" content=\"index, nofollow, max-snippet:-1, max-image-preview:large, max-video-preview:-1\" \/>\n<link rel=\"canonical\" href=\"https:\/\/www.kurita.eu\/fr\/webinar-como-cumplir-con-la-nueva-legislacion-de-legionela\/\" \/>\n<meta property=\"og:locale\" content=\"fr_FR\" \/>\n<meta property=\"og:type\" content=\"article\" \/>\n<meta property=\"og:title\" content=\"Webinar: \u00bfC\u00f3mo cumplir con la nueva Legislaci\u00f3n de Legionela? - Kurita Europe\" \/>\n<meta property=\"og:description\" content=\"Webinar on how to comply with the new legionella legislation, covering legal requirements, best practices and water treatment solutions.\" \/>\n<meta property=\"og:url\" content=\"https:\/\/www.kurita.eu\/fr\/webinar-como-cumplir-con-la-nueva-legislacion-de-legionela\/\" \/>\n<meta property=\"og:site_name\" content=\"Kurita Europe\" \/>\n<meta property=\"article:modified_time\" content=\"2026-04-21T15:12:30+00:00\" \/>\n<meta property=\"og:image\" content=\"https:\/\/www.kurita.eu\/wp-content\/uploads\/2025\/07\/kurita-favicon-512x512-1.png\" \/>\n\t<meta property=\"og:image:width\" content=\"512\" \/>\n\t<meta property=\"og:image:height\" content=\"512\" \/>\n\t<meta property=\"og:image:type\" content=\"image\/png\" \/>\n<meta name=\"twitter:card\" content=\"summary_large_image\" \/>\n<meta name=\"twitter:site\" content=\"@KuritaGlobal\" \/>\n<meta name=\"twitter:label1\" content=\"Dur\u00e9e de lecture estim\u00e9e\" \/>\n\t<meta name=\"twitter:data1\" content=\"1 minute\" \/>\n<script type=\"application\/ld+json\" class=\"yoast-schema-graph\">{\"@context\":\"https:\\\/\\\/schema.org\",\"@graph\":[{\"@type\":\"WebPage\",\"@id\":\"https:\\\/\\\/www.kurita.eu\\\/webinar-como-cumplir-con-la-nueva-legislacion-de-legionela\\\/\",\"url\":\"https:\\\/\\\/www.kurita.eu\\\/webinar-como-cumplir-con-la-nueva-legislacion-de-legionela\\\/\",\"name\":\"Webinar: \u00bfC\u00f3mo cumplir con la nueva Legislaci\u00f3n de Legionela? - Kurita Europe\",\"isPartOf\":{\"@id\":\"https:\\\/\\\/www.kurita.eu\\\/se\\\/#website\"},\"datePublished\":\"2026-04-01T14:35:22+00:00\",\"dateModified\":\"2026-04-21T15:12:30+00:00\",\"description\":\"Webinar on how to comply with the new legionella legislation, covering legal requirements, best practices and water treatment solutions.\",\"breadcrumb\":{\"@id\":\"https:\\\/\\\/www.kurita.eu\\\/webinar-como-cumplir-con-la-nueva-legislacion-de-legionela\\\/#breadcrumb\"},\"inLanguage\":\"fr-FR\",\"potentialAction\":[{\"@type\":\"ReadAction\",\"target\":[\"https:\\\/\\\/www.kurita.eu\\\/webinar-como-cumplir-con-la-nueva-legislacion-de-legionela\\\/\"]}]},{\"@type\":\"BreadcrumbList\",\"@id\":\"https:\\\/\\\/www.kurita.eu\\\/webinar-como-cumplir-con-la-nueva-legislacion-de-legionela\\\/#breadcrumb\",\"itemListElement\":[{\"@type\":\"ListItem\",\"position\":1,\"name\":\"Home\",\"item\":\"https:\\\/\\\/www.kurita.eu\\\/de\\\/\"},{\"@type\":\"ListItem\",\"position\":2,\"name\":\"Webinar: \u00bfC\u00f3mo cumplir con la nueva Legislaci\u00f3n de Legionela?\"}]},{\"@type\":\"WebSite\",\"@id\":\"https:\\\/\\\/www.kurita.eu\\\/se\\\/#website\",\"url\":\"https:\\\/\\\/www.kurita.eu\\\/se\\\/\",\"name\":\"Kurita Europe\",\"description\":\"Water Treatment Solutions\",\"publisher\":{\"@id\":\"https:\\\/\\\/www.kurita.eu\\\/se\\\/#organization\"},\"potentialAction\":[{\"@type\":\"SearchAction\",\"target\":{\"@type\":\"EntryPoint\",\"urlTemplate\":\"https:\\\/\\\/www.kurita.eu\\\/se\\\/?s={search_term_string}\"},\"query-input\":{\"@type\":\"PropertyValueSpecification\",\"valueRequired\":true,\"valueName\":\"search_term_string\"}}],\"inLanguage\":\"fr-FR\"},{\"@type\":\"Organization\",\"@id\":\"https:\\\/\\\/www.kurita.eu\\\/se\\\/#organization\",\"name\":\"Kurita Europe\",\"url\":\"https:\\\/\\\/www.kurita.eu\\\/se\\\/\",\"logo\":{\"@type\":\"ImageObject\",\"inLanguage\":\"fr-FR\",\"@id\":\"https:\\\/\\\/www.kurita.eu\\\/se\\\/#\\\/schema\\\/logo\\\/image\\\/\",\"url\":\"\\\/wp-content\\\/uploads\\\/2025\\\/05\\\/cropped-brand_mark_horizon_blue.png\",\"contentUrl\":\"\\\/wp-content\\\/uploads\\\/2025\\\/05\\\/cropped-brand_mark_horizon_blue.png\",\"width\":712,\"height\":204,\"caption\":\"Kurita Europe\"},\"image\":{\"@id\":\"https:\\\/\\\/www.kurita.eu\\\/se\\\/#\\\/schema\\\/logo\\\/image\\\/\"},\"sameAs\":[\"https:\\\/\\\/x.com\\\/KuritaGlobal\",\"https:\\\/\\\/www.linkedin.com\\\/company\\\/kurita\\\/\"]}]}<\/script>\n<!-- \/ Yoast SEO plugin. -->","yoast_head_json":{"title":"Webinar : Comment se conformer \u00e0 la nouvelle l\u00e9gislation sur la l\u00e9gionellose ? - Kurita Europe","description":"Webinar on how to comply with the new legionella legislation, covering legal requirements, best practices and water treatment solutions.","robots":{"index":"index","follow":"nofollow","max-snippet":"max-snippet:-1","max-image-preview":"max-image-preview:large","max-video-preview":"max-video-preview:-1"},"canonical":"https:\/\/www.kurita.eu\/fr\/webinar-como-cumplir-con-la-nueva-legislacion-de-legionela\/","og_locale":"fr_FR","og_type":"article","og_title":"Webinar: \u00bfC\u00f3mo cumplir con la nueva Legislaci\u00f3n de Legionela? - Kurita Europe","og_description":"Webinar on how to comply with the new legionella legislation, covering legal requirements, best practices and water treatment solutions.","og_url":"https:\/\/www.kurita.eu\/fr\/webinar-como-cumplir-con-la-nueva-legislacion-de-legionela\/","og_site_name":"Kurita Europe","article_modified_time":"2026-04-21T15:12:30+00:00","og_image":[{"width":512,"height":512,"url":"https:\/\/www.kurita.eu\/wp-content\/uploads\/2025\/07\/kurita-favicon-512x512-1.png","type":"image\/png"}],"twitter_card":"summary_large_image","twitter_site":"@KuritaGlobal","twitter_misc":{"Dur\u00e9e de lecture estim\u00e9e":"1 minute"},"schema":{"@context":"https:\/\/schema.org","@graph":[{"@type":"WebPage","@id":"https:\/\/www.kurita.eu\/webinar-como-cumplir-con-la-nueva-legislacion-de-legionela\/","url":"https:\/\/www.kurita.eu\/webinar-como-cumplir-con-la-nueva-legislacion-de-legionela\/","name":"Webinar : Comment se conformer \u00e0 la nouvelle l\u00e9gislation sur la l\u00e9gionellose ? - Kurita Europe","isPartOf":{"@id":"https:\/\/www.kurita.eu\/se\/#website"},"datePublished":"2026-04-01T14:35:22+00:00","dateModified":"2026-04-21T15:12:30+00:00","description":"Webinar on how to comply with the new legionella legislation, covering legal requirements, best practices and water treatment solutions.","breadcrumb":{"@id":"https:\/\/www.kurita.eu\/webinar-como-cumplir-con-la-nueva-legislacion-de-legionela\/#breadcrumb"},"inLanguage":"fr-FR","potentialAction":[{"@type":"ReadAction","target":["https:\/\/www.kurita.eu\/webinar-como-cumplir-con-la-nueva-legislacion-de-legionela\/"]}]},{"@type":"BreadcrumbList","@id":"https:\/\/www.kurita.eu\/webinar-como-cumplir-con-la-nueva-legislacion-de-legionela\/#breadcrumb","itemListElement":[{"@type":"ListItem","position":1,"name":"Home","item":"https:\/\/www.kurita.eu\/de\/"},{"@type":"ListItem","position":2,"name":"Webinar: \u00bfC\u00f3mo cumplir con la nueva Legislaci\u00f3n de Legionela?"}]},{"@type":"WebSite","@id":"https:\/\/www.kurita.eu\/se\/#website","url":"https:\/\/www.kurita.eu\/se\/","name":"Kurita Europe","description":"Solutions de traitement de l'eau","publisher":{"@id":"https:\/\/www.kurita.eu\/se\/#organization"},"potentialAction":[{"@type":"SearchAction","target":{"@type":"EntryPoint","urlTemplate":"https:\/\/www.kurita.eu\/se\/?s={search_term_string}"},"query-input":{"@type":"PropertyValueSpecification","valueRequired":true,"valueName":"search_term_string"}}],"inLanguage":"fr-FR"},{"@type":"Organization","@id":"https:\/\/www.kurita.eu\/se\/#organization","name":"Kurita Europe","url":"https:\/\/www.kurita.eu\/se\/","logo":{"@type":"ImageObject","inLanguage":"fr-FR","@id":"https:\/\/www.kurita.eu\/se\/#\/schema\/logo\/image\/","url":"\/wp-content\/uploads\/2025\/05\/cropped-brand_mark_horizon_blue.png","contentUrl":"\/wp-content\/uploads\/2025\/05\/cropped-brand_mark_horizon_blue.png","width":712,"height":204,"caption":"Kurita Europe"},"image":{"@id":"https:\/\/www.kurita.eu\/se\/#\/schema\/logo\/image\/"},"sameAs":["https:\/\/x.com\/KuritaGlobal","https:\/\/www.linkedin.com\/company\/kurita\/"]}]}},"_links":{"self":[{"href":"https:\/\/www.kurita.eu\/fr\/wp-json\/wp\/v2\/pages\/21666","targetHints":{"allow":["GET"]}}],"collection":[{"href":"https:\/\/www.kurita.eu\/fr\/wp-json\/wp\/v2\/pages"}],"about":[{"href":"https:\/\/www.kurita.eu\/fr\/wp-json\/wp\/v2\/types\/page"}],"author":[{"embeddable":true,"href":"https:\/\/www.kurita.eu\/fr\/wp-json\/wp\/v2\/users\/7"}],"replies":[{"embeddable":true,"href":"https:\/\/www.kurita.eu\/fr\/wp-json\/wp\/v2\/comments?post=21666"}],"version-history":[{"count":8,"href":"https:\/\/www.kurita.eu\/fr\/wp-json\/wp\/v2\/pages\/21666\/revisions"}],"predecessor-version":[{"id":21675,"href":"https:\/\/www.kurita.eu\/fr\/wp-json\/wp\/v2\/pages\/21666\/revisions\/21675"}],"wp:attachment":[{"href":"https:\/\/www.kurita.eu\/fr\/wp-json\/wp\/v2\/media?parent=21666"}],"curies":[{"name":"wp","href":"https:\/\/api.w.org\/{rel}","templated":true}]}}