{"id":13385,"date":"2025-04-23T10:38:42","date_gmt":"2025-04-23T10:38:42","guid":{"rendered":"https:\/\/kurita-eu-gudza2cjbzfhcwbx.francecentral-01.azurewebsites.net\/?page_id=13385"},"modified":"2026-01-28T12:58:32","modified_gmt":"2026-01-28T12:58:32","slug":"odcisk","status":"publish","type":"page","link":"https:\/\/www.kurita.eu\/pl\/imprint\/","title":{"rendered":"Nadruk"},"content":{"rendered":"<div data-elementor-type=\"wp-page\" data-elementor-id=\"13385\" class=\"elementor elementor-13385\" data-elementor-post-type=\"page\">\n\t\t\t\t\t\t<section class=\"elementor-section elementor-top-section elementor-element elementor-element-104172e2 elementor-section-full_width elementor-section-height-default elementor-section-height-default\" data-id=\"104172e2\" data-element_type=\"section\" data-e-type=\"section\">\n\t\t\t\t\t\t<div class=\"elementor-container elementor-column-gap-default\">\n\t\t\t\t\t<div class=\"elementor-column elementor-col-100 elementor-top-column elementor-element elementor-element-35adc239\" data-id=\"35adc239\" data-element_type=\"column\" data-e-type=\"column\">\n\t\t\t<div class=\"elementor-widget-wrap elementor-element-populated\">\n\t\t\t\t\t\t<div class=\"elementor-element elementor-element-fbff11d elementor--h-position-center elementor--v-position-middle elementor-arrows-position-inside elementor-pagination-position-inside elementor-widget elementor-widget-slides\" data-id=\"fbff11d\" data-element_type=\"widget\" data-e-type=\"widget\" data-settings=\"{&quot;navigation&quot;:&quot;both&quot;,&quot;autoplay&quot;:&quot;yes&quot;,&quot;pause_on_hover&quot;:&quot;yes&quot;,&quot;pause_on_interaction&quot;:&quot;yes&quot;,&quot;autoplay_speed&quot;:5000,&quot;infinite&quot;:&quot;yes&quot;,&quot;transition&quot;:&quot;slide&quot;,&quot;transition_speed&quot;:500}\" data-widget_type=\"slides.default\">\n\t\t\t\t<div class=\"elementor-widget-container\">\n\t\t\t\t\t\t\t\t\t<div class=\"elementor-swiper\">\n\t\t\t\t\t<div class=\"elementor-slides-wrapper elementor-main-swiper swiper\" role=\"region\" aria-roledescription=\"carousel\" aria-label=\"Slajdy\" dir=\"ltr\" data-animation=\"fadeInUp\">\n\t\t\t\t<div class=\"swiper-wrapper elementor-slides\">\n\t\t\t\t\t\t\t\t\t\t<div class=\"elementor-repeater-item-4e0b9f7 swiper-slide\" role=\"group\" aria-roledescription=\"slide\"><div class=\"swiper-slide-bg elementor-ken-burns elementor-ken-burns--in\" role=\"img\" aria-label=\"New-KETC-1.jpg\"><\/div><div class=\"elementor-background-overlay\"><\/div><div class=\"swiper-slide-inner\" ><div class=\"swiper-slide-contents\"><h1 class=\"elementor-slide-heading\">Nota prawna<\/h1><\/div><\/div><\/div>\t\t\t\t<\/div>\n\t\t\t\t\t\t\t<\/div>\n\t\t\t\t<\/div>\n\t\t\t\t\t\t\t\t<\/div>\n\t\t\t\t<\/div>\n\t\t\t\t\t<\/div>\n\t\t<\/div>\n\t\t\t\t\t<\/div>\n\t\t<\/section>\n\t\t\t\t<section class=\"elementor-section elementor-top-section elementor-element elementor-element-470af7ef elementor-section-boxed elementor-section-height-default elementor-section-height-default\" data-id=\"470af7ef\" data-element_type=\"section\" data-e-type=\"section\">\n\t\t\t\t\t\t<div class=\"elementor-container elementor-column-gap-default\">\n\t\t\t\t\t<div class=\"elementor-column elementor-col-100 elementor-top-column elementor-element elementor-element-79f466f4 margin-content\" data-id=\"79f466f4\" data-element_type=\"column\" data-e-type=\"column\">\n\t\t\t<div class=\"elementor-widget-wrap elementor-element-populated\">\n\t\t\t\t\t\t<div class=\"elementor-element elementor-element-c51ad65 elementor-widget elementor-widget-heading\" data-id=\"c51ad65\" data-element_type=\"widget\" data-e-type=\"widget\" data-widget_type=\"heading.default\">\n\t\t\t\t<div class=\"elementor-widget-container\">\n\t\t\t\t\t<h4 class=\"elementor-heading-title elementor-size-default\">Nadruk<\/h4>\t\t\t\t<\/div>\n\t\t\t\t<\/div>\n\t\t\t\t<div class=\"elementor-element elementor-element-6cc7076a elementor-widget elementor-widget-text-editor\" data-id=\"6cc7076a\" data-element_type=\"widget\" data-e-type=\"widget\" data-widget_type=\"text-editor.default\">\n\t\t\t\t<div class=\"elementor-widget-container\">\n\t\t\t\t\t\t\t\t\t<p><strong>Kurita Europe GmbH<br \/><\/strong>Theodor-Heuss-Anlage 2<br \/>68165 Mannheim<br \/>Niemcy<\/p><p>Telefon: +49 621 1218 3000<br \/>Faks: +49 621 1218 3458<br \/>E-mail: <a href=\"mailto:kuritaeurope@kurita-water.com\">kuritaeurope@kurita-water.com<\/a><\/p><p>Dyrektorzy zarz\u0105dzaj\u0105cy: Shuji Shirode | Jordi Verd\u00e9s Prieto<\/p><p>Numer rejestru handlowego: Mannheim HRB 739244<\/p><p>Numer identyfikacyjny VAT: DE297214107<\/p><p><a href=\"https:\/\/www.kurita.eu\/pl\/polityka-prywatnosci\/\">Polityka prywatno\u015bci<\/a><\/p>\t\t\t\t\t\t\t\t<\/div>\n\t\t\t\t<\/div>\n\t\t\t\t\t<\/div>\n\t\t<\/div>\n\t\t\t\t\t<\/div>\n\t\t<\/section>\n\t\t\t\t<section class=\"elementor-section elementor-top-section elementor-element elementor-element-3dcf0ddb elementor-section-boxed elementor-section-height-default elementor-section-height-default\" data-id=\"3dcf0ddb\" data-element_type=\"section\" data-e-type=\"section\" data-settings=\"{&quot;background_background&quot;:&quot;classic&quot;}\">\n\t\t\t\t\t\t<div class=\"elementor-container elementor-column-gap-default\">\n\t\t\t\t\t<div class=\"elementor-column elementor-col-100 elementor-top-column elementor-element elementor-element-b5b4a5d margin-content\" data-id=\"b5b4a5d\" data-element_type=\"column\" data-e-type=\"column\">\n\t\t\t<div class=\"elementor-widget-wrap elementor-element-populated\">\n\t\t\t\t\t\t<div class=\"elementor-element elementor-element-4d822723 elementor-widget elementor-widget-heading\" data-id=\"4d822723\" data-element_type=\"widget\" data-e-type=\"widget\" data-widget_type=\"heading.default\">\n\t\t\t\t<div class=\"elementor-widget-container\">\n\t\t\t\t\t<h4 class=\"elementor-heading-title elementor-size-default\">Prawa autorskie<\/h4>\t\t\t\t<\/div>\n\t\t\t\t<\/div>\n\t\t\t\t<div class=\"elementor-element elementor-element-6ea8a6fe elementor-widget elementor-widget-text-editor\" data-id=\"6ea8a6fe\" data-element_type=\"widget\" data-e-type=\"widget\" data-widget_type=\"text-editor.default\">\n\t\t\t\t<div class=\"elementor-widget-container\">\n\t\t\t\t\t\t\t\t\t<p>Publikacje na tej stronie podlegaj\u0105 niemieckim prawom autorskim. Powielanie, adaptacja i wszelkie wykorzystanie naruszaj\u0105ce prawa autorskie wymaga pisemnej zgody Kurita Europe GmbH. Pobieranie i kopiowanie tej strony lub jej cz\u0119\u015bci jest dozwolone wy\u0142\u0105cznie do prywatnego, niekomercyjnego u\u017cytku.<\/p>\t\t\t\t\t\t\t\t<\/div>\n\t\t\t\t<\/div>\n\t\t\t\t\t<\/div>\n\t\t<\/div>\n\t\t\t\t\t<\/div>\n\t\t<\/section>\n\t\t\t\t<section class=\"elementor-section elementor-top-section elementor-element elementor-element-6f3ad3a3 elementor-section-boxed elementor-section-height-default elementor-section-height-default\" data-id=\"6f3ad3a3\" data-element_type=\"section\" data-e-type=\"section\" data-settings=\"{&quot;background_background&quot;:&quot;classic&quot;}\">\n\t\t\t\t\t\t<div class=\"elementor-container elementor-column-gap-default\">\n\t\t\t\t\t<div class=\"elementor-column elementor-col-100 elementor-top-column elementor-element elementor-element-749869ae margin-content\" data-id=\"749869ae\" data-element_type=\"column\" data-e-type=\"column\">\n\t\t\t<div class=\"elementor-widget-wrap elementor-element-populated\">\n\t\t\t\t\t\t<div class=\"elementor-element elementor-element-75bbfc8a elementor-widget elementor-widget-heading\" data-id=\"75bbfc8a\" data-element_type=\"widget\" data-e-type=\"widget\" data-widget_type=\"heading.default\">\n\t\t\t\t<div class=\"elementor-widget-container\">\n\t\t\t\t\t<h4 class=\"elementor-heading-title elementor-size-default\">Odpowiedzialno\u015b\u0107 za tre\u015b\u0107<\/h4>\t\t\t\t<\/div>\n\t\t\t\t<\/div>\n\t\t\t\t<div class=\"elementor-element elementor-element-1b911312 elementor-widget elementor-widget-text-editor\" data-id=\"1b911312\" data-element_type=\"widget\" data-e-type=\"widget\" data-widget_type=\"text-editor.default\">\n\t\t\t\t<div class=\"elementor-widget-container\">\n\t\t\t\t\t\t\t\t\t<p>Kurita nie ponosi odpowiedzialno\u015bci za dok\u0142adno\u015b\u0107 tre\u015bci i nie twierdzi, \u017ce jest ona wyczerpuj\u0105ca.<\/p>\t\t\t\t\t\t\t\t<\/div>\n\t\t\t\t<\/div>\n\t\t\t\t\t<\/div>\n\t\t<\/div>\n\t\t\t\t\t<\/div>\n\t\t<\/section>\n\t\t\t\t<section class=\"elementor-section elementor-top-section elementor-element elementor-element-2bbbd547 elementor-section-boxed elementor-section-height-default elementor-section-height-default\" data-id=\"2bbbd547\" data-element_type=\"section\" data-e-type=\"section\">\n\t\t\t\t\t\t<div class=\"elementor-container elementor-column-gap-default\">\n\t\t\t\t\t<div class=\"elementor-column elementor-col-100 elementor-top-column elementor-element elementor-element-28a59b2b margin-content\" data-id=\"28a59b2b\" data-element_type=\"column\" data-e-type=\"column\">\n\t\t\t<div class=\"elementor-widget-wrap elementor-element-populated\">\n\t\t\t\t\t\t<div class=\"elementor-element elementor-element-6471192e elementor-widget elementor-widget-heading\" data-id=\"6471192e\" data-element_type=\"widget\" data-e-type=\"widget\" data-widget_type=\"heading.default\">\n\t\t\t\t<div class=\"elementor-widget-container\">\n\t\t\t\t\t<h4 class=\"elementor-heading-title elementor-size-default\">Odpowiedzialno\u015b\u0107 za linki<\/h4>\t\t\t\t<\/div>\n\t\t\t\t<\/div>\n\t\t\t\t<div class=\"elementor-element elementor-element-5369aefb elementor-widget elementor-widget-text-editor\" data-id=\"5369aefb\" data-element_type=\"widget\" data-e-type=\"widget\" data-widget_type=\"text-editor.default\">\n\t\t\t\t<div class=\"elementor-widget-container\">\n\t\t\t\t\t\t\t\t\t<p>Strona internetowa Kurita zawiera linki do stron internetowych os\u00f3b trzecich. Linki stron trzecich s\u0105 oznaczone jako takie. Kurita nie ponosi odpowiedzialno\u015bci za tre\u015b\u0107 tych stron, poniewa\u017c nie kontrolujemy informacji na nich zawartych. Nale\u017cy pami\u0119ta\u0107, \u017ce niekoniecznie zgadzamy si\u0119 z tre\u015bci\u0105 stron internetowych, do kt\u00f3rych prowadz\u0105 zamieszczone przez nas linki. Witryny os\u00f3b trzecich zosta\u0142y - na podstawie uzasadnionej oceny - sprawdzone wy\u0142\u0105cznie pod k\u0105tem tre\u015bci przest\u0119pczych lub narusze\u0144 prawa. Domniemana wiedza o takim naruszeniu prawa doprowadzi do natychmiastowego usuni\u0119cia tych link\u00f3w.<\/p>\t\t\t\t\t\t\t\t<\/div>\n\t\t\t\t<\/div>\n\t\t\t\t\t<\/div>\n\t\t<\/div>\n\t\t\t\t\t<\/div>\n\t\t<\/section>\n\t\t\t\t<\/div>","protected":false},"excerpt":{"rendered":"<p>Legal Notice Imprint Kurita Europe GmbHTheodor-Heuss-Anlage 268165 MannheimGermany Phone: +49 621\u00a01218 3000Fax: +49 621 1218 3458E-Mail: kuritaeurope@kurita-water.com Managing Directors: Shuji Shirode | Jordi Verd\u00e9s Prieto Commercial Register No.: Mannheim HRB 739244 VAT ID No.: DE297214107 Privacy Policy Copyright The publications on this page are subject to German copyright laws. Duplication, adaptation and all utilization infringing [&hellip;]<\/p>\n","protected":false},"author":2,"featured_media":15425,"parent":0,"menu_order":0,"comment_status":"closed","ping_status":"closed","template":"","meta":{"footnotes":""},"class_list":["post-13385","page","type-page","status-publish","has-post-thumbnail","hentry"],"_links":{"self":[{"href":"https:\/\/www.kurita.eu\/pl\/wp-json\/wp\/v2\/pages\/13385","targetHints":{"allow":["GET"]}}],"collection":[{"href":"https:\/\/www.kurita.eu\/pl\/wp-json\/wp\/v2\/pages"}],"about":[{"href":"https:\/\/www.kurita.eu\/pl\/wp-json\/wp\/v2\/types\/page"}],"author":[{"embeddable":true,"href":"https:\/\/www.kurita.eu\/pl\/wp-json\/wp\/v2\/users\/2"}],"replies":[{"embeddable":true,"href":"https:\/\/www.kurita.eu\/pl\/wp-json\/wp\/v2\/comments?post=13385"}],"version-history":[{"count":13,"href":"https:\/\/www.kurita.eu\/pl\/wp-json\/wp\/v2\/pages\/13385\/revisions"}],"predecessor-version":[{"id":19189,"href":"https:\/\/www.kurita.eu\/pl\/wp-json\/wp\/v2\/pages\/13385\/revisions\/19189"}],"wp:featuredmedia":[{"embeddable":true,"href":"https:\/\/www.kurita.eu\/pl\/wp-json\/wp\/v2\/media\/15425"}],"wp:attachment":[{"href":"https:\/\/www.kurita.eu\/pl\/wp-json\/wp\/v2\/media?parent=13385"}],"curies":[{"name":"wp","href":"https:\/\/api.w.org\/{rel}","templated":true}]}}