{"id":13471,"date":"2025-04-24T09:13:46","date_gmt":"2025-04-24T09:13:46","guid":{"rendered":"https:\/\/kurita-eu-gudza2cjbzfhcwbx.francecentral-01.azurewebsites.net\/?page_id=13471"},"modified":"2026-02-16T15:14:26","modified_gmt":"2026-02-16T15:14:26","slug":"produkcja-ogolna","status":"publish","type":"page","link":"https:\/\/www.kurita.eu\/pl\/branze\/produkcja-ogolna\/","title":{"rendered":"Produkcja og\u00f3lna"},"content":{"rendered":"<div data-elementor-type=\"wp-page\" data-elementor-id=\"13471\" class=\"elementor elementor-13471\" data-elementor-post-type=\"page\">\n\t\t\t\t\t\t<section class=\"elementor-section elementor-top-section elementor-element elementor-element-6edd3173 elementor-section-full_width elementor-section-height-default elementor-section-height-default\" data-id=\"6edd3173\" data-element_type=\"section\" data-e-type=\"section\">\n\t\t\t\t\t\t<div class=\"elementor-container elementor-column-gap-default\">\n\t\t\t\t\t<div class=\"elementor-column elementor-col-100 elementor-top-column elementor-element elementor-element-3d18fa24\" data-id=\"3d18fa24\" data-element_type=\"column\" data-e-type=\"column\">\n\t\t\t<div class=\"elementor-widget-wrap elementor-element-populated\">\n\t\t\t\t\t\t<div class=\"elementor-element elementor-element-6e30bf1f elementor--h-position-center elementor--v-position-middle elementor-arrows-position-inside elementor-pagination-position-inside elementor-widget elementor-widget-slides\" data-id=\"6e30bf1f\" data-element_type=\"widget\" data-e-type=\"widget\" data-settings=\"{&quot;navigation&quot;:&quot;both&quot;,&quot;autoplay&quot;:&quot;yes&quot;,&quot;pause_on_hover&quot;:&quot;yes&quot;,&quot;pause_on_interaction&quot;:&quot;yes&quot;,&quot;autoplay_speed&quot;:5000,&quot;infinite&quot;:&quot;yes&quot;,&quot;transition&quot;:&quot;slide&quot;,&quot;transition_speed&quot;:500}\" data-widget_type=\"slides.default\">\n\t\t\t\t<div class=\"elementor-widget-container\">\n\t\t\t\t\t\t\t\t\t<div class=\"elementor-swiper\">\n\t\t\t\t\t<div class=\"elementor-slides-wrapper elementor-main-swiper swiper\" role=\"region\" aria-roledescription=\"carousel\" aria-label=\"Slajdy\" dir=\"ltr\" data-animation=\"fadeInUp\">\n\t\t\t\t<div class=\"swiper-wrapper elementor-slides\">\n\t\t\t\t\t\t\t\t\t\t<div class=\"elementor-repeater-item-4e0b9f7 swiper-slide\" role=\"group\" aria-roledescription=\"slide\"><div class=\"swiper-slide-bg elementor-ken-burns elementor-ken-burns--in\" role=\"img\" aria-label=\"Industries_GeneralManufacturing-dd088f2e-1.jpg\"><\/div><div class=\"elementor-background-overlay\"><\/div><div class=\"swiper-slide-inner\" ><div class=\"swiper-slide-contents\"><h1 class=\"elementor-slide-heading\">Przemys\u0142 wytw\u00f3rczy<\/h1><\/div><\/div><\/div>\t\t\t\t<\/div>\n\t\t\t\t\t\t\t<\/div>\n\t\t\t\t<\/div>\n\t\t\t\t\t\t\t\t<\/div>\n\t\t\t\t<\/div>\n\t\t\t\t\t<\/div>\n\t\t<\/div>\n\t\t\t\t\t<\/div>\n\t\t<\/section>\n\t\t\t\t<section class=\"elementor-section elementor-top-section elementor-element elementor-element-67a1aec8 elementor-section-boxed elementor-section-height-default elementor-section-height-default\" data-id=\"67a1aec8\" data-element_type=\"section\" data-e-type=\"section\">\n\t\t\t\t\t\t<div class=\"elementor-container elementor-column-gap-default\">\n\t\t\t\t\t<div class=\"elementor-column elementor-col-100 elementor-top-column elementor-element elementor-element-1865e04a margin-content\" data-id=\"1865e04a\" data-element_type=\"column\" data-e-type=\"column\">\n\t\t\t<div class=\"elementor-widget-wrap elementor-element-populated\">\n\t\t\t\t\t\t<div class=\"elementor-element elementor-element-f1ed5b elementor-widget elementor-widget-text-editor\" data-id=\"f1ed5b\" data-element_type=\"widget\" data-e-type=\"widget\" data-widget_type=\"text-editor.default\">\n\t\t\t\t<div class=\"elementor-widget-container\">\n\t\t\t\t\t\t\t\t\t<p>We wszystkich sektorach przemys\u0142u wydajno\u015b\u0107 i efektywno\u015b\u0107 ekonomiczna s\u0105 g\u0142\u00f3wnymi czynnikami trwa\u0142ego sukcesu. Niezawodne i trwa\u0142e zak\u0142ady produkcyjne, wraz z ich systemami ch\u0142odzenia, kot\u0142owni i odprowadzania \u015bciek\u00f3w, odgrywaj\u0105 zatem wa\u017cn\u0105 rol\u0119.<\/p><p>Od ponad 65 lat Kurita specjalizuje si\u0119 w uzdatnianiu wody i proces\u00f3w technologicznych. Nasi pracownicy pracuj\u0105 w imieniu naszych klient\u00f3w na ca\u0142ym \u015bwiecie w r\u00f3\u017cnych dziedzinach przemys\u0142u. Nasze koncepcje uzdatniania i kompetentna obs\u0142uga pomagaj\u0105 zapewni\u0107 bezpieczne i ekonomiczne dzia\u0142anie ich obiekt\u00f3w.<\/p>\t\t\t\t\t\t\t\t<\/div>\n\t\t\t\t<\/div>\n\t\t\t\t\t<\/div>\n\t\t<\/div>\n\t\t\t\t\t<\/div>\n\t\t<\/section>\n\t\t\t\t<section class=\"elementor-section elementor-top-section elementor-element elementor-element-6223acf2 elementor-section-boxed elementor-section-height-default elementor-section-height-default\" data-id=\"6223acf2\" data-element_type=\"section\" data-e-type=\"section\">\n\t\t\t\t\t\t<div class=\"elementor-container elementor-column-gap-default\">\n\t\t\t\t\t<div class=\"elementor-column elementor-col-100 elementor-top-column elementor-element elementor-element-54d2c809\" data-id=\"54d2c809\" data-element_type=\"column\" data-e-type=\"column\">\n\t\t\t<div class=\"elementor-widget-wrap elementor-element-populated\">\n\t\t\t\t\t\t<div class=\"elementor-element elementor-element-11162ee5 elementor-grid-4 elementor-posts--thumbnail-none elementor-grid-tablet-2 elementor-grid-mobile-1 elementor-card-shadow-yes elementor-posts__hover-gradient elementor-widget elementor-widget-posts\" data-id=\"11162ee5\" data-element_type=\"widget\" data-e-type=\"widget\" data-settings=\"{&quot;cards_columns&quot;:&quot;4&quot;,&quot;cards_columns_tablet&quot;:&quot;2&quot;,&quot;cards_columns_mobile&quot;:&quot;1&quot;,&quot;cards_row_gap&quot;:{&quot;unit&quot;:&quot;px&quot;,&quot;size&quot;:35,&quot;sizes&quot;:[]},&quot;cards_row_gap_widescreen&quot;:{&quot;unit&quot;:&quot;px&quot;,&quot;size&quot;:&quot;&quot;,&quot;sizes&quot;:[]},&quot;cards_row_gap_laptop&quot;:{&quot;unit&quot;:&quot;px&quot;,&quot;size&quot;:&quot;&quot;,&quot;sizes&quot;:[]},&quot;cards_row_gap_tablet&quot;:{&quot;unit&quot;:&quot;px&quot;,&quot;size&quot;:&quot;&quot;,&quot;sizes&quot;:[]},&quot;cards_row_gap_mobile&quot;:{&quot;unit&quot;:&quot;px&quot;,&quot;size&quot;:&quot;&quot;,&quot;sizes&quot;:[]}}\" data-widget_type=\"posts.cards\">\n\t\t\t\t<div class=\"elementor-widget-container\">\n\t\t\t\t\t\t\t<div class=\"elementor-posts-container elementor-posts elementor-posts--skin-cards elementor-grid\" role=\"list\">\n\t\t\t\t<article class=\"elementor-post elementor-grid-item post-14492 page type-page status-publish has-post-thumbnail hentry\" role=\"listitem\">\n\t\t\t<div class=\"elementor-post__card\">\n\t\t\t\t<div class=\"elementor-post__text\">\n\t\t\t\t<h4 class=\"elementor-post__title\">\n\t\t\t<a href=\"https:\/\/www.kurita.eu\/pl\/uzdatnianie-wody\/uzdatnianie-wody-kotlowej\/\" target=\"&quot;_blank&quot;\">\n\t\t\t\tUzdatnianie wody kot\u0142owej\t\t\t<\/a>\n\t\t<\/h4>\n\t\t\t\t<div class=\"elementor-post__excerpt\">\n\t\t\t<p>Odkryj, w jaki spos\u00f3b zaawansowane technologie chemiczne Kurita Europe zapobiegaj\u0105 osadzaniu si\u0119 kamienia i korozji oraz zwi\u0119kszaj\u0105 wydajno\u015b\u0107 systemu.<\/p>\n\t\t<\/div>\n\t\t\t\t<\/div>\n\t\t\t\t\t<\/div>\n\t\t<\/article>\n\t\t\t\t<article class=\"elementor-post elementor-grid-item post-14508 page type-page status-publish has-post-thumbnail hentry\" role=\"listitem\">\n\t\t\t<div class=\"elementor-post__card\">\n\t\t\t\t<div class=\"elementor-post__text\">\n\t\t\t\t<h4 class=\"elementor-post__title\">\n\t\t\t<a href=\"https:\/\/www.kurita.eu\/pl\/uzdatnianie-wody\/chlodzaca-woda-procesowa\/\" target=\"&quot;_blank&quot;\">\n\t\t\t\tWoda ch\u0142odz\u0105ca i procesowa\t\t\t<\/a>\n\t\t<\/h4>\n\t\t\t\t<div class=\"elementor-post__excerpt\">\n\t\t\t<p>Ch\u0142odzenie i woda procesowa Najnowocze\u015bniejsze rozwi\u0105zania opracowane z my\u015bl\u0105 o pe\u0142nej kontroli system\u00f3w wody ch\u0142odz\u0105cej.<\/p>\n\t\t<\/div>\n\t\t\t\t<\/div>\n\t\t\t\t\t<\/div>\n\t\t<\/article>\n\t\t\t\t<article class=\"elementor-post elementor-grid-item post-14195 page type-page status-publish hentry\" role=\"listitem\">\n\t\t\t<div class=\"elementor-post__card\">\n\t\t\t\t<div class=\"elementor-post__text\">\n\t\t\t\t<h4 class=\"elementor-post__title\">\n\t\t\t<a href=\"https:\/\/www.kurita.eu\/pl\/rozwiazania\/kurita-connect-360\/\" target=\"&quot;_blank&quot;\">\n\t\t\t\tKurita Connect 360\t\t\t<\/a>\n\t\t<\/h4>\n\t\t\t\t<div class=\"elementor-post__excerpt\">\n\t\t\t<p>Cyfrowa platforma klienta Kurita do globalnego zarz\u0105dzania wod\u0105 zwi\u0119ksza wydajno\u015b\u0107 systemu, zapewniaj\u0105c ci\u0105g\u0142e inteligentne zalecenia i monitorowanie aplikacji uzdatniania wody.<\/p>\n\t\t<\/div>\n\t\t\t\t<\/div>\n\t\t\t\t\t<\/div>\n\t\t<\/article>\n\t\t\t\t<\/div>\n\t\t\n\t\t\t\t\t\t<\/div>\n\t\t\t\t<\/div>\n\t\t\t\t\t<\/div>\n\t\t<\/div>\n\t\t\t\t\t<\/div>\n\t\t<\/section>\n\t\t\t\t<section class=\"elementor-section elementor-top-section elementor-element elementor-element-2d2403a elementor-section-boxed elementor-section-height-default elementor-section-height-default\" data-id=\"2d2403a\" data-element_type=\"section\" data-e-type=\"section\" data-settings=\"{&quot;background_background&quot;:&quot;classic&quot;}\">\n\t\t\t\t\t\t<div class=\"elementor-container elementor-column-gap-default\">\n\t\t\t\t\t<div class=\"elementor-column elementor-col-100 elementor-top-column elementor-element elementor-element-d373d7c margin-content\" data-id=\"d373d7c\" data-element_type=\"column\" data-e-type=\"column\">\n\t\t\t<div class=\"elementor-widget-wrap elementor-element-populated\">\n\t\t\t\t\t\t<div class=\"elementor-element elementor-element-3499899 elementor-widget elementor-widget-heading\" data-id=\"3499899\" data-element_type=\"widget\" data-e-type=\"widget\" data-widget_type=\"heading.default\">\n\t\t\t\t<div class=\"elementor-widget-container\">\n\t\t\t\t\t<h2 class=\"elementor-heading-title elementor-size-default\">Jeste\u015bmy do Twojej dyspozycji<\/h2>\t\t\t\t<\/div>\n\t\t\t\t<\/div>\n\t\t\t\t<div class=\"elementor-element elementor-element-4ef3995 elementor-widget elementor-widget-html\" data-id=\"4ef3995\" data-element_type=\"widget\" data-e-type=\"widget\" data-widget_type=\"html.default\">\n\t\t\t\t<div class=\"elementor-widget-container\">\n\t\t\t\t\t<div\r\n        data-form-id='f4d0a8e4-73ce-ef11-b8e8-000d3ab41b62'\r\n        data-form-api-url='https:\/\/public-eur.mkt.dynamics.com\/api\/v1.0\/orgs\/30cac5a2-33f9-ed11-a66d-000d3a64d748\/landingpageforms'\r\n        data-cached-form-url='https:\/\/assets-eur.mkt.dynamics.com\/30cac5a2-33f9-ed11-a66d-000d3a64d748\/digitalassets\/forms\/f4d0a8e4-73ce-ef11-b8e8-000d3ab41b62' ><\/div>\r\n        <script src = 'https:\/\/cxppusa1formui01cdnsa01-endpoint.azureedge.net\/eur\/FormLoader\/FormLoader.bundle.js' ><\/script>\r\n        <script>document.documentElement.lang = navigator.language;<\/script>\t\t\t\t<\/div>\n\t\t\t\t<\/div>\n\t\t\t\t\t<\/div>\n\t\t<\/div>\n\t\t\t\t\t<\/div>\n\t\t<\/section>\n\t\t\t\t<\/div>","protected":false},"excerpt":{"rendered":"<p>Od ponad 60 lat Kurita specjalizuje si\u0119 w uzdatnianiu wody i proces\u00f3w technologicznych. <\/p>","protected":false},"author":2,"featured_media":13473,"parent":17058,"menu_order":0,"comment_status":"closed","ping_status":"closed","template":"","meta":{"footnotes":""},"class_list":["post-13471","page","type-page","status-publish","has-post-thumbnail","hentry"],"yoast_head":"<!-- This site is optimized with the Yoast SEO plugin v25.5 - https:\/\/yoast.com\/wordpress\/plugins\/seo\/ -->\n<title>General Manufacturing - Kurita Europe<\/title>\n<meta name=\"description\" content=\"Support general manufacturing with water treatment solutions that improve efficiency, reliability, and environmental compliance.\" \/>\n<meta name=\"robots\" content=\"index, follow, max-snippet:-1, max-image-preview:large, max-video-preview:-1\" \/>\n<link rel=\"canonical\" href=\"https:\/\/www.kurita.eu\/pl\/branze\/produkcja-ogolna\/\" \/>\n<meta property=\"og:locale\" content=\"pl_PL\" \/>\n<meta property=\"og:type\" content=\"article\" \/>\n<meta property=\"og:title\" content=\"General Manufacturing - Kurita Europe\" \/>\n<meta property=\"og:description\" content=\"Support general manufacturing with water treatment solutions that improve efficiency, reliability, and environmental compliance.\" \/>\n<meta property=\"og:url\" content=\"https:\/\/www.kurita.eu\/pl\/branze\/produkcja-ogolna\/\" \/>\n<meta property=\"og:site_name\" content=\"Kurita Europe\" \/>\n<meta property=\"article:modified_time\" content=\"2026-02-16T15:14:26+00:00\" \/>\n<meta property=\"og:image\" content=\"https:\/\/www.kurita.eu\/wp-content\/uploads\/2025\/04\/Industries_GeneralManufacturing-dd088f2e-1.jpg\" \/>\n\t<meta property=\"og:image:width\" content=\"870\" \/>\n\t<meta property=\"og:image:height\" content=\"350\" \/>\n\t<meta property=\"og:image:type\" content=\"image\/jpeg\" \/>\n<meta name=\"twitter:card\" content=\"summary_large_image\" \/>\n<meta name=\"twitter:label1\" content=\"Szacowany czas czytania\" \/>\n\t<meta name=\"twitter:data1\" content=\"3 minuty\" \/>\n<script type=\"application\/ld+json\" class=\"yoast-schema-graph\">{\"@context\":\"https:\/\/schema.org\",\"@graph\":[{\"@type\":\"WebPage\",\"@id\":\"https:\/\/www.kurita.eu\/pt\/sectores\/fabrico-geral\/\",\"url\":\"https:\/\/www.kurita.eu\/pt\/sectores\/fabrico-geral\/\",\"name\":\"General Manufacturing - Kurita Europe\",\"isPartOf\":{\"@id\":\"https:\/\/kurita.eu\/en\/#website\"},\"primaryImageOfPage\":{\"@id\":\"https:\/\/www.kurita.eu\/pt\/sectores\/fabrico-geral\/#primaryimage\"},\"image\":{\"@id\":\"https:\/\/www.kurita.eu\/pt\/sectores\/fabrico-geral\/#primaryimage\"},\"thumbnailUrl\":\"\/wp-content\/uploads\/2025\/04\/Industries_GeneralManufacturing-dd088f2e-1.jpg\",\"datePublished\":\"2025-04-24T09:13:46+00:00\",\"dateModified\":\"2026-02-16T15:14:26+00:00\",\"description\":\"Support general manufacturing with water treatment solutions that improve efficiency, reliability, and environmental compliance.\",\"breadcrumb\":{\"@id\":\"https:\/\/www.kurita.eu\/pt\/sectores\/fabrico-geral\/#breadcrumb\"},\"inLanguage\":\"pl-PL\",\"potentialAction\":[{\"@type\":\"ReadAction\",\"target\":[\"https:\/\/www.kurita.eu\/pt\/sectores\/fabrico-geral\/\"]}]},{\"@type\":\"ImageObject\",\"inLanguage\":\"pl-PL\",\"@id\":\"https:\/\/www.kurita.eu\/pt\/sectores\/fabrico-geral\/#primaryimage\",\"url\":\"\/wp-content\/uploads\/2025\/04\/Industries_GeneralManufacturing-dd088f2e-1.jpg\",\"contentUrl\":\"\/wp-content\/uploads\/2025\/04\/Industries_GeneralManufacturing-dd088f2e-1.jpg\",\"width\":870,\"height\":350},{\"@type\":\"BreadcrumbList\",\"@id\":\"https:\/\/www.kurita.eu\/pt\/sectores\/fabrico-geral\/#breadcrumb\",\"itemListElement\":[{\"@type\":\"ListItem\",\"position\":1,\"name\":\"Home\",\"item\":\"https:\/\/www.kurita.eu\/en\/\"},{\"@type\":\"ListItem\",\"position\":2,\"name\":\"Industries\",\"item\":\"https:\/\/www.kurita.eu\/tr\/endustriler\/\"},{\"@type\":\"ListItem\",\"position\":3,\"name\":\"General Manufacturing\"}]},{\"@type\":\"WebSite\",\"@id\":\"https:\/\/kurita.eu\/en\/#website\",\"url\":\"https:\/\/kurita.eu\/en\/\",\"name\":\"Kurita Europe\",\"description\":\"Water Treatment Solutions\",\"publisher\":{\"@id\":\"https:\/\/kurita.eu\/en\/#organization\"},\"potentialAction\":[{\"@type\":\"SearchAction\",\"target\":{\"@type\":\"EntryPoint\",\"urlTemplate\":\"https:\/\/kurita.eu\/en\/?s={search_term_string}\"},\"query-input\":{\"@type\":\"PropertyValueSpecification\",\"valueRequired\":true,\"valueName\":\"search_term_string\"}}],\"inLanguage\":\"pl-PL\"},{\"@type\":\"Organization\",\"@id\":\"https:\/\/kurita.eu\/en\/#organization\",\"name\":\"Kurita Europe\",\"url\":\"https:\/\/kurita.eu\/en\/\",\"logo\":{\"@type\":\"ImageObject\",\"inLanguage\":\"pl-PL\",\"@id\":\"https:\/\/kurita.eu\/en\/#\/schema\/logo\/image\/\",\"url\":\"\/wp-content\/uploads\/2025\/05\/cropped-brand_mark_horizon_blue.png\",\"contentUrl\":\"\/wp-content\/uploads\/2025\/05\/cropped-brand_mark_horizon_blue.png\",\"width\":712,\"height\":204,\"caption\":\"Kurita Europe\"},\"image\":{\"@id\":\"https:\/\/kurita.eu\/en\/#\/schema\/logo\/image\/\"}}]}<\/script>\n<!-- \/ Yoast SEO plugin. -->","yoast_head_json":{"title":"Produkcja og\u00f3lna - Kurita Europe","description":"Wspieranie og\u00f3lnej produkcji za pomoc\u0105 rozwi\u0105za\u0144 do uzdatniania wody, kt\u00f3re poprawiaj\u0105 wydajno\u015b\u0107, niezawodno\u015b\u0107 i zgodno\u015b\u0107 z przepisami ochrony \u015brodowiska.","robots":{"index":"index","follow":"follow","max-snippet":"max-snippet:-1","max-image-preview":"max-image-preview:large","max-video-preview":"max-video-preview:-1"},"canonical":"https:\/\/www.kurita.eu\/pl\/branze\/produkcja-ogolna\/","og_locale":"pl_PL","og_type":"article","og_title":"General Manufacturing - Kurita Europe","og_description":"Support general manufacturing with water treatment solutions that improve efficiency, reliability, and environmental compliance.","og_url":"https:\/\/www.kurita.eu\/pl\/branze\/produkcja-ogolna\/","og_site_name":"Kurita Europe","article_modified_time":"2026-02-16T15:14:26+00:00","og_image":[{"width":870,"height":350,"url":"https:\/\/www.kurita.eu\/wp-content\/uploads\/2025\/04\/Industries_GeneralManufacturing-dd088f2e-1.jpg","type":"image\/jpeg"}],"twitter_card":"summary_large_image","twitter_misc":{"Szacowany czas czytania":"3 minuty"},"schema":{"@context":"https:\/\/schema.org","@graph":[{"@type":"WebPage","@id":"https:\/\/www.kurita.eu\/pt\/sectores\/fabrico-geral\/","url":"https:\/\/www.kurita.eu\/pt\/sectores\/fabrico-geral\/","name":"Produkcja og\u00f3lna - Kurita Europe","isPartOf":{"@id":"https:\/\/kurita.eu\/en\/#website"},"primaryImageOfPage":{"@id":"https:\/\/www.kurita.eu\/pt\/sectores\/fabrico-geral\/#primaryimage"},"image":{"@id":"https:\/\/www.kurita.eu\/pt\/sectores\/fabrico-geral\/#primaryimage"},"thumbnailUrl":"\/wp-content\/uploads\/2025\/04\/Industries_GeneralManufacturing-dd088f2e-1.jpg","datePublished":"2025-04-24T09:13:46+00:00","dateModified":"2026-02-16T15:14:26+00:00","description":"Wspieranie og\u00f3lnej produkcji za pomoc\u0105 rozwi\u0105za\u0144 do uzdatniania wody, kt\u00f3re poprawiaj\u0105 wydajno\u015b\u0107, niezawodno\u015b\u0107 i zgodno\u015b\u0107 z przepisami ochrony \u015brodowiska.","breadcrumb":{"@id":"https:\/\/www.kurita.eu\/pt\/sectores\/fabrico-geral\/#breadcrumb"},"inLanguage":"pl-PL","potentialAction":[{"@type":"ReadAction","target":["https:\/\/www.kurita.eu\/pt\/sectores\/fabrico-geral\/"]}]},{"@type":"ImageObject","inLanguage":"pl-PL","@id":"https:\/\/www.kurita.eu\/pt\/sectores\/fabrico-geral\/#primaryimage","url":"\/wp-content\/uploads\/2025\/04\/Industries_GeneralManufacturing-dd088f2e-1.jpg","contentUrl":"\/wp-content\/uploads\/2025\/04\/Industries_GeneralManufacturing-dd088f2e-1.jpg","width":870,"height":350},{"@type":"BreadcrumbList","@id":"https:\/\/www.kurita.eu\/pt\/sectores\/fabrico-geral\/#breadcrumb","itemListElement":[{"@type":"ListItem","position":1,"name":"Home","item":"https:\/\/www.kurita.eu\/en\/"},{"@type":"ListItem","position":2,"name":"Industries","item":"https:\/\/www.kurita.eu\/tr\/endustriler\/"},{"@type":"ListItem","position":3,"name":"General Manufacturing"}]},{"@type":"WebSite","@id":"https:\/\/kurita.eu\/en\/#website","url":"https:\/\/kurita.eu\/en\/","name":"Kurita Europe","description":"Rozwi\u0105zania do uzdatniania wody","publisher":{"@id":"https:\/\/kurita.eu\/en\/#organization"},"potentialAction":[{"@type":"SearchAction","target":{"@type":"EntryPoint","urlTemplate":"https:\/\/kurita.eu\/en\/?s={search_term_string}"},"query-input":{"@type":"PropertyValueSpecification","valueRequired":true,"valueName":"search_term_string"}}],"inLanguage":"pl-PL"},{"@type":"Organization","@id":"https:\/\/kurita.eu\/en\/#organization","name":"Kurita Europe","url":"https:\/\/kurita.eu\/en\/","logo":{"@type":"ImageObject","inLanguage":"pl-PL","@id":"https:\/\/kurita.eu\/en\/#\/schema\/logo\/image\/","url":"\/wp-content\/uploads\/2025\/05\/cropped-brand_mark_horizon_blue.png","contentUrl":"\/wp-content\/uploads\/2025\/05\/cropped-brand_mark_horizon_blue.png","width":712,"height":204,"caption":"Kurita Europe"},"image":{"@id":"https:\/\/kurita.eu\/en\/#\/schema\/logo\/image\/"}}]}},"_links":{"self":[{"href":"https:\/\/www.kurita.eu\/pl\/wp-json\/wp\/v2\/pages\/13471","targetHints":{"allow":["GET"]}}],"collection":[{"href":"https:\/\/www.kurita.eu\/pl\/wp-json\/wp\/v2\/pages"}],"about":[{"href":"https:\/\/www.kurita.eu\/pl\/wp-json\/wp\/v2\/types\/page"}],"author":[{"embeddable":true,"href":"https:\/\/www.kurita.eu\/pl\/wp-json\/wp\/v2\/users\/2"}],"replies":[{"embeddable":true,"href":"https:\/\/www.kurita.eu\/pl\/wp-json\/wp\/v2\/comments?post=13471"}],"version-history":[{"count":20,"href":"https:\/\/www.kurita.eu\/pl\/wp-json\/wp\/v2\/pages\/13471\/revisions"}],"predecessor-version":[{"id":20279,"href":"https:\/\/www.kurita.eu\/pl\/wp-json\/wp\/v2\/pages\/13471\/revisions\/20279"}],"up":[{"embeddable":true,"href":"https:\/\/www.kurita.eu\/pl\/wp-json\/wp\/v2\/pages\/17058"}],"wp:featuredmedia":[{"embeddable":true,"href":"https:\/\/www.kurita.eu\/pl\/wp-json\/wp\/v2\/media\/13473"}],"wp:attachment":[{"href":"https:\/\/www.kurita.eu\/pl\/wp-json\/wp\/v2\/media?parent=13471"}],"curies":[{"name":"wp","href":"https:\/\/api.w.org\/{rel}","templated":true}]}}