{"id":13519,"date":"2025-04-24T09:26:02","date_gmt":"2025-04-24T09:26:02","guid":{"rendered":"https:\/\/kurita-eu-gudza2cjbzfhcwbx.francecentral-01.azurewebsites.net\/?page_id=13519"},"modified":"2026-02-16T15:16:08","modified_gmt":"2026-02-16T15:16:08","slug":"wytwarzanie-energii","status":"publish","type":"page","link":"https:\/\/www.kurita.eu\/pl\/branze\/wytwarzanie-energii\/","title":{"rendered":"Wytwarzanie energii"},"content":{"rendered":"<div data-elementor-type=\"wp-page\" data-elementor-id=\"13519\" class=\"elementor elementor-13519\" data-elementor-post-type=\"page\">\n\t\t\t\t\t\t<section class=\"elementor-section elementor-top-section elementor-element elementor-element-5b094549 elementor-section-full_width elementor-section-height-default elementor-section-height-default\" data-id=\"5b094549\" data-element_type=\"section\" data-e-type=\"section\">\n\t\t\t\t\t\t<div class=\"elementor-container elementor-column-gap-default\">\n\t\t\t\t\t<div class=\"elementor-column elementor-col-100 elementor-top-column elementor-element elementor-element-166b778e\" data-id=\"166b778e\" data-element_type=\"column\" data-e-type=\"column\">\n\t\t\t<div class=\"elementor-widget-wrap elementor-element-populated\">\n\t\t\t\t\t\t<div class=\"elementor-element elementor-element-174cb865 elementor--h-position-center elementor--v-position-middle elementor-arrows-position-inside elementor-pagination-position-inside elementor-widget elementor-widget-slides\" data-id=\"174cb865\" data-element_type=\"widget\" data-e-type=\"widget\" data-settings=\"{&quot;navigation&quot;:&quot;both&quot;,&quot;autoplay&quot;:&quot;yes&quot;,&quot;pause_on_hover&quot;:&quot;yes&quot;,&quot;pause_on_interaction&quot;:&quot;yes&quot;,&quot;autoplay_speed&quot;:5000,&quot;infinite&quot;:&quot;yes&quot;,&quot;transition&quot;:&quot;slide&quot;,&quot;transition_speed&quot;:500}\" data-widget_type=\"slides.default\">\n\t\t\t\t<div class=\"elementor-widget-container\">\n\t\t\t\t\t\t\t\t\t<div class=\"elementor-swiper\">\n\t\t\t\t\t<div class=\"elementor-slides-wrapper elementor-main-swiper swiper\" role=\"region\" aria-roledescription=\"carousel\" aria-label=\"Slajdy\" dir=\"ltr\" data-animation=\"fadeInUp\">\n\t\t\t\t<div class=\"swiper-wrapper elementor-slides\">\n\t\t\t\t\t\t\t\t\t\t<div class=\"elementor-repeater-item-4e0b9f7 swiper-slide\" role=\"group\" aria-roledescription=\"slide\"><div class=\"swiper-slide-bg elementor-ken-burns elementor-ken-burns--in\" role=\"img\" aria-label=\"Industries_PowerGeneration-6692aeef-1.jpg\"><\/div><div class=\"elementor-background-overlay\"><\/div><div class=\"swiper-slide-inner\" ><div class=\"swiper-slide-contents\"><h1 class=\"elementor-slide-heading\">Przemys\u0142 wytwarzania energii<\/h1><\/div><\/div><\/div>\t\t\t\t<\/div>\n\t\t\t\t\t\t\t<\/div>\n\t\t\t\t<\/div>\n\t\t\t\t\t\t\t\t<\/div>\n\t\t\t\t<\/div>\n\t\t\t\t\t<\/div>\n\t\t<\/div>\n\t\t\t\t\t<\/div>\n\t\t<\/section>\n\t\t\t\t<section class=\"elementor-section elementor-top-section elementor-element elementor-element-1d5ec893 elementor-section-boxed elementor-section-height-default elementor-section-height-default\" data-id=\"1d5ec893\" data-element_type=\"section\" data-e-type=\"section\">\n\t\t\t\t\t\t<div class=\"elementor-container elementor-column-gap-default\">\n\t\t\t\t\t<div class=\"elementor-column elementor-col-100 elementor-top-column elementor-element elementor-element-359f8241 margin-content\" data-id=\"359f8241\" data-element_type=\"column\" data-e-type=\"column\">\n\t\t\t<div class=\"elementor-widget-wrap elementor-element-populated\">\n\t\t\t\t\t\t<div class=\"elementor-element elementor-element-99253b6 elementor-widget elementor-widget-text-editor\" data-id=\"99253b6\" data-element_type=\"widget\" data-e-type=\"widget\" data-widget_type=\"text-editor.default\">\n\t\t\t\t<div class=\"elementor-widget-container\">\n\t\t\t\t\t\t\t\t\t<p>Dzisiejsza bran\u017ca energetyczna ju\u017c teraz podlega surowym regulacjom urz\u0119dowym. Przepisy te stan\u0105 si\u0119 jeszcze bardziej rygorystyczne w przysz\u0142o\u015bci. W rezultacie istnieje du\u017ce zapotrzebowanie na przyjazne dla \u015brodowiska, op\u0142acalne rozwi\u0105zania, kt\u00f3re zapewniaj\u0105 bezpiecze\u0144stwo instalacji i operacji.<\/p><p>Dok\u0142adnie to zapewnia Kurita:<br \/>Nasze opatentowane technologie zapewniaj\u0105 dzia\u0142anie system\u00f3w ch\u0142odzenia bez osadzania si\u0119 kamienia, zapobiegaj\u0105 rozwojowi bakterii Legionella, skutecznie oczyszczaj\u0105 wod\u0119 kot\u0142ow\u0105 bez u\u017cycia substancji zagra\u017caj\u0105cych zdrowiu, poprawiaj\u0105 wydajno\u015b\u0107 oczyszczalni \u015bciek\u00f3w i znacznie zwi\u0119kszaj\u0105 wydajno\u015b\u0107 system\u00f3w odwr\u00f3conej osmozy.<\/p><p>W skr\u00f3cie:<br \/><strong>Uzdatnianie wody to nasza specjalno\u015b\u0107.<\/strong><\/p>\t\t\t\t\t\t\t\t<\/div>\n\t\t\t\t<\/div>\n\t\t\t\t\t<\/div>\n\t\t<\/div>\n\t\t\t\t\t<\/div>\n\t\t<\/section>\n\t\t\t\t<section class=\"elementor-section elementor-top-section elementor-element elementor-element-42fd3dd margin-content elementor-section-boxed elementor-section-height-default elementor-section-height-default\" data-id=\"42fd3dd\" data-element_type=\"section\" data-e-type=\"section\">\n\t\t\t\t\t\t<div class=\"elementor-container elementor-column-gap-default\">\n\t\t\t\t\t<div class=\"elementor-column elementor-col-100 elementor-top-column elementor-element elementor-element-654b44c0\" data-id=\"654b44c0\" data-element_type=\"column\" data-e-type=\"column\">\n\t\t\t<div class=\"elementor-widget-wrap elementor-element-populated\">\n\t\t\t\t\t\t<div class=\"elementor-element elementor-element-1abd2a2 elementor-widget-widescreen__width-initial elementor-widget-tablet__width-initial elementor-widget elementor-widget-heading\" data-id=\"1abd2a2\" data-element_type=\"widget\" data-e-type=\"widget\" data-widget_type=\"heading.default\">\n\t\t\t\t<div class=\"elementor-widget-container\">\n\t\t\t\t\t<h4 class=\"elementor-heading-title elementor-size-default\">Kluczowe powi\u0105zane rozwi\u0105zania<\/h4>\t\t\t\t<\/div>\n\t\t\t\t<\/div>\n\t\t\t\t<div class=\"elementor-element elementor-element-1d313bc5 elementor-grid-4 elementor-posts--thumbnail-none elementor-grid-tablet-2 elementor-grid-mobile-1 elementor-card-shadow-yes elementor-posts__hover-gradient elementor-widget elementor-widget-posts\" data-id=\"1d313bc5\" data-element_type=\"widget\" data-e-type=\"widget\" data-settings=\"{&quot;cards_columns&quot;:&quot;4&quot;,&quot;pagination_type&quot;:&quot;load_more_infinite_scroll&quot;,&quot;cards_columns_tablet&quot;:&quot;2&quot;,&quot;cards_columns_mobile&quot;:&quot;1&quot;,&quot;cards_row_gap&quot;:{&quot;unit&quot;:&quot;px&quot;,&quot;size&quot;:35,&quot;sizes&quot;:[]},&quot;cards_row_gap_widescreen&quot;:{&quot;unit&quot;:&quot;px&quot;,&quot;size&quot;:&quot;&quot;,&quot;sizes&quot;:[]},&quot;cards_row_gap_laptop&quot;:{&quot;unit&quot;:&quot;px&quot;,&quot;size&quot;:&quot;&quot;,&quot;sizes&quot;:[]},&quot;cards_row_gap_tablet&quot;:{&quot;unit&quot;:&quot;px&quot;,&quot;size&quot;:&quot;&quot;,&quot;sizes&quot;:[]},&quot;cards_row_gap_mobile&quot;:{&quot;unit&quot;:&quot;px&quot;,&quot;size&quot;:&quot;&quot;,&quot;sizes&quot;:[]},&quot;load_more_spinner&quot;:{&quot;value&quot;:&quot;fas fa-spinner&quot;,&quot;library&quot;:&quot;fa-solid&quot;}}\" data-widget_type=\"posts.cards\">\n\t\t\t\t<div class=\"elementor-widget-container\">\n\t\t\t\t\t\t\t<div class=\"elementor-posts-container elementor-posts elementor-posts--skin-cards elementor-grid\" role=\"list\">\n\t\t\t\t<article class=\"elementor-post elementor-grid-item post-16043 page type-page status-publish has-post-thumbnail hentry\" role=\"listitem\">\n\t\t\t<div class=\"elementor-post__card\">\n\t\t\t\t<div class=\"elementor-post__text\">\n\t\t\t\t<h4 class=\"elementor-post__title\">\n\t\t\t<a href=\"https:\/\/www.kurita.eu\/pl\/rozwiazania\/elektrownie-cetaminowe\/\" target=\"&quot;_blank&quot;\">\n\t\t\t\tTechnologia Kurita Cetamine - elektrownie\t\t\t<\/a>\n\t\t<\/h4>\n\t\t\t\t<div class=\"elementor-post__excerpt\">\n\t\t\t<p>Odkryj rozwi\u0105zanie Kurita Cetamine\u00ae dla elektrowni. Innowacyjna technologia uzdatniania wody zaprojektowana w celu ochrony kot\u0142\u00f3w, optymalizacji wydajno\u015bci i obni\u017cenia koszt\u00f3w operacyjnych.<\/p>\n\t\t<\/div>\n\t\t\t\t<\/div>\n\t\t\t\t\t<\/div>\n\t\t<\/article>\n\t\t\t\t<article class=\"elementor-post elementor-grid-item post-14251 page type-page status-publish hentry\" role=\"listitem\">\n\t\t\t<div class=\"elementor-post__card\">\n\t\t\t\t<div class=\"elementor-post__text\">\n\t\t\t\t<h4 class=\"elementor-post__title\">\n\t\t\t<a href=\"https:\/\/www.kurita.eu\/pl\/rozwiazania\/kuriverter-ik\/\" target=\"&quot;_blank&quot;\">\n\t\t\t\tKuriverter\u00ae IK\t\t\t<\/a>\n\t\t<\/h4>\n\t\t\t\t<div class=\"elementor-post__excerpt\">\n\t\t\t<p>\u015arodek do kontroli biofilmu do obr\u00f3bki membran Kurita zosta\u0142 specjalnie zaprojektowany z unikaln\u0105 zdolno\u015bci\u0105 do g\u0142\u0119bokiej penetracji i usuwania zanieczyszcze\u0144 z powierzchni, jednocze\u015bnie hamuj\u0105c przysz\u0142y wzrost. <\/p>\n\t\t<\/div>\n\t\t\t\t<\/div>\n\t\t\t\t\t<\/div>\n\t\t<\/article>\n\t\t\t\t<article class=\"elementor-post elementor-grid-item post-14206 page type-page status-publish has-post-thumbnail hentry\" role=\"listitem\">\n\t\t\t<div class=\"elementor-post__card\">\n\t\t\t\t<div class=\"elementor-post__text\">\n\t\t\t\t<h4 class=\"elementor-post__title\">\n\t\t\t<a href=\"https:\/\/www.kurita.eu\/pl\/rozwiazania\/technologia-kurita-dropwise\/\" target=\"&quot;_blank&quot;\">\n\t\t\t\tTechnologia Kurita Dropwise\t\t\t<\/a>\n\t\t<\/h4>\n\t\t\t\t<div class=\"elementor-post__excerpt\">\n\t\t\t<p>Technologia Kurita Dropwise rewolucjonizuje wydajno\u015b\u0107 wymiany ciep\u0142a poprzez zastosowanie unikalnej obr\u00f3bki powierzchni, kt\u00f3ra umo\u017cliwia kondensacj\u0119 kroplow\u0105. To innowacyjne podej\u015bcie zmniejsza zu\u017cycie energii, poprawia niezawodno\u015b\u0107 operacyjn\u0105 i wspiera zr\u00f3wnowa\u017con\u0105 wydajno\u015b\u0107 w procesach przemys\u0142owych<\/p>\n\t\t<\/div>\n\t\t\t\t<\/div>\n\t\t\t\t\t<\/div>\n\t\t<\/article>\n\t\t\t\t<article class=\"elementor-post elementor-grid-item post-14195 page type-page status-publish hentry\" role=\"listitem\">\n\t\t\t<div class=\"elementor-post__card\">\n\t\t\t\t<div class=\"elementor-post__text\">\n\t\t\t\t<h4 class=\"elementor-post__title\">\n\t\t\t<a href=\"https:\/\/www.kurita.eu\/pl\/rozwiazania\/kurita-connect-360\/\" target=\"&quot;_blank&quot;\">\n\t\t\t\tKurita Connect 360\t\t\t<\/a>\n\t\t<\/h4>\n\t\t\t\t<div class=\"elementor-post__excerpt\">\n\t\t\t<p>Cyfrowa platforma klienta Kurita do globalnego zarz\u0105dzania wod\u0105 zwi\u0119ksza wydajno\u015b\u0107 systemu, zapewniaj\u0105c ci\u0105g\u0142e inteligentne zalecenia i monitorowanie aplikacji uzdatniania wody.<\/p>\n\t\t<\/div>\n\t\t\t\t<\/div>\n\t\t\t\t\t<\/div>\n\t\t<\/article>\n\t\t\t\t<\/div>\n\t\t\t\t\t<span class=\"e-load-more-spinner\">\n\t\t\t\t<svg aria-hidden=\"true\" class=\"e-font-icon-svg e-fas-spinner\" viewbox=\"0 0 512 512\" xmlns=\"http:\/\/www.w3.org\/2000\/svg\"><path d=\"M304 48c0 26.51-21.49 48-48 48s-48-21.49-48-48 21.49-48 48-48 48 21.49 48 48zm-48 368c-26.51 0-48 21.49-48 48s21.49 48 48 48 48-21.49 48-48-21.49-48-48-48zm208-208c-26.51 0-48 21.49-48 48s21.49 48 48 48 48-21.49 48-48-21.49-48-48-48zM96 256c0-26.51-21.49-48-48-48S0 229.49 0 256s21.49 48 48 48 48-21.49 48-48zm12.922 99.078c-26.51 0-48 21.49-48 48s21.49 48 48 48 48-21.49 48-48c0-26.509-21.491-48-48-48zm294.156 0c-26.51 0-48 21.49-48 48s21.49 48 48 48 48-21.49 48-48c0-26.509-21.49-48-48-48zM108.922 60.922c-26.51 0-48 21.49-48 48s21.49 48 48 48 48-21.49 48-48-21.491-48-48-48z\"><\/path><\/svg>\t\t\t<\/span>\n\t\t\n\t\t\t\t<div class=\"e-load-more-anchor\" data-page=\"1\" data-max-page=\"3\" data-next-page=\"https:\/\/www.kurita.eu\/wp-json\/wp\/v2\/pages\/13519\/page\/2\/\"><\/div>\n\t\t\t\t<div class=\"e-load-more-message\"><\/div>\n\t\t\t\t\t\t<\/div>\n\t\t\t\t<\/div>\n\t\t\t\t\t<\/div>\n\t\t<\/div>\n\t\t\t\t\t<\/div>\n\t\t<\/section>\n\t\t\t\t<section class=\"elementor-section elementor-top-section elementor-element elementor-element-1c458c3 elementor-section-boxed elementor-section-height-default elementor-section-height-default\" data-id=\"1c458c3\" data-element_type=\"section\" data-e-type=\"section\" data-settings=\"{&quot;background_background&quot;:&quot;classic&quot;}\">\n\t\t\t\t\t\t<div class=\"elementor-container elementor-column-gap-default\">\n\t\t\t\t\t<div class=\"elementor-column elementor-col-100 elementor-top-column elementor-element elementor-element-5599297 margin-content\" data-id=\"5599297\" data-element_type=\"column\" data-e-type=\"column\">\n\t\t\t<div class=\"elementor-widget-wrap elementor-element-populated\">\n\t\t\t\t\t\t<div class=\"elementor-element elementor-element-2fc1dec elementor-widget elementor-widget-heading\" data-id=\"2fc1dec\" data-element_type=\"widget\" data-e-type=\"widget\" data-widget_type=\"heading.default\">\n\t\t\t\t<div class=\"elementor-widget-container\">\n\t\t\t\t\t<h2 class=\"elementor-heading-title elementor-size-default\">Jeste\u015bmy do Twojej dyspozycji<\/h2>\t\t\t\t<\/div>\n\t\t\t\t<\/div>\n\t\t\t\t<div class=\"elementor-element elementor-element-8129fff elementor-widget elementor-widget-html\" data-id=\"8129fff\" data-element_type=\"widget\" data-e-type=\"widget\" data-widget_type=\"html.default\">\n\t\t\t\t<div class=\"elementor-widget-container\">\n\t\t\t\t\t<div\r\n        data-form-id='f4d0a8e4-73ce-ef11-b8e8-000d3ab41b62'\r\n        data-form-api-url='https:\/\/public-eur.mkt.dynamics.com\/api\/v1.0\/orgs\/30cac5a2-33f9-ed11-a66d-000d3a64d748\/landingpageforms'\r\n        data-cached-form-url='https:\/\/assets-eur.mkt.dynamics.com\/30cac5a2-33f9-ed11-a66d-000d3a64d748\/digitalassets\/forms\/f4d0a8e4-73ce-ef11-b8e8-000d3ab41b62' ><\/div>\r\n        <script src = 'https:\/\/cxppusa1formui01cdnsa01-endpoint.azureedge.net\/eur\/FormLoader\/FormLoader.bundle.js' ><\/script>\r\n        <script>document.documentElement.lang = navigator.language;<\/script>\t\t\t\t<\/div>\n\t\t\t\t<\/div>\n\t\t\t\t\t<\/div>\n\t\t<\/div>\n\t\t\t\t\t<\/div>\n\t\t<\/section>\n\t\t\t\t<\/div>","protected":false},"excerpt":{"rendered":"<p>W Kurita specjalizujemy si\u0119 w technologiach, kt\u00f3re zwi\u0119kszaj\u0105 wydajno\u015b\u0107 uk\u0142adu ch\u0142odzenia, zapobiegaj\u0105 rozwojowi bakterii Legionella i bezpiecznie uzdatniaj\u0105 wod\u0119 kot\u0142ow\u0105. Dowiedz si\u0119, jak nasza wiedza w zakresie uzdatniania wody mo\u017ce zmieni\u0107 Twoje operacje.<\/p>","protected":false},"author":2,"featured_media":14084,"parent":17058,"menu_order":0,"comment_status":"closed","ping_status":"closed","template":"","meta":{"footnotes":""},"class_list":["post-13519","page","type-page","status-publish","has-post-thumbnail","hentry"],"yoast_head":"<!-- This site is optimized with the Yoast SEO plugin v25.5 - https:\/\/yoast.com\/wordpress\/plugins\/seo\/ -->\n<title>Power Generation - Kurita Europe<\/title>\n<meta name=\"description\" content=\"Kurita delivers water treatment solutions for power plants to improve efficiency, reduce downtime, and meet environmental standards.\" \/>\n<meta name=\"robots\" content=\"index, follow, max-snippet:-1, max-image-preview:large, max-video-preview:-1\" \/>\n<link rel=\"canonical\" href=\"https:\/\/www.kurita.eu\/pl\/branze\/wytwarzanie-energii\/\" \/>\n<meta property=\"og:locale\" content=\"pl_PL\" \/>\n<meta property=\"og:type\" content=\"article\" \/>\n<meta property=\"og:title\" content=\"Power Generation - Kurita Europe\" \/>\n<meta property=\"og:description\" content=\"Kurita delivers water treatment solutions for power plants to improve efficiency, reduce downtime, and meet environmental standards.\" \/>\n<meta property=\"og:url\" content=\"https:\/\/www.kurita.eu\/pl\/branze\/wytwarzanie-energii\/\" \/>\n<meta property=\"og:site_name\" content=\"Kurita Europe\" \/>\n<meta property=\"article:modified_time\" content=\"2026-02-16T15:16:08+00:00\" \/>\n<meta property=\"og:image\" content=\"https:\/\/www.kurita.eu\/wp-content\/uploads\/2025\/04\/aerial-view-of-modern-power-plant-industrial-landscape-scaled-1.jpg\" \/>\n\t<meta property=\"og:image:width\" content=\"2560\" \/>\n\t<meta property=\"og:image:height\" content=\"1705\" \/>\n\t<meta property=\"og:image:type\" content=\"image\/jpeg\" \/>\n<meta name=\"twitter:card\" content=\"summary_large_image\" \/>\n<meta name=\"twitter:label1\" content=\"Szacowany czas czytania\" \/>\n\t<meta name=\"twitter:data1\" content=\"3 minuty\" \/>\n<script type=\"application\/ld+json\" class=\"yoast-schema-graph\">{\"@context\":\"https:\/\/schema.org\",\"@graph\":[{\"@type\":\"WebPage\",\"@id\":\"https:\/\/www.kurita.eu\/se\/industrier\/kraftproduktion\/\",\"url\":\"https:\/\/www.kurita.eu\/se\/industrier\/kraftproduktion\/\",\"name\":\"Power Generation - Kurita Europe\",\"isPartOf\":{\"@id\":\"https:\/\/kurita.eu\/en\/#website\"},\"primaryImageOfPage\":{\"@id\":\"https:\/\/www.kurita.eu\/se\/industrier\/kraftproduktion\/#primaryimage\"},\"image\":{\"@id\":\"https:\/\/www.kurita.eu\/se\/industrier\/kraftproduktion\/#primaryimage\"},\"thumbnailUrl\":\"\/wp-content\/uploads\/2025\/04\/aerial-view-of-modern-power-plant-industrial-landscape-scaled-1.jpg\",\"datePublished\":\"2025-04-24T09:26:02+00:00\",\"dateModified\":\"2026-02-16T15:16:08+00:00\",\"description\":\"Kurita delivers water treatment solutions for power plants to improve efficiency, reduce downtime, and meet environmental standards.\",\"breadcrumb\":{\"@id\":\"https:\/\/www.kurita.eu\/se\/industrier\/kraftproduktion\/#breadcrumb\"},\"inLanguage\":\"pl-PL\",\"potentialAction\":[{\"@type\":\"ReadAction\",\"target\":[\"https:\/\/www.kurita.eu\/se\/industrier\/kraftproduktion\/\"]}]},{\"@type\":\"ImageObject\",\"inLanguage\":\"pl-PL\",\"@id\":\"https:\/\/www.kurita.eu\/se\/industrier\/kraftproduktion\/#primaryimage\",\"url\":\"\/wp-content\/uploads\/2025\/04\/aerial-view-of-modern-power-plant-industrial-landscape-scaled-1.jpg\",\"contentUrl\":\"\/wp-content\/uploads\/2025\/04\/aerial-view-of-modern-power-plant-industrial-landscape-scaled-1.jpg\",\"width\":2560,\"height\":1705},{\"@type\":\"BreadcrumbList\",\"@id\":\"https:\/\/www.kurita.eu\/se\/industrier\/kraftproduktion\/#breadcrumb\",\"itemListElement\":[{\"@type\":\"ListItem\",\"position\":1,\"name\":\"Home\",\"item\":\"https:\/\/www.kurita.eu\/en\/\"},{\"@type\":\"ListItem\",\"position\":2,\"name\":\"Industries\",\"item\":\"https:\/\/www.kurita.eu\/tr\/endustriler\/\"},{\"@type\":\"ListItem\",\"position\":3,\"name\":\"Power Generation\"}]},{\"@type\":\"WebSite\",\"@id\":\"https:\/\/kurita.eu\/en\/#website\",\"url\":\"https:\/\/kurita.eu\/en\/\",\"name\":\"Kurita Europe\",\"description\":\"Water Treatment Solutions\",\"publisher\":{\"@id\":\"https:\/\/kurita.eu\/en\/#organization\"},\"potentialAction\":[{\"@type\":\"SearchAction\",\"target\":{\"@type\":\"EntryPoint\",\"urlTemplate\":\"https:\/\/kurita.eu\/en\/?s={search_term_string}\"},\"query-input\":{\"@type\":\"PropertyValueSpecification\",\"valueRequired\":true,\"valueName\":\"search_term_string\"}}],\"inLanguage\":\"pl-PL\"},{\"@type\":\"Organization\",\"@id\":\"https:\/\/kurita.eu\/en\/#organization\",\"name\":\"Kurita Europe\",\"url\":\"https:\/\/kurita.eu\/en\/\",\"logo\":{\"@type\":\"ImageObject\",\"inLanguage\":\"pl-PL\",\"@id\":\"https:\/\/kurita.eu\/en\/#\/schema\/logo\/image\/\",\"url\":\"\/wp-content\/uploads\/2025\/05\/cropped-brand_mark_horizon_blue.png\",\"contentUrl\":\"\/wp-content\/uploads\/2025\/05\/cropped-brand_mark_horizon_blue.png\",\"width\":712,\"height\":204,\"caption\":\"Kurita Europe\"},\"image\":{\"@id\":\"https:\/\/kurita.eu\/en\/#\/schema\/logo\/image\/\"}}]}<\/script>\n<!-- \/ Yoast SEO plugin. -->","yoast_head_json":{"title":"Wytwarzanie energii - Kurita Europe","description":"Kurita dostarcza rozwi\u0105zania do uzdatniania wody dla elektrowni w celu poprawy wydajno\u015bci, skr\u00f3cenia czasu przestoj\u00f3w i spe\u0142nienia norm \u015brodowiskowych.","robots":{"index":"index","follow":"follow","max-snippet":"max-snippet:-1","max-image-preview":"max-image-preview:large","max-video-preview":"max-video-preview:-1"},"canonical":"https:\/\/www.kurita.eu\/pl\/branze\/wytwarzanie-energii\/","og_locale":"pl_PL","og_type":"article","og_title":"Power Generation - Kurita Europe","og_description":"Kurita delivers water treatment solutions for power plants to improve efficiency, reduce downtime, and meet environmental standards.","og_url":"https:\/\/www.kurita.eu\/pl\/branze\/wytwarzanie-energii\/","og_site_name":"Kurita Europe","article_modified_time":"2026-02-16T15:16:08+00:00","og_image":[{"width":2560,"height":1705,"url":"https:\/\/www.kurita.eu\/wp-content\/uploads\/2025\/04\/aerial-view-of-modern-power-plant-industrial-landscape-scaled-1.jpg","type":"image\/jpeg"}],"twitter_card":"summary_large_image","twitter_misc":{"Szacowany czas czytania":"3 minuty"},"schema":{"@context":"https:\/\/schema.org","@graph":[{"@type":"WebPage","@id":"https:\/\/www.kurita.eu\/se\/industrier\/kraftproduktion\/","url":"https:\/\/www.kurita.eu\/se\/industrier\/kraftproduktion\/","name":"Wytwarzanie energii - Kurita Europe","isPartOf":{"@id":"https:\/\/kurita.eu\/en\/#website"},"primaryImageOfPage":{"@id":"https:\/\/www.kurita.eu\/se\/industrier\/kraftproduktion\/#primaryimage"},"image":{"@id":"https:\/\/www.kurita.eu\/se\/industrier\/kraftproduktion\/#primaryimage"},"thumbnailUrl":"\/wp-content\/uploads\/2025\/04\/aerial-view-of-modern-power-plant-industrial-landscape-scaled-1.jpg","datePublished":"2025-04-24T09:26:02+00:00","dateModified":"2026-02-16T15:16:08+00:00","description":"Kurita dostarcza rozwi\u0105zania do uzdatniania wody dla elektrowni w celu poprawy wydajno\u015bci, skr\u00f3cenia czasu przestoj\u00f3w i spe\u0142nienia norm \u015brodowiskowych.","breadcrumb":{"@id":"https:\/\/www.kurita.eu\/se\/industrier\/kraftproduktion\/#breadcrumb"},"inLanguage":"pl-PL","potentialAction":[{"@type":"ReadAction","target":["https:\/\/www.kurita.eu\/se\/industrier\/kraftproduktion\/"]}]},{"@type":"ImageObject","inLanguage":"pl-PL","@id":"https:\/\/www.kurita.eu\/se\/industrier\/kraftproduktion\/#primaryimage","url":"\/wp-content\/uploads\/2025\/04\/aerial-view-of-modern-power-plant-industrial-landscape-scaled-1.jpg","contentUrl":"\/wp-content\/uploads\/2025\/04\/aerial-view-of-modern-power-plant-industrial-landscape-scaled-1.jpg","width":2560,"height":1705},{"@type":"BreadcrumbList","@id":"https:\/\/www.kurita.eu\/se\/industrier\/kraftproduktion\/#breadcrumb","itemListElement":[{"@type":"ListItem","position":1,"name":"Home","item":"https:\/\/www.kurita.eu\/en\/"},{"@type":"ListItem","position":2,"name":"Industries","item":"https:\/\/www.kurita.eu\/tr\/endustriler\/"},{"@type":"ListItem","position":3,"name":"Power Generation"}]},{"@type":"WebSite","@id":"https:\/\/kurita.eu\/en\/#website","url":"https:\/\/kurita.eu\/en\/","name":"Kurita Europe","description":"Rozwi\u0105zania do uzdatniania wody","publisher":{"@id":"https:\/\/kurita.eu\/en\/#organization"},"potentialAction":[{"@type":"SearchAction","target":{"@type":"EntryPoint","urlTemplate":"https:\/\/kurita.eu\/en\/?s={search_term_string}"},"query-input":{"@type":"PropertyValueSpecification","valueRequired":true,"valueName":"search_term_string"}}],"inLanguage":"pl-PL"},{"@type":"Organization","@id":"https:\/\/kurita.eu\/en\/#organization","name":"Kurita Europe","url":"https:\/\/kurita.eu\/en\/","logo":{"@type":"ImageObject","inLanguage":"pl-PL","@id":"https:\/\/kurita.eu\/en\/#\/schema\/logo\/image\/","url":"\/wp-content\/uploads\/2025\/05\/cropped-brand_mark_horizon_blue.png","contentUrl":"\/wp-content\/uploads\/2025\/05\/cropped-brand_mark_horizon_blue.png","width":712,"height":204,"caption":"Kurita Europe"},"image":{"@id":"https:\/\/kurita.eu\/en\/#\/schema\/logo\/image\/"}}]}},"_links":{"self":[{"href":"https:\/\/www.kurita.eu\/pl\/wp-json\/wp\/v2\/pages\/13519","targetHints":{"allow":["GET"]}}],"collection":[{"href":"https:\/\/www.kurita.eu\/pl\/wp-json\/wp\/v2\/pages"}],"about":[{"href":"https:\/\/www.kurita.eu\/pl\/wp-json\/wp\/v2\/types\/page"}],"author":[{"embeddable":true,"href":"https:\/\/www.kurita.eu\/pl\/wp-json\/wp\/v2\/users\/2"}],"replies":[{"embeddable":true,"href":"https:\/\/www.kurita.eu\/pl\/wp-json\/wp\/v2\/comments?post=13519"}],"version-history":[{"count":30,"href":"https:\/\/www.kurita.eu\/pl\/wp-json\/wp\/v2\/pages\/13519\/revisions"}],"predecessor-version":[{"id":20285,"href":"https:\/\/www.kurita.eu\/pl\/wp-json\/wp\/v2\/pages\/13519\/revisions\/20285"}],"up":[{"embeddable":true,"href":"https:\/\/www.kurita.eu\/pl\/wp-json\/wp\/v2\/pages\/17058"}],"wp:featuredmedia":[{"embeddable":true,"href":"https:\/\/www.kurita.eu\/pl\/wp-json\/wp\/v2\/media\/14084"}],"wp:attachment":[{"href":"https:\/\/www.kurita.eu\/pl\/wp-json\/wp\/v2\/media?parent=13519"}],"curies":[{"name":"wp","href":"https:\/\/api.w.org\/{rel}","templated":true}]}}