{"id":14103,"date":"2025-04-24T14:57:18","date_gmt":"2025-04-24T14:57:18","guid":{"rendered":"https:\/\/kurita-eu-gudza2cjbzfhcwbx.francecentral-01.azurewebsites.net\/?page_id=14103"},"modified":"2026-03-10T14:17:30","modified_gmt":"2026-03-10T14:17:30","slug":"hydrobio","status":"publish","type":"page","link":"https:\/\/www.kurita.eu\/pl\/solutions\/hydrobio\/","title":{"rendered":"HydroBio\u00ae"},"content":{"rendered":"<div data-elementor-type=\"wp-page\" data-elementor-id=\"14103\" class=\"elementor elementor-14103\" data-elementor-post-type=\"page\">\n\t\t\t\t\t\t<section class=\"elementor-section elementor-top-section elementor-element elementor-element-46741239 elementor-section-full_width elementor-section-height-default elementor-section-height-default\" data-id=\"46741239\" data-element_type=\"section\" data-e-type=\"section\">\n\t\t\t\t\t\t<div class=\"elementor-container elementor-column-gap-default\">\n\t\t\t\t\t<div class=\"elementor-column elementor-col-100 elementor-top-column elementor-element elementor-element-213986a5\" data-id=\"213986a5\" data-element_type=\"column\" data-e-type=\"column\">\n\t\t\t<div class=\"elementor-widget-wrap elementor-element-populated\">\n\t\t\t\t\t\t<div class=\"elementor-element elementor-element-3c354944 elementor--h-position-center elementor--v-position-middle elementor-arrows-position-inside elementor-pagination-position-inside elementor-widget elementor-widget-slides\" data-id=\"3c354944\" data-element_type=\"widget\" data-e-type=\"widget\" data-settings=\"{&quot;navigation&quot;:&quot;both&quot;,&quot;autoplay&quot;:&quot;yes&quot;,&quot;pause_on_hover&quot;:&quot;yes&quot;,&quot;pause_on_interaction&quot;:&quot;yes&quot;,&quot;autoplay_speed&quot;:5000,&quot;infinite&quot;:&quot;yes&quot;,&quot;transition&quot;:&quot;slide&quot;,&quot;transition_speed&quot;:500}\" data-widget_type=\"slides.default\">\n\t\t\t\t<div class=\"elementor-widget-container\">\n\t\t\t\t\t\t\t\t\t<div class=\"elementor-swiper\">\n\t\t\t\t\t<div class=\"elementor-slides-wrapper elementor-main-swiper swiper\" role=\"region\" aria-roledescription=\"carousel\" aria-label=\"Slajdy\" dir=\"ltr\" data-animation=\"fadeInUp\">\n\t\t\t\t<div class=\"swiper-wrapper elementor-slides\">\n\t\t\t\t\t\t\t\t\t\t<div class=\"elementor-repeater-item-4e0b9f7 swiper-slide\" role=\"group\" aria-roledescription=\"slide\"><div class=\"swiper-slide-bg elementor-ken-burns elementor-ken-burns--in\" role=\"img\" aria-label=\"Applications_Process-d65d017b.jpg\"><\/div><div class=\"elementor-background-overlay\"><\/div><div class=\"swiper-slide-inner\" ><div class=\"swiper-slide-contents\"><h1 class=\"elementor-slide-heading\">Technologia HydroBio<\/h1><\/div><\/div><\/div>\t\t\t\t<\/div>\n\t\t\t\t\t\t\t<\/div>\n\t\t\t\t<\/div>\n\t\t\t\t\t\t\t\t<\/div>\n\t\t\t\t<\/div>\n\t\t\t\t\t<\/div>\n\t\t<\/div>\n\t\t\t\t\t<\/div>\n\t\t<\/section>\n\t\t\t\t<section class=\"elementor-section elementor-top-section elementor-element elementor-element-11356b20 elementor-section-boxed elementor-section-height-default elementor-section-height-default\" data-id=\"11356b20\" data-element_type=\"section\" data-e-type=\"section\">\n\t\t\t\t\t\t<div class=\"elementor-container elementor-column-gap-default\">\n\t\t\t\t\t<div class=\"elementor-column elementor-col-66 elementor-top-column elementor-element elementor-element-2b27fc70 margin-content\" data-id=\"2b27fc70\" data-element_type=\"column\" data-e-type=\"column\">\n\t\t\t<div class=\"elementor-widget-wrap elementor-element-populated\">\n\t\t\t\t\t\t<div class=\"elementor-element elementor-element-48cabf94 elementor-widget elementor-widget-heading\" data-id=\"48cabf94\" data-element_type=\"widget\" data-e-type=\"widget\" data-widget_type=\"heading.default\">\n\t\t\t\t<div class=\"elementor-widget-container\">\n\t\t\t\t\t<h2 class=\"elementor-heading-title elementor-size-default\">Skuteczne programy oczyszczania poprzez okre\u015blenie biofilmu i osad\u00f3w kamienia online dzi\u0119ki technologii HydroBio\u00ae<\/h2>\t\t\t\t<\/div>\n\t\t\t\t<\/div>\n\t\t\t\t<div class=\"elementor-element elementor-element-7b5f7cde elementor-invisible elementor-widget elementor-widget-text-editor\" data-id=\"7b5f7cde\" data-element_type=\"widget\" data-e-type=\"widget\" data-settings=\"{&quot;_animation&quot;:&quot;fadeInUp&quot;}\" data-widget_type=\"text-editor.default\">\n\t\t\t\t<div class=\"elementor-widget-container\">\n\t\t\t\t\t\t\t\t\t<p>Biofouling to organiczny film sk\u0142adaj\u0105cy si\u0119 z \u017cywych (i martwych) mikroorganizm\u00f3w osadzonych w matrycy polimerowej zwanej EPS (= pozakom\u00f3rkowa substancja polimerowa). Biofouling jest cz\u0119sto obecny, gdy woda uzupe\u0142niaj\u0105ca jest wod\u0105 powierzchniow\u0105 lub \u015bciekow\u0105.<\/p><p>W przypadku niewystarczaj\u0105cego oczyszczania system\u00f3w wodnych mo\u017ce doj\u015b\u0107 do powstawania biofilm\u00f3w i kamienia kot\u0142owego. Biofilmy powoduj\u0105 korozj\u0119 mikrobiologiczn\u0105 (MIC) i s\u0105 schronieniem dla bakterii chorobotw\u00f3rczych, takich jak\u00a0<em>Legionella.<\/em>\u00a0Co wi\u0119cej, biofilmy i kamie\u0144 dzia\u0142aj\u0105 jak izolacja termiczna le\u017c\u0105ca na wewn\u0119trznych \u015bciankach rur i wyposa\u017cenia instalacji, co prowadzi do przenoszenia ciep\u0142a, a tym samym strat energii.<\/p><p>HydroBio<sup>\u00ae<\/sup>\u00a0staje si\u0119 coraz bardziej standardem przemys\u0142owym w zakresie kontroli i monitorowania z\u0142\u00f3\u017c. Kurita oferuje kompetentne narz\u0119dzia do monitorowania substancji czynnych i kluczowych wska\u017anik\u00f3w wydajno\u015bci (KPI) system\u00f3w, dzi\u0119ki czemu mo\u017cna mie\u0107 pewno\u015b\u0107, \u017ce osi\u0105gni\u0119to oczekiwany efekt oczyszczania.<\/p><ul><li><strong>HydroBio<sup>\u00ae<\/sup>\u00a0Zestaw testowy<\/strong>: Szybkie i \u0142atwe oznaczanie biofilmu.<\/li><li><strong>HydroBio<sup>\u00ae<\/sup>\u00a0Zaliczka<\/strong>: Solidny pomiar grubo\u015bci biofilmu online.<\/li><li><strong>HydroBio<sup>\u00ae<\/sup>\u00a0ASC<\/strong>: Nowy monitoring biofilmu i skalowania.<\/li><\/ul>\t\t\t\t\t\t\t\t<\/div>\n\t\t\t\t<\/div>\n\t\t\t\t\t<\/div>\n\t\t<\/div>\n\t\t\t\t<div class=\"elementor-column elementor-col-33 elementor-top-column elementor-element elementor-element-a7b2a79 margin-content\" data-id=\"a7b2a79\" data-element_type=\"column\" data-e-type=\"column\">\n\t\t\t<div class=\"elementor-widget-wrap elementor-element-populated\">\n\t\t\t\t\t\t<div class=\"elementor-element elementor-element-34825175 elementor-invisible elementor-widget elementor-widget-image\" data-id=\"34825175\" data-element_type=\"widget\" data-e-type=\"widget\" data-settings=\"{&quot;_animation&quot;:&quot;fadeIn&quot;}\" data-widget_type=\"image.default\">\n\t\t\t\t<div class=\"elementor-widget-container\">\n\t\t\t\t\t\t\t\t\t\t\t\t\t\t\t<img fetchpriority=\"high\" decoding=\"async\" width=\"350\" height=\"299\" src=\"\/wp-content\/uploads\/2025\/04\/Stamp-Kurita-PATENTED-SOLUTION-0e304df3.png\" class=\"attachment-large size-large wp-image-12806\" alt=\"\" srcset=\"\/wp-content\/uploads\/2025\/04\/Stamp-Kurita-PATENTED-SOLUTION-0e304df3.png 350w, \/wp-content\/uploads\/2025\/04\/Stamp-Kurita-PATENTED-SOLUTION-0e304df3-300x256.png 300w\" sizes=\"(max-width: 350px) 100vw, 350px\" data-no-translation=\"\" \/>\t\t\t\t\t\t\t\t\t\t\t\t\t\t\t<\/div>\n\t\t\t\t<\/div>\n\t\t\t\t\t<\/div>\n\t\t<\/div>\n\t\t\t\t\t<\/div>\n\t\t<\/section>\n\t\t\t\t<section class=\"elementor-section elementor-top-section elementor-element elementor-element-68817d18 elementor-section-boxed elementor-section-height-default elementor-section-height-default\" data-id=\"68817d18\" data-element_type=\"section\" data-e-type=\"section\" data-settings=\"{&quot;background_background&quot;:&quot;classic&quot;}\">\n\t\t\t\t\t\t<div class=\"elementor-container elementor-column-gap-default\">\n\t\t\t\t\t<div class=\"elementor-column elementor-col-100 elementor-top-column elementor-element elementor-element-6929e127 margin-content\" data-id=\"6929e127\" data-element_type=\"column\" data-e-type=\"column\">\n\t\t\t<div class=\"elementor-widget-wrap elementor-element-populated\">\n\t\t\t\t\t\t<div class=\"elementor-element elementor-element-6286123d elementor-widget elementor-widget-heading\" data-id=\"6286123d\" data-element_type=\"widget\" data-e-type=\"widget\" data-widget_type=\"heading.default\">\n\t\t\t\t<div class=\"elementor-widget-container\">\n\t\t\t\t\t<h4 class=\"elementor-heading-title elementor-size-default\">Zestaw testowy HydroBio\u00ae: Do \u0142atwego i szybkiego okre\u015blania ilo\u015bci biofilmu.<\/h4>\t\t\t\t<\/div>\n\t\t\t\t<\/div>\n\t\t\t\t<section class=\"elementor-section elementor-inner-section elementor-element elementor-element-20a245e8 elementor-section-boxed elementor-section-height-default elementor-section-height-default\" data-id=\"20a245e8\" data-element_type=\"section\" data-e-type=\"section\">\n\t\t\t\t\t\t<div class=\"elementor-container elementor-column-gap-default\">\n\t\t\t\t\t<div class=\"elementor-column elementor-col-50 elementor-inner-column elementor-element elementor-element-3ae211c1\" data-id=\"3ae211c1\" data-element_type=\"column\" data-e-type=\"column\">\n\t\t\t<div class=\"elementor-widget-wrap elementor-element-populated\">\n\t\t\t\t\t\t<div class=\"elementor-element elementor-element-2dfdc362 elementor-invisible elementor-widget elementor-widget-text-editor\" data-id=\"2dfdc362\" data-element_type=\"widget\" data-e-type=\"widget\" data-settings=\"{&quot;_animation&quot;:&quot;fadeIn&quot;}\" data-widget_type=\"text-editor.default\">\n\t\t\t\t<div class=\"elementor-widget-container\">\n\t\t\t\t\t\t\t\t\t<p>The\u00a0<strong>HydroBio<sup>\u00ae<\/sup>\u00a0zestaw testowy<\/strong>\u00a0umo\u017cliwia lepsz\u0105 kontrol\u0119 wzrostu mikrobiologicznego w systemach wodnych; np. w systemach wody ch\u0142odz\u0105cej, wodzie procesowej (przemys\u0142 spo\u017cywczy i napoj\u00f3w, przemys\u0142 papierniczy) oraz w procesach filtracji membranowej. Biofilm sk\u0142ada si\u0119 z mieszaniny \u015bluzu (polisacharyd\u00f3w) i \u017cywych lub martwych mikroorganizm\u00f3w. Bakterie takie jak Legionella cz\u0119sto osadzaj\u0105 si\u0119 w biofilmach. Z powodu biofilm\u00f3w wymiana ciep\u0142a mo\u017ce by\u0107 ograniczona i mo\u017ce wyst\u0105pi\u0107 korozja pod wp\u0142ywem drobnoustroj\u00f3w. Bakterie\u00a0<strong>HydroBio<sup>\u00ae<\/sup>\u00a0zestaw testowy<\/strong>\u00a0umo\u017cliwia okre\u015blenie biofilm\u00f3w w systemach wodnych. Umo\u017cliwia to dostosowanie leczenia biocydami i lepsz\u0105 kontrol\u0119 zagro\u017ce\u0144 mikrobiologicznych.<\/p>\t\t\t\t\t\t\t\t<\/div>\n\t\t\t\t<\/div>\n\t\t\t\t\t<\/div>\n\t\t<\/div>\n\t\t\t\t<div class=\"elementor-column elementor-col-50 elementor-inner-column elementor-element elementor-element-10b0361f\" data-id=\"10b0361f\" data-element_type=\"column\" data-e-type=\"column\">\n\t\t\t<div class=\"elementor-widget-wrap elementor-element-populated\">\n\t\t\t\t\t\t<div class=\"elementor-element elementor-element-46164ba0 elementor-widget elementor-widget-image\" data-id=\"46164ba0\" data-element_type=\"widget\" data-e-type=\"widget\" data-widget_type=\"image.default\">\n\t\t\t\t<div class=\"elementor-widget-container\">\n\t\t\t\t\t\t\t\t\t\t\t\t\t\t\t<img decoding=\"async\" width=\"270\" height=\"193\" src=\"\/wp-content\/uploads\/2025\/04\/Technologies_HydroBio-7b7e773d.jpg\" class=\"attachment-large size-large wp-image-14104\" alt=\"\" data-no-translation=\"\" \/>\t\t\t\t\t\t\t\t\t\t\t\t\t\t\t<\/div>\n\t\t\t\t<\/div>\n\t\t\t\t\t<\/div>\n\t\t<\/div>\n\t\t\t\t\t<\/div>\n\t\t<\/section>\n\t\t\t\t\t<\/div>\n\t\t<\/div>\n\t\t\t\t\t<\/div>\n\t\t<\/section>\n\t\t\t\t<section class=\"elementor-section elementor-top-section elementor-element elementor-element-79306b70 elementor-section-boxed elementor-section-height-default elementor-section-height-default\" data-id=\"79306b70\" data-element_type=\"section\" data-e-type=\"section\" data-settings=\"{&quot;background_background&quot;:&quot;classic&quot;}\">\n\t\t\t\t\t\t<div class=\"elementor-container elementor-column-gap-default\">\n\t\t\t\t\t<div class=\"elementor-column elementor-col-100 elementor-top-column elementor-element elementor-element-53802fb2 margin-content\" data-id=\"53802fb2\" data-element_type=\"column\" data-e-type=\"column\">\n\t\t\t<div class=\"elementor-widget-wrap elementor-element-populated\">\n\t\t\t\t\t\t<div class=\"elementor-element elementor-element-51584bde elementor-widget elementor-widget-heading\" data-id=\"51584bde\" data-element_type=\"widget\" data-e-type=\"widget\" data-widget_type=\"heading.default\">\n\t\t\t\t<div class=\"elementor-widget-container\">\n\t\t\t\t\t<h4 class=\"elementor-heading-title elementor-size-default\">HydroBio\u00ae Advance: Solidna metoda oznaczania i monitorowania biofilmu online we wszystkich systemach wodnych.<\/h4>\t\t\t\t<\/div>\n\t\t\t\t<\/div>\n\t\t\t\t<section class=\"elementor-section elementor-inner-section elementor-element elementor-element-445f6ba3 elementor-section-boxed elementor-section-height-default elementor-section-height-default\" data-id=\"445f6ba3\" data-element_type=\"section\" data-e-type=\"section\">\n\t\t\t\t\t\t<div class=\"elementor-container elementor-column-gap-default\">\n\t\t\t\t\t<div class=\"elementor-column elementor-col-50 elementor-inner-column elementor-element elementor-element-4c1c171d\" data-id=\"4c1c171d\" data-element_type=\"column\" data-e-type=\"column\">\n\t\t\t<div class=\"elementor-widget-wrap elementor-element-populated\">\n\t\t\t\t\t\t<div class=\"elementor-element elementor-element-1754865 elementor-invisible elementor-widget elementor-widget-text-editor\" data-id=\"1754865\" data-element_type=\"widget\" data-e-type=\"widget\" data-settings=\"{&quot;_animation&quot;:&quot;fadeIn&quot;}\" data-widget_type=\"text-editor.default\">\n\t\t\t\t<div class=\"elementor-widget-container\">\n\t\t\t\t\t\t\t\t\t<p>Aby uzyska\u0107 czysty system i jego p\u0142ynne dzia\u0142anie, kluczowym parametrem jest skuteczne monitorowanie biofilmu, a do tego niezb\u0119dny jest czu\u0142y system monitorowania biofilmu:\u00a0<strong>HydroBio<sup>\u00ae<\/sup>\u00a0Zaliczka<\/strong>.<\/p><p>Jednocze\u015bnie pomiar musi by\u0107 solidny, niezawodny i \u0142atwy do zainstalowania w dowolnym systemie.\u00a0<strong>HydroBio<sup>\u00ae<\/sup>\u00a0Zaliczka<\/strong>\u00a0Osi\u0105ga to po\u0142\u0105czenie, \u0142\u0105cz\u0105c czujnik w konstrukcji rurowej.<\/p><p>Najlepszy wyb\u00f3r do monitorowania biofilm\u00f3w w systemach przemys\u0142owych:<\/p><ul><li>Wyniki w sam\u0105 por\u0119\u00a0<\/li><li>Ci\u0105g\u0142y i niezawodny pomiar<\/li><li>\u0141atwa interpretacja wynik\u00f3w<\/li><li>Proaktywne podejmowanie decyzji<\/li><li>U\u017cywaj odpowiedniej ilo\u015bci produkt\u00f3w we w\u0142a\u015bciwym czasie<\/li><li>Wytrzyma\u0142y i \u0142atwy w obs\u0142udze<\/li><\/ul><p>Wi\u0119cej informacji:\u00a0<a href=\"https:\/\/www.kurita.eu\/pl\/rozwiazania\/hydrobio-advance\/\">HydroBio<sup>\u00ae<\/sup>\u00a0Zaliczka<\/a>.<\/p>\t\t\t\t\t\t\t\t<\/div>\n\t\t\t\t<\/div>\n\t\t\t\t\t<\/div>\n\t\t<\/div>\n\t\t\t\t<div class=\"elementor-column elementor-col-50 elementor-inner-column elementor-element elementor-element-1d90fe05\" data-id=\"1d90fe05\" data-element_type=\"column\" data-e-type=\"column\">\n\t\t\t<div class=\"elementor-widget-wrap elementor-element-populated\">\n\t\t\t\t\t\t<div class=\"elementor-element elementor-element-75d4121d elementor-widget elementor-widget-image\" data-id=\"75d4121d\" data-element_type=\"widget\" data-e-type=\"widget\" data-widget_type=\"image.default\">\n\t\t\t\t<div class=\"elementor-widget-container\">\n\t\t\t\t\t\t\t\t\t\t\t\t\t\t\t<img decoding=\"async\" width=\"270\" height=\"180\" src=\"\/wp-content\/uploads\/2025\/04\/HBA_Foto-4a9806de.jpg\" class=\"attachment-large size-large wp-image-14105\" alt=\"\" data-no-translation=\"\" \/>\t\t\t\t\t\t\t\t\t\t\t\t\t\t\t<\/div>\n\t\t\t\t<\/div>\n\t\t\t\t\t<\/div>\n\t\t<\/div>\n\t\t\t\t\t<\/div>\n\t\t<\/section>\n\t\t\t\t\t<\/div>\n\t\t<\/div>\n\t\t\t\t\t<\/div>\n\t\t<\/section>\n\t\t\t\t<section class=\"elementor-section elementor-top-section elementor-element elementor-element-494adbcb elementor-section-boxed elementor-section-height-default elementor-section-height-default\" data-id=\"494adbcb\" data-element_type=\"section\" data-e-type=\"section\" data-settings=\"{&quot;background_background&quot;:&quot;classic&quot;}\">\n\t\t\t\t\t\t<div class=\"elementor-container elementor-column-gap-default\">\n\t\t\t\t\t<div class=\"elementor-column elementor-col-100 elementor-top-column elementor-element elementor-element-599d97c4 margin-content\" data-id=\"599d97c4\" data-element_type=\"column\" data-e-type=\"column\">\n\t\t\t<div class=\"elementor-widget-wrap elementor-element-populated\">\n\t\t\t\t\t\t<div class=\"elementor-element elementor-element-16e45c elementor-widget elementor-widget-heading\" data-id=\"16e45c\" data-element_type=\"widget\" data-e-type=\"widget\" data-widget_type=\"heading.default\">\n\t\t\t\t<div class=\"elementor-widget-container\">\n\t\t\t\t\t<h4 class=\"elementor-heading-title elementor-size-default\">HydroBio\u00ae ASC: Nowa i innowacyjna metoda okre\u015blania biofilmu i kamienia w systemach wodnych online.<\/h4>\t\t\t\t<\/div>\n\t\t\t\t<\/div>\n\t\t\t\t<section class=\"elementor-section elementor-inner-section elementor-element elementor-element-658512a2 elementor-section-boxed elementor-section-height-default elementor-section-height-default\" data-id=\"658512a2\" data-element_type=\"section\" data-e-type=\"section\">\n\t\t\t\t\t\t<div class=\"elementor-container elementor-column-gap-default\">\n\t\t\t\t\t<div class=\"elementor-column elementor-col-50 elementor-inner-column elementor-element elementor-element-1e978d1c\" data-id=\"1e978d1c\" data-element_type=\"column\" data-e-type=\"column\">\n\t\t\t<div class=\"elementor-widget-wrap elementor-element-populated\">\n\t\t\t\t\t\t<div class=\"elementor-element elementor-element-78a773af elementor-invisible elementor-widget elementor-widget-text-editor\" data-id=\"78a773af\" data-element_type=\"widget\" data-e-type=\"widget\" data-settings=\"{&quot;_animation&quot;:&quot;fadeIn&quot;}\" data-widget_type=\"text-editor.default\">\n\t\t\t\t<div class=\"elementor-widget-container\">\n\t\t\t\t\t\t\t\t\t<div class=\"ce_text block\"><p><strong>HydroBio<sup>\u00ae<\/sup>\u00a0ASC<\/strong>\u00a0to nowy system monitorowania bofilmu i osadzania si\u0119 kamienia w wodzie ch\u0142odz\u0105cej, kt\u00f3ry dzia\u0142a na tej samej zasadzie co\u00a0<strong>HydroBio<sup>\u00ae<\/sup>\u00a0Zaliczka<\/strong>. Opr\u00f3cz pomiaru biofilmu, symuluje powierzchni\u0119 wymiennika ciep\u0142a, monitoruj\u0105c w ten spos\u00f3b jeden z g\u0142\u00f3wnych problem\u00f3w powodowanych przez osadzanie si\u0119 kamienia: blokowanie wymiany ciep\u0142a.<br \/><strong>HydroBio<sup>\u00ae<\/sup>\u00a0ASC<\/strong>\u00a0to idealny system do pe\u0142nej kontroli i monitorowania systemu.<\/p><p>Oferujemy dopasowane rozwi\u0105zania dla system\u00f3w wodnych. Korzy\u015bci\u00a0<strong>HydroBio<sup>\u00ae<\/sup>\u00a0ASC<\/strong>\u00a0obejmuj\u0105:<\/p><ul><li>Kontrola leczenia w odpowiednim czasie<\/li><li>Monitorowanie zanieczyszczenia i osadzania si\u0119 kamienia online<\/li><li>Optymalizacja obr\u00f3bki chemicznej<\/li><li>Oszcz\u0119dno\u015b\u0107 koszt\u00f3w dzi\u0119ki unikni\u0119ciu przedawkowania<\/li><li>P\u0142ynne dzia\u0142anie zak\u0142adu<\/li><\/ul><\/div><div class=\"ce_text last block\"><p>Wi\u0119cej informacji na temat sprz\u0119tu:\u00a0<a href=\"https:\/\/www.kurita.eu\/pl\/aplikacje\/sprzet-i-inzynieria\/\">Sprz\u0119t i in\u017cynieria<\/a>.<\/p><\/div>\t\t\t\t\t\t\t\t<\/div>\n\t\t\t\t<\/div>\n\t\t\t\t\t<\/div>\n\t\t<\/div>\n\t\t\t\t<div class=\"elementor-column elementor-col-50 elementor-inner-column elementor-element elementor-element-61c033aa\" data-id=\"61c033aa\" data-element_type=\"column\" data-e-type=\"column\">\n\t\t\t<div class=\"elementor-widget-wrap elementor-element-populated\">\n\t\t\t\t\t\t<div class=\"elementor-element elementor-element-5a586a0 elementor-widget elementor-widget-image\" data-id=\"5a586a0\" data-element_type=\"widget\" data-e-type=\"widget\" data-widget_type=\"image.default\">\n\t\t\t\t<div class=\"elementor-widget-container\">\n\t\t\t\t\t\t\t\t\t\t\t\t\t\t\t<img loading=\"lazy\" decoding=\"async\" width=\"270\" height=\"180\" src=\"\/wp-content\/uploads\/2025\/04\/HydroBio-ASC-6d9fce46.jpg\" class=\"attachment-large size-large wp-image-14106\" alt=\"\" data-no-translation=\"\" \/>\t\t\t\t\t\t\t\t\t\t\t\t\t\t\t<\/div>\n\t\t\t\t<\/div>\n\t\t\t\t\t<\/div>\n\t\t<\/div>\n\t\t\t\t\t<\/div>\n\t\t<\/section>\n\t\t\t\t\t<\/div>\n\t\t<\/div>\n\t\t\t\t\t<\/div>\n\t\t<\/section>\n\t\t\t\t<section class=\"elementor-section elementor-top-section elementor-element elementor-element-7b4e4d38 elementor-section-boxed elementor-section-height-default elementor-section-height-default\" data-id=\"7b4e4d38\" data-element_type=\"section\" data-e-type=\"section\" data-settings=\"{&quot;background_background&quot;:&quot;classic&quot;}\">\n\t\t\t\t\t\t<div class=\"elementor-container elementor-column-gap-default\">\n\t\t\t\t\t<div class=\"elementor-column elementor-col-100 elementor-top-column elementor-element elementor-element-4e1430bf margin-content\" data-id=\"4e1430bf\" data-element_type=\"column\" data-e-type=\"column\">\n\t\t\t<div class=\"elementor-widget-wrap elementor-element-populated\">\n\t\t\t\t\t\t<div class=\"elementor-element elementor-element-1968675f elementor-widget elementor-widget-heading\" data-id=\"1968675f\" data-element_type=\"widget\" data-e-type=\"widget\" data-widget_type=\"heading.default\">\n\t\t\t\t<div class=\"elementor-widget-container\">\n\t\t\t\t\t<h2 class=\"elementor-heading-title elementor-size-default\">Jeste\u015bmy do Twojej dyspozycji<\/h2>\t\t\t\t<\/div>\n\t\t\t\t<\/div>\n\t\t\t\t<div class=\"elementor-element elementor-element-46eeb8b3 elementor-widget elementor-widget-html\" data-id=\"46eeb8b3\" data-element_type=\"widget\" data-e-type=\"widget\" data-widget_type=\"html.default\">\n\t\t\t\t<div class=\"elementor-widget-container\">\n\t\t\t\t\t<div\r\n        data-form-id='f4d0a8e4-73ce-ef11-b8e8-000d3ab41b62'\r\n        data-form-api-url='https:\/\/public-eur.mkt.dynamics.com\/api\/v1.0\/orgs\/30cac5a2-33f9-ed11-a66d-000d3a64d748\/landingpageforms'\r\n        data-cached-form-url='https:\/\/assets-eur.mkt.dynamics.com\/30cac5a2-33f9-ed11-a66d-000d3a64d748\/digitalassets\/forms\/f4d0a8e4-73ce-ef11-b8e8-000d3ab41b62' ><\/div>\r\n        <script src = 'https:\/\/cxppusa1formui01cdnsa01-endpoint.azureedge.net\/eur\/FormLoader\/FormLoader.bundle.js' ><\/script>\r\n        <script>document.documentElement.lang = navigator.language;<\/script>\t\t\t\t<\/div>\n\t\t\t\t<\/div>\n\t\t\t\t\t<\/div>\n\t\t<\/div>\n\t\t\t\t\t<\/div>\n\t\t<\/section>\n\t\t\t\t<\/div>","protected":false},"excerpt":{"rendered":"<p>Inteligentne monitorowanie biofilmu w przemys\u0142owych systemach wodnych, umo\u017cliwiaj\u0105ce wczesne wykrywanie i zoptymalizowane oczyszczanie.<\/p>","protected":false},"author":2,"featured_media":0,"parent":13875,"menu_order":0,"comment_status":"closed","ping_status":"closed","template":"","meta":{"footnotes":""},"class_list":["post-14103","page","type-page","status-publish","hentry"],"_links":{"self":[{"href":"https:\/\/www.kurita.eu\/pl\/wp-json\/wp\/v2\/pages\/14103","targetHints":{"allow":["GET"]}}],"collection":[{"href":"https:\/\/www.kurita.eu\/pl\/wp-json\/wp\/v2\/pages"}],"about":[{"href":"https:\/\/www.kurita.eu\/pl\/wp-json\/wp\/v2\/types\/page"}],"author":[{"embeddable":true,"href":"https:\/\/www.kurita.eu\/pl\/wp-json\/wp\/v2\/users\/2"}],"replies":[{"embeddable":true,"href":"https:\/\/www.kurita.eu\/pl\/wp-json\/wp\/v2\/comments?post=14103"}],"version-history":[{"count":7,"href":"https:\/\/www.kurita.eu\/pl\/wp-json\/wp\/v2\/pages\/14103\/revisions"}],"predecessor-version":[{"id":21135,"href":"https:\/\/www.kurita.eu\/pl\/wp-json\/wp\/v2\/pages\/14103\/revisions\/21135"}],"up":[{"embeddable":true,"href":"https:\/\/www.kurita.eu\/pl\/wp-json\/wp\/v2\/pages\/13875"}],"wp:attachment":[{"href":"https:\/\/www.kurita.eu\/pl\/wp-json\/wp\/v2\/media?parent=14103"}],"curies":[{"name":"wp","href":"https:\/\/api.w.org\/{rel}","templated":true}]}}