{"id":14143,"date":"2025-04-25T07:15:29","date_gmt":"2025-04-25T07:15:29","guid":{"rendered":"https:\/\/kurita-eu-gudza2cjbzfhcwbx.francecentral-01.azurewebsites.net\/?page_id=14143"},"modified":"2026-03-10T14:17:47","modified_gmt":"2026-03-10T14:17:47","slug":"kuriauto","status":"publish","type":"page","link":"https:\/\/www.kurita.eu\/pl\/solutions\/kuriauto\/","title":{"rendered":"Kuriauto\u00ae"},"content":{"rendered":"<div data-elementor-type=\"wp-page\" data-elementor-id=\"14143\" class=\"elementor elementor-14143\" data-elementor-post-type=\"page\">\n\t\t\t\t\t\t<section class=\"elementor-section elementor-top-section elementor-element elementor-element-40ec5212 elementor-section-full_width elementor-section-height-default elementor-section-height-default\" data-id=\"40ec5212\" data-element_type=\"section\" data-e-type=\"section\">\n\t\t\t\t\t\t<div class=\"elementor-container elementor-column-gap-default\">\n\t\t\t\t\t<div class=\"elementor-column elementor-col-100 elementor-top-column elementor-element elementor-element-3dc4a8a0\" data-id=\"3dc4a8a0\" data-element_type=\"column\" data-e-type=\"column\">\n\t\t\t<div class=\"elementor-widget-wrap elementor-element-populated\">\n\t\t\t\t\t\t<div class=\"elementor-element elementor-element-82f2869 elementor--h-position-center elementor--v-position-middle elementor-arrows-position-inside elementor-pagination-position-inside elementor-widget elementor-widget-slides\" data-id=\"82f2869\" data-element_type=\"widget\" data-e-type=\"widget\" data-settings=\"{&quot;navigation&quot;:&quot;both&quot;,&quot;autoplay&quot;:&quot;yes&quot;,&quot;pause_on_hover&quot;:&quot;yes&quot;,&quot;pause_on_interaction&quot;:&quot;yes&quot;,&quot;autoplay_speed&quot;:5000,&quot;infinite&quot;:&quot;yes&quot;,&quot;transition&quot;:&quot;slide&quot;,&quot;transition_speed&quot;:500}\" data-widget_type=\"slides.default\">\n\t\t\t\t<div class=\"elementor-widget-container\">\n\t\t\t\t\t\t\t\t\t<div class=\"elementor-swiper\">\n\t\t\t\t\t<div class=\"elementor-slides-wrapper elementor-main-swiper swiper\" role=\"region\" aria-roledescription=\"carousel\" aria-label=\"Slajdy\" dir=\"ltr\" data-animation=\"fadeInUp\">\n\t\t\t\t<div class=\"swiper-wrapper elementor-slides\">\n\t\t\t\t\t\t\t\t\t\t<div class=\"elementor-repeater-item-4e0b9f7 swiper-slide\" role=\"group\" aria-roledescription=\"slide\"><div class=\"swiper-slide-bg elementor-ken-burns elementor-ken-burns--in\" role=\"img\" aria-label=\"Applications_WaterTreatment-401e7d4b-1.jpg\"><\/div><div class=\"elementor-background-overlay\"><\/div><div class=\"swiper-slide-inner\" ><div class=\"swiper-slide-contents\"><h1 class=\"elementor-slide-heading\">Kuriauto\u00ae<\/h1><\/div><\/div><\/div>\t\t\t\t<\/div>\n\t\t\t\t\t\t\t<\/div>\n\t\t\t\t<\/div>\n\t\t\t\t\t\t\t\t<\/div>\n\t\t\t\t<\/div>\n\t\t\t\t\t<\/div>\n\t\t<\/div>\n\t\t\t\t\t<\/div>\n\t\t<\/section>\n\t\t\t\t<section class=\"elementor-section elementor-top-section elementor-element elementor-element-5db5a5bb elementor-section-boxed elementor-section-height-default elementor-section-height-default\" data-id=\"5db5a5bb\" data-element_type=\"section\" data-e-type=\"section\">\n\t\t\t\t\t\t<div class=\"elementor-container elementor-column-gap-default\">\n\t\t\t\t\t<div class=\"elementor-column elementor-col-66 elementor-top-column elementor-element elementor-element-3ba311d5 margin-content\" data-id=\"3ba311d5\" data-element_type=\"column\" data-e-type=\"column\">\n\t\t\t<div class=\"elementor-widget-wrap elementor-element-populated\">\n\t\t\t\t\t\t<div class=\"elementor-element elementor-element-62887b83 elementor-widget elementor-widget-heading\" data-id=\"62887b83\" data-element_type=\"widget\" data-e-type=\"widget\" data-widget_type=\"heading.default\">\n\t\t\t\t<div class=\"elementor-widget-container\">\n\t\t\t\t\t<h2 class=\"elementor-heading-title elementor-size-default\">Zaawansowane programy oczyszczania z Kuriauto\u00ae Online Monitoring.<\/h2>\t\t\t\t<\/div>\n\t\t\t\t<\/div>\n\t\t\t\t<div class=\"elementor-element elementor-element-47cc06e3 elementor-invisible elementor-widget elementor-widget-text-editor\" data-id=\"47cc06e3\" data-element_type=\"widget\" data-e-type=\"widget\" data-settings=\"{&quot;_animation&quot;:&quot;fadeInUp&quot;}\" data-widget_type=\"text-editor.default\">\n\t\t\t\t<div class=\"elementor-widget-container\">\n\t\t\t\t\t\t\t\t\t<p>W\u0142a\u015bciwe rozwi\u0105zania monitoruj\u0105ce dla w\u0142a\u015bciwego leczenia:<\/p><ul><li>Analiza sk\u0142adnik\u00f3w aktywnych zapewnia, \u017ce zawsze mierzysz aktywny produkt.<\/li><li>Pomiary fotometryczne, np.\u00a0<a href=\"https:\/\/www.kurita.eu\/pl\/rozwiazania\/turbodispin-basidin\/\">Turbodispin<sup>\u00ae<\/sup><\/a>Pomiary oparte na polimerach, ale tak\u017ce dla\u00a0<a href=\"https:\/\/www.kurita.eu\/pl\/rozwiazania\/cetamina\/\">Cetamina<sup>\u00ae<\/sup><\/a>\u00a0zawarto\u015b\u0107.<\/li><li>\u0141atwe w u\u017cyciu regulowane interwa\u0142y analizy dla optymalnej cz\u0119stotliwo\u015bci analizy i zu\u017cycia odczynnika zgodnie ze wska\u017anikiem czasu utrzymywania.<\/li><li>Automatyzacja odpieniaczy dla optymalnej pracy instalacji poprzez kontrol\u0119 piany.<\/li><li>R\u00f3\u017cne dost\u0119pne zakresy pozwalaj\u0105 wybra\u0107 odpowiedni\u0105 jednostk\u0119 do danego zastosowania (np. do kontroli kamienia i biofilmu w\u00a0<a href=\"https:\/\/www.kurita.eu\/pl\/aplikacje\/uzdatnianie-wody\/chlodzaca-woda-procesowa\/\">Woda ch\u0142odz\u0105ca<\/a>,\u00a0<a href=\"https:\/\/www.kurita.eu\/pl\/aplikacje\/uzdatnianie-wody\/obrobka-membranowa\/\">Odwr\u00f3cona osmoza\u00a0<\/a>lub\u00a0<a href=\"https:\/\/www.kurita.eu\/pl\/aplikacje\/uzdatnianie-wody\/uzdatnianie-wody-kotlowej\/\">Bojler wodny<\/a>)<\/li><\/ul><p>Dodatkowo dost\u0119pne s\u0105 dodatkowe urz\u0105dzenia pomiarowe dla kluczowych parametr\u00f3w wody, takich jak zasadowo\u015b\u0107 czy twardo\u015b\u0107.<\/p><p>Wi\u0119cej informacji na temat naszych rozwi\u0105za\u0144 sprz\u0119towych:<\/p><ul><li><a href=\"https:\/\/www.kurita.eu\/pl\/aplikacje\/sprzet-i-inzynieria\/\">Sprz\u0119t i in\u017cynieria<\/a><\/li><li><a href=\"https:\/\/www.kurita.eu\/pl\/rozwiazania\/hydrobio-advance\/\">HydroBio<sup>\u00ae<\/sup>:\u00a0<\/a>Skuteczne i zoptymalizowane programy oczyszczania poprzez okre\u015blenie biofilmu i osad\u00f3w kamienia online za pomoc\u0105 HydroBio<sup>\u00ae<\/sup>\u00a0technologia.<\/li><li><a href=\"https:\/\/www.kurita.eu\/pl\/rozwiazania\/hydrobio-advance\/\">HydroBio<sup>\u00ae<\/sup>\u00a0Zaliczka:<\/a>\u00a0Metoda online do okre\u015blania i monitorowania biofilmu we wszystkich systemach wodnych.<\/li><li><a href=\"https:\/\/www.kurita.eu\/pl\/rozwiazania\/sensing-mx\/\">S.sensing<sup>TM<\/sup> System Matrix:<\/a>\u00a0Dowiedz si\u0119, jak skutecznie kontrolowa\u0107 dozowanie produktu i monitorowa\u0107 kluczowe wska\u017aniki wydajno\u015bci w zastosowaniach zwi\u0105zanych z wod\u0105 ch\u0142odz\u0105c\u0105.<\/li><li><a href=\"https:\/\/www.kurita.eu\/pl\/rozwiazania\/wykrywanie\/\">S.sensing<sup>TM<\/sup> CS <\/a>: Monitorowanie \u015bciek\u00f3w w czasie rzeczywistym i kontrola dozowania.<\/li><\/ul>\t\t\t\t\t\t\t\t<\/div>\n\t\t\t\t<\/div>\n\t\t\t\t\t<\/div>\n\t\t<\/div>\n\t\t\t\t<div class=\"elementor-column elementor-col-33 elementor-top-column elementor-element elementor-element-6b189ff5 margin-content\" data-id=\"6b189ff5\" data-element_type=\"column\" data-e-type=\"column\">\n\t\t\t<div class=\"elementor-widget-wrap elementor-element-populated\">\n\t\t\t\t\t\t<div class=\"elementor-element elementor-element-49449901 elementor-invisible elementor-widget elementor-widget-image\" data-id=\"49449901\" data-element_type=\"widget\" data-e-type=\"widget\" data-settings=\"{&quot;_animation&quot;:&quot;fadeIn&quot;}\" data-widget_type=\"image.default\">\n\t\t\t\t<div class=\"elementor-widget-container\">\n\t\t\t\t\t\t\t\t\t\t\t\t\t\t\t<img fetchpriority=\"high\" decoding=\"async\" width=\"768\" height=\"1153\" src=\"\/wp-content\/uploads\/2025\/04\/KuriAuto_without-nipple_closed5-Large-768x1153.jpg\" class=\"attachment-medium_large size-medium_large wp-image-14145\" alt=\"\" srcset=\"\/wp-content\/uploads\/2025\/04\/KuriAuto_without-nipple_closed5-Large-768x1153.jpg 768w, \/wp-content\/uploads\/2025\/04\/KuriAuto_without-nipple_closed5-Large-200x300.jpg 200w, \/wp-content\/uploads\/2025\/04\/KuriAuto_without-nipple_closed5-Large-682x1024.jpg 682w, \/wp-content\/uploads\/2025\/04\/KuriAuto_without-nipple_closed5-Large.jpg 799w\" sizes=\"(max-width: 768px) 100vw, 768px\" data-no-translation=\"\" \/>\t\t\t\t\t\t\t\t\t\t\t\t\t\t\t<\/div>\n\t\t\t\t<\/div>\n\t\t\t\t\t<\/div>\n\t\t<\/div>\n\t\t\t\t\t<\/div>\n\t\t<\/section>\n\t\t\t\t<section class=\"elementor-section elementor-top-section elementor-element elementor-element-15aff78b elementor-section-boxed elementor-section-height-default elementor-section-height-default\" data-id=\"15aff78b\" data-element_type=\"section\" data-e-type=\"section\" data-settings=\"{&quot;background_background&quot;:&quot;classic&quot;}\">\n\t\t\t\t\t\t<div class=\"elementor-container elementor-column-gap-default\">\n\t\t\t\t\t<div class=\"elementor-column elementor-col-100 elementor-top-column elementor-element elementor-element-42d866b2 margin-content\" data-id=\"42d866b2\" data-element_type=\"column\" data-e-type=\"column\">\n\t\t\t<div class=\"elementor-widget-wrap elementor-element-populated\">\n\t\t\t\t\t\t<div class=\"elementor-element elementor-element-4199b0fa elementor-widget elementor-widget-heading\" data-id=\"4199b0fa\" data-element_type=\"widget\" data-e-type=\"widget\" data-widget_type=\"heading.default\">\n\t\t\t\t<div class=\"elementor-widget-container\">\n\t\t\t\t\t<h2 class=\"elementor-heading-title elementor-size-default\">Jeste\u015bmy do Twojej dyspozycji<\/h2>\t\t\t\t<\/div>\n\t\t\t\t<\/div>\n\t\t\t\t<div class=\"elementor-element elementor-element-50898590 elementor-widget elementor-widget-html\" data-id=\"50898590\" data-element_type=\"widget\" data-e-type=\"widget\" data-widget_type=\"html.default\">\n\t\t\t\t<div class=\"elementor-widget-container\">\n\t\t\t\t\t<div\r\n        data-form-id='f4d0a8e4-73ce-ef11-b8e8-000d3ab41b62'\r\n        data-form-api-url='https:\/\/public-eur.mkt.dynamics.com\/api\/v1.0\/orgs\/30cac5a2-33f9-ed11-a66d-000d3a64d748\/landingpageforms'\r\n        data-cached-form-url='https:\/\/assets-eur.mkt.dynamics.com\/30cac5a2-33f9-ed11-a66d-000d3a64d748\/digitalassets\/forms\/f4d0a8e4-73ce-ef11-b8e8-000d3ab41b62' ><\/div>\r\n        <script src = 'https:\/\/cxppusa1formui01cdnsa01-endpoint.azureedge.net\/eur\/FormLoader\/FormLoader.bundle.js' ><\/script>\r\n        <script>document.documentElement.lang = navigator.language;<\/script>\t\t\t\t<\/div>\n\t\t\t\t<\/div>\n\t\t\t\t\t<\/div>\n\t\t<\/div>\n\t\t\t\t\t<\/div>\n\t\t<\/section>\n\t\t\t\t<\/div>","protected":false},"excerpt":{"rendered":"<p>Zautomatyzowany system kontroli uzdatniania wody do precyzyjnego dozowania, monitorowania i poprawy wydajno\u015bci instalacji.<\/p>","protected":false},"author":2,"featured_media":0,"parent":13875,"menu_order":0,"comment_status":"closed","ping_status":"closed","template":"","meta":{"footnotes":""},"class_list":["post-14143","page","type-page","status-publish","hentry"],"_links":{"self":[{"href":"https:\/\/www.kurita.eu\/pl\/wp-json\/wp\/v2\/pages\/14143","targetHints":{"allow":["GET"]}}],"collection":[{"href":"https:\/\/www.kurita.eu\/pl\/wp-json\/wp\/v2\/pages"}],"about":[{"href":"https:\/\/www.kurita.eu\/pl\/wp-json\/wp\/v2\/types\/page"}],"author":[{"embeddable":true,"href":"https:\/\/www.kurita.eu\/pl\/wp-json\/wp\/v2\/users\/2"}],"replies":[{"embeddable":true,"href":"https:\/\/www.kurita.eu\/pl\/wp-json\/wp\/v2\/comments?post=14143"}],"version-history":[{"count":17,"href":"https:\/\/www.kurita.eu\/pl\/wp-json\/wp\/v2\/pages\/14143\/revisions"}],"predecessor-version":[{"id":21136,"href":"https:\/\/www.kurita.eu\/pl\/wp-json\/wp\/v2\/pages\/14143\/revisions\/21136"}],"up":[{"embeddable":true,"href":"https:\/\/www.kurita.eu\/pl\/wp-json\/wp\/v2\/pages\/13875"}],"wp:attachment":[{"href":"https:\/\/www.kurita.eu\/pl\/wp-json\/wp\/v2\/media?parent=14143"}],"curies":[{"name":"wp","href":"https:\/\/api.w.org\/{rel}","templated":true}]}}