{"id":14259,"date":"2025-04-25T08:01:07","date_gmt":"2025-04-25T08:01:07","guid":{"rendered":"https:\/\/kurita-eu-gudza2cjbzfhcwbx.francecentral-01.azurewebsites.net\/?page_id=14259"},"modified":"2026-01-20T16:28:43","modified_gmt":"2026-01-20T16:28:43","slug":"kuriverter-rc","status":"publish","type":"page","link":"https:\/\/www.kurita.eu\/pl\/solutions\/kuriverter-rc\/","title":{"rendered":"Kuriverter\u00ae RC"},"content":{"rendered":"<div data-elementor-type=\"wp-page\" data-elementor-id=\"14259\" class=\"elementor elementor-14259\" data-elementor-post-type=\"page\">\n\t\t\t\t\t\t<section class=\"elementor-section elementor-top-section elementor-element elementor-element-4f2780b7 elementor-section-full_width elementor-section-height-default elementor-section-height-default\" data-id=\"4f2780b7\" data-element_type=\"section\" data-e-type=\"section\">\n\t\t\t\t\t\t<div class=\"elementor-container elementor-column-gap-default\">\n\t\t\t\t\t<div class=\"elementor-column elementor-col-100 elementor-top-column elementor-element elementor-element-7e809e46\" data-id=\"7e809e46\" data-element_type=\"column\" data-e-type=\"column\">\n\t\t\t<div class=\"elementor-widget-wrap elementor-element-populated\">\n\t\t\t\t\t\t<div class=\"elementor-element elementor-element-4a1bccb2 elementor--h-position-center elementor--v-position-middle elementor-arrows-position-inside elementor-pagination-position-inside elementor-widget elementor-widget-slides\" data-id=\"4a1bccb2\" data-element_type=\"widget\" data-e-type=\"widget\" data-settings=\"{&quot;navigation&quot;:&quot;both&quot;,&quot;autoplay&quot;:&quot;yes&quot;,&quot;pause_on_hover&quot;:&quot;yes&quot;,&quot;pause_on_interaction&quot;:&quot;yes&quot;,&quot;autoplay_speed&quot;:5000,&quot;infinite&quot;:&quot;yes&quot;,&quot;transition&quot;:&quot;slide&quot;,&quot;transition_speed&quot;:500}\" data-widget_type=\"slides.default\">\n\t\t\t\t<div class=\"elementor-widget-container\">\n\t\t\t\t\t\t\t\t\t<div class=\"elementor-swiper\">\n\t\t\t\t\t<div class=\"elementor-slides-wrapper elementor-main-swiper swiper\" role=\"region\" aria-roledescription=\"carousel\" aria-label=\"Slajdy\" dir=\"ltr\" data-animation=\"fadeInUp\">\n\t\t\t\t<div class=\"swiper-wrapper elementor-slides\">\n\t\t\t\t\t\t\t\t\t\t<div class=\"elementor-repeater-item-4e0b9f7 swiper-slide\" role=\"group\" aria-roledescription=\"slide\"><div class=\"swiper-slide-bg elementor-ken-burns elementor-ken-burns--in\" role=\"img\" aria-label=\"Kuriverter-14299ba0-1.png\"><\/div><div class=\"elementor-background-overlay\"><\/div><div class=\"swiper-slide-inner\" ><div class=\"swiper-slide-contents\"><h1 class=\"elementor-slide-heading\">Kuriverter\u00ae RC<\/h1><\/div><\/div><\/div>\t\t\t\t<\/div>\n\t\t\t\t\t\t\t<\/div>\n\t\t\t\t<\/div>\n\t\t\t\t\t\t\t\t<\/div>\n\t\t\t\t<\/div>\n\t\t\t\t\t<\/div>\n\t\t<\/div>\n\t\t\t\t\t<\/div>\n\t\t<\/section>\n\t\t\t\t<section class=\"elementor-section elementor-top-section elementor-element elementor-element-196327a4 elementor-section-boxed elementor-section-height-default elementor-section-height-default\" data-id=\"196327a4\" data-element_type=\"section\" data-e-type=\"section\">\n\t\t\t\t\t\t<div class=\"elementor-container elementor-column-gap-default\">\n\t\t\t\t\t<div class=\"elementor-column elementor-col-66 elementor-top-column elementor-element elementor-element-3fedc7e6 margin-content\" data-id=\"3fedc7e6\" data-element_type=\"column\" data-e-type=\"column\">\n\t\t\t<div class=\"elementor-widget-wrap elementor-element-populated\">\n\t\t\t\t\t\t<div class=\"elementor-element elementor-element-48e55468 elementor-widget elementor-widget-heading\" data-id=\"48e55468\" data-element_type=\"widget\" data-e-type=\"widget\" data-widget_type=\"heading.default\">\n\t\t\t\t<div class=\"elementor-widget-container\">\n\t\t\t\t\t<h2 class=\"elementor-heading-title elementor-size-default\">Stosowanie Kuriverter\u00ae RC pozwala unikn\u0105\u0107 wymiany membrany RO.\n<\/h2>\t\t\t\t<\/div>\n\t\t\t\t<\/div>\n\t\t\t\t<div class=\"elementor-element elementor-element-179a455b elementor-invisible elementor-widget elementor-widget-text-editor\" data-id=\"179a455b\" data-element_type=\"widget\" data-e-type=\"widget\" data-settings=\"{&quot;_animation&quot;:&quot;fadeInUp&quot;}\" data-widget_type=\"text-editor.default\">\n\t\t\t\t<div class=\"elementor-widget-container\">\n\t\t\t\t\t\t\t\t\t<p>Aplikacje wykorzystuj\u0105ce technologie membranowe odwr\u00f3conej osmozy s\u0105 wsz\u0119dzie w naszym \u017cyciu: od niewielkich urz\u0105dze\u0144 podblatowych oczyszczaj\u0105cych nasz\u0105 wod\u0119 pitn\u0105, poprzez jednostki przemys\u0142owe przygotowuj\u0105ce wod\u0119 do proces\u00f3w lub oczyszczaj\u0105ce \u015bcieki do ponownego u\u017cycia, a\u017c po ogromne zak\u0142ady odsalania wody morskiej produkuj\u0105ce tysi\u0105ce m\u00b3 wody pitnej i irygacyjnej ka\u017cdego dnia. Odwr\u00f3cona osmoza stosowana w tej technologii napotyka wiele potencjalnych problem\u00f3w, a mianowicie kamie\u0144 i osady, biofouling, napr\u0119\u017cenia fizyczne i uszkodzenia chemiczne. Dla wielu z tych problem\u00f3w opracowali\u015bmy rozwi\u0105zania zapobiegawcze w postaci obr\u00f3bki wst\u0119pnej, antyskalant\u00f3w, dyspergator\u00f3w, biocyd\u00f3w i lepszych procedur operacyjnych.<\/p><p>Gama produkt\u00f3w odwr\u00f3conej osmozy Kurita i jej produkty s\u0105 kompatybilne z membranami i akredytowane listami kompatybilno\u015bci od najbardziej znanych na \u015bwiecie firm produkuj\u0105cych membrany.<\/p><p>Pomimo stosowania odpowiednich produkt\u00f3w, codzienna praca nie jest wolna od incydent\u00f3w. Przedawkowanie niekt\u00f3rych chemikali\u00f3w, przerwa w stosowaniu \u015brodk\u00f3w neutralizuj\u0105cych, zepsute pompy, b\u0142\u0119dne obliczenia si\u0142y roboczej itp... mog\u0105 doprowadzi\u0107 systemy odwr\u00f3conej osmozy do uszkodze\u0144 chemicznych lub utleniania, co skutkuje wzrostem przenikania soli, utrat\u0105 wydajno\u015bci i problemami produkcyjnymi. Najszybszym i najcz\u0119stszym rozwi\u0105zaniem w takich przypadkach jest wymiana membrany w celu unikni\u0119cia d\u0142ugotrwa\u0142ych strat produkcyjnych, ale oczywi\u015bcie oznacza to wysokie koszty ekonomiczne, szczeg\u00f3lnie w du\u017cych instalacjach odwr\u00f3conej osmozy.<\/p><p>Ale teraz istnieje alternatywa dla klient\u00f3w Kurita, kt\u00f3ra pomaga zachowa\u0107 membran\u0119 bez utraty wydajno\u015bci: Technologia Kuriverter\u00ae RC firmy Kurita. Technologia ta pozwala nam odm\u0142odzi\u0107 membran\u0119, przywr\u00f3ci\u0107 odrzucanie soli i odroczy\u0107 wymian\u0119 membrany do czasu, gdy b\u0119dzie to wygodne i przewidziane w bud\u017cecie. Dzieje si\u0119 to za u\u0142amek koszt\u00f3w wymiany przy u\u017cyciu \u0142atwego do zastosowania procesu CIP.<\/p>\t\t\t\t\t\t\t\t<\/div>\n\t\t\t\t<\/div>\n\t\t\t\t\t<\/div>\n\t\t<\/div>\n\t\t\t\t<div class=\"elementor-column elementor-col-33 elementor-top-column elementor-element elementor-element-3431d06d margin-content\" data-id=\"3431d06d\" data-element_type=\"column\" data-e-type=\"column\">\n\t\t\t<div class=\"elementor-widget-wrap elementor-element-populated\">\n\t\t\t\t\t\t<div class=\"elementor-element elementor-element-3517d80f elementor-invisible elementor-widget elementor-widget-image\" data-id=\"3517d80f\" data-element_type=\"widget\" data-e-type=\"widget\" data-settings=\"{&quot;_animation&quot;:&quot;fadeIn&quot;}\" data-widget_type=\"image.default\">\n\t\t\t\t<div class=\"elementor-widget-container\">\n\t\t\t\t\t\t\t\t\t\t\t\t\t\t\t<img fetchpriority=\"high\" decoding=\"async\" width=\"350\" height=\"299\" src=\"\/wp-content\/uploads\/2025\/04\/Stamp-Kurita-PATENTED-SOLUTION-0e304df3.png\" class=\"attachment-large size-large wp-image-12806\" alt=\"\" srcset=\"\/wp-content\/uploads\/2025\/04\/Stamp-Kurita-PATENTED-SOLUTION-0e304df3.png 350w, \/wp-content\/uploads\/2025\/04\/Stamp-Kurita-PATENTED-SOLUTION-0e304df3-300x256.png 300w\" sizes=\"(max-width: 350px) 100vw, 350px\" data-no-translation=\"\" \/>\t\t\t\t\t\t\t\t\t\t\t\t\t\t\t<\/div>\n\t\t\t\t<\/div>\n\t\t\t\t\t<\/div>\n\t\t<\/div>\n\t\t\t\t\t<\/div>\n\t\t<\/section>\n\t\t\t\t<section class=\"elementor-section elementor-top-section elementor-element elementor-element-3e203dab elementor-section-boxed elementor-section-height-default elementor-section-height-default\" data-id=\"3e203dab\" data-element_type=\"section\" data-e-type=\"section\" data-settings=\"{&quot;background_background&quot;:&quot;classic&quot;}\">\n\t\t\t\t\t\t<div class=\"elementor-container elementor-column-gap-default\">\n\t\t\t\t\t<div class=\"elementor-column elementor-col-50 elementor-top-column elementor-element elementor-element-2f052e1a margin-content\" data-id=\"2f052e1a\" data-element_type=\"column\" data-e-type=\"column\">\n\t\t\t<div class=\"elementor-widget-wrap elementor-element-populated\">\n\t\t\t\t\t\t<div class=\"elementor-element elementor-element-4a1d8c3e elementor-widget elementor-widget-heading\" data-id=\"4a1d8c3e\" data-element_type=\"widget\" data-e-type=\"widget\" data-widget_type=\"heading.default\">\n\t\t\t\t<div class=\"elementor-widget-container\">\n\t\t\t\t\t<h4 class=\"elementor-heading-title elementor-size-default\">Korzy\u015bci obejmuj\u0105:\n<\/h4>\t\t\t\t<\/div>\n\t\t\t\t<\/div>\n\t\t\t\t<div class=\"elementor-element elementor-element-260bc15d elementor-invisible elementor-widget elementor-widget-text-editor\" data-id=\"260bc15d\" data-element_type=\"widget\" data-e-type=\"widget\" data-settings=\"{&quot;_animation&quot;:&quot;fadeIn&quot;}\" data-widget_type=\"text-editor.default\">\n\t\t\t\t<div class=\"elementor-widget-container\">\n\t\t\t\t\t\t\t\t\t<ul><li>Bezpieczne FDA i\u00a0<a href=\"http:\/\/www.nsf.org\/\">NSF<\/a>\u00a0zatwierdzone komponenty<\/li><li>Standardowa aplikacja procesu CIP<\/li><li>Natychmiastowe rozwi\u0105zanie przywracaj\u0105ce jako\u015b\u0107 permeatu<\/li><li>Niski koszt w por\u00f3wnaniu do wymiany<\/li><li>Umo\u017cliwia planowanie i bud\u017cetowanie ewentualnej wymiany membrany<\/li><\/ul>\t\t\t\t\t\t\t\t<\/div>\n\t\t\t\t<\/div>\n\t\t\t\t<div class=\"elementor-element elementor-element-397b8f22 elementor-widget elementor-widget-text-editor\" data-id=\"397b8f22\" data-element_type=\"widget\" data-e-type=\"widget\" data-widget_type=\"text-editor.default\">\n\t\t\t\t<div class=\"elementor-widget-container\">\n\t\t\t\t\t\t\t\t\t<p>Technologia Kuriverter\u00ae RC zapewnia operatorowi instalacji membranowej kolejne narz\u0119dzie do zmniejszenia ryzyka i poprawy wydajno\u015bci instalacji, utrzymuj\u0105c oryginalny przep\u0142yw permeatu i odrzucanie soli.<\/p><p>Praca instalacji membranowej jest procesem sekwencyjnym, w kt\u00f3rym ka\u017cdy etap ma okre\u015blone wymagania dotycz\u0105ce wydajnej pracy, a brak kontroli na jednym etapie ma znacz\u0105cy wp\u0142yw na nast\u0119pny. Dzi\u0119ki ponad 60-letniemu do\u015bwiadczeniu Kurita oferuje rozwi\u0105zania dla ka\u017cdego z tych etap\u00f3w procesu, kt\u00f3re wyd\u0142u\u017c\u0105 \u017cywotno\u015b\u0107 instalacji i zmniejsz\u0105 ca\u0142kowity koszt eksploatacji.<\/p><p>Wszystkie komponenty Kuriverter\u00ae RC s\u0105 w pe\u0142ni zgodne z chemikaliami spo\u017cywczymi FDA przeznaczonymi do spo\u017cycia przez ludzi.<\/p><p>Kuriverter\u00ae RC to\u00a0<a href=\"http:\/\/www.nsf.org\/\">NSF<\/a>\u00a0\/ ANSI 60 do stosowania w instalacjach membranowych produkuj\u0105cych wod\u0119 pitn\u0105.<\/p>\t\t\t\t\t\t\t\t<\/div>\n\t\t\t\t<\/div>\n\t\t\t\t\t<\/div>\n\t\t<\/div>\n\t\t\t\t<div class=\"elementor-column elementor-col-50 elementor-top-column elementor-element elementor-element-6be3b973\" data-id=\"6be3b973\" data-element_type=\"column\" data-e-type=\"column\">\n\t\t\t<div class=\"elementor-widget-wrap elementor-element-populated\">\n\t\t\t\t\t\t<div class=\"elementor-element elementor-element-38679733 margin-content elementor-widget elementor-widget-image\" data-id=\"38679733\" data-element_type=\"widget\" data-e-type=\"widget\" data-widget_type=\"image.default\">\n\t\t\t\t<div class=\"elementor-widget-container\">\n\t\t\t\t\t\t\t\t\t\t\t\t\t\t\t<img decoding=\"async\" width=\"350\" height=\"232\" src=\"\/wp-content\/uploads\/2025\/04\/Innovations_Kuriverter-RC-40843c14.jpg\" class=\"attachment-large size-large wp-image-14262\" alt=\"\" srcset=\"\/wp-content\/uploads\/2025\/04\/Innovations_Kuriverter-RC-40843c14.jpg 350w, \/wp-content\/uploads\/2025\/04\/Innovations_Kuriverter-RC-40843c14-300x199.jpg 300w\" sizes=\"(max-width: 350px) 100vw, 350px\" data-no-translation=\"\" \/>\t\t\t\t\t\t\t\t\t\t\t\t\t\t\t<\/div>\n\t\t\t\t<\/div>\n\t\t\t\t\t<\/div>\n\t\t<\/div>\n\t\t\t\t\t<\/div>\n\t\t<\/section>\n\t\t\t\t<section class=\"elementor-section elementor-top-section elementor-element elementor-element-373089d8 elementor-section-boxed elementor-section-height-default elementor-section-height-default\" data-id=\"373089d8\" data-element_type=\"section\" data-e-type=\"section\" data-settings=\"{&quot;background_background&quot;:&quot;classic&quot;}\">\n\t\t\t\t\t\t<div class=\"elementor-container elementor-column-gap-default\">\n\t\t\t\t\t<div class=\"elementor-column elementor-col-100 elementor-top-column elementor-element elementor-element-78a2b396 margin-content\" data-id=\"78a2b396\" data-element_type=\"column\" data-e-type=\"column\">\n\t\t\t<div class=\"elementor-widget-wrap elementor-element-populated\">\n\t\t\t\t\t\t<div class=\"elementor-element elementor-element-588dcf26 elementor-widget elementor-widget-heading\" data-id=\"588dcf26\" data-element_type=\"widget\" data-e-type=\"widget\" data-widget_type=\"heading.default\">\n\t\t\t\t<div class=\"elementor-widget-container\">\n\t\t\t\t\t<h4 class=\"elementor-heading-title elementor-size-default\">Test laboratoryjny<\/h4>\t\t\t\t<\/div>\n\t\t\t\t<\/div>\n\t\t\t\t<div class=\"elementor-element elementor-element-3ed76b43 elementor-widget elementor-widget-video\" data-id=\"3ed76b43\" data-element_type=\"widget\" data-e-type=\"widget\" data-settings=\"{&quot;youtube_url&quot;:&quot;https:\\\/\\\/www.youtube.com\\\/watch?v=Vqjw4wDwi4Y&amp;t&quot;,&quot;video_type&quot;:&quot;youtube&quot;,&quot;controls&quot;:&quot;yes&quot;}\" data-widget_type=\"video.default\">\n\t\t\t\t<div class=\"elementor-widget-container\">\n\t\t\t\t\t\t\t<div class=\"elementor-wrapper elementor-open-inline\">\n\t\t\t<div class=\"elementor-video\"><\/div>\t\t<\/div>\n\t\t\t\t\t\t<\/div>\n\t\t\t\t<\/div>\n\t\t\t\t\t<\/div>\n\t\t<\/div>\n\t\t\t\t\t<\/div>\n\t\t<\/section>\n\t\t\t\t<section class=\"elementor-section elementor-top-section elementor-element elementor-element-3dd265ea elementor-section-boxed elementor-section-height-default elementor-section-height-default\" data-id=\"3dd265ea\" data-element_type=\"section\" data-e-type=\"section\" data-settings=\"{&quot;background_background&quot;:&quot;classic&quot;}\">\n\t\t\t\t\t\t<div class=\"elementor-container elementor-column-gap-default\">\n\t\t\t\t\t<div class=\"elementor-column elementor-col-100 elementor-top-column elementor-element elementor-element-57eaabdf margin-content\" data-id=\"57eaabdf\" data-element_type=\"column\" data-e-type=\"column\">\n\t\t\t<div class=\"elementor-widget-wrap elementor-element-populated\">\n\t\t\t\t\t\t<div class=\"elementor-element elementor-element-56d5b128 elementor-widget elementor-widget-heading\" data-id=\"56d5b128\" data-element_type=\"widget\" data-e-type=\"widget\" data-widget_type=\"heading.default\">\n\t\t\t\t<div class=\"elementor-widget-container\">\n\t\t\t\t\t<h2 class=\"elementor-heading-title elementor-size-default\">Jeste\u015bmy do Twojej dyspozycji<\/h2>\t\t\t\t<\/div>\n\t\t\t\t<\/div>\n\t\t\t\t<div class=\"elementor-element elementor-element-e76bb06 elementor-widget elementor-widget-html\" data-id=\"e76bb06\" data-element_type=\"widget\" data-e-type=\"widget\" data-widget_type=\"html.default\">\n\t\t\t\t<div class=\"elementor-widget-container\">\n\t\t\t\t\t<div\r\n        data-form-id='f4d0a8e4-73ce-ef11-b8e8-000d3ab41b62'\r\n        data-form-api-url='https:\/\/public-eur.mkt.dynamics.com\/api\/v1.0\/orgs\/30cac5a2-33f9-ed11-a66d-000d3a64d748\/landingpageforms'\r\n        data-cached-form-url='https:\/\/assets-eur.mkt.dynamics.com\/30cac5a2-33f9-ed11-a66d-000d3a64d748\/digitalassets\/forms\/f4d0a8e4-73ce-ef11-b8e8-000d3ab41b62' ><\/div>\r\n        <script src = 'https:\/\/cxppusa1formui01cdnsa01-endpoint.azureedge.net\/eur\/FormLoader\/FormLoader.bundle.js' ><\/script>\r\n        <script>document.documentElement.lang = navigator.language;<\/script>\t\t\t\t<\/div>\n\t\t\t\t<\/div>\n\t\t\t\t\t<\/div>\n\t\t<\/div>\n\t\t\t\t\t<\/div>\n\t\t<\/section>\n\t\t\t\t<\/div>","protected":false},"excerpt":{"rendered":"<p>Kuriverter\u00ae RC Avoid RO membrane replacement by using Kuriverter\u00ae RC. Applications using Reverse Osmosis membrane technologies are everywhere in our lives: from tiny under counter units polishing our drinking water through industrial units preparing water for processes or purifying effluents for reuse, and massive seawater desalination plants producing thousands of m\u00b3 of drinking and irrigation [&hellip;]<\/p>\n","protected":false},"author":2,"featured_media":0,"parent":13875,"menu_order":0,"comment_status":"closed","ping_status":"closed","template":"","meta":{"footnotes":""},"class_list":["post-14259","page","type-page","status-publish","hentry"],"yoast_head":"<!-- This site is optimized with the Yoast SEO plugin v27.3 - https:\/\/yoast.com\/product\/yoast-seo-wordpress\/ -->\n<title>Kuriverter\u00ae RC - Kurita Europe<\/title>\n<meta name=\"description\" content=\"Kuriverter RC membrane rejuvenation: restore RO salt rejection via standard CIP, postpone replacements and cut OPEX using NSF\/FDA\u2011compliant chemistry.\" \/>\n<meta name=\"robots\" content=\"index, follow, max-snippet:-1, max-image-preview:large, max-video-preview:-1\" \/>\n<link rel=\"canonical\" href=\"https:\/\/kurita.eu\/pt\/solutions\/kuriverter-rc\/\" \/>\n<meta property=\"og:locale\" content=\"pl_PL\" \/>\n<meta property=\"og:type\" content=\"article\" \/>\n<meta property=\"og:title\" content=\"Kuriverter\u00ae RC - Kurita Europe\" \/>\n<meta property=\"og:description\" content=\"Kuriverter RC membrane rejuvenation: restore RO salt rejection via standard CIP, postpone replacements and cut OPEX using NSF\/FDA\u2011compliant chemistry.\" \/>\n<meta property=\"og:url\" content=\"https:\/\/kurita.eu\/pt\/solutions\/kuriverter-rc\/\" \/>\n<meta property=\"og:site_name\" content=\"Kurita Europe\" \/>\n<meta property=\"article:modified_time\" content=\"2026-01-20T16:28:43+00:00\" \/>\n<meta property=\"og:image\" content=\"https:\/\/www.kurita.eu\/wp-content\/uploads\/2025\/07\/kurita-favicon-512x512-1.png\" \/>\n\t<meta property=\"og:image:width\" content=\"512\" \/>\n\t<meta property=\"og:image:height\" content=\"512\" \/>\n\t<meta property=\"og:image:type\" content=\"image\/png\" \/>\n<meta name=\"twitter:card\" content=\"summary_large_image\" \/>\n<meta name=\"twitter:label1\" content=\"Szacowany czas czytania\" \/>\n\t<meta name=\"twitter:data1\" content=\"3 minuty\" \/>\n<script type=\"application\/ld+json\" class=\"yoast-schema-graph\">{\"@context\":\"https:\\\/\\\/schema.org\",\"@graph\":[{\"@type\":\"WebPage\",\"@id\":\"https:\\\/\\\/kurita.eu\\\/pt\\\/solutions\\\/kuriverter-rc\\\/\",\"url\":\"https:\\\/\\\/kurita.eu\\\/pt\\\/solutions\\\/kuriverter-rc\\\/\",\"name\":\"Kuriverter\u00ae RC - Kurita Europe\",\"isPartOf\":{\"@id\":\"https:\\\/\\\/kuritaeuwe-1d317f88af-hmdafwemhrbdfrck.a03.azurefd.net\\\/it\\\/#website\"},\"datePublished\":\"2025-04-25T08:01:07+00:00\",\"dateModified\":\"2026-01-20T16:28:43+00:00\",\"description\":\"Kuriverter RC membrane rejuvenation: restore RO salt rejection via standard CIP, postpone replacements and cut OPEX using NSF\\\/FDA\u2011compliant chemistry.\",\"breadcrumb\":{\"@id\":\"https:\\\/\\\/kurita.eu\\\/pt\\\/solutions\\\/kuriverter-rc\\\/#breadcrumb\"},\"inLanguage\":\"pl-PL\",\"potentialAction\":[{\"@type\":\"ReadAction\",\"target\":[\"https:\\\/\\\/kurita.eu\\\/pt\\\/solutions\\\/kuriverter-rc\\\/\"]}]},{\"@type\":\"BreadcrumbList\",\"@id\":\"https:\\\/\\\/kurita.eu\\\/pt\\\/solutions\\\/kuriverter-rc\\\/#breadcrumb\",\"itemListElement\":[{\"@type\":\"ListItem\",\"position\":1,\"name\":\"Home\",\"item\":\"https:\\\/\\\/www.kurita.eu\\\/en\\\/\"},{\"@type\":\"ListItem\",\"position\":2,\"name\":\"Solutions\",\"item\":\"https:\\\/\\\/kurita.eu\\\/it\\\/solutions\\\/\"},{\"@type\":\"ListItem\",\"position\":3,\"name\":\"Kuriverter\u00ae RC\"}]},{\"@type\":\"WebSite\",\"@id\":\"https:\\\/\\\/kuritaeuwe-1d317f88af-hmdafwemhrbdfrck.a03.azurefd.net\\\/it\\\/#website\",\"url\":\"https:\\\/\\\/kuritaeuwe-1d317f88af-hmdafwemhrbdfrck.a03.azurefd.net\\\/it\\\/\",\"name\":\"Kurita Europe\",\"description\":\"Water Treatment Solutions\",\"publisher\":{\"@id\":\"https:\\\/\\\/kuritaeuwe-1d317f88af-hmdafwemhrbdfrck.a03.azurefd.net\\\/it\\\/#organization\"},\"potentialAction\":[{\"@type\":\"SearchAction\",\"target\":{\"@type\":\"EntryPoint\",\"urlTemplate\":\"https:\\\/\\\/kuritaeuwe-1d317f88af-hmdafwemhrbdfrck.a03.azurefd.net\\\/it\\\/?s={search_term_string}\"},\"query-input\":{\"@type\":\"PropertyValueSpecification\",\"valueRequired\":true,\"valueName\":\"search_term_string\"}}],\"inLanguage\":\"pl-PL\"},{\"@type\":\"Organization\",\"@id\":\"https:\\\/\\\/kuritaeuwe-1d317f88af-hmdafwemhrbdfrck.a03.azurefd.net\\\/it\\\/#organization\",\"name\":\"Kurita Europe\",\"url\":\"https:\\\/\\\/kuritaeuwe-1d317f88af-hmdafwemhrbdfrck.a03.azurefd.net\\\/it\\\/\",\"logo\":{\"@type\":\"ImageObject\",\"inLanguage\":\"pl-PL\",\"@id\":\"https:\\\/\\\/kuritaeuwe-1d317f88af-hmdafwemhrbdfrck.a03.azurefd.net\\\/it\\\/#\\\/schema\\\/logo\\\/image\\\/\",\"url\":\"\\\/wp-content\\\/uploads\\\/2025\\\/05\\\/cropped-brand_mark_horizon_blue.png\",\"contentUrl\":\"\\\/wp-content\\\/uploads\\\/2025\\\/05\\\/cropped-brand_mark_horizon_blue.png\",\"width\":712,\"height\":204,\"caption\":\"Kurita Europe\"},\"image\":{\"@id\":\"https:\\\/\\\/kuritaeuwe-1d317f88af-hmdafwemhrbdfrck.a03.azurefd.net\\\/it\\\/#\\\/schema\\\/logo\\\/image\\\/\"}}]}<\/script>\n<!-- \/ Yoast SEO plugin. -->","yoast_head_json":{"title":"Kuriverter\u00ae RC - Kurita Europe","description":"Odm\u0142adzanie membran Kuriverter RC: przywr\u00f3cenie odrzucania soli RO za pomoc\u0105 standardowego CIP, odroczenie wymiany i zmniejszenie OPEX przy u\u017cyciu chemii zgodnej z NSF\/FDA.","robots":{"index":"index","follow":"follow","max-snippet":"max-snippet:-1","max-image-preview":"max-image-preview:large","max-video-preview":"max-video-preview:-1"},"canonical":"https:\/\/kurita.eu\/pt\/solutions\/kuriverter-rc\/","og_locale":"pl_PL","og_type":"article","og_title":"Kuriverter\u00ae RC - Kurita Europe","og_description":"Kuriverter RC membrane rejuvenation: restore RO salt rejection via standard CIP, postpone replacements and cut OPEX using NSF\/FDA\u2011compliant chemistry.","og_url":"https:\/\/kurita.eu\/pt\/solutions\/kuriverter-rc\/","og_site_name":"Kurita Europe","article_modified_time":"2026-01-20T16:28:43+00:00","og_image":[{"width":512,"height":512,"url":"https:\/\/www.kurita.eu\/wp-content\/uploads\/2025\/07\/kurita-favicon-512x512-1.png","type":"image\/png"}],"twitter_card":"summary_large_image","twitter_misc":{"Szacowany czas czytania":"3 minuty"},"schema":{"@context":"https:\/\/schema.org","@graph":[{"@type":"WebPage","@id":"https:\/\/kurita.eu\/pt\/solutions\/kuriverter-rc\/","url":"https:\/\/kurita.eu\/pt\/solutions\/kuriverter-rc\/","name":"Kuriverter\u00ae RC - Kurita Europe","isPartOf":{"@id":"https:\/\/kuritaeuwe-1d317f88af-hmdafwemhrbdfrck.a03.azurefd.net\/it\/#website"},"datePublished":"2025-04-25T08:01:07+00:00","dateModified":"2026-01-20T16:28:43+00:00","description":"Odm\u0142adzanie membran Kuriverter RC: przywr\u00f3cenie odrzucania soli RO za pomoc\u0105 standardowego CIP, odroczenie wymiany i zmniejszenie OPEX przy u\u017cyciu chemii zgodnej z NSF\/FDA.","breadcrumb":{"@id":"https:\/\/kurita.eu\/pt\/solutions\/kuriverter-rc\/#breadcrumb"},"inLanguage":"pl-PL","potentialAction":[{"@type":"ReadAction","target":["https:\/\/kurita.eu\/pt\/solutions\/kuriverter-rc\/"]}]},{"@type":"BreadcrumbList","@id":"https:\/\/kurita.eu\/pt\/solutions\/kuriverter-rc\/#breadcrumb","itemListElement":[{"@type":"ListItem","position":1,"name":"Home","item":"https:\/\/www.kurita.eu\/en\/"},{"@type":"ListItem","position":2,"name":"Solutions","item":"https:\/\/kurita.eu\/it\/solutions\/"},{"@type":"ListItem","position":3,"name":"Kuriverter\u00ae RC"}]},{"@type":"WebSite","@id":"https:\/\/kuritaeuwe-1d317f88af-hmdafwemhrbdfrck.a03.azurefd.net\/it\/#website","url":"https:\/\/kuritaeuwe-1d317f88af-hmdafwemhrbdfrck.a03.azurefd.net\/it\/","name":"Kurita Europe","description":"Rozwi\u0105zania do uzdatniania wody","publisher":{"@id":"https:\/\/kuritaeuwe-1d317f88af-hmdafwemhrbdfrck.a03.azurefd.net\/it\/#organization"},"potentialAction":[{"@type":"SearchAction","target":{"@type":"EntryPoint","urlTemplate":"https:\/\/kuritaeuwe-1d317f88af-hmdafwemhrbdfrck.a03.azurefd.net\/it\/?s={search_term_string}"},"query-input":{"@type":"PropertyValueSpecification","valueRequired":true,"valueName":"search_term_string"}}],"inLanguage":"pl-PL"},{"@type":"Organization","@id":"https:\/\/kuritaeuwe-1d317f88af-hmdafwemhrbdfrck.a03.azurefd.net\/it\/#organization","name":"Kurita Europe","url":"https:\/\/kuritaeuwe-1d317f88af-hmdafwemhrbdfrck.a03.azurefd.net\/it\/","logo":{"@type":"ImageObject","inLanguage":"pl-PL","@id":"https:\/\/kuritaeuwe-1d317f88af-hmdafwemhrbdfrck.a03.azurefd.net\/it\/#\/schema\/logo\/image\/","url":"\/wp-content\/uploads\/2025\/05\/cropped-brand_mark_horizon_blue.png","contentUrl":"\/wp-content\/uploads\/2025\/05\/cropped-brand_mark_horizon_blue.png","width":712,"height":204,"caption":"Kurita Europe"},"image":{"@id":"https:\/\/kuritaeuwe-1d317f88af-hmdafwemhrbdfrck.a03.azurefd.net\/it\/#\/schema\/logo\/image\/"}}]}},"_links":{"self":[{"href":"https:\/\/www.kurita.eu\/pl\/wp-json\/wp\/v2\/pages\/14259","targetHints":{"allow":["GET"]}}],"collection":[{"href":"https:\/\/www.kurita.eu\/pl\/wp-json\/wp\/v2\/pages"}],"about":[{"href":"https:\/\/www.kurita.eu\/pl\/wp-json\/wp\/v2\/types\/page"}],"author":[{"embeddable":true,"href":"https:\/\/www.kurita.eu\/pl\/wp-json\/wp\/v2\/users\/2"}],"replies":[{"embeddable":true,"href":"https:\/\/www.kurita.eu\/pl\/wp-json\/wp\/v2\/comments?post=14259"}],"version-history":[{"count":7,"href":"https:\/\/www.kurita.eu\/pl\/wp-json\/wp\/v2\/pages\/14259\/revisions"}],"predecessor-version":[{"id":19330,"href":"https:\/\/www.kurita.eu\/pl\/wp-json\/wp\/v2\/pages\/14259\/revisions\/19330"}],"up":[{"embeddable":true,"href":"https:\/\/www.kurita.eu\/pl\/wp-json\/wp\/v2\/pages\/13875"}],"wp:attachment":[{"href":"https:\/\/www.kurita.eu\/pl\/wp-json\/wp\/v2\/media?parent=14259"}],"curies":[{"name":"wp","href":"https:\/\/api.w.org\/{rel}","templated":true}]}}