{"id":14276,"date":"2025-04-25T08:08:01","date_gmt":"2025-04-25T08:08:01","guid":{"rendered":"https:\/\/kurita-eu-gudza2cjbzfhcwbx.francecentral-01.azurewebsites.net\/?page_id=14276"},"modified":"2026-01-20T14:29:36","modified_gmt":"2026-01-20T14:29:36","slug":"metaqua","status":"publish","type":"page","link":"https:\/\/www.kurita.eu\/pl\/rozwiazania\/metaqua\/","title":{"rendered":"Metaqua\u00ae"},"content":{"rendered":"<div data-elementor-type=\"wp-page\" data-elementor-id=\"14276\" class=\"elementor elementor-14276\" data-elementor-post-type=\"page\">\n\t\t\t\t\t\t<section class=\"elementor-section elementor-top-section elementor-element elementor-element-7e46f5e4 elementor-section-full_width elementor-section-height-default elementor-section-height-default\" data-id=\"7e46f5e4\" data-element_type=\"section\" data-e-type=\"section\">\n\t\t\t\t\t\t<div class=\"elementor-container elementor-column-gap-default\">\n\t\t\t\t\t<div class=\"elementor-column elementor-col-100 elementor-top-column elementor-element elementor-element-8f5fe98\" data-id=\"8f5fe98\" data-element_type=\"column\" data-e-type=\"column\">\n\t\t\t<div class=\"elementor-widget-wrap elementor-element-populated\">\n\t\t\t\t\t\t<div class=\"elementor-element elementor-element-5e4ef637 elementor--h-position-center elementor--v-position-middle elementor-arrows-position-inside elementor-pagination-position-inside elementor-widget elementor-widget-slides\" data-id=\"5e4ef637\" data-element_type=\"widget\" data-e-type=\"widget\" data-settings=\"{&quot;navigation&quot;:&quot;both&quot;,&quot;autoplay&quot;:&quot;yes&quot;,&quot;pause_on_hover&quot;:&quot;yes&quot;,&quot;pause_on_interaction&quot;:&quot;yes&quot;,&quot;autoplay_speed&quot;:5000,&quot;infinite&quot;:&quot;yes&quot;,&quot;transition&quot;:&quot;slide&quot;,&quot;transition_speed&quot;:500}\" data-widget_type=\"slides.default\">\n\t\t\t\t<div class=\"elementor-widget-container\">\n\t\t\t\t\t\t\t\t\t<div class=\"elementor-swiper\">\n\t\t\t\t\t<div class=\"elementor-slides-wrapper elementor-main-swiper swiper\" role=\"region\" aria-roledescription=\"carousel\" aria-label=\"Slajdy\" dir=\"ltr\" data-animation=\"fadeInUp\">\n\t\t\t\t<div class=\"swiper-wrapper elementor-slides\">\n\t\t\t\t\t\t\t\t\t\t<div class=\"elementor-repeater-item-4e0b9f7 swiper-slide\" role=\"group\" aria-roledescription=\"slide\"><div class=\"swiper-slide-bg elementor-ken-burns elementor-ken-burns--in\" role=\"img\" aria-label=\"Applications_WaterTreatment-401e7d4b-1.jpg\"><\/div><div class=\"elementor-background-overlay\"><\/div><div class=\"swiper-slide-inner\" ><div class=\"swiper-slide-contents\"><h1 class=\"elementor-slide-heading\">Metaqua\u00ae<\/h1><\/div><\/div><\/div>\t\t\t\t<\/div>\n\t\t\t\t\t\t\t<\/div>\n\t\t\t\t<\/div>\n\t\t\t\t\t\t\t\t<\/div>\n\t\t\t\t<\/div>\n\t\t\t\t\t<\/div>\n\t\t<\/div>\n\t\t\t\t\t<\/div>\n\t\t<\/section>\n\t\t\t\t<section class=\"elementor-section elementor-top-section elementor-element elementor-element-5e047fbb elementor-section-boxed elementor-section-height-default elementor-section-height-default\" data-id=\"5e047fbb\" data-element_type=\"section\" data-e-type=\"section\">\n\t\t\t\t\t\t<div class=\"elementor-container elementor-column-gap-default\">\n\t\t\t\t\t<div class=\"elementor-column elementor-col-66 elementor-top-column elementor-element elementor-element-7486cd86 margin-content\" data-id=\"7486cd86\" data-element_type=\"column\" data-e-type=\"column\">\n\t\t\t<div class=\"elementor-widget-wrap elementor-element-populated\">\n\t\t\t\t\t\t<div class=\"elementor-element elementor-element-570aed8a elementor-widget elementor-widget-heading\" data-id=\"570aed8a\" data-element_type=\"widget\" data-e-type=\"widget\" data-widget_type=\"heading.default\">\n\t\t\t\t<div class=\"elementor-widget-container\">\n\t\t\t\t\t<h1 class=\"elementor-heading-title elementor-size-default\">Metaqua\u00ae - Produkty do uzdatniania wody pitnej zapobiegaj\u0105ce osadzaniu si\u0119 kamienia i korozji<\/h1>\t\t\t\t<\/div>\n\t\t\t\t<\/div>\n\t\t\t\t<div class=\"elementor-element elementor-element-35c37e04 elementor-invisible elementor-widget elementor-widget-text-editor\" data-id=\"35c37e04\" data-element_type=\"widget\" data-e-type=\"widget\" data-settings=\"{&quot;_animation&quot;:&quot;fadeInUp&quot;}\" data-widget_type=\"text-editor.default\">\n\t\t\t\t<div class=\"elementor-widget-container\">\n\t\t\t\t\t\t\t\t\tSzeroka gama produkt\u00f3w Kurita do uzdatniania wody pitnej zapobiega tworzeniu si\u0119 kamienia i korozji, co prowadzi do zmniejszenia zawarto\u015bci metali ci\u0119\u017ckich w wodzie pitnej.\n\nNasze\u00a0<strong>Metaqua<sup>\u00ae\u00a0<\/sup><\/strong>Produkty spe\u0142niaj\u0105 standardy jako\u015bci materia\u0142\u00f3w okre\u015blone w normach europejskich, np. DIN EN 1209 Silicate. S\u0105 one zgodne z maksymalnymi st\u0119\u017ceniami okre\u015blonymi w przepisach krajowych, np. TrinkwVO w Niemczech.<\/p>\n<ul>\n \t<li><strong>Metaqua<sup>\u00ae\u00a0<\/sup><\/strong>fosforany (orto-, poli-)<\/li>\n \t<li><strong>Metaqua<sup>\u00ae<\/sup><\/strong>\u00a0krzemian\/aktywowany krzemian<\/li>\n \t<li><strong>Metaqua<sup>\u00ae<\/sup><\/strong>\u00a0wodorotlenek sodu<\/li>\n \t<li><strong>Metaqua<sup>\u00ae<\/sup><\/strong>\u00a0mieszanki<\/li>\n \t<li>Opatentowana metoda uzdatniania wody pitnej: Metoda integracji<em>\n<\/em><\/li>\n<\/ul><\/p>\nKurita korzysta z licznych do\u015bwiadcze\u0144 w stosowaniu inhibitor\u00f3w w celu zmniejszenia poboru metali ci\u0119\u017ckich w wodzie pitnej.\t\t\t\t\t\t\t\t<\/div>\n\t\t\t\t<\/div>\n\t\t\t\t\t<\/div>\n\t\t<\/div>\n\t\t\t\t<div class=\"elementor-column elementor-col-33 elementor-top-column elementor-element elementor-element-194679e1 margin-content\" data-id=\"194679e1\" data-element_type=\"column\" data-e-type=\"column\">\n\t\t\t<div class=\"elementor-widget-wrap elementor-element-populated\">\n\t\t\t\t\t\t<div class=\"elementor-element elementor-element-14d231d9 elementor-invisible elementor-widget elementor-widget-image\" data-id=\"14d231d9\" data-element_type=\"widget\" data-e-type=\"widget\" data-settings=\"{&quot;_animation&quot;:&quot;fadeIn&quot;}\" data-widget_type=\"image.default\">\n\t\t\t\t<div class=\"elementor-widget-container\">\n\t\t\t\t\t\t\t\t\t\t\t\t\t\t\t<img fetchpriority=\"high\" decoding=\"async\" width=\"350\" height=\"299\" src=\"\/wp-content\/uploads\/2025\/04\/Stamp-Kurita-PATENTED-SOLUTION-0e304df3.png\" class=\"attachment-large size-large wp-image-12806\" alt=\"\" srcset=\"\/wp-content\/uploads\/2025\/04\/Stamp-Kurita-PATENTED-SOLUTION-0e304df3.png 350w, \/wp-content\/uploads\/2025\/04\/Stamp-Kurita-PATENTED-SOLUTION-0e304df3-300x256.png 300w\" sizes=\"(max-width: 350px) 100vw, 350px\" data-no-translation=\"\" \/>\t\t\t\t\t\t\t\t\t\t\t\t\t\t\t<\/div>\n\t\t\t\t<\/div>\n\t\t\t\t\t<\/div>\n\t\t<\/div>\n\t\t\t\t\t<\/div>\n\t\t<\/section>\n\t\t\t\t<section class=\"elementor-section elementor-top-section elementor-element elementor-element-1ad94df9 elementor-section-boxed elementor-section-height-default elementor-section-height-default\" data-id=\"1ad94df9\" data-element_type=\"section\" data-e-type=\"section\" data-settings=\"{&quot;background_background&quot;:&quot;classic&quot;}\">\n\t\t\t\t\t\t<div class=\"elementor-container elementor-column-gap-default\">\n\t\t\t\t\t<div class=\"elementor-column elementor-col-100 elementor-top-column elementor-element elementor-element-c5a6236 margin-content\" data-id=\"c5a6236\" data-element_type=\"column\" data-e-type=\"column\">\n\t\t\t<div class=\"elementor-widget-wrap elementor-element-populated\">\n\t\t\t\t\t\t<div class=\"elementor-element elementor-element-3f89cd50 elementor-widget elementor-widget-heading\" data-id=\"3f89cd50\" data-element_type=\"widget\" data-e-type=\"widget\" data-widget_type=\"heading.default\">\n\t\t\t\t<div class=\"elementor-widget-container\">\n\t\t\t\t\t<h4 class=\"elementor-heading-title elementor-size-default\">Test laboratoryjny<\/h4>\t\t\t\t<\/div>\n\t\t\t\t<\/div>\n\t\t\t\t<div class=\"elementor-element elementor-element-3d0fa2bc elementor-widget elementor-widget-video\" data-id=\"3d0fa2bc\" data-element_type=\"widget\" data-e-type=\"widget\" data-settings=\"{&quot;youtube_url&quot;:&quot;https:\\\/\\\/www.youtube.com\\\/watch?v=b_kf0hca1ms&quot;,&quot;video_type&quot;:&quot;youtube&quot;,&quot;controls&quot;:&quot;yes&quot;}\" data-widget_type=\"video.default\">\n\t\t\t\t<div class=\"elementor-widget-container\">\n\t\t\t\t\t\t\t<div class=\"elementor-wrapper elementor-open-inline\">\n\t\t\t<div class=\"elementor-video\"><\/div>\t\t<\/div>\n\t\t\t\t\t\t<\/div>\n\t\t\t\t<\/div>\n\t\t\t\t<div class=\"elementor-element elementor-element-65fd30a2 elementor-widget elementor-widget-text-editor\" data-id=\"65fd30a2\" data-element_type=\"widget\" data-e-type=\"widget\" data-widget_type=\"text-editor.default\">\n\t\t\t\t<div class=\"elementor-widget-container\">\n\t\t\t\t\t\t\t\t\t<p>Rozpuszczone \u017celazo pochodz\u0105ce z korozji rur ze stali mi\u0119kkiej w sieciach dystrybucji wody prowadzi do niepo\u017c\u0105danego efektu znanego jako \"br\u0105zowa woda\". Ten film pokazuje, jak zapobiega\u0107 \"br\u0105zowej wodzie\" poprzez uzdatnianie za pomoc\u0105 Metaqua.<sup>\u00ae<\/sup>\u00a0187 L.<\/p>\t\t\t\t\t\t\t\t<\/div>\n\t\t\t\t<\/div>\n\t\t\t\t\t<\/div>\n\t\t<\/div>\n\t\t\t\t\t<\/div>\n\t\t<\/section>\n\t\t\t\t<section class=\"elementor-section elementor-top-section elementor-element elementor-element-25df498b elementor-section-boxed elementor-section-height-default elementor-section-height-default\" data-id=\"25df498b\" data-element_type=\"section\" data-e-type=\"section\" data-settings=\"{&quot;background_background&quot;:&quot;classic&quot;}\">\n\t\t\t\t\t\t<div class=\"elementor-container elementor-column-gap-default\">\n\t\t\t\t\t<div class=\"elementor-column elementor-col-100 elementor-top-column elementor-element elementor-element-93c9f7a margin-content\" data-id=\"93c9f7a\" data-element_type=\"column\" data-e-type=\"column\">\n\t\t\t<div class=\"elementor-widget-wrap elementor-element-populated\">\n\t\t\t\t\t\t<div class=\"elementor-element elementor-element-249fe040 elementor-widget elementor-widget-heading\" data-id=\"249fe040\" data-element_type=\"widget\" data-e-type=\"widget\" data-widget_type=\"heading.default\">\n\t\t\t\t<div class=\"elementor-widget-container\">\n\t\t\t\t\t<h4 class=\"elementor-heading-title elementor-size-default\">Test laboratoryjny<\/h4>\t\t\t\t<\/div>\n\t\t\t\t<\/div>\n\t\t\t\t<div class=\"elementor-element elementor-element-292753d1 elementor-widget elementor-widget-video\" data-id=\"292753d1\" data-element_type=\"widget\" data-e-type=\"widget\" data-settings=\"{&quot;youtube_url&quot;:&quot;https:\\\/\\\/www.youtube.com\\\/watch?v=4T9VAcgtQfU&quot;,&quot;video_type&quot;:&quot;youtube&quot;,&quot;controls&quot;:&quot;yes&quot;}\" data-widget_type=\"video.default\">\n\t\t\t\t<div class=\"elementor-widget-container\">\n\t\t\t\t\t\t\t<div class=\"elementor-wrapper elementor-open-inline\">\n\t\t\t<div class=\"elementor-video\"><\/div>\t\t<\/div>\n\t\t\t\t\t\t<\/div>\n\t\t\t\t<\/div>\n\t\t\t\t<div class=\"elementor-element elementor-element-70ac3324 elementor-widget elementor-widget-text-editor\" data-id=\"70ac3324\" data-element_type=\"widget\" data-e-type=\"widget\" data-widget_type=\"text-editor.default\">\n\t\t\t\t<div class=\"elementor-widget-container\">\n\t\t\t\t\t\t\t\t\t<p>Tworzenie si\u0119 w\u0119glanu wapnia (kamienia wapiennego) i osad\u00f3w mo\u017ce prowadzi\u0107 do powa\u017cnych problem\u00f3w w zak\u0142adach produkuj\u0105cych wod\u0119 pitn\u0105, takich jak nieprawid\u0142owe dzia\u0142anie podgrzewaczy wody lub zablokowanie linii dystrybucji wody. Ten film pokazuje, jak zapobiega\u0107 osadzaniu si\u0119 kamienia poprzez uzdatnianie za pomoc\u0105 Metaqua.<sup>\u00ae<\/sup>\u00a05000.<\/p>\t\t\t\t\t\t\t\t<\/div>\n\t\t\t\t<\/div>\n\t\t\t\t\t<\/div>\n\t\t<\/div>\n\t\t\t\t\t<\/div>\n\t\t<\/section>\n\t\t\t\t<section class=\"elementor-section elementor-top-section elementor-element elementor-element-706b2833 elementor-section-boxed elementor-section-height-default elementor-section-height-default\" data-id=\"706b2833\" data-element_type=\"section\" data-e-type=\"section\" data-settings=\"{&quot;background_background&quot;:&quot;classic&quot;}\">\n\t\t\t\t\t\t<div class=\"elementor-container elementor-column-gap-default\">\n\t\t\t\t\t<div class=\"elementor-column elementor-col-100 elementor-top-column elementor-element elementor-element-1ec2a39d margin-content\" data-id=\"1ec2a39d\" data-element_type=\"column\" data-e-type=\"column\">\n\t\t\t<div class=\"elementor-widget-wrap elementor-element-populated\">\n\t\t\t\t\t\t<div class=\"elementor-element elementor-element-7d177d2d elementor-widget elementor-widget-heading\" data-id=\"7d177d2d\" data-element_type=\"widget\" data-e-type=\"widget\" data-widget_type=\"heading.default\">\n\t\t\t\t<div class=\"elementor-widget-container\">\n\t\t\t\t\t<h2 class=\"elementor-heading-title elementor-size-default\">Jeste\u015bmy do Twojej dyspozycji<\/h2>\t\t\t\t<\/div>\n\t\t\t\t<\/div>\n\t\t\t\t<div class=\"elementor-element elementor-element-3ce85a3c elementor-widget elementor-widget-html\" data-id=\"3ce85a3c\" data-element_type=\"widget\" data-e-type=\"widget\" data-widget_type=\"html.default\">\n\t\t\t\t<div class=\"elementor-widget-container\">\n\t\t\t\t\t<div\r\n        data-form-id='f4d0a8e4-73ce-ef11-b8e8-000d3ab41b62'\r\n        data-form-api-url='https:\/\/public-eur.mkt.dynamics.com\/api\/v1.0\/orgs\/30cac5a2-33f9-ed11-a66d-000d3a64d748\/landingpageforms'\r\n        data-cached-form-url='https:\/\/assets-eur.mkt.dynamics.com\/30cac5a2-33f9-ed11-a66d-000d3a64d748\/digitalassets\/forms\/f4d0a8e4-73ce-ef11-b8e8-000d3ab41b62' ><\/div>\r\n        <script src = 'https:\/\/cxppusa1formui01cdnsa01-endpoint.azureedge.net\/eur\/FormLoader\/FormLoader.bundle.js' ><\/script>\r\n        <script>document.documentElement.lang = navigator.language;<\/script>\t\t\t\t<\/div>\n\t\t\t\t<\/div>\n\t\t\t\t\t<\/div>\n\t\t<\/div>\n\t\t\t\t\t<\/div>\n\t\t<\/section>\n\t\t\t\t<\/div>","protected":false},"excerpt":{"rendered":"<p>Szeroka gama produkt\u00f3w Kurita do uzdatniania wody pitnej zapobiega tworzeniu si\u0119 kamienia i korozji, co prowadzi do zmniejszenia zawarto\u015bci metali ci\u0119\u017ckich w wodzie pitnej.<\/p>","protected":false},"author":2,"featured_media":14518,"parent":13875,"menu_order":0,"comment_status":"closed","ping_status":"closed","template":"","meta":{"footnotes":""},"class_list":["post-14276","page","type-page","status-publish","has-post-thumbnail","hentry"],"yoast_head":"<!-- This site is optimized with the Yoast SEO plugin v25.5 - https:\/\/yoast.com\/wordpress\/plugins\/seo\/ -->\n<title>Metaqua\u00ae - Kurita Europe<\/title>\n<meta name=\"robots\" content=\"index, follow, max-snippet:-1, max-image-preview:large, max-video-preview:-1\" \/>\n<link rel=\"canonical\" href=\"https:\/\/www.kurita.eu\/pl\/rozwiazania\/metaqua\/\" \/>\n<meta property=\"og:locale\" content=\"pl_PL\" \/>\n<meta property=\"og:type\" content=\"article\" \/>\n<meta property=\"og:title\" content=\"Metaqua\u00ae - Kurita Europe\" \/>\n<meta property=\"og:description\" content=\"Kurita\u2019s broad range of drinking water treatment products to avoid scale formation and corrosion, which leads to a reduction of the heavy metal contents in drinking water.\" \/>\n<meta property=\"og:url\" content=\"https:\/\/www.kurita.eu\/pl\/rozwiazania\/metaqua\/\" \/>\n<meta property=\"og:site_name\" content=\"Kurita Europe\" \/>\n<meta property=\"article:modified_time\" content=\"2026-01-20T14:29:36+00:00\" \/>\n<meta property=\"og:image\" content=\"https:\/\/www.kurita.eu\/wp-content\/uploads\/2025\/04\/Technologies_WaterTreatment_Siliphos-9cc2194d.jpg\" \/>\n\t<meta property=\"og:image:width\" content=\"870\" \/>\n\t<meta property=\"og:image:height\" content=\"350\" \/>\n\t<meta property=\"og:image:type\" content=\"image\/jpeg\" \/>\n<meta name=\"twitter:card\" content=\"summary_large_image\" \/>\n<meta name=\"twitter:label1\" content=\"Szacowany czas czytania\" \/>\n\t<meta name=\"twitter:data1\" content=\"3 minuty\" \/>\n<script type=\"application\/ld+json\" class=\"yoast-schema-graph\">{\"@context\":\"https:\/\/schema.org\",\"@graph\":[{\"@type\":\"WebPage\",\"@id\":\"https:\/\/www.kurita.eu\/en\/solutions\/metaqua\/\",\"url\":\"https:\/\/www.kurita.eu\/en\/solutions\/metaqua\/\",\"name\":\"Metaqua\u00ae - Kurita Europe\",\"isPartOf\":{\"@id\":\"https:\/\/kurita.eu\/en\/#website\"},\"primaryImageOfPage\":{\"@id\":\"https:\/\/www.kurita.eu\/en\/solutions\/metaqua\/#primaryimage\"},\"image\":{\"@id\":\"https:\/\/www.kurita.eu\/en\/solutions\/metaqua\/#primaryimage\"},\"thumbnailUrl\":\"\/wp-content\/uploads\/2025\/04\/Technologies_WaterTreatment_Siliphos-9cc2194d.jpg\",\"datePublished\":\"2025-04-25T08:08:01+00:00\",\"dateModified\":\"2026-01-20T14:29:36+00:00\",\"breadcrumb\":{\"@id\":\"https:\/\/www.kurita.eu\/en\/solutions\/metaqua\/#breadcrumb\"},\"inLanguage\":\"pl-PL\",\"potentialAction\":[{\"@type\":\"ReadAction\",\"target\":[\"https:\/\/www.kurita.eu\/en\/solutions\/metaqua\/\"]}]},{\"@type\":\"ImageObject\",\"inLanguage\":\"pl-PL\",\"@id\":\"https:\/\/www.kurita.eu\/en\/solutions\/metaqua\/#primaryimage\",\"url\":\"\/wp-content\/uploads\/2025\/04\/Technologies_WaterTreatment_Siliphos-9cc2194d.jpg\",\"contentUrl\":\"\/wp-content\/uploads\/2025\/04\/Technologies_WaterTreatment_Siliphos-9cc2194d.jpg\",\"width\":870,\"height\":350},{\"@type\":\"BreadcrumbList\",\"@id\":\"https:\/\/www.kurita.eu\/en\/solutions\/metaqua\/#breadcrumb\",\"itemListElement\":[{\"@type\":\"ListItem\",\"position\":1,\"name\":\"Home\",\"item\":\"https:\/\/www.kurita.eu\/en\/\"},{\"@type\":\"ListItem\",\"position\":2,\"name\":\"Solutions\",\"item\":\"https:\/\/www.kurita.eu\/en\/solutions\/\"},{\"@type\":\"ListItem\",\"position\":3,\"name\":\"Metaqua\u00ae\"}]},{\"@type\":\"WebSite\",\"@id\":\"https:\/\/kurita.eu\/en\/#website\",\"url\":\"https:\/\/kurita.eu\/en\/\",\"name\":\"Kurita Europe\",\"description\":\"Water Treatment Solutions\",\"publisher\":{\"@id\":\"https:\/\/kurita.eu\/en\/#organization\"},\"potentialAction\":[{\"@type\":\"SearchAction\",\"target\":{\"@type\":\"EntryPoint\",\"urlTemplate\":\"https:\/\/kurita.eu\/en\/?s={search_term_string}\"},\"query-input\":{\"@type\":\"PropertyValueSpecification\",\"valueRequired\":true,\"valueName\":\"search_term_string\"}}],\"inLanguage\":\"pl-PL\"},{\"@type\":\"Organization\",\"@id\":\"https:\/\/kurita.eu\/en\/#organization\",\"name\":\"Kurita Europe\",\"url\":\"https:\/\/kurita.eu\/en\/\",\"logo\":{\"@type\":\"ImageObject\",\"inLanguage\":\"pl-PL\",\"@id\":\"https:\/\/kurita.eu\/en\/#\/schema\/logo\/image\/\",\"url\":\"\/wp-content\/uploads\/2025\/05\/cropped-brand_mark_horizon_blue.png\",\"contentUrl\":\"\/wp-content\/uploads\/2025\/05\/cropped-brand_mark_horizon_blue.png\",\"width\":712,\"height\":204,\"caption\":\"Kurita Europe\"},\"image\":{\"@id\":\"https:\/\/kurita.eu\/en\/#\/schema\/logo\/image\/\"}}]}<\/script>\n<!-- \/ Yoast SEO plugin. -->","yoast_head_json":{"title":"Metaqua\u00ae - Kurita Europe","robots":{"index":"index","follow":"follow","max-snippet":"max-snippet:-1","max-image-preview":"max-image-preview:large","max-video-preview":"max-video-preview:-1"},"canonical":"https:\/\/www.kurita.eu\/pl\/rozwiazania\/metaqua\/","og_locale":"pl_PL","og_type":"article","og_title":"Metaqua\u00ae - Kurita Europe","og_description":"Kurita\u2019s broad range of drinking water treatment products to avoid scale formation and corrosion, which leads to a reduction of the heavy metal contents in drinking water.","og_url":"https:\/\/www.kurita.eu\/pl\/rozwiazania\/metaqua\/","og_site_name":"Kurita Europe","article_modified_time":"2026-01-20T14:29:36+00:00","og_image":[{"width":870,"height":350,"url":"https:\/\/www.kurita.eu\/wp-content\/uploads\/2025\/04\/Technologies_WaterTreatment_Siliphos-9cc2194d.jpg","type":"image\/jpeg"}],"twitter_card":"summary_large_image","twitter_misc":{"Szacowany czas czytania":"3 minuty"},"schema":{"@context":"https:\/\/schema.org","@graph":[{"@type":"WebPage","@id":"https:\/\/www.kurita.eu\/en\/solutions\/metaqua\/","url":"https:\/\/www.kurita.eu\/en\/solutions\/metaqua\/","name":"Metaqua\u00ae - Kurita Europe","isPartOf":{"@id":"https:\/\/kurita.eu\/en\/#website"},"primaryImageOfPage":{"@id":"https:\/\/www.kurita.eu\/en\/solutions\/metaqua\/#primaryimage"},"image":{"@id":"https:\/\/www.kurita.eu\/en\/solutions\/metaqua\/#primaryimage"},"thumbnailUrl":"\/wp-content\/uploads\/2025\/04\/Technologies_WaterTreatment_Siliphos-9cc2194d.jpg","datePublished":"2025-04-25T08:08:01+00:00","dateModified":"2026-01-20T14:29:36+00:00","breadcrumb":{"@id":"https:\/\/www.kurita.eu\/en\/solutions\/metaqua\/#breadcrumb"},"inLanguage":"pl-PL","potentialAction":[{"@type":"ReadAction","target":["https:\/\/www.kurita.eu\/en\/solutions\/metaqua\/"]}]},{"@type":"ImageObject","inLanguage":"pl-PL","@id":"https:\/\/www.kurita.eu\/en\/solutions\/metaqua\/#primaryimage","url":"\/wp-content\/uploads\/2025\/04\/Technologies_WaterTreatment_Siliphos-9cc2194d.jpg","contentUrl":"\/wp-content\/uploads\/2025\/04\/Technologies_WaterTreatment_Siliphos-9cc2194d.jpg","width":870,"height":350},{"@type":"BreadcrumbList","@id":"https:\/\/www.kurita.eu\/en\/solutions\/metaqua\/#breadcrumb","itemListElement":[{"@type":"ListItem","position":1,"name":"Home","item":"https:\/\/www.kurita.eu\/en\/"},{"@type":"ListItem","position":2,"name":"Solutions","item":"https:\/\/www.kurita.eu\/en\/solutions\/"},{"@type":"ListItem","position":3,"name":"Metaqua\u00ae"}]},{"@type":"WebSite","@id":"https:\/\/kurita.eu\/en\/#website","url":"https:\/\/kurita.eu\/en\/","name":"Kurita Europe","description":"Rozwi\u0105zania do uzdatniania wody","publisher":{"@id":"https:\/\/kurita.eu\/en\/#organization"},"potentialAction":[{"@type":"SearchAction","target":{"@type":"EntryPoint","urlTemplate":"https:\/\/kurita.eu\/en\/?s={search_term_string}"},"query-input":{"@type":"PropertyValueSpecification","valueRequired":true,"valueName":"search_term_string"}}],"inLanguage":"pl-PL"},{"@type":"Organization","@id":"https:\/\/kurita.eu\/en\/#organization","name":"Kurita Europe","url":"https:\/\/kurita.eu\/en\/","logo":{"@type":"ImageObject","inLanguage":"pl-PL","@id":"https:\/\/kurita.eu\/en\/#\/schema\/logo\/image\/","url":"\/wp-content\/uploads\/2025\/05\/cropped-brand_mark_horizon_blue.png","contentUrl":"\/wp-content\/uploads\/2025\/05\/cropped-brand_mark_horizon_blue.png","width":712,"height":204,"caption":"Kurita Europe"},"image":{"@id":"https:\/\/kurita.eu\/en\/#\/schema\/logo\/image\/"}}]}},"_links":{"self":[{"href":"https:\/\/www.kurita.eu\/pl\/wp-json\/wp\/v2\/pages\/14276","targetHints":{"allow":["GET"]}}],"collection":[{"href":"https:\/\/www.kurita.eu\/pl\/wp-json\/wp\/v2\/pages"}],"about":[{"href":"https:\/\/www.kurita.eu\/pl\/wp-json\/wp\/v2\/types\/page"}],"author":[{"embeddable":true,"href":"https:\/\/www.kurita.eu\/pl\/wp-json\/wp\/v2\/users\/2"}],"replies":[{"embeddable":true,"href":"https:\/\/www.kurita.eu\/pl\/wp-json\/wp\/v2\/comments?post=14276"}],"version-history":[{"count":11,"href":"https:\/\/www.kurita.eu\/pl\/wp-json\/wp\/v2\/pages\/14276\/revisions"}],"predecessor-version":[{"id":19333,"href":"https:\/\/www.kurita.eu\/pl\/wp-json\/wp\/v2\/pages\/14276\/revisions\/19333"}],"up":[{"embeddable":true,"href":"https:\/\/www.kurita.eu\/pl\/wp-json\/wp\/v2\/pages\/13875"}],"wp:featuredmedia":[{"embeddable":true,"href":"https:\/\/www.kurita.eu\/pl\/wp-json\/wp\/v2\/media\/14518"}],"wp:attachment":[{"href":"https:\/\/www.kurita.eu\/pl\/wp-json\/wp\/v2\/media?parent=14276"}],"curies":[{"name":"wp","href":"https:\/\/api.w.org\/{rel}","templated":true}]}}