{"id":20129,"date":"2026-02-12T09:40:17","date_gmt":"2026-02-12T09:40:17","guid":{"rendered":"https:\/\/www.kurita.eu\/?page_id=20129"},"modified":"2026-02-26T14:30:12","modified_gmt":"2026-02-26T14:30:12","slug":"vdi-2047-schulung","status":"publish","type":"page","link":"https:\/\/www.kurita.eu\/pl\/vdi-2047-schulung\/","title":{"rendered":"VDI 2047-Schulung"},"content":{"rendered":"<div data-elementor-type=\"wp-page\" data-elementor-id=\"20129\" class=\"elementor elementor-20129\" data-elementor-post-type=\"page\">\n\t\t\t\t\t\t<section class=\"elementor-section elementor-top-section elementor-element elementor-element-582e0d6 elementor-section-full_width elementor-section-height-default elementor-section-height-default\" data-id=\"582e0d6\" data-element_type=\"section\" data-e-type=\"section\">\n\t\t\t\t\t\t<div class=\"elementor-container elementor-column-gap-default\">\n\t\t\t\t\t<div class=\"elementor-column elementor-col-100 elementor-top-column elementor-element elementor-element-3ccaaac\" data-id=\"3ccaaac\" data-element_type=\"column\" data-e-type=\"column\">\n\t\t\t<div class=\"elementor-widget-wrap elementor-element-populated\">\n\t\t\t\t\t\t<div class=\"elementor-element elementor-element-07f8688 elementor--h-position-center elementor--v-position-middle elementor-arrows-position-inside elementor-pagination-position-inside elementor-widget elementor-widget-slides\" data-id=\"07f8688\" data-element_type=\"widget\" data-e-type=\"widget\" data-settings=\"{&quot;navigation&quot;:&quot;both&quot;,&quot;autoplay&quot;:&quot;yes&quot;,&quot;pause_on_hover&quot;:&quot;yes&quot;,&quot;pause_on_interaction&quot;:&quot;yes&quot;,&quot;autoplay_speed&quot;:5000,&quot;infinite&quot;:&quot;yes&quot;,&quot;transition&quot;:&quot;slide&quot;,&quot;transition_speed&quot;:500}\" data-widget_type=\"slides.default\">\n\t\t\t\t<div class=\"elementor-widget-container\">\n\t\t\t\t\t\t\t\t\t<div class=\"elementor-swiper\">\n\t\t\t\t\t<div class=\"elementor-slides-wrapper elementor-main-swiper swiper\" role=\"region\" aria-roledescription=\"carousel\" aria-label=\"Slajdy\" dir=\"ltr\" data-animation=\"fadeInUp\">\n\t\t\t\t<div class=\"swiper-wrapper elementor-slides\">\n\t\t\t\t\t\t\t\t\t\t<div class=\"elementor-repeater-item-4e0b9f7 swiper-slide\" role=\"group\" aria-roledescription=\"slide\"><div class=\"swiper-slide-bg elementor-ken-burns elementor-ken-burns--in\" role=\"img\" aria-label=\"KDBL_cooling-tower3_jpg.png\"><\/div><div class=\"elementor-background-overlay\"><\/div><div class=\"swiper-slide-inner\" ><div class=\"swiper-slide-contents\"><h1 class=\"elementor-slide-heading\">VDI 2047-Schulung<\/h1><\/div><\/div><\/div>\t\t\t\t<\/div>\n\t\t\t\t\t\t\t<\/div>\n\t\t\t\t<\/div>\n\t\t\t\t\t\t\t\t<\/div>\n\t\t\t\t<\/div>\n\t\t\t\t\t<\/div>\n\t\t<\/div>\n\t\t\t\t\t<\/div>\n\t\t<\/section>\n\t\t\t\t<section class=\"elementor-section elementor-top-section elementor-element elementor-element-59da67e elementor-section-boxed elementor-section-height-default elementor-section-height-default\" data-id=\"59da67e\" data-element_type=\"section\" data-e-type=\"section\">\n\t\t\t\t\t\t<div class=\"elementor-container elementor-column-gap-default\">\n\t\t\t\t\t<div class=\"elementor-column elementor-col-100 elementor-top-column elementor-element elementor-element-049cd02 margin-content\" data-id=\"049cd02\" data-element_type=\"column\" data-e-type=\"column\">\n\t\t\t<div class=\"elementor-widget-wrap elementor-element-populated\">\n\t\t\t\t\t\t<div class=\"elementor-element elementor-element-3a39ee9 elementor-widget elementor-widget-heading\" data-id=\"3a39ee9\" data-element_type=\"widget\" data-e-type=\"widget\" data-widget_type=\"heading.default\">\n\t\t\t\t<div class=\"elementor-widget-container\">\n\t\t\t\t\t<h4 class=\"elementor-heading-title elementor-size-default\">Szkolenie VDI 2047<\/h4>\t\t\t\t<\/div>\n\t\t\t\t<\/div>\n\t\t\t\t<section class=\"elementor-section elementor-inner-section elementor-element elementor-element-71733ac elementor-section-boxed elementor-section-height-default elementor-section-height-default\" data-id=\"71733ac\" data-element_type=\"section\" data-e-type=\"section\">\n\t\t\t\t\t\t<div class=\"elementor-container elementor-column-gap-default\">\n\t\t\t\t\t<div class=\"elementor-column elementor-col-50 elementor-inner-column elementor-element elementor-element-f62f55e\" data-id=\"f62f55e\" data-element_type=\"column\" data-e-type=\"column\">\n\t\t\t<div class=\"elementor-widget-wrap elementor-element-populated\">\n\t\t\t\t\t\t<div class=\"elementor-element elementor-element-52676bb elementor-widget elementor-widget-text-editor\" data-id=\"52676bb\" data-element_type=\"widget\" data-e-type=\"widget\" data-widget_type=\"text-editor.default\">\n\t\t\t\t<div class=\"elementor-widget-container\">\n\t\t\t\t\t\t\t\t\t<p class=\"translation-block\">Jako oficjalny <strong><a href=\"https:\/\/www.vdi.de\/\" target=\"_blank\" rel=\"noopener\">partner szkoleniowy VDI<\/a><\/strong>, Kurita oferuje regularne sesje szkoleniowe zgodnie z wymaganiami wytycznych VDI-MT 2047 cz\u0119\u015b\u0107 4. Wydarzenia odbywaj\u0105 si\u0119 zazwyczaj jako jednodniowe, osobiste sesje szkoleniowe (od 8:30 do 17:00) w Kurita Europe Technology Center w D-41751 Viersen w Niemczech. Po wcze\u015bniejszym uzgodnieniu jeste\u015bmy r\u00f3wnie\u017c gotowi przeprowadzi\u0107 szkolenie w siedzibie klienta.<\/p>\t\t\t\t\t\t\t\t<\/div>\n\t\t\t\t<\/div>\n\t\t\t\t<div class=\"elementor-element elementor-element-8f302b7 elementor-widget elementor-widget-button\" data-id=\"8f302b7\" data-element_type=\"widget\" data-e-type=\"widget\" data-widget_type=\"button.default\">\n\t\t\t\t<div class=\"elementor-widget-container\">\n\t\t\t\t\t\t\t\t\t<div class=\"elementor-button-wrapper\">\n\t\t\t\t\t<a class=\"elementor-button elementor-button-link elementor-size-sm\" href=\"#form\">\n\t\t\t\t\t\t<span class=\"elementor-button-content-wrapper\">\n\t\t\t\t\t\t\t\t\t<span class=\"elementor-button-text\">&gt; Rejestracje i zapytania<\/span>\n\t\t\t\t\t<\/span>\n\t\t\t\t\t<\/a>\n\t\t\t\t<\/div>\n\t\t\t\t\t\t\t\t<\/div>\n\t\t\t\t<\/div>\n\t\t\t\t<div class=\"elementor-element elementor-element-99175d4 elementor-widget elementor-widget-text-editor\" data-id=\"99175d4\" data-element_type=\"widget\" data-e-type=\"widget\" data-widget_type=\"text-editor.default\">\n\t\t\t\t<div class=\"elementor-widget-container\">\n\t\t\t\t\t\t\t\t\t<p class=\"translation-block\">W tym kursie szkoleniowym, <strong>\u201cZapewnienie higienicznie zgodnego dzia\u0142ania wyparnych system\u00f3w ch\u0142odzenia\u201d<\/strong>, tre\u015b\u0107 wytycznej VDI 2047 cz\u0119\u015b\u0107 2 jest nauczana zgodnie z 42. federalnym rozporz\u0105dzeniem w sprawie kontroli imisji (42. BImSchV). Po pomy\u015blnym zdaniu egzaminu ko\u0144cowego uczestnicy otrzymuj\u0105 certyfikat osoby przeszkolonej w zakresie higieny. Uczestnicy, kt\u00f3rzy powtarzaj\u0105 szkolenie, otrzymuj\u0105 za\u015bwiadczenie o uczestnictwie na swoim certyfikacie. W cen\u0119 wliczone s\u0105 kompleksowe materia\u0142y szkoleniowe oraz catering.<\/p><p>Szkolenie skierowane jest do odpowiedzialnego personelu z obszar\u00f3w zarz\u0105dzania operacjami, produkcji, konserwacji i laboratori\u00f3w, a tak\u017ce praktykant\u00f3w, student\u00f3w i wszystkich zainteresowanych stron.<\/p>\t\t\t\t\t\t\t\t<\/div>\n\t\t\t\t<\/div>\n\t\t\t\t\t<\/div>\n\t\t<\/div>\n\t\t\t\t<div class=\"elementor-column elementor-col-50 elementor-inner-column elementor-element elementor-element-af50335\" data-id=\"af50335\" data-element_type=\"column\" data-e-type=\"column\" data-settings=\"{&quot;background_background&quot;:&quot;classic&quot;}\">\n\t\t\t<div class=\"elementor-widget-wrap elementor-element-populated\">\n\t\t\t\t\t\t<div class=\"elementor-element elementor-element-6f0c456 elementor-widget elementor-widget-text-editor\" data-id=\"6f0c456\" data-element_type=\"widget\" data-e-type=\"widget\" data-widget_type=\"text-editor.default\">\n\t\t\t\t<div class=\"elementor-widget-container\">\n\t\t\t\t\t\t\t\t\t<p>Daty szkole\u0144<\/p>\t\t\t\t\t\t\t\t<\/div>\n\t\t\t\t<\/div>\n\t\t\t\t<div class=\"elementor-element elementor-element-698ff93 elementor-icon-list--layout-traditional elementor-list-item-link-full_width elementor-widget elementor-widget-icon-list\" data-id=\"698ff93\" data-element_type=\"widget\" data-e-type=\"widget\" data-widget_type=\"icon-list.default\">\n\t\t\t\t<div class=\"elementor-widget-container\">\n\t\t\t\t\t\t\t<ul class=\"elementor-icon-list-items\">\n\t\t\t\t\t\t\t<li class=\"elementor-icon-list-item\">\n\t\t\t\t\t\t\t\t\t\t\t<span class=\"elementor-icon-list-icon\">\n\t\t\t\t\t\t\t<svg aria-hidden=\"true\" class=\"e-font-icon-svg e-far-calendar-check\" viewbox=\"0 0 448 512\" xmlns=\"http:\/\/www.w3.org\/2000\/svg\"><path d=\"M400 64h-48V12c0-6.627-5.373-12-12-12h-40c-6.627 0-12 5.373-12 12v52H160V12c0-6.627-5.373-12-12-12h-40c-6.627 0-12 5.373-12 12v52H48C21.49 64 0 85.49 0 112v352c0 26.51 21.49 48 48 48h352c26.51 0 48-21.49 48-48V112c0-26.51-21.49-48-48-48zm-6 400H54a6 6 0 0 1-6-6V160h352v298a6 6 0 0 1-6 6zm-52.849-200.65L198.842 404.519c-4.705 4.667-12.303 4.637-16.971-.068l-75.091-75.699c-4.667-4.705-4.637-12.303.068-16.971l22.719-22.536c4.705-4.667 12.303-4.637 16.97.069l44.104 44.461 111.072-110.181c4.705-4.667 12.303-4.637 16.971.068l22.536 22.718c4.667 4.705 4.636 12.303-.069 16.97z\"><\/path><\/svg>\t\t\t\t\t\t<\/span>\n\t\t\t\t\t\t\t\t\t\t<span class=\"elementor-icon-list-text\">25 marca 2026 r.<\/span>\n\t\t\t\t\t\t\t\t\t<\/li>\n\t\t\t\t\t\t\t\t<li class=\"elementor-icon-list-item\">\n\t\t\t\t\t\t\t\t\t\t\t<span class=\"elementor-icon-list-icon\">\n\t\t\t\t\t\t\t<svg aria-hidden=\"true\" class=\"e-font-icon-svg e-far-calendar-check\" viewbox=\"0 0 448 512\" xmlns=\"http:\/\/www.w3.org\/2000\/svg\"><path d=\"M400 64h-48V12c0-6.627-5.373-12-12-12h-40c-6.627 0-12 5.373-12 12v52H160V12c0-6.627-5.373-12-12-12h-40c-6.627 0-12 5.373-12 12v52H48C21.49 64 0 85.49 0 112v352c0 26.51 21.49 48 48 48h352c26.51 0 48-21.49 48-48V112c0-26.51-21.49-48-48-48zm-6 400H54a6 6 0 0 1-6-6V160h352v298a6 6 0 0 1-6 6zm-52.849-200.65L198.842 404.519c-4.705 4.667-12.303 4.637-16.971-.068l-75.091-75.699c-4.667-4.705-4.637-12.303.068-16.971l22.719-22.536c4.705-4.667 12.303-4.637 16.97.069l44.104 44.461 111.072-110.181c4.705-4.667 12.303-4.637 16.971.068l22.536 22.718c4.667 4.705 4.636 12.303-.069 16.97z\"><\/path><\/svg>\t\t\t\t\t\t<\/span>\n\t\t\t\t\t\t\t\t\t\t<span class=\"elementor-icon-list-text\">13 maja 2026 r.<\/span>\n\t\t\t\t\t\t\t\t\t<\/li>\n\t\t\t\t\t\t\t\t<li class=\"elementor-icon-list-item\">\n\t\t\t\t\t\t\t\t\t\t\t<span class=\"elementor-icon-list-icon\">\n\t\t\t\t\t\t\t<svg aria-hidden=\"true\" class=\"e-font-icon-svg e-far-calendar-check\" viewbox=\"0 0 448 512\" xmlns=\"http:\/\/www.w3.org\/2000\/svg\"><path d=\"M400 64h-48V12c0-6.627-5.373-12-12-12h-40c-6.627 0-12 5.373-12 12v52H160V12c0-6.627-5.373-12-12-12h-40c-6.627 0-12 5.373-12 12v52H48C21.49 64 0 85.49 0 112v352c0 26.51 21.49 48 48 48h352c26.51 0 48-21.49 48-48V112c0-26.51-21.49-48-48-48zm-6 400H54a6 6 0 0 1-6-6V160h352v298a6 6 0 0 1-6 6zm-52.849-200.65L198.842 404.519c-4.705 4.667-12.303 4.637-16.971-.068l-75.091-75.699c-4.667-4.705-4.637-12.303.068-16.971l22.719-22.536c4.705-4.667 12.303-4.637 16.97.069l44.104 44.461 111.072-110.181c4.705-4.667 12.303-4.637 16.971.068l22.536 22.718c4.667 4.705 4.636 12.303-.069 16.97z\"><\/path><\/svg>\t\t\t\t\t\t<\/span>\n\t\t\t\t\t\t\t\t\t\t<span class=\"elementor-icon-list-text\">30 wrze\u015bnia 2026 r.<\/span>\n\t\t\t\t\t\t\t\t\t<\/li>\n\t\t\t\t\t\t<\/ul>\n\t\t\t\t\t\t<\/div>\n\t\t\t\t<\/div>\n\t\t\t\t<div class=\"elementor-element elementor-element-5a13cae elementor-widget elementor-widget-text-editor\" data-id=\"5a13cae\" data-element_type=\"widget\" data-e-type=\"widget\" data-widget_type=\"text-editor.default\">\n\t\t\t\t<div class=\"elementor-widget-container\">\n\t\t\t\t\t\t\t\t\t<p><em>*Szkolenia odb\u0119d\u0105 si\u0119 w przypadku zg\u0142oszenia si\u0119 co najmniej 5 uczestnik\u00f3w. W przypadku niskiego popytu organizator zastrzega sobie prawo do przesuni\u0119cia planowanego terminu szkolenia po wcze\u015bniejszym uzgodnieniu.<\/em><\/p>\t\t\t\t\t\t\t\t<\/div>\n\t\t\t\t<\/div>\n\t\t\t\t\t<\/div>\n\t\t<\/div>\n\t\t\t\t\t<\/div>\n\t\t<\/section>\n\t\t\t\t\t<\/div>\n\t\t<\/div>\n\t\t\t\t\t<\/div>\n\t\t<\/section>\n\t\t\t\t<section class=\"elementor-section elementor-top-section elementor-element elementor-element-eb9c9ab elementor-section-boxed elementor-section-height-default elementor-section-height-default\" data-id=\"eb9c9ab\" data-element_type=\"section\" data-e-type=\"section\" data-settings=\"{&quot;background_background&quot;:&quot;classic&quot;}\">\n\t\t\t\t\t\t<div class=\"elementor-container elementor-column-gap-default\">\n\t\t\t\t\t<div class=\"elementor-column elementor-col-100 elementor-top-column elementor-element elementor-element-e3b4250 margin-content\" data-id=\"e3b4250\" data-element_type=\"column\" data-e-type=\"column\">\n\t\t\t<div class=\"elementor-widget-wrap elementor-element-populated\">\n\t\t\t\t\t\t<div class=\"elementor-element elementor-element-22cd353 elementor-widget elementor-widget-heading\" data-id=\"22cd353\" data-element_type=\"widget\" data-e-type=\"widget\" data-widget_type=\"heading.default\">\n\t\t\t\t<div class=\"elementor-widget-container\">\n\t\t\t\t\t<h4 class=\"elementor-heading-title elementor-size-default\">Zawarto\u015b\u0107<\/h4>\t\t\t\t<\/div>\n\t\t\t\t<\/div>\n\t\t\t\t<section class=\"elementor-section elementor-inner-section elementor-element elementor-element-4834d83 elementor-section-boxed elementor-section-height-default elementor-section-height-default\" data-id=\"4834d83\" data-element_type=\"section\" data-e-type=\"section\">\n\t\t\t\t\t\t<div class=\"elementor-container elementor-column-gap-default\">\n\t\t\t\t\t<div class=\"elementor-column elementor-col-50 elementor-inner-column elementor-element elementor-element-a1fe91f\" data-id=\"a1fe91f\" data-element_type=\"column\" data-e-type=\"column\">\n\t\t\t<div class=\"elementor-widget-wrap elementor-element-populated\">\n\t\t\t\t\t\t<div class=\"elementor-element elementor-element-52c1da6 elementor-widget elementor-widget-text-editor\" data-id=\"52c1da6\" data-element_type=\"widget\" data-e-type=\"widget\" data-widget_type=\"text-editor.default\">\n\t\t\t\t<div class=\"elementor-widget-container\">\n\t\t\t\t\t\t\t\t\t<ul><li>Wprowadzenie do VDI 2047, cz\u0119\u015b\u0107 2<\/li><li>Zasady projektowania i dzia\u0142ania wyparnych system\u00f3w ch\u0142odzenia<\/li><li>Odpowiednie zasady higieny zwi\u0105zane z dzia\u0142aniem wyparnych system\u00f3w ch\u0142odzenia<\/li><li>Odpowiednie podstawy mikrobiologii, w szczeg\u00f3lno\u015bci wyst\u0119powanie i zagro\u017cenia zwi\u0105zane z bakteri\u0105 Legionella, aspekty medyczne, w tym VDI 4250 cz\u0119\u015b\u0107 2<\/li><li>Odpowiednie podstawy chemii wody i proces\u00f3w korozji<\/li><li>Monitorowanie system\u00f3w<\/li><li>Kontrola parametr\u00f3w chemicznych i fizycznych<\/li><li>Analizy mikrobiologiczne i pobieranie pr\u00f3bek<\/li><li>Monitorowanie stosowania produkt\u00f3w biob\u00f3jczych<\/li><li>Konserwacja system\u00f3w, w tym czyszczenie i dezynfekcja<\/li><li>Odpowiednie przepisy prawa, regulacje i dalsze zasady techniczne:<ul><li>42. BImSchV<\/li><li>Obowi\u0105zek dbania o bezpiecze\u0144stwo ruchu<\/li><li>Ustawa o bezpiecze\u0144stwie i higienie pracy<\/li><li>Rozporz\u0105dzenie w sprawie \u015brodk\u00f3w biologicznych<\/li><li>Rozporz\u0105dzenie w sprawie substancji niebezpiecznych<\/li><\/ul><\/li><li>Wymiana do\u015bwiadcze\u0144, dyskusja, pisemny egzamin ko\u0144cowy<\/li><\/ul><p>\u00a0<\/p><p><strong>Cena: 635 \u20ac za osob\u0119 plus obowi\u0105zuj\u0105cy ustawowy podatek VAT<\/strong><\/p>\t\t\t\t\t\t\t\t<\/div>\n\t\t\t\t<\/div>\n\t\t\t\t\t<\/div>\n\t\t<\/div>\n\t\t\t\t<div class=\"elementor-column elementor-col-50 elementor-inner-column elementor-element elementor-element-6b8d63c\" data-id=\"6b8d63c\" data-element_type=\"column\" data-e-type=\"column\">\n\t\t\t<div class=\"elementor-widget-wrap elementor-element-populated\">\n\t\t\t\t\t\t<div class=\"elementor-element elementor-element-b4f77e1 elementor-widget elementor-widget-image\" data-id=\"b4f77e1\" data-element_type=\"widget\" data-e-type=\"widget\" data-widget_type=\"image.default\">\n\t\t\t\t<div class=\"elementor-widget-container\">\n\t\t\t\t\t\t\t\t\t\t\t\t\t\t\t\t<a href=\"https:\/\/www.vdi.de\/mitgliedschaft\/vdi-richtlinien\/unsere-richtlinien-highlights\/vdi-2047\">\n\t\t\t\t\t\t\t<img fetchpriority=\"high\" decoding=\"async\" width=\"650\" height=\"597\" src=\"\/wp-content\/uploads\/2026\/02\/VDI-Schulungspartnersiegel-2047-invers.jpg\" class=\"attachment-large size-large wp-image-20131\" alt=\"\" srcset=\"\/wp-content\/uploads\/2026\/02\/VDI-Schulungspartnersiegel-2047-invers.jpg 650w, \/wp-content\/uploads\/2026\/02\/VDI-Schulungspartnersiegel-2047-invers-300x276.jpg 300w, \/wp-content\/uploads\/2026\/02\/VDI-Schulungspartnersiegel-2047-invers-13x12.jpg 13w\" sizes=\"(max-width: 650px) 100vw, 650px\" data-no-translation=\"\" \/>\t\t\t\t\t\t\t\t<\/a>\n\t\t\t\t\t\t\t\t\t\t\t\t\t\t\t<\/div>\n\t\t\t\t<\/div>\n\t\t\t\t\t<\/div>\n\t\t<\/div>\n\t\t\t\t\t<\/div>\n\t\t<\/section>\n\t\t\t\t\t<\/div>\n\t\t<\/div>\n\t\t\t\t\t<\/div>\n\t\t<\/section>\n\t\t\t\t<section class=\"elementor-section elementor-top-section elementor-element elementor-element-6d38bfd elementor-section-full_width elementor-section-height-default elementor-section-height-default\" data-id=\"6d38bfd\" data-element_type=\"section\" data-e-type=\"section\" data-settings=\"{&quot;background_background&quot;:&quot;classic&quot;}\">\n\t\t\t\t\t\t<div class=\"elementor-container elementor-column-gap-no\">\n\t\t\t\t\t<div class=\"elementor-column elementor-col-100 elementor-top-column elementor-element elementor-element-38b3b12 margin-content\" data-id=\"38b3b12\" data-element_type=\"column\" data-e-type=\"column\">\n\t\t\t<div class=\"elementor-widget-wrap elementor-element-populated\">\n\t\t\t\t\t\t<div class=\"elementor-element elementor-element-a8a4a5c elementor-widget elementor-widget-menu-anchor\" data-id=\"a8a4a5c\" data-element_type=\"widget\" data-e-type=\"widget\" data-widget_type=\"menu-anchor.default\">\n\t\t\t\t<div class=\"elementor-widget-container\">\n\t\t\t\t\t\t\t<div class=\"elementor-menu-anchor\" id=\"form\"><\/div>\n\t\t\t\t\t\t<\/div>\n\t\t\t\t<\/div>\n\t\t\t\t<div class=\"elementor-element elementor-element-abc8663 elementor-widget elementor-widget-heading\" data-id=\"abc8663\" data-element_type=\"widget\" data-e-type=\"widget\" data-widget_type=\"heading.default\">\n\t\t\t\t<div class=\"elementor-widget-container\">\n\t\t\t\t\t<h2 class=\"elementor-heading-title elementor-size-default\">Rejestracja na szkolenie tutaj:<\/h2>\t\t\t\t<\/div>\n\t\t\t\t<\/div>\n\t\t\t\t<div class=\"elementor-element elementor-element-9fb1469 elementor-widget elementor-widget-html\" data-id=\"9fb1469\" data-element_type=\"widget\" data-e-type=\"widget\" data-widget_type=\"html.default\">\n\t\t\t\t<div class=\"elementor-widget-container\">\n\t\t\t\t\t<div\r\n        data-form-id='1bafc376-0608-f111-8406-7ced8d784796'\r\n        data-form-api-url='https:\/\/public-eur.mkt.dynamics.com\/api\/v1.0\/orgs\/30cac5a2-33f9-ed11-a66d-000d3a64d748\/landingpageforms'\r\n        data-cached-form-url='https:\/\/assets-eur.mkt.dynamics.com\/30cac5a2-33f9-ed11-a66d-000d3a64d748\/digitalassets\/forms\/1bafc376-0608-f111-8406-7ced8d784796' ><\/div>\r\n        <script src = 'https:\/\/cxppusa1formui01cdnsa01-endpoint.azureedge.net\/eur\/FormLoader\/FormLoader.bundle.js' ><\/script>\t\t\t\t<\/div>\n\t\t\t\t<\/div>\n\t\t\t\t\t<\/div>\n\t\t<\/div>\n\t\t\t\t\t<\/div>\n\t\t<\/section>\n\t\t\t\t<\/div>","protected":false},"excerpt":{"rendered":"<p>VDI 2047-Schulung VDI 2047 Training As an official VDI training partner, Kurita offers regular training sessions in accordance with the requirements of guideline VDI-MT 2047 Part 4. The events are generally held as one-day, in-person training sessions (from 8:30 a.m. to 5:00 p.m.) at the Kurita Europe Technology Center in D-41751 Viersen, Germany. By arrangement, [&hellip;]<\/p>\n","protected":false},"author":5,"featured_media":20131,"parent":0,"menu_order":0,"comment_status":"closed","ping_status":"closed","template":"","meta":{"footnotes":""},"class_list":["post-20129","page","type-page","status-publish","has-post-thumbnail","hentry"],"_links":{"self":[{"href":"https:\/\/www.kurita.eu\/pl\/wp-json\/wp\/v2\/pages\/20129","targetHints":{"allow":["GET"]}}],"collection":[{"href":"https:\/\/www.kurita.eu\/pl\/wp-json\/wp\/v2\/pages"}],"about":[{"href":"https:\/\/www.kurita.eu\/pl\/wp-json\/wp\/v2\/types\/page"}],"author":[{"embeddable":true,"href":"https:\/\/www.kurita.eu\/pl\/wp-json\/wp\/v2\/users\/5"}],"replies":[{"embeddable":true,"href":"https:\/\/www.kurita.eu\/pl\/wp-json\/wp\/v2\/comments?post=20129"}],"version-history":[{"count":37,"href":"https:\/\/www.kurita.eu\/pl\/wp-json\/wp\/v2\/pages\/20129\/revisions"}],"predecessor-version":[{"id":20841,"href":"https:\/\/www.kurita.eu\/pl\/wp-json\/wp\/v2\/pages\/20129\/revisions\/20841"}],"wp:featuredmedia":[{"embeddable":true,"href":"https:\/\/www.kurita.eu\/pl\/wp-json\/wp\/v2\/media\/20131"}],"wp:attachment":[{"href":"https:\/\/www.kurita.eu\/pl\/wp-json\/wp\/v2\/media?parent=20129"}],"curies":[{"name":"wp","href":"https:\/\/api.w.org\/{rel}","templated":true}]}}