{"id":21090,"date":"2026-03-12T08:18:23","date_gmt":"2026-03-12T08:18:23","guid":{"rendered":"https:\/\/www.kurita.eu\/?page_id=21090"},"modified":"2026-03-12T08:18:24","modified_gmt":"2026-03-12T08:18:24","slug":"webinar-pfas-rejestracja","status":"publish","type":"page","link":"https:\/\/www.kurita.eu\/pl\/webinar-pfas-rejestracja\/","title":{"rendered":"Webinarium: PFAS wsz\u0119dzie! Co w\u0142a\u015bciwie mo\u017cna z tym zrobi\u0107?"},"content":{"rendered":"<div data-elementor-type=\"wp-page\" data-elementor-id=\"21090\" class=\"elementor elementor-21090\" data-elementor-post-type=\"page\">\n\t\t\t\t\t\t<section class=\"elementor-section elementor-top-section elementor-element elementor-element-677aa1c6 elementor-section-height-min-height elementor-section-boxed elementor-section-height-default elementor-section-items-middle\" data-id=\"677aa1c6\" data-element_type=\"section\" data-e-type=\"section\" data-settings=\"{&quot;background_background&quot;:&quot;classic&quot;}\">\n\t\t\t\t\t\t\t<div class=\"elementor-background-overlay\"><\/div>\n\t\t\t\t\t\t\t<div class=\"elementor-container elementor-column-gap-default\">\n\t\t\t\t\t<div class=\"elementor-column elementor-col-100 elementor-top-column elementor-element elementor-element-342aee0a\" data-id=\"342aee0a\" data-element_type=\"column\" data-e-type=\"column\">\n\t\t\t<div class=\"elementor-widget-wrap elementor-element-populated\">\n\t\t\t\t\t\t<div class=\"elementor-element elementor-element-b4ecd69 elementor-align-center elementor-widget elementor-widget-button\" data-id=\"b4ecd69\" data-element_type=\"widget\" data-e-type=\"widget\" data-widget_type=\"button.default\">\n\t\t\t\t<div class=\"elementor-widget-container\">\n\t\t\t\t\t\t\t\t\t<div class=\"elementor-button-wrapper\">\n\t\t\t\t\t<a class=\"elementor-button elementor-button-link elementor-size-sm\" href=\"#register\">\n\t\t\t\t\t\t<span class=\"elementor-button-content-wrapper\">\n\t\t\t\t\t\t<span class=\"elementor-button-icon\">\n\t\t\t\t<svg aria-hidden=\"true\" class=\"e-font-icon-svg e-fas-microphone-alt\" viewbox=\"0 0 352 512\" xmlns=\"http:\/\/www.w3.org\/2000\/svg\"><path d=\"M336 192h-16c-8.84 0-16 7.16-16 16v48c0 74.8-64.49 134.82-140.79 127.38C96.71 376.89 48 317.11 48 250.3V208c0-8.84-7.16-16-16-16H16c-8.84 0-16 7.16-16 16v40.16c0 89.64 63.97 169.55 152 181.69V464H96c-8.84 0-16 7.16-16 16v16c0 8.84 7.16 16 16 16h160c8.84 0 16-7.16 16-16v-16c0-8.84-7.16-16-16-16h-56v-33.77C285.71 418.47 352 344.9 352 256v-48c0-8.84-7.16-16-16-16zM176 352c53.02 0 96-42.98 96-96h-85.33c-5.89 0-10.67-3.58-10.67-8v-16c0-4.42 4.78-8 10.67-8H272v-32h-85.33c-5.89 0-10.67-3.58-10.67-8v-16c0-4.42 4.78-8 10.67-8H272v-32h-85.33c-5.89 0-10.67-3.58-10.67-8v-16c0-4.42 4.78-8 10.67-8H272c0-53.02-42.98-96-96-96S80 42.98 80 96v160c0 53.02 42.98 96 96 96z\"><\/path><\/svg>\t\t\t<\/span>\n\t\t\t\t\t\t\t\t\t<span class=\"elementor-button-text\">WEBINAR<\/span>\n\t\t\t\t\t<\/span>\n\t\t\t\t\t<\/a>\n\t\t\t\t<\/div>\n\t\t\t\t\t\t\t\t<\/div>\n\t\t\t\t<\/div>\n\t\t\t\t<div class=\"elementor-element elementor-element-07ff627 elementor-widget elementor-widget-text-editor\" data-id=\"07ff627\" data-element_type=\"widget\" data-e-type=\"widget\" data-widget_type=\"text-editor.default\">\n\t\t\t\t<div class=\"elementor-widget-container\">\n\t\t\t\t\t\t\t\t\t<p><span style=\"letter-spacing: 0px;\">PFAS wsz\u0119dzie!<\/span><\/p>\t\t\t\t\t\t\t\t<\/div>\n\t\t\t\t<\/div>\n\t\t\t\t<div class=\"elementor-element elementor-element-e20d4e4 elementor-widget elementor-widget-text-editor\" data-id=\"e20d4e4\" data-element_type=\"widget\" data-e-type=\"widget\" data-widget_type=\"text-editor.default\">\n\t\t\t\t<div class=\"elementor-widget-container\">\n\t\t\t\t\t\t\t\t\t<p>Co w\u0142a\u015bciwie mo\u017cna z tym zrobi\u0107?<\/p>\t\t\t\t\t\t\t\t<\/div>\n\t\t\t\t<\/div>\n\t\t\t\t<div class=\"elementor-element elementor-element-a02398d elementor-widget elementor-widget-text-editor\" data-id=\"a02398d\" data-element_type=\"widget\" data-e-type=\"widget\" data-widget_type=\"text-editor.default\">\n\t\t\t\t<div class=\"elementor-widget-container\">\n\t\t\t\t\t\t\t\t\t<p>Rozwi\u0105zania Kurita 360\u00ba do oczyszczania wody z PFAS<\/p>\t\t\t\t\t\t\t\t<\/div>\n\t\t\t\t<\/div>\n\t\t\t\t\t<\/div>\n\t\t<\/div>\n\t\t\t\t\t<\/div>\n\t\t<\/section>\n\t\t\t\t<section class=\"elementor-section elementor-top-section elementor-element elementor-element-cd07e73 margin-content elementor-section-boxed elementor-section-height-default elementor-section-height-default\" data-id=\"cd07e73\" data-element_type=\"section\" data-e-type=\"section\">\n\t\t\t\t\t\t<div class=\"elementor-container elementor-column-gap-default\">\n\t\t\t\t\t<div class=\"elementor-column elementor-col-50 elementor-top-column elementor-element elementor-element-95c7156\" data-id=\"95c7156\" data-element_type=\"column\" data-e-type=\"column\">\n\t\t\t<div class=\"elementor-widget-wrap elementor-element-populated\">\n\t\t\t\t\t\t<div class=\"elementor-element elementor-element-597c98e elementor-widget-widescreen__width-initial elementor-widget-tablet__width-initial elementor-widget elementor-widget-heading\" data-id=\"597c98e\" data-element_type=\"widget\" data-e-type=\"widget\" data-widget_type=\"heading.default\">\n\t\t\t\t<div class=\"elementor-widget-container\">\n\t\t\t\t\t<h2 class=\"elementor-heading-title elementor-size-default\">Zarejestruj si\u0119 na nasze webinarium dotycz\u0105ce oczyszczania wody z PFAS<\/h2>\t\t\t\t<\/div>\n\t\t\t\t<\/div>\n\t\t\t\t<div class=\"elementor-element elementor-element-290075b elementor-widget__width-initial elementor-widget elementor-widget-text-editor\" data-id=\"290075b\" data-element_type=\"widget\" data-e-type=\"widget\" data-widget_type=\"text-editor.default\">\n\t\t\t\t<div class=\"elementor-widget-container\">\n\t\t\t\t\t\t\t\t\t<p>Zanieczyszczenie PFAS staje si\u0119 krytycznym wyzwaniem dla przemys\u0142u i przedsi\u0119biorstw u\u017cyteczno\u015bci publicznej zarz\u0105dzaj\u0105cych wod\u0105. Wraz z zaostrzaj\u0105cymi si\u0119 przepisami UE, rozszerzaj\u0105cymi si\u0119 wymogami dotycz\u0105cymi monitorowania i rosn\u0105c\u0105 kontrol\u0105 zrzut\u00f3w, organizacje potrzebuj\u0105 jasnego zrozumienia, gdzie wyst\u0119puj\u0105 PFAS i jak mo\u017cna nimi skutecznie zarz\u0105dza\u0107.<\/p><p>To webinarium zawiera przegl\u0105d zachowania PFAS w systemach wodnych, kluczowe czynniki regulacyjne w Europie, sektory i zastosowania, kt\u00f3rych to dotyczy, oraz przegl\u0105d technologii PFAS obecnie dost\u0119pnych na rynku. Kurita przedstawia swoje<strong> Rozwi\u0105zanie do uzdatniania wody 360\u00ba PFAS<\/strong>, Podej\u015bcie systemowe \u0142\u0105cz\u0105ce analiz\u0119 PFAS, pe\u0142ne audyty system\u00f3w, testy laboratoryjne i pilota\u017cowe oraz dostosowane strategie leczenia.<\/p><p>Uczestnicy uzyskaj\u0105 wgl\u0105d w dost\u0119pne opcje oczyszczania PFAS, w tym flokulacj\u0119\/koagulacj\u0119, adsorpcj\u0119 i podej\u015bcia oparte na membranach, a tak\u017ce dowiedz\u0105 si\u0119, w jaki spos\u00f3b mo\u017cna \u0142\u0105czy\u0107 te technologie, aby sprosta\u0107 specyficznym dla danego miejsca chemikaliom wody i przysz\u0142ym wymogom regulacyjnym, koncentruj\u0105c si\u0119 nie na jednym produkcie, ale na zintegrowanych rozwi\u0105zaniach, kt\u00f3re mog\u0105 wspiera\u0107 d\u0142ugoterminow\u0105 zgodno\u015b\u0107 i niezawodno\u015b\u0107 operacyjn\u0105.<\/p>\t\t\t\t\t\t\t\t<\/div>\n\t\t\t\t<\/div>\n\t\t\t\t<div class=\"elementor-element elementor-element-1fd533b1 elementor-widget__width-initial elementor-widget elementor-widget-text-editor\" data-id=\"1fd533b1\" data-element_type=\"widget\" data-e-type=\"widget\" data-widget_type=\"text-editor.default\">\n\t\t\t\t<div class=\"elementor-widget-container\">\n\t\t\t\t\t\t\t\t\t<h5>Szczeg\u00f3\u0142y sesji:<\/h5>\t\t\t\t\t\t\t\t<\/div>\n\t\t\t\t<\/div>\n\t\t\t\t<div class=\"elementor-element elementor-element-68a9609 elementor-icon-list--layout-traditional elementor-list-item-link-full_width elementor-widget elementor-widget-icon-list\" data-id=\"68a9609\" data-element_type=\"widget\" data-e-type=\"widget\" data-widget_type=\"icon-list.default\">\n\t\t\t\t<div class=\"elementor-widget-container\">\n\t\t\t\t\t\t\t<ul class=\"elementor-icon-list-items\">\n\t\t\t\t\t\t\t<li class=\"elementor-icon-list-item\">\n\t\t\t\t\t\t\t\t\t\t\t<span class=\"elementor-icon-list-icon\">\n\t\t\t\t\t\t\t<svg aria-hidden=\"true\" class=\"e-font-icon-svg e-far-calendar-alt\" viewbox=\"0 0 448 512\" xmlns=\"http:\/\/www.w3.org\/2000\/svg\"><path d=\"M148 288h-40c-6.6 0-12-5.4-12-12v-40c0-6.6 5.4-12 12-12h40c6.6 0 12 5.4 12 12v40c0 6.6-5.4 12-12 12zm108-12v-40c0-6.6-5.4-12-12-12h-40c-6.6 0-12 5.4-12 12v40c0 6.6 5.4 12 12 12h40c6.6 0 12-5.4 12-12zm96 0v-40c0-6.6-5.4-12-12-12h-40c-6.6 0-12 5.4-12 12v40c0 6.6 5.4 12 12 12h40c6.6 0 12-5.4 12-12zm-96 96v-40c0-6.6-5.4-12-12-12h-40c-6.6 0-12 5.4-12 12v40c0 6.6 5.4 12 12 12h40c6.6 0 12-5.4 12-12zm-96 0v-40c0-6.6-5.4-12-12-12h-40c-6.6 0-12 5.4-12 12v40c0 6.6 5.4 12 12 12h40c6.6 0 12-5.4 12-12zm192 0v-40c0-6.6-5.4-12-12-12h-40c-6.6 0-12 5.4-12 12v40c0 6.6 5.4 12 12 12h40c6.6 0 12-5.4 12-12zm96-260v352c0 26.5-21.5 48-48 48H48c-26.5 0-48-21.5-48-48V112c0-26.5 21.5-48 48-48h48V12c0-6.6 5.4-12 12-12h40c6.6 0 12 5.4 12 12v52h128V12c0-6.6 5.4-12 12-12h40c6.6 0 12 5.4 12 12v52h48c26.5 0 48 21.5 48 48zm-48 346V160H48v298c0 3.3 2.7 6 6 6h340c3.3 0 6-2.7 6-6z\"><\/path><\/svg>\t\t\t\t\t\t<\/span>\n\t\t\t\t\t\t\t\t\t\t<span class=\"elementor-icon-list-text\">13 kwietnia<sup>th<\/sup>, 2026<\/span>\n\t\t\t\t\t\t\t\t\t<\/li>\n\t\t\t\t\t\t\t\t<li class=\"elementor-icon-list-item\">\n\t\t\t\t\t\t\t\t\t\t\t<span class=\"elementor-icon-list-icon\">\n\t\t\t\t\t\t\t<svg aria-hidden=\"true\" class=\"e-font-icon-svg e-far-clock\" viewbox=\"0 0 512 512\" xmlns=\"http:\/\/www.w3.org\/2000\/svg\"><path d=\"M256 8C119 8 8 119 8 256s111 248 248 248 248-111 248-248S393 8 256 8zm0 448c-110.5 0-200-89.5-200-200S145.5 56 256 56s200 89.5 200 200-89.5 200-200 200zm61.8-104.4l-84.9-61.7c-3.1-2.3-4.9-5.9-4.9-9.7V116c0-6.6 5.4-12 12-12h32c6.6 0 12 5.4 12 12v141.7l66.8 48.6c5.4 3.9 6.5 11.4 2.6 16.8L334.6 349c-3.9 5.3-11.4 6.5-16.8 2.6z\"><\/path><\/svg>\t\t\t\t\t\t<\/span>\n\t\t\t\t\t\t\t\t\t\t<span class=\"elementor-icon-list-text\">11:00 (CET)<\/span>\n\t\t\t\t\t\t\t\t\t<\/li>\n\t\t\t\t\t\t<\/ul>\n\t\t\t\t\t\t<\/div>\n\t\t\t\t<\/div>\n\t\t\t\t<div class=\"elementor-element elementor-element-968fe14 elementor-widget elementor-widget-text-editor\" data-id=\"968fe14\" data-element_type=\"widget\" data-e-type=\"widget\" data-widget_type=\"text-editor.default\">\n\t\t\t\t<div class=\"elementor-widget-container\">\n\t\t\t\t\t\t\t\t\t<h5><span lang=\"EN-GB\">Wyr\u00f3\u017cniony m\u00f3wca:<\/span><\/h5>\t\t\t\t\t\t\t\t<\/div>\n\t\t\t\t<\/div>\n\t\t\t\t<section class=\"elementor-section elementor-inner-section elementor-element elementor-element-8d9e991 elementor-section-boxed elementor-section-height-default elementor-section-height-default\" data-id=\"8d9e991\" data-element_type=\"section\" data-e-type=\"section\" data-settings=\"{&quot;background_background&quot;:&quot;classic&quot;}\">\n\t\t\t\t\t\t<div class=\"elementor-container elementor-column-gap-default\">\n\t\t\t\t\t<div class=\"elementor-column elementor-col-100 elementor-inner-column elementor-element elementor-element-b58e588\" data-id=\"b58e588\" data-element_type=\"column\" data-e-type=\"column\">\n\t\t\t<div class=\"elementor-widget-wrap elementor-element-populated\">\n\t\t\t\t\t\t<div class=\"elementor-element elementor-element-f0b4db0 elementor-author-box--layout-image-above elementor-author-box--align-center elementor-widget elementor-widget-author-box\" data-id=\"f0b4db0\" data-element_type=\"widget\" data-e-type=\"widget\" data-widget_type=\"author-box.default\">\n\t\t\t\t<div class=\"elementor-widget-container\">\n\t\t\t\t\t\t\t<div class=\"elementor-author-box\">\n\t\t\t\t\t\t\t<div  class=\"elementor-author-box__avatar\">\n\t\t\t\t\t<img decoding=\"async\" src=\"\/wp-content\/uploads\/2025\/12\/Georgia-Skordalou.jpg\" alt=\"Picture of Georgia Skordalou\" loading=\"lazy\" data-no-translation=\"\">\n\t\t\t\t<\/div>\n\t\t\t\n\t\t\t<div class=\"elementor-author-box__text\">\n\t\t\t\t\t\t\t\t\t<div >\n\t\t\t\t\t\t<span class=\"elementor-author-box__name\">\n\t\t\t\t\t\t\tGeorgia Skordalou\t\t\t\t\t\t<\/span>\n\t\t\t\t\t<\/div>\n\t\t\t\t\n\t\t\t\t\t\t\t\t\t<div class=\"elementor-author-box__bio\">\n\t\t\t\t\t\t<p>Specjalista ds. produkt\u00f3w<\/p>\n\t\t\t\t\t<\/div>\n\t\t\t\t\n\t\t\t\t\t\t\t<\/div>\n\t\t<\/div>\n\t\t\t\t\t\t<\/div>\n\t\t\t\t<\/div>\n\t\t\t\t\t<\/div>\n\t\t<\/div>\n\t\t\t\t\t<\/div>\n\t\t<\/section>\n\t\t\t\t<div class=\"elementor-element elementor-element-d1552ea elementor-widget__width-initial elementor-widget elementor-widget-text-editor\" data-id=\"d1552ea\" data-element_type=\"widget\" data-e-type=\"widget\" data-widget_type=\"text-editor.default\">\n\t\t\t\t<div class=\"elementor-widget-container\">\n\t\t\t\t\t\t\t\t\t<p>Do\u0142\u0105cz do nas, aby zidentyfikowa\u0107 miejsca wyst\u0119powania PFAS, zrozumie\u0107 ich zachowanie w systemach wodnych i zastosowa\u0107 najskuteczniejsze technologie oczyszczania, aby spe\u0142ni\u0107 obecne i nadchodz\u0105ce wymogi prawne.<\/p><p><strong>Zarezerwuj swoje miejsce ju\u017c dzi\u015b i uzyskaj dost\u0119p do pe\u0142nego webinaru i spostrze\u017ce\u0144 ekspert\u00f3w.<\/strong><\/p>\t\t\t\t\t\t\t\t<\/div>\n\t\t\t\t<\/div>\n\t\t\t\t\t<\/div>\n\t\t<\/div>\n\t\t\t\t<div class=\"elementor-column elementor-col-50 elementor-top-column elementor-element elementor-element-f59f490\" data-id=\"f59f490\" data-element_type=\"column\" data-e-type=\"column\" data-settings=\"{&quot;background_background&quot;:&quot;classic&quot;}\">\n\t\t\t<div class=\"elementor-widget-wrap elementor-element-populated\">\n\t\t\t\t\t\t<div class=\"elementor-element elementor-element-fd068ea elementor-widget elementor-widget-menu-anchor\" data-id=\"fd068ea\" data-element_type=\"widget\" data-e-type=\"widget\" data-widget_type=\"menu-anchor.default\">\n\t\t\t\t<div class=\"elementor-widget-container\">\n\t\t\t\t\t\t\t<div class=\"elementor-menu-anchor\" id=\"register\"><\/div>\n\t\t\t\t\t\t<\/div>\n\t\t\t\t<\/div>\n\t\t\t\t<div class=\"elementor-element elementor-element-989db90 elementor-widget elementor-widget-text-editor\" data-id=\"989db90\" data-element_type=\"widget\" data-e-type=\"widget\" data-widget_type=\"text-editor.default\">\n\t\t\t\t<div class=\"elementor-widget-container\">\n\t\t\t\t\t\t\t\t\t<h5>Zarejestruj si\u0119 tutaj<\/h5>\t\t\t\t\t\t\t\t<\/div>\n\t\t\t\t<\/div>\n\t\t\t\t<div class=\"elementor-element elementor-element-25c132e elementor-widget elementor-widget-text-editor\" data-id=\"25c132e\" data-element_type=\"widget\" data-e-type=\"widget\" data-widget_type=\"text-editor.default\">\n\t\t\t\t<div class=\"elementor-widget-container\">\n\t\t\t\t\t\t\t\t\t<p>Wype\u0142nij poni\u017cszy formularz, aby zarezerwowa\u0107 miejsce:<\/p>\t\t\t\t\t\t\t\t<\/div>\n\t\t\t\t<\/div>\n\t\t\t\t<div class=\"elementor-element elementor-element-9201c9f elementor-widget elementor-widget-html\" data-id=\"9201c9f\" data-element_type=\"widget\" data-e-type=\"widget\" data-widget_type=\"html.default\">\n\t\t\t\t<div class=\"elementor-widget-container\">\n\t\t\t\t\t<div\r\n        data-form-id='7bd5ee7b-741c-f111-8341-7ced8d45ad75'\r\n        data-form-api-url='https:\/\/public-eur.mkt.dynamics.com\/api\/v1.0\/orgs\/30cac5a2-33f9-ed11-a66d-000d3a64d748\/landingpageforms'\r\n        data-cached-form-url='https:\/\/assets-eur.mkt.dynamics.com\/30cac5a2-33f9-ed11-a66d-000d3a64d748\/digitalassets\/forms\/7bd5ee7b-741c-f111-8341-7ced8d45ad75' ><\/div>\r\n        <script src = 'https:\/\/cxppusa1formui01cdnsa01-endpoint.azureedge.net\/eur\/FormLoader\/FormLoader.bundle.js' ><\/script>\t\t\t\t<\/div>\n\t\t\t\t<\/div>\n\t\t\t\t\t<\/div>\n\t\t<\/div>\n\t\t\t\t\t<\/div>\n\t\t<\/section>\n\t\t\t\t<\/div>","protected":false},"excerpt":{"rendered":"<p>Odkryj, w jaki spos\u00f3b autopsje membranowe mog\u0105 sta\u0107 si\u0119 pot\u0119\u017cnym narz\u0119dziem do poprawy niezawodno\u015bci, obni\u017cenia koszt\u00f3w operacyjnych i zapobiegania awariom wydajno\u015bci.<\/p>","protected":false},"author":7,"featured_media":21091,"parent":0,"menu_order":0,"comment_status":"closed","ping_status":"closed","template":"","meta":{"footnotes":""},"class_list":["post-21090","page","type-page","status-publish","has-post-thumbnail","hentry"],"yoast_head":"<!-- This site is optimized with the Yoast SEO plugin v25.5 - https:\/\/yoast.com\/wordpress\/plugins\/seo\/ -->\n<title>Webinar: PFAS Everywhere! So, What Can You Actually Do About It?<\/title>\n<meta name=\"description\" content=\"Learn how to manage and treat PFAS with Kurita\u2019s 360\u00ba solutions. Join our webinar for practical technologies to meet tightening regulations.\" \/>\n<meta name=\"robots\" content=\"index, follow, max-snippet:-1, max-image-preview:large, max-video-preview:-1\" \/>\n<link rel=\"canonical\" href=\"https:\/\/kurita.eu\/en\/webinar-pfas-registration\/\" \/>\n<meta property=\"og:locale\" content=\"pl_PL\" \/>\n<meta property=\"og:type\" content=\"article\" \/>\n<meta property=\"og:title\" content=\"Webinar: PFAS Everywhere! So, What Can You Actually Do About It?\" \/>\n<meta property=\"og:description\" content=\"Learn how to manage and treat PFAS with Kurita\u2019s 360\u00ba solutions. Join our webinar for practical technologies to meet tightening regulations.\" \/>\n<meta property=\"og:url\" content=\"https:\/\/kurita.eu\/en\/webinar-pfas-registration\/\" \/>\n<meta property=\"og:site_name\" content=\"Kurita Europe\" \/>\n<meta property=\"article:modified_time\" content=\"2026-03-12T08:18:24+00:00\" \/>\n<meta property=\"og:image\" content=\"https:\/\/www.kurita.eu\/wp-content\/uploads\/2026\/03\/PFAS-External-Webinar.png\" \/>\n\t<meta property=\"og:image:width\" content=\"1200\" \/>\n\t<meta property=\"og:image:height\" content=\"627\" \/>\n\t<meta property=\"og:image:type\" content=\"image\/png\" \/>\n<meta name=\"twitter:card\" content=\"summary_large_image\" \/>\n<meta name=\"twitter:label1\" content=\"Szacowany czas czytania\" \/>\n\t<meta name=\"twitter:data1\" content=\"2 minuty\" \/>\n<script type=\"application\/ld+json\" class=\"yoast-schema-graph\">{\"@context\":\"https:\/\/schema.org\",\"@graph\":[{\"@type\":\"WebPage\",\"@id\":\"https:\/\/kurita.eu\/en\/webinar-pfas-registration\/\",\"url\":\"https:\/\/kurita.eu\/en\/webinar-pfas-registration\/\",\"name\":\"Webinar: PFAS Everywhere! So, What Can You Actually Do About It?\",\"isPartOf\":{\"@id\":\"https:\/\/kurita.eu\/en\/#website\"},\"primaryImageOfPage\":{\"@id\":\"https:\/\/kurita.eu\/en\/webinar-pfas-registration\/#primaryimage\"},\"image\":{\"@id\":\"https:\/\/kurita.eu\/en\/webinar-pfas-registration\/#primaryimage\"},\"thumbnailUrl\":\"\/wp-content\/uploads\/2026\/03\/PFAS-External-Webinar.png\",\"datePublished\":\"2026-03-12T08:18:23+00:00\",\"dateModified\":\"2026-03-12T08:18:24+00:00\",\"description\":\"Learn how to manage and treat PFAS with Kurita\u2019s 360\u00ba solutions. Join our webinar for practical technologies to meet tightening regulations.\",\"breadcrumb\":{\"@id\":\"https:\/\/kurita.eu\/en\/webinar-pfas-registration\/#breadcrumb\"},\"inLanguage\":\"pl-PL\",\"potentialAction\":[{\"@type\":\"ReadAction\",\"target\":[\"https:\/\/kurita.eu\/en\/webinar-pfas-registration\/\"]}]},{\"@type\":\"ImageObject\",\"inLanguage\":\"pl-PL\",\"@id\":\"https:\/\/kurita.eu\/en\/webinar-pfas-registration\/#primaryimage\",\"url\":\"\/wp-content\/uploads\/2026\/03\/PFAS-External-Webinar.png\",\"contentUrl\":\"\/wp-content\/uploads\/2026\/03\/PFAS-External-Webinar.png\",\"width\":1200,\"height\":627},{\"@type\":\"BreadcrumbList\",\"@id\":\"https:\/\/kurita.eu\/en\/webinar-pfas-registration\/#breadcrumb\",\"itemListElement\":[{\"@type\":\"ListItem\",\"position\":1,\"name\":\"Home\",\"item\":\"https:\/\/www.kurita.eu\/en\/\"},{\"@type\":\"ListItem\",\"position\":2,\"name\":\"Webinar: PFAS Everywhere! So, What Can You Actually Do About It?\"}]},{\"@type\":\"WebSite\",\"@id\":\"https:\/\/kurita.eu\/en\/#website\",\"url\":\"https:\/\/kurita.eu\/en\/\",\"name\":\"Kurita Europe\",\"description\":\"Water Treatment Solutions\",\"publisher\":{\"@id\":\"https:\/\/kurita.eu\/en\/#organization\"},\"potentialAction\":[{\"@type\":\"SearchAction\",\"target\":{\"@type\":\"EntryPoint\",\"urlTemplate\":\"https:\/\/kurita.eu\/en\/?s={search_term_string}\"},\"query-input\":{\"@type\":\"PropertyValueSpecification\",\"valueRequired\":true,\"valueName\":\"search_term_string\"}}],\"inLanguage\":\"pl-PL\"},{\"@type\":\"Organization\",\"@id\":\"https:\/\/kurita.eu\/en\/#organization\",\"name\":\"Kurita Europe\",\"url\":\"https:\/\/kurita.eu\/en\/\",\"logo\":{\"@type\":\"ImageObject\",\"inLanguage\":\"pl-PL\",\"@id\":\"https:\/\/kurita.eu\/en\/#\/schema\/logo\/image\/\",\"url\":\"\/wp-content\/uploads\/2025\/05\/cropped-brand_mark_horizon_blue.png\",\"contentUrl\":\"\/wp-content\/uploads\/2025\/05\/cropped-brand_mark_horizon_blue.png\",\"width\":712,\"height\":204,\"caption\":\"Kurita Europe\"},\"image\":{\"@id\":\"https:\/\/kurita.eu\/en\/#\/schema\/logo\/image\/\"}}]}<\/script>\n<!-- \/ Yoast SEO plugin. -->","yoast_head_json":{"title":"Webinarium: PFAS wsz\u0119dzie! Co w\u0142a\u015bciwie mo\u017cna z tym zrobi\u0107?","description":"Dowiedz si\u0119, jak zarz\u0105dza\u0107 i oczyszcza\u0107 PFAS za pomoc\u0105 rozwi\u0105za\u0144 360\u00ba Kurita. Do\u0142\u0105cz do naszego webinarium, aby pozna\u0107 praktyczne technologie pozwalaj\u0105ce spe\u0142ni\u0107 zaostrzaj\u0105ce si\u0119 przepisy.","robots":{"index":"index","follow":"follow","max-snippet":"max-snippet:-1","max-image-preview":"max-image-preview:large","max-video-preview":"max-video-preview:-1"},"canonical":"https:\/\/kurita.eu\/en\/webinar-pfas-registration\/","og_locale":"pl_PL","og_type":"article","og_title":"Webinar: PFAS Everywhere! So, What Can You Actually Do About It?","og_description":"Learn how to manage and treat PFAS with Kurita\u2019s 360\u00ba solutions. Join our webinar for practical technologies to meet tightening regulations.","og_url":"https:\/\/kurita.eu\/en\/webinar-pfas-registration\/","og_site_name":"Kurita Europe","article_modified_time":"2026-03-12T08:18:24+00:00","og_image":[{"width":1200,"height":627,"url":"https:\/\/www.kurita.eu\/wp-content\/uploads\/2026\/03\/PFAS-External-Webinar.png","type":"image\/png"}],"twitter_card":"summary_large_image","twitter_misc":{"Szacowany czas czytania":"2 minuty"},"schema":{"@context":"https:\/\/schema.org","@graph":[{"@type":"WebPage","@id":"https:\/\/kurita.eu\/en\/webinar-pfas-registration\/","url":"https:\/\/kurita.eu\/en\/webinar-pfas-registration\/","name":"Webinarium: PFAS wsz\u0119dzie! Co w\u0142a\u015bciwie mo\u017cna z tym zrobi\u0107?","isPartOf":{"@id":"https:\/\/kurita.eu\/en\/#website"},"primaryImageOfPage":{"@id":"https:\/\/kurita.eu\/en\/webinar-pfas-registration\/#primaryimage"},"image":{"@id":"https:\/\/kurita.eu\/en\/webinar-pfas-registration\/#primaryimage"},"thumbnailUrl":"\/wp-content\/uploads\/2026\/03\/PFAS-External-Webinar.png","datePublished":"2026-03-12T08:18:23+00:00","dateModified":"2026-03-12T08:18:24+00:00","description":"Dowiedz si\u0119, jak zarz\u0105dza\u0107 i oczyszcza\u0107 PFAS za pomoc\u0105 rozwi\u0105za\u0144 360\u00ba Kurita. Do\u0142\u0105cz do naszego webinarium, aby pozna\u0107 praktyczne technologie pozwalaj\u0105ce spe\u0142ni\u0107 zaostrzaj\u0105ce si\u0119 przepisy.","breadcrumb":{"@id":"https:\/\/kurita.eu\/en\/webinar-pfas-registration\/#breadcrumb"},"inLanguage":"pl-PL","potentialAction":[{"@type":"ReadAction","target":["https:\/\/kurita.eu\/en\/webinar-pfas-registration\/"]}]},{"@type":"ImageObject","inLanguage":"pl-PL","@id":"https:\/\/kurita.eu\/en\/webinar-pfas-registration\/#primaryimage","url":"\/wp-content\/uploads\/2026\/03\/PFAS-External-Webinar.png","contentUrl":"\/wp-content\/uploads\/2026\/03\/PFAS-External-Webinar.png","width":1200,"height":627},{"@type":"BreadcrumbList","@id":"https:\/\/kurita.eu\/en\/webinar-pfas-registration\/#breadcrumb","itemListElement":[{"@type":"ListItem","position":1,"name":"Home","item":"https:\/\/www.kurita.eu\/en\/"},{"@type":"ListItem","position":2,"name":"Webinar: PFAS Everywhere! So, What Can You Actually Do About It?"}]},{"@type":"WebSite","@id":"https:\/\/kurita.eu\/en\/#website","url":"https:\/\/kurita.eu\/en\/","name":"Kurita Europe","description":"Rozwi\u0105zania do uzdatniania wody","publisher":{"@id":"https:\/\/kurita.eu\/en\/#organization"},"potentialAction":[{"@type":"SearchAction","target":{"@type":"EntryPoint","urlTemplate":"https:\/\/kurita.eu\/en\/?s={search_term_string}"},"query-input":{"@type":"PropertyValueSpecification","valueRequired":true,"valueName":"search_term_string"}}],"inLanguage":"pl-PL"},{"@type":"Organization","@id":"https:\/\/kurita.eu\/en\/#organization","name":"Kurita Europe","url":"https:\/\/kurita.eu\/en\/","logo":{"@type":"ImageObject","inLanguage":"pl-PL","@id":"https:\/\/kurita.eu\/en\/#\/schema\/logo\/image\/","url":"\/wp-content\/uploads\/2025\/05\/cropped-brand_mark_horizon_blue.png","contentUrl":"\/wp-content\/uploads\/2025\/05\/cropped-brand_mark_horizon_blue.png","width":712,"height":204,"caption":"Kurita Europe"},"image":{"@id":"https:\/\/kurita.eu\/en\/#\/schema\/logo\/image\/"}}]}},"_links":{"self":[{"href":"https:\/\/www.kurita.eu\/pl\/wp-json\/wp\/v2\/pages\/21090","targetHints":{"allow":["GET"]}}],"collection":[{"href":"https:\/\/www.kurita.eu\/pl\/wp-json\/wp\/v2\/pages"}],"about":[{"href":"https:\/\/www.kurita.eu\/pl\/wp-json\/wp\/v2\/types\/page"}],"author":[{"embeddable":true,"href":"https:\/\/www.kurita.eu\/pl\/wp-json\/wp\/v2\/users\/7"}],"replies":[{"embeddable":true,"href":"https:\/\/www.kurita.eu\/pl\/wp-json\/wp\/v2\/comments?post=21090"}],"version-history":[{"count":13,"href":"https:\/\/www.kurita.eu\/pl\/wp-json\/wp\/v2\/pages\/21090\/revisions"}],"predecessor-version":[{"id":21110,"href":"https:\/\/www.kurita.eu\/pl\/wp-json\/wp\/v2\/pages\/21090\/revisions\/21110"}],"wp:featuredmedia":[{"embeddable":true,"href":"https:\/\/www.kurita.eu\/pl\/wp-json\/wp\/v2\/media\/21091"}],"wp:attachment":[{"href":"https:\/\/www.kurita.eu\/pl\/wp-json\/wp\/v2\/media?parent=21090"}],"curies":[{"name":"wp","href":"https:\/\/api.w.org\/{rel}","templated":true}]}}