{"id":13428,"date":"2025-04-23T11:15:43","date_gmt":"2025-04-23T11:15:43","guid":{"rendered":"https:\/\/kurita-eu-gudza2cjbzfhcwbx.francecentral-01.azurewebsites.net\/?page_id=13428"},"modified":"2026-02-16T14:52:35","modified_gmt":"2026-02-16T14:52:35","slug":"industria-quimica","status":"publish","type":"page","link":"https:\/\/www.kurita.eu\/pt\/chemical-industry\/","title":{"rendered":"Ind\u00fastria qu\u00edmica"},"content":{"rendered":"<div data-elementor-type=\"wp-page\" data-elementor-id=\"13428\" class=\"elementor elementor-13428\" data-elementor-post-type=\"page\">\n\t\t\t\t\t\t<section class=\"elementor-section elementor-top-section elementor-element elementor-element-10df01d6 elementor-section-full_width elementor-section-height-default elementor-section-height-default\" data-id=\"10df01d6\" data-element_type=\"section\" data-e-type=\"section\">\n\t\t\t\t\t\t<div class=\"elementor-container elementor-column-gap-default\">\n\t\t\t\t\t<div class=\"elementor-column elementor-col-100 elementor-top-column elementor-element elementor-element-31cfc3ca\" data-id=\"31cfc3ca\" data-element_type=\"column\" data-e-type=\"column\">\n\t\t\t<div class=\"elementor-widget-wrap elementor-element-populated\">\n\t\t\t\t\t\t<div class=\"elementor-element elementor-element-1d28713 elementor--h-position-center elementor--v-position-middle elementor-arrows-position-inside elementor-pagination-position-inside elementor-widget elementor-widget-slides\" data-id=\"1d28713\" data-element_type=\"widget\" data-e-type=\"widget\" data-settings=\"{&quot;navigation&quot;:&quot;both&quot;,&quot;autoplay&quot;:&quot;yes&quot;,&quot;pause_on_hover&quot;:&quot;yes&quot;,&quot;pause_on_interaction&quot;:&quot;yes&quot;,&quot;autoplay_speed&quot;:5000,&quot;infinite&quot;:&quot;yes&quot;,&quot;transition&quot;:&quot;slide&quot;,&quot;transition_speed&quot;:500}\" data-widget_type=\"slides.default\">\n\t\t\t\t<div class=\"elementor-widget-container\">\n\t\t\t\t\t\t\t\t\t<div class=\"elementor-swiper\">\n\t\t\t\t\t<div class=\"elementor-slides-wrapper elementor-main-swiper swiper\" role=\"region\" aria-roledescription=\"carousel\" aria-label=\"Deslizamentos\" dir=\"ltr\" data-animation=\"fadeInUp\">\n\t\t\t\t<div class=\"swiper-wrapper elementor-slides\">\n\t\t\t\t\t\t\t\t\t\t<div class=\"elementor-repeater-item-4e0b9f7 swiper-slide\" role=\"group\" aria-roledescription=\"slide\"><div class=\"swiper-slide-bg elementor-ken-burns elementor-ken-burns--in\" role=\"img\" aria-label=\"Ind\u00fastrias_Qu\u00edmica_Farmac\u00eautica-fc018a7c-1.jpg\"><\/div><div class=\"elementor-background-overlay\"><\/div><div class=\"swiper-slide-inner\" ><div class=\"swiper-slide-contents\"><h1 class=\"elementor-slide-heading\">Ind\u00fastria qu\u00edmica<\/h1><\/div><\/div><\/div>\t\t\t\t<\/div>\n\t\t\t\t\t\t\t<\/div>\n\t\t\t\t<\/div>\n\t\t\t\t\t\t\t\t<\/div>\n\t\t\t\t<\/div>\n\t\t\t\t\t<\/div>\n\t\t<\/div>\n\t\t\t\t\t<\/div>\n\t\t<\/section>\n\t\t\t\t<section class=\"elementor-section elementor-top-section elementor-element elementor-element-16203c1c elementor-section-boxed elementor-section-height-default elementor-section-height-default\" data-id=\"16203c1c\" data-element_type=\"section\" data-e-type=\"section\">\n\t\t\t\t\t\t<div class=\"elementor-container elementor-column-gap-default\">\n\t\t\t\t\t<div class=\"elementor-column elementor-col-100 elementor-top-column elementor-element elementor-element-5bf60af9 margin-content\" data-id=\"5bf60af9\" data-element_type=\"column\" data-e-type=\"column\">\n\t\t\t<div class=\"elementor-widget-wrap elementor-element-populated\">\n\t\t\t\t\t\t<div class=\"elementor-element elementor-element-375448ec elementor-widget elementor-widget-text-editor\" data-id=\"375448ec\" data-element_type=\"widget\" data-e-type=\"widget\" data-widget_type=\"text-editor.default\">\n\t\t\t\t<div class=\"elementor-widget-container\">\n\t\t\t\t\t\t\t\t\tConsumo de recursos no<strong>\u00a0ind\u00fastria qu\u00edmica<\/strong>\u00a0\u00e9 enorme. Embora a ind\u00fastria j\u00e1 tenha conseguido reduzir significativamente as suas necessidades energ\u00e9ticas, continua a ser desafiada pelos elevados custos da energia, pelo elevado consumo de \u00e1gua e por regulamentos cada vez mais rigorosos. A efici\u00eancia energ\u00e9tica, o aumento da produ\u00e7\u00e3o e a disponibilidade das instala\u00e7\u00f5es s\u00e3o, portanto, factores importantes que contribuem para uma vantagem competitiva.\n\nTeremos todo o prazer em o apoiar. A Kurita oferece uma vasta gama de solu\u00e7\u00f5es de poupan\u00e7a de recursos, bem como solu\u00e7\u00f5es para melhorar a produ\u00e7\u00e3o e a seguran\u00e7a das instala\u00e7\u00f5es.<\/p>\n<p>A Kurita est\u00e1 familiarizada com todo o processo de produ\u00e7\u00e3o de a\u00e7o, desde o ferro-gusa at\u00e9 ao produto acabado. Com conceitos de tratamento especificamente desenvolvidos para lidar com os requisitos da ind\u00fastria do a\u00e7o e do metal, podemos lidar eficazmente com problemas t\u00edpicos da ind\u00fastria, tais como corros\u00e3o, bioincrusta\u00e7\u00e3o, incrusta\u00e7\u00e3o e entupimento de bicos de pulveriza\u00e7\u00e3o.<\/p>\t\t\t\t\t\t\t\t<\/div>\n\t\t\t\t<\/div>\n\t\t\t\t\t<\/div>\n\t\t<\/div>\n\t\t\t\t\t<\/div>\n\t\t<\/section>\n\t\t\t\t<section class=\"elementor-section elementor-top-section elementor-element elementor-element-2805dfc0 elementor-section-boxed elementor-section-height-default elementor-section-height-default\" data-id=\"2805dfc0\" data-element_type=\"section\" data-e-type=\"section\">\n\t\t\t\t\t\t<div class=\"elementor-container elementor-column-gap-default\">\n\t\t\t\t\t<div class=\"elementor-column elementor-col-100 elementor-top-column elementor-element elementor-element-24f1ffea\" data-id=\"24f1ffea\" data-element_type=\"column\" data-e-type=\"column\">\n\t\t\t<div class=\"elementor-widget-wrap elementor-element-populated\">\n\t\t\t\t\t\t<div class=\"elementor-element elementor-element-71a975e4 elementor-grid-5 elementor-grid-tablet-2 elementor-grid-mobile-1 elementor-posts--thumbnail-top elementor-posts--show-avatar elementor-card-shadow-yes elementor-posts__hover-gradient elementor-widget elementor-widget-posts\" data-id=\"71a975e4\" data-element_type=\"widget\" data-e-type=\"widget\" data-settings=\"{&quot;cards_columns&quot;:&quot;5&quot;,&quot;cards_columns_tablet&quot;:&quot;2&quot;,&quot;cards_columns_mobile&quot;:&quot;1&quot;,&quot;cards_row_gap&quot;:{&quot;unit&quot;:&quot;px&quot;,&quot;size&quot;:35,&quot;sizes&quot;:[]},&quot;cards_row_gap_widescreen&quot;:{&quot;unit&quot;:&quot;px&quot;,&quot;size&quot;:&quot;&quot;,&quot;sizes&quot;:[]},&quot;cards_row_gap_laptop&quot;:{&quot;unit&quot;:&quot;px&quot;,&quot;size&quot;:&quot;&quot;,&quot;sizes&quot;:[]},&quot;cards_row_gap_tablet&quot;:{&quot;unit&quot;:&quot;px&quot;,&quot;size&quot;:&quot;&quot;,&quot;sizes&quot;:[]},&quot;cards_row_gap_mobile&quot;:{&quot;unit&quot;:&quot;px&quot;,&quot;size&quot;:&quot;&quot;,&quot;sizes&quot;:[]}}\" data-widget_type=\"posts.cards\">\n\t\t\t\t<div class=\"elementor-widget-container\">\n\t\t\t\t\t\t\t<div class=\"elementor-posts-container elementor-posts elementor-posts--skin-cards elementor-grid\" role=\"list\">\n\t\t\t\t<article class=\"elementor-post elementor-grid-item post-13982 page type-page status-publish hentry\" role=\"listitem\">\n\t\t\t<div class=\"elementor-post__card\">\n\t\t\t\t<div class=\"elementor-post__text\">\n\t\t\t\t<h4 class=\"elementor-post__title\">\n\t\t\t<a href=\"https:\/\/www.kurita.eu\/pt\/solutions\/corrsave\/\" target=\"&quot;_blank&quot;\">\n\t\t\t\tCorrsave\u00ae\t\t\t<\/a>\n\t\t<\/h4>\n\t\t\t\t<div class=\"elementor-post__excerpt\">\n\t\t\t<p>A tecnologia patenteada da Kurita de inibi\u00e7\u00e3o da corros\u00e3o e estabiliza\u00e7\u00e3o da dureza para sistemas de \u00e1gua, concebida para proporcionar um elevado desempenho com um baixo teor de fosfato.<\/p>\n\t\t<\/div>\n\t\t\t\t<\/div>\n\t\t\t\t\t<\/div>\n\t\t<\/article>\n\t\t\t\t<article class=\"elementor-post elementor-grid-item post-14012 page type-page status-publish has-post-thumbnail hentry\" role=\"listitem\">\n\t\t\t<div class=\"elementor-post__card\">\n\t\t\t\t<a class=\"elementor-post__thumbnail__link\" href=\"https:\/\/www.kurita.eu\/pt\/solutions\/dilurit-bcs\/\" tabindex=\"-1\" target=\"_blank\"><div class=\"elementor-post__thumbnail\"><img fetchpriority=\"high\" decoding=\"async\" width=\"300\" height=\"200\" src=\"\/wp-content\/uploads\/2025\/04\/IMG_1528-scaled-1-300x200.webp\" class=\"attachment-medium size-medium wp-image-14003\" alt=\"\" srcset=\"\/wp-content\/uploads\/2025\/04\/IMG_1528-scaled-1-300x200.webp 300w, \/wp-content\/uploads\/2025\/04\/IMG_1528-scaled-1-1024x682.webp 1024w, \/wp-content\/uploads\/2025\/04\/IMG_1528-scaled-1-768x512.webp 768w, \/wp-content\/uploads\/2025\/04\/IMG_1528-scaled-1-1536x1024.webp 1536w, \/wp-content\/uploads\/2025\/04\/IMG_1528-scaled-1-2048x1365.webp 2048w\" sizes=\"(max-width: 300px) 100vw, 300px\" data-no-translation=\"\" \/><\/div><\/a>\n\t\t\t\t<div class=\"elementor-post__avatar\">\n\t\t\t<img alt='leandro.miro@kurita-water.com' src='https:\/\/secure.gravatar.com\/avatar\/bc066715c20616f43cd8b8e202d87d6d4165490b54e381d88e1e688a6b27db62?s=128&#038;d=mm&#038;r=g' srcset='https:\/\/secure.gravatar.com\/avatar\/bc066715c20616f43cd8b8e202d87d6d4165490b54e381d88e1e688a6b27db62?s=256&#038;d=mm&#038;r=g 2x' class='avatar avatar-128 photo' height='128' width='128' data-no-translation=\"\" \/>\t\t<\/div>\n\t\t\t\t<div class=\"elementor-post__text\">\n\t\t\t\t<h4 class=\"elementor-post__title\">\n\t\t\t<a href=\"https:\/\/www.kurita.eu\/pt\/solutions\/dilurit-bcs\/\" target=\"&quot;_blank&quot;\">\n\t\t\t\tSistema Dilurit\u00ae BC S\t\t\t<\/a>\n\t\t<\/h4>\n\t\t\t\t<div class=\"elementor-post__excerpt\">\n\t\t\t<p>O sistema Dilurit\u00ae BCS da Kurita oferece um controlo microbiano eficaz em sistemas de \u00e1gua, garantindo higiene, seguran\u00e7a e fiabilidade operacional.<\/p>\n\t\t<\/div>\n\t\t\t\t<\/div>\n\t\t\t\t\t<\/div>\n\t\t<\/article>\n\t\t\t\t<article class=\"elementor-post elementor-grid-item post-14152 page type-page status-publish hentry\" role=\"listitem\">\n\t\t\t<div class=\"elementor-post__card\">\n\t\t\t\t<div class=\"elementor-post__text\">\n\t\t\t\t<h4 class=\"elementor-post__title\">\n\t\t\t<a href=\"https:\/\/www.kurita.eu\/pt\/solutions\/kurifast\/\" target=\"&quot;_blank&quot;\">\n\t\t\t\tKurifast\t\t\t<\/a>\n\t\t<\/h4>\n\t\t\t\t<div class=\"elementor-post__excerpt\">\n\t\t\t<p>KuriFast Teste r\u00e1pido de Legionella de alta precis\u00e3o Uma abordagem de vanguarda ao teste da Legionella A doen\u00e7a do legion\u00e1rio \u00e9 predominantemente causada pela Legionella pneumophila, sendo respons\u00e1vel por cerca de 97% dos casos notificados de<\/p>\n\t\t<\/div>\n\t\t\t\t<\/div>\n\t\t\t\t\t<\/div>\n\t\t<\/article>\n\t\t\t\t<article class=\"elementor-post elementor-grid-item post-14160 page type-page status-publish hentry\" role=\"listitem\">\n\t\t\t<div class=\"elementor-post__card\">\n\t\t\t\t<div class=\"elementor-post__text\">\n\t\t\t\t<h4 class=\"elementor-post__title\">\n\t\t\t<a href=\"https:\/\/www.kurita.eu\/pt\/solutions\/kuriflock\/\" target=\"&quot;_blank&quot;\">\n\t\t\t\tKuriflock\t\t\t<\/a>\n\t\t<\/h4>\n\t\t\t\t<div class=\"elementor-post__excerpt\">\n\t\t\t<p>A vasta gama de produtos de coagula\u00e7\u00e3o e flocula\u00e7\u00e3o da Kurita para processos de tratamento de \u00e1guas residuais.<\/p>\n\t\t<\/div>\n\t\t\t\t<\/div>\n\t\t\t\t\t<\/div>\n\t\t<\/article>\n\t\t\t\t<article class=\"elementor-post elementor-grid-item post-14075 page type-page status-publish has-post-thumbnail hentry\" role=\"listitem\">\n\t\t\t<div class=\"elementor-post__card\">\n\t\t\t\t<a class=\"elementor-post__thumbnail__link\" href=\"https:\/\/www.kurita.eu\/pt\/solutions\/free-technology\/\" tabindex=\"-1\" target=\"_blank\"><div class=\"elementor-post__thumbnail\"><img decoding=\"async\" width=\"300\" height=\"121\" src=\"\/wp-content\/uploads\/2025\/04\/Applications_WaterTreatment_CoolingWater-71ad4c47-1-300x121.jpg\" class=\"attachment-medium size-medium wp-image-15519\" alt=\"Water and Energy savings in Cooling Systems \u2013 FReE Technology\" srcset=\"\/wp-content\/uploads\/2025\/04\/Applications_WaterTreatment_CoolingWater-71ad4c47-1-300x121.jpg 300w, \/wp-content\/uploads\/2025\/04\/Applications_WaterTreatment_CoolingWater-71ad4c47-1-768x309.jpg 768w, \/wp-content\/uploads\/2025\/04\/Applications_WaterTreatment_CoolingWater-71ad4c47-1-18x7.jpg 18w, \/wp-content\/uploads\/2025\/04\/Applications_WaterTreatment_CoolingWater-71ad4c47-1.jpg 870w\" sizes=\"(max-width: 300px) 100vw, 300px\" data-no-translation=\"\" \/><\/div><\/a>\n\t\t\t\t<div class=\"elementor-post__avatar\">\n\t\t\t<img alt='leandro.miro@kurita-water.com' src='https:\/\/secure.gravatar.com\/avatar\/bc066715c20616f43cd8b8e202d87d6d4165490b54e381d88e1e688a6b27db62?s=128&#038;d=mm&#038;r=g' srcset='https:\/\/secure.gravatar.com\/avatar\/bc066715c20616f43cd8b8e202d87d6d4165490b54e381d88e1e688a6b27db62?s=256&#038;d=mm&#038;r=g 2x' class='avatar avatar-128 photo' height='128' width='128' data-no-translation=\"\" \/>\t\t<\/div>\n\t\t\t\t<div class=\"elementor-post__text\">\n\t\t\t\t<h4 class=\"elementor-post__title\">\n\t\t\t<a href=\"https:\/\/www.kurita.eu\/pt\/solutions\/free-technology\/\" target=\"&quot;_blank&quot;\">\n\t\t\t\tKurita FReE - Programa de efici\u00eancia de remo\u00e7\u00e3o de incrusta\u00e7\u00f5es da Kurita\t\t\t<\/a>\n\t\t<\/h4>\n\t\t\t\t<div class=\"elementor-post__excerpt\">\n\t\t\t<p>A tecnologia de limpeza do sistema de arrefecimento em linha da Kurita que remove a sujidade durante o funcionamento - sem paragem, corros\u00e3o ou gera\u00e7\u00e3o de res\u00edduos.<\/p>\n\t\t<\/div>\n\t\t\t\t<\/div>\n\t\t\t\t\t<\/div>\n\t\t<\/article>\n\t\t\t\t<\/div>\n\t\t\n\t\t\t\t\t\t<\/div>\n\t\t\t\t<\/div>\n\t\t\t\t\t<\/div>\n\t\t<\/div>\n\t\t\t\t\t<\/div>\n\t\t<\/section>\n\t\t\t\t<\/div>","protected":false},"excerpt":{"rendered":"<p>Explore as Solu\u00e7\u00f5es para a Ind\u00fastria Qu\u00edmica da Kurita para tratamento avan\u00e7ado de \u00e1gua, efici\u00eancia e sustentabilidade no fabrico de produtos qu\u00edmicos.<\/p>","protected":false},"author":2,"featured_media":13430,"parent":0,"menu_order":0,"comment_status":"closed","ping_status":"closed","template":"","meta":{"footnotes":""},"class_list":["post-13428","page","type-page","status-publish","has-post-thumbnail","hentry"],"_links":{"self":[{"href":"https:\/\/www.kurita.eu\/pt\/wp-json\/wp\/v2\/pages\/13428","targetHints":{"allow":["GET"]}}],"collection":[{"href":"https:\/\/www.kurita.eu\/pt\/wp-json\/wp\/v2\/pages"}],"about":[{"href":"https:\/\/www.kurita.eu\/pt\/wp-json\/wp\/v2\/types\/page"}],"author":[{"embeddable":true,"href":"https:\/\/www.kurita.eu\/pt\/wp-json\/wp\/v2\/users\/2"}],"replies":[{"embeddable":true,"href":"https:\/\/www.kurita.eu\/pt\/wp-json\/wp\/v2\/comments?post=13428"}],"version-history":[{"count":17,"href":"https:\/\/www.kurita.eu\/pt\/wp-json\/wp\/v2\/pages\/13428\/revisions"}],"predecessor-version":[{"id":20260,"href":"https:\/\/www.kurita.eu\/pt\/wp-json\/wp\/v2\/pages\/13428\/revisions\/20260"}],"wp:featuredmedia":[{"embeddable":true,"href":"https:\/\/www.kurita.eu\/pt\/wp-json\/wp\/v2\/media\/13430"}],"wp:attachment":[{"href":"https:\/\/www.kurita.eu\/pt\/wp-json\/wp\/v2\/media?parent=13428"}],"curies":[{"name":"wp","href":"https:\/\/api.w.org\/{rel}","templated":true}]}}