{"id":13448,"date":"2025-04-23T11:25:47","date_gmt":"2025-04-23T11:25:47","guid":{"rendered":"https:\/\/kurita-eu-gudza2cjbzfhcwbx.francecentral-01.azurewebsites.net\/?page_id=13448"},"modified":"2026-02-16T15:11:42","modified_gmt":"2026-02-16T15:11:42","slug":"distribuidores","status":"publish","type":"page","link":"https:\/\/www.kurita.eu\/pt\/distributors\/","title":{"rendered":"Distribuidores"},"content":{"rendered":"<div data-elementor-type=\"wp-page\" data-elementor-id=\"13448\" class=\"elementor elementor-13448\" data-elementor-post-type=\"page\">\n\t\t\t\t\t\t<section class=\"elementor-section elementor-top-section elementor-element elementor-element-3a391d9e elementor-section-full_width elementor-section-height-default elementor-section-height-default\" data-id=\"3a391d9e\" data-element_type=\"section\" data-e-type=\"section\">\n\t\t\t\t\t\t<div class=\"elementor-container elementor-column-gap-no\">\n\t\t\t\t\t<div class=\"elementor-column elementor-col-100 elementor-top-column elementor-element elementor-element-51f500d4\" data-id=\"51f500d4\" data-element_type=\"column\" data-e-type=\"column\">\n\t\t\t<div class=\"elementor-widget-wrap elementor-element-populated\">\n\t\t\t\t\t\t<div class=\"elementor-element elementor-element-106ba29 elementor--h-position-center elementor--v-position-middle elementor-arrows-position-inside elementor-pagination-position-inside elementor-widget elementor-widget-slides\" data-id=\"106ba29\" data-element_type=\"widget\" data-e-type=\"widget\" data-settings=\"{&quot;navigation&quot;:&quot;both&quot;,&quot;autoplay&quot;:&quot;yes&quot;,&quot;pause_on_hover&quot;:&quot;yes&quot;,&quot;pause_on_interaction&quot;:&quot;yes&quot;,&quot;autoplay_speed&quot;:5000,&quot;infinite&quot;:&quot;yes&quot;,&quot;transition&quot;:&quot;slide&quot;,&quot;transition_speed&quot;:500}\" data-widget_type=\"slides.default\">\n\t\t\t\t<div class=\"elementor-widget-container\">\n\t\t\t\t\t\t\t\t\t<div class=\"elementor-swiper\">\n\t\t\t\t\t<div class=\"elementor-slides-wrapper elementor-main-swiper swiper\" role=\"region\" aria-roledescription=\"carousel\" aria-label=\"Deslizamentos\" dir=\"ltr\" data-animation=\"fadeInUp\">\n\t\t\t\t<div class=\"swiper-wrapper elementor-slides\">\n\t\t\t\t\t\t\t\t\t\t<div class=\"elementor-repeater-item-4e0b9f7 swiper-slide\" role=\"group\" aria-roledescription=\"slide\"><div class=\"swiper-slide-bg elementor-ken-burns elementor-ken-burns--in\" role=\"img\" aria-label=\"iStock_000077125839_IndustriesServed_Distributors-5a125e05.jpg\"><\/div><div class=\"elementor-background-overlay\"><\/div><div class=\"swiper-slide-inner\" ><div class=\"swiper-slide-contents\"><h1 class=\"elementor-slide-heading\">Distribuidores<\/h1><\/div><\/div><\/div>\t\t\t\t<\/div>\n\t\t\t\t\t\t\t<\/div>\n\t\t\t\t<\/div>\n\t\t\t\t\t\t\t\t<\/div>\n\t\t\t\t<\/div>\n\t\t\t\t\t<\/div>\n\t\t<\/div>\n\t\t\t\t\t<\/div>\n\t\t<\/section>\n\t\t\t\t<section class=\"elementor-section elementor-top-section elementor-element elementor-element-2640498 margin-content elementor-section-boxed elementor-section-height-default elementor-section-height-default\" data-id=\"2640498\" data-element_type=\"section\" data-e-type=\"section\">\n\t\t\t\t\t\t<div class=\"elementor-container elementor-column-gap-default\">\n\t\t\t\t\t<div class=\"elementor-column elementor-col-100 elementor-top-column elementor-element elementor-element-4e22f3d2 margin-content\" data-id=\"4e22f3d2\" data-element_type=\"column\" data-e-type=\"column\">\n\t\t\t<div class=\"elementor-widget-wrap elementor-element-populated\">\n\t\t\t\t\t\t<div class=\"elementor-element elementor-element-64aed439 elementor-widget elementor-widget-text-editor\" data-id=\"64aed439\" data-element_type=\"widget\" data-e-type=\"widget\" data-widget_type=\"text-editor.default\">\n\t\t\t\t<div class=\"elementor-widget-container\">\n\t\t\t\t\t\t\t\t\t<p>Para mercados ou regi\u00f5es espec\u00edficas, a Kurita trabalha em estreita colabora\u00e7\u00e3o com empresas retalhistas, de acordo com uma pol\u00edtica de distribui\u00e7\u00e3o claramente definida. Estabelecemos parcerias fortes com estas empresas, que provaram ser s\u00e9rias e competentes. Confiamos nelas t\u00e3o plenamente como nos nossos pr\u00f3prios funcion\u00e1rios.<\/p>\t\t\t\t\t\t\t\t<\/div>\n\t\t\t\t<\/div>\n\t\t\t\t<div class=\"elementor-element elementor-element-b4b67e6 elementor-widget elementor-widget-heading\" data-id=\"b4b67e6\" data-element_type=\"widget\" data-e-type=\"widget\" data-widget_type=\"heading.default\">\n\t\t\t\t<div class=\"elementor-widget-container\">\n\t\t\t\t\t<h5 class=\"elementor-heading-title elementor-size-default\">O que \u00e9 que a Kurita oferece aos seus distribuidores?<\/h5>\t\t\t\t<\/div>\n\t\t\t\t<\/div>\n\t\t\t\t<div class=\"elementor-element elementor-element-4c7007d8 elementor-widget elementor-widget-text-editor\" data-id=\"4c7007d8\" data-element_type=\"widget\" data-e-type=\"widget\" data-widget_type=\"text-editor.default\">\n\t\t\t\t<div class=\"elementor-widget-container\">\n\t\t\t\t\t\t\t\t\t<ul><li><a href=\"https:\/\/www.kurita.eu\/pt\/solucoes\/\">Tecnologias<\/a>\u00a0para todo o sector do tratamento de \u00e1guas<\/li><li>Listagem de empresas clientes internacionais ou nacionais<\/li><li>Produtos e processos seguros<\/li><li>Programas de tratamento especificamente concebidos para as necessidades de distribui\u00e7\u00e3o<\/li><li>Laborat\u00f3rios de aplica\u00e7\u00e3o e de investiga\u00e7\u00e3o e desenvolvimento<\/li><li>Forma\u00e7\u00f5es regulares<\/li><li>Informa\u00e7\u00e3o cont\u00ednua sobre tecnologias, desenvolvimentos, mercado e legisla\u00e7\u00e3o<\/li><li>Apoio ao marketing<\/li><li>Oportunidade de se tornar um distribuidor das nossas tecnologias numa regi\u00e3o ou dom\u00ednio espec\u00edfico<\/li><\/ul>\t\t\t\t\t\t\t\t<\/div>\n\t\t\t\t<\/div>\n\t\t\t\t<div class=\"elementor-element elementor-element-7de49f1 elementor-widget elementor-widget-heading\" data-id=\"7de49f1\" data-element_type=\"widget\" data-e-type=\"widget\" data-widget_type=\"heading.default\">\n\t\t\t\t<div class=\"elementor-widget-container\">\n\t\t\t\t\t<h5 class=\"elementor-heading-title elementor-size-default\">O que \u00e9 que a equipa de Distribuidores da Kurita oferece?\n<\/h5>\t\t\t\t<\/div>\n\t\t\t\t<\/div>\n\t\t\t\t<div class=\"elementor-element elementor-element-3bb0c0eb elementor-widget elementor-widget-text-editor\" data-id=\"3bb0c0eb\" data-element_type=\"widget\" data-e-type=\"widget\" data-widget_type=\"text-editor.default\">\n\t\t\t\t<div class=\"elementor-widget-container\">\n\t\t\t\t\t\t\t\t\t<ul><li>Todo o nosso conhecimento e experi\u00eancia, para al\u00e9m de um forte servi\u00e7o local.<\/li><\/ul>\t\t\t\t\t\t\t\t<\/div>\n\t\t\t\t<\/div>\n\t\t\t\t<div class=\"elementor-element elementor-element-e24021c elementor-widget elementor-widget-heading\" data-id=\"e24021c\" data-element_type=\"widget\" data-e-type=\"widget\" data-widget_type=\"heading.default\">\n\t\t\t\t<div class=\"elementor-widget-container\">\n\t\t\t\t\t<h5 class=\"elementor-heading-title elementor-size-default\">Porqu\u00ea tornar-se um Distribuidor Kurita?<\/h5>\t\t\t\t<\/div>\n\t\t\t\t<\/div>\n\t\t\t\t<div class=\"elementor-element elementor-element-c995414 elementor-widget elementor-widget-text-editor\" data-id=\"c995414\" data-element_type=\"widget\" data-e-type=\"widget\" data-widget_type=\"text-editor.default\">\n\t\t\t\t<div class=\"elementor-widget-container\">\n\t\t\t\t\t\t\t\t\t<ul><li>Rede mundial de distribuidores e semin\u00e1rios internacionais, para trocar experi\u00eancias e descobrir novos mercados<\/li><li>Uma parceria a longo prazo com uma empresa l\u00edder internacional<\/li><\/ul>\t\t\t\t\t\t\t\t<\/div>\n\t\t\t\t<\/div>\n\t\t\t\t<div class=\"elementor-element elementor-element-48075a5 elementor-widget elementor-widget-heading\" data-id=\"48075a5\" data-element_type=\"widget\" data-e-type=\"widget\" data-widget_type=\"heading.default\">\n\t\t\t\t<div class=\"elementor-widget-container\">\n\t\t\t\t\t<h5 class=\"elementor-heading-title elementor-size-default\">Porqu\u00ea escolher um distribuidor Kurita como fornecedor de tratamento de \u00e1gua?<\/h5>\t\t\t\t<\/div>\n\t\t\t\t<\/div>\n\t\t\t\t<div class=\"elementor-element elementor-element-2fb3eea4 elementor-widget elementor-widget-text-editor\" data-id=\"2fb3eea4\" data-element_type=\"widget\" data-e-type=\"widget\" data-widget_type=\"text-editor.default\">\n\t\t\t\t<div class=\"elementor-widget-container\">\n\t\t\t\t\t\t\t\t\t<p>O cliente beneficia simultaneamente do know-how e das tecnologias de um grupo internacional e da adaptabilidade de um prestador de servi\u00e7os local. N\u00e3o hesite em contactar os nossos escrit\u00f3rios para localizar a nossa rede de distribuidores no seu pa\u00eds ou regi\u00e3o ou\u00a0<a title=\"Contacto\" href=\"https:\/\/www.kurita.eu\/pt\/contactar-nos\/\">contactar-nos<\/a>.<\/p>\t\t\t\t\t\t\t\t<\/div>\n\t\t\t\t<\/div>\n\t\t\t\t\t<\/div>\n\t\t<\/div>\n\t\t\t\t\t<\/div>\n\t\t<\/section>\n\t\t\t\t<section class=\"elementor-section elementor-top-section elementor-element elementor-element-1132e4cb margin-content elementor-section-boxed elementor-section-height-default elementor-section-height-default\" data-id=\"1132e4cb\" data-element_type=\"section\" data-e-type=\"section\">\n\t\t\t\t\t\t<div class=\"elementor-container elementor-column-gap-default\">\n\t\t\t\t\t<div class=\"elementor-column elementor-col-100 elementor-top-column elementor-element elementor-element-57b9669\" data-id=\"57b9669\" data-element_type=\"column\" data-e-type=\"column\">\n\t\t\t<div class=\"elementor-widget-wrap elementor-element-populated\">\n\t\t\t\t\t\t<div class=\"elementor-element elementor-element-2dd99ee9 elementor-posts--thumbnail-none elementor-grid-3 elementor-grid-tablet-2 elementor-grid-mobile-1 elementor-card-shadow-yes elementor-posts__hover-gradient elementor-widget elementor-widget-posts\" data-id=\"2dd99ee9\" data-element_type=\"widget\" data-e-type=\"widget\" data-settings=\"{&quot;cards_columns&quot;:&quot;3&quot;,&quot;cards_columns_tablet&quot;:&quot;2&quot;,&quot;cards_columns_mobile&quot;:&quot;1&quot;,&quot;cards_row_gap&quot;:{&quot;unit&quot;:&quot;px&quot;,&quot;size&quot;:35,&quot;sizes&quot;:[]},&quot;cards_row_gap_widescreen&quot;:{&quot;unit&quot;:&quot;px&quot;,&quot;size&quot;:&quot;&quot;,&quot;sizes&quot;:[]},&quot;cards_row_gap_laptop&quot;:{&quot;unit&quot;:&quot;px&quot;,&quot;size&quot;:&quot;&quot;,&quot;sizes&quot;:[]},&quot;cards_row_gap_tablet&quot;:{&quot;unit&quot;:&quot;px&quot;,&quot;size&quot;:&quot;&quot;,&quot;sizes&quot;:[]},&quot;cards_row_gap_mobile&quot;:{&quot;unit&quot;:&quot;px&quot;,&quot;size&quot;:&quot;&quot;,&quot;sizes&quot;:[]}}\" data-widget_type=\"posts.cards\">\n\t\t\t\t<div class=\"elementor-widget-container\">\n\t\t\t\t\t\t\t<div class=\"elementor-posts-container elementor-posts elementor-posts--skin-cards elementor-grid\" role=\"list\">\n\t\t\t\t<article class=\"elementor-post elementor-grid-item post-13779 page type-page status-publish has-post-thumbnail hentry\" role=\"listitem\">\n\t\t\t<div class=\"elementor-post__card\">\n\t\t\t\t<div class=\"elementor-post__text\">\n\t\t\t\t<h4 class=\"elementor-post__title\">\n\t\t\t<a href=\"https:\/\/www.kurita.eu\/pt\/process-treatment\/\" target=\"&quot;_blank&quot;\">\n\t\t\t\tTratamento de processos\t\t\t<\/a>\n\t\t<\/h4>\n\t\t\t\t<div class=\"elementor-post__excerpt\">\n\t\t\t<p>Tecnologias de processo Conceitos individuais de tratamento e programas qu\u00edmicos para v\u00e1rios processos Sem a utiliza\u00e7\u00e3o de refinarias de petr\u00f3leo e instala\u00e7\u00f5es petroqu\u00edmicas, \u00e9 dif\u00edcil imaginar a vida moderna. Gasolina, gas\u00f3leo, combust\u00edveis de avia\u00e7\u00e3o ou mat\u00e9rias-primas como o etileno, o estireno ou o butadieno<\/p>\n\t\t<\/div>\n\t\t\t\t<\/div>\n\t\t\t\t\t<\/div>\n\t\t<\/article>\n\t\t\t\t<article class=\"elementor-post elementor-grid-item post-14484 page type-page status-publish hentry\" role=\"listitem\">\n\t\t\t<div class=\"elementor-post__card\">\n\t\t\t\t<div class=\"elementor-post__text\">\n\t\t\t\t<h4 class=\"elementor-post__title\">\n\t\t\t<a href=\"https:\/\/www.kurita.eu\/pt\/water-treatment\/\" target=\"&quot;_blank&quot;\">\n\t\t\t\tTratamento da \u00e1gua\t\t\t<\/a>\n\t\t<\/h4>\n\t\t\t\t<div class=\"elementor-post__excerpt\">\n\t\t\t<p>Tratamento de \u00e1gua Solu\u00e7\u00f5es individuais para todos os tipos de sistemas de \u00e1gua. Quer esteja \u00e0 procura de uma solu\u00e7\u00e3o para um problema existente na sua esta\u00e7\u00e3o de tratamento de \u00e1gua ou esteja interessado em aprender sobre as diferentes formas de melhorar a rentabilidade<\/p>\n\t\t<\/div>\n\t\t\t\t<\/div>\n\t\t\t\t\t<\/div>\n\t\t<\/article>\n\t\t\t\t<\/div>\n\t\t\n\t\t\t\t\t\t<\/div>\n\t\t\t\t<\/div>\n\t\t\t\t\t<\/div>\n\t\t<\/div>\n\t\t\t\t\t<\/div>\n\t\t<\/section>\n\t\t\t\t<\/div>","protected":false},"excerpt":{"rendered":"<p>A Kurita trabalha em estreita colabora\u00e7\u00e3o com empresas retalhistas, de acordo com uma pol\u00edtica de distribui\u00e7\u00e3o claramente definida. Estabelecemos parcerias fortes com estas empresas, que provaram ser s\u00e9rias e competentes. <\/p>","protected":false},"author":2,"featured_media":13450,"parent":0,"menu_order":0,"comment_status":"closed","ping_status":"closed","template":"","meta":{"footnotes":""},"class_list":["post-13448","page","type-page","status-publish","has-post-thumbnail","hentry"],"_links":{"self":[{"href":"https:\/\/www.kurita.eu\/pt\/wp-json\/wp\/v2\/pages\/13448","targetHints":{"allow":["GET"]}}],"collection":[{"href":"https:\/\/www.kurita.eu\/pt\/wp-json\/wp\/v2\/pages"}],"about":[{"href":"https:\/\/www.kurita.eu\/pt\/wp-json\/wp\/v2\/types\/page"}],"author":[{"embeddable":true,"href":"https:\/\/www.kurita.eu\/pt\/wp-json\/wp\/v2\/users\/2"}],"replies":[{"embeddable":true,"href":"https:\/\/www.kurita.eu\/pt\/wp-json\/wp\/v2\/comments?post=13448"}],"version-history":[{"count":20,"href":"https:\/\/www.kurita.eu\/pt\/wp-json\/wp\/v2\/pages\/13448\/revisions"}],"predecessor-version":[{"id":20267,"href":"https:\/\/www.kurita.eu\/pt\/wp-json\/wp\/v2\/pages\/13448\/revisions\/20267"}],"wp:featuredmedia":[{"embeddable":true,"href":"https:\/\/www.kurita.eu\/pt\/wp-json\/wp\/v2\/media\/13450"}],"wp:attachment":[{"href":"https:\/\/www.kurita.eu\/pt\/wp-json\/wp\/v2\/media?parent=13448"}],"curies":[{"name":"wp","href":"https:\/\/api.w.org\/{rel}","templated":true}]}}