{"id":13546,"date":"2025-04-24T09:38:15","date_gmt":"2025-04-24T09:38:15","guid":{"rendered":"https:\/\/kurita-eu-gudza2cjbzfhcwbx.francecentral-01.azurewebsites.net\/?page_id=13546"},"modified":"2026-01-20T13:14:05","modified_gmt":"2026-01-20T13:14:05","slug":"dlg-231-2022","status":"publish","type":"page","link":"https:\/\/www.kurita.eu\/pt\/dlg-231-2022\/","title":{"rendered":"IT-Dlg 231\/2022"},"content":{"rendered":"<div data-elementor-type=\"wp-page\" data-elementor-id=\"13546\" class=\"elementor elementor-13546\" data-elementor-post-type=\"page\">\n\t\t\t\t\t\t<section class=\"elementor-section elementor-top-section elementor-element elementor-element-35f737f7 elementor-section-full_width elementor-section-height-default elementor-section-height-default\" data-id=\"35f737f7\" data-element_type=\"section\" data-e-type=\"section\" data-settings=\"{&quot;background_background&quot;:&quot;classic&quot;}\">\n\t\t\t\t\t\t<div class=\"elementor-container elementor-column-gap-default\">\n\t\t\t\t\t<div class=\"elementor-column elementor-col-100 elementor-top-column elementor-element elementor-element-6b97fe9d\" data-id=\"6b97fe9d\" data-element_type=\"column\" data-e-type=\"column\">\n\t\t\t<div class=\"elementor-widget-wrap elementor-element-populated\">\n\t\t\t\t\t\t<div class=\"elementor-element elementor-element-4e061a96 elementor--h-position-center elementor--v-position-middle elementor-arrows-position-inside elementor-pagination-position-inside elementor-widget elementor-widget-slides\" data-id=\"4e061a96\" data-element_type=\"widget\" data-e-type=\"widget\" data-settings=\"{&quot;navigation&quot;:&quot;both&quot;,&quot;autoplay&quot;:&quot;yes&quot;,&quot;pause_on_hover&quot;:&quot;yes&quot;,&quot;pause_on_interaction&quot;:&quot;yes&quot;,&quot;autoplay_speed&quot;:5000,&quot;infinite&quot;:&quot;yes&quot;,&quot;transition&quot;:&quot;slide&quot;,&quot;transition_speed&quot;:500}\" data-widget_type=\"slides.default\">\n\t\t\t\t<div class=\"elementor-widget-container\">\n\t\t\t\t\t\t\t\t\t<div class=\"elementor-swiper\">\n\t\t\t\t\t<div class=\"elementor-slides-wrapper elementor-main-swiper swiper\" role=\"region\" aria-roledescription=\"carousel\" aria-label=\"Deslizamentos\" dir=\"ltr\" data-animation=\"fadeInUp\">\n\t\t\t\t<div class=\"swiper-wrapper elementor-slides\">\n\t\t\t\t\t\t\t\t\t\t<div class=\"elementor-repeater-item-4e0b9f7 swiper-slide\" role=\"group\" aria-roledescription=\"slide\"><div class=\"swiper-slide-bg\"><\/div><div class=\"swiper-slide-inner\" ><div class=\"swiper-slide-contents\"><h1 class=\"elementor-slide-heading\">Modello di organizzazione gestione e controllo ai sensi del decreto legislativo 8 giugno 2001, n.231<\/h1><\/div><\/div><\/div>\t\t\t\t<\/div>\n\t\t\t\t\t\t\t<\/div>\n\t\t\t\t<\/div>\n\t\t\t\t\t\t\t\t<\/div>\n\t\t\t\t<\/div>\n\t\t\t\t\t<\/div>\n\t\t<\/div>\n\t\t\t\t\t<\/div>\n\t\t<\/section>\n\t\t\t\t<section class=\"elementor-section elementor-top-section elementor-element elementor-element-3db57dfb elementor-section-boxed elementor-section-height-default elementor-section-height-default\" data-id=\"3db57dfb\" data-element_type=\"section\" data-e-type=\"section\">\n\t\t\t\t\t\t<div class=\"elementor-container elementor-column-gap-default\">\n\t\t\t\t\t<div class=\"elementor-column elementor-col-100 elementor-top-column elementor-element elementor-element-72043c80 margin-content\" data-id=\"72043c80\" data-element_type=\"column\" data-e-type=\"column\">\n\t\t\t<div class=\"elementor-widget-wrap elementor-element-populated\">\n\t\t\t\t\t\t<div class=\"elementor-element elementor-element-b45b97f elementor-widget elementor-widget-text-editor\" data-id=\"b45b97f\" data-element_type=\"widget\" data-e-type=\"widget\" data-widget_type=\"text-editor.default\">\n\t\t\t\t<div class=\"elementor-widget-container\">\n\t\t\t\t\t\t\t\t\t<ul><li><a class=\"no-translate\" href=\"https:\/\/www.kurita.eu\/wp-content\/uploads\/2025\/08\/MOG-231_11.2024.pdf\" target=\"_blank\" rel=\"noopener\">MOG 231 KURITA ITALIA_11\/2024<\/a><\/li><\/ul>\t\t\t\t\t\t\t\t<\/div>\n\t\t\t\t<\/div>\n\t\t\t\t\t<\/div>\n\t\t<\/div>\n\t\t\t\t\t<\/div>\n\t\t<\/section>\n\t\t\t\t<\/div>","protected":false},"excerpt":{"rendered":"<p>Modello di organizzazione gestione e controllo ai sensi del decreto legislativo 8 giugno 2001, n.231 MOG 231 KURITA ITALIA_11\/2024<\/p>","protected":false},"author":2,"featured_media":15193,"parent":0,"menu_order":0,"comment_status":"closed","ping_status":"closed","template":"","meta":{"footnotes":""},"class_list":["post-13546","page","type-page","status-publish","has-post-thumbnail","hentry"],"yoast_head":"<!-- This site is optimized with the Yoast SEO plugin v27.3 - https:\/\/yoast.com\/product\/yoast-seo-wordpress\/ -->\n<title>IT-Dlg 231\/2022 - Kurita Europe<\/title>\n<meta name=\"description\" content=\"Kurita Italia adopts MOG 231 to ensure ethical conduct and regulatory compliance under Italy\u2019s Legislative Decree 231\/2001.\" \/>\n<meta name=\"robots\" content=\"index, follow, max-snippet:-1, max-image-preview:large, max-video-preview:-1\" \/>\n<link rel=\"canonical\" href=\"https:\/\/www.kurita.eu\/pt\/dlg-231-2022\/\" \/>\n<meta property=\"og:locale\" content=\"pt_PT\" \/>\n<meta property=\"og:type\" content=\"article\" \/>\n<meta property=\"og:title\" content=\"IT-Dlg 231\/2022 - Kurita Europe\" \/>\n<meta property=\"og:description\" content=\"Kurita Italia adopts MOG 231 to ensure ethical conduct and regulatory compliance under Italy\u2019s Legislative Decree 231\/2001.\" \/>\n<meta property=\"og:url\" content=\"https:\/\/www.kurita.eu\/pt\/dlg-231-2022\/\" \/>\n<meta property=\"og:site_name\" content=\"Kurita Europe\" \/>\n<meta property=\"article:modified_time\" content=\"2026-01-20T13:14:05+00:00\" \/>\n<meta property=\"og:image\" content=\"https:\/\/www.kurita.eu\/wp-content\/uploads\/2025\/05\/cropped-brand_mark_horizon_blue.png\" \/>\n\t<meta property=\"og:image:width\" content=\"712\" \/>\n\t<meta property=\"og:image:height\" content=\"204\" \/>\n\t<meta property=\"og:image:type\" content=\"image\/png\" \/>\n<meta name=\"twitter:card\" content=\"summary_large_image\" \/>\n<meta name=\"twitter:site\" content=\"@KuritaGlobal\" \/>\n<meta name=\"twitter:label1\" content=\"Est. reading time\" \/>\n\t<meta name=\"twitter:data1\" content=\"1 minuto\" \/>\n<script type=\"application\/ld+json\" class=\"yoast-schema-graph\">{\"@context\":\"https:\\\/\\\/schema.org\",\"@graph\":[{\"@type\":\"WebPage\",\"@id\":\"https:\\\/\\\/www.kurita.eu\\\/en\\\/dlg-231-2022\\\/\",\"url\":\"https:\\\/\\\/www.kurita.eu\\\/en\\\/dlg-231-2022\\\/\",\"name\":\"IT-Dlg 231\\\/2022 - Kurita Europe\",\"isPartOf\":{\"@id\":\"https:\\\/\\\/www.kurita.eu\\\/se\\\/#website\"},\"primaryImageOfPage\":{\"@id\":\"https:\\\/\\\/www.kurita.eu\\\/en\\\/dlg-231-2022\\\/#primaryimage\"},\"image\":{\"@id\":\"https:\\\/\\\/www.kurita.eu\\\/en\\\/dlg-231-2022\\\/#primaryimage\"},\"thumbnailUrl\":\"\\\/wp-content\\\/uploads\\\/2025\\\/05\\\/cropped-brand_mark_horizon_blue.png\",\"datePublished\":\"2025-04-24T09:38:15+00:00\",\"dateModified\":\"2026-01-20T13:14:05+00:00\",\"description\":\"Kurita Italia adopts MOG 231 to ensure ethical conduct and regulatory compliance under Italy\u2019s Legislative Decree 231\\\/2001.\",\"breadcrumb\":{\"@id\":\"https:\\\/\\\/www.kurita.eu\\\/en\\\/dlg-231-2022\\\/#breadcrumb\"},\"inLanguage\":\"pt-PT\",\"potentialAction\":[{\"@type\":\"ReadAction\",\"target\":[\"https:\\\/\\\/www.kurita.eu\\\/en\\\/dlg-231-2022\\\/\"]}]},{\"@type\":\"ImageObject\",\"inLanguage\":\"pt-PT\",\"@id\":\"https:\\\/\\\/www.kurita.eu\\\/en\\\/dlg-231-2022\\\/#primaryimage\",\"url\":\"\\\/wp-content\\\/uploads\\\/2025\\\/05\\\/cropped-brand_mark_horizon_blue.png\",\"contentUrl\":\"\\\/wp-content\\\/uploads\\\/2025\\\/05\\\/cropped-brand_mark_horizon_blue.png\",\"width\":712,\"height\":204},{\"@type\":\"BreadcrumbList\",\"@id\":\"https:\\\/\\\/www.kurita.eu\\\/en\\\/dlg-231-2022\\\/#breadcrumb\",\"itemListElement\":[{\"@type\":\"ListItem\",\"position\":1,\"name\":\"Home\",\"item\":\"https:\\\/\\\/www.kurita.eu\\\/de\\\/\"},{\"@type\":\"ListItem\",\"position\":2,\"name\":\"IT-Dlg 231\\\/2022\"}]},{\"@type\":\"WebSite\",\"@id\":\"https:\\\/\\\/www.kurita.eu\\\/se\\\/#website\",\"url\":\"https:\\\/\\\/www.kurita.eu\\\/se\\\/\",\"name\":\"Kurita Europe\",\"description\":\"Water Treatment Solutions\",\"publisher\":{\"@id\":\"https:\\\/\\\/www.kurita.eu\\\/se\\\/#organization\"},\"potentialAction\":[{\"@type\":\"SearchAction\",\"target\":{\"@type\":\"EntryPoint\",\"urlTemplate\":\"https:\\\/\\\/www.kurita.eu\\\/se\\\/?s={search_term_string}\"},\"query-input\":{\"@type\":\"PropertyValueSpecification\",\"valueRequired\":true,\"valueName\":\"search_term_string\"}}],\"inLanguage\":\"pt-PT\"},{\"@type\":\"Organization\",\"@id\":\"https:\\\/\\\/www.kurita.eu\\\/se\\\/#organization\",\"name\":\"Kurita Europe\",\"url\":\"https:\\\/\\\/www.kurita.eu\\\/se\\\/\",\"logo\":{\"@type\":\"ImageObject\",\"inLanguage\":\"pt-PT\",\"@id\":\"https:\\\/\\\/www.kurita.eu\\\/se\\\/#\\\/schema\\\/logo\\\/image\\\/\",\"url\":\"\\\/wp-content\\\/uploads\\\/2025\\\/05\\\/cropped-brand_mark_horizon_blue.png\",\"contentUrl\":\"\\\/wp-content\\\/uploads\\\/2025\\\/05\\\/cropped-brand_mark_horizon_blue.png\",\"width\":712,\"height\":204,\"caption\":\"Kurita Europe\"},\"image\":{\"@id\":\"https:\\\/\\\/www.kurita.eu\\\/se\\\/#\\\/schema\\\/logo\\\/image\\\/\"},\"sameAs\":[\"https:\\\/\\\/x.com\\\/KuritaGlobal\",\"https:\\\/\\\/www.linkedin.com\\\/company\\\/kurita\\\/\"]}]}<\/script>\n<!-- \/ Yoast SEO plugin. -->","yoast_head_json":{"title":"IT-Dlg 231\/2022 - Kurita Portugal","description":"A Kurita It\u00e1lia adopta o MOG 231 para garantir a conduta \u00e9tica e a conformidade regulamentar ao abrigo do Decreto Legislativo 231\/2001 de It\u00e1lia.","robots":{"index":"index","follow":"follow","max-snippet":"max-snippet:-1","max-image-preview":"max-image-preview:large","max-video-preview":"max-video-preview:-1"},"canonical":"https:\/\/www.kurita.eu\/pt\/dlg-231-2022\/","og_locale":"pt_PT","og_type":"article","og_title":"IT-Dlg 231\/2022 - Kurita Europe","og_description":"Kurita Italia adopts MOG 231 to ensure ethical conduct and regulatory compliance under Italy\u2019s Legislative Decree 231\/2001.","og_url":"https:\/\/www.kurita.eu\/pt\/dlg-231-2022\/","og_site_name":"Kurita Europe","article_modified_time":"2026-01-20T13:14:05+00:00","og_image":[{"width":712,"height":204,"url":"https:\/\/www.kurita.eu\/wp-content\/uploads\/2025\/05\/cropped-brand_mark_horizon_blue.png","type":"image\/png"}],"twitter_card":"summary_large_image","twitter_site":"@KuritaGlobal","twitter_misc":{"Est. reading time":"1 minuto"},"schema":{"@context":"https:\/\/schema.org","@graph":[{"@type":"WebPage","@id":"https:\/\/www.kurita.eu\/en\/dlg-231-2022\/","url":"https:\/\/www.kurita.eu\/en\/dlg-231-2022\/","name":"IT-Dlg 231\/2022 - Kurita Portugal","isPartOf":{"@id":"https:\/\/www.kurita.eu\/se\/#website"},"primaryImageOfPage":{"@id":"https:\/\/www.kurita.eu\/en\/dlg-231-2022\/#primaryimage"},"image":{"@id":"https:\/\/www.kurita.eu\/en\/dlg-231-2022\/#primaryimage"},"thumbnailUrl":"\/wp-content\/uploads\/2025\/05\/cropped-brand_mark_horizon_blue.png","datePublished":"2025-04-24T09:38:15+00:00","dateModified":"2026-01-20T13:14:05+00:00","description":"A Kurita It\u00e1lia adopta o MOG 231 para garantir a conduta \u00e9tica e a conformidade regulamentar ao abrigo do Decreto Legislativo 231\/2001 de It\u00e1lia.","breadcrumb":{"@id":"https:\/\/www.kurita.eu\/en\/dlg-231-2022\/#breadcrumb"},"inLanguage":"pt-PT","potentialAction":[{"@type":"ReadAction","target":["https:\/\/www.kurita.eu\/en\/dlg-231-2022\/"]}]},{"@type":"ImageObject","inLanguage":"pt-PT","@id":"https:\/\/www.kurita.eu\/en\/dlg-231-2022\/#primaryimage","url":"\/wp-content\/uploads\/2025\/05\/cropped-brand_mark_horizon_blue.png","contentUrl":"\/wp-content\/uploads\/2025\/05\/cropped-brand_mark_horizon_blue.png","width":712,"height":204},{"@type":"BreadcrumbList","@id":"https:\/\/www.kurita.eu\/en\/dlg-231-2022\/#breadcrumb","itemListElement":[{"@type":"ListItem","position":1,"name":"Home","item":"https:\/\/www.kurita.eu\/de\/"},{"@type":"ListItem","position":2,"name":"IT-Dlg 231\/2022"}]},{"@type":"WebSite","@id":"https:\/\/www.kurita.eu\/se\/#website","url":"https:\/\/www.kurita.eu\/se\/","name":"Kurita Europa","description":"Solu\u00e7\u00f5es de tratamento de \u00e1gua","publisher":{"@id":"https:\/\/www.kurita.eu\/se\/#organization"},"potentialAction":[{"@type":"SearchAction","target":{"@type":"EntryPoint","urlTemplate":"https:\/\/www.kurita.eu\/se\/?s={search_term_string}"},"query-input":{"@type":"PropertyValueSpecification","valueRequired":true,"valueName":"search_term_string"}}],"inLanguage":"pt-PT"},{"@type":"Organization","@id":"https:\/\/www.kurita.eu\/se\/#organization","name":"Kurita Europa","url":"https:\/\/www.kurita.eu\/se\/","logo":{"@type":"ImageObject","inLanguage":"pt-PT","@id":"https:\/\/www.kurita.eu\/se\/#\/schema\/logo\/image\/","url":"\/wp-content\/uploads\/2025\/05\/cropped-brand_mark_horizon_blue.png","contentUrl":"\/wp-content\/uploads\/2025\/05\/cropped-brand_mark_horizon_blue.png","width":712,"height":204,"caption":"Kurita Europe"},"image":{"@id":"https:\/\/www.kurita.eu\/se\/#\/schema\/logo\/image\/"},"sameAs":["https:\/\/x.com\/KuritaGlobal","https:\/\/www.linkedin.com\/company\/kurita\/"]}]}},"_links":{"self":[{"href":"https:\/\/www.kurita.eu\/pt\/wp-json\/wp\/v2\/pages\/13546","targetHints":{"allow":["GET"]}}],"collection":[{"href":"https:\/\/www.kurita.eu\/pt\/wp-json\/wp\/v2\/pages"}],"about":[{"href":"https:\/\/www.kurita.eu\/pt\/wp-json\/wp\/v2\/types\/page"}],"author":[{"embeddable":true,"href":"https:\/\/www.kurita.eu\/pt\/wp-json\/wp\/v2\/users\/2"}],"replies":[{"embeddable":true,"href":"https:\/\/www.kurita.eu\/pt\/wp-json\/wp\/v2\/comments?post=13546"}],"version-history":[{"count":10,"href":"https:\/\/www.kurita.eu\/pt\/wp-json\/wp\/v2\/pages\/13546\/revisions"}],"predecessor-version":[{"id":19150,"href":"https:\/\/www.kurita.eu\/pt\/wp-json\/wp\/v2\/pages\/13546\/revisions\/19150"}],"wp:featuredmedia":[{"embeddable":true,"href":"https:\/\/www.kurita.eu\/pt\/wp-json\/wp\/v2\/media\/15193"}],"wp:attachment":[{"href":"https:\/\/www.kurita.eu\/pt\/wp-json\/wp\/v2\/media?parent=13546"}],"curies":[{"name":"wp","href":"https:\/\/api.w.org\/{rel}","templated":true}]}}