{"id":13562,"date":"2025-04-24T09:47:14","date_gmt":"2025-04-24T09:47:14","guid":{"rendered":"https:\/\/kurita-eu-gudza2cjbzfhcwbx.francecentral-01.azurewebsites.net\/?page_id=13562"},"modified":"2025-09-25T10:24:21","modified_gmt":"2025-09-25T10:24:21","slug":"regras-de-seguranca-do-ketc","status":"publish","type":"page","link":"https:\/\/www.kurita.eu\/pt\/ketc-safety-rules\/","title":{"rendered":"PDFs das regras de seguran\u00e7a da KETC"},"content":{"rendered":"<div data-elementor-type=\"wp-page\" data-elementor-id=\"13562\" class=\"elementor elementor-13562\" data-elementor-post-type=\"page\">\n\t\t\t\t\t\t<section class=\"elementor-section elementor-top-section elementor-element elementor-element-1118a6ba elementor-section-boxed elementor-section-height-default elementor-section-height-default\" data-id=\"1118a6ba\" data-element_type=\"section\" data-e-type=\"section\" data-settings=\"{&quot;background_background&quot;:&quot;classic&quot;}\">\n\t\t\t\t\t\t<div class=\"elementor-container elementor-column-gap-default\">\n\t\t\t\t\t<div class=\"elementor-column elementor-col-50 elementor-top-column elementor-element elementor-element-1f759196\" data-id=\"1f759196\" data-element_type=\"column\" data-e-type=\"column\">\n\t\t\t<div class=\"elementor-widget-wrap elementor-element-populated\">\n\t\t\t\t\t\t<div class=\"elementor-element elementor-element-4a07a170 elementor-widget elementor-widget-heading\" data-id=\"4a07a170\" data-element_type=\"widget\" data-e-type=\"widget\" data-widget_type=\"heading.default\">\n\t\t\t\t<div class=\"elementor-widget-container\">\n\t\t\t\t\t<h2 class=\"elementor-heading-title elementor-size-default\">Regras de seguran\u00e7a do Kurita Europe Technology Center (KETC)<\/h2>\t\t\t\t<\/div>\n\t\t\t\t<\/div>\n\t\t\t\t<div class=\"elementor-element elementor-element-6c4d1a13 elementor-widget elementor-widget-text-editor\" data-id=\"6c4d1a13\" data-element_type=\"widget\" data-e-type=\"widget\" data-widget_type=\"text-editor.default\">\n\t\t\t\t<div class=\"elementor-widget-container\">\n\t\t\t\t\t\t\t\t\t<p>Descarregar as regras de seguran\u00e7a da Kurita para visitantes e empreiteiros<\/p>\t\t\t\t\t\t\t\t<\/div>\n\t\t\t\t<\/div>\n\t\t\t\t\t<\/div>\n\t\t<\/div>\n\t\t\t\t<div class=\"elementor-column elementor-col-50 elementor-top-column elementor-element elementor-element-48e2757f\" data-id=\"48e2757f\" data-element_type=\"column\" data-e-type=\"column\">\n\t\t\t<div class=\"elementor-widget-wrap elementor-element-populated\">\n\t\t\t\t\t\t<div class=\"elementor-element elementor-element-56e47513 elementor-widget elementor-widget-image\" data-id=\"56e47513\" data-element_type=\"widget\" data-e-type=\"widget\" data-widget_type=\"image.default\">\n\t\t\t\t<div class=\"elementor-widget-container\">\n\t\t\t\t\t\t\t\t\t\t\t\t\t\t\t<img fetchpriority=\"high\" decoding=\"async\" width=\"800\" height=\"450\" src=\"\/wp-content\/uploads\/2025\/04\/IMG_3257_edited_2-min-scaled-1-1024x576.jpg\" class=\"attachment-large size-large wp-image-13564\" alt=\"\" srcset=\"\/wp-content\/uploads\/2025\/04\/IMG_3257_edited_2-min-scaled-1-1024x576.jpg 1024w, \/wp-content\/uploads\/2025\/04\/IMG_3257_edited_2-min-scaled-1-300x169.jpg 300w, \/wp-content\/uploads\/2025\/04\/IMG_3257_edited_2-min-scaled-1-768x432.jpg 768w, \/wp-content\/uploads\/2025\/04\/IMG_3257_edited_2-min-scaled-1-1536x864.jpg 1536w, \/wp-content\/uploads\/2025\/04\/IMG_3257_edited_2-min-scaled-1-2048x1152.jpg 2048w\" sizes=\"(max-width: 800px) 100vw, 800px\" data-no-translation=\"\" \/>\t\t\t\t\t\t\t\t\t\t\t\t\t\t\t<\/div>\n\t\t\t\t<\/div>\n\t\t\t\t\t<\/div>\n\t\t<\/div>\n\t\t\t\t\t<\/div>\n\t\t<\/section>\n\t\t\t\t<section class=\"elementor-section elementor-top-section elementor-element elementor-element-790cf5a3 elementor-section-boxed elementor-section-height-default elementor-section-height-default\" data-id=\"790cf5a3\" data-element_type=\"section\" data-e-type=\"section\">\n\t\t\t\t\t\t<div class=\"elementor-container elementor-column-gap-default\">\n\t\t\t\t\t<div class=\"elementor-column elementor-col-100 elementor-top-column elementor-element elementor-element-30d75d98\" data-id=\"30d75d98\" data-element_type=\"column\" data-e-type=\"column\">\n\t\t\t<div class=\"elementor-widget-wrap elementor-element-populated\">\n\t\t\t\t\t\t<div class=\"elementor-element elementor-element-405f91a content-align-cta-default elementor-widget elementor-widget-eael-cta-box\" data-id=\"405f91a\" data-element_type=\"widget\" data-e-type=\"widget\" data-widget_type=\"eael-cta-box.default\">\n\t\t\t\t<div class=\"elementor-widget-container\">\n\t\t\t\t\t\t\t<div class=\"eael-call-to-action cta-basic bg-lite cta-preset-1\">\n        <h2 class=\"title\">Regras de seguran\u00e7a para visitantes e contratantes<\/h2><a href=\"\/wp-content\/uploads\/2025\/05\/Regulamentos de seguran\u00e7a para visitantes e contratantes-Rev.-01-2022.pdf\" class=\"cta-button cta-preset-1\">Descarregar em INGL\u00caS<\/a><a href=\"\/wp-content\/uploads\/2025\/05\/Sicherheitsregeln-fur-Besucher-Rev.01-2022.pdf\" class=\"cta-button cta-secondary-button\">Descarregar em ALEM\u00c3O<\/a>\t<\/div>\n\t\t\t\t\t\t\t\t<\/div>\n\t\t\t\t<\/div>\n\t\t\t\t\t<\/div>\n\t\t<\/div>\n\t\t\t\t\t<\/div>\n\t\t<\/section>\n\t\t\t\t<\/div>","protected":false},"excerpt":{"rendered":"<p>Kurita Europe Technology Center (KETC) safety rules Download Kurita safety rules for visitors and contractors Safety rules for visitors and contractors Donwload in ENGLISHDonwload in GERMAN<\/p>","protected":false},"author":2,"featured_media":0,"parent":0,"menu_order":0,"comment_status":"closed","ping_status":"closed","template":"","meta":{"footnotes":""},"class_list":["post-13562","page","type-page","status-publish","hentry"],"yoast_head":"<!-- This site is optimized with the Yoast SEO plugin v27.3 - https:\/\/yoast.com\/product\/yoast-seo-wordpress\/ -->\n<title>KETC safety rules PDF&#039;s - Kurita Europe<\/title>\n<meta name=\"description\" content=\"Kurita\u2019s safety rules for contractors ensure secure, compliant operations at KETC sites through clear guidelines and mandatory procedures.\" \/>\n<meta name=\"robots\" content=\"index, follow, max-snippet:-1, max-image-preview:large, max-video-preview:-1\" \/>\n<link rel=\"canonical\" href=\"https:\/\/kurita.eu\/cs\/ketc-safety-rules\/\" \/>\n<meta property=\"og:locale\" content=\"pt_PT\" \/>\n<meta property=\"og:type\" content=\"article\" \/>\n<meta property=\"og:title\" content=\"KETC safety rules PDF&#039;s - Kurita Europe\" \/>\n<meta property=\"og:description\" content=\"Kurita\u2019s safety rules for contractors ensure secure, compliant operations at KETC sites through clear guidelines and mandatory procedures.\" \/>\n<meta property=\"og:url\" content=\"https:\/\/kurita.eu\/cs\/ketc-safety-rules\/\" \/>\n<meta property=\"og:site_name\" content=\"Kurita Europe\" \/>\n<meta property=\"article:modified_time\" content=\"2025-09-25T10:24:21+00:00\" \/>\n<meta property=\"og:image\" content=\"https:\/\/www.kurita.eu\/wp-content\/uploads\/2025\/07\/kurita-favicon-512x512-1.png\" \/>\n\t<meta property=\"og:image:width\" content=\"512\" \/>\n\t<meta property=\"og:image:height\" content=\"512\" \/>\n\t<meta property=\"og:image:type\" content=\"image\/png\" \/>\n<meta name=\"twitter:card\" content=\"summary_large_image\" \/>\n<meta name=\"twitter:site\" content=\"@KuritaGlobal\" \/>\n<meta name=\"twitter:label1\" content=\"Est. reading time\" \/>\n\t<meta name=\"twitter:data1\" content=\"1 minuto\" \/>\n<script type=\"application\/ld+json\" class=\"yoast-schema-graph\">{\"@context\":\"https:\\\/\\\/schema.org\",\"@graph\":[{\"@type\":\"WebPage\",\"@id\":\"https:\\\/\\\/kurita.eu\\\/cs\\\/ketc-safety-rules\\\/\",\"url\":\"https:\\\/\\\/kurita.eu\\\/cs\\\/ketc-safety-rules\\\/\",\"name\":\"KETC safety rules PDF's - Kurita Europe\",\"isPartOf\":{\"@id\":\"https:\\\/\\\/kurita.eu\\\/it\\\/#website\"},\"datePublished\":\"2025-04-24T09:47:14+00:00\",\"dateModified\":\"2025-09-25T10:24:21+00:00\",\"description\":\"Kurita\u2019s safety rules for contractors ensure secure, compliant operations at KETC sites through clear guidelines and mandatory procedures.\",\"breadcrumb\":{\"@id\":\"https:\\\/\\\/kurita.eu\\\/cs\\\/ketc-safety-rules\\\/#breadcrumb\"},\"inLanguage\":\"pt-PT\",\"potentialAction\":[{\"@type\":\"ReadAction\",\"target\":[\"https:\\\/\\\/kurita.eu\\\/cs\\\/ketc-safety-rules\\\/\"]}]},{\"@type\":\"BreadcrumbList\",\"@id\":\"https:\\\/\\\/kurita.eu\\\/cs\\\/ketc-safety-rules\\\/#breadcrumb\",\"itemListElement\":[{\"@type\":\"ListItem\",\"position\":1,\"name\":\"Home\",\"item\":\"https:\\\/\\\/www.kurita.eu\\\/en\\\/\"},{\"@type\":\"ListItem\",\"position\":2,\"name\":\"KETC safety rules PDF&#8217;s\"}]},{\"@type\":\"WebSite\",\"@id\":\"https:\\\/\\\/kurita.eu\\\/it\\\/#website\",\"url\":\"https:\\\/\\\/kurita.eu\\\/it\\\/\",\"name\":\"Kurita Europe\",\"description\":\"Water Treatment Solutions\",\"publisher\":{\"@id\":\"https:\\\/\\\/kurita.eu\\\/it\\\/#organization\"},\"potentialAction\":[{\"@type\":\"SearchAction\",\"target\":{\"@type\":\"EntryPoint\",\"urlTemplate\":\"https:\\\/\\\/kurita.eu\\\/it\\\/?s={search_term_string}\"},\"query-input\":{\"@type\":\"PropertyValueSpecification\",\"valueRequired\":true,\"valueName\":\"search_term_string\"}}],\"inLanguage\":\"pt-PT\"},{\"@type\":\"Organization\",\"@id\":\"https:\\\/\\\/kurita.eu\\\/it\\\/#organization\",\"name\":\"Kurita Europe\",\"url\":\"https:\\\/\\\/kurita.eu\\\/it\\\/\",\"logo\":{\"@type\":\"ImageObject\",\"inLanguage\":\"pt-PT\",\"@id\":\"https:\\\/\\\/kurita.eu\\\/it\\\/#\\\/schema\\\/logo\\\/image\\\/\",\"url\":\"\\\/wp-content\\\/uploads\\\/2025\\\/05\\\/cropped-brand_mark_horizon_blue.png\",\"contentUrl\":\"\\\/wp-content\\\/uploads\\\/2025\\\/05\\\/cropped-brand_mark_horizon_blue.png\",\"width\":712,\"height\":204,\"caption\":\"Kurita Europe\"},\"image\":{\"@id\":\"https:\\\/\\\/kurita.eu\\\/it\\\/#\\\/schema\\\/logo\\\/image\\\/\"},\"sameAs\":[\"https:\\\/\\\/x.com\\\/KuritaGlobal\",\"https:\\\/\\\/www.linkedin.com\\\/company\\\/kurita\\\/\"]}]}<\/script>\n<!-- \/ Yoast SEO plugin. -->","yoast_head_json":{"title":"PDFs das regras de seguran\u00e7a KETC - Kurita Portugal","description":"As regras de seguran\u00e7a da Kurita para empreiteiros garantem opera\u00e7\u00f5es seguras e conformes nas instala\u00e7\u00f5es da KETC atrav\u00e9s de diretrizes claras e procedimentos obrigat\u00f3rios.","robots":{"index":"index","follow":"follow","max-snippet":"max-snippet:-1","max-image-preview":"max-image-preview:large","max-video-preview":"max-video-preview:-1"},"canonical":"https:\/\/kurita.eu\/cs\/ketc-safety-rules\/","og_locale":"pt_PT","og_type":"article","og_title":"KETC safety rules PDF's - Kurita Europe","og_description":"Kurita\u2019s safety rules for contractors ensure secure, compliant operations at KETC sites through clear guidelines and mandatory procedures.","og_url":"https:\/\/kurita.eu\/cs\/ketc-safety-rules\/","og_site_name":"Kurita Europe","article_modified_time":"2025-09-25T10:24:21+00:00","og_image":[{"width":512,"height":512,"url":"https:\/\/www.kurita.eu\/wp-content\/uploads\/2025\/07\/kurita-favicon-512x512-1.png","type":"image\/png"}],"twitter_card":"summary_large_image","twitter_site":"@KuritaGlobal","twitter_misc":{"Est. reading time":"1 minuto"},"schema":{"@context":"https:\/\/schema.org","@graph":[{"@type":"WebPage","@id":"https:\/\/kurita.eu\/cs\/ketc-safety-rules\/","url":"https:\/\/kurita.eu\/cs\/ketc-safety-rules\/","name":"PDFs das regras de seguran\u00e7a KETC - Kurita Portugal","isPartOf":{"@id":"https:\/\/kurita.eu\/it\/#website"},"datePublished":"2025-04-24T09:47:14+00:00","dateModified":"2025-09-25T10:24:21+00:00","description":"As regras de seguran\u00e7a da Kurita para empreiteiros garantem opera\u00e7\u00f5es seguras e conformes nas instala\u00e7\u00f5es da KETC atrav\u00e9s de diretrizes claras e procedimentos obrigat\u00f3rios.","breadcrumb":{"@id":"https:\/\/kurita.eu\/cs\/ketc-safety-rules\/#breadcrumb"},"inLanguage":"pt-PT","potentialAction":[{"@type":"ReadAction","target":["https:\/\/kurita.eu\/cs\/ketc-safety-rules\/"]}]},{"@type":"BreadcrumbList","@id":"https:\/\/kurita.eu\/cs\/ketc-safety-rules\/#breadcrumb","itemListElement":[{"@type":"ListItem","position":1,"name":"Home","item":"https:\/\/www.kurita.eu\/en\/"},{"@type":"ListItem","position":2,"name":"KETC safety rules PDF&#8217;s"}]},{"@type":"WebSite","@id":"https:\/\/kurita.eu\/it\/#website","url":"https:\/\/kurita.eu\/it\/","name":"Kurita Europa","description":"Solu\u00e7\u00f5es de tratamento de \u00e1gua","publisher":{"@id":"https:\/\/kurita.eu\/it\/#organization"},"potentialAction":[{"@type":"SearchAction","target":{"@type":"EntryPoint","urlTemplate":"https:\/\/kurita.eu\/it\/?s={search_term_string}"},"query-input":{"@type":"PropertyValueSpecification","valueRequired":true,"valueName":"search_term_string"}}],"inLanguage":"pt-PT"},{"@type":"Organization","@id":"https:\/\/kurita.eu\/it\/#organization","name":"Kurita Europa","url":"https:\/\/kurita.eu\/it\/","logo":{"@type":"ImageObject","inLanguage":"pt-PT","@id":"https:\/\/kurita.eu\/it\/#\/schema\/logo\/image\/","url":"\/wp-content\/uploads\/2025\/05\/cropped-brand_mark_horizon_blue.png","contentUrl":"\/wp-content\/uploads\/2025\/05\/cropped-brand_mark_horizon_blue.png","width":712,"height":204,"caption":"Kurita Europe"},"image":{"@id":"https:\/\/kurita.eu\/it\/#\/schema\/logo\/image\/"},"sameAs":["https:\/\/x.com\/KuritaGlobal","https:\/\/www.linkedin.com\/company\/kurita\/"]}]}},"_links":{"self":[{"href":"https:\/\/www.kurita.eu\/pt\/wp-json\/wp\/v2\/pages\/13562","targetHints":{"allow":["GET"]}}],"collection":[{"href":"https:\/\/www.kurita.eu\/pt\/wp-json\/wp\/v2\/pages"}],"about":[{"href":"https:\/\/www.kurita.eu\/pt\/wp-json\/wp\/v2\/types\/page"}],"author":[{"embeddable":true,"href":"https:\/\/www.kurita.eu\/pt\/wp-json\/wp\/v2\/users\/2"}],"replies":[{"embeddable":true,"href":"https:\/\/www.kurita.eu\/pt\/wp-json\/wp\/v2\/comments?post=13562"}],"version-history":[{"count":7,"href":"https:\/\/www.kurita.eu\/pt\/wp-json\/wp\/v2\/pages\/13562\/revisions"}],"predecessor-version":[{"id":15568,"href":"https:\/\/www.kurita.eu\/pt\/wp-json\/wp\/v2\/pages\/13562\/revisions\/15568"}],"wp:attachment":[{"href":"https:\/\/www.kurita.eu\/pt\/wp-json\/wp\/v2\/media?parent=13562"}],"curies":[{"name":"wp","href":"https:\/\/api.w.org\/{rel}","templated":true}]}}