{"id":14051,"date":"2025-04-24T14:34:28","date_gmt":"2025-04-24T14:34:28","guid":{"rendered":"https:\/\/kurita-eu-gudza2cjbzfhcwbx.francecentral-01.azurewebsites.net\/?page_id=14051"},"modified":"2026-01-20T14:16:33","modified_gmt":"2026-01-20T14:16:33","slug":"ferrodor","status":"publish","type":"page","link":"https:\/\/www.kurita.eu\/pt\/solutions\/ferrodor\/","title":{"rendered":"Ferrodor"},"content":{"rendered":"<div data-elementor-type=\"wp-page\" data-elementor-id=\"14051\" class=\"elementor elementor-14051\" data-elementor-post-type=\"page\">\n\t\t\t\t\t\t<section class=\"elementor-section elementor-top-section elementor-element elementor-element-4151199d elementor-section-full_width elementor-section-height-default elementor-section-height-default\" data-id=\"4151199d\" data-element_type=\"section\" data-e-type=\"section\">\n\t\t\t\t\t\t<div class=\"elementor-container elementor-column-gap-default\">\n\t\t\t\t\t<div class=\"elementor-column elementor-col-100 elementor-top-column elementor-element elementor-element-7efe2418\" data-id=\"7efe2418\" data-element_type=\"column\" data-e-type=\"column\">\n\t\t\t<div class=\"elementor-widget-wrap elementor-element-populated\">\n\t\t\t\t\t\t<div class=\"elementor-element elementor-element-794cd158 elementor--h-position-center elementor--v-position-middle elementor-arrows-position-inside elementor-pagination-position-inside elementor-widget elementor-widget-slides\" data-id=\"794cd158\" data-element_type=\"widget\" data-e-type=\"widget\" data-settings=\"{&quot;navigation&quot;:&quot;both&quot;,&quot;autoplay&quot;:&quot;yes&quot;,&quot;pause_on_hover&quot;:&quot;yes&quot;,&quot;pause_on_interaction&quot;:&quot;yes&quot;,&quot;autoplay_speed&quot;:5000,&quot;infinite&quot;:&quot;yes&quot;,&quot;transition&quot;:&quot;slide&quot;,&quot;transition_speed&quot;:500}\" data-widget_type=\"slides.default\">\n\t\t\t\t<div class=\"elementor-widget-container\">\n\t\t\t\t\t\t\t\t\t<div class=\"elementor-swiper\">\n\t\t\t\t\t<div class=\"elementor-slides-wrapper elementor-main-swiper swiper\" role=\"region\" aria-roledescription=\"carousel\" aria-label=\"Deslizamentos\" dir=\"ltr\" data-animation=\"fadeInUp\">\n\t\t\t\t<div class=\"swiper-wrapper elementor-slides\">\n\t\t\t\t\t\t\t\t\t\t<div class=\"elementor-repeater-item-4e0b9f7 swiper-slide\" role=\"group\" aria-roledescription=\"slide\"><div class=\"swiper-slide-bg elementor-ken-burns elementor-ken-burns--in\" role=\"img\" aria-label=\"Aplica\u00e7\u00f5es_Tratamento_da_\u00e1gua-401e7d4b-1.jpg\"><\/div><div class=\"elementor-background-overlay\"><\/div><div class=\"swiper-slide-inner\" ><div class=\"swiper-slide-contents\"><h1 class=\"elementor-slide-heading\">Ferrodor<\/h1><\/div><\/div><\/div>\t\t\t\t<\/div>\n\t\t\t\t\t\t\t<\/div>\n\t\t\t\t<\/div>\n\t\t\t\t\t\t\t\t<\/div>\n\t\t\t\t<\/div>\n\t\t\t\t\t<\/div>\n\t\t<\/div>\n\t\t\t\t\t<\/div>\n\t\t<\/section>\n\t\t\t\t<section class=\"elementor-section elementor-top-section elementor-element elementor-element-783d662f elementor-section-boxed elementor-section-height-default elementor-section-height-default\" data-id=\"783d662f\" data-element_type=\"section\" data-e-type=\"section\">\n\t\t\t\t\t\t<div class=\"elementor-container elementor-column-gap-default\">\n\t\t\t\t\t<div class=\"elementor-column elementor-col-66 elementor-top-column elementor-element elementor-element-6fff2fd margin-content\" data-id=\"6fff2fd\" data-element_type=\"column\" data-e-type=\"column\">\n\t\t\t<div class=\"elementor-widget-wrap elementor-element-populated\">\n\t\t\t\t\t\t<div class=\"elementor-element elementor-element-755eca0d elementor-widget elementor-widget-heading\" data-id=\"755eca0d\" data-element_type=\"widget\" data-e-type=\"widget\" data-widget_type=\"heading.default\">\n\t\t\t\t<div class=\"elementor-widget-container\">\n\t\t\t\t\t<h2 class=\"elementor-heading-title elementor-size-default\">Ferrodor\u00ae - Para garantir um bom funcionamento da piscina<\/h2>\t\t\t\t<\/div>\n\t\t\t\t<\/div>\n\t\t\t\t<div class=\"elementor-element elementor-element-290d544 elementor-invisible elementor-widget elementor-widget-text-editor\" data-id=\"290d544\" data-element_type=\"widget\" data-e-type=\"widget\" data-settings=\"{&quot;_animation&quot;:&quot;fadeInUp&quot;}\" data-widget_type=\"text-editor.default\">\n\t\t\t\t<div class=\"elementor-widget-container\">\n\t\t\t\t\t\t\t\t\tA tecnologia abrangente e inovadora da Kurita para o tratamento de piscinas oferece uma vasta gama de produtos.\n\nO tratamento de \u00e1gua para piscinas tem dois desafios:<\/p>\n<ul>\n \t<li>Higiene para os nadadores<\/li>\n \t<li>Clareza da \u00e1gua<\/li>\n<\/ul><\/p>\n<p>O nosso\u00a0<strong>Ferrodor<sup>\u00ae<\/sup><\/strong>\u00a0A gama de produtos inclui os seguintes tipos de produtos:\n<ul>\n \t<li>Desinfectantes: desinfectantes e algicidas \u00e0 base de cloro para a higiene. Estes produtos, em pastilhas, granulados e l\u00edquidos, permitem uma clora\u00e7\u00e3o cont\u00ednua ou de choque.<\/li>\n \t<li>Reguladores de pH: Produtos l\u00edquidos alcalinos e \u00e1cidos inorg\u00e2nicos em forma l\u00edquida e em p\u00f3 para regular o valor do pH.<\/li>\n \t<li>Coagulantes-floculantes: produtos l\u00edquidos que proporcionam \u00e1gua l\u00edmpida atrav\u00e9s da percipita\u00e7\u00e3o dos s\u00f3lidos em suspens\u00e3o, \u00f3leos org\u00e2nicos e silicatos que podem ser eliminados nos filtros.<\/li>\n \t<li>Produtos qu\u00edmicos complementares para a conserva\u00e7\u00e3o da piscina durante o inverno. Preven\u00e7\u00e3o da turva\u00e7\u00e3o e das incrusta\u00e7\u00f5es devidas \u00e0 dureza da \u00e1gua. Para a remo\u00e7\u00e3o de incrusta\u00e7\u00f5es, \u00f3leos e outras contamina\u00e7\u00f5es, fornecemos produtos de limpeza de filtros e superf\u00edcies.<\/li>\n<\/ul><\/p>\n<p><strong>Aten\u00e7\u00e3o:<\/strong>\u00a0Utilizar os biocidas de forma segura. Leia sempre o r\u00f3tulo e as informa\u00e7\u00f5es sobre o produto antes de o utilizar.\t\t\t\t\t\t\t\t<\/div>\n\t\t\t\t<\/div>\n\t\t\t\t\t<\/div>\n\t\t<\/div>\n\t\t\t\t<div class=\"elementor-column elementor-col-33 elementor-top-column elementor-element elementor-element-5a193e24 margin-content\" data-id=\"5a193e24\" data-element_type=\"column\" data-e-type=\"column\">\n\t\t\t<div class=\"elementor-widget-wrap elementor-element-populated\">\n\t\t\t\t\t\t<div class=\"elementor-element elementor-element-2b8f27b1 elementor-invisible elementor-widget elementor-widget-image\" data-id=\"2b8f27b1\" data-element_type=\"widget\" data-e-type=\"widget\" data-settings=\"{&quot;_animation&quot;:&quot;fadeIn&quot;}\" data-widget_type=\"image.default\">\n\t\t\t\t<div class=\"elementor-widget-container\">\n\t\t\t\t\t\t\t\t\t\t\t\t\t\t\t<img fetchpriority=\"high\" decoding=\"async\" width=\"350\" height=\"299\" src=\"\/wp-content\/uploads\/2025\/04\/Stamp-Kurita-PATENTED-SOLUTION-0e304df3.png\" class=\"attachment-large size-large wp-image-12806\" alt=\"\" srcset=\"\/wp-content\/uploads\/2025\/04\/Stamp-Kurita-PATENTED-SOLUTION-0e304df3.png 350w, \/wp-content\/uploads\/2025\/04\/Stamp-Kurita-PATENTED-SOLUTION-0e304df3-300x256.png 300w\" sizes=\"(max-width: 350px) 100vw, 350px\" data-no-translation=\"\" \/>\t\t\t\t\t\t\t\t\t\t\t\t\t\t\t<\/div>\n\t\t\t\t<\/div>\n\t\t\t\t\t<\/div>\n\t\t<\/div>\n\t\t\t\t\t<\/div>\n\t\t<\/section>\n\t\t\t\t<section class=\"elementor-section elementor-top-section elementor-element elementor-element-55fad4a6 elementor-section-boxed elementor-section-height-default elementor-section-height-default\" data-id=\"55fad4a6\" data-element_type=\"section\" data-e-type=\"section\" data-settings=\"{&quot;background_background&quot;:&quot;classic&quot;}\">\n\t\t\t\t\t\t<div class=\"elementor-container elementor-column-gap-default\">\n\t\t\t\t\t<div class=\"elementor-column elementor-col-100 elementor-top-column elementor-element elementor-element-455c3f56 margin-content\" data-id=\"455c3f56\" data-element_type=\"column\" data-e-type=\"column\">\n\t\t\t<div class=\"elementor-widget-wrap elementor-element-populated\">\n\t\t\t\t\t\t<div class=\"elementor-element elementor-element-57d221ba elementor-widget elementor-widget-heading\" data-id=\"57d221ba\" data-element_type=\"widget\" data-e-type=\"widget\" data-widget_type=\"heading.default\">\n\t\t\t\t<div class=\"elementor-widget-container\">\n\t\t\t\t\t<h2 class=\"elementor-heading-title elementor-size-default\">Estamos ao seu servi\u00e7o<\/h2>\t\t\t\t<\/div>\n\t\t\t\t<\/div>\n\t\t\t\t<div class=\"elementor-element elementor-element-3168d0e4 elementor-widget elementor-widget-html\" data-id=\"3168d0e4\" data-element_type=\"widget\" data-e-type=\"widget\" data-widget_type=\"html.default\">\n\t\t\t\t<div class=\"elementor-widget-container\">\n\t\t\t\t\t<div\r\n        data-form-id='f4d0a8e4-73ce-ef11-b8e8-000d3ab41b62'\r\n        data-form-api-url='https:\/\/public-eur.mkt.dynamics.com\/api\/v1.0\/orgs\/30cac5a2-33f9-ed11-a66d-000d3a64d748\/landingpageforms'\r\n        data-cached-form-url='https:\/\/assets-eur.mkt.dynamics.com\/30cac5a2-33f9-ed11-a66d-000d3a64d748\/digitalassets\/forms\/f4d0a8e4-73ce-ef11-b8e8-000d3ab41b62' ><\/div>\r\n        <script src = 'https:\/\/cxppusa1formui01cdnsa01-endpoint.azureedge.net\/eur\/FormLoader\/FormLoader.bundle.js' ><\/script>\r\n        <script>document.documentElement.lang = navigator.language;<\/script>\t\t\t\t<\/div>\n\t\t\t\t<\/div>\n\t\t\t\t\t<\/div>\n\t\t<\/div>\n\t\t\t\t\t<\/div>\n\t\t<\/section>\n\t\t\t\t<\/div>","protected":false},"excerpt":{"rendered":"<p>Ferrodor\u00ae Ferrodor\u00ae \u2013 To ensure a smooth swimming pool operation Kurita\u2019s comprehensive and innovative technology for swimming pool treatment offers a broad range of products. Water treatment for swimming pools has two challenges: Hygiene for swimmers Clarity of the water Our\u00a0Ferrodor\u00ae\u00a0product range comprises the following types of products: Disinfectants: chlorine-based disinfectants and algaecides for hygiene. [&hellip;]<\/p>\n","protected":false},"author":2,"featured_media":0,"parent":13875,"menu_order":0,"comment_status":"closed","ping_status":"closed","template":"","meta":{"footnotes":""},"class_list":["post-14051","page","type-page","status-publish","hentry"],"yoast_head":"<!-- This site is optimized with the Yoast SEO plugin v27.3 - https:\/\/yoast.com\/product\/yoast-seo-wordpress\/ -->\n<title>Ferrodor\u00ae - Kurita Europe<\/title>\n<meta name=\"description\" content=\"Ferrodor\u00ae offers advanced swimming pool water treatment solutions, including disinfectants, pH regulators, and seasonal maintenance products.\" \/>\n<meta name=\"robots\" content=\"index, follow, max-snippet:-1, max-image-preview:large, max-video-preview:-1\" \/>\n<link rel=\"canonical\" href=\"https:\/\/www.kurita.eu\/pt\/solucoes\/ferrodor\/\" \/>\n<meta property=\"og:locale\" content=\"pt_PT\" \/>\n<meta property=\"og:type\" content=\"article\" \/>\n<meta property=\"og:title\" content=\"Ferrodor\u00ae - Kurita Europe\" \/>\n<meta property=\"og:description\" content=\"Ferrodor\u00ae offers advanced swimming pool water treatment solutions, including disinfectants, pH regulators, and seasonal maintenance products.\" \/>\n<meta property=\"og:url\" content=\"https:\/\/www.kurita.eu\/pt\/solucoes\/ferrodor\/\" \/>\n<meta property=\"og:site_name\" content=\"Kurita Europe\" \/>\n<meta property=\"article:modified_time\" content=\"2026-01-20T14:16:33+00:00\" \/>\n<meta property=\"og:image\" content=\"https:\/\/www.kurita.eu\/wp-content\/uploads\/2025\/07\/kurita-favicon-512x512-1.png\" \/>\n\t<meta property=\"og:image:width\" content=\"512\" \/>\n\t<meta property=\"og:image:height\" content=\"512\" \/>\n\t<meta property=\"og:image:type\" content=\"image\/png\" \/>\n<meta name=\"twitter:card\" content=\"summary_large_image\" \/>\n<meta name=\"twitter:site\" content=\"@KuritaGlobal\" \/>\n<meta name=\"twitter:label1\" content=\"Est. reading time\" \/>\n\t<meta name=\"twitter:data1\" content=\"3 minutos\" \/>\n<script type=\"application\/ld+json\" class=\"yoast-schema-graph\">{\"@context\":\"https:\\\/\\\/schema.org\",\"@graph\":[{\"@type\":\"WebPage\",\"@id\":\"https:\\\/\\\/www.kurita.eu\\\/pl\\\/rozwiazania\\\/ferrodor\\\/\",\"url\":\"https:\\\/\\\/www.kurita.eu\\\/pl\\\/rozwiazania\\\/ferrodor\\\/\",\"name\":\"Ferrodor\u00ae - Kurita Europe\",\"isPartOf\":{\"@id\":\"https:\\\/\\\/www.kurita.eu\\\/se\\\/#website\"},\"datePublished\":\"2025-04-24T14:34:28+00:00\",\"dateModified\":\"2026-01-20T14:16:33+00:00\",\"description\":\"Ferrodor\u00ae offers advanced swimming pool water treatment solutions, including disinfectants, pH regulators, and seasonal maintenance products.\",\"breadcrumb\":{\"@id\":\"https:\\\/\\\/www.kurita.eu\\\/pl\\\/rozwiazania\\\/ferrodor\\\/#breadcrumb\"},\"inLanguage\":\"pt-PT\",\"potentialAction\":[{\"@type\":\"ReadAction\",\"target\":[\"https:\\\/\\\/www.kurita.eu\\\/pl\\\/rozwiazania\\\/ferrodor\\\/\"]}]},{\"@type\":\"BreadcrumbList\",\"@id\":\"https:\\\/\\\/www.kurita.eu\\\/pl\\\/rozwiazania\\\/ferrodor\\\/#breadcrumb\",\"itemListElement\":[{\"@type\":\"ListItem\",\"position\":1,\"name\":\"Home\",\"item\":\"https:\\\/\\\/www.kurita.eu\\\/de\\\/\"},{\"@type\":\"ListItem\",\"position\":2,\"name\":\"Solutions\",\"item\":\"https:\\\/\\\/www.kurita.eu\\\/se\\\/losningar\\\/\"},{\"@type\":\"ListItem\",\"position\":3,\"name\":\"Ferrodor\u00ae\"}]},{\"@type\":\"WebSite\",\"@id\":\"https:\\\/\\\/www.kurita.eu\\\/se\\\/#website\",\"url\":\"https:\\\/\\\/www.kurita.eu\\\/se\\\/\",\"name\":\"Kurita Europe\",\"description\":\"Water Treatment Solutions\",\"publisher\":{\"@id\":\"https:\\\/\\\/www.kurita.eu\\\/se\\\/#organization\"},\"potentialAction\":[{\"@type\":\"SearchAction\",\"target\":{\"@type\":\"EntryPoint\",\"urlTemplate\":\"https:\\\/\\\/www.kurita.eu\\\/se\\\/?s={search_term_string}\"},\"query-input\":{\"@type\":\"PropertyValueSpecification\",\"valueRequired\":true,\"valueName\":\"search_term_string\"}}],\"inLanguage\":\"pt-PT\"},{\"@type\":\"Organization\",\"@id\":\"https:\\\/\\\/www.kurita.eu\\\/se\\\/#organization\",\"name\":\"Kurita Europe\",\"url\":\"https:\\\/\\\/www.kurita.eu\\\/se\\\/\",\"logo\":{\"@type\":\"ImageObject\",\"inLanguage\":\"pt-PT\",\"@id\":\"https:\\\/\\\/www.kurita.eu\\\/se\\\/#\\\/schema\\\/logo\\\/image\\\/\",\"url\":\"\\\/wp-content\\\/uploads\\\/2025\\\/05\\\/cropped-brand_mark_horizon_blue.png\",\"contentUrl\":\"\\\/wp-content\\\/uploads\\\/2025\\\/05\\\/cropped-brand_mark_horizon_blue.png\",\"width\":712,\"height\":204,\"caption\":\"Kurita Europe\"},\"image\":{\"@id\":\"https:\\\/\\\/www.kurita.eu\\\/se\\\/#\\\/schema\\\/logo\\\/image\\\/\"},\"sameAs\":[\"https:\\\/\\\/x.com\\\/KuritaGlobal\",\"https:\\\/\\\/www.linkedin.com\\\/company\\\/kurita\\\/\"]}]}<\/script>\n<!-- \/ Yoast SEO plugin. -->","yoast_head_json":{"title":"Ferrodor\u00ae - Kurita Portugal","description":"A Ferrodor\u00ae oferece solu\u00e7\u00f5es avan\u00e7adas de tratamento de \u00e1gua de piscinas, incluindo desinfectantes, reguladores de pH e produtos de manuten\u00e7\u00e3o sazonal.","robots":{"index":"index","follow":"follow","max-snippet":"max-snippet:-1","max-image-preview":"max-image-preview:large","max-video-preview":"max-video-preview:-1"},"canonical":"https:\/\/www.kurita.eu\/pt\/solucoes\/ferrodor\/","og_locale":"pt_PT","og_type":"article","og_title":"Ferrodor\u00ae - Kurita Europe","og_description":"Ferrodor\u00ae offers advanced swimming pool water treatment solutions, including disinfectants, pH regulators, and seasonal maintenance products.","og_url":"https:\/\/www.kurita.eu\/pt\/solucoes\/ferrodor\/","og_site_name":"Kurita Europe","article_modified_time":"2026-01-20T14:16:33+00:00","og_image":[{"width":512,"height":512,"url":"https:\/\/www.kurita.eu\/wp-content\/uploads\/2025\/07\/kurita-favicon-512x512-1.png","type":"image\/png"}],"twitter_card":"summary_large_image","twitter_site":"@KuritaGlobal","twitter_misc":{"Est. reading time":"3 minutos"},"schema":{"@context":"https:\/\/schema.org","@graph":[{"@type":"WebPage","@id":"https:\/\/www.kurita.eu\/pl\/rozwiazania\/ferrodor\/","url":"https:\/\/www.kurita.eu\/pl\/rozwiazania\/ferrodor\/","name":"Ferrodor\u00ae - Kurita Portugal","isPartOf":{"@id":"https:\/\/www.kurita.eu\/se\/#website"},"datePublished":"2025-04-24T14:34:28+00:00","dateModified":"2026-01-20T14:16:33+00:00","description":"A Ferrodor\u00ae oferece solu\u00e7\u00f5es avan\u00e7adas de tratamento de \u00e1gua de piscinas, incluindo desinfectantes, reguladores de pH e produtos de manuten\u00e7\u00e3o sazonal.","breadcrumb":{"@id":"https:\/\/www.kurita.eu\/pl\/rozwiazania\/ferrodor\/#breadcrumb"},"inLanguage":"pt-PT","potentialAction":[{"@type":"ReadAction","target":["https:\/\/www.kurita.eu\/pl\/rozwiazania\/ferrodor\/"]}]},{"@type":"BreadcrumbList","@id":"https:\/\/www.kurita.eu\/pl\/rozwiazania\/ferrodor\/#breadcrumb","itemListElement":[{"@type":"ListItem","position":1,"name":"Home","item":"https:\/\/www.kurita.eu\/de\/"},{"@type":"ListItem","position":2,"name":"Solutions","item":"https:\/\/www.kurita.eu\/se\/losningar\/"},{"@type":"ListItem","position":3,"name":"Ferrodor\u00ae"}]},{"@type":"WebSite","@id":"https:\/\/www.kurita.eu\/se\/#website","url":"https:\/\/www.kurita.eu\/se\/","name":"Kurita Europa","description":"Solu\u00e7\u00f5es de tratamento de \u00e1gua","publisher":{"@id":"https:\/\/www.kurita.eu\/se\/#organization"},"potentialAction":[{"@type":"SearchAction","target":{"@type":"EntryPoint","urlTemplate":"https:\/\/www.kurita.eu\/se\/?s={search_term_string}"},"query-input":{"@type":"PropertyValueSpecification","valueRequired":true,"valueName":"search_term_string"}}],"inLanguage":"pt-PT"},{"@type":"Organization","@id":"https:\/\/www.kurita.eu\/se\/#organization","name":"Kurita Europa","url":"https:\/\/www.kurita.eu\/se\/","logo":{"@type":"ImageObject","inLanguage":"pt-PT","@id":"https:\/\/www.kurita.eu\/se\/#\/schema\/logo\/image\/","url":"\/wp-content\/uploads\/2025\/05\/cropped-brand_mark_horizon_blue.png","contentUrl":"\/wp-content\/uploads\/2025\/05\/cropped-brand_mark_horizon_blue.png","width":712,"height":204,"caption":"Kurita Europe"},"image":{"@id":"https:\/\/www.kurita.eu\/se\/#\/schema\/logo\/image\/"},"sameAs":["https:\/\/x.com\/KuritaGlobal","https:\/\/www.linkedin.com\/company\/kurita\/"]}]}},"_links":{"self":[{"href":"https:\/\/www.kurita.eu\/pt\/wp-json\/wp\/v2\/pages\/14051","targetHints":{"allow":["GET"]}}],"collection":[{"href":"https:\/\/www.kurita.eu\/pt\/wp-json\/wp\/v2\/pages"}],"about":[{"href":"https:\/\/www.kurita.eu\/pt\/wp-json\/wp\/v2\/types\/page"}],"author":[{"embeddable":true,"href":"https:\/\/www.kurita.eu\/pt\/wp-json\/wp\/v2\/users\/2"}],"replies":[{"embeddable":true,"href":"https:\/\/www.kurita.eu\/pt\/wp-json\/wp\/v2\/comments?post=14051"}],"version-history":[{"count":7,"href":"https:\/\/www.kurita.eu\/pt\/wp-json\/wp\/v2\/pages\/14051\/revisions"}],"predecessor-version":[{"id":19282,"href":"https:\/\/www.kurita.eu\/pt\/wp-json\/wp\/v2\/pages\/14051\/revisions\/19282"}],"up":[{"embeddable":true,"href":"https:\/\/www.kurita.eu\/pt\/wp-json\/wp\/v2\/pages\/13875"}],"wp:attachment":[{"href":"https:\/\/www.kurita.eu\/pt\/wp-json\/wp\/v2\/media?parent=14051"}],"curies":[{"name":"wp","href":"https:\/\/api.w.org\/{rel}","templated":true}]}}