{"id":14143,"date":"2025-04-25T07:15:29","date_gmt":"2025-04-25T07:15:29","guid":{"rendered":"https:\/\/kurita-eu-gudza2cjbzfhcwbx.francecentral-01.azurewebsites.net\/?page_id=14143"},"modified":"2026-03-10T14:17:47","modified_gmt":"2026-03-10T14:17:47","slug":"kuriauto","status":"publish","type":"page","link":"https:\/\/www.kurita.eu\/pt\/solutions\/kuriauto\/","title":{"rendered":"Kuriauto\u00ae"},"content":{"rendered":"<div data-elementor-type=\"wp-page\" data-elementor-id=\"14143\" class=\"elementor elementor-14143\" data-elementor-post-type=\"page\">\n\t\t\t\t\t\t<section class=\"elementor-section elementor-top-section elementor-element elementor-element-40ec5212 elementor-section-full_width elementor-section-height-default elementor-section-height-default\" data-id=\"40ec5212\" data-element_type=\"section\" data-e-type=\"section\">\n\t\t\t\t\t\t<div class=\"elementor-container elementor-column-gap-default\">\n\t\t\t\t\t<div class=\"elementor-column elementor-col-100 elementor-top-column elementor-element elementor-element-3dc4a8a0\" data-id=\"3dc4a8a0\" data-element_type=\"column\" data-e-type=\"column\">\n\t\t\t<div class=\"elementor-widget-wrap elementor-element-populated\">\n\t\t\t\t\t\t<div class=\"elementor-element elementor-element-82f2869 elementor--h-position-center elementor--v-position-middle elementor-arrows-position-inside elementor-pagination-position-inside elementor-widget elementor-widget-slides\" data-id=\"82f2869\" data-element_type=\"widget\" data-e-type=\"widget\" data-settings=\"{&quot;navigation&quot;:&quot;both&quot;,&quot;autoplay&quot;:&quot;yes&quot;,&quot;pause_on_hover&quot;:&quot;yes&quot;,&quot;pause_on_interaction&quot;:&quot;yes&quot;,&quot;autoplay_speed&quot;:5000,&quot;infinite&quot;:&quot;yes&quot;,&quot;transition&quot;:&quot;slide&quot;,&quot;transition_speed&quot;:500}\" data-widget_type=\"slides.default\">\n\t\t\t\t<div class=\"elementor-widget-container\">\n\t\t\t\t\t\t\t\t\t<div class=\"elementor-swiper\">\n\t\t\t\t\t<div class=\"elementor-slides-wrapper elementor-main-swiper swiper\" role=\"region\" aria-roledescription=\"carousel\" aria-label=\"Deslizamentos\" dir=\"ltr\" data-animation=\"fadeInUp\">\n\t\t\t\t<div class=\"swiper-wrapper elementor-slides\">\n\t\t\t\t\t\t\t\t\t\t<div class=\"elementor-repeater-item-4e0b9f7 swiper-slide\" role=\"group\" aria-roledescription=\"slide\"><div class=\"swiper-slide-bg elementor-ken-burns elementor-ken-burns--in\" role=\"img\" aria-label=\"Aplica\u00e7\u00f5es_Tratamento_da_\u00e1gua-401e7d4b-1.jpg\"><\/div><div class=\"elementor-background-overlay\"><\/div><div class=\"swiper-slide-inner\" ><div class=\"swiper-slide-contents\"><h1 class=\"elementor-slide-heading\">Kuriauto\u00ae<\/h1><\/div><\/div><\/div>\t\t\t\t<\/div>\n\t\t\t\t\t\t\t<\/div>\n\t\t\t\t<\/div>\n\t\t\t\t\t\t\t\t<\/div>\n\t\t\t\t<\/div>\n\t\t\t\t\t<\/div>\n\t\t<\/div>\n\t\t\t\t\t<\/div>\n\t\t<\/section>\n\t\t\t\t<section class=\"elementor-section elementor-top-section elementor-element elementor-element-5db5a5bb elementor-section-boxed elementor-section-height-default elementor-section-height-default\" data-id=\"5db5a5bb\" data-element_type=\"section\" data-e-type=\"section\">\n\t\t\t\t\t\t<div class=\"elementor-container elementor-column-gap-default\">\n\t\t\t\t\t<div class=\"elementor-column elementor-col-66 elementor-top-column elementor-element elementor-element-3ba311d5 margin-content\" data-id=\"3ba311d5\" data-element_type=\"column\" data-e-type=\"column\">\n\t\t\t<div class=\"elementor-widget-wrap elementor-element-populated\">\n\t\t\t\t\t\t<div class=\"elementor-element elementor-element-62887b83 elementor-widget elementor-widget-heading\" data-id=\"62887b83\" data-element_type=\"widget\" data-e-type=\"widget\" data-widget_type=\"heading.default\">\n\t\t\t\t<div class=\"elementor-widget-container\">\n\t\t\t\t\t<h2 class=\"elementor-heading-title elementor-size-default\">Programas de tratamento avan\u00e7ados com Monitoriza\u00e7\u00e3o Online Kuriauto\u00ae.<\/h2>\t\t\t\t<\/div>\n\t\t\t\t<\/div>\n\t\t\t\t<div class=\"elementor-element elementor-element-47cc06e3 elementor-invisible elementor-widget elementor-widget-text-editor\" data-id=\"47cc06e3\" data-element_type=\"widget\" data-e-type=\"widget\" data-settings=\"{&quot;_animation&quot;:&quot;fadeInUp&quot;}\" data-widget_type=\"text-editor.default\">\n\t\t\t\t<div class=\"elementor-widget-container\">\n\t\t\t\t\t\t\t\t\t<p>As solu\u00e7\u00f5es de monitoriza\u00e7\u00e3o certas para o tratamento certo:<\/p><ul><li>A an\u00e1lise dos ingredientes activos garante que se mede sempre o produto ativo.<\/li><li>Medi\u00e7\u00f5es fotom\u00e9tricas, por exemplo\u00a0<a href=\"https:\/\/www.kurita.eu\/pt\/solucoes\/turbodispin-basidin\/\">Turbodispina<sup>\u00ae<\/sup><\/a>medi\u00e7\u00f5es com base em pol\u00edmeros, mas tamb\u00e9m para\u00a0<a href=\"https:\/\/www.kurita.eu\/pt\/solucoes\/cetamina\/\">Cetamina<sup>\u00ae<\/sup><\/a>\u00a0conte\u00fado.<\/li><li>Intervalos de an\u00e1lise ajust\u00e1veis e f\u00e1ceis de utilizar para uma frequ\u00eancia de an\u00e1lise e consumo de reagente \u00f3ptimos, de acordo com o \u00edndice de tempo de reten\u00e7\u00e3o.<\/li><li>Automatiza\u00e7\u00e3o dos antiespumantes para um funcionamento \u00f3timo da instala\u00e7\u00e3o atrav\u00e9s do controlo da espuma.<\/li><li>As diferentes gamas dispon\u00edveis permitem-lhe escolher a unidade certa para a sua aplica\u00e7\u00e3o (por exemplo, para controlo de incrusta\u00e7\u00f5es e biofilme em\u00a0<a href=\"https:\/\/www.kurita.eu\/pt\/applications\/tratamento-da-agua\/agua-do-processo-de-arrefecimento\/\">\u00c1gua de arrefecimento<\/a>,\u00a0<a href=\"https:\/\/www.kurita.eu\/pt\/applications\/tratamento-da-agua\/tratamento-por-membrana\/\">Osmose inversa\u00a0<\/a>ou\u00a0<a href=\"https:\/\/www.kurita.eu\/pt\/applications\/tratamento-da-agua\/tratamento-de-aguas-de-caldeiras\/\">\u00c1gua da caldeira<\/a>)<\/li><\/ul><p>Al\u00e9m disso, est\u00e3o dispon\u00edveis outros dispositivos de medi\u00e7\u00e3o para par\u00e2metros-chave da \u00e1gua, como a alcalinidade ou a dureza.<\/p><p>Mais informa\u00e7\u00f5es sobre as nossas solu\u00e7\u00f5es de equipamento:<\/p><ul><li><a href=\"https:\/\/www.kurita.eu\/pt\/applications\/equipamento-e-engenharia\/\">Equipamento e engenharia<\/a><\/li><li><a href=\"https:\/\/www.kurita.eu\/pt\/solucoes\/hydrobio-advance\/\">HydroBio<sup>\u00ae<\/sup>:\u00a0<\/a>Programas de tratamento eficazes e optimizados atrav\u00e9s da determina\u00e7\u00e3o de biofilme e dep\u00f3sitos de incrusta\u00e7\u00f5es online com HydroBio<sup>\u00ae<\/sup>\u00a0tecnologia.<\/li><li><a href=\"https:\/\/www.kurita.eu\/pt\/solucoes\/hydrobio-advance\/\">HydroBio<sup>\u00ae<\/sup>\u00a0Avan\u00e7ar:<\/a>\u00a0M\u00e9todo online para determinar e monitorizar o biofilme em todos os sistemas de \u00e1gua.<\/li><li><a href=\"https:\/\/www.kurita.eu\/pt\/solucoes\/sensing-mx\/\">S.sensing<sup>TM<\/sup> Sistema matricial:<\/a>\u00a0Saiba como controlar a dosagem do produto e monitorizar com \u00eaxito os principais indicadores de desempenho em aplica\u00e7\u00f5es de \u00e1gua de arrefecimento.<\/li><li><a href=\"https:\/\/www.kurita.eu\/pt\/solucoes\/ssensacao\/\">S.sensing<sup>TM<\/sup> CS <\/a>: Monitoriza\u00e7\u00e3o e controlo de dosagem de \u00e1guas residuais em tempo real.<\/li><\/ul>\t\t\t\t\t\t\t\t<\/div>\n\t\t\t\t<\/div>\n\t\t\t\t\t<\/div>\n\t\t<\/div>\n\t\t\t\t<div class=\"elementor-column elementor-col-33 elementor-top-column elementor-element elementor-element-6b189ff5 margin-content\" data-id=\"6b189ff5\" data-element_type=\"column\" data-e-type=\"column\">\n\t\t\t<div class=\"elementor-widget-wrap elementor-element-populated\">\n\t\t\t\t\t\t<div class=\"elementor-element elementor-element-49449901 elementor-invisible elementor-widget elementor-widget-image\" data-id=\"49449901\" data-element_type=\"widget\" data-e-type=\"widget\" data-settings=\"{&quot;_animation&quot;:&quot;fadeIn&quot;}\" data-widget_type=\"image.default\">\n\t\t\t\t<div class=\"elementor-widget-container\">\n\t\t\t\t\t\t\t\t\t\t\t\t\t\t\t<img fetchpriority=\"high\" decoding=\"async\" width=\"768\" height=\"1153\" src=\"\/wp-content\/uploads\/2025\/04\/KuriAuto_without-nipple_closed5-Large-768x1153.jpg\" class=\"attachment-medium_large size-medium_large wp-image-14145\" alt=\"\" srcset=\"\/wp-content\/uploads\/2025\/04\/KuriAuto_without-nipple_closed5-Large-768x1153.jpg 768w, \/wp-content\/uploads\/2025\/04\/KuriAuto_without-nipple_closed5-Large-200x300.jpg 200w, \/wp-content\/uploads\/2025\/04\/KuriAuto_without-nipple_closed5-Large-682x1024.jpg 682w, \/wp-content\/uploads\/2025\/04\/KuriAuto_without-nipple_closed5-Large.jpg 799w\" sizes=\"(max-width: 768px) 100vw, 768px\" data-no-translation=\"\" \/>\t\t\t\t\t\t\t\t\t\t\t\t\t\t\t<\/div>\n\t\t\t\t<\/div>\n\t\t\t\t\t<\/div>\n\t\t<\/div>\n\t\t\t\t\t<\/div>\n\t\t<\/section>\n\t\t\t\t<section class=\"elementor-section elementor-top-section elementor-element elementor-element-15aff78b elementor-section-boxed elementor-section-height-default elementor-section-height-default\" data-id=\"15aff78b\" data-element_type=\"section\" data-e-type=\"section\" data-settings=\"{&quot;background_background&quot;:&quot;classic&quot;}\">\n\t\t\t\t\t\t<div class=\"elementor-container elementor-column-gap-default\">\n\t\t\t\t\t<div class=\"elementor-column elementor-col-100 elementor-top-column elementor-element elementor-element-42d866b2 margin-content\" data-id=\"42d866b2\" data-element_type=\"column\" data-e-type=\"column\">\n\t\t\t<div class=\"elementor-widget-wrap elementor-element-populated\">\n\t\t\t\t\t\t<div class=\"elementor-element elementor-element-4199b0fa elementor-widget elementor-widget-heading\" data-id=\"4199b0fa\" data-element_type=\"widget\" data-e-type=\"widget\" data-widget_type=\"heading.default\">\n\t\t\t\t<div class=\"elementor-widget-container\">\n\t\t\t\t\t<h2 class=\"elementor-heading-title elementor-size-default\">Estamos ao seu servi\u00e7o<\/h2>\t\t\t\t<\/div>\n\t\t\t\t<\/div>\n\t\t\t\t<div class=\"elementor-element elementor-element-50898590 elementor-widget elementor-widget-html\" data-id=\"50898590\" data-element_type=\"widget\" data-e-type=\"widget\" data-widget_type=\"html.default\">\n\t\t\t\t<div class=\"elementor-widget-container\">\n\t\t\t\t\t<div\r\n        data-form-id='f4d0a8e4-73ce-ef11-b8e8-000d3ab41b62'\r\n        data-form-api-url='https:\/\/public-eur.mkt.dynamics.com\/api\/v1.0\/orgs\/30cac5a2-33f9-ed11-a66d-000d3a64d748\/landingpageforms'\r\n        data-cached-form-url='https:\/\/assets-eur.mkt.dynamics.com\/30cac5a2-33f9-ed11-a66d-000d3a64d748\/digitalassets\/forms\/f4d0a8e4-73ce-ef11-b8e8-000d3ab41b62' ><\/div>\r\n        <script src = 'https:\/\/cxppusa1formui01cdnsa01-endpoint.azureedge.net\/eur\/FormLoader\/FormLoader.bundle.js' ><\/script>\r\n        <script>document.documentElement.lang = navigator.language;<\/script>\t\t\t\t<\/div>\n\t\t\t\t<\/div>\n\t\t\t\t\t<\/div>\n\t\t<\/div>\n\t\t\t\t\t<\/div>\n\t\t<\/section>\n\t\t\t\t<\/div>","protected":false},"excerpt":{"rendered":"<p>Sistema automatizado de controlo do tratamento da \u00e1gua para uma dosagem precisa, monitoriza\u00e7\u00e3o e melhoria da efici\u00eancia da instala\u00e7\u00e3o.<\/p>","protected":false},"author":2,"featured_media":0,"parent":13875,"menu_order":0,"comment_status":"closed","ping_status":"closed","template":"","meta":{"footnotes":""},"class_list":["post-14143","page","type-page","status-publish","hentry"],"_links":{"self":[{"href":"https:\/\/www.kurita.eu\/pt\/wp-json\/wp\/v2\/pages\/14143","targetHints":{"allow":["GET"]}}],"collection":[{"href":"https:\/\/www.kurita.eu\/pt\/wp-json\/wp\/v2\/pages"}],"about":[{"href":"https:\/\/www.kurita.eu\/pt\/wp-json\/wp\/v2\/types\/page"}],"author":[{"embeddable":true,"href":"https:\/\/www.kurita.eu\/pt\/wp-json\/wp\/v2\/users\/2"}],"replies":[{"embeddable":true,"href":"https:\/\/www.kurita.eu\/pt\/wp-json\/wp\/v2\/comments?post=14143"}],"version-history":[{"count":17,"href":"https:\/\/www.kurita.eu\/pt\/wp-json\/wp\/v2\/pages\/14143\/revisions"}],"predecessor-version":[{"id":21136,"href":"https:\/\/www.kurita.eu\/pt\/wp-json\/wp\/v2\/pages\/14143\/revisions\/21136"}],"up":[{"embeddable":true,"href":"https:\/\/www.kurita.eu\/pt\/wp-json\/wp\/v2\/pages\/13875"}],"wp:attachment":[{"href":"https:\/\/www.kurita.eu\/pt\/wp-json\/wp\/v2\/media?parent=14143"}],"curies":[{"name":"wp","href":"https:\/\/api.w.org\/{rel}","templated":true}]}}