{"id":19957,"date":"2026-02-10T14:14:05","date_gmt":"2026-02-10T14:14:05","guid":{"rendered":"https:\/\/www.kurita.eu\/?page_id=19957"},"modified":"2026-03-18T10:56:42","modified_gmt":"2026-03-18T10:56:42","slug":"zakladni-pruvodce-monochloraminy-pro-chladici-okruhy-dilurit-bc-s-system","status":"publish","type":"page","link":"https:\/\/www.kurita.eu\/pt\/zakladni-pruvodce-monochloraminy-pro-chladici-okruhy-dilurit-bc-s-system\/","title":{"rendered":"Tratamento de monocloraminas em ambientes fechados - Dilurit\u00ae BC S-System"},"content":{"rendered":"<div data-elementor-type=\"wp-page\" data-elementor-id=\"19957\" class=\"elementor elementor-19957\" data-elementor-post-type=\"page\">\n\t\t\t\t\t\t<section class=\"elementor-section elementor-top-section elementor-element elementor-element-caf9954 elementor-section-height-min-height elementor-section-boxed elementor-section-height-default elementor-section-items-middle\" data-id=\"caf9954\" data-element_type=\"section\" data-e-type=\"section\" data-settings=\"{&quot;background_background&quot;:&quot;classic&quot;}\">\n\t\t\t\t\t\t\t<div class=\"elementor-background-overlay\"><\/div>\n\t\t\t\t\t\t\t<div class=\"elementor-container elementor-column-gap-default\">\n\t\t\t\t\t<div class=\"elementor-column elementor-col-100 elementor-top-column elementor-element elementor-element-2443568\" data-id=\"2443568\" data-element_type=\"column\" data-e-type=\"column\">\n\t\t\t<div class=\"elementor-widget-wrap elementor-element-populated\">\n\t\t\t\t\t\t<div class=\"elementor-element elementor-element-e75b042 elementor-align-center elementor-widget elementor-widget-button\" data-id=\"e75b042\" data-element_type=\"widget\" data-e-type=\"widget\" data-widget_type=\"button.default\">\n\t\t\t\t<div class=\"elementor-widget-container\">\n\t\t\t\t\t\t\t\t\t<div class=\"elementor-button-wrapper\">\n\t\t\t\t\t<a class=\"elementor-button elementor-button-link elementor-size-sm\" href=\"#register\">\n\t\t\t\t\t\t<span class=\"elementor-button-content-wrapper\">\n\t\t\t\t\t\t<span class=\"elementor-button-icon\">\n\t\t\t\t<svg aria-hidden=\"true\" class=\"e-font-icon-svg e-fas-desktop\" viewbox=\"0 0 576 512\" xmlns=\"http:\/\/www.w3.org\/2000\/svg\"><path d=\"M528 0H48C21.5 0 0 21.5 0 48v320c0 26.5 21.5 48 48 48h192l-16 48h-72c-13.3 0-24 10.7-24 24s10.7 24 24 24h272c13.3 0 24-10.7 24-24s-10.7-24-24-24h-72l-16-48h192c26.5 0 48-21.5 48-48V48c0-26.5-21.5-48-48-48zm-16 352H64V64h448v288z\"><\/path><\/svg>\t\t\t<\/span>\n\t\t\t\t\t\t\t\t\t<span class=\"elementor-button-text\">webin\u00e1\u0159 na vy\u017e\u00e1d\u00e1n\u00ed<\/span>\n\t\t\t\t\t<\/span>\n\t\t\t\t\t<\/a>\n\t\t\t\t<\/div>\n\t\t\t\t\t\t\t\t<\/div>\n\t\t\t\t<\/div>\n\t\t\t\t<div class=\"elementor-element elementor-element-95b5699 elementor-widget elementor-widget-text-editor\" data-id=\"95b5699\" data-element_type=\"widget\" data-e-type=\"widget\" data-widget_type=\"text-editor.default\">\n\t\t\t\t<div class=\"elementor-widget-container\">\n\t\t\t\t\t\t\t\t\t<p>Tratamento de monocloraminas em ambientes fechados - Dilurit\u00ae BC S-System<\/p>\t\t\t\t\t\t\t\t<\/div>\n\t\t\t\t<\/div>\n\t\t\t\t\t<\/div>\n\t\t<\/div>\n\t\t\t\t\t<\/div>\n\t\t<\/section>\n\t\t\t\t<section class=\"elementor-section elementor-top-section elementor-element elementor-element-cdaf7ec elementor-section-boxed elementor-section-height-default elementor-section-height-default\" data-id=\"cdaf7ec\" data-element_type=\"section\" data-e-type=\"section\">\n\t\t\t\t\t\t<div class=\"elementor-container elementor-column-gap-default\">\n\t\t\t\t\t<div class=\"elementor-column elementor-col-100 elementor-top-column elementor-element elementor-element-c7fe58a\" data-id=\"c7fe58a\" data-element_type=\"column\" data-e-type=\"column\">\n\t\t\t<div class=\"elementor-widget-wrap elementor-element-populated\">\n\t\t\t\t\t\t<section class=\"elementor-section elementor-inner-section elementor-element elementor-element-af40e8e elementor-section-boxed elementor-section-height-default elementor-section-height-default\" data-id=\"af40e8e\" data-element_type=\"section\" data-e-type=\"section\">\n\t\t\t\t\t\t<div class=\"elementor-container elementor-column-gap-default\">\n\t\t\t\t\t<div class=\"elementor-column elementor-col-50 elementor-inner-column elementor-element elementor-element-318403b\" data-id=\"318403b\" data-element_type=\"column\" data-e-type=\"column\">\n\t\t\t<div class=\"elementor-widget-wrap elementor-element-populated\">\n\t\t\t\t\t\t<div class=\"elementor-element elementor-element-0073a6d elementor-widget elementor-widget-heading\" data-id=\"0073a6d\" data-element_type=\"widget\" data-e-type=\"widget\" data-widget_type=\"heading.default\">\n\t\t\t\t<div class=\"elementor-widget-container\">\n\t\t\t\t\t<h2 class=\"elementor-heading-title elementor-size-default\">Para saber mais sobre a web<\/h2>\t\t\t\t<\/div>\n\t\t\t\t<\/div>\n\t\t\t\t<div class=\"elementor-element elementor-element-8a769d0 elementor-widget elementor-widget-text-editor\" data-id=\"8a769d0\" data-element_type=\"widget\" data-e-type=\"widget\" data-widget_type=\"text-editor.default\">\n\t\t\t\t<div class=\"elementor-widget-container\">\n\t\t\t\t\t\t\t\t\t<p>Tato p\u0159edn\u00e1\u0161ka se bude zab\u00fdvat v\u00fdhodami <strong>Sistema Dilurit\u00ae BC S<\/strong>, \u0161pi\u010dkov\u00e9 technologie zalo\u017een\u00e9 na monochloraminech.<\/p><p>P\u0159ihlaste se na n\u00e1\u0161 exkluzivn\u00ed webin\u00e1\u0159 \u201e<strong>Tratamento de monocloraminas em ambientes fechados - Dilurit\u00ae BC S-System<\/strong>\u201c a zjist\u011bte, jak kontrolovat legionelly, omezit korozi, zlep\u0161it provoz a nav\u00edc u\u0161et\u0159it vodu.<\/p>\t\t\t\t\t\t\t\t<\/div>\n\t\t\t\t<\/div>\n\t\t\t\t<div class=\"elementor-element elementor-element-013f1c3 elementor-widget elementor-widget-author-box\" data-id=\"013f1c3\" data-element_type=\"widget\" data-e-type=\"widget\" data-widget_type=\"author-box.default\">\n\t\t\t\t<div class=\"elementor-widget-container\">\n\t\t\t\t\t\t\t<div class=\"elementor-author-box\">\n\t\t\t\t\t\t\t<div  class=\"elementor-author-box__avatar\">\n\t\t\t\t\t<img decoding=\"async\" src=\"\/wp-content\/uploads\/2026\/02\/photoContent-9.jpg\" alt=\"Picture of Juraj Vanovcan\" loading=\"lazy\" data-no-translation=\"\">\n\t\t\t\t<\/div>\n\t\t\t\n\t\t\t<div class=\"elementor-author-box__text\">\n\t\t\t\t\t\t\t\t\t<div >\n\t\t\t\t\t\t<span class=\"elementor-author-box__name\">\n\t\t\t\t\t\t\tJuraj Vanovcan\t\t\t\t\t\t<\/span>\n\t\t\t\t\t<\/div>\n\t\t\t\t\n\t\t\t\t\t\t\t\t\t<div class=\"elementor-author-box__bio\">\n\t\t\t\t\t\t<p>Gestor LTM - Equipa de apoio e promo\u00e7\u00e3o<\/p>\n\t\t\t\t\t<\/div>\n\t\t\t\t\n\t\t\t\t\t\t\t<\/div>\n\t\t<\/div>\n\t\t\t\t\t\t<\/div>\n\t\t\t\t<\/div>\n\t\t\t\t<div class=\"elementor-element elementor-element-0d96e48 elementor-widget elementor-widget-author-box\" data-id=\"0d96e48\" data-element_type=\"widget\" data-e-type=\"widget\" data-widget_type=\"author-box.default\">\n\t\t\t\t<div class=\"elementor-widget-container\">\n\t\t\t\t\t\t\t<div class=\"elementor-author-box\">\n\t\t\t\t\t\t\t<div  class=\"elementor-author-box__avatar\">\n\t\t\t\t\t<img decoding=\"async\" src=\"\/wp-content\/uploads\/2026\/02\/photoContent-11.jpg\" alt=\"Picture of Jaroslav Petrovic\" loading=\"lazy\" data-no-translation=\"\">\n\t\t\t\t<\/div>\n\t\t\t\n\t\t\t<div class=\"elementor-author-box__text\">\n\t\t\t\t\t\t\t\t\t<div >\n\t\t\t\t\t\t<span class=\"elementor-author-box__name\">\n\t\t\t\t\t\t\tJaroslav Petrovic\t\t\t\t\t\t<\/span>\n\t\t\t\t\t<\/div>\n\t\t\t\t\n\t\t\t\t\t\t\t\t\t<div class=\"elementor-author-box__bio\">\n\t\t\t\t\t\t<p>Especialista em Gest\u00e3o de Produtos - Biocida<\/p>\n\t\t\t\t\t<\/div>\n\t\t\t\t\n\t\t\t\t\t\t\t<\/div>\n\t\t<\/div>\n\t\t\t\t\t\t<\/div>\n\t\t\t\t<\/div>\n\t\t\t\t<div class=\"elementor-element elementor-element-01f1491 elementor-widget elementor-widget-author-box\" data-id=\"01f1491\" data-element_type=\"widget\" data-e-type=\"widget\" data-widget_type=\"author-box.default\">\n\t\t\t\t<div class=\"elementor-widget-container\">\n\t\t\t\t\t\t\t<div class=\"elementor-author-box\">\n\t\t\t\t\t\t\t<div  class=\"elementor-author-box__avatar\">\n\t\t\t\t\t<img decoding=\"async\" src=\"\/wp-content\/uploads\/2026\/02\/photoContent-10.jpg\" alt=\"Picture of Jir\u00ed Bolehovsk\u00fd\" loading=\"lazy\" data-no-translation=\"\">\n\t\t\t\t<\/div>\n\t\t\t\n\t\t\t<div class=\"elementor-author-box__text\">\n\t\t\t\t\t\t\t\t\t<div >\n\t\t\t\t\t\t<span class=\"elementor-author-box__name\">\n\t\t\t\t\t\t\tJir\u00ed Bolehovsk\u00fd\t\t\t\t\t\t<\/span>\n\t\t\t\t\t<\/div>\n\t\t\t\t\n\t\t\t\t\t\t\t\t\t<div class=\"elementor-author-box__bio\">\n\t\t\t\t\t\t<p>Gestor de vendas<\/p>\n\t\t\t\t\t<\/div>\n\t\t\t\t\n\t\t\t\t\t\t\t<\/div>\n\t\t<\/div>\n\t\t\t\t\t\t<\/div>\n\t\t\t\t<\/div>\n\t\t\t\t<div class=\"elementor-element elementor-element-a46c130 elementor-widget elementor-widget-text-editor\" data-id=\"a46c130\" data-element_type=\"widget\" data-e-type=\"widget\" data-widget_type=\"text-editor.default\">\n\t\t\t\t<div class=\"elementor-widget-container\">\n\t\t\t\t\t\t\t\t\t<p><strong>Co se nau\u010d\u00edte?<\/strong><\/p><ul><li><p><strong>Provozn\u00ed vlastnosti e v\u00fdhody<\/strong>: O sistema Dilurit\u00ae BC S-System \u00e9 um sistema de prote\u00e7\u00e3o contra os fungos e a humidade.<\/p><\/li><li><p><strong>Lista de contactos<\/strong>: Nau\u010dte se \u00fa\u010dinn\u00e9 metody mikrobiologick\u00e9 kontroly a kontroly biofilmu, kter\u00e9 pomohou zv\u00fd\u0161it \u00fa\u010dinnost chlazen\u00ed.<\/p><\/li><li><p>Srovn\u00e1n\u00ed s jin\u00fdmi prekurzory: Objevte rozd\u00edly, v\u010detn\u011b sn\u00ed\u017een\u00ed spot\u0159eby vody a sn\u00ed\u017een\u00ed uhl\u00edkov\u00e9 stopy.<\/p><\/li><li><p><strong>Dopad na \u017eivotn\u00ed prost\u0159ed\u00ed<\/strong>: Prozkoumejte \u00fa\u010dinnost produktu a jeho rozklad na anorganick\u00e9 slou\u010deniny.<\/p><\/li><li><p><strong>Praktick\u00e9 p\u0159\u00edklady:<\/strong> Uk\u00e1\u017eeme V\u00e1m skute\u010dn\u00e9 aplikace v re\u00e1ln\u00fdch syst\u00e9mech a v r\u016fzn\u00fdch pr\u016fmyslov\u00fdch odv\u011btv\u00edch.<\/p><\/li><\/ul>\t\t\t\t\t\t\t\t<\/div>\n\t\t\t\t<\/div>\n\t\t\t\t\t<\/div>\n\t\t<\/div>\n\t\t\t\t<div class=\"elementor-column elementor-col-50 elementor-inner-column elementor-element elementor-element-ef2aea1\" data-id=\"ef2aea1\" data-element_type=\"column\" data-e-type=\"column\" data-settings=\"{&quot;background_background&quot;:&quot;classic&quot;}\">\n\t\t\t<div class=\"elementor-widget-wrap elementor-element-populated\">\n\t\t\t\t\t\t<div class=\"elementor-element elementor-element-49b43bd elementor-widget elementor-widget-menu-anchor\" data-id=\"49b43bd\" data-element_type=\"widget\" data-e-type=\"widget\" data-widget_type=\"menu-anchor.default\">\n\t\t\t\t<div class=\"elementor-widget-container\">\n\t\t\t\t\t\t\t<div class=\"elementor-menu-anchor\" id=\"register\"><\/div>\n\t\t\t\t\t\t<\/div>\n\t\t\t\t<\/div>\n\t\t\t\t<div class=\"elementor-element elementor-element-2d86454 elementor-widget elementor-widget-text-editor\" data-id=\"2d86454\" data-element_type=\"widget\" data-e-type=\"widget\" data-widget_type=\"text-editor.default\">\n\t\t\t\t<div class=\"elementor-widget-container\">\n\t\t\t\t\t\t\t\t\t<h5>O que \u00e9 que se passa?<\/h5>\t\t\t\t\t\t\t\t<\/div>\n\t\t\t\t<\/div>\n\t\t\t\t<div class=\"elementor-element elementor-element-357d7ab elementor-widget elementor-widget-html\" data-id=\"357d7ab\" data-element_type=\"widget\" data-e-type=\"widget\" data-widget_type=\"html.default\">\n\t\t\t\t<div class=\"elementor-widget-container\">\n\t\t\t\t\t<div\r\n        data-form-id='55ab59b4-8906-f111-8407-000d3ab12a39'\r\n        data-form-api-url='https:\/\/public-eur.mkt.dynamics.com\/api\/v1.0\/orgs\/30cac5a2-33f9-ed11-a66d-000d3a64d748\/landingpageforms'\r\n        data-cached-form-url='https:\/\/assets-eur.mkt.dynamics.com\/30cac5a2-33f9-ed11-a66d-000d3a64d748\/digitalassets\/forms\/55ab59b4-8906-f111-8407-000d3ab12a39' ><\/div>\r\n        <script src = 'https:\/\/cxppusa1formui01cdnsa01-endpoint.azureedge.net\/eur\/FormLoader\/FormLoader.bundle.js' ><\/script>\t\t\t\t<\/div>\n\t\t\t\t<\/div>\n\t\t\t\t\t<\/div>\n\t\t<\/div>\n\t\t\t\t\t<\/div>\n\t\t<\/section>\n\t\t\t\t\t<\/div>\n\t\t<\/div>\n\t\t\t\t\t<\/div>\n\t\t<\/section>\n\t\t\t\t<\/div>","protected":false},"excerpt":{"rendered":"<p>webin\u00e1\u0159 na vy\u017e\u00e1d\u00e1n\u00ed Z\u00e1kladn\u00ed pr\u016fvodce monochloraminy pro chladic\u00ed okruhy \u2013 Dilurit\u00ae BC S-System P\u0159ipojte se k na\u0161emu webin\u00e1\u0159i Tato p\u0159edn\u00e1\u0161ka se bude zab\u00fdvat v\u00fdhodami Dilurit\u00ae BC S-System, \u0161pi\u010dkov\u00e9 technologie zalo\u017een\u00e9 na monochloraminech. P\u0159ihlaste se na n\u00e1\u0161 exkluzivn\u00ed webin\u00e1\u0159 \u201eZ\u00e1kladn\u00ed pr\u016fvodce monochloraminy pro chladic\u00ed okruhy \u2013 Dilurit\u00ae BC S-System\u201c a zjist\u011bte, jak kontrolovat legionelly, omezit korozi, [&hellip;]<\/p>","protected":false},"author":7,"featured_media":0,"parent":0,"menu_order":0,"comment_status":"closed","ping_status":"closed","template":"","meta":{"footnotes":""},"class_list":["post-19957","page","type-page","status-publish","hentry"],"yoast_head":"<!-- This site is optimized with the Yoast SEO plugin v25.5 - https:\/\/yoast.com\/wordpress\/plugins\/seo\/ -->\n<title>Z\u00e1kladn\u00ed pr\u016fvodce monochloraminy pro chladic\u00ed okruhy \u2013 Dilurit\u00ae BC S-System - Kurita Europe<\/title>\n<meta name=\"robots\" content=\"index, follow, max-snippet:-1, max-image-preview:large, max-video-preview:-1\" \/>\n<link rel=\"canonical\" href=\"https:\/\/www.kurita.eu\/pt\/zakladni-pruvodce-monochloraminy-pro-chladici-okruhy-dilurit-bc-s-system\/\" \/>\n<meta property=\"og:locale\" content=\"pt_PT\" \/>\n<meta property=\"og:type\" content=\"article\" \/>\n<meta property=\"og:title\" content=\"Z\u00e1kladn\u00ed pr\u016fvodce monochloraminy pro chladic\u00ed okruhy \u2013 Dilurit\u00ae BC S-System - Kurita Europe\" \/>\n<meta property=\"og:description\" content=\"webin\u00e1\u0159 na vy\u017e\u00e1d\u00e1n\u00ed Z\u00e1kladn\u00ed pr\u016fvodce monochloraminy pro chladic\u00ed okruhy \u2013 Dilurit\u00ae BC S-System P\u0159ipojte se k na\u0161emu webin\u00e1\u0159i Tato p\u0159edn\u00e1\u0161ka se bude zab\u00fdvat v\u00fdhodami Dilurit\u00ae BC S-System, \u0161pi\u010dkov\u00e9 technologie zalo\u017een\u00e9 na monochloraminech. P\u0159ihlaste se na n\u00e1\u0161 exkluzivn\u00ed webin\u00e1\u0159 \u201eZ\u00e1kladn\u00ed pr\u016fvodce monochloraminy pro chladic\u00ed okruhy \u2013 Dilurit\u00ae BC S-System\u201c a zjist\u011bte, jak kontrolovat legionelly, omezit korozi, [&hellip;]\" \/>\n<meta property=\"og:url\" content=\"https:\/\/www.kurita.eu\/pt\/zakladni-pruvodce-monochloraminy-pro-chladici-okruhy-dilurit-bc-s-system\/\" \/>\n<meta property=\"og:site_name\" content=\"Kurita Europe\" \/>\n<meta property=\"article:modified_time\" content=\"2026-03-18T10:56:42+00:00\" \/>\n<meta property=\"og:image\" content=\"https:\/\/www.kurita.eu\/wp-content\/uploads\/2025\/07\/kurita-favicon-512x512-1.png\" \/>\n\t<meta property=\"og:image:width\" content=\"512\" \/>\n\t<meta property=\"og:image:height\" content=\"512\" \/>\n\t<meta property=\"og:image:type\" content=\"image\/png\" \/>\n<meta name=\"twitter:card\" content=\"summary_large_image\" \/>\n<meta name=\"twitter:label1\" content=\"Est. reading time\" \/>\n\t<meta name=\"twitter:data1\" content=\"2 minutos\" \/>\n<script type=\"application\/ld+json\" class=\"yoast-schema-graph\">{\"@context\":\"https:\/\/schema.org\",\"@graph\":[{\"@type\":\"WebPage\",\"@id\":\"https:\/\/www.kurita.eu\/pl\/zakladni-pruvodce-monochloraminy-pro-chladici-okruhy-dilurit-bc-s-system\/\",\"url\":\"https:\/\/www.kurita.eu\/pl\/zakladni-pruvodce-monochloraminy-pro-chladici-okruhy-dilurit-bc-s-system\/\",\"name\":\"Z\u00e1kladn\u00ed pr\u016fvodce monochloraminy pro chladic\u00ed okruhy \u2013 Dilurit\u00ae BC S-System - Kurita Europe\",\"isPartOf\":{\"@id\":\"https:\/\/kurita.eu\/en\/#website\"},\"datePublished\":\"2026-02-10T14:14:05+00:00\",\"dateModified\":\"2026-03-18T10:56:42+00:00\",\"breadcrumb\":{\"@id\":\"https:\/\/www.kurita.eu\/pl\/zakladni-pruvodce-monochloraminy-pro-chladici-okruhy-dilurit-bc-s-system\/#breadcrumb\"},\"inLanguage\":\"pt-PT\",\"potentialAction\":[{\"@type\":\"ReadAction\",\"target\":[\"https:\/\/www.kurita.eu\/pl\/zakladni-pruvodce-monochloraminy-pro-chladici-okruhy-dilurit-bc-s-system\/\"]}]},{\"@type\":\"BreadcrumbList\",\"@id\":\"https:\/\/www.kurita.eu\/pl\/zakladni-pruvodce-monochloraminy-pro-chladici-okruhy-dilurit-bc-s-system\/#breadcrumb\",\"itemListElement\":[{\"@type\":\"ListItem\",\"position\":1,\"name\":\"Home\",\"item\":\"https:\/\/www.kurita.eu\/en\/\"},{\"@type\":\"ListItem\",\"position\":2,\"name\":\"Z\u00e1kladn\u00ed pr\u016fvodce monochloraminy pro chladic\u00ed okruhy \u2013 Dilurit\u00ae BC S-System\"}]},{\"@type\":\"WebSite\",\"@id\":\"https:\/\/kurita.eu\/en\/#website\",\"url\":\"https:\/\/kurita.eu\/en\/\",\"name\":\"Kurita Europe\",\"description\":\"Water Treatment Solutions\",\"publisher\":{\"@id\":\"https:\/\/kurita.eu\/en\/#organization\"},\"potentialAction\":[{\"@type\":\"SearchAction\",\"target\":{\"@type\":\"EntryPoint\",\"urlTemplate\":\"https:\/\/kurita.eu\/en\/?s={search_term_string}\"},\"query-input\":{\"@type\":\"PropertyValueSpecification\",\"valueRequired\":true,\"valueName\":\"search_term_string\"}}],\"inLanguage\":\"pt-PT\"},{\"@type\":\"Organization\",\"@id\":\"https:\/\/kurita.eu\/en\/#organization\",\"name\":\"Kurita Europe\",\"url\":\"https:\/\/kurita.eu\/en\/\",\"logo\":{\"@type\":\"ImageObject\",\"inLanguage\":\"pt-PT\",\"@id\":\"https:\/\/kurita.eu\/en\/#\/schema\/logo\/image\/\",\"url\":\"\/wp-content\/uploads\/2025\/05\/cropped-brand_mark_horizon_blue.png\",\"contentUrl\":\"\/wp-content\/uploads\/2025\/05\/cropped-brand_mark_horizon_blue.png\",\"width\":712,\"height\":204,\"caption\":\"Kurita Europe\"},\"image\":{\"@id\":\"https:\/\/kurita.eu\/en\/#\/schema\/logo\/image\/\"}}]}<\/script>\n<!-- \/ Yoast SEO plugin. -->","yoast_head_json":{"title":"Prote\u00e7\u00e3o contra monocloraminas em ambientes fechados - Sistema Dilurit\u00ae BC S - Kurita Portugal","robots":{"index":"index","follow":"follow","max-snippet":"max-snippet:-1","max-image-preview":"max-image-preview:large","max-video-preview":"max-video-preview:-1"},"canonical":"https:\/\/www.kurita.eu\/pt\/zakladni-pruvodce-monochloraminy-pro-chladici-okruhy-dilurit-bc-s-system\/","og_locale":"pt_PT","og_type":"article","og_title":"Z\u00e1kladn\u00ed pr\u016fvodce monochloraminy pro chladic\u00ed okruhy \u2013 Dilurit\u00ae BC S-System - Kurita Europe","og_description":"webin\u00e1\u0159 na vy\u017e\u00e1d\u00e1n\u00ed Z\u00e1kladn\u00ed pr\u016fvodce monochloraminy pro chladic\u00ed okruhy \u2013 Dilurit\u00ae BC S-System P\u0159ipojte se k na\u0161emu webin\u00e1\u0159i Tato p\u0159edn\u00e1\u0161ka se bude zab\u00fdvat v\u00fdhodami Dilurit\u00ae BC S-System, \u0161pi\u010dkov\u00e9 technologie zalo\u017een\u00e9 na monochloraminech. P\u0159ihlaste se na n\u00e1\u0161 exkluzivn\u00ed webin\u00e1\u0159 \u201eZ\u00e1kladn\u00ed pr\u016fvodce monochloraminy pro chladic\u00ed okruhy \u2013 Dilurit\u00ae BC S-System\u201c a zjist\u011bte, jak kontrolovat legionelly, omezit korozi, [&hellip;]","og_url":"https:\/\/www.kurita.eu\/pt\/zakladni-pruvodce-monochloraminy-pro-chladici-okruhy-dilurit-bc-s-system\/","og_site_name":"Kurita Europe","article_modified_time":"2026-03-18T10:56:42+00:00","og_image":[{"width":512,"height":512,"url":"https:\/\/www.kurita.eu\/wp-content\/uploads\/2025\/07\/kurita-favicon-512x512-1.png","type":"image\/png"}],"twitter_card":"summary_large_image","twitter_misc":{"Est. reading time":"2 minutos"},"schema":{"@context":"https:\/\/schema.org","@graph":[{"@type":"WebPage","@id":"https:\/\/www.kurita.eu\/pl\/zakladni-pruvodce-monochloraminy-pro-chladici-okruhy-dilurit-bc-s-system\/","url":"https:\/\/www.kurita.eu\/pl\/zakladni-pruvodce-monochloraminy-pro-chladici-okruhy-dilurit-bc-s-system\/","name":"Prote\u00e7\u00e3o contra monocloraminas em ambientes fechados - Sistema Dilurit\u00ae BC S - Kurita Portugal","isPartOf":{"@id":"https:\/\/kurita.eu\/en\/#website"},"datePublished":"2026-02-10T14:14:05+00:00","dateModified":"2026-03-18T10:56:42+00:00","breadcrumb":{"@id":"https:\/\/www.kurita.eu\/pl\/zakladni-pruvodce-monochloraminy-pro-chladici-okruhy-dilurit-bc-s-system\/#breadcrumb"},"inLanguage":"pt-PT","potentialAction":[{"@type":"ReadAction","target":["https:\/\/www.kurita.eu\/pl\/zakladni-pruvodce-monochloraminy-pro-chladici-okruhy-dilurit-bc-s-system\/"]}]},{"@type":"BreadcrumbList","@id":"https:\/\/www.kurita.eu\/pl\/zakladni-pruvodce-monochloraminy-pro-chladici-okruhy-dilurit-bc-s-system\/#breadcrumb","itemListElement":[{"@type":"ListItem","position":1,"name":"Home","item":"https:\/\/www.kurita.eu\/en\/"},{"@type":"ListItem","position":2,"name":"Z\u00e1kladn\u00ed pr\u016fvodce monochloraminy pro chladic\u00ed okruhy \u2013 Dilurit\u00ae BC S-System"}]},{"@type":"WebSite","@id":"https:\/\/kurita.eu\/en\/#website","url":"https:\/\/kurita.eu\/en\/","name":"Kurita Europa","description":"Solu\u00e7\u00f5es de tratamento de \u00e1gua","publisher":{"@id":"https:\/\/kurita.eu\/en\/#organization"},"potentialAction":[{"@type":"SearchAction","target":{"@type":"EntryPoint","urlTemplate":"https:\/\/kurita.eu\/en\/?s={search_term_string}"},"query-input":{"@type":"PropertyValueSpecification","valueRequired":true,"valueName":"search_term_string"}}],"inLanguage":"pt-PT"},{"@type":"Organization","@id":"https:\/\/kurita.eu\/en\/#organization","name":"Kurita Europa","url":"https:\/\/kurita.eu\/en\/","logo":{"@type":"ImageObject","inLanguage":"pt-PT","@id":"https:\/\/kurita.eu\/en\/#\/schema\/logo\/image\/","url":"\/wp-content\/uploads\/2025\/05\/cropped-brand_mark_horizon_blue.png","contentUrl":"\/wp-content\/uploads\/2025\/05\/cropped-brand_mark_horizon_blue.png","width":712,"height":204,"caption":"Kurita Europe"},"image":{"@id":"https:\/\/kurita.eu\/en\/#\/schema\/logo\/image\/"}}]}},"_links":{"self":[{"href":"https:\/\/www.kurita.eu\/pt\/wp-json\/wp\/v2\/pages\/19957","targetHints":{"allow":["GET"]}}],"collection":[{"href":"https:\/\/www.kurita.eu\/pt\/wp-json\/wp\/v2\/pages"}],"about":[{"href":"https:\/\/www.kurita.eu\/pt\/wp-json\/wp\/v2\/types\/page"}],"author":[{"embeddable":true,"href":"https:\/\/www.kurita.eu\/pt\/wp-json\/wp\/v2\/users\/7"}],"replies":[{"embeddable":true,"href":"https:\/\/www.kurita.eu\/pt\/wp-json\/wp\/v2\/comments?post=19957"}],"version-history":[{"count":39,"href":"https:\/\/www.kurita.eu\/pt\/wp-json\/wp\/v2\/pages\/19957\/revisions"}],"predecessor-version":[{"id":21421,"href":"https:\/\/www.kurita.eu\/pt\/wp-json\/wp\/v2\/pages\/19957\/revisions\/21421"}],"wp:attachment":[{"href":"https:\/\/www.kurita.eu\/pt\/wp-json\/wp\/v2\/media?parent=19957"}],"curies":[{"name":"wp","href":"https:\/\/api.w.org\/{rel}","templated":true}]}}