{"id":13232,"date":"2025-04-23T09:02:03","date_gmt":"2025-04-23T09:02:03","guid":{"rendered":"https:\/\/kurita-eu-gudza2cjbzfhcwbx.francecentral-01.azurewebsites.net\/?page_id=13232"},"modified":"2026-01-20T11:27:42","modified_gmt":"2026-01-20T11:27:42","slug":"certifieringar","status":"publish","type":"page","link":"https:\/\/www.kurita.eu\/se\/certifications\/","title":{"rendered":"Certifieringar"},"content":{"rendered":"<div data-elementor-type=\"wp-page\" data-elementor-id=\"13232\" class=\"elementor elementor-13232\" data-elementor-post-type=\"page\">\n\t\t\t\t\t\t<section class=\"elementor-section elementor-top-section elementor-element elementor-element-724c8690 elementor-section-full_width elementor-section-height-default elementor-section-height-default\" data-id=\"724c8690\" data-element_type=\"section\" data-e-type=\"section\" data-settings=\"{&quot;background_background&quot;:&quot;classic&quot;}\">\n\t\t\t\t\t\t<div class=\"elementor-container elementor-column-gap-default\">\n\t\t\t\t\t<div class=\"elementor-column elementor-col-100 elementor-top-column elementor-element elementor-element-6da72b1d\" data-id=\"6da72b1d\" data-element_type=\"column\" data-e-type=\"column\">\n\t\t\t<div class=\"elementor-widget-wrap elementor-element-populated\">\n\t\t\t\t\t\t<div class=\"elementor-element elementor-element-49ac26e elementor-widget elementor-widget-heading\" data-id=\"49ac26e\" data-element_type=\"widget\" data-e-type=\"widget\" data-widget_type=\"heading.default\">\n\t\t\t\t<div class=\"elementor-widget-container\">\n\t\t\t\t\t<h1 class=\"elementor-heading-title elementor-size-default\">Certifikat<\/h1>\t\t\t\t<\/div>\n\t\t\t\t<\/div>\n\t\t\t\t\t<\/div>\n\t\t<\/div>\n\t\t\t\t\t<\/div>\n\t\t<\/section>\n\t\t\t\t<section class=\"elementor-section elementor-top-section elementor-element elementor-element-5579f83f elementor-section-boxed elementor-section-height-default elementor-section-height-default\" data-id=\"5579f83f\" data-element_type=\"section\" data-e-type=\"section\">\n\t\t\t\t\t\t<div class=\"elementor-container elementor-column-gap-default\">\n\t\t\t\t\t<div class=\"elementor-column elementor-col-100 elementor-top-column elementor-element elementor-element-1fbc870a margin-content\" data-id=\"1fbc870a\" data-element_type=\"column\" data-e-type=\"column\">\n\t\t\t<div class=\"elementor-widget-wrap elementor-element-populated\">\n\t\t\t\t\t\t<div class=\"elementor-element elementor-element-4d0a24f5 elementor-widget elementor-widget-html\" data-id=\"4d0a24f5\" data-element_type=\"widget\" data-e-type=\"widget\" data-widget_type=\"html.default\">\n\t\t\t\t<div class=\"elementor-widget-container\">\n\t\t\t\t\t<iframe style=\"border: 0px #ffffff none;\" src=\"https:\/\/www.kurita.eu\/publisher_sharepoint.php?category=3\" name=\"myiFrame\" width=\"400px\" height=\"600px\" frameborder=\"1\" marginwidth=\"0px\" marginheight=\"0px\" scrolling=\"yes\" allowfullscreen=\"allowfullscreen\"><span data-mce-type=\"bookmark\" style=\"display: inline-block; width: 0px; overflow: hidden; line-height: 0;\" class=\"mce_SELRES_start\"><\/span><\/iframe>\t\t\t\t<\/div>\n\t\t\t\t<\/div>\n\t\t\t\t\t<\/div>\n\t\t<\/div>\n\t\t\t\t\t<\/div>\n\t\t<\/section>\n\t\t\t\t<\/div>","protected":false},"excerpt":{"rendered":"<p>Kurita Europe-certifieringarna belyser v\u00e5rt engagemang f\u00f6r kvalitet, h\u00e5llbarhet och efterlevnad av globala standarder f\u00f6r vattenrening.<\/p>","protected":false},"author":2,"featured_media":14842,"parent":0,"menu_order":0,"comment_status":"closed","ping_status":"closed","template":"","meta":{"footnotes":""},"class_list":["post-13232","page","type-page","status-publish","has-post-thumbnail","hentry"],"_links":{"self":[{"href":"https:\/\/www.kurita.eu\/se\/wp-json\/wp\/v2\/pages\/13232","targetHints":{"allow":["GET"]}}],"collection":[{"href":"https:\/\/www.kurita.eu\/se\/wp-json\/wp\/v2\/pages"}],"about":[{"href":"https:\/\/www.kurita.eu\/se\/wp-json\/wp\/v2\/types\/page"}],"author":[{"embeddable":true,"href":"https:\/\/www.kurita.eu\/se\/wp-json\/wp\/v2\/users\/2"}],"replies":[{"embeddable":true,"href":"https:\/\/www.kurita.eu\/se\/wp-json\/wp\/v2\/comments?post=13232"}],"version-history":[{"count":8,"href":"https:\/\/www.kurita.eu\/se\/wp-json\/wp\/v2\/pages\/13232\/revisions"}],"predecessor-version":[{"id":19138,"href":"https:\/\/www.kurita.eu\/se\/wp-json\/wp\/v2\/pages\/13232\/revisions\/19138"}],"wp:featuredmedia":[{"embeddable":true,"href":"https:\/\/www.kurita.eu\/se\/wp-json\/wp\/v2\/media\/14842"}],"wp:attachment":[{"href":"https:\/\/www.kurita.eu\/se\/wp-json\/wp\/v2\/media?parent=13232"}],"curies":[{"name":"wp","href":"https:\/\/api.w.org\/{rel}","templated":true}]}}