{"id":13325,"date":"2025-04-23T10:17:30","date_gmt":"2025-04-23T10:17:30","guid":{"rendered":"https:\/\/kurita-eu-gudza2cjbzfhcwbx.francecentral-01.azurewebsites.net\/?page_id=13325"},"modified":"2026-01-28T12:54:39","modified_gmt":"2026-01-28T12:54:39","slug":"ladda-ner-tillgangsformular","status":"publish","type":"page","link":"https:\/\/www.kurita.eu\/se\/ladda-ner-tillgangsformular\/","title":{"rendered":"Ladda ner formul\u00e4r f\u00f6r tillg\u00e5ngar"},"content":{"rendered":"<div data-elementor-type=\"wp-page\" data-elementor-id=\"13325\" class=\"elementor elementor-13325\" data-elementor-post-type=\"page\">\n\t\t\t\t\t\t<section class=\"elementor-section elementor-top-section elementor-element elementor-element-7874e42c elementor-section-boxed elementor-section-height-default elementor-section-height-default\" data-id=\"7874e42c\" data-element_type=\"section\" data-e-type=\"section\" data-settings=\"{&quot;background_background&quot;:&quot;classic&quot;}\">\n\t\t\t\t\t\t<div class=\"elementor-container elementor-column-gap-default\">\n\t\t\t\t\t<div class=\"elementor-column elementor-col-100 elementor-top-column elementor-element elementor-element-1a0e27d1\" data-id=\"1a0e27d1\" data-element_type=\"column\" data-e-type=\"column\">\n\t\t\t<div class=\"elementor-widget-wrap elementor-element-populated\">\n\t\t\t\t\t\t<div class=\"elementor-element elementor-element-67004712 elementor-widget elementor-widget-heading\" data-id=\"67004712\" data-element_type=\"widget\" data-e-type=\"widget\" data-widget_type=\"heading.default\">\n\t\t\t\t<div class=\"elementor-widget-container\">\n\t\t\t\t\t<h2 class=\"elementor-heading-title elementor-size-default\">Ladda ner dokument<\/h2>\t\t\t\t<\/div>\n\t\t\t\t<\/div>\n\t\t\t\t<div class=\"elementor-element elementor-element-4dd2dc85 elementor-widget elementor-widget-text-editor\" data-id=\"4dd2dc85\" data-element_type=\"widget\" data-e-type=\"widget\" data-widget_type=\"text-editor.default\">\n\t\t\t\t<div class=\"elementor-widget-container\">\n\t\t\t\t\t\t\t\t\t<p>V\u00e4nligen fyll i formul\u00e4ret f\u00f6r att ladda ner det dokument du \u00e4r intresserad av.<\/p>\t\t\t\t\t\t\t\t<\/div>\n\t\t\t\t<\/div>\n\t\t\t\t\t<\/div>\n\t\t<\/div>\n\t\t\t\t\t<\/div>\n\t\t<\/section>\n\t\t\t\t<section class=\"elementor-section elementor-top-section elementor-element elementor-element-697e4f84 elementor-section-boxed elementor-section-height-default elementor-section-height-default\" data-id=\"697e4f84\" data-element_type=\"section\" data-e-type=\"section\">\n\t\t\t\t\t\t<div class=\"elementor-container elementor-column-gap-default\">\n\t\t\t\t\t<div class=\"elementor-column elementor-col-33 elementor-top-column elementor-element elementor-element-715fa44b\" data-id=\"715fa44b\" data-element_type=\"column\" data-e-type=\"column\">\n\t\t\t<div class=\"elementor-widget-wrap\">\n\t\t\t\t\t\t\t<\/div>\n\t\t<\/div>\n\t\t\t\t<div class=\"elementor-column elementor-col-33 elementor-top-column elementor-element elementor-element-71c9c706\" data-id=\"71c9c706\" data-element_type=\"column\" data-e-type=\"column\">\n\t\t\t<div class=\"elementor-widget-wrap elementor-element-populated\">\n\t\t\t\t\t\t<div class=\"elementor-element elementor-element-33a0b9fe elementor-widget elementor-widget-html\" data-id=\"33a0b9fe\" data-element_type=\"widget\" data-e-type=\"widget\" data-widget_type=\"html.default\">\n\t\t\t\t<div class=\"elementor-widget-container\">\n\t\t\t\t\t<div\r\n        data-form-id='86095b87-c3b0-ef11-b8e8-002248a40965'\r\n        data-form-api-url='https:\/\/public-eur.mkt.dynamics.com\/api\/v1.0\/orgs\/30cac5a2-33f9-ed11-a66d-000d3a64d748\/landingpageforms'\r\n        data-cached-form-url='https:\/\/assets-eur.mkt.dynamics.com\/30cac5a2-33f9-ed11-a66d-000d3a64d748\/digitalassets\/forms\/86095b87-c3b0-ef11-b8e8-002248a40965' ><\/div>\r\n        <script src = 'https:\/\/cxppusa1formui01cdnsa01-endpoint.azureedge.net\/eur\/FormLoader\/FormLoader.bundle.js' ><\/script>\r\n        <script>document.documentElement.lang = navigator.language;<\/script>\t\t\t\t<\/div>\n\t\t\t\t<\/div>\n\t\t\t\t\t<\/div>\n\t\t<\/div>\n\t\t\t\t<div class=\"elementor-column elementor-col-33 elementor-top-column elementor-element elementor-element-62d3f08f\" data-id=\"62d3f08f\" data-element_type=\"column\" data-e-type=\"column\">\n\t\t\t<div class=\"elementor-widget-wrap\">\n\t\t\t\t\t\t\t<\/div>\n\t\t<\/div>\n\t\t\t\t\t<\/div>\n\t\t<\/section>\n\t\t\t\t<\/div>","protected":false},"excerpt":{"rendered":"<p>Ladda ner dokument V\u00e4nligen fyll i formul\u00e4ret f\u00f6r att ladda ner det dokument du \u00e4r intresserad av.<\/p>","protected":false},"author":2,"featured_media":13358,"parent":0,"menu_order":0,"comment_status":"closed","ping_status":"closed","template":"","meta":{"footnotes":""},"class_list":["post-13325","page","type-page","status-publish","has-post-thumbnail","hentry"],"yoast_head":"<!-- This site is optimized with the Yoast SEO plugin v25.5 - https:\/\/yoast.com\/wordpress\/plugins\/seo\/ -->\n<title>Download Assets Form - Kurita Europe<\/title>\n<meta name=\"description\" content=\"Access brochures, datasheets, and technical documents from Kurita Europe. Fill out the form to download water treatment resources.\" \/>\n<meta name=\"robots\" content=\"noindex, nofollow\" \/>\n<meta property=\"og:locale\" content=\"sv_SE\" \/>\n<meta property=\"og:type\" content=\"article\" \/>\n<meta property=\"og:title\" content=\"Download Assets Form - Kurita Europe\" \/>\n<meta property=\"og:description\" content=\"Access brochures, datasheets, and technical documents from Kurita Europe. Fill out the form to download water treatment resources.\" \/>\n<meta property=\"og:url\" content=\"https:\/\/www.kurita.eu\/se\/ladda-ner-tillgangsformular\/\" \/>\n<meta property=\"og:site_name\" content=\"Kurita Europe\" \/>\n<meta property=\"article:modified_time\" content=\"2026-01-28T12:54:39+00:00\" \/>\n<meta property=\"og:image\" content=\"https:\/\/www.kurita.eu\/wp-content\/uploads\/2025\/04\/website-banner-mixed-media-iot-internet-things-concepts-ict-information-telecommunication-technology-scaled-1.jpg\" \/>\n\t<meta property=\"og:image:width\" content=\"2560\" \/>\n\t<meta property=\"og:image:height\" content=\"914\" \/>\n\t<meta property=\"og:image:type\" content=\"image\/jpeg\" \/>\n<meta name=\"twitter:card\" content=\"summary_large_image\" \/>\n<meta name=\"twitter:label1\" content=\"Ber\u00e4knad l\u00e4stid\" \/>\n\t<meta name=\"twitter:data1\" content=\"1 minut\" \/>\n<script type=\"application\/ld+json\" class=\"yoast-schema-graph\">{\"@context\":\"https:\/\/schema.org\",\"@graph\":[{\"@type\":\"WebPage\",\"@id\":\"https:\/\/www.kurita.eu\/tr\/varlik-formunu-indirin\/\",\"url\":\"https:\/\/www.kurita.eu\/tr\/varlik-formunu-indirin\/\",\"name\":\"Download Assets Form - Kurita Europe\",\"isPartOf\":{\"@id\":\"https:\/\/kurita.eu\/en\/#website\"},\"primaryImageOfPage\":{\"@id\":\"https:\/\/www.kurita.eu\/tr\/varlik-formunu-indirin\/#primaryimage\"},\"image\":{\"@id\":\"https:\/\/www.kurita.eu\/tr\/varlik-formunu-indirin\/#primaryimage\"},\"thumbnailUrl\":\"\/wp-content\/uploads\/2025\/04\/website-banner-mixed-media-iot-internet-things-concepts-ict-information-telecommunication-technology-scaled-1.jpg\",\"datePublished\":\"2025-04-23T10:17:30+00:00\",\"dateModified\":\"2026-01-28T12:54:39+00:00\",\"description\":\"Access brochures, datasheets, and technical documents from Kurita Europe. Fill out the form to download water treatment resources.\",\"breadcrumb\":{\"@id\":\"https:\/\/www.kurita.eu\/tr\/varlik-formunu-indirin\/#breadcrumb\"},\"inLanguage\":\"sv-SE\",\"potentialAction\":[{\"@type\":\"ReadAction\",\"target\":[\"https:\/\/www.kurita.eu\/tr\/varlik-formunu-indirin\/\"]}]},{\"@type\":\"ImageObject\",\"inLanguage\":\"sv-SE\",\"@id\":\"https:\/\/www.kurita.eu\/tr\/varlik-formunu-indirin\/#primaryimage\",\"url\":\"\/wp-content\/uploads\/2025\/04\/website-banner-mixed-media-iot-internet-things-concepts-ict-information-telecommunication-technology-scaled-1.jpg\",\"contentUrl\":\"\/wp-content\/uploads\/2025\/04\/website-banner-mixed-media-iot-internet-things-concepts-ict-information-telecommunication-technology-scaled-1.jpg\",\"width\":2560,\"height\":914},{\"@type\":\"BreadcrumbList\",\"@id\":\"https:\/\/www.kurita.eu\/tr\/varlik-formunu-indirin\/#breadcrumb\",\"itemListElement\":[{\"@type\":\"ListItem\",\"position\":1,\"name\":\"Home\",\"item\":\"https:\/\/www.kurita.eu\/en\/\"},{\"@type\":\"ListItem\",\"position\":2,\"name\":\"Download Assets Form\"}]},{\"@type\":\"WebSite\",\"@id\":\"https:\/\/kurita.eu\/en\/#website\",\"url\":\"https:\/\/kurita.eu\/en\/\",\"name\":\"Kurita Europe\",\"description\":\"Water Treatment Solutions\",\"publisher\":{\"@id\":\"https:\/\/kurita.eu\/en\/#organization\"},\"potentialAction\":[{\"@type\":\"SearchAction\",\"target\":{\"@type\":\"EntryPoint\",\"urlTemplate\":\"https:\/\/kurita.eu\/en\/?s={search_term_string}\"},\"query-input\":{\"@type\":\"PropertyValueSpecification\",\"valueRequired\":true,\"valueName\":\"search_term_string\"}}],\"inLanguage\":\"sv-SE\"},{\"@type\":\"Organization\",\"@id\":\"https:\/\/kurita.eu\/en\/#organization\",\"name\":\"Kurita Europe\",\"url\":\"https:\/\/kurita.eu\/en\/\",\"logo\":{\"@type\":\"ImageObject\",\"inLanguage\":\"sv-SE\",\"@id\":\"https:\/\/kurita.eu\/en\/#\/schema\/logo\/image\/\",\"url\":\"\/wp-content\/uploads\/2025\/05\/cropped-brand_mark_horizon_blue.png\",\"contentUrl\":\"\/wp-content\/uploads\/2025\/05\/cropped-brand_mark_horizon_blue.png\",\"width\":712,\"height\":204,\"caption\":\"Kurita Europe\"},\"image\":{\"@id\":\"https:\/\/kurita.eu\/en\/#\/schema\/logo\/image\/\"}}]}<\/script>\n<!-- \/ Yoast SEO plugin. -->","yoast_head_json":{"title":"Ladda ner formul\u00e4r f\u00f6r tillg\u00e5ngar - Kurita Europe","description":"F\u00e5 tillg\u00e5ng till broschyrer, datablad och tekniska dokument fr\u00e5n Kurita Europe. Fyll i formul\u00e4ret f\u00f6r att ladda ner resurser f\u00f6r vattenbehandling.","robots":{"index":"noindex","follow":"nofollow"},"og_locale":"sv_SE","og_type":"article","og_title":"Download Assets Form - Kurita Europe","og_description":"Access brochures, datasheets, and technical documents from Kurita Europe. Fill out the form to download water treatment resources.","og_url":"https:\/\/www.kurita.eu\/se\/ladda-ner-tillgangsformular\/","og_site_name":"Kurita Europe","article_modified_time":"2026-01-28T12:54:39+00:00","og_image":[{"width":2560,"height":914,"url":"https:\/\/www.kurita.eu\/wp-content\/uploads\/2025\/04\/website-banner-mixed-media-iot-internet-things-concepts-ict-information-telecommunication-technology-scaled-1.jpg","type":"image\/jpeg"}],"twitter_card":"summary_large_image","twitter_misc":{"Ber\u00e4knad l\u00e4stid":"1 minut"},"schema":{"@context":"https:\/\/schema.org","@graph":[{"@type":"WebPage","@id":"https:\/\/www.kurita.eu\/tr\/varlik-formunu-indirin\/","url":"https:\/\/www.kurita.eu\/tr\/varlik-formunu-indirin\/","name":"Ladda ner formul\u00e4r f\u00f6r tillg\u00e5ngar - Kurita Europe","isPartOf":{"@id":"https:\/\/kurita.eu\/en\/#website"},"primaryImageOfPage":{"@id":"https:\/\/www.kurita.eu\/tr\/varlik-formunu-indirin\/#primaryimage"},"image":{"@id":"https:\/\/www.kurita.eu\/tr\/varlik-formunu-indirin\/#primaryimage"},"thumbnailUrl":"\/wp-content\/uploads\/2025\/04\/website-banner-mixed-media-iot-internet-things-concepts-ict-information-telecommunication-technology-scaled-1.jpg","datePublished":"2025-04-23T10:17:30+00:00","dateModified":"2026-01-28T12:54:39+00:00","description":"F\u00e5 tillg\u00e5ng till broschyrer, datablad och tekniska dokument fr\u00e5n Kurita Europe. Fyll i formul\u00e4ret f\u00f6r att ladda ner resurser f\u00f6r vattenbehandling.","breadcrumb":{"@id":"https:\/\/www.kurita.eu\/tr\/varlik-formunu-indirin\/#breadcrumb"},"inLanguage":"sv-SE","potentialAction":[{"@type":"ReadAction","target":["https:\/\/www.kurita.eu\/tr\/varlik-formunu-indirin\/"]}]},{"@type":"ImageObject","inLanguage":"sv-SE","@id":"https:\/\/www.kurita.eu\/tr\/varlik-formunu-indirin\/#primaryimage","url":"\/wp-content\/uploads\/2025\/04\/website-banner-mixed-media-iot-internet-things-concepts-ict-information-telecommunication-technology-scaled-1.jpg","contentUrl":"\/wp-content\/uploads\/2025\/04\/website-banner-mixed-media-iot-internet-things-concepts-ict-information-telecommunication-technology-scaled-1.jpg","width":2560,"height":914},{"@type":"BreadcrumbList","@id":"https:\/\/www.kurita.eu\/tr\/varlik-formunu-indirin\/#breadcrumb","itemListElement":[{"@type":"ListItem","position":1,"name":"Home","item":"https:\/\/www.kurita.eu\/en\/"},{"@type":"ListItem","position":2,"name":"Download Assets Form"}]},{"@type":"WebSite","@id":"https:\/\/kurita.eu\/en\/#website","url":"https:\/\/kurita.eu\/en\/","name":"Kurita Europa","description":"L\u00f6sningar f\u00f6r vattenbehandling","publisher":{"@id":"https:\/\/kurita.eu\/en\/#organization"},"potentialAction":[{"@type":"SearchAction","target":{"@type":"EntryPoint","urlTemplate":"https:\/\/kurita.eu\/en\/?s={search_term_string}"},"query-input":{"@type":"PropertyValueSpecification","valueRequired":true,"valueName":"search_term_string"}}],"inLanguage":"sv-SE"},{"@type":"Organization","@id":"https:\/\/kurita.eu\/en\/#organization","name":"Kurita Europa","url":"https:\/\/kurita.eu\/en\/","logo":{"@type":"ImageObject","inLanguage":"sv-SE","@id":"https:\/\/kurita.eu\/en\/#\/schema\/logo\/image\/","url":"\/wp-content\/uploads\/2025\/05\/cropped-brand_mark_horizon_blue.png","contentUrl":"\/wp-content\/uploads\/2025\/05\/cropped-brand_mark_horizon_blue.png","width":712,"height":204,"caption":"Kurita Europe"},"image":{"@id":"https:\/\/kurita.eu\/en\/#\/schema\/logo\/image\/"}}]}},"_links":{"self":[{"href":"https:\/\/www.kurita.eu\/se\/wp-json\/wp\/v2\/pages\/13325","targetHints":{"allow":["GET"]}}],"collection":[{"href":"https:\/\/www.kurita.eu\/se\/wp-json\/wp\/v2\/pages"}],"about":[{"href":"https:\/\/www.kurita.eu\/se\/wp-json\/wp\/v2\/types\/page"}],"author":[{"embeddable":true,"href":"https:\/\/www.kurita.eu\/se\/wp-json\/wp\/v2\/users\/2"}],"replies":[{"embeddable":true,"href":"https:\/\/www.kurita.eu\/se\/wp-json\/wp\/v2\/comments?post=13325"}],"version-history":[{"count":4,"href":"https:\/\/www.kurita.eu\/se\/wp-json\/wp\/v2\/pages\/13325\/revisions"}],"predecessor-version":[{"id":13332,"href":"https:\/\/www.kurita.eu\/se\/wp-json\/wp\/v2\/pages\/13325\/revisions\/13332"}],"wp:featuredmedia":[{"embeddable":true,"href":"https:\/\/www.kurita.eu\/se\/wp-json\/wp\/v2\/media\/13358"}],"wp:attachment":[{"href":"https:\/\/www.kurita.eu\/se\/wp-json\/wp\/v2\/media?parent=13325"}],"curies":[{"name":"wp","href":"https:\/\/api.w.org\/{rel}","templated":true}]}}