{"id":13428,"date":"2025-04-23T11:15:43","date_gmt":"2025-04-23T11:15:43","guid":{"rendered":"https:\/\/kurita-eu-gudza2cjbzfhcwbx.francecentral-01.azurewebsites.net\/?page_id=13428"},"modified":"2026-02-16T14:52:35","modified_gmt":"2026-02-16T14:52:35","slug":"kemisk-industri","status":"publish","type":"page","link":"https:\/\/www.kurita.eu\/se\/chemical-industry\/","title":{"rendered":"Kemisk industri"},"content":{"rendered":"<div data-elementor-type=\"wp-page\" data-elementor-id=\"13428\" class=\"elementor elementor-13428\" data-elementor-post-type=\"page\">\n\t\t\t\t\t\t<section class=\"elementor-section elementor-top-section elementor-element elementor-element-10df01d6 elementor-section-full_width elementor-section-height-default elementor-section-height-default\" data-id=\"10df01d6\" data-element_type=\"section\" data-e-type=\"section\">\n\t\t\t\t\t\t<div class=\"elementor-container elementor-column-gap-default\">\n\t\t\t\t\t<div class=\"elementor-column elementor-col-100 elementor-top-column elementor-element elementor-element-31cfc3ca\" data-id=\"31cfc3ca\" data-element_type=\"column\" data-e-type=\"column\">\n\t\t\t<div class=\"elementor-widget-wrap elementor-element-populated\">\n\t\t\t\t\t\t<div class=\"elementor-element elementor-element-1d28713 elementor--h-position-center elementor--v-position-middle elementor-arrows-position-inside elementor-pagination-position-inside elementor-widget elementor-widget-slides\" data-id=\"1d28713\" data-element_type=\"widget\" data-e-type=\"widget\" data-settings=\"{&quot;navigation&quot;:&quot;both&quot;,&quot;autoplay&quot;:&quot;yes&quot;,&quot;pause_on_hover&quot;:&quot;yes&quot;,&quot;pause_on_interaction&quot;:&quot;yes&quot;,&quot;autoplay_speed&quot;:5000,&quot;infinite&quot;:&quot;yes&quot;,&quot;transition&quot;:&quot;slide&quot;,&quot;transition_speed&quot;:500}\" data-widget_type=\"slides.default\">\n\t\t\t\t<div class=\"elementor-widget-container\">\n\t\t\t\t\t\t\t\t\t<div class=\"elementor-swiper\">\n\t\t\t\t\t<div class=\"elementor-slides-wrapper elementor-main-swiper swiper\" role=\"region\" aria-roledescription=\"carousel\" aria-label=\"Diabilder\" dir=\"ltr\" data-animation=\"fadeInUp\">\n\t\t\t\t<div class=\"swiper-wrapper elementor-slides\">\n\t\t\t\t\t\t\t\t\t\t<div class=\"elementor-repeater-item-4e0b9f7 swiper-slide\" role=\"group\" aria-roledescription=\"slide\"><div class=\"swiper-slide-bg elementor-ken-burns elementor-ken-burns--in\" role=\"img\" aria-label=\"Kemisk_industri_Farmaceutisk_industri-fc018a7c-1.jpg\"><\/div><div class=\"elementor-background-overlay\"><\/div><div class=\"swiper-slide-inner\" ><div class=\"swiper-slide-contents\"><h1 class=\"elementor-slide-heading\">Kemisk industri<\/h1><\/div><\/div><\/div>\t\t\t\t<\/div>\n\t\t\t\t\t\t\t<\/div>\n\t\t\t\t<\/div>\n\t\t\t\t\t\t\t\t<\/div>\n\t\t\t\t<\/div>\n\t\t\t\t\t<\/div>\n\t\t<\/div>\n\t\t\t\t\t<\/div>\n\t\t<\/section>\n\t\t\t\t<section class=\"elementor-section elementor-top-section elementor-element elementor-element-16203c1c elementor-section-boxed elementor-section-height-default elementor-section-height-default\" data-id=\"16203c1c\" data-element_type=\"section\" data-e-type=\"section\">\n\t\t\t\t\t\t<div class=\"elementor-container elementor-column-gap-default\">\n\t\t\t\t\t<div class=\"elementor-column elementor-col-100 elementor-top-column elementor-element elementor-element-5bf60af9 margin-content\" data-id=\"5bf60af9\" data-element_type=\"column\" data-e-type=\"column\">\n\t\t\t<div class=\"elementor-widget-wrap elementor-element-populated\">\n\t\t\t\t\t\t<div class=\"elementor-element elementor-element-375448ec elementor-widget elementor-widget-text-editor\" data-id=\"375448ec\" data-element_type=\"widget\" data-e-type=\"widget\" data-widget_type=\"text-editor.default\">\n\t\t\t\t<div class=\"elementor-widget-container\">\n\t\t\t\t\t\t\t\t\tResursf\u00f6rbrukning i<strong>\u00a0kemisk industri<\/strong>\u00a0\u00e4r enorm. \u00c4ven om industrin redan har lyckats minska sitt energibehov avsev\u00e4rt, utmanas den fortfarande av h\u00f6ga energikostnader, h\u00f6g vattenf\u00f6rbrukning och allt str\u00e4ngare regler. Energieffektivitet, \u00f6kad produktion och anl\u00e4ggningstillg\u00e4nglighet \u00e4r d\u00e4rf\u00f6r viktiga faktorer som bidrar till en konkurrensf\u00f6rdel.\n\nVi hj\u00e4lper dig g\u00e4rna med detta. Kurita erbjuder ett brett spektrum av resursbesparande l\u00f6sningar samt l\u00f6sningar f\u00f6r att f\u00f6rb\u00e4ttra produktionen och anl\u00e4ggningss\u00e4kerheten.<\/p>\n<p>Kurita k\u00e4nner till hela st\u00e5lproduktionsprocessen fr\u00e5n r\u00e5j\u00e4rn till f\u00e4rdig produkt. Med behandlingskoncept som \u00e4r s\u00e4rskilt utvecklade f\u00f6r att hantera st\u00e5l- och metallindustrins krav kan vi effektivt hantera typiska branschproblem som korrosion, biofouling, avlagringar och igens\u00e4ttning av sprutmunstycken.<\/p>\t\t\t\t\t\t\t\t<\/div>\n\t\t\t\t<\/div>\n\t\t\t\t\t<\/div>\n\t\t<\/div>\n\t\t\t\t\t<\/div>\n\t\t<\/section>\n\t\t\t\t<section class=\"elementor-section elementor-top-section elementor-element elementor-element-2805dfc0 elementor-section-boxed elementor-section-height-default elementor-section-height-default\" data-id=\"2805dfc0\" data-element_type=\"section\" data-e-type=\"section\">\n\t\t\t\t\t\t<div class=\"elementor-container elementor-column-gap-default\">\n\t\t\t\t\t<div class=\"elementor-column elementor-col-100 elementor-top-column elementor-element elementor-element-24f1ffea\" data-id=\"24f1ffea\" data-element_type=\"column\" data-e-type=\"column\">\n\t\t\t<div class=\"elementor-widget-wrap elementor-element-populated\">\n\t\t\t\t\t\t<div class=\"elementor-element elementor-element-71a975e4 elementor-grid-5 elementor-grid-tablet-2 elementor-grid-mobile-1 elementor-posts--thumbnail-top elementor-posts--show-avatar elementor-card-shadow-yes elementor-posts__hover-gradient elementor-widget elementor-widget-posts\" data-id=\"71a975e4\" data-element_type=\"widget\" data-e-type=\"widget\" data-settings=\"{&quot;cards_columns&quot;:&quot;5&quot;,&quot;cards_columns_tablet&quot;:&quot;2&quot;,&quot;cards_columns_mobile&quot;:&quot;1&quot;,&quot;cards_row_gap&quot;:{&quot;unit&quot;:&quot;px&quot;,&quot;size&quot;:35,&quot;sizes&quot;:[]},&quot;cards_row_gap_widescreen&quot;:{&quot;unit&quot;:&quot;px&quot;,&quot;size&quot;:&quot;&quot;,&quot;sizes&quot;:[]},&quot;cards_row_gap_laptop&quot;:{&quot;unit&quot;:&quot;px&quot;,&quot;size&quot;:&quot;&quot;,&quot;sizes&quot;:[]},&quot;cards_row_gap_tablet&quot;:{&quot;unit&quot;:&quot;px&quot;,&quot;size&quot;:&quot;&quot;,&quot;sizes&quot;:[]},&quot;cards_row_gap_mobile&quot;:{&quot;unit&quot;:&quot;px&quot;,&quot;size&quot;:&quot;&quot;,&quot;sizes&quot;:[]}}\" data-widget_type=\"posts.cards\">\n\t\t\t\t<div class=\"elementor-widget-container\">\n\t\t\t\t\t\t\t<div class=\"elementor-posts-container elementor-posts elementor-posts--skin-cards elementor-grid\" role=\"list\">\n\t\t\t\t<article class=\"elementor-post elementor-grid-item post-13982 page type-page status-publish hentry\" role=\"listitem\">\n\t\t\t<div class=\"elementor-post__card\">\n\t\t\t\t<div class=\"elementor-post__text\">\n\t\t\t\t<h4 class=\"elementor-post__title\">\n\t\t\t<a href=\"https:\/\/www.kurita.eu\/se\/solutions\/corrsave\/\" target=\"&quot;_blank&quot;\">\n\t\t\t\tCorrsave\u00ae.\t\t\t<\/a>\n\t\t<\/h4>\n\t\t\t\t<div class=\"elementor-post__excerpt\">\n\t\t\t<p>Kuritas patenterade teknik f\u00f6r korrosionsinhibering och h\u00e5rdhetsstabilisering f\u00f6r vattensystem, utformad f\u00f6r att ge h\u00f6g prestanda med l\u00e5g fosfathalt.<\/p>\n\t\t<\/div>\n\t\t\t\t<\/div>\n\t\t\t\t\t<\/div>\n\t\t<\/article>\n\t\t\t\t<article class=\"elementor-post elementor-grid-item post-14012 page type-page status-publish has-post-thumbnail hentry\" role=\"listitem\">\n\t\t\t<div class=\"elementor-post__card\">\n\t\t\t\t<a class=\"elementor-post__thumbnail__link\" href=\"https:\/\/www.kurita.eu\/se\/solutions\/dilurit-bcs\/\" tabindex=\"-1\" target=\"_blank\"><div class=\"elementor-post__thumbnail\"><img fetchpriority=\"high\" decoding=\"async\" width=\"300\" height=\"200\" src=\"\/wp-content\/uploads\/2025\/04\/IMG_1528-scaled-1-300x200.webp\" class=\"attachment-medium size-medium wp-image-14003\" alt=\"\" srcset=\"\/wp-content\/uploads\/2025\/04\/IMG_1528-scaled-1-300x200.webp 300w, \/wp-content\/uploads\/2025\/04\/IMG_1528-scaled-1-1024x682.webp 1024w, \/wp-content\/uploads\/2025\/04\/IMG_1528-scaled-1-768x512.webp 768w, \/wp-content\/uploads\/2025\/04\/IMG_1528-scaled-1-1536x1024.webp 1536w, \/wp-content\/uploads\/2025\/04\/IMG_1528-scaled-1-2048x1365.webp 2048w\" sizes=\"(max-width: 300px) 100vw, 300px\" data-no-translation=\"\" \/><\/div><\/a>\n\t\t\t\t<div class=\"elementor-post__avatar\">\n\t\t\t<img alt='leandro.miro@kurita-water.com' src='https:\/\/secure.gravatar.com\/avatar\/bc066715c20616f43cd8b8e202d87d6d4165490b54e381d88e1e688a6b27db62?s=128&#038;d=mm&#038;r=g' srcset='https:\/\/secure.gravatar.com\/avatar\/bc066715c20616f43cd8b8e202d87d6d4165490b54e381d88e1e688a6b27db62?s=256&#038;d=mm&#038;r=g 2x' class='avatar avatar-128 photo' height='128' width='128' data-no-translation=\"\" \/>\t\t<\/div>\n\t\t\t\t<div class=\"elementor-post__text\">\n\t\t\t\t<h4 class=\"elementor-post__title\">\n\t\t\t<a href=\"https:\/\/www.kurita.eu\/se\/solutions\/dilurit-bcs\/\" target=\"&quot;_blank&quot;\">\n\t\t\t\tDilurit\u00ae BC S-system\t\t\t<\/a>\n\t\t<\/h4>\n\t\t\t\t<div class=\"elementor-post__excerpt\">\n\t\t\t<p>Kuritas Dilurit\u00ae BCS-system erbjuder effektiv mikrobiell kontroll i vattensystem, vilket s\u00e4kerst\u00e4ller hygien, s\u00e4kerhet och drifts\u00e4kerhet.<\/p>\n\t\t<\/div>\n\t\t\t\t<\/div>\n\t\t\t\t\t<\/div>\n\t\t<\/article>\n\t\t\t\t<article class=\"elementor-post elementor-grid-item post-14152 page type-page status-publish hentry\" role=\"listitem\">\n\t\t\t<div class=\"elementor-post__card\">\n\t\t\t\t<div class=\"elementor-post__text\">\n\t\t\t\t<h4 class=\"elementor-post__title\">\n\t\t\t<a href=\"https:\/\/www.kurita.eu\/se\/solutions\/kurifast\/\" target=\"&quot;_blank&quot;\">\n\t\t\t\tKurifast\t\t\t<\/a>\n\t\t<\/h4>\n\t\t\t\t<div class=\"elementor-post__excerpt\">\n\t\t\t<p>KuriFast Legionella snabbtest med h\u00f6g precision En banbrytande metod f\u00f6r legionellatestning Legion\u00e4rssjuka orsakas fr\u00e4mst av Legionella pneumophila och st\u00e5r f\u00f6r cirka 97% av rapporterade<\/p>\n\t\t<\/div>\n\t\t\t\t<\/div>\n\t\t\t\t\t<\/div>\n\t\t<\/article>\n\t\t\t\t<article class=\"elementor-post elementor-grid-item post-14160 page type-page status-publish hentry\" role=\"listitem\">\n\t\t\t<div class=\"elementor-post__card\">\n\t\t\t\t<div class=\"elementor-post__text\">\n\t\t\t\t<h4 class=\"elementor-post__title\">\n\t\t\t<a href=\"https:\/\/www.kurita.eu\/se\/solutions\/kuriflock\/\" target=\"&quot;_blank&quot;\">\n\t\t\t\tKuriflock\t\t\t<\/a>\n\t\t<\/h4>\n\t\t\t\t<div class=\"elementor-post__excerpt\">\n\t\t\t<p>Kuritas breda sortiment av koagulations- och flockulationsprodukter f\u00f6r reningsprocesser f\u00f6r avloppsvatten.<\/p>\n\t\t<\/div>\n\t\t\t\t<\/div>\n\t\t\t\t\t<\/div>\n\t\t<\/article>\n\t\t\t\t<article class=\"elementor-post elementor-grid-item post-14075 page type-page status-publish has-post-thumbnail hentry\" role=\"listitem\">\n\t\t\t<div class=\"elementor-post__card\">\n\t\t\t\t<a class=\"elementor-post__thumbnail__link\" href=\"https:\/\/www.kurita.eu\/se\/solutions\/free-technology\/\" tabindex=\"-1\" target=\"_blank\"><div class=\"elementor-post__thumbnail\"><img decoding=\"async\" width=\"300\" height=\"121\" src=\"\/wp-content\/uploads\/2025\/04\/Applications_WaterTreatment_CoolingWater-71ad4c47-1-300x121.jpg\" class=\"attachment-medium size-medium wp-image-15519\" alt=\"Water and Energy savings in Cooling Systems \u2013 FReE Technology\" srcset=\"\/wp-content\/uploads\/2025\/04\/Applications_WaterTreatment_CoolingWater-71ad4c47-1-300x121.jpg 300w, \/wp-content\/uploads\/2025\/04\/Applications_WaterTreatment_CoolingWater-71ad4c47-1-768x309.jpg 768w, \/wp-content\/uploads\/2025\/04\/Applications_WaterTreatment_CoolingWater-71ad4c47-1-18x7.jpg 18w, \/wp-content\/uploads\/2025\/04\/Applications_WaterTreatment_CoolingWater-71ad4c47-1.jpg 870w\" sizes=\"(max-width: 300px) 100vw, 300px\" data-no-translation=\"\" \/><\/div><\/a>\n\t\t\t\t<div class=\"elementor-post__avatar\">\n\t\t\t<img alt='leandro.miro@kurita-water.com' src='https:\/\/secure.gravatar.com\/avatar\/bc066715c20616f43cd8b8e202d87d6d4165490b54e381d88e1e688a6b27db62?s=128&#038;d=mm&#038;r=g' srcset='https:\/\/secure.gravatar.com\/avatar\/bc066715c20616f43cd8b8e202d87d6d4165490b54e381d88e1e688a6b27db62?s=256&#038;d=mm&#038;r=g 2x' class='avatar avatar-128 photo' height='128' width='128' data-no-translation=\"\" \/>\t\t<\/div>\n\t\t\t\t<div class=\"elementor-post__text\">\n\t\t\t\t<h4 class=\"elementor-post__title\">\n\t\t\t<a href=\"https:\/\/www.kurita.eu\/se\/solutions\/free-technology\/\" target=\"&quot;_blank&quot;\">\n\t\t\t\tKurita FReE - Kuritas effektivitetsprogram f\u00f6r avl\u00e4gsnande av nedsmutsning\t\t\t<\/a>\n\t\t<\/h4>\n\t\t\t\t<div class=\"elementor-post__excerpt\">\n\t\t\t<p>Kuritas teknik f\u00f6r reng\u00f6ring av kylsystem online som avl\u00e4gsnar nedsmutsning under drift - utan driftstopp, korrosion eller avfallsproduktion.<\/p>\n\t\t<\/div>\n\t\t\t\t<\/div>\n\t\t\t\t\t<\/div>\n\t\t<\/article>\n\t\t\t\t<\/div>\n\t\t\n\t\t\t\t\t\t<\/div>\n\t\t\t\t<\/div>\n\t\t\t\t\t<\/div>\n\t\t<\/div>\n\t\t\t\t\t<\/div>\n\t\t<\/section>\n\t\t\t\t<\/div>","protected":false},"excerpt":{"rendered":"<p>Utforska Kurita Chemical Industry Solutions f\u00f6r avancerad vattenrening, effektivitet och h\u00e5llbarhet inom kemisk tillverkning.<\/p>","protected":false},"author":2,"featured_media":13430,"parent":0,"menu_order":0,"comment_status":"closed","ping_status":"closed","template":"","meta":{"footnotes":""},"class_list":["post-13428","page","type-page","status-publish","has-post-thumbnail","hentry"],"_links":{"self":[{"href":"https:\/\/www.kurita.eu\/se\/wp-json\/wp\/v2\/pages\/13428","targetHints":{"allow":["GET"]}}],"collection":[{"href":"https:\/\/www.kurita.eu\/se\/wp-json\/wp\/v2\/pages"}],"about":[{"href":"https:\/\/www.kurita.eu\/se\/wp-json\/wp\/v2\/types\/page"}],"author":[{"embeddable":true,"href":"https:\/\/www.kurita.eu\/se\/wp-json\/wp\/v2\/users\/2"}],"replies":[{"embeddable":true,"href":"https:\/\/www.kurita.eu\/se\/wp-json\/wp\/v2\/comments?post=13428"}],"version-history":[{"count":17,"href":"https:\/\/www.kurita.eu\/se\/wp-json\/wp\/v2\/pages\/13428\/revisions"}],"predecessor-version":[{"id":20260,"href":"https:\/\/www.kurita.eu\/se\/wp-json\/wp\/v2\/pages\/13428\/revisions\/20260"}],"wp:featuredmedia":[{"embeddable":true,"href":"https:\/\/www.kurita.eu\/se\/wp-json\/wp\/v2\/media\/13430"}],"wp:attachment":[{"href":"https:\/\/www.kurita.eu\/se\/wp-json\/wp\/v2\/media?parent=13428"}],"curies":[{"name":"wp","href":"https:\/\/api.w.org\/{rel}","templated":true}]}}