{"id":13448,"date":"2025-04-23T11:25:47","date_gmt":"2025-04-23T11:25:47","guid":{"rendered":"https:\/\/kurita-eu-gudza2cjbzfhcwbx.francecentral-01.azurewebsites.net\/?page_id=13448"},"modified":"2026-02-16T15:11:42","modified_gmt":"2026-02-16T15:11:42","slug":"distributorer","status":"publish","type":"page","link":"https:\/\/www.kurita.eu\/se\/distributors\/","title":{"rendered":"Distribut\u00f6rer"},"content":{"rendered":"<div data-elementor-type=\"wp-page\" data-elementor-id=\"13448\" class=\"elementor elementor-13448\" data-elementor-post-type=\"page\">\n\t\t\t\t\t\t<section class=\"elementor-section elementor-top-section elementor-element elementor-element-3a391d9e elementor-section-full_width elementor-section-height-default elementor-section-height-default\" data-id=\"3a391d9e\" data-element_type=\"section\" data-e-type=\"section\">\n\t\t\t\t\t\t<div class=\"elementor-container elementor-column-gap-no\">\n\t\t\t\t\t<div class=\"elementor-column elementor-col-100 elementor-top-column elementor-element elementor-element-51f500d4\" data-id=\"51f500d4\" data-element_type=\"column\" data-e-type=\"column\">\n\t\t\t<div class=\"elementor-widget-wrap elementor-element-populated\">\n\t\t\t\t\t\t<div class=\"elementor-element elementor-element-106ba29 elementor--h-position-center elementor--v-position-middle elementor-arrows-position-inside elementor-pagination-position-inside elementor-widget elementor-widget-slides\" data-id=\"106ba29\" data-element_type=\"widget\" data-e-type=\"widget\" data-settings=\"{&quot;navigation&quot;:&quot;both&quot;,&quot;autoplay&quot;:&quot;yes&quot;,&quot;pause_on_hover&quot;:&quot;yes&quot;,&quot;pause_on_interaction&quot;:&quot;yes&quot;,&quot;autoplay_speed&quot;:5000,&quot;infinite&quot;:&quot;yes&quot;,&quot;transition&quot;:&quot;slide&quot;,&quot;transition_speed&quot;:500}\" data-widget_type=\"slides.default\">\n\t\t\t\t<div class=\"elementor-widget-container\">\n\t\t\t\t\t\t\t\t\t<div class=\"elementor-swiper\">\n\t\t\t\t\t<div class=\"elementor-slides-wrapper elementor-main-swiper swiper\" role=\"region\" aria-roledescription=\"carousel\" aria-label=\"Diabilder\" dir=\"ltr\" data-animation=\"fadeInUp\">\n\t\t\t\t<div class=\"swiper-wrapper elementor-slides\">\n\t\t\t\t\t\t\t\t\t\t<div class=\"elementor-repeater-item-4e0b9f7 swiper-slide\" role=\"group\" aria-roledescription=\"slide\"><div class=\"swiper-slide-bg elementor-ken-burns elementor-ken-burns--in\" role=\"img\" aria-label=\"iStock_000077125839_IndustriesServed_Distributors-5a125e05.jpg\"><\/div><div class=\"elementor-background-overlay\"><\/div><div class=\"swiper-slide-inner\" ><div class=\"swiper-slide-contents\"><h1 class=\"elementor-slide-heading\">Distribut\u00f6rer<\/h1><\/div><\/div><\/div>\t\t\t\t<\/div>\n\t\t\t\t\t\t\t<\/div>\n\t\t\t\t<\/div>\n\t\t\t\t\t\t\t\t<\/div>\n\t\t\t\t<\/div>\n\t\t\t\t\t<\/div>\n\t\t<\/div>\n\t\t\t\t\t<\/div>\n\t\t<\/section>\n\t\t\t\t<section class=\"elementor-section elementor-top-section elementor-element elementor-element-2640498 margin-content elementor-section-boxed elementor-section-height-default elementor-section-height-default\" data-id=\"2640498\" data-element_type=\"section\" data-e-type=\"section\">\n\t\t\t\t\t\t<div class=\"elementor-container elementor-column-gap-default\">\n\t\t\t\t\t<div class=\"elementor-column elementor-col-100 elementor-top-column elementor-element elementor-element-4e22f3d2 margin-content\" data-id=\"4e22f3d2\" data-element_type=\"column\" data-e-type=\"column\">\n\t\t\t<div class=\"elementor-widget-wrap elementor-element-populated\">\n\t\t\t\t\t\t<div class=\"elementor-element elementor-element-64aed439 elementor-widget elementor-widget-text-editor\" data-id=\"64aed439\" data-element_type=\"widget\" data-e-type=\"widget\" data-widget_type=\"text-editor.default\">\n\t\t\t\t<div class=\"elementor-widget-container\">\n\t\t\t\t\t\t\t\t\t<p>F\u00f6r s\u00e4rskilda marknader eller regioner har Kurita ett n\u00e4ra samarbete med detaljhandelsf\u00f6retag, i enlighet med en tydligt definierad distributionspolicy. Vi har etablerat starka partnerskap med dessa f\u00f6retag, som har visat sig vara seri\u00f6sa och kompetenta. Vi litar lika mycket p\u00e5 dem som p\u00e5 v\u00e5r egen personal.<\/p>\t\t\t\t\t\t\t\t<\/div>\n\t\t\t\t<\/div>\n\t\t\t\t<div class=\"elementor-element elementor-element-b4b67e6 elementor-widget elementor-widget-heading\" data-id=\"b4b67e6\" data-element_type=\"widget\" data-e-type=\"widget\" data-widget_type=\"heading.default\">\n\t\t\t\t<div class=\"elementor-widget-container\">\n\t\t\t\t\t<h5 class=\"elementor-heading-title elementor-size-default\">Vad erbjuder Kurita sina distribut\u00f6rer?<\/h5>\t\t\t\t<\/div>\n\t\t\t\t<\/div>\n\t\t\t\t<div class=\"elementor-element elementor-element-4c7007d8 elementor-widget elementor-widget-text-editor\" data-id=\"4c7007d8\" data-element_type=\"widget\" data-e-type=\"widget\" data-widget_type=\"text-editor.default\">\n\t\t\t\t<div class=\"elementor-widget-container\">\n\t\t\t\t\t\t\t\t\t<ul><li><a href=\"https:\/\/www.kurita.eu\/se\/losningar\/\">Teknik<\/a>\u00a0f\u00f6r hela omr\u00e5det vattenrening<\/li><li>Listning fr\u00e5n internationella eller nationella kundf\u00f6retag<\/li><li>S\u00e4kra produkter och processer<\/li><li>Behandlingsprogram som \u00e4r s\u00e4rskilt utformade f\u00f6r distributionsbehov<\/li><li>Applikations- och forsknings- och utvecklingslaboratorier<\/li><li>Regelbundna utbildningar<\/li><li>Kontinuerlig information om teknik, utveckling, marknad och lagstiftning<\/li><li>St\u00f6d f\u00f6r marknadsf\u00f6ring<\/li><li>M\u00f6jlighet att bli distribut\u00f6r av v\u00e5r teknik i en viss region eller inom ett visst omr\u00e5de<\/li><\/ul>\t\t\t\t\t\t\t\t<\/div>\n\t\t\t\t<\/div>\n\t\t\t\t<div class=\"elementor-element elementor-element-7de49f1 elementor-widget elementor-widget-heading\" data-id=\"7de49f1\" data-element_type=\"widget\" data-e-type=\"widget\" data-widget_type=\"heading.default\">\n\t\t\t\t<div class=\"elementor-widget-container\">\n\t\t\t\t\t<h5 class=\"elementor-heading-title elementor-size-default\">Vad erbjuder Kurita Distributor-teamet?\n<\/h5>\t\t\t\t<\/div>\n\t\t\t\t<\/div>\n\t\t\t\t<div class=\"elementor-element elementor-element-3bb0c0eb elementor-widget elementor-widget-text-editor\" data-id=\"3bb0c0eb\" data-element_type=\"widget\" data-e-type=\"widget\" data-widget_type=\"text-editor.default\">\n\t\t\t\t<div class=\"elementor-widget-container\">\n\t\t\t\t\t\t\t\t\t<ul><li>All v\u00e5r kunskap och erfarenhet i till\u00e4gg till en stark lokal service.<\/li><\/ul>\t\t\t\t\t\t\t\t<\/div>\n\t\t\t\t<\/div>\n\t\t\t\t<div class=\"elementor-element elementor-element-e24021c elementor-widget elementor-widget-heading\" data-id=\"e24021c\" data-element_type=\"widget\" data-e-type=\"widget\" data-widget_type=\"heading.default\">\n\t\t\t\t<div class=\"elementor-widget-container\">\n\t\t\t\t\t<h5 class=\"elementor-heading-title elementor-size-default\">Varf\u00f6r bli en Kurita-distribut\u00f6r?<\/h5>\t\t\t\t<\/div>\n\t\t\t\t<\/div>\n\t\t\t\t<div class=\"elementor-element elementor-element-c995414 elementor-widget elementor-widget-text-editor\" data-id=\"c995414\" data-element_type=\"widget\" data-e-type=\"widget\" data-widget_type=\"text-editor.default\">\n\t\t\t\t<div class=\"elementor-widget-container\">\n\t\t\t\t\t\t\t\t\t<ul><li>V\u00e4rldsomsp\u00e4nnande distribut\u00f6rsn\u00e4tverk och internationella seminarier f\u00f6r att utbyta erfarenheter och uppt\u00e4cka nya marknader<\/li><li>Ett l\u00e5ngsiktigt partnerskap med ett ledande internationellt f\u00f6retag<\/li><\/ul>\t\t\t\t\t\t\t\t<\/div>\n\t\t\t\t<\/div>\n\t\t\t\t<div class=\"elementor-element elementor-element-48075a5 elementor-widget elementor-widget-heading\" data-id=\"48075a5\" data-element_type=\"widget\" data-e-type=\"widget\" data-widget_type=\"heading.default\">\n\t\t\t\t<div class=\"elementor-widget-container\">\n\t\t\t\t\t<h5 class=\"elementor-heading-title elementor-size-default\">Varf\u00f6r v\u00e4lja en Kurita-distribut\u00f6r som leverant\u00f6r av vattenbehandling?<\/h5>\t\t\t\t<\/div>\n\t\t\t\t<\/div>\n\t\t\t\t<div class=\"elementor-element elementor-element-2fb3eea4 elementor-widget elementor-widget-text-editor\" data-id=\"2fb3eea4\" data-element_type=\"widget\" data-e-type=\"widget\" data-widget_type=\"text-editor.default\">\n\t\t\t\t<div class=\"elementor-widget-container\">\n\t\t\t\t\t\t\t\t\t<p>Kunden drar nytta av b\u00e5de en internationell koncerns kunnande och teknik och en lokal tj\u00e4nsteleverant\u00f6rs anpassningsf\u00f6rm\u00e5ga. Tveka inte att kontakta v\u00e5ra kontor f\u00f6r att hitta v\u00e5rt distribut\u00f6rsn\u00e4tverk i ditt land eller din region eller\u00a0<a title=\"Kontakt\" href=\"https:\/\/www.kurita.eu\/se\/kontakta-oss\/\">Kontakta oss<\/a>.<\/p>\t\t\t\t\t\t\t\t<\/div>\n\t\t\t\t<\/div>\n\t\t\t\t\t<\/div>\n\t\t<\/div>\n\t\t\t\t\t<\/div>\n\t\t<\/section>\n\t\t\t\t<section class=\"elementor-section elementor-top-section elementor-element elementor-element-1132e4cb margin-content elementor-section-boxed elementor-section-height-default elementor-section-height-default\" data-id=\"1132e4cb\" data-element_type=\"section\" data-e-type=\"section\">\n\t\t\t\t\t\t<div class=\"elementor-container elementor-column-gap-default\">\n\t\t\t\t\t<div class=\"elementor-column elementor-col-100 elementor-top-column elementor-element elementor-element-57b9669\" data-id=\"57b9669\" data-element_type=\"column\" data-e-type=\"column\">\n\t\t\t<div class=\"elementor-widget-wrap elementor-element-populated\">\n\t\t\t\t\t\t<div class=\"elementor-element elementor-element-2dd99ee9 elementor-posts--thumbnail-none elementor-grid-3 elementor-grid-tablet-2 elementor-grid-mobile-1 elementor-card-shadow-yes elementor-posts__hover-gradient elementor-widget elementor-widget-posts\" data-id=\"2dd99ee9\" data-element_type=\"widget\" data-e-type=\"widget\" data-settings=\"{&quot;cards_columns&quot;:&quot;3&quot;,&quot;cards_columns_tablet&quot;:&quot;2&quot;,&quot;cards_columns_mobile&quot;:&quot;1&quot;,&quot;cards_row_gap&quot;:{&quot;unit&quot;:&quot;px&quot;,&quot;size&quot;:35,&quot;sizes&quot;:[]},&quot;cards_row_gap_widescreen&quot;:{&quot;unit&quot;:&quot;px&quot;,&quot;size&quot;:&quot;&quot;,&quot;sizes&quot;:[]},&quot;cards_row_gap_laptop&quot;:{&quot;unit&quot;:&quot;px&quot;,&quot;size&quot;:&quot;&quot;,&quot;sizes&quot;:[]},&quot;cards_row_gap_tablet&quot;:{&quot;unit&quot;:&quot;px&quot;,&quot;size&quot;:&quot;&quot;,&quot;sizes&quot;:[]},&quot;cards_row_gap_mobile&quot;:{&quot;unit&quot;:&quot;px&quot;,&quot;size&quot;:&quot;&quot;,&quot;sizes&quot;:[]}}\" data-widget_type=\"posts.cards\">\n\t\t\t\t<div class=\"elementor-widget-container\">\n\t\t\t\t\t\t\t<div class=\"elementor-posts-container elementor-posts elementor-posts--skin-cards elementor-grid\" role=\"list\">\n\t\t\t\t<article class=\"elementor-post elementor-grid-item post-13779 page type-page status-publish has-post-thumbnail hentry\" role=\"listitem\">\n\t\t\t<div class=\"elementor-post__card\">\n\t\t\t\t<div class=\"elementor-post__text\">\n\t\t\t\t<h4 class=\"elementor-post__title\">\n\t\t\t<a href=\"https:\/\/www.kurita.eu\/se\/process-treatment\/\" target=\"&quot;_blank&quot;\">\n\t\t\t\tProcessbehandling\t\t\t<\/a>\n\t\t<\/h4>\n\t\t\t\t<div class=\"elementor-post__excerpt\">\n\t\t\t<p>Process Technologies Individuella reningskoncept och kemiprogram f\u00f6r olika processer Utan oljeraffinaderier och petrokemiska anl\u00e4ggningar \u00e4r det idag sv\u00e5rt att f\u00f6rest\u00e4lla sig det moderna livet. Bensin, diesel, flygbr\u00e4nsle eller r\u00e5material som eten, styren eller butadien<\/p>\n\t\t<\/div>\n\t\t\t\t<\/div>\n\t\t\t\t\t<\/div>\n\t\t<\/article>\n\t\t\t\t<article class=\"elementor-post elementor-grid-item post-14484 page type-page status-publish hentry\" role=\"listitem\">\n\t\t\t<div class=\"elementor-post__card\">\n\t\t\t\t<div class=\"elementor-post__text\">\n\t\t\t\t<h4 class=\"elementor-post__title\">\n\t\t\t<a href=\"https:\/\/www.kurita.eu\/se\/water-treatment\/\" target=\"&quot;_blank&quot;\">\n\t\t\t\tVattenrening\t\t\t<\/a>\n\t\t<\/h4>\n\t\t\t\t<div class=\"elementor-post__excerpt\">\n\t\t\t<p>Vattenbehandling Individuella l\u00f6sningar f\u00f6r alla typer av vattensystem. Oavsett om du letar efter en l\u00f6sning p\u00e5 ett befintligt problem i ditt vattenreningsverk eller \u00e4r intresserad av att l\u00e4ra dig mer om olika s\u00e4tt att f\u00f6rb\u00e4ttra l\u00f6nsamheten<\/p>\n\t\t<\/div>\n\t\t\t\t<\/div>\n\t\t\t\t\t<\/div>\n\t\t<\/article>\n\t\t\t\t<\/div>\n\t\t\n\t\t\t\t\t\t<\/div>\n\t\t\t\t<\/div>\n\t\t\t\t\t<\/div>\n\t\t<\/div>\n\t\t\t\t\t<\/div>\n\t\t<\/section>\n\t\t\t\t<\/div>","protected":false},"excerpt":{"rendered":"<p>Kurita har ett n\u00e4ra samarbete med detaljhandelsf\u00f6retag i enlighet med en klart definierad distributionspolicy. Vi har etablerat starka partnerskap med dessa f\u00f6retag, som har visat sig vara seri\u00f6sa och kompetenta. <\/p>","protected":false},"author":2,"featured_media":13450,"parent":0,"menu_order":0,"comment_status":"closed","ping_status":"closed","template":"","meta":{"footnotes":""},"class_list":["post-13448","page","type-page","status-publish","has-post-thumbnail","hentry"],"_links":{"self":[{"href":"https:\/\/www.kurita.eu\/se\/wp-json\/wp\/v2\/pages\/13448","targetHints":{"allow":["GET"]}}],"collection":[{"href":"https:\/\/www.kurita.eu\/se\/wp-json\/wp\/v2\/pages"}],"about":[{"href":"https:\/\/www.kurita.eu\/se\/wp-json\/wp\/v2\/types\/page"}],"author":[{"embeddable":true,"href":"https:\/\/www.kurita.eu\/se\/wp-json\/wp\/v2\/users\/2"}],"replies":[{"embeddable":true,"href":"https:\/\/www.kurita.eu\/se\/wp-json\/wp\/v2\/comments?post=13448"}],"version-history":[{"count":20,"href":"https:\/\/www.kurita.eu\/se\/wp-json\/wp\/v2\/pages\/13448\/revisions"}],"predecessor-version":[{"id":20267,"href":"https:\/\/www.kurita.eu\/se\/wp-json\/wp\/v2\/pages\/13448\/revisions\/20267"}],"wp:featuredmedia":[{"embeddable":true,"href":"https:\/\/www.kurita.eu\/se\/wp-json\/wp\/v2\/media\/13450"}],"wp:attachment":[{"href":"https:\/\/www.kurita.eu\/se\/wp-json\/wp\/v2\/media?parent=13448"}],"curies":[{"name":"wp","href":"https:\/\/api.w.org\/{rel}","templated":true}]}}