{"id":14051,"date":"2025-04-24T14:34:28","date_gmt":"2025-04-24T14:34:28","guid":{"rendered":"https:\/\/kurita-eu-gudza2cjbzfhcwbx.francecentral-01.azurewebsites.net\/?page_id=14051"},"modified":"2026-01-20T14:16:33","modified_gmt":"2026-01-20T14:16:33","slug":"ferrodor","status":"publish","type":"page","link":"https:\/\/www.kurita.eu\/se\/solutions\/ferrodor\/","title":{"rendered":"Ferrodor"},"content":{"rendered":"<div data-elementor-type=\"wp-page\" data-elementor-id=\"14051\" class=\"elementor elementor-14051\" data-elementor-post-type=\"page\">\n\t\t\t\t\t\t<section class=\"elementor-section elementor-top-section elementor-element elementor-element-4151199d elementor-section-full_width elementor-section-height-default elementor-section-height-default\" data-id=\"4151199d\" data-element_type=\"section\" data-e-type=\"section\">\n\t\t\t\t\t\t<div class=\"elementor-container elementor-column-gap-default\">\n\t\t\t\t\t<div class=\"elementor-column elementor-col-100 elementor-top-column elementor-element elementor-element-7efe2418\" data-id=\"7efe2418\" data-element_type=\"column\" data-e-type=\"column\">\n\t\t\t<div class=\"elementor-widget-wrap elementor-element-populated\">\n\t\t\t\t\t\t<div class=\"elementor-element elementor-element-794cd158 elementor--h-position-center elementor--v-position-middle elementor-arrows-position-inside elementor-pagination-position-inside elementor-widget elementor-widget-slides\" data-id=\"794cd158\" data-element_type=\"widget\" data-e-type=\"widget\" data-settings=\"{&quot;navigation&quot;:&quot;both&quot;,&quot;autoplay&quot;:&quot;yes&quot;,&quot;pause_on_hover&quot;:&quot;yes&quot;,&quot;pause_on_interaction&quot;:&quot;yes&quot;,&quot;autoplay_speed&quot;:5000,&quot;infinite&quot;:&quot;yes&quot;,&quot;transition&quot;:&quot;slide&quot;,&quot;transition_speed&quot;:500}\" data-widget_type=\"slides.default\">\n\t\t\t\t<div class=\"elementor-widget-container\">\n\t\t\t\t\t\t\t\t\t<div class=\"elementor-swiper\">\n\t\t\t\t\t<div class=\"elementor-slides-wrapper elementor-main-swiper swiper\" role=\"region\" aria-roledescription=\"carousel\" aria-label=\"Diabilder\" dir=\"ltr\" data-animation=\"fadeInUp\">\n\t\t\t\t<div class=\"swiper-wrapper elementor-slides\">\n\t\t\t\t\t\t\t\t\t\t<div class=\"elementor-repeater-item-4e0b9f7 swiper-slide\" role=\"group\" aria-roledescription=\"slide\"><div class=\"swiper-slide-bg elementor-ken-burns elementor-ken-burns--in\" role=\"img\" aria-label=\"Till\u00e4mpningar_Vattenbehandling-401e7d4b-1.jpg\"><\/div><div class=\"elementor-background-overlay\"><\/div><div class=\"swiper-slide-inner\" ><div class=\"swiper-slide-contents\"><h1 class=\"elementor-slide-heading\">Ferrodor<\/h1><\/div><\/div><\/div>\t\t\t\t<\/div>\n\t\t\t\t\t\t\t<\/div>\n\t\t\t\t<\/div>\n\t\t\t\t\t\t\t\t<\/div>\n\t\t\t\t<\/div>\n\t\t\t\t\t<\/div>\n\t\t<\/div>\n\t\t\t\t\t<\/div>\n\t\t<\/section>\n\t\t\t\t<section class=\"elementor-section elementor-top-section elementor-element elementor-element-783d662f elementor-section-boxed elementor-section-height-default elementor-section-height-default\" data-id=\"783d662f\" data-element_type=\"section\" data-e-type=\"section\">\n\t\t\t\t\t\t<div class=\"elementor-container elementor-column-gap-default\">\n\t\t\t\t\t<div class=\"elementor-column elementor-col-66 elementor-top-column elementor-element elementor-element-6fff2fd margin-content\" data-id=\"6fff2fd\" data-element_type=\"column\" data-e-type=\"column\">\n\t\t\t<div class=\"elementor-widget-wrap elementor-element-populated\">\n\t\t\t\t\t\t<div class=\"elementor-element elementor-element-755eca0d elementor-widget elementor-widget-heading\" data-id=\"755eca0d\" data-element_type=\"widget\" data-e-type=\"widget\" data-widget_type=\"heading.default\">\n\t\t\t\t<div class=\"elementor-widget-container\">\n\t\t\t\t\t<h2 class=\"elementor-heading-title elementor-size-default\">Ferrodor\u00ae - F\u00f6r att s\u00e4kerst\u00e4lla en smidig drift av simbass\u00e4ngen<\/h2>\t\t\t\t<\/div>\n\t\t\t\t<\/div>\n\t\t\t\t<div class=\"elementor-element elementor-element-290d544 elementor-invisible elementor-widget elementor-widget-text-editor\" data-id=\"290d544\" data-element_type=\"widget\" data-e-type=\"widget\" data-settings=\"{&quot;_animation&quot;:&quot;fadeInUp&quot;}\" data-widget_type=\"text-editor.default\">\n\t\t\t\t<div class=\"elementor-widget-container\">\n\t\t\t\t\t\t\t\t\tKuritas omfattande och innovativa teknik f\u00f6r behandling av simbass\u00e4nger erbjuder ett brett sortiment av produkter.\n\nVattenrening f\u00f6r simbass\u00e4nger har tv\u00e5 utmaningar:<\/p>\n<ul>\n \t<li>Hygien f\u00f6r simmare<\/li>\n \t<li>Vattnets klarhet<\/li>\n<\/ul><\/p>\n<p>V\u00e5r\u00a0<strong>Ferrodor<sup>\u00ae<\/sup><\/strong>\u00a0Produktsortimentet omfattar f\u00f6ljande typer av produkter:\n<ul>\n \t<li>Desinfektionsmedel: klorbaserade desinfektionsmedel och algbek\u00e4mpningsmedel f\u00f6r hygien. Dessa produkter i tablett-, granulat- och v\u00e4tskeform ger kontinuerlig eller chockklorering.<\/li>\n \t<li>pH-reglerare: Alkaliska flytande produkter och oorganiska syror i v\u00e4tske- och pulverform f\u00f6r reglering av pH-v\u00e4rdet.<\/li>\n \t<li>Koaguleringsmedel-flockningsmedel: flytande produkter som ger klart vatten genom att f\u00e4lla ut suspenderade fasta \u00e4mnen, organiska oljor och silikater s\u00e5 att de kan elimineras i filter.<\/li>\n \t<li>Kompletterande kemikalier f\u00f6r bevarande av poolen under vintertid. F\u00f6rebyggande av grumlighet och kalkavlagringar p\u00e5 grund av vattnets h\u00e5rdhet. F\u00f6r borttagning av kalk, olja och andra f\u00f6roreningar tillhandah\u00e5ller vi filter- och ytreng\u00f6ringsmedel.<\/li>\n<\/ul><\/p>\n<p><strong>Lystring!<\/strong>\u00a0Anv\u00e4nd biocider p\u00e5 ett s\u00e4kert s\u00e4tt. L\u00e4s alltid etiketten och produktinformationen f\u00f6re anv\u00e4ndning.\t\t\t\t\t\t\t\t<\/div>\n\t\t\t\t<\/div>\n\t\t\t\t\t<\/div>\n\t\t<\/div>\n\t\t\t\t<div class=\"elementor-column elementor-col-33 elementor-top-column elementor-element elementor-element-5a193e24 margin-content\" data-id=\"5a193e24\" data-element_type=\"column\" data-e-type=\"column\">\n\t\t\t<div class=\"elementor-widget-wrap elementor-element-populated\">\n\t\t\t\t\t\t<div class=\"elementor-element elementor-element-2b8f27b1 elementor-invisible elementor-widget elementor-widget-image\" data-id=\"2b8f27b1\" data-element_type=\"widget\" data-e-type=\"widget\" data-settings=\"{&quot;_animation&quot;:&quot;fadeIn&quot;}\" data-widget_type=\"image.default\">\n\t\t\t\t<div class=\"elementor-widget-container\">\n\t\t\t\t\t\t\t\t\t\t\t\t\t\t\t<img fetchpriority=\"high\" decoding=\"async\" width=\"350\" height=\"299\" src=\"\/wp-content\/uploads\/2025\/04\/Stamp-Kurita-PATENTED-SOLUTION-0e304df3.png\" class=\"attachment-large size-large wp-image-12806\" alt=\"\" srcset=\"\/wp-content\/uploads\/2025\/04\/Stamp-Kurita-PATENTED-SOLUTION-0e304df3.png 350w, \/wp-content\/uploads\/2025\/04\/Stamp-Kurita-PATENTED-SOLUTION-0e304df3-300x256.png 300w\" sizes=\"(max-width: 350px) 100vw, 350px\" data-no-translation=\"\" \/>\t\t\t\t\t\t\t\t\t\t\t\t\t\t\t<\/div>\n\t\t\t\t<\/div>\n\t\t\t\t\t<\/div>\n\t\t<\/div>\n\t\t\t\t\t<\/div>\n\t\t<\/section>\n\t\t\t\t<section class=\"elementor-section elementor-top-section elementor-element elementor-element-55fad4a6 elementor-section-boxed elementor-section-height-default elementor-section-height-default\" data-id=\"55fad4a6\" data-element_type=\"section\" data-e-type=\"section\" data-settings=\"{&quot;background_background&quot;:&quot;classic&quot;}\">\n\t\t\t\t\t\t<div class=\"elementor-container elementor-column-gap-default\">\n\t\t\t\t\t<div class=\"elementor-column elementor-col-100 elementor-top-column elementor-element elementor-element-455c3f56 margin-content\" data-id=\"455c3f56\" data-element_type=\"column\" data-e-type=\"column\">\n\t\t\t<div class=\"elementor-widget-wrap elementor-element-populated\">\n\t\t\t\t\t\t<div class=\"elementor-element elementor-element-57d221ba elementor-widget elementor-widget-heading\" data-id=\"57d221ba\" data-element_type=\"widget\" data-e-type=\"widget\" data-widget_type=\"heading.default\">\n\t\t\t\t<div class=\"elementor-widget-container\">\n\t\t\t\t\t<h2 class=\"elementor-heading-title elementor-size-default\">Vi st\u00e5r till tj\u00e4nst f\u00f6r dig<\/h2>\t\t\t\t<\/div>\n\t\t\t\t<\/div>\n\t\t\t\t<div class=\"elementor-element elementor-element-3168d0e4 elementor-widget elementor-widget-html\" data-id=\"3168d0e4\" data-element_type=\"widget\" data-e-type=\"widget\" data-widget_type=\"html.default\">\n\t\t\t\t<div class=\"elementor-widget-container\">\n\t\t\t\t\t<div\r\n        data-form-id='f4d0a8e4-73ce-ef11-b8e8-000d3ab41b62'\r\n        data-form-api-url='https:\/\/public-eur.mkt.dynamics.com\/api\/v1.0\/orgs\/30cac5a2-33f9-ed11-a66d-000d3a64d748\/landingpageforms'\r\n        data-cached-form-url='https:\/\/assets-eur.mkt.dynamics.com\/30cac5a2-33f9-ed11-a66d-000d3a64d748\/digitalassets\/forms\/f4d0a8e4-73ce-ef11-b8e8-000d3ab41b62' ><\/div>\r\n        <script src = 'https:\/\/cxppusa1formui01cdnsa01-endpoint.azureedge.net\/eur\/FormLoader\/FormLoader.bundle.js' ><\/script>\r\n        <script>document.documentElement.lang = navigator.language;<\/script>\t\t\t\t<\/div>\n\t\t\t\t<\/div>\n\t\t\t\t\t<\/div>\n\t\t<\/div>\n\t\t\t\t\t<\/div>\n\t\t<\/section>\n\t\t\t\t<\/div>","protected":false},"excerpt":{"rendered":"<p>Ferrodor\u00ae Ferrodor\u00ae \u2013 To ensure a smooth swimming pool operation Kurita\u2019s comprehensive and innovative technology for swimming pool treatment offers a broad range of products. Water treatment for swimming pools has two challenges: Hygiene for swimmers Clarity of the water Our\u00a0Ferrodor\u00ae\u00a0product range comprises the following types of products: Disinfectants: chlorine-based disinfectants and algaecides for hygiene. [&hellip;]<\/p>\n","protected":false},"author":2,"featured_media":0,"parent":13875,"menu_order":0,"comment_status":"closed","ping_status":"closed","template":"","meta":{"footnotes":""},"class_list":["post-14051","page","type-page","status-publish","hentry"],"yoast_head":"<!-- This site is optimized with the Yoast SEO plugin v27.3 - https:\/\/yoast.com\/product\/yoast-seo-wordpress\/ -->\n<title>Ferrodor\u00ae - Kurita Europe<\/title>\n<meta name=\"description\" content=\"Ferrodor\u00ae offers advanced swimming pool water treatment solutions, including disinfectants, pH regulators, and seasonal maintenance products.\" \/>\n<meta name=\"robots\" content=\"index, follow, max-snippet:-1, max-image-preview:large, max-video-preview:-1\" \/>\n<link rel=\"canonical\" href=\"https:\/\/www.kurita.eu\/se\/losningar\/ferrodor\/\" \/>\n<meta property=\"og:locale\" content=\"sv_SE\" \/>\n<meta property=\"og:type\" content=\"article\" \/>\n<meta property=\"og:title\" content=\"Ferrodor\u00ae - Kurita Europe\" \/>\n<meta property=\"og:description\" content=\"Ferrodor\u00ae offers advanced swimming pool water treatment solutions, including disinfectants, pH regulators, and seasonal maintenance products.\" \/>\n<meta property=\"og:url\" content=\"https:\/\/www.kurita.eu\/se\/losningar\/ferrodor\/\" \/>\n<meta property=\"og:site_name\" content=\"Kurita Europe\" \/>\n<meta property=\"article:modified_time\" content=\"2026-01-20T14:16:33+00:00\" \/>\n<meta property=\"og:image\" content=\"https:\/\/www.kurita.eu\/wp-content\/uploads\/2025\/07\/kurita-favicon-512x512-1.png\" \/>\n\t<meta property=\"og:image:width\" content=\"512\" \/>\n\t<meta property=\"og:image:height\" content=\"512\" \/>\n\t<meta property=\"og:image:type\" content=\"image\/png\" \/>\n<meta name=\"twitter:card\" content=\"summary_large_image\" \/>\n<meta name=\"twitter:site\" content=\"@KuritaGlobal\" \/>\n<meta name=\"twitter:label1\" content=\"Ber\u00e4knad l\u00e4stid\" \/>\n\t<meta name=\"twitter:data1\" content=\"3 minuter\" \/>\n<script type=\"application\/ld+json\" class=\"yoast-schema-graph\">{\"@context\":\"https:\\\/\\\/schema.org\",\"@graph\":[{\"@type\":\"WebPage\",\"@id\":\"https:\\\/\\\/www.kurita.eu\\\/pl\\\/rozwiazania\\\/ferrodor\\\/\",\"url\":\"https:\\\/\\\/www.kurita.eu\\\/pl\\\/rozwiazania\\\/ferrodor\\\/\",\"name\":\"Ferrodor\u00ae - Kurita Europe\",\"isPartOf\":{\"@id\":\"https:\\\/\\\/www.kurita.eu\\\/se\\\/#website\"},\"datePublished\":\"2025-04-24T14:34:28+00:00\",\"dateModified\":\"2026-01-20T14:16:33+00:00\",\"description\":\"Ferrodor\u00ae offers advanced swimming pool water treatment solutions, including disinfectants, pH regulators, and seasonal maintenance products.\",\"breadcrumb\":{\"@id\":\"https:\\\/\\\/www.kurita.eu\\\/pl\\\/rozwiazania\\\/ferrodor\\\/#breadcrumb\"},\"inLanguage\":\"sv-SE\",\"potentialAction\":[{\"@type\":\"ReadAction\",\"target\":[\"https:\\\/\\\/www.kurita.eu\\\/pl\\\/rozwiazania\\\/ferrodor\\\/\"]}]},{\"@type\":\"BreadcrumbList\",\"@id\":\"https:\\\/\\\/www.kurita.eu\\\/pl\\\/rozwiazania\\\/ferrodor\\\/#breadcrumb\",\"itemListElement\":[{\"@type\":\"ListItem\",\"position\":1,\"name\":\"Home\",\"item\":\"https:\\\/\\\/www.kurita.eu\\\/de\\\/\"},{\"@type\":\"ListItem\",\"position\":2,\"name\":\"Solutions\",\"item\":\"https:\\\/\\\/www.kurita.eu\\\/se\\\/losningar\\\/\"},{\"@type\":\"ListItem\",\"position\":3,\"name\":\"Ferrodor\u00ae\"}]},{\"@type\":\"WebSite\",\"@id\":\"https:\\\/\\\/www.kurita.eu\\\/se\\\/#website\",\"url\":\"https:\\\/\\\/www.kurita.eu\\\/se\\\/\",\"name\":\"Kurita Europe\",\"description\":\"Water Treatment Solutions\",\"publisher\":{\"@id\":\"https:\\\/\\\/www.kurita.eu\\\/se\\\/#organization\"},\"potentialAction\":[{\"@type\":\"SearchAction\",\"target\":{\"@type\":\"EntryPoint\",\"urlTemplate\":\"https:\\\/\\\/www.kurita.eu\\\/se\\\/?s={search_term_string}\"},\"query-input\":{\"@type\":\"PropertyValueSpecification\",\"valueRequired\":true,\"valueName\":\"search_term_string\"}}],\"inLanguage\":\"sv-SE\"},{\"@type\":\"Organization\",\"@id\":\"https:\\\/\\\/www.kurita.eu\\\/se\\\/#organization\",\"name\":\"Kurita Europe\",\"url\":\"https:\\\/\\\/www.kurita.eu\\\/se\\\/\",\"logo\":{\"@type\":\"ImageObject\",\"inLanguage\":\"sv-SE\",\"@id\":\"https:\\\/\\\/www.kurita.eu\\\/se\\\/#\\\/schema\\\/logo\\\/image\\\/\",\"url\":\"\\\/wp-content\\\/uploads\\\/2025\\\/05\\\/cropped-brand_mark_horizon_blue.png\",\"contentUrl\":\"\\\/wp-content\\\/uploads\\\/2025\\\/05\\\/cropped-brand_mark_horizon_blue.png\",\"width\":712,\"height\":204,\"caption\":\"Kurita Europe\"},\"image\":{\"@id\":\"https:\\\/\\\/www.kurita.eu\\\/se\\\/#\\\/schema\\\/logo\\\/image\\\/\"},\"sameAs\":[\"https:\\\/\\\/x.com\\\/KuritaGlobal\",\"https:\\\/\\\/www.linkedin.com\\\/company\\\/kurita\\\/\"]}]}<\/script>\n<!-- \/ Yoast SEO plugin. -->","yoast_head_json":{"title":"Ferrodor\u00ae - Kurita Europa","description":"Ferrodor\u00ae erbjuder avancerade l\u00f6sningar f\u00f6r vattenbehandling i simbass\u00e4nger, inklusive desinfektionsmedel, pH-regulatorer och s\u00e4songsunderh\u00e5llsprodukter.","robots":{"index":"index","follow":"follow","max-snippet":"max-snippet:-1","max-image-preview":"max-image-preview:large","max-video-preview":"max-video-preview:-1"},"canonical":"https:\/\/www.kurita.eu\/se\/losningar\/ferrodor\/","og_locale":"sv_SE","og_type":"article","og_title":"Ferrodor\u00ae - Kurita Europe","og_description":"Ferrodor\u00ae offers advanced swimming pool water treatment solutions, including disinfectants, pH regulators, and seasonal maintenance products.","og_url":"https:\/\/www.kurita.eu\/se\/losningar\/ferrodor\/","og_site_name":"Kurita Europe","article_modified_time":"2026-01-20T14:16:33+00:00","og_image":[{"width":512,"height":512,"url":"https:\/\/www.kurita.eu\/wp-content\/uploads\/2025\/07\/kurita-favicon-512x512-1.png","type":"image\/png"}],"twitter_card":"summary_large_image","twitter_site":"@KuritaGlobal","twitter_misc":{"Ber\u00e4knad l\u00e4stid":"3 minuter"},"schema":{"@context":"https:\/\/schema.org","@graph":[{"@type":"WebPage","@id":"https:\/\/www.kurita.eu\/pl\/rozwiazania\/ferrodor\/","url":"https:\/\/www.kurita.eu\/pl\/rozwiazania\/ferrodor\/","name":"Ferrodor\u00ae - Kurita Europa","isPartOf":{"@id":"https:\/\/www.kurita.eu\/se\/#website"},"datePublished":"2025-04-24T14:34:28+00:00","dateModified":"2026-01-20T14:16:33+00:00","description":"Ferrodor\u00ae erbjuder avancerade l\u00f6sningar f\u00f6r vattenbehandling i simbass\u00e4nger, inklusive desinfektionsmedel, pH-regulatorer och s\u00e4songsunderh\u00e5llsprodukter.","breadcrumb":{"@id":"https:\/\/www.kurita.eu\/pl\/rozwiazania\/ferrodor\/#breadcrumb"},"inLanguage":"sv-SE","potentialAction":[{"@type":"ReadAction","target":["https:\/\/www.kurita.eu\/pl\/rozwiazania\/ferrodor\/"]}]},{"@type":"BreadcrumbList","@id":"https:\/\/www.kurita.eu\/pl\/rozwiazania\/ferrodor\/#breadcrumb","itemListElement":[{"@type":"ListItem","position":1,"name":"Home","item":"https:\/\/www.kurita.eu\/de\/"},{"@type":"ListItem","position":2,"name":"Solutions","item":"https:\/\/www.kurita.eu\/se\/losningar\/"},{"@type":"ListItem","position":3,"name":"Ferrodor\u00ae"}]},{"@type":"WebSite","@id":"https:\/\/www.kurita.eu\/se\/#website","url":"https:\/\/www.kurita.eu\/se\/","name":"Kurita Europa","description":"L\u00f6sningar f\u00f6r vattenbehandling","publisher":{"@id":"https:\/\/www.kurita.eu\/se\/#organization"},"potentialAction":[{"@type":"SearchAction","target":{"@type":"EntryPoint","urlTemplate":"https:\/\/www.kurita.eu\/se\/?s={search_term_string}"},"query-input":{"@type":"PropertyValueSpecification","valueRequired":true,"valueName":"search_term_string"}}],"inLanguage":"sv-SE"},{"@type":"Organization","@id":"https:\/\/www.kurita.eu\/se\/#organization","name":"Kurita Europa","url":"https:\/\/www.kurita.eu\/se\/","logo":{"@type":"ImageObject","inLanguage":"sv-SE","@id":"https:\/\/www.kurita.eu\/se\/#\/schema\/logo\/image\/","url":"\/wp-content\/uploads\/2025\/05\/cropped-brand_mark_horizon_blue.png","contentUrl":"\/wp-content\/uploads\/2025\/05\/cropped-brand_mark_horizon_blue.png","width":712,"height":204,"caption":"Kurita Europe"},"image":{"@id":"https:\/\/www.kurita.eu\/se\/#\/schema\/logo\/image\/"},"sameAs":["https:\/\/x.com\/KuritaGlobal","https:\/\/www.linkedin.com\/company\/kurita\/"]}]}},"_links":{"self":[{"href":"https:\/\/www.kurita.eu\/se\/wp-json\/wp\/v2\/pages\/14051","targetHints":{"allow":["GET"]}}],"collection":[{"href":"https:\/\/www.kurita.eu\/se\/wp-json\/wp\/v2\/pages"}],"about":[{"href":"https:\/\/www.kurita.eu\/se\/wp-json\/wp\/v2\/types\/page"}],"author":[{"embeddable":true,"href":"https:\/\/www.kurita.eu\/se\/wp-json\/wp\/v2\/users\/2"}],"replies":[{"embeddable":true,"href":"https:\/\/www.kurita.eu\/se\/wp-json\/wp\/v2\/comments?post=14051"}],"version-history":[{"count":7,"href":"https:\/\/www.kurita.eu\/se\/wp-json\/wp\/v2\/pages\/14051\/revisions"}],"predecessor-version":[{"id":19282,"href":"https:\/\/www.kurita.eu\/se\/wp-json\/wp\/v2\/pages\/14051\/revisions\/19282"}],"up":[{"embeddable":true,"href":"https:\/\/www.kurita.eu\/se\/wp-json\/wp\/v2\/pages\/13875"}],"wp:attachment":[{"href":"https:\/\/www.kurita.eu\/se\/wp-json\/wp\/v2\/media?parent=14051"}],"curies":[{"name":"wp","href":"https:\/\/api.w.org\/{rel}","templated":true}]}}